{"id":10018,"date":"2022-03-14T21:18:51","date_gmt":"2022-03-14T20:18:51","guid":{"rendered":"https:\/\/www.guhalg.com\/wordpress\/?page_id=10018"},"modified":"2022-03-14T21:55:05","modified_gmt":"2022-03-14T20:55:05","slug":"die-anreise-und-der-erste-tag","status":"publish","type":"page","link":"https:\/\/www.guhalg.com\/wordpress\/?page_id=10018","title":{"rendered":"Die Anreise und der erste Tag"},"content":{"rendered":"\n<p>Die Anreise nach Istanbul war dieses Mal zweigeteilt. Chrischi war aufgrund einer Messe schon in Istanbul und Horst ist dann am letzten Messetag nachgekommen. Da dieser auf einen Freitag fiel, brauchten wir beide somit nur den Montag Urlaub nehmen, um ganze drei Tage entspannen zu k\u00f6nnen. Auch das Packen f\u00fcr drei Tage Istanbul ist ganz einfach. Horst brauchte inkl. der Spiegelreflexkamera nur seinen Handgep\u00e4ckrucksack. Er ist am Freitag direkt von der Arbeit zum Flughafen gefahren und war um Mitternacht im Hotel in Istanbul. Am n\u00e4chsten Morgen sind wir noch in ein g\u00fcnstigeres Hotel gezogen und gleich danach ging es auch schon los mit unserem Programm. Dieses Mal erstmalig mit einem Fisheye bewaffnet. Das ist ein besonderes Weitwinkelobjektiv f\u00fcr die Kamera und erm\u00f6glicht auch in begrenzten R\u00e4umlichkeiten einen gro\u00dfen Blickwinkel.<\/p>\n\n\n\n<p>In 2009 haben wir unseren Besuch mit der Besichtigung der Beyazit Moschee (<a rel=\"noreferrer noopener\" href=\"http:\/\/de.wikipedia.org\/wiki\/Beyaz%C4%B1t-Moschee\" target=\"_blank\">Beyazit camii<\/a>) abgeschlossen und diesmal unserem Besuch mit der Besichtigung einer weiteren Moschee, der <a rel=\"noreferrer noopener\" href=\"http:\/\/de.wikipedia.org\/wiki\/S%C3%BCleymaniye_Camii\" target=\"_blank\">S\u00fcleymaniye-Moschee<\/a> begonnen.<\/p>\n\n\n\n<div class=\"wp-block-image\"><figure class=\"aligncenter size-full\"><a href=\"https:\/\/www.guhalg.com\/wordpress\/wp-content\/uploads\/Reisen\/Istanbul2012\/Reise\/DSC03278_P.jpg\"><img loading=\"lazy\" decoding=\"async\" width=\"804\" height=\"1024\" src=\"https:\/\/www.guhalg.com\/wordpress\/wp-content\/uploads\/Reisen\/Istanbul2012\/Reise\/DSC03278_P.jpg\" alt=\"S\u00fcleymaniye-Moschee\" class=\"wp-image-9952\" srcset=\"https:\/\/www.guhalg.com\/wordpress\/wp-content\/uploads\/Reisen\/Istanbul2012\/Reise\/DSC03278_P.jpg 804w, https:\/\/www.guhalg.com\/wordpress\/wp-content\/uploads\/Reisen\/Istanbul2012\/Reise\/DSC03278_P-236x300.jpg 236w, https:\/\/www.guhalg.com\/wordpress\/wp-content\/uploads\/Reisen\/Istanbul2012\/Reise\/DSC03278_P-768x978.jpg 768w\" sizes=\"auto, (max-width: 804px) 100vw, 804px\" \/><\/a><figcaption>S\u00fcleymaniye-Moschee<\/figcaption><\/figure><\/div>\n\n\n\n<p>Beeindruckend gro\u00df und zum Wasser hin von einem Garten mit sch\u00f6ner Aussicht umgeben \u2013 Istanbul hatte uns wieder gefangen.<\/p>\n\n\n\n<figure class=\"wp-block-gallery has-nested-images columns-5 is-cropped wp-block-gallery-1 is-layout-flex wp-block-gallery-is-layout-flex\">\n<figure class=\"wp-block-image size-large\"><img loading=\"lazy\" decoding=\"async\" width=\"1024\" height=\"575\" data-id=\"9947\" src=\"https:\/\/www.guhalg.com\/wordpress\/wp-content\/uploads\/Reisen\/Istanbul2012\/Reise\/DSC03243.jpg\" alt=\"\" class=\"wp-image-9947\" srcset=\"https:\/\/www.guhalg.com\/wordpress\/wp-content\/uploads\/Reisen\/Istanbul2012\/Reise\/DSC03243.jpg 1024w, https:\/\/www.guhalg.com\/wordpress\/wp-content\/uploads\/Reisen\/Istanbul2012\/Reise\/DSC03243-300x168.jpg 300w, https:\/\/www.guhalg.com\/wordpress\/wp-content\/uploads\/Reisen\/Istanbul2012\/Reise\/DSC03243-768x431.jpg 768w, https:\/\/www.guhalg.com\/wordpress\/wp-content\/uploads\/Reisen\/Istanbul2012\/Reise\/DSC03243-480x270.jpg 480w\" sizes=\"auto, (max-width: 1024px) 100vw, 1024px\" \/><\/figure>\n\n\n\n<figure class=\"wp-block-image size-large\"><img loading=\"lazy\" decoding=\"async\" width=\"1024\" height=\"575\" data-id=\"9948\" src=\"https:\/\/www.guhalg.com\/wordpress\/wp-content\/uploads\/Reisen\/Istanbul2012\/Reise\/DSC03251.jpg\" alt=\"\" class=\"wp-image-9948\" srcset=\"https:\/\/www.guhalg.com\/wordpress\/wp-content\/uploads\/Reisen\/Istanbul2012\/Reise\/DSC03251.jpg 1024w, https:\/\/www.guhalg.com\/wordpress\/wp-content\/uploads\/Reisen\/Istanbul2012\/Reise\/DSC03251-300x168.jpg 300w, https:\/\/www.guhalg.com\/wordpress\/wp-content\/uploads\/Reisen\/Istanbul2012\/Reise\/DSC03251-768x431.jpg 768w, https:\/\/www.guhalg.com\/wordpress\/wp-content\/uploads\/Reisen\/Istanbul2012\/Reise\/DSC03251-480x270.jpg 480w\" sizes=\"auto, (max-width: 1024px) 100vw, 1024px\" \/><\/figure>\n\n\n\n<figure class=\"wp-block-image size-large\"><img loading=\"lazy\" decoding=\"async\" width=\"1024\" height=\"575\" data-id=\"9950\" src=\"https:\/\/www.guhalg.com\/wordpress\/wp-content\/uploads\/Reisen\/Istanbul2012\/Reise\/DSC03269.jpg\" alt=\"\" class=\"wp-image-9950\" srcset=\"https:\/\/www.guhalg.com\/wordpress\/wp-content\/uploads\/Reisen\/Istanbul2012\/Reise\/DSC03269.jpg 1024w, https:\/\/www.guhalg.com\/wordpress\/wp-content\/uploads\/Reisen\/Istanbul2012\/Reise\/DSC03269-300x168.jpg 300w, https:\/\/www.guhalg.com\/wordpress\/wp-content\/uploads\/Reisen\/Istanbul2012\/Reise\/DSC03269-768x431.jpg 768w, https:\/\/www.guhalg.com\/wordpress\/wp-content\/uploads\/Reisen\/Istanbul2012\/Reise\/DSC03269-480x270.jpg 480w\" sizes=\"auto, (max-width: 1024px) 100vw, 1024px\" \/><\/figure>\n\n\n\n<figure class=\"wp-block-image size-large\"><img loading=\"lazy\" decoding=\"async\" width=\"1024\" height=\"575\" data-id=\"9949\" src=\"https:\/\/www.guhalg.com\/wordpress\/wp-content\/uploads\/Reisen\/Istanbul2012\/Reise\/DSC03267.jpg\" alt=\"\" class=\"wp-image-9949\" srcset=\"https:\/\/www.guhalg.com\/wordpress\/wp-content\/uploads\/Reisen\/Istanbul2012\/Reise\/DSC03267.jpg 1024w, https:\/\/www.guhalg.com\/wordpress\/wp-content\/uploads\/Reisen\/Istanbul2012\/Reise\/DSC03267-300x168.jpg 300w, https:\/\/www.guhalg.com\/wordpress\/wp-content\/uploads\/Reisen\/Istanbul2012\/Reise\/DSC03267-768x431.jpg 768w, https:\/\/www.guhalg.com\/wordpress\/wp-content\/uploads\/Reisen\/Istanbul2012\/Reise\/DSC03267-480x270.jpg 480w\" sizes=\"auto, (max-width: 1024px) 100vw, 1024px\" \/><\/figure>\n\n\n\n<figure class=\"wp-block-image size-large\"><img loading=\"lazy\" decoding=\"async\" width=\"1024\" height=\"575\" data-id=\"9951\" src=\"https:\/\/www.guhalg.com\/wordpress\/wp-content\/uploads\/Reisen\/Istanbul2012\/Reise\/DSC03273.jpg\" alt=\"\" class=\"wp-image-9951\" srcset=\"https:\/\/www.guhalg.com\/wordpress\/wp-content\/uploads\/Reisen\/Istanbul2012\/Reise\/DSC03273.jpg 1024w, https:\/\/www.guhalg.com\/wordpress\/wp-content\/uploads\/Reisen\/Istanbul2012\/Reise\/DSC03273-300x168.jpg 300w, https:\/\/www.guhalg.com\/wordpress\/wp-content\/uploads\/Reisen\/Istanbul2012\/Reise\/DSC03273-768x431.jpg 768w, https:\/\/www.guhalg.com\/wordpress\/wp-content\/uploads\/Reisen\/Istanbul2012\/Reise\/DSC03273-480x270.jpg 480w\" sizes=\"auto, (max-width: 1024px) 100vw, 1024px\" \/><\/figure>\n<\/figure>\n\n\n\n<p>Aber was w\u00e4re die Stadt ohne ihre Basare? Auch dieses Mal sind wir wieder durch die Basare geschlendert und haben den orientalischen Trubel und die gleichzeitige Gelassenheit auf uns wirken lassen. Es gab wie immer viel zu entdecken und einige der Bilder haben wir auch f\u00fcr euch bereitgestellt: <a href=\"https:\/\/www.guhalg.com\/wordpress\/?page_id=10082\" data-type=\"page\" data-id=\"10082\">Basare in Istanbul<\/a>. Den Abschluss f\u00fcr den ersten Tag bildete dann das Abendessen in dem Bahnhof <a rel=\"noreferrer noopener\" href=\"http:\/\/de.wikipedia.org\/wiki\/Bahnhof_Istanbul_Sirkeci\" target=\"_blank\">Sirkeci<\/a>, dem Endpunkt des damaligen <a rel=\"noreferrer noopener\" href=\"http:\/\/de.wikipedia.org\/wiki\/Orient_Express\" target=\"_blank\">Orient-Express<\/a>. Hier ging unser erster Tag mit einem guten Essen in stilvoller nostalgischer Atmosph\u00e4re zu Ende.<\/p>\n\n\n\n<div class=\"wp-block-image\"><figure class=\"aligncenter size-full\"><a href=\"https:\/\/www.guhalg.com\/wordpress\/wp-content\/uploads\/Reisen\/Istanbul2012\/Reise\/DSC03318.jpg\"><img loading=\"lazy\" decoding=\"async\" width=\"1024\" height=\"575\" src=\"https:\/\/www.guhalg.com\/wordpress\/wp-content\/uploads\/Reisen\/Istanbul2012\/Reise\/DSC03318.jpg\" alt=\"Bahnhof Sirkeci\" class=\"wp-image-9953\" srcset=\"https:\/\/www.guhalg.com\/wordpress\/wp-content\/uploads\/Reisen\/Istanbul2012\/Reise\/DSC03318.jpg 1024w, https:\/\/www.guhalg.com\/wordpress\/wp-content\/uploads\/Reisen\/Istanbul2012\/Reise\/DSC03318-300x168.jpg 300w, https:\/\/www.guhalg.com\/wordpress\/wp-content\/uploads\/Reisen\/Istanbul2012\/Reise\/DSC03318-768x431.jpg 768w, https:\/\/www.guhalg.com\/wordpress\/wp-content\/uploads\/Reisen\/Istanbul2012\/Reise\/DSC03318-480x270.jpg 480w\" sizes=\"auto, (max-width: 1024px) 100vw, 1024px\" \/><\/a><figcaption>Bahnhof Sirkeci<\/figcaption><\/figure><\/div>\n\n\n\n<div class=\"wp-block-image\"><figure class=\"aligncenter size-full\"><a href=\"https:\/\/www.guhalg.com\/wordpress\/wp-content\/uploads\/Reisen\/Istanbul2012\/Reise\/DSC03320.jpg\"><img loading=\"lazy\" decoding=\"async\" width=\"1024\" height=\"575\" src=\"https:\/\/www.guhalg.com\/wordpress\/wp-content\/uploads\/Reisen\/Istanbul2012\/Reise\/DSC03320.jpg\" alt=\"Bahnhof Sirkeci\" class=\"wp-image-9954\" srcset=\"https:\/\/www.guhalg.com\/wordpress\/wp-content\/uploads\/Reisen\/Istanbul2012\/Reise\/DSC03320.jpg 1024w, https:\/\/www.guhalg.com\/wordpress\/wp-content\/uploads\/Reisen\/Istanbul2012\/Reise\/DSC03320-300x168.jpg 300w, https:\/\/www.guhalg.com\/wordpress\/wp-content\/uploads\/Reisen\/Istanbul2012\/Reise\/DSC03320-768x431.jpg 768w, https:\/\/www.guhalg.com\/wordpress\/wp-content\/uploads\/Reisen\/Istanbul2012\/Reise\/DSC03320-480x270.jpg 480w\" sizes=\"auto, (max-width: 1024px) 100vw, 1024px\" \/><\/a><figcaption>Bahnhof Sirkeci<\/figcaption><\/figure><\/div>\n\n\n\n<div class=\"wp-block-image\"><figure class=\"aligncenter size-full\"><a href=\"https:\/\/www.guhalg.com\/wordpress\/wp-content\/uploads\/Reisen\/Istanbul2012\/Reise\/DSC03322.jpg\"><img loading=\"lazy\" decoding=\"async\" width=\"1024\" height=\"575\" src=\"https:\/\/www.guhalg.com\/wordpress\/wp-content\/uploads\/Reisen\/Istanbul2012\/Reise\/DSC03322.jpg\" alt=\"Bahnhof Sirkeci\" class=\"wp-image-9955\" srcset=\"https:\/\/www.guhalg.com\/wordpress\/wp-content\/uploads\/Reisen\/Istanbul2012\/Reise\/DSC03322.jpg 1024w, https:\/\/www.guhalg.com\/wordpress\/wp-content\/uploads\/Reisen\/Istanbul2012\/Reise\/DSC03322-300x168.jpg 300w, https:\/\/www.guhalg.com\/wordpress\/wp-content\/uploads\/Reisen\/Istanbul2012\/Reise\/DSC03322-768x431.jpg 768w, https:\/\/www.guhalg.com\/wordpress\/wp-content\/uploads\/Reisen\/Istanbul2012\/Reise\/DSC03322-480x270.jpg 480w\" sizes=\"auto, (max-width: 1024px) 100vw, 1024px\" \/><\/a><figcaption>Bahnhof Sirkeci<\/figcaption><\/figure><\/div>\n\n\n\n<div class=\"wp-block-columns is-layout-flex wp-container-core-columns-is-layout-9d6595d7 wp-block-columns-is-layout-flex\">\n<div class=\"wp-block-column is-layout-flow wp-block-column-is-layout-flow\">\n<div class=\"wp-block-buttons is-layout-flex wp-block-buttons-is-layout-flex\">\n<div class=\"wp-block-button\"><a class=\"wp-block-button__link\" href=\"https:\/\/www.guhalg.com\/wordpress\/?page_id=9944\">Istanbul 2012<\/a><\/div>\n<\/div>\n<\/div>\n\n\n\n<div class=\"wp-block-column is-layout-flow wp-block-column-is-layout-flow\">\n<div class=\"wp-block-buttons is-content-justification-right is-layout-flex wp-container-core-buttons-is-layout-765c4724 wp-block-buttons-is-layout-flex\">\n<div class=\"wp-block-button\"><a class=\"wp-block-button__link\" href=\"https:\/\/www.guhalg.com\/wordpress\/?page_id=10086\">Der zweite Tag<\/a><\/div>\n<\/div>\n<\/div>\n<\/div>\n","protected":false},"excerpt":{"rendered":"<p>Die Anreise nach Istanbul war dieses Mal zweigeteilt. Chrischi war aufgrund einer Messe schon in Istanbul und Horst ist dann am letzten Messetag nachgekommen. Da dieser auf einen Freitag fiel, brauchten wir beide somit nur den Montag Urlaub nehmen, um&hellip; <\/p>\n","protected":false},"author":1,"featured_media":0,"parent":9944,"menu_order":1,"comment_status":"closed","ping_status":"closed","template":"","meta":{"footnotes":""},"class_list":["post-10018","page","type-page","status-publish","hentry"],"_links":{"self":[{"href":"https:\/\/www.guhalg.com\/wordpress\/index.php?rest_route=\/wp\/v2\/pages\/10018","targetHints":{"allow":["GET"]}}],"collection":[{"href":"https:\/\/www.guhalg.com\/wordpress\/index.php?rest_route=\/wp\/v2\/pages"}],"about":[{"href":"https:\/\/www.guhalg.com\/wordpress\/index.php?rest_route=\/wp\/v2\/types\/page"}],"author":[{"embeddable":true,"href":"https:\/\/www.guhalg.com\/wordpress\/index.php?rest_route=\/wp\/v2\/users\/1"}],"replies":[{"embeddable":true,"href":"https:\/\/www.guhalg.com\/wordpress\/index.php?rest_route=%2Fwp%2Fv2%2Fcomments&post=10018"}],"version-history":[{"count":3,"href":"https:\/\/www.guhalg.com\/wordpress\/index.php?rest_route=\/wp\/v2\/pages\/10018\/revisions"}],"predecessor-version":[{"id":10089,"href":"https:\/\/www.guhalg.com\/wordpress\/index.php?rest_route=\/wp\/v2\/pages\/10018\/revisions\/10089"}],"up":[{"embeddable":true,"href":"https:\/\/www.guhalg.com\/wordpress\/index.php?rest_route=\/wp\/v2\/pages\/9944"}],"wp:attachment":[{"href":"https:\/\/www.guhalg.com\/wordpress\/index.php?rest_route=%2Fwp%2Fv2%2Fmedia&parent=10018"}],"curies":[{"name":"wp","href":"https:\/\/api.w.org\/{rel}","templated":true}]}}