{"id":10096,"date":"2022-03-14T22:18:39","date_gmt":"2022-03-14T21:18:39","guid":{"rendered":"https:\/\/www.guhalg.com\/wordpress\/?page_id=10096"},"modified":"2022-03-14T23:04:20","modified_gmt":"2022-03-14T22:04:20","slug":"istanbul-2012-der-dritte-tag","status":"publish","type":"page","link":"https:\/\/www.guhalg.com\/wordpress\/?page_id=10096","title":{"rendered":"Istanbul 2012 &#8211; der dritte Tag"},"content":{"rendered":"\n<p>Aufgrund des meist sehr hohen Ansturms ging es nach dem Fr\u00fchst\u00fcck um 8.00 Uhr gleich los, direkt zum Palast, da dieser um 9.00 Uhr seine Toren \u00f6ffnet und wir ca. 45 Min. Fahrtweg hatten. Nach dem Ticketkauf mussten wir hier noch 20 Min. anstehen, dann konnten wir die Anlage betreten und uns einer F\u00fchrung durch die sch\u00f6nen R\u00e4umlichkeiten anschlie\u00dfen. Leider war innerhalb des Palastes das Fotografieren nicht erlaubt, daher k\u00f6nnen wir euch hier nur einige Bilder aus dem Park rund um den Palast bieten:\u00a0 <a href=\"https:\/\/www.guhalg.com\/wordpress\/?page_id=10119\" data-type=\"page\" data-id=\"10119\">Gartenbilder Dolmabah\u00e7e Sarayi.<\/a><\/p>\n\n\n\n<p>Und weiter ging es in Richtung Hippodrom. Nicht dass wir das nicht schon kannten, es ist einfach immer wieder sch\u00f6n, diesen Bereich von Istanbul zu sehen. Von dort ging es dann weiter \u00fcber die Hagia Sophia und blaue Moschee, vorbei am Topkapi Palast bis zum <a rel=\"noreferrer noopener\" href=\"http:\/\/de.wikipedia.org\/wiki\/Arch%C3%A4ologisches_Museum_Istanbul\" target=\"_blank\">Arch\u00e4ologischen Museum Istanbul<\/a>.<\/p>\n\n\n\n<figure class=\"wp-block-gallery has-nested-images columns-2 is-cropped wp-block-gallery-1 is-layout-flex wp-block-gallery-is-layout-flex\">\n<figure class=\"wp-block-image size-large\"><img loading=\"lazy\" decoding=\"async\" width=\"1024\" height=\"575\" data-id=\"9974\" src=\"https:\/\/www.guhalg.com\/wordpress\/wp-content\/uploads\/Reisen\/Istanbul2012\/Reise\/DSC03716.jpg\" alt=\"\" class=\"wp-image-9974\" srcset=\"https:\/\/www.guhalg.com\/wordpress\/wp-content\/uploads\/Reisen\/Istanbul2012\/Reise\/DSC03716.jpg 1024w, https:\/\/www.guhalg.com\/wordpress\/wp-content\/uploads\/Reisen\/Istanbul2012\/Reise\/DSC03716-300x168.jpg 300w, https:\/\/www.guhalg.com\/wordpress\/wp-content\/uploads\/Reisen\/Istanbul2012\/Reise\/DSC03716-768x431.jpg 768w, https:\/\/www.guhalg.com\/wordpress\/wp-content\/uploads\/Reisen\/Istanbul2012\/Reise\/DSC03716-480x270.jpg 480w\" sizes=\"auto, (max-width: 1024px) 100vw, 1024px\" \/><\/figure>\n\n\n\n<figure class=\"wp-block-image size-large\"><img loading=\"lazy\" decoding=\"async\" width=\"1024\" height=\"575\" data-id=\"9975\" src=\"https:\/\/www.guhalg.com\/wordpress\/wp-content\/uploads\/Reisen\/Istanbul2012\/Reise\/DSC03718.jpg\" alt=\"\" class=\"wp-image-9975\" srcset=\"https:\/\/www.guhalg.com\/wordpress\/wp-content\/uploads\/Reisen\/Istanbul2012\/Reise\/DSC03718.jpg 1024w, https:\/\/www.guhalg.com\/wordpress\/wp-content\/uploads\/Reisen\/Istanbul2012\/Reise\/DSC03718-300x168.jpg 300w, https:\/\/www.guhalg.com\/wordpress\/wp-content\/uploads\/Reisen\/Istanbul2012\/Reise\/DSC03718-768x431.jpg 768w, https:\/\/www.guhalg.com\/wordpress\/wp-content\/uploads\/Reisen\/Istanbul2012\/Reise\/DSC03718-480x270.jpg 480w\" sizes=\"auto, (max-width: 1024px) 100vw, 1024px\" \/><\/figure>\n\n\n\n<figure class=\"wp-block-image size-large\"><img loading=\"lazy\" decoding=\"async\" width=\"1024\" height=\"575\" data-id=\"9976\" src=\"https:\/\/www.guhalg.com\/wordpress\/wp-content\/uploads\/Reisen\/Istanbul2012\/Reise\/DSC03731.jpg\" alt=\"\" class=\"wp-image-9976\" srcset=\"https:\/\/www.guhalg.com\/wordpress\/wp-content\/uploads\/Reisen\/Istanbul2012\/Reise\/DSC03731.jpg 1024w, https:\/\/www.guhalg.com\/wordpress\/wp-content\/uploads\/Reisen\/Istanbul2012\/Reise\/DSC03731-300x168.jpg 300w, https:\/\/www.guhalg.com\/wordpress\/wp-content\/uploads\/Reisen\/Istanbul2012\/Reise\/DSC03731-768x431.jpg 768w, https:\/\/www.guhalg.com\/wordpress\/wp-content\/uploads\/Reisen\/Istanbul2012\/Reise\/DSC03731-480x270.jpg 480w\" sizes=\"auto, (max-width: 1024px) 100vw, 1024px\" \/><\/figure>\n\n\n\n<figure class=\"wp-block-image size-large\"><img loading=\"lazy\" decoding=\"async\" width=\"1024\" height=\"575\" data-id=\"9977\" src=\"https:\/\/www.guhalg.com\/wordpress\/wp-content\/uploads\/Reisen\/Istanbul2012\/Reise\/DSC03732.jpg\" alt=\"\" class=\"wp-image-9977\" srcset=\"https:\/\/www.guhalg.com\/wordpress\/wp-content\/uploads\/Reisen\/Istanbul2012\/Reise\/DSC03732.jpg 1024w, https:\/\/www.guhalg.com\/wordpress\/wp-content\/uploads\/Reisen\/Istanbul2012\/Reise\/DSC03732-300x168.jpg 300w, https:\/\/www.guhalg.com\/wordpress\/wp-content\/uploads\/Reisen\/Istanbul2012\/Reise\/DSC03732-768x431.jpg 768w, https:\/\/www.guhalg.com\/wordpress\/wp-content\/uploads\/Reisen\/Istanbul2012\/Reise\/DSC03732-480x270.jpg 480w\" sizes=\"auto, (max-width: 1024px) 100vw, 1024px\" \/><\/figure>\n<\/figure>\n\n\n\n<figure class=\"wp-block-gallery has-nested-images columns-default is-cropped wp-block-gallery-2 is-layout-flex wp-block-gallery-is-layout-flex\">\n<figure class=\"wp-block-image size-large\"><img loading=\"lazy\" decoding=\"async\" width=\"1024\" height=\"575\" data-id=\"9978\" src=\"https:\/\/www.guhalg.com\/wordpress\/wp-content\/uploads\/Reisen\/Istanbul2012\/Reise\/DSC03741.jpg\" alt=\"\" class=\"wp-image-9978\" srcset=\"https:\/\/www.guhalg.com\/wordpress\/wp-content\/uploads\/Reisen\/Istanbul2012\/Reise\/DSC03741.jpg 1024w, https:\/\/www.guhalg.com\/wordpress\/wp-content\/uploads\/Reisen\/Istanbul2012\/Reise\/DSC03741-300x168.jpg 300w, https:\/\/www.guhalg.com\/wordpress\/wp-content\/uploads\/Reisen\/Istanbul2012\/Reise\/DSC03741-768x431.jpg 768w, https:\/\/www.guhalg.com\/wordpress\/wp-content\/uploads\/Reisen\/Istanbul2012\/Reise\/DSC03741-480x270.jpg 480w\" sizes=\"auto, (max-width: 1024px) 100vw, 1024px\" \/><\/figure>\n\n\n\n<figure class=\"wp-block-image size-large\"><img loading=\"lazy\" decoding=\"async\" width=\"1024\" height=\"575\" data-id=\"9979\" src=\"https:\/\/www.guhalg.com\/wordpress\/wp-content\/uploads\/Reisen\/Istanbul2012\/Reise\/DSC03746.jpg\" alt=\"\" class=\"wp-image-9979\" srcset=\"https:\/\/www.guhalg.com\/wordpress\/wp-content\/uploads\/Reisen\/Istanbul2012\/Reise\/DSC03746.jpg 1024w, https:\/\/www.guhalg.com\/wordpress\/wp-content\/uploads\/Reisen\/Istanbul2012\/Reise\/DSC03746-300x168.jpg 300w, https:\/\/www.guhalg.com\/wordpress\/wp-content\/uploads\/Reisen\/Istanbul2012\/Reise\/DSC03746-768x431.jpg 768w, https:\/\/www.guhalg.com\/wordpress\/wp-content\/uploads\/Reisen\/Istanbul2012\/Reise\/DSC03746-480x270.jpg 480w\" sizes=\"auto, (max-width: 1024px) 100vw, 1024px\" \/><\/figure>\n\n\n\n<figure class=\"wp-block-image size-large\"><img loading=\"lazy\" decoding=\"async\" width=\"1024\" height=\"575\" data-id=\"9980\" src=\"https:\/\/www.guhalg.com\/wordpress\/wp-content\/uploads\/Reisen\/Istanbul2012\/Reise\/DSC03747.jpg\" alt=\"\" class=\"wp-image-9980\" srcset=\"https:\/\/www.guhalg.com\/wordpress\/wp-content\/uploads\/Reisen\/Istanbul2012\/Reise\/DSC03747.jpg 1024w, https:\/\/www.guhalg.com\/wordpress\/wp-content\/uploads\/Reisen\/Istanbul2012\/Reise\/DSC03747-300x168.jpg 300w, https:\/\/www.guhalg.com\/wordpress\/wp-content\/uploads\/Reisen\/Istanbul2012\/Reise\/DSC03747-768x431.jpg 768w, https:\/\/www.guhalg.com\/wordpress\/wp-content\/uploads\/Reisen\/Istanbul2012\/Reise\/DSC03747-480x270.jpg 480w\" sizes=\"auto, (max-width: 1024px) 100vw, 1024px\" \/><\/figure>\n<\/figure>\n\n\n\n<p>Dieses Museum liegt nur wenige Fu\u00dfminuten vom Topkapi Palast entfernt und bietet eine faszinierende Ausstellung zu verschiedenen Objekten aus dem alten vorderen Orient. Wer die <a href=\"https:\/\/www.guhalg.com\/wordpress\/?page_id=10167\" data-type=\"page\" data-id=\"10167\">Bilder aus dem Museum<\/a> aufmerksam betrachtet, kann z.\u00a0B. das \u00e4lteste dokumentierte Liebesgedicht finden. Wir waren somit auch fast drei Stunden in dem Museum und mussten uns f\u00fcr den letzten Tagespunkt, dem Sonnenuntergang mit Blick auf das <a rel=\"noreferrer noopener\" href=\"http:\/\/de.wikipedia.org\/wiki\/Goldenes_Horn_%28T%C3%BCrkei%29\" target=\"_blank\">goldene Horn<\/a>, beeilen, damit wir rechtzeitig mit der Seilbahn zum Friedhof hochfahren konnten. Und nein, wir waren nicht verr\u00fcckt geworden. Es gibt in Istanbul wirklich eine Seilbahn. Sie geht von <a rel=\"noreferrer noopener\" href=\"http:\/\/de.wikipedia.org\/wiki\/Ey%C3%BCp\" target=\"_blank\">Ey\u00fcp<\/a> \u00fcber den gleichnamigen Friedhof den H\u00fcgel hoch bis zum Cafe Pierre Loti. Dort genie\u00dft man bei einem kleinen Snack den Sonnenuntergang.<\/p>\n\n\n\n<p>Wir sind dabei mit der F\u00e4hre von Emin\u00f6n\u00fc nach Ey\u00fcp gefahren und anschlie\u00dfend per kurzen Fu\u00dfweg \u00fcber den Marktplatz weiter zur Seilbahn. Gerade noch rechtzeitig vor Sonneruntergang haben wir noch einen Sitzplatz im Restaurant mit Blick auf das Goldene Horn erhalten. Dieses hatte sich seinen Namen auch wieder einwandfrei verdient.<\/p>\n\n\n\n<figure class=\"wp-block-gallery has-nested-images columns-default is-cropped wp-block-gallery-3 is-layout-flex wp-block-gallery-is-layout-flex\">\n<figure class=\"wp-block-image size-large\"><img loading=\"lazy\" decoding=\"async\" width=\"1024\" height=\"575\" data-id=\"9981\" src=\"https:\/\/www.guhalg.com\/wordpress\/wp-content\/uploads\/Reisen\/Istanbul2012\/Reise\/DSC03856.jpg\" alt=\"\" class=\"wp-image-9981\" srcset=\"https:\/\/www.guhalg.com\/wordpress\/wp-content\/uploads\/Reisen\/Istanbul2012\/Reise\/DSC03856.jpg 1024w, https:\/\/www.guhalg.com\/wordpress\/wp-content\/uploads\/Reisen\/Istanbul2012\/Reise\/DSC03856-300x168.jpg 300w, https:\/\/www.guhalg.com\/wordpress\/wp-content\/uploads\/Reisen\/Istanbul2012\/Reise\/DSC03856-768x431.jpg 768w, https:\/\/www.guhalg.com\/wordpress\/wp-content\/uploads\/Reisen\/Istanbul2012\/Reise\/DSC03856-480x270.jpg 480w\" sizes=\"auto, (max-width: 1024px) 100vw, 1024px\" \/><\/figure>\n\n\n\n<figure class=\"wp-block-image size-large\"><img loading=\"lazy\" decoding=\"async\" width=\"1024\" height=\"575\" data-id=\"9982\" src=\"https:\/\/www.guhalg.com\/wordpress\/wp-content\/uploads\/Reisen\/Istanbul2012\/Reise\/DSC03864.jpg\" alt=\"\" class=\"wp-image-9982\" srcset=\"https:\/\/www.guhalg.com\/wordpress\/wp-content\/uploads\/Reisen\/Istanbul2012\/Reise\/DSC03864.jpg 1024w, https:\/\/www.guhalg.com\/wordpress\/wp-content\/uploads\/Reisen\/Istanbul2012\/Reise\/DSC03864-300x168.jpg 300w, https:\/\/www.guhalg.com\/wordpress\/wp-content\/uploads\/Reisen\/Istanbul2012\/Reise\/DSC03864-768x431.jpg 768w, https:\/\/www.guhalg.com\/wordpress\/wp-content\/uploads\/Reisen\/Istanbul2012\/Reise\/DSC03864-480x270.jpg 480w\" sizes=\"auto, (max-width: 1024px) 100vw, 1024px\" \/><\/figure>\n\n\n\n<figure class=\"wp-block-image size-large\"><img loading=\"lazy\" decoding=\"async\" width=\"1024\" height=\"575\" data-id=\"9983\" src=\"https:\/\/www.guhalg.com\/wordpress\/wp-content\/uploads\/Reisen\/Istanbul2012\/Reise\/DSC03867.jpg\" alt=\"\" class=\"wp-image-9983\" srcset=\"https:\/\/www.guhalg.com\/wordpress\/wp-content\/uploads\/Reisen\/Istanbul2012\/Reise\/DSC03867.jpg 1024w, https:\/\/www.guhalg.com\/wordpress\/wp-content\/uploads\/Reisen\/Istanbul2012\/Reise\/DSC03867-300x168.jpg 300w, https:\/\/www.guhalg.com\/wordpress\/wp-content\/uploads\/Reisen\/Istanbul2012\/Reise\/DSC03867-768x431.jpg 768w, https:\/\/www.guhalg.com\/wordpress\/wp-content\/uploads\/Reisen\/Istanbul2012\/Reise\/DSC03867-480x270.jpg 480w\" sizes=\"auto, (max-width: 1024px) 100vw, 1024px\" \/><\/figure>\n\n\n\n<figure class=\"wp-block-image size-large\"><img loading=\"lazy\" decoding=\"async\" width=\"1024\" height=\"575\" data-id=\"9985\" src=\"https:\/\/www.guhalg.com\/wordpress\/wp-content\/uploads\/Reisen\/Istanbul2012\/Reise\/DSC03890.jpg\" alt=\"Goldenes Horn\" class=\"wp-image-9985\" srcset=\"https:\/\/www.guhalg.com\/wordpress\/wp-content\/uploads\/Reisen\/Istanbul2012\/Reise\/DSC03890.jpg 1024w, https:\/\/www.guhalg.com\/wordpress\/wp-content\/uploads\/Reisen\/Istanbul2012\/Reise\/DSC03890-300x168.jpg 300w, https:\/\/www.guhalg.com\/wordpress\/wp-content\/uploads\/Reisen\/Istanbul2012\/Reise\/DSC03890-768x431.jpg 768w, https:\/\/www.guhalg.com\/wordpress\/wp-content\/uploads\/Reisen\/Istanbul2012\/Reise\/DSC03890-480x270.jpg 480w\" sizes=\"auto, (max-width: 1024px) 100vw, 1024px\" \/><\/figure>\n<\/figure>\n\n\n\n<p>Nach dem Essen gab es noch einen kurzen Spaziergang auf dem H\u00fcgel und anschlie\u00dfend sind wir mit der Seilbahn wieder runtergefahren nach Ey\u00fcp. Hier haben wir uns noch ein bisschen den Stadtteil mit dem farbenpr\u00e4chtigen Wasserspiel angesehen und sind danach mit Bus und U-Bahn zur\u00fcck ins Hotel gefahren.<\/p>\n\n\n\n<figure class=\"wp-block-gallery has-nested-images columns-default is-cropped wp-block-gallery-4 is-layout-flex wp-block-gallery-is-layout-flex\">\n<figure class=\"wp-block-image size-large\"><img loading=\"lazy\" decoding=\"async\" width=\"1024\" height=\"575\" data-id=\"9986\" src=\"https:\/\/www.guhalg.com\/wordpress\/wp-content\/uploads\/Reisen\/Istanbul2012\/Reise\/DSC03897.jpg\" alt=\"\" class=\"wp-image-9986\" srcset=\"https:\/\/www.guhalg.com\/wordpress\/wp-content\/uploads\/Reisen\/Istanbul2012\/Reise\/DSC03897.jpg 1024w, https:\/\/www.guhalg.com\/wordpress\/wp-content\/uploads\/Reisen\/Istanbul2012\/Reise\/DSC03897-300x168.jpg 300w, https:\/\/www.guhalg.com\/wordpress\/wp-content\/uploads\/Reisen\/Istanbul2012\/Reise\/DSC03897-768x431.jpg 768w, https:\/\/www.guhalg.com\/wordpress\/wp-content\/uploads\/Reisen\/Istanbul2012\/Reise\/DSC03897-480x270.jpg 480w\" sizes=\"auto, (max-width: 1024px) 100vw, 1024px\" \/><\/figure>\n\n\n\n<figure class=\"wp-block-image size-large\"><img loading=\"lazy\" decoding=\"async\" width=\"1024\" height=\"575\" data-id=\"9987\" src=\"https:\/\/www.guhalg.com\/wordpress\/wp-content\/uploads\/Reisen\/Istanbul2012\/Reise\/DSC03902.jpg\" alt=\"\" class=\"wp-image-9987\" srcset=\"https:\/\/www.guhalg.com\/wordpress\/wp-content\/uploads\/Reisen\/Istanbul2012\/Reise\/DSC03902.jpg 1024w, https:\/\/www.guhalg.com\/wordpress\/wp-content\/uploads\/Reisen\/Istanbul2012\/Reise\/DSC03902-300x168.jpg 300w, https:\/\/www.guhalg.com\/wordpress\/wp-content\/uploads\/Reisen\/Istanbul2012\/Reise\/DSC03902-768x431.jpg 768w, https:\/\/www.guhalg.com\/wordpress\/wp-content\/uploads\/Reisen\/Istanbul2012\/Reise\/DSC03902-480x270.jpg 480w\" sizes=\"auto, (max-width: 1024px) 100vw, 1024px\" \/><\/figure>\n\n\n\n<figure class=\"wp-block-image size-large\"><img loading=\"lazy\" decoding=\"async\" width=\"1024\" height=\"575\" data-id=\"9988\" src=\"https:\/\/www.guhalg.com\/wordpress\/wp-content\/uploads\/Reisen\/Istanbul2012\/Reise\/DSC03911.jpg\" alt=\"\" class=\"wp-image-9988\" srcset=\"https:\/\/www.guhalg.com\/wordpress\/wp-content\/uploads\/Reisen\/Istanbul2012\/Reise\/DSC03911.jpg 1024w, https:\/\/www.guhalg.com\/wordpress\/wp-content\/uploads\/Reisen\/Istanbul2012\/Reise\/DSC03911-300x168.jpg 300w, https:\/\/www.guhalg.com\/wordpress\/wp-content\/uploads\/Reisen\/Istanbul2012\/Reise\/DSC03911-768x431.jpg 768w, https:\/\/www.guhalg.com\/wordpress\/wp-content\/uploads\/Reisen\/Istanbul2012\/Reise\/DSC03911-480x270.jpg 480w\" sizes=\"auto, (max-width: 1024px) 100vw, 1024px\" \/><\/figure>\n\n\n\n<figure class=\"wp-block-image size-large\"><img loading=\"lazy\" decoding=\"async\" width=\"1024\" height=\"575\" data-id=\"9989\" src=\"https:\/\/www.guhalg.com\/wordpress\/wp-content\/uploads\/Reisen\/Istanbul2012\/Reise\/DSC03912.jpg\" alt=\"\" class=\"wp-image-9989\" srcset=\"https:\/\/www.guhalg.com\/wordpress\/wp-content\/uploads\/Reisen\/Istanbul2012\/Reise\/DSC03912.jpg 1024w, https:\/\/www.guhalg.com\/wordpress\/wp-content\/uploads\/Reisen\/Istanbul2012\/Reise\/DSC03912-300x168.jpg 300w, https:\/\/www.guhalg.com\/wordpress\/wp-content\/uploads\/Reisen\/Istanbul2012\/Reise\/DSC03912-768x431.jpg 768w, https:\/\/www.guhalg.com\/wordpress\/wp-content\/uploads\/Reisen\/Istanbul2012\/Reise\/DSC03912-480x270.jpg 480w\" sizes=\"auto, (max-width: 1024px) 100vw, 1024px\" \/><\/figure>\n\n\n\n<figure class=\"wp-block-image size-large\"><img loading=\"lazy\" decoding=\"async\" width=\"1024\" height=\"575\" data-id=\"9990\" src=\"https:\/\/www.guhalg.com\/wordpress\/wp-content\/uploads\/Reisen\/Istanbul2012\/Reise\/DSC03913.jpg\" alt=\"\" class=\"wp-image-9990\" srcset=\"https:\/\/www.guhalg.com\/wordpress\/wp-content\/uploads\/Reisen\/Istanbul2012\/Reise\/DSC03913.jpg 1024w, https:\/\/www.guhalg.com\/wordpress\/wp-content\/uploads\/Reisen\/Istanbul2012\/Reise\/DSC03913-300x168.jpg 300w, https:\/\/www.guhalg.com\/wordpress\/wp-content\/uploads\/Reisen\/Istanbul2012\/Reise\/DSC03913-768x431.jpg 768w, https:\/\/www.guhalg.com\/wordpress\/wp-content\/uploads\/Reisen\/Istanbul2012\/Reise\/DSC03913-480x270.jpg 480w\" sizes=\"auto, (max-width: 1024px) 100vw, 1024px\" \/><\/figure>\n\n\n\n<figure class=\"wp-block-image size-large\"><img loading=\"lazy\" decoding=\"async\" width=\"1024\" height=\"575\" data-id=\"9991\" src=\"https:\/\/www.guhalg.com\/wordpress\/wp-content\/uploads\/Reisen\/Istanbul2012\/Reise\/DSC03914.jpg\" alt=\"\" class=\"wp-image-9991\" srcset=\"https:\/\/www.guhalg.com\/wordpress\/wp-content\/uploads\/Reisen\/Istanbul2012\/Reise\/DSC03914.jpg 1024w, https:\/\/www.guhalg.com\/wordpress\/wp-content\/uploads\/Reisen\/Istanbul2012\/Reise\/DSC03914-300x168.jpg 300w, https:\/\/www.guhalg.com\/wordpress\/wp-content\/uploads\/Reisen\/Istanbul2012\/Reise\/DSC03914-768x431.jpg 768w, https:\/\/www.guhalg.com\/wordpress\/wp-content\/uploads\/Reisen\/Istanbul2012\/Reise\/DSC03914-480x270.jpg 480w\" sizes=\"auto, (max-width: 1024px) 100vw, 1024px\" \/><\/figure>\n<\/figure>\n\n\n\n<div class=\"wp-block-columns is-layout-flex wp-container-core-columns-is-layout-9d6595d7 wp-block-columns-is-layout-flex\">\n<div class=\"wp-block-column is-layout-flow wp-block-column-is-layout-flow\">\n<div class=\"wp-block-buttons is-layout-flex wp-block-buttons-is-layout-flex\">\n<div class=\"wp-block-button\"><a class=\"wp-block-button__link\" href=\"https:\/\/www.guhalg.com\/wordpress\/?page_id=10086\">Der zweite Tag<\/a><\/div>\n<\/div>\n<\/div>\n\n\n\n<div class=\"wp-block-column is-layout-flow wp-block-column-is-layout-flow\">\n<div class=\"wp-block-buttons is-content-justification-right is-layout-flex wp-container-core-buttons-is-layout-765c4724 wp-block-buttons-is-layout-flex\">\n<div class=\"wp-block-button\"><a class=\"wp-block-button__link\" href=\"https:\/\/www.guhalg.com\/wordpress\/?page_id=10173\">Der letzte Tag<\/a><\/div>\n<\/div>\n<\/div>\n<\/div>\n","protected":false},"excerpt":{"rendered":"<p>Aufgrund des meist sehr hohen Ansturms ging es nach dem Fr\u00fchst\u00fcck um 8.00 Uhr gleich los, direkt zum Palast, da dieser um 9.00 Uhr seine Toren \u00f6ffnet und wir ca. 45 Min. Fahrtweg hatten. Nach dem Ticketkauf mussten wir hier&hellip; <\/p>\n","protected":false},"author":1,"featured_media":0,"parent":9944,"menu_order":3,"comment_status":"closed","ping_status":"closed","template":"","meta":{"footnotes":""},"class_list":["post-10096","page","type-page","status-publish","hentry"],"_links":{"self":[{"href":"https:\/\/www.guhalg.com\/wordpress\/index.php?rest_route=\/wp\/v2\/pages\/10096","targetHints":{"allow":["GET"]}}],"collection":[{"href":"https:\/\/www.guhalg.com\/wordpress\/index.php?rest_route=\/wp\/v2\/pages"}],"about":[{"href":"https:\/\/www.guhalg.com\/wordpress\/index.php?rest_route=\/wp\/v2\/types\/page"}],"author":[{"embeddable":true,"href":"https:\/\/www.guhalg.com\/wordpress\/index.php?rest_route=\/wp\/v2\/users\/1"}],"replies":[{"embeddable":true,"href":"https:\/\/www.guhalg.com\/wordpress\/index.php?rest_route=%2Fwp%2Fv2%2Fcomments&post=10096"}],"version-history":[{"count":6,"href":"https:\/\/www.guhalg.com\/wordpress\/index.php?rest_route=\/wp\/v2\/pages\/10096\/revisions"}],"predecessor-version":[{"id":10177,"href":"https:\/\/www.guhalg.com\/wordpress\/index.php?rest_route=\/wp\/v2\/pages\/10096\/revisions\/10177"}],"up":[{"embeddable":true,"href":"https:\/\/www.guhalg.com\/wordpress\/index.php?rest_route=\/wp\/v2\/pages\/9944"}],"wp:attachment":[{"href":"https:\/\/www.guhalg.com\/wordpress\/index.php?rest_route=%2Fwp%2Fv2%2Fmedia&parent=10096"}],"curies":[{"name":"wp","href":"https:\/\/api.w.org\/{rel}","templated":true}]}}