{"id":10186,"date":"2022-03-17T21:50:11","date_gmt":"2022-03-17T20:50:11","guid":{"rendered":"https:\/\/www.guhalg.com\/wordpress\/?page_id=10186"},"modified":"2022-06-21T21:03:04","modified_gmt":"2022-06-21T19:03:04","slug":"malta-2012","status":"publish","type":"page","link":"https:\/\/www.guhalg.com\/wordpress\/?page_id=10186","title":{"rendered":"Malta 2012"},"content":{"rendered":"\n<p>Im Herbst 2012 ergab sich f\u00fcr uns noch eine gute Gelegenheit f\u00fcr einen Urlaub. Allerdings reichte die Zeit mit maximal 14 Tagen nicht so unbedingt f\u00fcr eine weite Flugreise. Nach ein wenig Recherche erschien uns Malta als das beste Ziel. Wir haben uns aber nicht f\u00fcr die Hauptinsel <a href=\"https:\/\/de.wikipedia.org\/wiki\/Malta\" data-type=\"URL\" data-id=\"https:\/\/de.wikipedia.org\/wiki\/Malta\" target=\"_blank\" rel=\"noreferrer noopener\">Malta <\/a>selbst, sondern f\u00fcr die kleinere Insel <a href=\"https:\/\/de.wikipedia.org\/wiki\/Gozo\" data-type=\"URL\" data-id=\"https:\/\/de.wikipedia.org\/wiki\/Gozo\" target=\"_blank\" rel=\"noreferrer noopener\">Gozo <\/a>entschieden.<\/p>\n\n\n\n<p>Von der Anreise ist das Ganze recht einfach, da Malta Mitglied in der EU ist und es gen\u00fcgend Flugverbindungen gibt.<\/p>\n\n\n\n<p>Aber wo liegt Malta eigentlich? Der kleine Kartenausschnitt zeigt es euch.<\/p>\n\n\n<div class=\"wp-block-image\">\n<figure class=\"aligncenter size-large\"><a href=\"https:\/\/www.guhalg.com\/wordpress\/wp-content\/uploads\/Reisen\/Malta2012\/Reise\/Malta_klein-1024x585.png\"><img decoding=\"async\" src=\"https:\/\/www.guhalg.com\/wordpress\/wp-content\/uploads\/Reisen\/Malta2012\/Reise\/Malta_klein-1024x585.png\" alt=\"Malta\" class=\"wp-image-10192\"\/><\/a><figcaption>Malta<\/figcaption><\/figure>\n<\/div>\n\n\n<p>Einen kleinen \u00dcberblick der Reise in einen der kleinsten Staaten der EU, in etwas so gro\u00df wie Bremen, gibt euch der Reisebericht.<\/p>\n\n\n\n<div class=\"wp-block-buttons is-content-justification-right is-layout-flex wp-container-core-buttons-is-layout-765c4724 wp-block-buttons-is-layout-flex\">\n<div class=\"wp-block-button\"><a class=\"wp-block-button__link\" href=\"https:\/\/www.guhalg.com\/wordpress\/?page_id=10201\">Anreise Gozo<\/a><\/div>\n<\/div>\n","protected":false},"excerpt":{"rendered":"<p>Im Herbst 2012 ergab sich f\u00fcr uns noch eine gute Gelegenheit f\u00fcr einen Urlaub. Allerdings reichte die Zeit mit maximal 14 Tagen nicht so unbedingt f\u00fcr eine weite Flugreise. Nach ein wenig Recherche erschien uns Malta als das beste Ziel.&hellip; <\/p>\n","protected":false},"author":1,"featured_media":0,"parent":0,"menu_order":29,"comment_status":"closed","ping_status":"closed","template":"","meta":{"footnotes":""},"class_list":["post-10186","page","type-page","status-publish","hentry"],"_links":{"self":[{"href":"https:\/\/www.guhalg.com\/wordpress\/index.php?rest_route=\/wp\/v2\/pages\/10186","targetHints":{"allow":["GET"]}}],"collection":[{"href":"https:\/\/www.guhalg.com\/wordpress\/index.php?rest_route=\/wp\/v2\/pages"}],"about":[{"href":"https:\/\/www.guhalg.com\/wordpress\/index.php?rest_route=\/wp\/v2\/types\/page"}],"author":[{"embeddable":true,"href":"https:\/\/www.guhalg.com\/wordpress\/index.php?rest_route=\/wp\/v2\/users\/1"}],"replies":[{"embeddable":true,"href":"https:\/\/www.guhalg.com\/wordpress\/index.php?rest_route=%2Fwp%2Fv2%2Fcomments&post=10186"}],"version-history":[{"count":10,"href":"https:\/\/www.guhalg.com\/wordpress\/index.php?rest_route=\/wp\/v2\/pages\/10186\/revisions"}],"predecessor-version":[{"id":10383,"href":"https:\/\/www.guhalg.com\/wordpress\/index.php?rest_route=\/wp\/v2\/pages\/10186\/revisions\/10383"}],"wp:attachment":[{"href":"https:\/\/www.guhalg.com\/wordpress\/index.php?rest_route=%2Fwp%2Fv2%2Fmedia&parent=10186"}],"curies":[{"name":"wp","href":"https:\/\/api.w.org\/{rel}","templated":true}]}}