{"id":10292,"date":"2022-04-21T20:16:44","date_gmt":"2022-04-21T18:16:44","guid":{"rendered":"https:\/\/www.guhalg.com\/wordpress\/?page_id=10292"},"modified":"2022-06-06T21:03:14","modified_gmt":"2022-06-06T19:03:14","slug":"ggantija","status":"publish","type":"page","link":"https:\/\/www.guhalg.com\/wordpress\/?page_id=10292","title":{"rendered":"\u0120gantija"},"content":{"rendered":"\n<p>Am n\u00e4chsten Vormittag ging es nach dem Tauchgang zum <a href=\"https:\/\/de.wikipedia.org\/wiki\/%C4%A0gantija\" data-type=\"URL\" data-id=\"https:\/\/de.wikipedia.org\/wiki\/%C4%A0gantija\">\u0120gantija-Tempel<\/a>. Ganz in der N\u00e4he unserer Unterkunft war das der ideale Ort, eine der \u00e4ltesten bekannten menschlichen Geb\u00e4ude bzw. Tempel zu besichtigen. Vorbei an den Oliven Hainen erwartet einen ein sehr gut ausgebautes Weltkulturerbe.<\/p>\n\n\n\n<p>Alles ist mit Wegen und Stegen ausgebaut, an vielen Stellen sind Hinweistafeln und Erl\u00e4uterungen.<\/p>\n\n\n\n<figure class=\"wp-block-gallery has-nested-images columns-default is-cropped wp-block-gallery-1 is-layout-flex wp-block-gallery-is-layout-flex\">\n<figure class=\"wp-block-image size-large\"><img loading=\"lazy\" decoding=\"async\" width=\"2560\" height=\"1438\" data-id=\"10296\" src=\"https:\/\/www.guhalg.com\/wordpress\/wp-content\/uploads\/Reisen\/Malta2012\/Ggantija\/DSC07564-scaled.jpg\" alt=\"\" class=\"wp-image-10296\" srcset=\"https:\/\/www.guhalg.com\/wordpress\/wp-content\/uploads\/Reisen\/Malta2012\/Ggantija\/DSC07564-scaled.jpg 2560w, https:\/\/www.guhalg.com\/wordpress\/wp-content\/uploads\/Reisen\/Malta2012\/Ggantija\/DSC07564-300x169.jpg 300w, https:\/\/www.guhalg.com\/wordpress\/wp-content\/uploads\/Reisen\/Malta2012\/Ggantija\/DSC07564-1024x575.jpg 1024w, https:\/\/www.guhalg.com\/wordpress\/wp-content\/uploads\/Reisen\/Malta2012\/Ggantija\/DSC07564-768x432.jpg 768w, https:\/\/www.guhalg.com\/wordpress\/wp-content\/uploads\/Reisen\/Malta2012\/Ggantija\/DSC07564-1536x863.jpg 1536w, https:\/\/www.guhalg.com\/wordpress\/wp-content\/uploads\/Reisen\/Malta2012\/Ggantija\/DSC07564-2048x1151.jpg 2048w, https:\/\/www.guhalg.com\/wordpress\/wp-content\/uploads\/Reisen\/Malta2012\/Ggantija\/DSC07564-480x270.jpg 480w\" sizes=\"auto, (max-width: 2560px) 100vw, 2560px\" \/><\/figure>\n\n\n\n<figure class=\"wp-block-image size-large\"><img loading=\"lazy\" decoding=\"async\" width=\"2560\" height=\"1438\" data-id=\"10297\" src=\"https:\/\/www.guhalg.com\/wordpress\/wp-content\/uploads\/Reisen\/Malta2012\/Ggantija\/DSC07565-scaled.jpg\" alt=\"\" class=\"wp-image-10297\" srcset=\"https:\/\/www.guhalg.com\/wordpress\/wp-content\/uploads\/Reisen\/Malta2012\/Ggantija\/DSC07565-scaled.jpg 2560w, https:\/\/www.guhalg.com\/wordpress\/wp-content\/uploads\/Reisen\/Malta2012\/Ggantija\/DSC07565-300x169.jpg 300w, https:\/\/www.guhalg.com\/wordpress\/wp-content\/uploads\/Reisen\/Malta2012\/Ggantija\/DSC07565-1024x575.jpg 1024w, https:\/\/www.guhalg.com\/wordpress\/wp-content\/uploads\/Reisen\/Malta2012\/Ggantija\/DSC07565-768x432.jpg 768w, https:\/\/www.guhalg.com\/wordpress\/wp-content\/uploads\/Reisen\/Malta2012\/Ggantija\/DSC07565-1536x863.jpg 1536w, https:\/\/www.guhalg.com\/wordpress\/wp-content\/uploads\/Reisen\/Malta2012\/Ggantija\/DSC07565-2048x1151.jpg 2048w, https:\/\/www.guhalg.com\/wordpress\/wp-content\/uploads\/Reisen\/Malta2012\/Ggantija\/DSC07565-480x270.jpg 480w\" sizes=\"auto, (max-width: 2560px) 100vw, 2560px\" \/><\/figure>\n\n\n\n<figure class=\"wp-block-image size-large\"><img loading=\"lazy\" decoding=\"async\" width=\"2560\" height=\"1438\" data-id=\"10304\" src=\"https:\/\/www.guhalg.com\/wordpress\/wp-content\/uploads\/Reisen\/Malta2012\/Ggantija\/DSC07595-scaled.jpg\" alt=\"\" class=\"wp-image-10304\" srcset=\"https:\/\/www.guhalg.com\/wordpress\/wp-content\/uploads\/Reisen\/Malta2012\/Ggantija\/DSC07595-scaled.jpg 2560w, https:\/\/www.guhalg.com\/wordpress\/wp-content\/uploads\/Reisen\/Malta2012\/Ggantija\/DSC07595-300x169.jpg 300w, https:\/\/www.guhalg.com\/wordpress\/wp-content\/uploads\/Reisen\/Malta2012\/Ggantija\/DSC07595-1024x575.jpg 1024w, https:\/\/www.guhalg.com\/wordpress\/wp-content\/uploads\/Reisen\/Malta2012\/Ggantija\/DSC07595-768x432.jpg 768w, https:\/\/www.guhalg.com\/wordpress\/wp-content\/uploads\/Reisen\/Malta2012\/Ggantija\/DSC07595-1536x863.jpg 1536w, https:\/\/www.guhalg.com\/wordpress\/wp-content\/uploads\/Reisen\/Malta2012\/Ggantija\/DSC07595-2048x1151.jpg 2048w, https:\/\/www.guhalg.com\/wordpress\/wp-content\/uploads\/Reisen\/Malta2012\/Ggantija\/DSC07595-480x270.jpg 480w\" sizes=\"auto, (max-width: 2560px) 100vw, 2560px\" \/><\/figure>\n\n\n\n<figure class=\"wp-block-image size-large\"><img loading=\"lazy\" decoding=\"async\" width=\"2560\" height=\"1438\" data-id=\"10298\" src=\"https:\/\/www.guhalg.com\/wordpress\/wp-content\/uploads\/Reisen\/Malta2012\/Ggantija\/DSC07571-scaled.jpg\" alt=\"\" class=\"wp-image-10298\" srcset=\"https:\/\/www.guhalg.com\/wordpress\/wp-content\/uploads\/Reisen\/Malta2012\/Ggantija\/DSC07571-scaled.jpg 2560w, https:\/\/www.guhalg.com\/wordpress\/wp-content\/uploads\/Reisen\/Malta2012\/Ggantija\/DSC07571-300x169.jpg 300w, https:\/\/www.guhalg.com\/wordpress\/wp-content\/uploads\/Reisen\/Malta2012\/Ggantija\/DSC07571-1024x575.jpg 1024w, https:\/\/www.guhalg.com\/wordpress\/wp-content\/uploads\/Reisen\/Malta2012\/Ggantija\/DSC07571-768x432.jpg 768w, https:\/\/www.guhalg.com\/wordpress\/wp-content\/uploads\/Reisen\/Malta2012\/Ggantija\/DSC07571-1536x863.jpg 1536w, https:\/\/www.guhalg.com\/wordpress\/wp-content\/uploads\/Reisen\/Malta2012\/Ggantija\/DSC07571-2048x1151.jpg 2048w, https:\/\/www.guhalg.com\/wordpress\/wp-content\/uploads\/Reisen\/Malta2012\/Ggantija\/DSC07571-480x270.jpg 480w\" sizes=\"auto, (max-width: 2560px) 100vw, 2560px\" \/><\/figure>\n\n\n\n<figure class=\"wp-block-image size-large\"><img loading=\"lazy\" decoding=\"async\" width=\"2560\" height=\"1438\" data-id=\"10301\" src=\"https:\/\/www.guhalg.com\/wordpress\/wp-content\/uploads\/Reisen\/Malta2012\/Ggantija\/DSC07588-scaled.jpg\" alt=\"\" class=\"wp-image-10301\" srcset=\"https:\/\/www.guhalg.com\/wordpress\/wp-content\/uploads\/Reisen\/Malta2012\/Ggantija\/DSC07588-scaled.jpg 2560w, https:\/\/www.guhalg.com\/wordpress\/wp-content\/uploads\/Reisen\/Malta2012\/Ggantija\/DSC07588-300x169.jpg 300w, https:\/\/www.guhalg.com\/wordpress\/wp-content\/uploads\/Reisen\/Malta2012\/Ggantija\/DSC07588-1024x575.jpg 1024w, https:\/\/www.guhalg.com\/wordpress\/wp-content\/uploads\/Reisen\/Malta2012\/Ggantija\/DSC07588-768x432.jpg 768w, https:\/\/www.guhalg.com\/wordpress\/wp-content\/uploads\/Reisen\/Malta2012\/Ggantija\/DSC07588-1536x863.jpg 1536w, https:\/\/www.guhalg.com\/wordpress\/wp-content\/uploads\/Reisen\/Malta2012\/Ggantija\/DSC07588-2048x1151.jpg 2048w, https:\/\/www.guhalg.com\/wordpress\/wp-content\/uploads\/Reisen\/Malta2012\/Ggantija\/DSC07588-480x270.jpg 480w\" sizes=\"auto, (max-width: 2560px) 100vw, 2560px\" \/><\/figure>\n\n\n\n<figure class=\"wp-block-image size-large\"><img loading=\"lazy\" decoding=\"async\" width=\"2560\" height=\"1438\" data-id=\"10303\" src=\"https:\/\/www.guhalg.com\/wordpress\/wp-content\/uploads\/Reisen\/Malta2012\/Ggantija\/DSC07593-scaled.jpg\" alt=\"\" class=\"wp-image-10303\" srcset=\"https:\/\/www.guhalg.com\/wordpress\/wp-content\/uploads\/Reisen\/Malta2012\/Ggantija\/DSC07593-scaled.jpg 2560w, https:\/\/www.guhalg.com\/wordpress\/wp-content\/uploads\/Reisen\/Malta2012\/Ggantija\/DSC07593-300x169.jpg 300w, https:\/\/www.guhalg.com\/wordpress\/wp-content\/uploads\/Reisen\/Malta2012\/Ggantija\/DSC07593-1024x575.jpg 1024w, https:\/\/www.guhalg.com\/wordpress\/wp-content\/uploads\/Reisen\/Malta2012\/Ggantija\/DSC07593-768x432.jpg 768w, https:\/\/www.guhalg.com\/wordpress\/wp-content\/uploads\/Reisen\/Malta2012\/Ggantija\/DSC07593-1536x863.jpg 1536w, https:\/\/www.guhalg.com\/wordpress\/wp-content\/uploads\/Reisen\/Malta2012\/Ggantija\/DSC07593-2048x1151.jpg 2048w, https:\/\/www.guhalg.com\/wordpress\/wp-content\/uploads\/Reisen\/Malta2012\/Ggantija\/DSC07593-480x270.jpg 480w\" sizes=\"auto, (max-width: 2560px) 100vw, 2560px\" \/><\/figure>\n\n\n\n<figure class=\"wp-block-image size-large\"><img loading=\"lazy\" decoding=\"async\" width=\"2560\" height=\"1438\" data-id=\"10302\" src=\"https:\/\/www.guhalg.com\/wordpress\/wp-content\/uploads\/Reisen\/Malta2012\/Ggantija\/DSC07591-scaled.jpg\" alt=\"\" class=\"wp-image-10302\" srcset=\"https:\/\/www.guhalg.com\/wordpress\/wp-content\/uploads\/Reisen\/Malta2012\/Ggantija\/DSC07591-scaled.jpg 2560w, https:\/\/www.guhalg.com\/wordpress\/wp-content\/uploads\/Reisen\/Malta2012\/Ggantija\/DSC07591-300x169.jpg 300w, https:\/\/www.guhalg.com\/wordpress\/wp-content\/uploads\/Reisen\/Malta2012\/Ggantija\/DSC07591-1024x575.jpg 1024w, https:\/\/www.guhalg.com\/wordpress\/wp-content\/uploads\/Reisen\/Malta2012\/Ggantija\/DSC07591-768x432.jpg 768w, https:\/\/www.guhalg.com\/wordpress\/wp-content\/uploads\/Reisen\/Malta2012\/Ggantija\/DSC07591-1536x863.jpg 1536w, https:\/\/www.guhalg.com\/wordpress\/wp-content\/uploads\/Reisen\/Malta2012\/Ggantija\/DSC07591-2048x1151.jpg 2048w, https:\/\/www.guhalg.com\/wordpress\/wp-content\/uploads\/Reisen\/Malta2012\/Ggantija\/DSC07591-480x270.jpg 480w\" sizes=\"auto, (max-width: 2560px) 100vw, 2560px\" \/><\/figure>\n\n\n\n<figure class=\"wp-block-image size-large\"><img loading=\"lazy\" decoding=\"async\" width=\"2560\" height=\"1438\" data-id=\"10300\" src=\"https:\/\/www.guhalg.com\/wordpress\/wp-content\/uploads\/Reisen\/Malta2012\/Ggantija\/DSC07578-scaled.jpg\" alt=\"\" class=\"wp-image-10300\" srcset=\"https:\/\/www.guhalg.com\/wordpress\/wp-content\/uploads\/Reisen\/Malta2012\/Ggantija\/DSC07578-scaled.jpg 2560w, https:\/\/www.guhalg.com\/wordpress\/wp-content\/uploads\/Reisen\/Malta2012\/Ggantija\/DSC07578-300x169.jpg 300w, https:\/\/www.guhalg.com\/wordpress\/wp-content\/uploads\/Reisen\/Malta2012\/Ggantija\/DSC07578-1024x575.jpg 1024w, https:\/\/www.guhalg.com\/wordpress\/wp-content\/uploads\/Reisen\/Malta2012\/Ggantija\/DSC07578-768x432.jpg 768w, https:\/\/www.guhalg.com\/wordpress\/wp-content\/uploads\/Reisen\/Malta2012\/Ggantija\/DSC07578-1536x863.jpg 1536w, https:\/\/www.guhalg.com\/wordpress\/wp-content\/uploads\/Reisen\/Malta2012\/Ggantija\/DSC07578-2048x1151.jpg 2048w, https:\/\/www.guhalg.com\/wordpress\/wp-content\/uploads\/Reisen\/Malta2012\/Ggantija\/DSC07578-480x270.jpg 480w\" sizes=\"auto, (max-width: 2560px) 100vw, 2560px\" \/><\/figure>\n\n\n\n<figure class=\"wp-block-image size-large\"><img loading=\"lazy\" decoding=\"async\" width=\"2560\" height=\"1438\" data-id=\"10299\" src=\"https:\/\/www.guhalg.com\/wordpress\/wp-content\/uploads\/Reisen\/Malta2012\/Ggantija\/DSC07575-scaled.jpg\" alt=\"\" class=\"wp-image-10299\" srcset=\"https:\/\/www.guhalg.com\/wordpress\/wp-content\/uploads\/Reisen\/Malta2012\/Ggantija\/DSC07575-scaled.jpg 2560w, https:\/\/www.guhalg.com\/wordpress\/wp-content\/uploads\/Reisen\/Malta2012\/Ggantija\/DSC07575-300x169.jpg 300w, https:\/\/www.guhalg.com\/wordpress\/wp-content\/uploads\/Reisen\/Malta2012\/Ggantija\/DSC07575-1024x575.jpg 1024w, https:\/\/www.guhalg.com\/wordpress\/wp-content\/uploads\/Reisen\/Malta2012\/Ggantija\/DSC07575-768x432.jpg 768w, https:\/\/www.guhalg.com\/wordpress\/wp-content\/uploads\/Reisen\/Malta2012\/Ggantija\/DSC07575-1536x863.jpg 1536w, https:\/\/www.guhalg.com\/wordpress\/wp-content\/uploads\/Reisen\/Malta2012\/Ggantija\/DSC07575-2048x1151.jpg 2048w, https:\/\/www.guhalg.com\/wordpress\/wp-content\/uploads\/Reisen\/Malta2012\/Ggantija\/DSC07575-480x270.jpg 480w\" sizes=\"auto, (max-width: 2560px) 100vw, 2560px\" \/><\/figure>\n<\/figure>\n\n\n\n<p>Man sollte also gen\u00fcgend Zeit mitbringen. Auch wenn der Komplex nicht so gro\u00df erscheinen mag, 1\u20132 Stunden zur Erkundung kann man hier entspannt verbringen.<\/p>\n\n\n\n<p>Auf dem R\u00fcckweg ins Hotel sind wir noch auf einen kleinen Stopp in Xhaghra bei einer alten M\u00fchle angehalten. Liebevoll restauriert zeigt sie einen Blick in eine andere, schwere Zeit.<\/p>\n\n\n\n<figure class=\"wp-block-gallery has-nested-images columns-default is-cropped wp-block-gallery-2 is-layout-flex wp-block-gallery-is-layout-flex\">\n<figure class=\"wp-block-image size-large\"><img loading=\"lazy\" decoding=\"async\" width=\"2560\" height=\"1438\" data-id=\"10324\" src=\"https:\/\/www.guhalg.com\/wordpress\/wp-content\/uploads\/Reisen\/Malta2012\/Muehle\/DSC07630-scaled.jpg\" alt=\"\" class=\"wp-image-10324\" srcset=\"https:\/\/www.guhalg.com\/wordpress\/wp-content\/uploads\/Reisen\/Malta2012\/Muehle\/DSC07630-scaled.jpg 2560w, https:\/\/www.guhalg.com\/wordpress\/wp-content\/uploads\/Reisen\/Malta2012\/Muehle\/DSC07630-300x169.jpg 300w, https:\/\/www.guhalg.com\/wordpress\/wp-content\/uploads\/Reisen\/Malta2012\/Muehle\/DSC07630-1024x575.jpg 1024w, https:\/\/www.guhalg.com\/wordpress\/wp-content\/uploads\/Reisen\/Malta2012\/Muehle\/DSC07630-768x432.jpg 768w, https:\/\/www.guhalg.com\/wordpress\/wp-content\/uploads\/Reisen\/Malta2012\/Muehle\/DSC07630-1536x863.jpg 1536w, https:\/\/www.guhalg.com\/wordpress\/wp-content\/uploads\/Reisen\/Malta2012\/Muehle\/DSC07630-2048x1151.jpg 2048w, https:\/\/www.guhalg.com\/wordpress\/wp-content\/uploads\/Reisen\/Malta2012\/Muehle\/DSC07630-480x270.jpg 480w\" sizes=\"auto, (max-width: 2560px) 100vw, 2560px\" \/><\/figure>\n\n\n\n<figure class=\"wp-block-image size-large\"><img loading=\"lazy\" decoding=\"async\" width=\"2560\" height=\"1438\" data-id=\"10323\" src=\"https:\/\/www.guhalg.com\/wordpress\/wp-content\/uploads\/Reisen\/Malta2012\/Muehle\/DSC07627-scaled.jpg\" alt=\"\" class=\"wp-image-10323\" srcset=\"https:\/\/www.guhalg.com\/wordpress\/wp-content\/uploads\/Reisen\/Malta2012\/Muehle\/DSC07627-scaled.jpg 2560w, https:\/\/www.guhalg.com\/wordpress\/wp-content\/uploads\/Reisen\/Malta2012\/Muehle\/DSC07627-300x169.jpg 300w, https:\/\/www.guhalg.com\/wordpress\/wp-content\/uploads\/Reisen\/Malta2012\/Muehle\/DSC07627-1024x575.jpg 1024w, https:\/\/www.guhalg.com\/wordpress\/wp-content\/uploads\/Reisen\/Malta2012\/Muehle\/DSC07627-768x432.jpg 768w, https:\/\/www.guhalg.com\/wordpress\/wp-content\/uploads\/Reisen\/Malta2012\/Muehle\/DSC07627-1536x863.jpg 1536w, https:\/\/www.guhalg.com\/wordpress\/wp-content\/uploads\/Reisen\/Malta2012\/Muehle\/DSC07627-2048x1151.jpg 2048w, https:\/\/www.guhalg.com\/wordpress\/wp-content\/uploads\/Reisen\/Malta2012\/Muehle\/DSC07627-480x270.jpg 480w\" sizes=\"auto, (max-width: 2560px) 100vw, 2560px\" \/><\/figure>\n\n\n\n<figure class=\"wp-block-image size-large\"><img loading=\"lazy\" decoding=\"async\" width=\"2560\" height=\"1438\" data-id=\"10325\" src=\"https:\/\/www.guhalg.com\/wordpress\/wp-content\/uploads\/Reisen\/Malta2012\/Muehle\/DSC07634-scaled.jpg\" alt=\"\" class=\"wp-image-10325\" srcset=\"https:\/\/www.guhalg.com\/wordpress\/wp-content\/uploads\/Reisen\/Malta2012\/Muehle\/DSC07634-scaled.jpg 2560w, https:\/\/www.guhalg.com\/wordpress\/wp-content\/uploads\/Reisen\/Malta2012\/Muehle\/DSC07634-300x169.jpg 300w, https:\/\/www.guhalg.com\/wordpress\/wp-content\/uploads\/Reisen\/Malta2012\/Muehle\/DSC07634-1024x575.jpg 1024w, https:\/\/www.guhalg.com\/wordpress\/wp-content\/uploads\/Reisen\/Malta2012\/Muehle\/DSC07634-768x432.jpg 768w, https:\/\/www.guhalg.com\/wordpress\/wp-content\/uploads\/Reisen\/Malta2012\/Muehle\/DSC07634-1536x863.jpg 1536w, https:\/\/www.guhalg.com\/wordpress\/wp-content\/uploads\/Reisen\/Malta2012\/Muehle\/DSC07634-2048x1151.jpg 2048w, https:\/\/www.guhalg.com\/wordpress\/wp-content\/uploads\/Reisen\/Malta2012\/Muehle\/DSC07634-480x270.jpg 480w\" sizes=\"auto, (max-width: 2560px) 100vw, 2560px\" \/><\/figure>\n\n\n\n<figure class=\"wp-block-image size-large\"><img loading=\"lazy\" decoding=\"async\" width=\"2560\" height=\"1438\" data-id=\"10321\" src=\"https:\/\/www.guhalg.com\/wordpress\/wp-content\/uploads\/Reisen\/Malta2012\/Muehle\/DSC07618-scaled.jpg\" alt=\"\" class=\"wp-image-10321\" srcset=\"https:\/\/www.guhalg.com\/wordpress\/wp-content\/uploads\/Reisen\/Malta2012\/Muehle\/DSC07618-scaled.jpg 2560w, https:\/\/www.guhalg.com\/wordpress\/wp-content\/uploads\/Reisen\/Malta2012\/Muehle\/DSC07618-300x169.jpg 300w, https:\/\/www.guhalg.com\/wordpress\/wp-content\/uploads\/Reisen\/Malta2012\/Muehle\/DSC07618-1024x575.jpg 1024w, https:\/\/www.guhalg.com\/wordpress\/wp-content\/uploads\/Reisen\/Malta2012\/Muehle\/DSC07618-768x432.jpg 768w, https:\/\/www.guhalg.com\/wordpress\/wp-content\/uploads\/Reisen\/Malta2012\/Muehle\/DSC07618-1536x863.jpg 1536w, https:\/\/www.guhalg.com\/wordpress\/wp-content\/uploads\/Reisen\/Malta2012\/Muehle\/DSC07618-2048x1151.jpg 2048w, https:\/\/www.guhalg.com\/wordpress\/wp-content\/uploads\/Reisen\/Malta2012\/Muehle\/DSC07618-480x270.jpg 480w\" sizes=\"auto, (max-width: 2560px) 100vw, 2560px\" \/><\/figure>\n\n\n\n<figure class=\"wp-block-image size-large\"><img loading=\"lazy\" decoding=\"async\" width=\"2560\" height=\"1438\" data-id=\"10328\" src=\"https:\/\/www.guhalg.com\/wordpress\/wp-content\/uploads\/Reisen\/Malta2012\/Muehle\/DSC07645-scaled.jpg\" alt=\"\" class=\"wp-image-10328\" srcset=\"https:\/\/www.guhalg.com\/wordpress\/wp-content\/uploads\/Reisen\/Malta2012\/Muehle\/DSC07645-scaled.jpg 2560w, https:\/\/www.guhalg.com\/wordpress\/wp-content\/uploads\/Reisen\/Malta2012\/Muehle\/DSC07645-300x169.jpg 300w, https:\/\/www.guhalg.com\/wordpress\/wp-content\/uploads\/Reisen\/Malta2012\/Muehle\/DSC07645-1024x575.jpg 1024w, https:\/\/www.guhalg.com\/wordpress\/wp-content\/uploads\/Reisen\/Malta2012\/Muehle\/DSC07645-768x432.jpg 768w, https:\/\/www.guhalg.com\/wordpress\/wp-content\/uploads\/Reisen\/Malta2012\/Muehle\/DSC07645-1536x863.jpg 1536w, https:\/\/www.guhalg.com\/wordpress\/wp-content\/uploads\/Reisen\/Malta2012\/Muehle\/DSC07645-2048x1151.jpg 2048w, https:\/\/www.guhalg.com\/wordpress\/wp-content\/uploads\/Reisen\/Malta2012\/Muehle\/DSC07645-480x270.jpg 480w\" sizes=\"auto, (max-width: 2560px) 100vw, 2560px\" \/><\/figure>\n\n\n\n<figure class=\"wp-block-image size-large\"><img loading=\"lazy\" decoding=\"async\" width=\"2560\" height=\"1438\" data-id=\"10327\" src=\"https:\/\/www.guhalg.com\/wordpress\/wp-content\/uploads\/Reisen\/Malta2012\/Muehle\/DSC07644-scaled.jpg\" alt=\"\" class=\"wp-image-10327\" srcset=\"https:\/\/www.guhalg.com\/wordpress\/wp-content\/uploads\/Reisen\/Malta2012\/Muehle\/DSC07644-scaled.jpg 2560w, https:\/\/www.guhalg.com\/wordpress\/wp-content\/uploads\/Reisen\/Malta2012\/Muehle\/DSC07644-300x169.jpg 300w, https:\/\/www.guhalg.com\/wordpress\/wp-content\/uploads\/Reisen\/Malta2012\/Muehle\/DSC07644-1024x575.jpg 1024w, https:\/\/www.guhalg.com\/wordpress\/wp-content\/uploads\/Reisen\/Malta2012\/Muehle\/DSC07644-768x432.jpg 768w, https:\/\/www.guhalg.com\/wordpress\/wp-content\/uploads\/Reisen\/Malta2012\/Muehle\/DSC07644-1536x863.jpg 1536w, https:\/\/www.guhalg.com\/wordpress\/wp-content\/uploads\/Reisen\/Malta2012\/Muehle\/DSC07644-2048x1151.jpg 2048w, https:\/\/www.guhalg.com\/wordpress\/wp-content\/uploads\/Reisen\/Malta2012\/Muehle\/DSC07644-480x270.jpg 480w\" sizes=\"auto, (max-width: 2560px) 100vw, 2560px\" \/><\/figure>\n\n\n\n<figure class=\"wp-block-image size-large\"><img loading=\"lazy\" decoding=\"async\" width=\"2560\" height=\"1438\" data-id=\"10322\" src=\"https:\/\/www.guhalg.com\/wordpress\/wp-content\/uploads\/Reisen\/Malta2012\/Muehle\/DSC07620-scaled.jpg\" alt=\"\" class=\"wp-image-10322\" srcset=\"https:\/\/www.guhalg.com\/wordpress\/wp-content\/uploads\/Reisen\/Malta2012\/Muehle\/DSC07620-scaled.jpg 2560w, https:\/\/www.guhalg.com\/wordpress\/wp-content\/uploads\/Reisen\/Malta2012\/Muehle\/DSC07620-300x169.jpg 300w, https:\/\/www.guhalg.com\/wordpress\/wp-content\/uploads\/Reisen\/Malta2012\/Muehle\/DSC07620-1024x575.jpg 1024w, https:\/\/www.guhalg.com\/wordpress\/wp-content\/uploads\/Reisen\/Malta2012\/Muehle\/DSC07620-768x432.jpg 768w, https:\/\/www.guhalg.com\/wordpress\/wp-content\/uploads\/Reisen\/Malta2012\/Muehle\/DSC07620-1536x863.jpg 1536w, https:\/\/www.guhalg.com\/wordpress\/wp-content\/uploads\/Reisen\/Malta2012\/Muehle\/DSC07620-2048x1151.jpg 2048w, https:\/\/www.guhalg.com\/wordpress\/wp-content\/uploads\/Reisen\/Malta2012\/Muehle\/DSC07620-480x270.jpg 480w\" sizes=\"auto, (max-width: 2560px) 100vw, 2560px\" \/><\/figure>\n\n\n\n<figure class=\"wp-block-image size-large\"><img loading=\"lazy\" decoding=\"async\" width=\"2560\" height=\"1438\" data-id=\"10326\" src=\"https:\/\/www.guhalg.com\/wordpress\/wp-content\/uploads\/Reisen\/Malta2012\/Muehle\/DSC07643-scaled.jpg\" alt=\"\" class=\"wp-image-10326\" srcset=\"https:\/\/www.guhalg.com\/wordpress\/wp-content\/uploads\/Reisen\/Malta2012\/Muehle\/DSC07643-scaled.jpg 2560w, https:\/\/www.guhalg.com\/wordpress\/wp-content\/uploads\/Reisen\/Malta2012\/Muehle\/DSC07643-300x169.jpg 300w, https:\/\/www.guhalg.com\/wordpress\/wp-content\/uploads\/Reisen\/Malta2012\/Muehle\/DSC07643-1024x575.jpg 1024w, https:\/\/www.guhalg.com\/wordpress\/wp-content\/uploads\/Reisen\/Malta2012\/Muehle\/DSC07643-768x432.jpg 768w, https:\/\/www.guhalg.com\/wordpress\/wp-content\/uploads\/Reisen\/Malta2012\/Muehle\/DSC07643-1536x863.jpg 1536w, https:\/\/www.guhalg.com\/wordpress\/wp-content\/uploads\/Reisen\/Malta2012\/Muehle\/DSC07643-2048x1151.jpg 2048w, https:\/\/www.guhalg.com\/wordpress\/wp-content\/uploads\/Reisen\/Malta2012\/Muehle\/DSC07643-480x270.jpg 480w\" sizes=\"auto, (max-width: 2560px) 100vw, 2560px\" \/><\/figure>\n\n\n\n<figure class=\"wp-block-image size-large\"><img loading=\"lazy\" decoding=\"async\" width=\"2560\" height=\"1438\" data-id=\"10329\" src=\"https:\/\/www.guhalg.com\/wordpress\/wp-content\/uploads\/Reisen\/Malta2012\/Muehle\/DSC07646-scaled.jpg\" alt=\"\" class=\"wp-image-10329\" srcset=\"https:\/\/www.guhalg.com\/wordpress\/wp-content\/uploads\/Reisen\/Malta2012\/Muehle\/DSC07646-scaled.jpg 2560w, https:\/\/www.guhalg.com\/wordpress\/wp-content\/uploads\/Reisen\/Malta2012\/Muehle\/DSC07646-300x169.jpg 300w, https:\/\/www.guhalg.com\/wordpress\/wp-content\/uploads\/Reisen\/Malta2012\/Muehle\/DSC07646-1024x575.jpg 1024w, https:\/\/www.guhalg.com\/wordpress\/wp-content\/uploads\/Reisen\/Malta2012\/Muehle\/DSC07646-768x432.jpg 768w, https:\/\/www.guhalg.com\/wordpress\/wp-content\/uploads\/Reisen\/Malta2012\/Muehle\/DSC07646-1536x863.jpg 1536w, https:\/\/www.guhalg.com\/wordpress\/wp-content\/uploads\/Reisen\/Malta2012\/Muehle\/DSC07646-2048x1151.jpg 2048w, https:\/\/www.guhalg.com\/wordpress\/wp-content\/uploads\/Reisen\/Malta2012\/Muehle\/DSC07646-480x270.jpg 480w\" sizes=\"auto, (max-width: 2560px) 100vw, 2560px\" \/><\/figure>\n<\/figure>\n\n\n\n<p>Danach ging es dann zu einem Highlight auf Gozo &#8211; dem <a href=\"https:\/\/de.wikipedia.org\/wiki\/Azure_Window\" target=\"_blank\" rel=\"noreferrer noopener\">Azure Window<\/a>. Wir hatten noch das Gl\u00fcck, dieses Naturschauspiel bewundern zu d\u00fcrfen.<\/p>\n\n\n\n<div class=\"wp-block-columns is-layout-flex wp-container-core-columns-is-layout-9d6595d7 wp-block-columns-is-layout-flex\">\n<div class=\"wp-block-column is-layout-flow wp-block-column-is-layout-flow\">\n<div class=\"wp-block-buttons is-layout-flex wp-block-buttons-is-layout-flex\">\n<div class=\"wp-block-button\"><a class=\"wp-block-button__link\" href=\"https:\/\/www.guhalg.com\/wordpress\/?page_id=10235\">Gozo Kennenlernen<\/a><\/div>\n<\/div>\n<\/div>\n\n\n\n<div class=\"wp-block-column is-layout-flow wp-block-column-is-layout-flow\">\n<div class=\"wp-block-buttons is-content-justification-right is-layout-flex wp-container-core-buttons-is-layout-765c4724 wp-block-buttons-is-layout-flex\">\n<div class=\"wp-block-button\"><a class=\"wp-block-button__link\" href=\"https:\/\/www.guhalg.com\/wordpress\/?page_id=10313\">Azure Window<\/a><\/div>\n<\/div>\n<\/div>\n<\/div>\n","protected":false},"excerpt":{"rendered":"<p>Am n\u00e4chsten Vormittag ging es nach dem Tauchgang zum \u0120gantija-Tempel. Ganz in der N\u00e4he unserer Unterkunft war das der ideale Ort, eine der \u00e4ltesten bekannten menschlichen Geb\u00e4ude bzw. Tempel zu besichtigen. Vorbei an den Oliven Hainen erwartet einen ein sehr&hellip; <\/p>\n","protected":false},"author":1,"featured_media":0,"parent":10186,"menu_order":3,"comment_status":"closed","ping_status":"closed","template":"","meta":{"footnotes":""},"class_list":["post-10292","page","type-page","status-publish","hentry"],"_links":{"self":[{"href":"https:\/\/www.guhalg.com\/wordpress\/index.php?rest_route=\/wp\/v2\/pages\/10292","targetHints":{"allow":["GET"]}}],"collection":[{"href":"https:\/\/www.guhalg.com\/wordpress\/index.php?rest_route=\/wp\/v2\/pages"}],"about":[{"href":"https:\/\/www.guhalg.com\/wordpress\/index.php?rest_route=\/wp\/v2\/types\/page"}],"author":[{"embeddable":true,"href":"https:\/\/www.guhalg.com\/wordpress\/index.php?rest_route=\/wp\/v2\/users\/1"}],"replies":[{"embeddable":true,"href":"https:\/\/www.guhalg.com\/wordpress\/index.php?rest_route=%2Fwp%2Fv2%2Fcomments&post=10292"}],"version-history":[{"count":11,"href":"https:\/\/www.guhalg.com\/wordpress\/index.php?rest_route=\/wp\/v2\/pages\/10292\/revisions"}],"predecessor-version":[{"id":10337,"href":"https:\/\/www.guhalg.com\/wordpress\/index.php?rest_route=\/wp\/v2\/pages\/10292\/revisions\/10337"}],"up":[{"embeddable":true,"href":"https:\/\/www.guhalg.com\/wordpress\/index.php?rest_route=\/wp\/v2\/pages\/10186"}],"wp:attachment":[{"href":"https:\/\/www.guhalg.com\/wordpress\/index.php?rest_route=%2Fwp%2Fv2%2Fmedia&parent=10292"}],"curies":[{"name":"wp","href":"https:\/\/api.w.org\/{rel}","templated":true}]}}