{"id":1033,"date":"2021-11-07T21:48:42","date_gmt":"2021-11-07T20:48:42","guid":{"rendered":"https:\/\/www.guhalg.com\/wordpress\/?page_id=1033"},"modified":"2022-02-08T23:07:39","modified_gmt":"2022-02-08T22:07:39","slug":"madagaskar-und-wieder-folklore","status":"publish","type":"page","link":"https:\/\/www.guhalg.com\/wordpress\/?page_id=1033","title":{"rendered":"und wieder Folklore"},"content":{"rendered":"\n<p>Wie schon im Palmarium wurde nach dem Dinner im Restaurant etwas Platz in der Mitte freiger\u00e4umt. Wir haben dann noch scherzhaft \u00fcber eine neue Tanzvorf\u00fchrung gesprochen, da wurden wir schon aufgefordert uns auf den Pl\u00e4tzen herum hinzusetzen und der Auff\u00fchrung zu folgen. Auch hier gab es wieder den Gesang der Darsteller und die Begleitung mit einer Trommel.<\/p>\n\n\n\n<div class=\"wp-block-columns is-layout-flex wp-container-core-columns-is-layout-9d6595d7 wp-block-columns-is-layout-flex\">\n<div class=\"wp-block-column is-layout-flow wp-block-column-is-layout-flow\">\n<div class=\"wp-block-image\"><figure class=\"aligncenter size-large\"><a href=\"https:\/\/www.guhalg.com\/wordpress\/wp-content\/uploads\/Reisen\/Madagaskar\/Musik\/Tanzgruppe.jpg\"><img loading=\"lazy\" decoding=\"async\" width=\"1024\" height=\"575\" src=\"https:\/\/www.guhalg.com\/wordpress\/wp-content\/uploads\/Reisen\/Madagaskar\/Musik\/Tanzgruppe-1024x575.jpg\" alt=\"Die Tanzgruppne\" class=\"wp-image-1031\" srcset=\"https:\/\/www.guhalg.com\/wordpress\/wp-content\/uploads\/Reisen\/Madagaskar\/Musik\/Tanzgruppe-1024x575.jpg 1024w, https:\/\/www.guhalg.com\/wordpress\/wp-content\/uploads\/Reisen\/Madagaskar\/Musik\/Tanzgruppe-300x169.jpg 300w, https:\/\/www.guhalg.com\/wordpress\/wp-content\/uploads\/Reisen\/Madagaskar\/Musik\/Tanzgruppe-768x432.jpg 768w, https:\/\/www.guhalg.com\/wordpress\/wp-content\/uploads\/Reisen\/Madagaskar\/Musik\/Tanzgruppe-1536x863.jpg 1536w, https:\/\/www.guhalg.com\/wordpress\/wp-content\/uploads\/Reisen\/Madagaskar\/Musik\/Tanzgruppe.jpg 1920w\" sizes=\"auto, (max-width: 1024px) 100vw, 1024px\" \/><\/a><figcaption>Die Tanzgruppne<\/figcaption><\/figure><\/div>\n<\/div>\n\n\n\n<div class=\"wp-block-column is-layout-flow wp-block-column-is-layout-flow\">\n<div class=\"wp-block-image\"><figure class=\"aligncenter size-large\"><a href=\"https:\/\/www.guhalg.com\/wordpress\/wp-content\/uploads\/Reisen\/Madagaskar\/Musik\/Trommlerin.jpg\"><img loading=\"lazy\" decoding=\"async\" width=\"1024\" height=\"575\" src=\"https:\/\/www.guhalg.com\/wordpress\/wp-content\/uploads\/Reisen\/Madagaskar\/Musik\/Trommlerin-1024x575.jpg\" alt=\"Die Trommlerin\" class=\"wp-image-1032\" srcset=\"https:\/\/www.guhalg.com\/wordpress\/wp-content\/uploads\/Reisen\/Madagaskar\/Musik\/Trommlerin-1024x575.jpg 1024w, https:\/\/www.guhalg.com\/wordpress\/wp-content\/uploads\/Reisen\/Madagaskar\/Musik\/Trommlerin-300x169.jpg 300w, https:\/\/www.guhalg.com\/wordpress\/wp-content\/uploads\/Reisen\/Madagaskar\/Musik\/Trommlerin-768x432.jpg 768w, https:\/\/www.guhalg.com\/wordpress\/wp-content\/uploads\/Reisen\/Madagaskar\/Musik\/Trommlerin-1536x863.jpg 1536w, https:\/\/www.guhalg.com\/wordpress\/wp-content\/uploads\/Reisen\/Madagaskar\/Musik\/Trommlerin.jpg 1920w\" sizes=\"auto, (max-width: 1024px) 100vw, 1024px\" \/><\/a><figcaption>Die Trommlerin<\/figcaption><\/figure><\/div>\n<\/div>\n<\/div>\n\n\n\n<p>Die Choreografie auf der einen Seite hat uns durchaus an die Darstellung auf dem Festland erinnert. Sie war auf der anderen Seite aber auch anders und wieder ganz neu.<\/p>\n\n\n\n<figure class=\"wp-block-video aligncenter\"><video height=\"480\" style=\"aspect-ratio: 720 \/ 480;\" width=\"720\" controls poster=\"https:\/\/www.guhalg.com\/wordpress\/wp-content\/uploads\/Reisen\/Madagaskar\/Musik\/Folklore Auf Ile Saint Marie.jpg\" src=\"https:\/\/www.guhalg.com\/wordpress\/wp-content\/uploads\/Reisen\/Madagaskar\/Musik\/Folklore Auf Ile Saint Marie.mp4\"><\/video><figcaption>Folklore auf Ile Saint Marie<\/figcaption><\/figure>\n\n\n\n<p>Besonders viel Spa\u00df hatten wir dann, als wir einigen Darstellern die Videos aus dem Palmarium zeigten. Wir wissen nicht, was sie sich untereinander dazu erz\u00e4hlt haben, aber das Gekicher und Lachen bleiben im Ged\u00e4chtnis.<\/p>\n\n\n\n<p>Am n\u00e4chsten Abend gab es noch eine weitere Darbietung. Hier ging es vornehmlich um Musik. Interessanterweise wurde auf traditionellen Instrumenten, also traditionell sehr weit gefasst, die verschiedensten St\u00fccke gespielt: von der franz\u00f6sischen Nationalhymne, \u00fcber unbekannte \u2013 vielleicht einheimische Melodien \u2013 bis hin zur lokalen Interpretation von Popsongs. Schaut euch dieses selbstgebaute Instrument an. Es ist eine Zither und nennt sich <a rel=\"noreferrer noopener\" href=\"https:\/\/de.wikipedia.org\/wiki\/Valiha\" target=\"_blank\">Valiha<\/a>. Allerdings hier nicht aus Bambus, sondern aus alten Aluminiumdosen gebaut. Ihr k\u00f6nnt im Internet mal nach dem Musikinstrument suchen und findet eine Reihe an Aufnahmen. Der Klang unterscheidet sich nicht wesentlich von diesem exotischen Instrument.<\/p>\n\n\n\n<div class=\"wp-block-image\"><figure class=\"aligncenter size-large\"><a href=\"https:\/\/www.guhalg.com\/wordpress\/wp-content\/uploads\/Reisen\/Madagaskar\/Musik\/Instrument.jpg\"><img loading=\"lazy\" decoding=\"async\" width=\"575\" height=\"1024\" src=\"https:\/\/www.guhalg.com\/wordpress\/wp-content\/uploads\/Reisen\/Madagaskar\/Musik\/Instrument-575x1024.jpg\" alt=\"Valiha\" class=\"wp-image-1028\" title=\"ein selbstgefertigtes Instrument\" srcset=\"https:\/\/www.guhalg.com\/wordpress\/wp-content\/uploads\/Reisen\/Madagaskar\/Musik\/Instrument-575x1024.jpg 575w, https:\/\/www.guhalg.com\/wordpress\/wp-content\/uploads\/Reisen\/Madagaskar\/Musik\/Instrument-169x300.jpg 169w, https:\/\/www.guhalg.com\/wordpress\/wp-content\/uploads\/Reisen\/Madagaskar\/Musik\/Instrument-768x1367.jpg 768w, https:\/\/www.guhalg.com\/wordpress\/wp-content\/uploads\/Reisen\/Madagaskar\/Musik\/Instrument-863x1536.jpg 863w, https:\/\/www.guhalg.com\/wordpress\/wp-content\/uploads\/Reisen\/Madagaskar\/Musik\/Instrument.jpg 1079w\" sizes=\"auto, (max-width: 575px) 100vw, 575px\" \/><\/a><figcaption>Valiha<\/figcaption><\/figure><\/div>\n\n\n\n<p>F\u00fcr einen kleinen Eindruck haben wir einige Minuten mal f\u00fcr euch zusammengestellt. Viel Spa\u00df beim Zuh\u00f6ren.<\/p>\n\n\n\n<figure class=\"wp-block-video aligncenter\"><video height=\"478\" style=\"aspect-ratio: 720 \/ 478;\" width=\"720\" controls poster=\"https:\/\/www.guhalg.com\/wordpress\/wp-content\/uploads\/Reisen\/Madagaskar\/Musik\/Musik Auf Isle Saint Marie.jpg\" src=\"https:\/\/www.guhalg.com\/wordpress\/wp-content\/uploads\/Reisen\/Madagaskar\/Musik\/Musik Auf Isle Saint Marie.mp4\"><\/video><figcaption>Musik Auf Isle Saint Marie<\/figcaption><\/figure>\n\n\n\n<p>Ich finde, es klingt gut. Insbesondere bei einem Glas Rhum Arrange, selbstgemacht und vom Hotelbesitzer mit gro\u00dfem Stolz serviert. Dazu kommt, dass dieser Rumpunsch extrem lecker schmeckt. Vermutlich ist einiges an Vanille enthalten, die ja auf Madagaskar und auch Ile. Saint Marie viel angebaut wird.<\/p>\n\n\n\n<div class=\"wp-block-image\"><figure class=\"aligncenter size-large\"><a href=\"https:\/\/www.guhalg.com\/wordpress\/wp-content\/uploads\/Reisen\/Madagaskar\/Musik\/Rhum.jpg\"><img loading=\"lazy\" decoding=\"async\" width=\"1024\" height=\"768\" src=\"https:\/\/www.guhalg.com\/wordpress\/wp-content\/uploads\/Reisen\/Madagaskar\/Musik\/Rhum-1024x768.jpg\" alt=\"Rhum Arrang\u00e9\" class=\"wp-image-1030\" srcset=\"https:\/\/www.guhalg.com\/wordpress\/wp-content\/uploads\/Reisen\/Madagaskar\/Musik\/Rhum-1024x768.jpg 1024w, https:\/\/www.guhalg.com\/wordpress\/wp-content\/uploads\/Reisen\/Madagaskar\/Musik\/Rhum-300x225.jpg 300w, https:\/\/www.guhalg.com\/wordpress\/wp-content\/uploads\/Reisen\/Madagaskar\/Musik\/Rhum-768x576.jpg 768w, https:\/\/www.guhalg.com\/wordpress\/wp-content\/uploads\/Reisen\/Madagaskar\/Musik\/Rhum-1536x1152.jpg 1536w, https:\/\/www.guhalg.com\/wordpress\/wp-content\/uploads\/Reisen\/Madagaskar\/Musik\/Rhum.jpg 1920w\" sizes=\"auto, (max-width: 1024px) 100vw, 1024px\" \/><\/a><figcaption>Rhum Arrang\u00e9<\/figcaption><\/figure><\/div>\n\n\n\n<p>Mit dieser Musik haben wir den Abend langsam ausklingen lassen und sind nach einigen netten Gespr\u00e4chen zur\u00fcck auf unsere Terrasse um sind nach einem letzten Blick aufs Meer ins wohlverdiente Bettchen gefallen.<\/p>\n\n\n\n<div class=\"wp-block-image\"><figure class=\"aligncenter size-large\"><a href=\"https:\/\/www.guhalg.com\/wordpress\/wp-content\/uploads\/Reisen\/Madagaskar\/Musik\/Abendhimmel.jpg\"><img loading=\"lazy\" decoding=\"async\" width=\"1024\" height=\"575\" src=\"https:\/\/www.guhalg.com\/wordpress\/wp-content\/uploads\/Reisen\/Madagaskar\/Musik\/Abendhimmel-1024x575.jpg\" alt=\"Abendhimmel\" class=\"wp-image-1026\" srcset=\"https:\/\/www.guhalg.com\/wordpress\/wp-content\/uploads\/Reisen\/Madagaskar\/Musik\/Abendhimmel-1024x575.jpg 1024w, https:\/\/www.guhalg.com\/wordpress\/wp-content\/uploads\/Reisen\/Madagaskar\/Musik\/Abendhimmel-300x169.jpg 300w, https:\/\/www.guhalg.com\/wordpress\/wp-content\/uploads\/Reisen\/Madagaskar\/Musik\/Abendhimmel-768x432.jpg 768w, https:\/\/www.guhalg.com\/wordpress\/wp-content\/uploads\/Reisen\/Madagaskar\/Musik\/Abendhimmel-1536x863.jpg 1536w, https:\/\/www.guhalg.com\/wordpress\/wp-content\/uploads\/Reisen\/Madagaskar\/Musik\/Abendhimmel.jpg 1920w\" sizes=\"auto, (max-width: 1024px) 100vw, 1024px\" \/><\/a><figcaption>Abendhimmel<\/figcaption><\/figure><\/div>\n\n\n\n<div class=\"wp-block-columns is-layout-flex wp-container-core-columns-is-layout-9d6595d7 wp-block-columns-is-layout-flex\">\n<div class=\"wp-block-column is-layout-flow wp-block-column-is-layout-flow\"><\/div>\n<\/div>\n\n\n\n<div class=\"wp-block-columns is-layout-flex wp-container-core-columns-is-layout-9d6595d7 wp-block-columns-is-layout-flex\">\n<div class=\"wp-block-column is-layout-flow wp-block-column-is-layout-flow\">\n<div class=\"wp-block-buttons is-layout-flex wp-block-buttons-is-layout-flex\">\n<div class=\"wp-block-button\"><a class=\"wp-block-button__link\" href=\"https:\/\/www.guhalg.com\/wordpress\/?page_id=1016\">Tauchen und Wale Watching<\/a><\/div>\n<\/div>\n<\/div>\n\n\n\n<div class=\"wp-block-column is-layout-flow wp-block-column-is-layout-flow\">\n<div class=\"wp-block-buttons is-horizontal is-content-justification-right is-layout-flex wp-container-core-buttons-is-layout-ae2fe186 wp-block-buttons-is-layout-flex\">\n<div class=\"wp-block-button\"><a class=\"wp-block-button__link\" href=\"https:\/\/www.guhalg.com\/wordpress\/?page_id=1047\">R\u00fcckreise<\/a><\/div>\n<\/div>\n<\/div>\n<\/div>\n","protected":false},"excerpt":{"rendered":"<p>Wie schon im Palmarium wurde nach dem Dinner im Restaurant etwas Platz in der Mitte freiger\u00e4umt. Wir haben dann noch scherzhaft \u00fcber eine neue Tanzvorf\u00fchrung gesprochen, da wurden wir schon aufgefordert uns auf den Pl\u00e4tzen herum hinzusetzen und der Auff\u00fchrung&hellip; <\/p>\n","protected":false},"author":1,"featured_media":0,"parent":279,"menu_order":0,"comment_status":"closed","ping_status":"closed","template":"","meta":{"footnotes":""},"class_list":["post-1033","page","type-page","status-publish","hentry"],"_links":{"self":[{"href":"https:\/\/www.guhalg.com\/wordpress\/index.php?rest_route=\/wp\/v2\/pages\/1033","targetHints":{"allow":["GET"]}}],"collection":[{"href":"https:\/\/www.guhalg.com\/wordpress\/index.php?rest_route=\/wp\/v2\/pages"}],"about":[{"href":"https:\/\/www.guhalg.com\/wordpress\/index.php?rest_route=\/wp\/v2\/types\/page"}],"author":[{"embeddable":true,"href":"https:\/\/www.guhalg.com\/wordpress\/index.php?rest_route=\/wp\/v2\/users\/1"}],"replies":[{"embeddable":true,"href":"https:\/\/www.guhalg.com\/wordpress\/index.php?rest_route=%2Fwp%2Fv2%2Fcomments&post=1033"}],"version-history":[{"count":8,"href":"https:\/\/www.guhalg.com\/wordpress\/index.php?rest_route=\/wp\/v2\/pages\/1033\/revisions"}],"predecessor-version":[{"id":7870,"href":"https:\/\/www.guhalg.com\/wordpress\/index.php?rest_route=\/wp\/v2\/pages\/1033\/revisions\/7870"}],"up":[{"embeddable":true,"href":"https:\/\/www.guhalg.com\/wordpress\/index.php?rest_route=\/wp\/v2\/pages\/279"}],"wp:attachment":[{"href":"https:\/\/www.guhalg.com\/wordpress\/index.php?rest_route=%2Fwp%2Fv2%2Fmedia&parent=1033"}],"curies":[{"name":"wp","href":"https:\/\/api.w.org\/{rel}","templated":true}]}}