{"id":10398,"date":"2022-06-21T21:31:24","date_gmt":"2022-06-21T19:31:24","guid":{"rendered":"https:\/\/www.guhalg.com\/wordpress\/?page_id=10398"},"modified":"2022-11-02T20:04:34","modified_gmt":"2022-11-02T19:04:34","slug":"valletta","status":"publish","type":"page","link":"https:\/\/www.guhalg.com\/wordpress\/?page_id=10398","title":{"rendered":"Valletta"},"content":{"rendered":"\n<p>Der Besuch in Valletta bedeutete erstmal die R\u00fcckreise per F\u00e4hre. Also einreihen zur Warteschlange f\u00fcr die F\u00e4hre, Ticket kaufen und ab aufs Boot.<\/p>\n\n\n\n<p>Klingt jetzt sehr einfach und schnell \u2013 ist auch sehr einfach und schnell.<\/p>\n\n\n\n<p>In Valletta hatten wir einige Besichtigungen auf dem Programm, nat\u00fcrlich als Erstes die Stadt selber. Dazu der Gro\u00dfmeisterpalast, eine Hafenrundfahrt und das Schlendern durch die Gassen. Klingt jetzt nicht so nach einem Tages f\u00fcllenden Programm, aber mit ein wenig Gelassenheit und Mu\u00dfe ging der Tag sehr schnell dem Ende entgegen und wir mussten die Heimreise zur F\u00e4hre antreten.<\/p>\n\n\n\n<p>Die \u00fcblichen Bilder haben wir hier mal aus ein Minimum reduziert. Das hat zwei einfache Gr\u00fcnde:<\/p>\n\n\n\n<ul class=\"wp-block-list\">\n<li>An einigen der interessantesten Orte war das Fotografieren verboten<\/li>\n\n\n\n<li>Ein Gro\u00dfteil der Besichtigungen lebt von der Stimmung vor Ort und dieses k\u00f6nnen und geben die Bilder einfach nicht wieder. Man sieht halt nur alte Gem\u00e4uer, R\u00fcstungen und dergleichen.<\/li>\n<\/ul>\n\n\n\n<p>Daher hier nur jeweils zwei Bilder vom Hafen, dem Palast und von <a rel=\"noreferrer noopener\" href=\"https:\/\/de.wikipedia.org\/wiki\/Popeye_Village\" data-type=\"URL\" data-id=\"https:\/\/de.wikipedia.org\/wiki\/Popeye_Village\" target=\"_blank\">Popey Village<\/a>.<\/p>\n\n\n\n<figure class=\"wp-block-gallery has-nested-images columns-default is-cropped wp-block-gallery-1 is-layout-flex wp-block-gallery-is-layout-flex\">\n<figure class=\"wp-block-image size-large\"><img loading=\"lazy\" decoding=\"async\" width=\"1024\" height=\"575\" data-id=\"10452\" src=\"https:\/\/www.guhalg.com\/wordpress\/wp-content\/uploads\/Reisen\/Malta2012\/Valletta\/DSC08455-1024x575.jpg\" alt=\"\" class=\"wp-image-10452\" srcset=\"https:\/\/www.guhalg.com\/wordpress\/wp-content\/uploads\/Reisen\/Malta2012\/Valletta\/DSC08455-1024x575.jpg 1024w, https:\/\/www.guhalg.com\/wordpress\/wp-content\/uploads\/Reisen\/Malta2012\/Valletta\/DSC08455-300x169.jpg 300w, https:\/\/www.guhalg.com\/wordpress\/wp-content\/uploads\/Reisen\/Malta2012\/Valletta\/DSC08455-768x432.jpg 768w, https:\/\/www.guhalg.com\/wordpress\/wp-content\/uploads\/Reisen\/Malta2012\/Valletta\/DSC08455-1536x863.jpg 1536w, https:\/\/www.guhalg.com\/wordpress\/wp-content\/uploads\/Reisen\/Malta2012\/Valletta\/DSC08455-2048x1151.jpg 2048w, https:\/\/www.guhalg.com\/wordpress\/wp-content\/uploads\/Reisen\/Malta2012\/Valletta\/DSC08455-480x270.jpg 480w\" sizes=\"auto, (max-width: 1024px) 100vw, 1024px\" \/><\/figure>\n\n\n\n<figure class=\"wp-block-image size-large\"><img loading=\"lazy\" decoding=\"async\" width=\"1024\" height=\"575\" data-id=\"10451\" src=\"https:\/\/www.guhalg.com\/wordpress\/wp-content\/uploads\/Reisen\/Malta2012\/Valletta\/DSC08448-1024x575.jpg\" alt=\"\" class=\"wp-image-10451\" srcset=\"https:\/\/www.guhalg.com\/wordpress\/wp-content\/uploads\/Reisen\/Malta2012\/Valletta\/DSC08448-1024x575.jpg 1024w, https:\/\/www.guhalg.com\/wordpress\/wp-content\/uploads\/Reisen\/Malta2012\/Valletta\/DSC08448-300x169.jpg 300w, https:\/\/www.guhalg.com\/wordpress\/wp-content\/uploads\/Reisen\/Malta2012\/Valletta\/DSC08448-768x432.jpg 768w, https:\/\/www.guhalg.com\/wordpress\/wp-content\/uploads\/Reisen\/Malta2012\/Valletta\/DSC08448-1536x863.jpg 1536w, https:\/\/www.guhalg.com\/wordpress\/wp-content\/uploads\/Reisen\/Malta2012\/Valletta\/DSC08448-2048x1151.jpg 2048w, https:\/\/www.guhalg.com\/wordpress\/wp-content\/uploads\/Reisen\/Malta2012\/Valletta\/DSC08448-480x270.jpg 480w\" sizes=\"auto, (max-width: 1024px) 100vw, 1024px\" \/><\/figure>\n\n\n\n<figure class=\"wp-block-image size-large\"><img loading=\"lazy\" decoding=\"async\" width=\"1024\" height=\"575\" data-id=\"10454\" src=\"https:\/\/www.guhalg.com\/wordpress\/wp-content\/uploads\/Reisen\/Malta2012\/Valletta\/DSC08508-1024x575.jpg\" alt=\"\" class=\"wp-image-10454\" srcset=\"https:\/\/www.guhalg.com\/wordpress\/wp-content\/uploads\/Reisen\/Malta2012\/Valletta\/DSC08508-1024x575.jpg 1024w, https:\/\/www.guhalg.com\/wordpress\/wp-content\/uploads\/Reisen\/Malta2012\/Valletta\/DSC08508-300x169.jpg 300w, https:\/\/www.guhalg.com\/wordpress\/wp-content\/uploads\/Reisen\/Malta2012\/Valletta\/DSC08508-768x432.jpg 768w, https:\/\/www.guhalg.com\/wordpress\/wp-content\/uploads\/Reisen\/Malta2012\/Valletta\/DSC08508-1536x863.jpg 1536w, https:\/\/www.guhalg.com\/wordpress\/wp-content\/uploads\/Reisen\/Malta2012\/Valletta\/DSC08508-2048x1151.jpg 2048w, https:\/\/www.guhalg.com\/wordpress\/wp-content\/uploads\/Reisen\/Malta2012\/Valletta\/DSC08508-480x270.jpg 480w\" sizes=\"auto, (max-width: 1024px) 100vw, 1024px\" \/><\/figure>\n\n\n\n<figure class=\"wp-block-image size-large\"><img loading=\"lazy\" decoding=\"async\" width=\"1024\" height=\"575\" data-id=\"10453\" src=\"https:\/\/www.guhalg.com\/wordpress\/wp-content\/uploads\/Reisen\/Malta2012\/Valletta\/DSC08492-1024x575.jpg\" alt=\"\" class=\"wp-image-10453\" srcset=\"https:\/\/www.guhalg.com\/wordpress\/wp-content\/uploads\/Reisen\/Malta2012\/Valletta\/DSC08492-1024x575.jpg 1024w, https:\/\/www.guhalg.com\/wordpress\/wp-content\/uploads\/Reisen\/Malta2012\/Valletta\/DSC08492-300x169.jpg 300w, https:\/\/www.guhalg.com\/wordpress\/wp-content\/uploads\/Reisen\/Malta2012\/Valletta\/DSC08492-768x432.jpg 768w, https:\/\/www.guhalg.com\/wordpress\/wp-content\/uploads\/Reisen\/Malta2012\/Valletta\/DSC08492-1536x863.jpg 1536w, https:\/\/www.guhalg.com\/wordpress\/wp-content\/uploads\/Reisen\/Malta2012\/Valletta\/DSC08492-2048x1151.jpg 2048w, https:\/\/www.guhalg.com\/wordpress\/wp-content\/uploads\/Reisen\/Malta2012\/Valletta\/DSC08492-480x270.jpg 480w\" sizes=\"auto, (max-width: 1024px) 100vw, 1024px\" \/><\/figure>\n\n\n\n<figure class=\"wp-block-image size-large\"><img loading=\"lazy\" decoding=\"async\" width=\"1024\" height=\"575\" data-id=\"10456\" src=\"https:\/\/www.guhalg.com\/wordpress\/wp-content\/uploads\/Reisen\/Malta2012\/Valletta\/DSC08627-1024x575.jpg\" alt=\"\" class=\"wp-image-10456\" srcset=\"https:\/\/www.guhalg.com\/wordpress\/wp-content\/uploads\/Reisen\/Malta2012\/Valletta\/DSC08627-1024x575.jpg 1024w, https:\/\/www.guhalg.com\/wordpress\/wp-content\/uploads\/Reisen\/Malta2012\/Valletta\/DSC08627-300x169.jpg 300w, https:\/\/www.guhalg.com\/wordpress\/wp-content\/uploads\/Reisen\/Malta2012\/Valletta\/DSC08627-768x432.jpg 768w, https:\/\/www.guhalg.com\/wordpress\/wp-content\/uploads\/Reisen\/Malta2012\/Valletta\/DSC08627-1536x863.jpg 1536w, https:\/\/www.guhalg.com\/wordpress\/wp-content\/uploads\/Reisen\/Malta2012\/Valletta\/DSC08627-2048x1151.jpg 2048w, https:\/\/www.guhalg.com\/wordpress\/wp-content\/uploads\/Reisen\/Malta2012\/Valletta\/DSC08627-480x270.jpg 480w\" sizes=\"auto, (max-width: 1024px) 100vw, 1024px\" \/><\/figure>\n\n\n\n<figure class=\"wp-block-image size-large\"><img loading=\"lazy\" decoding=\"async\" width=\"1024\" height=\"575\" data-id=\"10455\" src=\"https:\/\/www.guhalg.com\/wordpress\/wp-content\/uploads\/Reisen\/Malta2012\/Valletta\/DSC08626-1024x575.jpg\" alt=\"\" class=\"wp-image-10455\" srcset=\"https:\/\/www.guhalg.com\/wordpress\/wp-content\/uploads\/Reisen\/Malta2012\/Valletta\/DSC08626-1024x575.jpg 1024w, https:\/\/www.guhalg.com\/wordpress\/wp-content\/uploads\/Reisen\/Malta2012\/Valletta\/DSC08626-300x169.jpg 300w, https:\/\/www.guhalg.com\/wordpress\/wp-content\/uploads\/Reisen\/Malta2012\/Valletta\/DSC08626-768x432.jpg 768w, https:\/\/www.guhalg.com\/wordpress\/wp-content\/uploads\/Reisen\/Malta2012\/Valletta\/DSC08626-1536x863.jpg 1536w, https:\/\/www.guhalg.com\/wordpress\/wp-content\/uploads\/Reisen\/Malta2012\/Valletta\/DSC08626-2048x1151.jpg 2048w, https:\/\/www.guhalg.com\/wordpress\/wp-content\/uploads\/Reisen\/Malta2012\/Valletta\/DSC08626-480x270.jpg 480w\" sizes=\"auto, (max-width: 1024px) 100vw, 1024px\" \/><\/figure>\n<\/figure>\n\n\n\n<p>Der R\u00fcckweg hatte noch eine Gemeinheit f\u00fcr uns bereit. Erst lie\u00df uns das Navi im Stich, da der Akku leer war und dann war die Zufahrt nach Xag\u0127ra, genaugenommen zu unserem Hotel, \u00fcber die Stadt nicht mehr m\u00f6glich. F\u00fcr das j\u00e4hrliche Volksfest waren alle Stra\u00dfen rund um den Dorf und den Kirchplatz gesperrt.<\/p>\n\n\n\n<p>Wir sind also aus dem Ged\u00e4chtnis heraus erneut nach Victoria gefahren und von dort \u00fcber eine keline Nebenstra\u00dfe wieder in Richtung Xag\u0127ra &#8211; abseits vom Volksfest. So konnten wir das Auto am Hotel abstellen und uns von dort zu Fu\u00df wieder in das Get\u00fcmmel des Volksfestes begeben.<\/p>\n\n\n\n<div class=\"wp-block-columns is-layout-flex wp-container-core-columns-is-layout-9d6595d7 wp-block-columns-is-layout-flex\">\n<div class=\"wp-block-column is-layout-flow wp-block-column-is-layout-flow\">\n<div class=\"wp-block-buttons is-layout-flex wp-block-buttons-is-layout-flex\">\n<div class=\"wp-block-button\"><a class=\"wp-block-button__link wp-element-button\" href=\"https:\/\/www.guhalg.com\/wordpress\/?page_id=10313\">Azure Window<\/a><\/div>\n<\/div>\n<\/div>\n\n\n\n<div class=\"wp-block-column is-layout-flow wp-block-column-is-layout-flow\">\n<div class=\"wp-block-buttons is-content-justification-right is-layout-flex wp-container-core-buttons-is-layout-765c4724 wp-block-buttons-is-layout-flex\">\n<div class=\"wp-block-button\"><a class=\"wp-block-button__link wp-element-button\" href=\"https:\/\/www.guhalg.com\/wordpress\/?page_id=10466\">Und sonst noch&#8230;<\/a><\/div>\n<\/div>\n<\/div>\n<\/div>\n","protected":false},"excerpt":{"rendered":"<p>Der Besuch in Valletta bedeutete erstmal die R\u00fcckreise per F\u00e4hre. Also einreihen zur Warteschlange f\u00fcr die F\u00e4hre, Ticket kaufen und ab aufs Boot. Klingt jetzt sehr einfach und schnell \u2013 ist auch sehr einfach und schnell. In Valletta hatten wir&hellip; <\/p>\n","protected":false},"author":1,"featured_media":0,"parent":10186,"menu_order":5,"comment_status":"closed","ping_status":"closed","template":"","meta":{"footnotes":""},"class_list":["post-10398","page","type-page","status-publish","hentry"],"_links":{"self":[{"href":"https:\/\/www.guhalg.com\/wordpress\/index.php?rest_route=\/wp\/v2\/pages\/10398","targetHints":{"allow":["GET"]}}],"collection":[{"href":"https:\/\/www.guhalg.com\/wordpress\/index.php?rest_route=\/wp\/v2\/pages"}],"about":[{"href":"https:\/\/www.guhalg.com\/wordpress\/index.php?rest_route=\/wp\/v2\/types\/page"}],"author":[{"embeddable":true,"href":"https:\/\/www.guhalg.com\/wordpress\/index.php?rest_route=\/wp\/v2\/users\/1"}],"replies":[{"embeddable":true,"href":"https:\/\/www.guhalg.com\/wordpress\/index.php?rest_route=%2Fwp%2Fv2%2Fcomments&post=10398"}],"version-history":[{"count":12,"href":"https:\/\/www.guhalg.com\/wordpress\/index.php?rest_route=\/wp\/v2\/pages\/10398\/revisions"}],"predecessor-version":[{"id":10469,"href":"https:\/\/www.guhalg.com\/wordpress\/index.php?rest_route=\/wp\/v2\/pages\/10398\/revisions\/10469"}],"up":[{"embeddable":true,"href":"https:\/\/www.guhalg.com\/wordpress\/index.php?rest_route=\/wp\/v2\/pages\/10186"}],"wp:attachment":[{"href":"https:\/\/www.guhalg.com\/wordpress\/index.php?rest_route=%2Fwp%2Fv2%2Fmedia&parent=10398"}],"curies":[{"name":"wp","href":"https:\/\/api.w.org\/{rel}","templated":true}]}}