{"id":10417,"date":"2022-08-10T21:42:47","date_gmt":"2022-08-10T19:42:47","guid":{"rendered":"https:\/\/www.guhalg.com\/wordpress\/?page_id=10417"},"modified":"2025-04-27T21:13:56","modified_gmt":"2025-04-27T19:13:56","slug":"cocktails","status":"publish","type":"page","link":"https:\/\/www.guhalg.com\/wordpress\/?page_id=10417","title":{"rendered":"Cocktails"},"content":{"rendered":"\n<p>Hier findet ihr eine Reihe an klassischen Cocktails, aber auch einige Variationen, die sich durchaus einer n\u00e4heren Betrachtung aufdr\u00e4ngen.<\/p>\n\n\n\n<p><a href=\"https:\/\/www.guhalg.com\/wordpress\/?rpr_recipe=aperol-spritz\" data-type=\"rpr_recipe\" data-id=\"11394\">Aperol Spritz<\/a>, ein leichter Cocktail zur Begr\u00fc\u00dfung und dem entspannten Nachmittag<\/p>\n\n\n\n<p><a href=\"https:\/\/www.guhalg.com\/wordpress\/?rpr_recipe=himbeer-mochito\" data-type=\"link\" data-id=\"https:\/\/www.guhalg.com\/wordpress\/?rpr_recipe=himbeer-mochito\">Himbeer Mochito<\/a>, ein leichter Sommercocktail, erfrischend und fruchtig<\/p>\n","protected":false},"excerpt":{"rendered":"<p>Hier findet ihr eine Reihe an klassischen Cocktails, aber auch einige Variationen, die sich durchaus einer n\u00e4heren Betrachtung aufdr\u00e4ngen. Aperol Spritz, ein leichter Cocktail zur Begr\u00fc\u00dfung und dem entspannten Nachmittag Himbeer Mochito, ein leichter Sommercocktail, erfrischend und fruchtig<\/p>\n","protected":false},"author":1,"featured_media":0,"parent":8739,"menu_order":1,"comment_status":"closed","ping_status":"closed","template":"","meta":{"footnotes":""},"class_list":["post-10417","page","type-page","status-publish","hentry"],"_links":{"self":[{"href":"https:\/\/www.guhalg.com\/wordpress\/index.php?rest_route=\/wp\/v2\/pages\/10417","targetHints":{"allow":["GET"]}}],"collection":[{"href":"https:\/\/www.guhalg.com\/wordpress\/index.php?rest_route=\/wp\/v2\/pages"}],"about":[{"href":"https:\/\/www.guhalg.com\/wordpress\/index.php?rest_route=\/wp\/v2\/types\/page"}],"author":[{"embeddable":true,"href":"https:\/\/www.guhalg.com\/wordpress\/index.php?rest_route=\/wp\/v2\/users\/1"}],"replies":[{"embeddable":true,"href":"https:\/\/www.guhalg.com\/wordpress\/index.php?rest_route=%2Fwp%2Fv2%2Fcomments&post=10417"}],"version-history":[{"count":6,"href":"https:\/\/www.guhalg.com\/wordpress\/index.php?rest_route=\/wp\/v2\/pages\/10417\/revisions"}],"predecessor-version":[{"id":12160,"href":"https:\/\/www.guhalg.com\/wordpress\/index.php?rest_route=\/wp\/v2\/pages\/10417\/revisions\/12160"}],"up":[{"embeddable":true,"href":"https:\/\/www.guhalg.com\/wordpress\/index.php?rest_route=\/wp\/v2\/pages\/8739"}],"wp:attachment":[{"href":"https:\/\/www.guhalg.com\/wordpress\/index.php?rest_route=%2Fwp%2Fv2%2Fmedia&parent=10417"}],"curies":[{"name":"wp","href":"https:\/\/api.w.org\/{rel}","templated":true}]}}