{"id":10466,"date":"2022-11-02T20:02:10","date_gmt":"2022-11-02T19:02:10","guid":{"rendered":"https:\/\/www.guhalg.com\/wordpress\/?page_id=10466"},"modified":"2022-11-03T19:46:12","modified_gmt":"2022-11-03T18:46:12","slug":"und-sonst-noch","status":"publish","type":"page","link":"https:\/\/www.guhalg.com\/wordpress\/?page_id=10466","title":{"rendered":"Und sonst noch&#8230;"},"content":{"rendered":"\n<p>Hier ist der Spielraum f\u00fcr alle m\u00f6glichen Kommentare, Likes and Dislikes. Einige sch\u00f6ne Erlebnisse und Erfahrungen haben sich bei uns eingepr\u00e4gt.<\/p>\n\n\n\n<p>Fangen wir mit dem Unterschied zwischen Malta und Gozo an. Die Hauptinsel ist wuselig, gesch\u00e4ftig und immer On Power. Der Unterschied zwischen sehr alter Kultur und Historie im Gegensatz zu aktuellen Themen wie einem China-Harbour, also ein Hafen in der EU finanziert durch China, aktuellen Kulissen f\u00fcr Kinofilmen und modernen Tourismus ist \u00fcberall pr\u00e4sent. Das ist schon ein Reiz in der Besichtigungen.<\/p>\n\n\n\n<p>Auf der anderen Seite ist Gozo &#8211; vertr\u00e4umt, ruhig, abgelegen, mit einem eigenen Charme und trotzdem kulturell ein Muss.<\/p>\n\n\n\n<p>Dies zeigt sich auch in den t\u00e4glichen Erlebnissen. Auf Malta wirkt es wie ein Touristen-Event, gut organisiert und ausgerichtet auf die Kundschaft. Das macht einfach Spa\u00df, sich hier im Strom der Touris treiben zu lassen.<\/p>\n\n\n\n<p>Gozo ist das eher etwas ruhiger unterwegs. Die Sehensw\u00fcrdigkeiten und Attraktionen sind da, aber man muss sie sich ein wenig erarbeiten \u2013 da liegt nicht alles vor einem und man muss schon auch mal fragen und organisieren.<\/p>\n\n\n\n<p>Daf\u00fcr sind die Leute auch viel entspannter, pers\u00f6nlicher und aufgeschlossener. Durch unsere Langsamkeit beim Tauchen hatten wir sehr schnell einen eigenen Guide und waren f\u00fcr sie nur noch die einzigen G\u00e4ste. Losgel\u00f6st von den sehr entspannten Tauchg\u00e4ngen haben wir uns \u00f6fter in <a rel=\"noreferrer noopener\" href=\"https:\/\/de.wikipedia.org\/wiki\/Xlendi\" target=\"_blank\">Xlendri<\/a> zu einem Absacker Bierchen getroffen. Hier konnte man in sehr gem\u00fctlicher Atmosph\u00e4re den Tag ausklingen lassen und den Sonnenuntergang genie\u00dfen.<\/p>\n\n\n\n<figure class=\"wp-block-gallery has-nested-images columns-default is-cropped wp-block-gallery-1 is-layout-flex wp-block-gallery-is-layout-flex\">\n<figure class=\"wp-block-image size-large\"><img loading=\"lazy\" decoding=\"async\" width=\"1024\" height=\"575\" data-id=\"10473\" src=\"https:\/\/www.guhalg.com\/wordpress\/wp-content\/uploads\/Reisen\/Malta2012\/Und Sonst noch\/DSC08102-1024x575.jpg\" alt=\"\" class=\"wp-image-10473\" srcset=\"https:\/\/www.guhalg.com\/wordpress\/wp-content\/uploads\/Reisen\/Malta2012\/Und%20Sonst%20noch\/DSC08102-1024x575.jpg 1024w, https:\/\/www.guhalg.com\/wordpress\/wp-content\/uploads\/Reisen\/Malta2012\/Und%20Sonst%20noch\/DSC08102-300x169.jpg 300w, https:\/\/www.guhalg.com\/wordpress\/wp-content\/uploads\/Reisen\/Malta2012\/Und%20Sonst%20noch\/DSC08102-768x432.jpg 768w, https:\/\/www.guhalg.com\/wordpress\/wp-content\/uploads\/Reisen\/Malta2012\/Und%20Sonst%20noch\/DSC08102-1536x863.jpg 1536w, https:\/\/www.guhalg.com\/wordpress\/wp-content\/uploads\/Reisen\/Malta2012\/Und%20Sonst%20noch\/DSC08102-2048x1151.jpg 2048w, https:\/\/www.guhalg.com\/wordpress\/wp-content\/uploads\/Reisen\/Malta2012\/Und%20Sonst%20noch\/DSC08102-480x270.jpg 480w\" sizes=\"auto, (max-width: 1024px) 100vw, 1024px\" \/><\/figure>\n\n\n\n<figure class=\"wp-block-image size-large\"><img loading=\"lazy\" decoding=\"async\" width=\"1024\" height=\"546\" data-id=\"10474\" src=\"https:\/\/www.guhalg.com\/wordpress\/wp-content\/uploads\/Reisen\/Malta2012\/Und Sonst noch\/DSC08107-1024x546.jpg\" alt=\"\" class=\"wp-image-10474\" srcset=\"https:\/\/www.guhalg.com\/wordpress\/wp-content\/uploads\/Reisen\/Malta2012\/Und%20Sonst%20noch\/DSC08107-1024x546.jpg 1024w, https:\/\/www.guhalg.com\/wordpress\/wp-content\/uploads\/Reisen\/Malta2012\/Und%20Sonst%20noch\/DSC08107-300x160.jpg 300w, https:\/\/www.guhalg.com\/wordpress\/wp-content\/uploads\/Reisen\/Malta2012\/Und%20Sonst%20noch\/DSC08107-768x410.jpg 768w, https:\/\/www.guhalg.com\/wordpress\/wp-content\/uploads\/Reisen\/Malta2012\/Und%20Sonst%20noch\/DSC08107-1536x819.jpg 1536w, https:\/\/www.guhalg.com\/wordpress\/wp-content\/uploads\/Reisen\/Malta2012\/Und%20Sonst%20noch\/DSC08107-2048x1092.jpg 2048w\" sizes=\"auto, (max-width: 1024px) 100vw, 1024px\" \/><\/figure>\n\n\n\n<figure class=\"wp-block-image size-large\"><img loading=\"lazy\" decoding=\"async\" width=\"1024\" height=\"575\" data-id=\"10475\" src=\"https:\/\/www.guhalg.com\/wordpress\/wp-content\/uploads\/Reisen\/Malta2012\/Und Sonst noch\/DSC08108-1024x575.jpg\" alt=\"\" class=\"wp-image-10475\" srcset=\"https:\/\/www.guhalg.com\/wordpress\/wp-content\/uploads\/Reisen\/Malta2012\/Und%20Sonst%20noch\/DSC08108-1024x575.jpg 1024w, https:\/\/www.guhalg.com\/wordpress\/wp-content\/uploads\/Reisen\/Malta2012\/Und%20Sonst%20noch\/DSC08108-300x169.jpg 300w, https:\/\/www.guhalg.com\/wordpress\/wp-content\/uploads\/Reisen\/Malta2012\/Und%20Sonst%20noch\/DSC08108-768x432.jpg 768w, https:\/\/www.guhalg.com\/wordpress\/wp-content\/uploads\/Reisen\/Malta2012\/Und%20Sonst%20noch\/DSC08108-1536x863.jpg 1536w, https:\/\/www.guhalg.com\/wordpress\/wp-content\/uploads\/Reisen\/Malta2012\/Und%20Sonst%20noch\/DSC08108-2048x1151.jpg 2048w, https:\/\/www.guhalg.com\/wordpress\/wp-content\/uploads\/Reisen\/Malta2012\/Und%20Sonst%20noch\/DSC08108-480x270.jpg 480w\" sizes=\"auto, (max-width: 1024px) 100vw, 1024px\" \/><\/figure>\n<\/figure>\n\n\n\n<p>Es gibt auf Gozo auch einen privaten Keller mit Stalaktiten und Stalagmiten. Dieser wurde entdeckt, als der Keller vergr\u00f6\u00dfert werden sollten. Man klingelt an einem einfachen privaten Haus und kann dieses Kleinod f\u00fcr einen eher symbolischen Betrag besichtigen.<\/p>\n\n\n\n<figure class=\"wp-block-gallery has-nested-images columns-default is-cropped wp-block-gallery-2 is-layout-flex wp-block-gallery-is-layout-flex\">\n<figure class=\"wp-block-image size-large\"><img loading=\"lazy\" decoding=\"async\" width=\"1024\" height=\"575\" data-id=\"10477\" src=\"https:\/\/www.guhalg.com\/wordpress\/wp-content\/uploads\/Reisen\/Malta2012\/Und Sonst noch\/DSC08200-1024x575.jpg\" alt=\"\" class=\"wp-image-10477\" srcset=\"https:\/\/www.guhalg.com\/wordpress\/wp-content\/uploads\/Reisen\/Malta2012\/Und%20Sonst%20noch\/DSC08200-1024x575.jpg 1024w, https:\/\/www.guhalg.com\/wordpress\/wp-content\/uploads\/Reisen\/Malta2012\/Und%20Sonst%20noch\/DSC08200-300x169.jpg 300w, https:\/\/www.guhalg.com\/wordpress\/wp-content\/uploads\/Reisen\/Malta2012\/Und%20Sonst%20noch\/DSC08200-768x432.jpg 768w, https:\/\/www.guhalg.com\/wordpress\/wp-content\/uploads\/Reisen\/Malta2012\/Und%20Sonst%20noch\/DSC08200-1536x863.jpg 1536w, https:\/\/www.guhalg.com\/wordpress\/wp-content\/uploads\/Reisen\/Malta2012\/Und%20Sonst%20noch\/DSC08200-2048x1151.jpg 2048w, https:\/\/www.guhalg.com\/wordpress\/wp-content\/uploads\/Reisen\/Malta2012\/Und%20Sonst%20noch\/DSC08200-480x270.jpg 480w\" sizes=\"auto, (max-width: 1024px) 100vw, 1024px\" \/><\/figure>\n\n\n\n<figure class=\"wp-block-image size-large\"><img loading=\"lazy\" decoding=\"async\" width=\"1024\" height=\"575\" data-id=\"10478\" src=\"https:\/\/www.guhalg.com\/wordpress\/wp-content\/uploads\/Reisen\/Malta2012\/Und Sonst noch\/DSC08202-1024x575.jpg\" alt=\"\" class=\"wp-image-10478\" srcset=\"https:\/\/www.guhalg.com\/wordpress\/wp-content\/uploads\/Reisen\/Malta2012\/Und%20Sonst%20noch\/DSC08202-1024x575.jpg 1024w, https:\/\/www.guhalg.com\/wordpress\/wp-content\/uploads\/Reisen\/Malta2012\/Und%20Sonst%20noch\/DSC08202-300x169.jpg 300w, https:\/\/www.guhalg.com\/wordpress\/wp-content\/uploads\/Reisen\/Malta2012\/Und%20Sonst%20noch\/DSC08202-768x432.jpg 768w, https:\/\/www.guhalg.com\/wordpress\/wp-content\/uploads\/Reisen\/Malta2012\/Und%20Sonst%20noch\/DSC08202-1536x863.jpg 1536w, https:\/\/www.guhalg.com\/wordpress\/wp-content\/uploads\/Reisen\/Malta2012\/Und%20Sonst%20noch\/DSC08202-2048x1151.jpg 2048w, https:\/\/www.guhalg.com\/wordpress\/wp-content\/uploads\/Reisen\/Malta2012\/Und%20Sonst%20noch\/DSC08202-480x270.jpg 480w\" sizes=\"auto, (max-width: 1024px) 100vw, 1024px\" \/><figcaption class=\"wp-element-caption\">Nichjt <\/figcaption><\/figure>\n<\/figure>\n\n\n\n<p>Nicht zu vergessen ist auch die traditionelle Salzgewinnung in Felsenpfannen. Das Meer (\u00fcber)-sp\u00fclt die angelegten Becken, die Sonne trocknet das Wasser und l\u00e4sst feinstes Mittelmeersalz zur Ernte zur\u00fcck.<\/p>\n\n\n\n<figure class=\"wp-block-gallery has-nested-images columns-default is-cropped wp-block-gallery-3 is-layout-flex wp-block-gallery-is-layout-flex\">\n<figure class=\"wp-block-image size-large\"><img loading=\"lazy\" decoding=\"async\" width=\"1024\" height=\"575\" data-id=\"10480\" src=\"https:\/\/www.guhalg.com\/wordpress\/wp-content\/uploads\/Reisen\/Malta2012\/Und Sonst noch\/DSC08353-1024x575.jpg\" alt=\"\" class=\"wp-image-10480\" srcset=\"https:\/\/www.guhalg.com\/wordpress\/wp-content\/uploads\/Reisen\/Malta2012\/Und%20Sonst%20noch\/DSC08353-1024x575.jpg 1024w, https:\/\/www.guhalg.com\/wordpress\/wp-content\/uploads\/Reisen\/Malta2012\/Und%20Sonst%20noch\/DSC08353-300x169.jpg 300w, https:\/\/www.guhalg.com\/wordpress\/wp-content\/uploads\/Reisen\/Malta2012\/Und%20Sonst%20noch\/DSC08353-768x432.jpg 768w, https:\/\/www.guhalg.com\/wordpress\/wp-content\/uploads\/Reisen\/Malta2012\/Und%20Sonst%20noch\/DSC08353-1536x863.jpg 1536w, https:\/\/www.guhalg.com\/wordpress\/wp-content\/uploads\/Reisen\/Malta2012\/Und%20Sonst%20noch\/DSC08353-2048x1151.jpg 2048w, https:\/\/www.guhalg.com\/wordpress\/wp-content\/uploads\/Reisen\/Malta2012\/Und%20Sonst%20noch\/DSC08353-480x270.jpg 480w\" sizes=\"auto, (max-width: 1024px) 100vw, 1024px\" \/><\/figure>\n\n\n\n<figure class=\"wp-block-image size-large\"><img loading=\"lazy\" decoding=\"async\" width=\"1024\" height=\"575\" data-id=\"10479\" src=\"https:\/\/www.guhalg.com\/wordpress\/wp-content\/uploads\/Reisen\/Malta2012\/Und Sonst noch\/DSC08344-1024x575.jpg\" alt=\"\" class=\"wp-image-10479\" srcset=\"https:\/\/www.guhalg.com\/wordpress\/wp-content\/uploads\/Reisen\/Malta2012\/Und%20Sonst%20noch\/DSC08344-1024x575.jpg 1024w, https:\/\/www.guhalg.com\/wordpress\/wp-content\/uploads\/Reisen\/Malta2012\/Und%20Sonst%20noch\/DSC08344-300x169.jpg 300w, https:\/\/www.guhalg.com\/wordpress\/wp-content\/uploads\/Reisen\/Malta2012\/Und%20Sonst%20noch\/DSC08344-768x432.jpg 768w, https:\/\/www.guhalg.com\/wordpress\/wp-content\/uploads\/Reisen\/Malta2012\/Und%20Sonst%20noch\/DSC08344-1536x863.jpg 1536w, https:\/\/www.guhalg.com\/wordpress\/wp-content\/uploads\/Reisen\/Malta2012\/Und%20Sonst%20noch\/DSC08344-2048x1151.jpg 2048w, https:\/\/www.guhalg.com\/wordpress\/wp-content\/uploads\/Reisen\/Malta2012\/Und%20Sonst%20noch\/DSC08344-480x270.jpg 480w\" sizes=\"auto, (max-width: 1024px) 100vw, 1024px\" \/><\/figure>\n<\/figure>\n\n\n\n<p>Dieses Salz kann man vor Ort, direkt beim Produzenten, f\u00fcr 3,- \u20ac  pro 250 g erwerben, kauft dieses im Touristenladen f\u00fcr 4,99 \u20ac oder im Supermarkt, etwas abseits, f\u00fcr 69 Cent. Es ist jedes Mal das gleiche Salz!<\/p>\n\n\n\n<p>Nicht zuletzt sind die Wetterbedingungen bzw. die Wetterwechsel auf Gozo ein durchaus wichtiges Thema. Heute blau, morgen grau und \u00fcbermorgen st\u00fcrmisch muss man hier sogar auf einen Tag zusammenfassen. Ist nicht weiter tragisch, man muss sich aber darauf einstellen, das war gerade geht auch zu machen.<\/p>\n\n\n\n<p>Eine Planung, in zwei Tagen tauchen wir an Point xxx ist eher eine Planung wie, mal sehen, wann das Wetter am Point xxx zu Tauchen geeignet ist.<\/p>\n\n\n\n<p>Wie krass und unterschiedlich es ein kann, durften wir selber erfahren. Ein Tauschplatz von Vortag mit v\u00f6llig ruhiger See war am n\u00e4chsten Tag unbetauchbar.<\/p>\n\n\n\n<figure class=\"wp-block-gallery has-nested-images columns-default is-cropped wp-block-gallery-4 is-layout-flex wp-block-gallery-is-layout-flex\">\n<figure class=\"wp-block-image size-large\"><img loading=\"lazy\" decoding=\"async\" width=\"1024\" height=\"575\" data-id=\"10481\" src=\"https:\/\/www.guhalg.com\/wordpress\/wp-content\/uploads\/Reisen\/Malta2012\/Und Sonst noch\/DSC08381-1024x575.jpg\" alt=\"\" class=\"wp-image-10481\" srcset=\"https:\/\/www.guhalg.com\/wordpress\/wp-content\/uploads\/Reisen\/Malta2012\/Und%20Sonst%20noch\/DSC08381-1024x575.jpg 1024w, https:\/\/www.guhalg.com\/wordpress\/wp-content\/uploads\/Reisen\/Malta2012\/Und%20Sonst%20noch\/DSC08381-300x169.jpg 300w, https:\/\/www.guhalg.com\/wordpress\/wp-content\/uploads\/Reisen\/Malta2012\/Und%20Sonst%20noch\/DSC08381-768x432.jpg 768w, https:\/\/www.guhalg.com\/wordpress\/wp-content\/uploads\/Reisen\/Malta2012\/Und%20Sonst%20noch\/DSC08381-1536x863.jpg 1536w, https:\/\/www.guhalg.com\/wordpress\/wp-content\/uploads\/Reisen\/Malta2012\/Und%20Sonst%20noch\/DSC08381-2048x1151.jpg 2048w, https:\/\/www.guhalg.com\/wordpress\/wp-content\/uploads\/Reisen\/Malta2012\/Und%20Sonst%20noch\/DSC08381-480x270.jpg 480w\" sizes=\"auto, (max-width: 1024px) 100vw, 1024px\" \/><figcaption class=\"wp-element-caption\">C<\/figcaption><\/figure>\n<\/figure>\n\n\n\n<p>Zum Abschluss noch ein kitschiges aber auch beruhigendes Bild<\/p>\n\n\n\n<figure class=\"wp-block-gallery has-nested-images columns-default is-cropped wp-block-gallery-5 is-layout-flex wp-block-gallery-is-layout-flex\">\n<figure class=\"wp-block-image size-large\"><img loading=\"lazy\" decoding=\"async\" width=\"1024\" height=\"575\" data-id=\"10476\" src=\"https:\/\/www.guhalg.com\/wordpress\/wp-content\/uploads\/Reisen\/Malta2012\/Und Sonst noch\/DSC08172-1024x575.jpg\" alt=\"\" class=\"wp-image-10476\" srcset=\"https:\/\/www.guhalg.com\/wordpress\/wp-content\/uploads\/Reisen\/Malta2012\/Und%20Sonst%20noch\/DSC08172-1024x575.jpg 1024w, https:\/\/www.guhalg.com\/wordpress\/wp-content\/uploads\/Reisen\/Malta2012\/Und%20Sonst%20noch\/DSC08172-300x169.jpg 300w, https:\/\/www.guhalg.com\/wordpress\/wp-content\/uploads\/Reisen\/Malta2012\/Und%20Sonst%20noch\/DSC08172-768x432.jpg 768w, https:\/\/www.guhalg.com\/wordpress\/wp-content\/uploads\/Reisen\/Malta2012\/Und%20Sonst%20noch\/DSC08172-1536x863.jpg 1536w, https:\/\/www.guhalg.com\/wordpress\/wp-content\/uploads\/Reisen\/Malta2012\/Und%20Sonst%20noch\/DSC08172-2048x1151.jpg 2048w, https:\/\/www.guhalg.com\/wordpress\/wp-content\/uploads\/Reisen\/Malta2012\/Und%20Sonst%20noch\/DSC08172-480x270.jpg 480w\" sizes=\"auto, (max-width: 1024px) 100vw, 1024px\" \/><\/figure>\n<\/figure>\n\n\n\n<div class=\"wp-block-buttons is-layout-flex wp-block-buttons-is-layout-flex\">\n<div class=\"wp-block-button\"><a class=\"wp-block-button__link wp-element-button\" href=\"https:\/\/www.guhalg.com\/wordpress\/?page_id=10398\">Valletta<\/a><\/div>\n<\/div>\n","protected":false},"excerpt":{"rendered":"<p>Hier ist der Spielraum f\u00fcr alle m\u00f6glichen Kommentare, Likes and Dislikes. Einige sch\u00f6ne Erlebnisse und Erfahrungen haben sich bei uns eingepr\u00e4gt. Fangen wir mit dem Unterschied zwischen Malta und Gozo an. Die Hauptinsel ist wuselig, gesch\u00e4ftig und immer On Power.&hellip; <\/p>\n","protected":false},"author":1,"featured_media":0,"parent":10186,"menu_order":6,"comment_status":"closed","ping_status":"closed","template":"","meta":{"footnotes":""},"class_list":["post-10466","page","type-page","status-publish","hentry"],"_links":{"self":[{"href":"https:\/\/www.guhalg.com\/wordpress\/index.php?rest_route=\/wp\/v2\/pages\/10466","targetHints":{"allow":["GET"]}}],"collection":[{"href":"https:\/\/www.guhalg.com\/wordpress\/index.php?rest_route=\/wp\/v2\/pages"}],"about":[{"href":"https:\/\/www.guhalg.com\/wordpress\/index.php?rest_route=\/wp\/v2\/types\/page"}],"author":[{"embeddable":true,"href":"https:\/\/www.guhalg.com\/wordpress\/index.php?rest_route=\/wp\/v2\/users\/1"}],"replies":[{"embeddable":true,"href":"https:\/\/www.guhalg.com\/wordpress\/index.php?rest_route=%2Fwp%2Fv2%2Fcomments&post=10466"}],"version-history":[{"count":9,"href":"https:\/\/www.guhalg.com\/wordpress\/index.php?rest_route=\/wp\/v2\/pages\/10466\/revisions"}],"predecessor-version":[{"id":10493,"href":"https:\/\/www.guhalg.com\/wordpress\/index.php?rest_route=\/wp\/v2\/pages\/10466\/revisions\/10493"}],"up":[{"embeddable":true,"href":"https:\/\/www.guhalg.com\/wordpress\/index.php?rest_route=\/wp\/v2\/pages\/10186"}],"wp:attachment":[{"href":"https:\/\/www.guhalg.com\/wordpress\/index.php?rest_route=%2Fwp%2Fv2%2Fmedia&parent=10466"}],"curies":[{"name":"wp","href":"https:\/\/api.w.org\/{rel}","templated":true}]}}