{"id":10513,"date":"2022-11-04T13:12:23","date_gmt":"2022-11-04T12:12:23","guid":{"rendered":"https:\/\/www.guhalg.com\/wordpress\/?page_id=10513"},"modified":"2022-11-19T22:56:53","modified_gmt":"2022-11-19T21:56:53","slug":"unterkunft-und-erste-eindruecke","status":"publish","type":"page","link":"https:\/\/www.guhalg.com\/wordpress\/?page_id=10513","title":{"rendered":"Resort und erste Eindr\u00fccke"},"content":{"rendered":"\n<p>Die Anreise mit Condor war unauff\u00e4llig, bis auf eine Kleinigkeit:<br>Die Strecke wird nur einmal pro Woche geflogen und endet nach dem Zwischenstopp auf Bonaire in Aruba. Dort bleibt die Crew eine Woche bis zum n\u00e4chsten Einsatz. Das Ganze ist also so etwas wie ein kleines Incentive f\u00fcr die Besatzung und entsprechend gutgelaunt ist diese.<br>Am Flughafen wurden wir von Resort abgeholt und die wenigen Kilometer zu unserem Bungalow gebracht. Wir konnten anschlie\u00dfend in aller Ruhe unsere Sachen auspacken, in der Tauchbasis einchecken und uns das Resort ansehen.<\/p>\n\n\n\n<div class=\"wp-block-columns is-layout-flex wp-container-core-columns-is-layout-9d6595d7 wp-block-columns-is-layout-flex\">\n<div class=\"wp-block-column is-layout-flow wp-block-column-is-layout-flow\">\n<figure class=\"wp-block-image size-large\"><a href=\"https:\/\/www.guhalg.com\/wordpress\/wp-content\/uploads\/Reisen\/Bonaire2012\/Reise\/DSC09142-scaled.jpg\"><img loading=\"lazy\" decoding=\"async\" width=\"1024\" height=\"575\" src=\"https:\/\/www.guhalg.com\/wordpress\/wp-content\/uploads\/Reisen\/Bonaire2012\/Reise\/DSC09142-1024x575.jpg\" alt=\"Der Garten\" class=\"wp-image-10518\" srcset=\"https:\/\/www.guhalg.com\/wordpress\/wp-content\/uploads\/Reisen\/Bonaire2012\/Reise\/DSC09142-1024x575.jpg 1024w, https:\/\/www.guhalg.com\/wordpress\/wp-content\/uploads\/Reisen\/Bonaire2012\/Reise\/DSC09142-300x169.jpg 300w, https:\/\/www.guhalg.com\/wordpress\/wp-content\/uploads\/Reisen\/Bonaire2012\/Reise\/DSC09142-768x432.jpg 768w, https:\/\/www.guhalg.com\/wordpress\/wp-content\/uploads\/Reisen\/Bonaire2012\/Reise\/DSC09142-1536x863.jpg 1536w, https:\/\/www.guhalg.com\/wordpress\/wp-content\/uploads\/Reisen\/Bonaire2012\/Reise\/DSC09142-2048x1151.jpg 2048w, https:\/\/www.guhalg.com\/wordpress\/wp-content\/uploads\/Reisen\/Bonaire2012\/Reise\/DSC09142-480x270.jpg 480w\" sizes=\"auto, (max-width: 1024px) 100vw, 1024px\" \/><\/a><figcaption class=\"wp-element-caption\">Der Garten<\/figcaption><\/figure>\n<\/div>\n\n\n\n<div class=\"wp-block-column is-layout-flow wp-block-column-is-layout-flow\">\n<figure class=\"wp-block-image size-large\"><a href=\"https:\/\/www.guhalg.com\/wordpress\/wp-content\/uploads\/Reisen\/Bonaire2012\/Reise\/DSC09143-scaled.jpg\"><img loading=\"lazy\" decoding=\"async\" width=\"1024\" height=\"575\" src=\"https:\/\/www.guhalg.com\/wordpress\/wp-content\/uploads\/Reisen\/Bonaire2012\/Reise\/DSC09143-1024x575.jpg\" alt=\"Der Wegweiser\" class=\"wp-image-10519\" srcset=\"https:\/\/www.guhalg.com\/wordpress\/wp-content\/uploads\/Reisen\/Bonaire2012\/Reise\/DSC09143-1024x575.jpg 1024w, https:\/\/www.guhalg.com\/wordpress\/wp-content\/uploads\/Reisen\/Bonaire2012\/Reise\/DSC09143-300x169.jpg 300w, https:\/\/www.guhalg.com\/wordpress\/wp-content\/uploads\/Reisen\/Bonaire2012\/Reise\/DSC09143-768x432.jpg 768w, https:\/\/www.guhalg.com\/wordpress\/wp-content\/uploads\/Reisen\/Bonaire2012\/Reise\/DSC09143-1536x863.jpg 1536w, https:\/\/www.guhalg.com\/wordpress\/wp-content\/uploads\/Reisen\/Bonaire2012\/Reise\/DSC09143-2048x1151.jpg 2048w, https:\/\/www.guhalg.com\/wordpress\/wp-content\/uploads\/Reisen\/Bonaire2012\/Reise\/DSC09143-480x270.jpg 480w\" sizes=\"auto, (max-width: 1024px) 100vw, 1024px\" \/><\/a><figcaption class=\"wp-element-caption\">Der Wegweiser<\/figcaption><\/figure>\n<\/div>\n\n\n\n<div class=\"wp-block-column is-layout-flow wp-block-column-is-layout-flow\">\n<figure class=\"wp-block-image size-large\"><a href=\"https:\/\/www.guhalg.com\/wordpress\/wp-content\/uploads\/Reisen\/Bonaire2012\/Reise\/DSC09155-scaled.jpg\"><img loading=\"lazy\" decoding=\"async\" width=\"1024\" height=\"575\" src=\"https:\/\/www.guhalg.com\/wordpress\/wp-content\/uploads\/Reisen\/Bonaire2012\/Reise\/DSC09155-1024x575.jpg\" alt=\"Der Pool\" class=\"wp-image-10520\" srcset=\"https:\/\/www.guhalg.com\/wordpress\/wp-content\/uploads\/Reisen\/Bonaire2012\/Reise\/DSC09155-1024x575.jpg 1024w, https:\/\/www.guhalg.com\/wordpress\/wp-content\/uploads\/Reisen\/Bonaire2012\/Reise\/DSC09155-300x169.jpg 300w, https:\/\/www.guhalg.com\/wordpress\/wp-content\/uploads\/Reisen\/Bonaire2012\/Reise\/DSC09155-768x432.jpg 768w, https:\/\/www.guhalg.com\/wordpress\/wp-content\/uploads\/Reisen\/Bonaire2012\/Reise\/DSC09155-1536x863.jpg 1536w, https:\/\/www.guhalg.com\/wordpress\/wp-content\/uploads\/Reisen\/Bonaire2012\/Reise\/DSC09155-2048x1151.jpg 2048w, https:\/\/www.guhalg.com\/wordpress\/wp-content\/uploads\/Reisen\/Bonaire2012\/Reise\/DSC09155-480x270.jpg 480w\" sizes=\"auto, (max-width: 1024px) 100vw, 1024px\" \/><\/a><figcaption class=\"wp-element-caption\">Der Pool<\/figcaption><\/figure>\n<\/div>\n<\/div>\n\n\n\n<p>Am fr\u00fchen Nachmittag hat uns unser Autoverleiher abgeholt und wir haben einen ZX SUV in Wei\u00df bekommen. Wir hatten vorher noch nie von einem Autobauer ZX geh\u00f6rt, aber hier auf Bonaire gab es diesen SUV sehr h\u00e4ufig.<br>Wie sagte der Verleiher so sch\u00f6n: Ein g\u00fcnstiges Auto, aber bei dem vielen Salzwasser h\u00e4lt auch ein teures Auto nicht sehr lange und die Farbe Wei\u00df hat einfach den Vorteil, dass man die Salz-Ablagerungen nicht so sieht.<br>Nun ja, wir hatten ein Auto und sind erstmal einkaufen gefahren, um unseren K\u00fchlschrank zu f\u00fcllen. <\/p>\n\n\n\n<div class=\"wp-block-columns is-layout-flex wp-container-core-columns-is-layout-9d6595d7 wp-block-columns-is-layout-flex\">\n<div class=\"wp-block-column is-layout-flow wp-block-column-is-layout-flow\">\n<div class=\"wp-block-buttons is-layout-flex wp-block-buttons-is-layout-flex\">\n<div class=\"wp-block-button\"><a class=\"wp-block-button__link wp-element-button\" href=\"https:\/\/www.guhalg.com\/wordpress\/?page_id=10497\">Bonaire 2012<\/a><\/div>\n<\/div>\n<\/div>\n\n\n\n<div class=\"wp-block-column is-layout-flow wp-block-column-is-layout-flow\">\n<div class=\"wp-block-buttons is-content-justification-right is-layout-flex wp-container-core-buttons-is-layout-765c4724 wp-block-buttons-is-layout-flex\">\n<div class=\"wp-block-button\"><a class=\"wp-block-button__link wp-element-button\" href=\"https:\/\/www.guhalg.com\/wordpress\/?page_id=10535\">Bonaire, die Insel<\/a><\/div>\n<\/div>\n<\/div>\n<\/div>\n","protected":false},"excerpt":{"rendered":"<p>Die Anreise mit Condor war unauff\u00e4llig, bis auf eine Kleinigkeit:Die Strecke wird nur einmal pro Woche geflogen und endet nach dem Zwischenstopp auf Bonaire in Aruba. Dort bleibt die Crew eine Woche bis zum n\u00e4chsten Einsatz. Das Ganze ist also&hellip; <\/p>\n","protected":false},"author":1,"featured_media":0,"parent":10497,"menu_order":1,"comment_status":"closed","ping_status":"closed","template":"","meta":{"footnotes":""},"class_list":["post-10513","page","type-page","status-publish","hentry"],"_links":{"self":[{"href":"https:\/\/www.guhalg.com\/wordpress\/index.php?rest_route=\/wp\/v2\/pages\/10513","targetHints":{"allow":["GET"]}}],"collection":[{"href":"https:\/\/www.guhalg.com\/wordpress\/index.php?rest_route=\/wp\/v2\/pages"}],"about":[{"href":"https:\/\/www.guhalg.com\/wordpress\/index.php?rest_route=\/wp\/v2\/types\/page"}],"author":[{"embeddable":true,"href":"https:\/\/www.guhalg.com\/wordpress\/index.php?rest_route=\/wp\/v2\/users\/1"}],"replies":[{"embeddable":true,"href":"https:\/\/www.guhalg.com\/wordpress\/index.php?rest_route=%2Fwp%2Fv2%2Fcomments&post=10513"}],"version-history":[{"count":7,"href":"https:\/\/www.guhalg.com\/wordpress\/index.php?rest_route=\/wp\/v2\/pages\/10513\/revisions"}],"predecessor-version":[{"id":10538,"href":"https:\/\/www.guhalg.com\/wordpress\/index.php?rest_route=\/wp\/v2\/pages\/10513\/revisions\/10538"}],"up":[{"embeddable":true,"href":"https:\/\/www.guhalg.com\/wordpress\/index.php?rest_route=\/wp\/v2\/pages\/10497"}],"wp:attachment":[{"href":"https:\/\/www.guhalg.com\/wordpress\/index.php?rest_route=%2Fwp%2Fv2%2Fmedia&parent=10513"}],"curies":[{"name":"wp","href":"https:\/\/api.w.org\/{rel}","templated":true}]}}