{"id":10582,"date":"2023-01-01T17:12:25","date_gmt":"2023-01-01T16:12:25","guid":{"rendered":"https:\/\/www.guhalg.com\/wordpress\/?page_id=10582"},"modified":"2023-02-12T19:08:12","modified_gmt":"2023-02-12T18:08:12","slug":"salzgewinnung","status":"publish","type":"page","link":"https:\/\/www.guhalg.com\/wordpress\/?page_id=10582","title":{"rendered":"Salzgewinnung"},"content":{"rendered":"\n<p>Seit dem 16. Jhd. wird auf Bonaire Salz abgebaut und mit der \u00dcbernahme durch die Niederlande im 17. Jhd. wurden aus Afrika Sklaven f\u00fcr die Salzgewinnung importiert.<\/p>\n\n\n\n<p>Diese lebten gedr\u00e4ngt in kleinen H\u00fctten am Strand und waren je nach Salzgrad in vier farbige Bereiche unterteilt. Ein Teil dieser \u201aUnterk\u00fcnfte\u2018 wurden restauriert und zeigen anschaulich die damaligen Verh\u00e4ltnisse.<\/p>\n\n\n\n<figure class=\"wp-block-gallery has-nested-images columns-default is-cropped wp-block-gallery-1 is-layout-flex wp-block-gallery-is-layout-flex\">\n<figure class=\"wp-block-image size-large\"><img loading=\"lazy\" decoding=\"async\" width=\"1024\" height=\"576\" data-id=\"10600\" src=\"https:\/\/www.guhalg.com\/wordpress\/wp-content\/uploads\/Reisen\/Bonaire2012\/Salz\/P1110157-1024x576.jpg\" alt=\"\" class=\"wp-image-10600\" srcset=\"https:\/\/www.guhalg.com\/wordpress\/wp-content\/uploads\/Reisen\/Bonaire2012\/Salz\/P1110157-1024x576.jpg 1024w, https:\/\/www.guhalg.com\/wordpress\/wp-content\/uploads\/Reisen\/Bonaire2012\/Salz\/P1110157-300x169.jpg 300w, https:\/\/www.guhalg.com\/wordpress\/wp-content\/uploads\/Reisen\/Bonaire2012\/Salz\/P1110157-768x432.jpg 768w, https:\/\/www.guhalg.com\/wordpress\/wp-content\/uploads\/Reisen\/Bonaire2012\/Salz\/P1110157-1536x864.jpg 1536w, https:\/\/www.guhalg.com\/wordpress\/wp-content\/uploads\/Reisen\/Bonaire2012\/Salz\/P1110157-2048x1152.jpg 2048w, https:\/\/www.guhalg.com\/wordpress\/wp-content\/uploads\/Reisen\/Bonaire2012\/Salz\/P1110157-480x270.jpg 480w\" sizes=\"auto, (max-width: 1024px) 100vw, 1024px\" \/><\/figure>\n\n\n\n<figure class=\"wp-block-image size-large\"><img loading=\"lazy\" decoding=\"async\" width=\"1024\" height=\"575\" data-id=\"10598\" src=\"https:\/\/www.guhalg.com\/wordpress\/wp-content\/uploads\/Reisen\/Bonaire2012\/Salz\/DSC09531-1024x575.jpg\" alt=\"\" class=\"wp-image-10598\" srcset=\"https:\/\/www.guhalg.com\/wordpress\/wp-content\/uploads\/Reisen\/Bonaire2012\/Salz\/DSC09531-1024x575.jpg 1024w, https:\/\/www.guhalg.com\/wordpress\/wp-content\/uploads\/Reisen\/Bonaire2012\/Salz\/DSC09531-300x169.jpg 300w, https:\/\/www.guhalg.com\/wordpress\/wp-content\/uploads\/Reisen\/Bonaire2012\/Salz\/DSC09531-768x432.jpg 768w, https:\/\/www.guhalg.com\/wordpress\/wp-content\/uploads\/Reisen\/Bonaire2012\/Salz\/DSC09531-1536x863.jpg 1536w, https:\/\/www.guhalg.com\/wordpress\/wp-content\/uploads\/Reisen\/Bonaire2012\/Salz\/DSC09531-2048x1151.jpg 2048w, https:\/\/www.guhalg.com\/wordpress\/wp-content\/uploads\/Reisen\/Bonaire2012\/Salz\/DSC09531-480x270.jpg 480w\" sizes=\"auto, (max-width: 1024px) 100vw, 1024px\" \/><\/figure>\n\n\n\n<figure class=\"wp-block-image size-large\"><img loading=\"lazy\" decoding=\"async\" width=\"1024\" height=\"575\" data-id=\"10597\" src=\"https:\/\/www.guhalg.com\/wordpress\/wp-content\/uploads\/Reisen\/Bonaire2012\/Salz\/DSC09527-1024x575.jpg\" alt=\"\" class=\"wp-image-10597\" srcset=\"https:\/\/www.guhalg.com\/wordpress\/wp-content\/uploads\/Reisen\/Bonaire2012\/Salz\/DSC09527-1024x575.jpg 1024w, https:\/\/www.guhalg.com\/wordpress\/wp-content\/uploads\/Reisen\/Bonaire2012\/Salz\/DSC09527-300x169.jpg 300w, https:\/\/www.guhalg.com\/wordpress\/wp-content\/uploads\/Reisen\/Bonaire2012\/Salz\/DSC09527-768x432.jpg 768w, https:\/\/www.guhalg.com\/wordpress\/wp-content\/uploads\/Reisen\/Bonaire2012\/Salz\/DSC09527-1536x863.jpg 1536w, https:\/\/www.guhalg.com\/wordpress\/wp-content\/uploads\/Reisen\/Bonaire2012\/Salz\/DSC09527-2048x1151.jpg 2048w, https:\/\/www.guhalg.com\/wordpress\/wp-content\/uploads\/Reisen\/Bonaire2012\/Salz\/DSC09527-480x270.jpg 480w\" sizes=\"auto, (max-width: 1024px) 100vw, 1024px\" \/><\/figure>\n\n\n\n<figure class=\"wp-block-image size-large\"><img loading=\"lazy\" decoding=\"async\" width=\"1024\" height=\"575\" data-id=\"10592\" src=\"https:\/\/www.guhalg.com\/wordpress\/wp-content\/uploads\/Reisen\/Bonaire2012\/Salz\/DSC09511-1024x575.jpg\" alt=\"\" class=\"wp-image-10592\" srcset=\"https:\/\/www.guhalg.com\/wordpress\/wp-content\/uploads\/Reisen\/Bonaire2012\/Salz\/DSC09511-1024x575.jpg 1024w, https:\/\/www.guhalg.com\/wordpress\/wp-content\/uploads\/Reisen\/Bonaire2012\/Salz\/DSC09511-300x169.jpg 300w, https:\/\/www.guhalg.com\/wordpress\/wp-content\/uploads\/Reisen\/Bonaire2012\/Salz\/DSC09511-768x432.jpg 768w, https:\/\/www.guhalg.com\/wordpress\/wp-content\/uploads\/Reisen\/Bonaire2012\/Salz\/DSC09511-1536x863.jpg 1536w, https:\/\/www.guhalg.com\/wordpress\/wp-content\/uploads\/Reisen\/Bonaire2012\/Salz\/DSC09511-2048x1151.jpg 2048w, https:\/\/www.guhalg.com\/wordpress\/wp-content\/uploads\/Reisen\/Bonaire2012\/Salz\/DSC09511-480x270.jpg 480w\" sizes=\"auto, (max-width: 1024px) 100vw, 1024px\" \/><\/figure>\n\n\n\n<figure class=\"wp-block-image size-large\"><img loading=\"lazy\" decoding=\"async\" width=\"1024\" height=\"575\" data-id=\"10589\" src=\"https:\/\/www.guhalg.com\/wordpress\/wp-content\/uploads\/Reisen\/Bonaire2012\/Salz\/DSC09504-1024x575.jpg\" alt=\"\" class=\"wp-image-10589\" srcset=\"https:\/\/www.guhalg.com\/wordpress\/wp-content\/uploads\/Reisen\/Bonaire2012\/Salz\/DSC09504-1024x575.jpg 1024w, https:\/\/www.guhalg.com\/wordpress\/wp-content\/uploads\/Reisen\/Bonaire2012\/Salz\/DSC09504-300x169.jpg 300w, https:\/\/www.guhalg.com\/wordpress\/wp-content\/uploads\/Reisen\/Bonaire2012\/Salz\/DSC09504-768x432.jpg 768w, https:\/\/www.guhalg.com\/wordpress\/wp-content\/uploads\/Reisen\/Bonaire2012\/Salz\/DSC09504-1536x863.jpg 1536w, https:\/\/www.guhalg.com\/wordpress\/wp-content\/uploads\/Reisen\/Bonaire2012\/Salz\/DSC09504-2048x1151.jpg 2048w, https:\/\/www.guhalg.com\/wordpress\/wp-content\/uploads\/Reisen\/Bonaire2012\/Salz\/DSC09504-480x270.jpg 480w\" sizes=\"auto, (max-width: 1024px) 100vw, 1024px\" \/><\/figure>\n\n\n\n<figure class=\"wp-block-image size-large\"><img loading=\"lazy\" decoding=\"async\" width=\"1024\" height=\"575\" data-id=\"10588\" src=\"https:\/\/www.guhalg.com\/wordpress\/wp-content\/uploads\/Reisen\/Bonaire2012\/Salz\/DSC09497-1024x575.jpg\" alt=\"\" class=\"wp-image-10588\" srcset=\"https:\/\/www.guhalg.com\/wordpress\/wp-content\/uploads\/Reisen\/Bonaire2012\/Salz\/DSC09497-1024x575.jpg 1024w, https:\/\/www.guhalg.com\/wordpress\/wp-content\/uploads\/Reisen\/Bonaire2012\/Salz\/DSC09497-300x169.jpg 300w, https:\/\/www.guhalg.com\/wordpress\/wp-content\/uploads\/Reisen\/Bonaire2012\/Salz\/DSC09497-768x432.jpg 768w, https:\/\/www.guhalg.com\/wordpress\/wp-content\/uploads\/Reisen\/Bonaire2012\/Salz\/DSC09497-1536x863.jpg 1536w, https:\/\/www.guhalg.com\/wordpress\/wp-content\/uploads\/Reisen\/Bonaire2012\/Salz\/DSC09497-2048x1151.jpg 2048w, https:\/\/www.guhalg.com\/wordpress\/wp-content\/uploads\/Reisen\/Bonaire2012\/Salz\/DSC09497-480x270.jpg 480w\" sizes=\"auto, (max-width: 1024px) 100vw, 1024px\" \/><\/figure>\n<\/figure>\n\n\n\n<p>Man beachte auch die Ausrichtung der sehr kleinen, offenen T\u00fcren zum Meer. Dieses was die einzige M\u00f6glichkeit etwas frische Luft zu bekommen.<\/p>\n\n\n\n<p>Von den Hinweistafeln hier Bilder mit den Schilderungen aus der Zeit.<\/p>\n\n\n\n<figure class=\"wp-block-gallery has-nested-images columns-default is-cropped wp-block-gallery-2 is-layout-flex wp-block-gallery-is-layout-flex\">\n<figure class=\"wp-block-image size-large\"><img loading=\"lazy\" decoding=\"async\" width=\"1024\" height=\"575\" data-id=\"10594\" src=\"https:\/\/www.guhalg.com\/wordpress\/wp-content\/uploads\/Reisen\/Bonaire2012\/Salz\/DSC09515-1024x575.jpg\" alt=\"\" class=\"wp-image-10594\" srcset=\"https:\/\/www.guhalg.com\/wordpress\/wp-content\/uploads\/Reisen\/Bonaire2012\/Salz\/DSC09515-1024x575.jpg 1024w, https:\/\/www.guhalg.com\/wordpress\/wp-content\/uploads\/Reisen\/Bonaire2012\/Salz\/DSC09515-300x169.jpg 300w, https:\/\/www.guhalg.com\/wordpress\/wp-content\/uploads\/Reisen\/Bonaire2012\/Salz\/DSC09515-768x432.jpg 768w, https:\/\/www.guhalg.com\/wordpress\/wp-content\/uploads\/Reisen\/Bonaire2012\/Salz\/DSC09515-1536x863.jpg 1536w, https:\/\/www.guhalg.com\/wordpress\/wp-content\/uploads\/Reisen\/Bonaire2012\/Salz\/DSC09515-2048x1151.jpg 2048w, https:\/\/www.guhalg.com\/wordpress\/wp-content\/uploads\/Reisen\/Bonaire2012\/Salz\/DSC09515-480x270.jpg 480w\" sizes=\"auto, (max-width: 1024px) 100vw, 1024px\" \/><\/figure>\n\n\n\n<figure class=\"wp-block-image size-large\"><img loading=\"lazy\" decoding=\"async\" width=\"1024\" height=\"575\" data-id=\"10595\" src=\"https:\/\/www.guhalg.com\/wordpress\/wp-content\/uploads\/Reisen\/Bonaire2012\/Salz\/DSC09516-1024x575.jpg\" alt=\"\" class=\"wp-image-10595\" srcset=\"https:\/\/www.guhalg.com\/wordpress\/wp-content\/uploads\/Reisen\/Bonaire2012\/Salz\/DSC09516-1024x575.jpg 1024w, https:\/\/www.guhalg.com\/wordpress\/wp-content\/uploads\/Reisen\/Bonaire2012\/Salz\/DSC09516-300x169.jpg 300w, https:\/\/www.guhalg.com\/wordpress\/wp-content\/uploads\/Reisen\/Bonaire2012\/Salz\/DSC09516-768x432.jpg 768w, https:\/\/www.guhalg.com\/wordpress\/wp-content\/uploads\/Reisen\/Bonaire2012\/Salz\/DSC09516-1536x863.jpg 1536w, https:\/\/www.guhalg.com\/wordpress\/wp-content\/uploads\/Reisen\/Bonaire2012\/Salz\/DSC09516-2048x1151.jpg 2048w, https:\/\/www.guhalg.com\/wordpress\/wp-content\/uploads\/Reisen\/Bonaire2012\/Salz\/DSC09516-480x270.jpg 480w\" sizes=\"auto, (max-width: 1024px) 100vw, 1024px\" \/><\/figure>\n<\/figure>\n\n\n\n<p>Auch heute noch wird auf Bonaire Meersalz durch nat\u00fcrliche Verdunstung gewonnen. Die Becken dazu sind riesig und die Salzlager auch. Das ganze Areal ist aber auch eine Art Schutzreservat f\u00fcr Flaminges, die in den Salzseen kleine Krebstierchen finden.<\/p>\n\n\n\n<figure class=\"wp-block-image size-large\"><a href=\"https:\/\/www.guhalg.com\/wordpress\/wp-content\/uploads\/Reisen\/Bonaire2012\/Salz\/DSC09533-scaled.jpg\"><img loading=\"lazy\" decoding=\"async\" width=\"1024\" height=\"575\" src=\"https:\/\/www.guhalg.com\/wordpress\/wp-content\/uploads\/Reisen\/Bonaire2012\/Salz\/DSC09533-1024x575.jpg\" alt=\"Salzlager\" class=\"wp-image-10599\" srcset=\"https:\/\/www.guhalg.com\/wordpress\/wp-content\/uploads\/Reisen\/Bonaire2012\/Salz\/DSC09533-1024x575.jpg 1024w, https:\/\/www.guhalg.com\/wordpress\/wp-content\/uploads\/Reisen\/Bonaire2012\/Salz\/DSC09533-300x169.jpg 300w, https:\/\/www.guhalg.com\/wordpress\/wp-content\/uploads\/Reisen\/Bonaire2012\/Salz\/DSC09533-768x432.jpg 768w, https:\/\/www.guhalg.com\/wordpress\/wp-content\/uploads\/Reisen\/Bonaire2012\/Salz\/DSC09533-1536x863.jpg 1536w, https:\/\/www.guhalg.com\/wordpress\/wp-content\/uploads\/Reisen\/Bonaire2012\/Salz\/DSC09533-2048x1151.jpg 2048w, https:\/\/www.guhalg.com\/wordpress\/wp-content\/uploads\/Reisen\/Bonaire2012\/Salz\/DSC09533-480x270.jpg 480w\" sizes=\"auto, (max-width: 1024px) 100vw, 1024px\" \/><\/a><\/figure>\n\n\n\n<p>Die Verschiffung erfolgt heute nat\u00fcrlich nicht mehr mit Sklaven, sondern erfolgt mit einem modernen Kran. Die Verankerung dieses Krans ist ein beliebtes Tauchrevier, da in den Verstrebungen unter Wasser viele Fische Schutz suchen und daher au\u00dferhalb der Verstrebungen viele Raubfische zu beobachten sind.<\/p>\n\n\n\n<p>Auf der folgenden Seite gibt es noch einen kleinen Einblick in die Insel, mit einem Abstecher in das Schutzreservat im Norden und dem Besuch in der Esel Schutzzone.<\/p>\n\n\n\n<div class=\"wp-block-columns is-layout-flex wp-container-core-columns-is-layout-9d6595d7 wp-block-columns-is-layout-flex\">\n<div class=\"wp-block-column is-layout-flow wp-block-column-is-layout-flow\">\n<div class=\"wp-block-buttons is-layout-flex wp-block-buttons-is-layout-flex\">\n<div class=\"wp-block-button\"><a class=\"wp-block-button__link wp-element-button\" href=\"https:\/\/www.guhalg.com\/wordpress\/?page_id=10535\">Bonaire, die Insel<\/a><\/div>\n<\/div>\n<\/div>\n\n\n\n<div class=\"wp-block-column is-layout-flow wp-block-column-is-layout-flow\">\n<div class=\"wp-block-buttons is-content-justification-right is-layout-flex wp-container-core-buttons-is-layout-765c4724 wp-block-buttons-is-layout-flex\">\n<div class=\"wp-block-button\"><a class=\"wp-block-button__link wp-element-button\" href=\"https:\/\/www.guhalg.com\/wordpress\/?page_id=10628\">Das Schutzreservat<\/a><\/div>\n<\/div>\n<\/div>\n<\/div>\n\n\n\n<div class=\"wp-block-columns is-layout-flex wp-container-core-columns-is-layout-9d6595d7 wp-block-columns-is-layout-flex\"><\/div>\n","protected":false},"excerpt":{"rendered":"<p>Seit dem 16. Jhd. wird auf Bonaire Salz abgebaut und mit der \u00dcbernahme durch die Niederlande im 17. Jhd. wurden aus Afrika Sklaven f\u00fcr die Salzgewinnung importiert. Diese lebten gedr\u00e4ngt in kleinen H\u00fctten am Strand und waren je nach Salzgrad&hellip; <\/p>\n","protected":false},"author":1,"featured_media":0,"parent":10497,"menu_order":3,"comment_status":"closed","ping_status":"closed","template":"","meta":{"footnotes":""},"class_list":["post-10582","page","type-page","status-publish","hentry"],"_links":{"self":[{"href":"https:\/\/www.guhalg.com\/wordpress\/index.php?rest_route=\/wp\/v2\/pages\/10582","targetHints":{"allow":["GET"]}}],"collection":[{"href":"https:\/\/www.guhalg.com\/wordpress\/index.php?rest_route=\/wp\/v2\/pages"}],"about":[{"href":"https:\/\/www.guhalg.com\/wordpress\/index.php?rest_route=\/wp\/v2\/types\/page"}],"author":[{"embeddable":true,"href":"https:\/\/www.guhalg.com\/wordpress\/index.php?rest_route=\/wp\/v2\/users\/1"}],"replies":[{"embeddable":true,"href":"https:\/\/www.guhalg.com\/wordpress\/index.php?rest_route=%2Fwp%2Fv2%2Fcomments&post=10582"}],"version-history":[{"count":11,"href":"https:\/\/www.guhalg.com\/wordpress\/index.php?rest_route=\/wp\/v2\/pages\/10582\/revisions"}],"predecessor-version":[{"id":10635,"href":"https:\/\/www.guhalg.com\/wordpress\/index.php?rest_route=\/wp\/v2\/pages\/10582\/revisions\/10635"}],"up":[{"embeddable":true,"href":"https:\/\/www.guhalg.com\/wordpress\/index.php?rest_route=\/wp\/v2\/pages\/10497"}],"wp:attachment":[{"href":"https:\/\/www.guhalg.com\/wordpress\/index.php?rest_route=%2Fwp%2Fv2%2Fmedia&parent=10582"}],"curies":[{"name":"wp","href":"https:\/\/api.w.org\/{rel}","templated":true}]}}