{"id":10791,"date":"2023-11-24T20:24:42","date_gmt":"2023-11-24T19:24:42","guid":{"rendered":"https:\/\/www.guhalg.com\/wordpress\/?page_id=10791"},"modified":"2023-11-24T22:41:43","modified_gmt":"2023-11-24T21:41:43","slug":"windhoek-2","status":"publish","type":"page","link":"https:\/\/www.guhalg.com\/wordpress\/?page_id=10791","title":{"rendered":"Windhoek"},"content":{"rendered":"\n<p><br>Die Anreise mit dem Langstreckenflug nach Windhoek verlief gut. Am Flughafen wurden wir abgeholt und zu unserer Autovermietung gebracht. Dort warteten schon zwei schneewei\u00dfe Toyota Hilux auf uns. Doch bevor wir diese in Empfang nehmen konnten, gab es noch eine \u201akleine\u2018 Schulung \u00fcber das Fahren in Namibia mit einigen guten Hinweisen. \u00dcber den Linksverkehr, das Fahren auf Schotterstra\u00dfen und Sandwegen bis hin zum Gel\u00e4ndegang wurde alles einmal kurz angesprochen und per Video erl\u00e4utert.<\/p>\n\n\n\n<p>Danach sind wir zum Einchecken in unsere Unterkunft in Namibia gefahren. Einmal etwas frisch machen und dann los zur Besichtigung von Windhoek. Im Vorfeld gab es einige Hinweise zum Parken, von Leuten angesprochen werden, einsame Stra\u00dfen meiden und vor allem im Dunkeln in der Unterkunft sein. Kam uns irgendwie vor in S\u00fcdafrika. Wir sind dann mit einem Auto in die Stadtmitte gefahren und haben den Wagen an einer belebten Stra\u00dfe geparkt.<\/p>\n\n\n\n<p>Sofort nach den ersten Metern ist eine deutsche Vergangenheit auff\u00e4llig. Die Stra\u00dfennamen oder auch Pl\u00e4tze und Geb\u00e4ude haben oft eine deutsche Vergangenheit.<\/p>\n\n\n\n<div class=\"wp-block-columns is-layout-flex wp-container-core-columns-is-layout-9d6595d7 wp-block-columns-is-layout-flex\">\n<div class=\"wp-block-column is-layout-flow wp-block-column-is-layout-flow\">\n<figure class=\"wp-block-image size-large\"><a href=\"https:\/\/www.guhalg.com\/wordpress\/wp-content\/uploads\/Reisen\/Namibia2014\/01_Windhoek\/DSC05367-scaled.jpg\"><img loading=\"lazy\" decoding=\"async\" width=\"1024\" height=\"575\" src=\"https:\/\/www.guhalg.com\/wordpress\/wp-content\/uploads\/Reisen\/Namibia2014\/01_Windhoek\/DSC05367-1024x575.jpg\" alt=\"Deutsche Namen\" class=\"wp-image-10649\" srcset=\"https:\/\/www.guhalg.com\/wordpress\/wp-content\/uploads\/Reisen\/Namibia2014\/01_Windhoek\/DSC05367-1024x575.jpg 1024w, https:\/\/www.guhalg.com\/wordpress\/wp-content\/uploads\/Reisen\/Namibia2014\/01_Windhoek\/DSC05367-300x169.jpg 300w, https:\/\/www.guhalg.com\/wordpress\/wp-content\/uploads\/Reisen\/Namibia2014\/01_Windhoek\/DSC05367-768x432.jpg 768w, https:\/\/www.guhalg.com\/wordpress\/wp-content\/uploads\/Reisen\/Namibia2014\/01_Windhoek\/DSC05367-1536x863.jpg 1536w, https:\/\/www.guhalg.com\/wordpress\/wp-content\/uploads\/Reisen\/Namibia2014\/01_Windhoek\/DSC05367-2048x1151.jpg 2048w, https:\/\/www.guhalg.com\/wordpress\/wp-content\/uploads\/Reisen\/Namibia2014\/01_Windhoek\/DSC05367-480x270.jpg 480w\" sizes=\"auto, (max-width: 1024px) 100vw, 1024px\" \/><\/a><\/figure>\n<\/div>\n<\/div>\n\n\n\n<p>Was man nach einiger Zeit auch bemerkt: Es gibt keine Hochh\u00e4user und auch kaum Geb\u00e4ude gr\u00f6\u00dfer als 3-4 Stockwerke.<\/p>\n\n\n\n<p>Beim Spaziergang durch die Stadt gab es auch einiges zu sehen. Von der <a href=\"https:\/\/de.wikipedia.org\/wiki\/Christuskirche_(Windhoek)\" data-type=\"link\" data-id=\"https:\/\/de.wikipedia.org\/wiki\/Christuskirche\" target=\"_blank\" rel=\"noreferrer noopener\">Christuskirche <\/a><\/p>\n\n\n\n<figure class=\"wp-block-image size-large\"><img loading=\"lazy\" decoding=\"async\" width=\"1024\" height=\"575\" src=\"https:\/\/www.guhalg.com\/wordpress\/wp-content\/uploads\/Reisen\/Namibia2014\/01_Windhoek\/DSC05310-1024x575.jpg\" alt=\"Christuskirche\" class=\"wp-image-10645\" srcset=\"https:\/\/www.guhalg.com\/wordpress\/wp-content\/uploads\/Reisen\/Namibia2014\/01_Windhoek\/DSC05310-1024x575.jpg 1024w, https:\/\/www.guhalg.com\/wordpress\/wp-content\/uploads\/Reisen\/Namibia2014\/01_Windhoek\/DSC05310-300x169.jpg 300w, https:\/\/www.guhalg.com\/wordpress\/wp-content\/uploads\/Reisen\/Namibia2014\/01_Windhoek\/DSC05310-768x432.jpg 768w, https:\/\/www.guhalg.com\/wordpress\/wp-content\/uploads\/Reisen\/Namibia2014\/01_Windhoek\/DSC05310-1536x863.jpg 1536w, https:\/\/www.guhalg.com\/wordpress\/wp-content\/uploads\/Reisen\/Namibia2014\/01_Windhoek\/DSC05310-2048x1151.jpg 2048w, https:\/\/www.guhalg.com\/wordpress\/wp-content\/uploads\/Reisen\/Namibia2014\/01_Windhoek\/DSC05310-480x270.jpg 480w\" sizes=\"auto, (max-width: 1024px) 100vw, 1024px\" \/><\/figure>\n\n\n\n<p>\u00fcber das <a href=\"https:\/\/de.wikipedia.org\/wiki\/Unabh%C3%A4ngigkeits-Gedenkmuseum\" data-type=\"link\" data-id=\"https:\/\/de.wikipedia.org\/wiki\/Unabh%C3%A4ngigkeits-Gedenkmuseum\" target=\"_blank\" rel=\"noreferrer noopener\">Unabh\u00e4ngigkeits-Gedenk-Museum<\/a><\/p>\n\n\n\n<figure class=\"wp-block-image size-large\"><img loading=\"lazy\" decoding=\"async\" width=\"1024\" height=\"575\" src=\"https:\/\/www.guhalg.com\/wordpress\/wp-content\/uploads\/Reisen\/Namibia2014\/01_Windhoek\/DSC05315-1024x575.jpg\" alt=\"Unabh\u00e4ngigkeit\" class=\"wp-image-10646\" srcset=\"https:\/\/www.guhalg.com\/wordpress\/wp-content\/uploads\/Reisen\/Namibia2014\/01_Windhoek\/DSC05315-1024x575.jpg 1024w, https:\/\/www.guhalg.com\/wordpress\/wp-content\/uploads\/Reisen\/Namibia2014\/01_Windhoek\/DSC05315-300x169.jpg 300w, https:\/\/www.guhalg.com\/wordpress\/wp-content\/uploads\/Reisen\/Namibia2014\/01_Windhoek\/DSC05315-768x432.jpg 768w, https:\/\/www.guhalg.com\/wordpress\/wp-content\/uploads\/Reisen\/Namibia2014\/01_Windhoek\/DSC05315-1536x863.jpg 1536w, https:\/\/www.guhalg.com\/wordpress\/wp-content\/uploads\/Reisen\/Namibia2014\/01_Windhoek\/DSC05315-2048x1151.jpg 2048w, https:\/\/www.guhalg.com\/wordpress\/wp-content\/uploads\/Reisen\/Namibia2014\/01_Windhoek\/DSC05315-480x270.jpg 480w\" sizes=\"auto, (max-width: 1024px) 100vw, 1024px\" \/><\/figure>\n\n\n\n<p>bis hin zum <a href=\"https:\/\/de.wikipedia.org\/wiki\/Bahnhof_Windhoek\" data-type=\"link\" data-id=\"https:\/\/de.wikipedia.org\/wiki\/Bahnhof_Windhoek\" target=\"_blank\" rel=\"noreferrer noopener\">Bahnhof<\/a><\/p>\n\n\n\n<div class=\"wp-block-columns is-layout-flex wp-container-core-columns-is-layout-9d6595d7 wp-block-columns-is-layout-flex\">\n<div class=\"wp-block-column is-layout-flow wp-block-column-is-layout-flow\">\n<figure class=\"wp-block-image size-large\"><img loading=\"lazy\" decoding=\"async\" width=\"1024\" height=\"576\" src=\"https:\/\/www.guhalg.com\/wordpress\/wp-content\/uploads\/Reisen\/Namibia2014\/01_Windhoek\/DSC05369-1024x576.jpg\" alt=\"Bahnhof\" class=\"wp-image-10650\" srcset=\"https:\/\/www.guhalg.com\/wordpress\/wp-content\/uploads\/Reisen\/Namibia2014\/01_Windhoek\/DSC05369-1024x576.jpg 1024w, https:\/\/www.guhalg.com\/wordpress\/wp-content\/uploads\/Reisen\/Namibia2014\/01_Windhoek\/DSC05369-300x169.jpg 300w, https:\/\/www.guhalg.com\/wordpress\/wp-content\/uploads\/Reisen\/Namibia2014\/01_Windhoek\/DSC05369-768x432.jpg 768w, https:\/\/www.guhalg.com\/wordpress\/wp-content\/uploads\/Reisen\/Namibia2014\/01_Windhoek\/DSC05369-1536x864.jpg 1536w, https:\/\/www.guhalg.com\/wordpress\/wp-content\/uploads\/Reisen\/Namibia2014\/01_Windhoek\/DSC05369-2048x1152.jpg 2048w, https:\/\/www.guhalg.com\/wordpress\/wp-content\/uploads\/Reisen\/Namibia2014\/01_Windhoek\/DSC05369-480x270.jpg 480w\" sizes=\"auto, (max-width: 1024px) 100vw, 1024px\" \/><\/figure>\n<\/div>\n\n\n\n<div class=\"wp-block-column is-layout-flow wp-block-column-is-layout-flow\">\n<figure class=\"wp-block-image size-large\"><img loading=\"lazy\" decoding=\"async\" width=\"1024\" height=\"576\" src=\"https:\/\/www.guhalg.com\/wordpress\/wp-content\/uploads\/Reisen\/Namibia2014\/01_Windhoek\/DSC05380-1024x576.jpg\" alt=\"Fahrplan\" class=\"wp-image-10652\" srcset=\"https:\/\/www.guhalg.com\/wordpress\/wp-content\/uploads\/Reisen\/Namibia2014\/01_Windhoek\/DSC05380-1024x576.jpg 1024w, https:\/\/www.guhalg.com\/wordpress\/wp-content\/uploads\/Reisen\/Namibia2014\/01_Windhoek\/DSC05380-300x169.jpg 300w, https:\/\/www.guhalg.com\/wordpress\/wp-content\/uploads\/Reisen\/Namibia2014\/01_Windhoek\/DSC05380-768x432.jpg 768w, https:\/\/www.guhalg.com\/wordpress\/wp-content\/uploads\/Reisen\/Namibia2014\/01_Windhoek\/DSC05380-1536x864.jpg 1536w, https:\/\/www.guhalg.com\/wordpress\/wp-content\/uploads\/Reisen\/Namibia2014\/01_Windhoek\/DSC05380-2048x1152.jpg 2048w, https:\/\/www.guhalg.com\/wordpress\/wp-content\/uploads\/Reisen\/Namibia2014\/01_Windhoek\/DSC05380-480x270.jpg 480w\" sizes=\"auto, (max-width: 1024px) 100vw, 1024px\" \/><\/figure>\n<\/div>\n\n\n\n<div class=\"wp-block-column is-layout-flow wp-block-column-is-layout-flow\">\n<figure class=\"wp-block-image size-large\"><img loading=\"lazy\" decoding=\"async\" width=\"1024\" height=\"576\" src=\"https:\/\/www.guhalg.com\/wordpress\/wp-content\/uploads\/Reisen\/Namibia2014\/01_Windhoek\/DSC05379-1024x576.jpg\" alt=\"Fahrplan\" class=\"wp-image-10651\" srcset=\"https:\/\/www.guhalg.com\/wordpress\/wp-content\/uploads\/Reisen\/Namibia2014\/01_Windhoek\/DSC05379-1024x576.jpg 1024w, https:\/\/www.guhalg.com\/wordpress\/wp-content\/uploads\/Reisen\/Namibia2014\/01_Windhoek\/DSC05379-300x169.jpg 300w, https:\/\/www.guhalg.com\/wordpress\/wp-content\/uploads\/Reisen\/Namibia2014\/01_Windhoek\/DSC05379-768x432.jpg 768w, https:\/\/www.guhalg.com\/wordpress\/wp-content\/uploads\/Reisen\/Namibia2014\/01_Windhoek\/DSC05379-1536x864.jpg 1536w, https:\/\/www.guhalg.com\/wordpress\/wp-content\/uploads\/Reisen\/Namibia2014\/01_Windhoek\/DSC05379-2048x1152.jpg 2048w, https:\/\/www.guhalg.com\/wordpress\/wp-content\/uploads\/Reisen\/Namibia2014\/01_Windhoek\/DSC05379-480x270.jpg 480w\" sizes=\"auto, (max-width: 1024px) 100vw, 1024px\" \/><\/figure>\n<\/div>\n<\/div>\n\n\n\n<p>Zwischendurch dann auch der deutsche Adler und die <a href=\"https:\/\/de.wikipedia.org\/wiki\/Alte_Feste\" data-type=\"link\" data-id=\"https:\/\/de.wikipedia.org\/wiki\/Alte_Feste\" target=\"_blank\" rel=\"noreferrer noopener\">Alte Feste<\/a> oder der botanische Garten des Parlamentsgeb\u00e4udes.<\/p>\n\n\n\n<div class=\"wp-block-columns is-layout-flex wp-container-core-columns-is-layout-9d6595d7 wp-block-columns-is-layout-flex\">\n<div class=\"wp-block-column is-layout-flow wp-block-column-is-layout-flow\">\n<figure class=\"wp-block-image size-large\"><img loading=\"lazy\" decoding=\"async\" width=\"1024\" height=\"575\" src=\"https:\/\/www.guhalg.com\/wordpress\/wp-content\/uploads\/Reisen\/Namibia2014\/01_Windhoek\/DSC05294-1024x575.jpg\" alt=\"Deutscher Adler\" class=\"wp-image-10644\" srcset=\"https:\/\/www.guhalg.com\/wordpress\/wp-content\/uploads\/Reisen\/Namibia2014\/01_Windhoek\/DSC05294-1024x575.jpg 1024w, https:\/\/www.guhalg.com\/wordpress\/wp-content\/uploads\/Reisen\/Namibia2014\/01_Windhoek\/DSC05294-300x169.jpg 300w, https:\/\/www.guhalg.com\/wordpress\/wp-content\/uploads\/Reisen\/Namibia2014\/01_Windhoek\/DSC05294-768x432.jpg 768w, https:\/\/www.guhalg.com\/wordpress\/wp-content\/uploads\/Reisen\/Namibia2014\/01_Windhoek\/DSC05294-1536x863.jpg 1536w, https:\/\/www.guhalg.com\/wordpress\/wp-content\/uploads\/Reisen\/Namibia2014\/01_Windhoek\/DSC05294-2048x1151.jpg 2048w, https:\/\/www.guhalg.com\/wordpress\/wp-content\/uploads\/Reisen\/Namibia2014\/01_Windhoek\/DSC05294-480x270.jpg 480w\" sizes=\"auto, (max-width: 1024px) 100vw, 1024px\" \/><\/figure>\n<\/div>\n\n\n\n<div class=\"wp-block-column is-layout-flow wp-block-column-is-layout-flow\">\n<figure class=\"wp-block-image size-large\"><img loading=\"lazy\" decoding=\"async\" width=\"1024\" height=\"575\" src=\"https:\/\/www.guhalg.com\/wordpress\/wp-content\/uploads\/Reisen\/Namibia2014\/01_Windhoek\/DSC05319-1024x575.jpg\" alt=\"Alte Feste\" class=\"wp-image-10647\" srcset=\"https:\/\/www.guhalg.com\/wordpress\/wp-content\/uploads\/Reisen\/Namibia2014\/01_Windhoek\/DSC05319-1024x575.jpg 1024w, https:\/\/www.guhalg.com\/wordpress\/wp-content\/uploads\/Reisen\/Namibia2014\/01_Windhoek\/DSC05319-300x169.jpg 300w, https:\/\/www.guhalg.com\/wordpress\/wp-content\/uploads\/Reisen\/Namibia2014\/01_Windhoek\/DSC05319-768x432.jpg 768w, https:\/\/www.guhalg.com\/wordpress\/wp-content\/uploads\/Reisen\/Namibia2014\/01_Windhoek\/DSC05319-1536x863.jpg 1536w, https:\/\/www.guhalg.com\/wordpress\/wp-content\/uploads\/Reisen\/Namibia2014\/01_Windhoek\/DSC05319-2048x1151.jpg 2048w, https:\/\/www.guhalg.com\/wordpress\/wp-content\/uploads\/Reisen\/Namibia2014\/01_Windhoek\/DSC05319-480x270.jpg 480w\" sizes=\"auto, (max-width: 1024px) 100vw, 1024px\" \/><\/figure>\n<\/div>\n\n\n\n<div class=\"wp-block-column is-layout-flow wp-block-column-is-layout-flow\">\n<figure class=\"wp-block-image size-large\"><img loading=\"lazy\" decoding=\"async\" width=\"1024\" height=\"575\" src=\"https:\/\/www.guhalg.com\/wordpress\/wp-content\/uploads\/Reisen\/Namibia2014\/01_Windhoek\/DSC05359-1024x575.jpg\" alt=\"Botanischer Garten\" class=\"wp-image-10648\" srcset=\"https:\/\/www.guhalg.com\/wordpress\/wp-content\/uploads\/Reisen\/Namibia2014\/01_Windhoek\/DSC05359-1024x575.jpg 1024w, https:\/\/www.guhalg.com\/wordpress\/wp-content\/uploads\/Reisen\/Namibia2014\/01_Windhoek\/DSC05359-300x169.jpg 300w, https:\/\/www.guhalg.com\/wordpress\/wp-content\/uploads\/Reisen\/Namibia2014\/01_Windhoek\/DSC05359-768x432.jpg 768w, https:\/\/www.guhalg.com\/wordpress\/wp-content\/uploads\/Reisen\/Namibia2014\/01_Windhoek\/DSC05359-1536x863.jpg 1536w, https:\/\/www.guhalg.com\/wordpress\/wp-content\/uploads\/Reisen\/Namibia2014\/01_Windhoek\/DSC05359-2048x1151.jpg 2048w, https:\/\/www.guhalg.com\/wordpress\/wp-content\/uploads\/Reisen\/Namibia2014\/01_Windhoek\/DSC05359-480x270.jpg 480w\" sizes=\"auto, (max-width: 1024px) 100vw, 1024px\" \/><\/figure>\n<\/div>\n<\/div>\n\n\n\n<p>Wir hatten einiges zu sehen und sind abends zufrieden zu unserer Unterkunft zur\u00fcckgefahren. Die eindringlichen Warnungen abends nicht die gesicherte Unterkunft zu verlassen, haben uns zu einem einfachen, schmackhaften Snack in unserem Zimmer bewogen.<\/p>\n\n\n\n<p>Sehr zufrieden und entspannt ging damit unser erster Tag in Namibia zu Ende.<\/p>\n\n\n\n<div class=\"wp-block-columns is-layout-flex wp-container-core-columns-is-layout-9d6595d7 wp-block-columns-is-layout-flex\">\n<div class=\"wp-block-column is-layout-flow wp-block-column-is-layout-flow\">\n<div class=\"wp-block-buttons is-layout-flex wp-block-buttons-is-layout-flex\">\n<div class=\"wp-block-button\"><a class=\"wp-block-button__link wp-element-button\" href=\"https:\/\/www.guhalg.com\/wordpress\/?page_id=10786\">Planung<\/a><\/div>\n<\/div>\n<\/div>\n\n\n\n<div class=\"wp-block-column is-layout-flow wp-block-column-is-layout-flow\">\n<div class=\"wp-block-buttons is-content-justification-right is-layout-flex wp-container-core-buttons-is-layout-765c4724 wp-block-buttons-is-layout-flex\">\n<div class=\"wp-block-button\"><a class=\"wp-block-button__link wp-element-button\" href=\"https:\/\/www.guhalg.com\/wordpress\/?page_id=10793\">Namid<\/a><\/div>\n<\/div>\n<\/div>\n<\/div>\n","protected":false},"excerpt":{"rendered":"<p>Die Anreise mit dem Langstreckenflug nach Windhoek verlief gut. Am Flughafen wurden wir abgeholt und zu unserer Autovermietung gebracht. Dort warteten schon zwei schneewei\u00dfe Toyota Hilux auf uns. Doch bevor wir diese in Empfang nehmen konnten, gab es noch eine&hellip; <\/p>\n","protected":false},"author":1,"featured_media":0,"parent":10643,"menu_order":1,"comment_status":"closed","ping_status":"closed","template":"","meta":{"footnotes":""},"class_list":["post-10791","page","type-page","status-publish","hentry"],"_links":{"self":[{"href":"https:\/\/www.guhalg.com\/wordpress\/index.php?rest_route=\/wp\/v2\/pages\/10791","targetHints":{"allow":["GET"]}}],"collection":[{"href":"https:\/\/www.guhalg.com\/wordpress\/index.php?rest_route=\/wp\/v2\/pages"}],"about":[{"href":"https:\/\/www.guhalg.com\/wordpress\/index.php?rest_route=\/wp\/v2\/types\/page"}],"author":[{"embeddable":true,"href":"https:\/\/www.guhalg.com\/wordpress\/index.php?rest_route=\/wp\/v2\/users\/1"}],"replies":[{"embeddable":true,"href":"https:\/\/www.guhalg.com\/wordpress\/index.php?rest_route=%2Fwp%2Fv2%2Fcomments&post=10791"}],"version-history":[{"count":7,"href":"https:\/\/www.guhalg.com\/wordpress\/index.php?rest_route=\/wp\/v2\/pages\/10791\/revisions"}],"predecessor-version":[{"id":10899,"href":"https:\/\/www.guhalg.com\/wordpress\/index.php?rest_route=\/wp\/v2\/pages\/10791\/revisions\/10899"}],"up":[{"embeddable":true,"href":"https:\/\/www.guhalg.com\/wordpress\/index.php?rest_route=\/wp\/v2\/pages\/10643"}],"wp:attachment":[{"href":"https:\/\/www.guhalg.com\/wordpress\/index.php?rest_route=%2Fwp%2Fv2%2Fmedia&parent=10791"}],"curies":[{"name":"wp","href":"https:\/\/api.w.org\/{rel}","templated":true}]}}