{"id":10793,"date":"2023-11-24T20:25:11","date_gmt":"2023-11-24T19:25:11","guid":{"rendered":"https:\/\/www.guhalg.com\/wordpress\/?page_id=10793"},"modified":"2023-12-03T22:28:04","modified_gmt":"2023-12-03T21:28:04","slug":"namid-desert-lodge","status":"publish","type":"page","link":"https:\/\/www.guhalg.com\/wordpress\/?page_id=10793","title":{"rendered":"Namid"},"content":{"rendered":"\n<p>Am n\u00e4chsten Morgen hatten wir unsere erste l\u00e4ngere Fahrt vor uns. Das Ziel war die <a href=\"http:\/\/www.namibiareservations.com\/namib_desert_lodge_de.html\" data-type=\"link\" data-id=\"www.namibiareservations.com\/namib_desert_lodge_de.html\" target=\"_blank\" rel=\"noreferrer noopener\">Namib Desert Lodge<\/a>  Die Entfernung betr\u00e4gt knapp 300 Km und die Fahrzeit wird mit ca. 4 Stunden prognostiziert. Im Grunde gibt es zwei Hauptrouten zum Fahren. Einmal \u00fcber die C26 (Schotterpiste, auch Gravel Road genannt) und dann \u00fcber die B1 (Teerstra\u00dfe).<\/p>\n\n\n\n<p>Wir haben uns f\u00fcr die Schotterpiste entschieden, sind aber irgendwie zwischendurch falsch abgebogen und mussten uns dann etwas durch die Gegend k\u00e4mpfen. Die Stra\u00dfe war gut ausgebaut, aber uns fehlten nach einiger Zeit alle Hinweisschilder. Wir waren nicht mehr auf den Gravel Road sondern sind auf einer D-Stra\u00dfe (District Road) gelandet. Das hat uns einiges an Zeit gekostet, aber wir wurden mit wundersch\u00f6nen Aussichten in die Natur belohnt.<\/p>\n\n\n\n<figure class=\"wp-block-gallery has-nested-images columns-default is-cropped wp-block-gallery-1 is-layout-flex wp-block-gallery-is-layout-flex\">\n<figure class=\"wp-block-image size-large\"><img decoding=\"async\" data-id=\"10656\" src=\"https:\/\/www.guhalg.com\/wordpress\/wp-content\/uploads\/Reisen\/Namibia2014\/02_Namib\/DSC05393_P-1024x523.jpg\" alt=\"\" class=\"wp-image-10656\"\/><\/figure>\n\n\n\n<figure class=\"wp-block-image size-large\"><img loading=\"lazy\" decoding=\"async\" width=\"1024\" height=\"379\" data-id=\"10966\" src=\"https:\/\/www.guhalg.com\/wordpress\/wp-content\/uploads\/Reisen\/Namibia2014\/02_Namib\/DSC05508_P_klein-1024x379.jpg\" alt=\"\" class=\"wp-image-10966\" srcset=\"https:\/\/www.guhalg.com\/wordpress\/wp-content\/uploads\/Reisen\/Namibia2014\/02_Namib\/DSC05508_P_klein-1024x379.jpg 1024w, https:\/\/www.guhalg.com\/wordpress\/wp-content\/uploads\/Reisen\/Namibia2014\/02_Namib\/DSC05508_P_klein-300x111.jpg 300w, https:\/\/www.guhalg.com\/wordpress\/wp-content\/uploads\/Reisen\/Namibia2014\/02_Namib\/DSC05508_P_klein-768x284.jpg 768w, https:\/\/www.guhalg.com\/wordpress\/wp-content\/uploads\/Reisen\/Namibia2014\/02_Namib\/DSC05508_P_klein-1536x568.jpg 1536w, https:\/\/www.guhalg.com\/wordpress\/wp-content\/uploads\/Reisen\/Namibia2014\/02_Namib\/DSC05508_P_klein-2048x757.jpg 2048w\" sizes=\"auto, (max-width: 1024px) 100vw, 1024px\" \/><\/figure>\n\n\n\n<figure class=\"wp-block-image size-large\"><img decoding=\"async\" data-id=\"10654\" src=\"https:\/\/www.guhalg.com\/wordpress\/wp-content\/uploads\/Reisen\/Namibia2014\/02_Namib\/DSC05388-1024x575.jpg\" alt=\"\" class=\"wp-image-10654\"\/><\/figure>\n\n\n\n<figure class=\"wp-block-image size-large\"><img decoding=\"async\" data-id=\"10657\" src=\"https:\/\/www.guhalg.com\/wordpress\/wp-content\/uploads\/Reisen\/Namibia2014\/02_Namib\/DSC05408-1024x575.jpg\" alt=\"\" class=\"wp-image-10657\"\/><\/figure>\n\n\n\n<figure class=\"wp-block-image size-large\"><img decoding=\"async\" data-id=\"10658\" src=\"https:\/\/www.guhalg.com\/wordpress\/wp-content\/uploads\/Reisen\/Namibia2014\/02_Namib\/DSC05413-1024x575.jpg\" alt=\"\" class=\"wp-image-10658\"\/><\/figure>\n\n\n\n<figure class=\"wp-block-image size-large\"><img decoding=\"async\" data-id=\"10659\" src=\"https:\/\/www.guhalg.com\/wordpress\/wp-content\/uploads\/Reisen\/Namibia2014\/02_Namib\/DSC05415-1024x575.jpg\" alt=\"Anreise Namib\" class=\"wp-image-10659\"\/><\/figure>\n<\/figure>\n\n\n\n<p>Okay, es gab schon die erste Flussdurchquerung und der Blick aufs Navi zeigte nur noch Wildnis um uns herum. Aber nach zwei Stunden sind wir wieder auf eine befestigte Schotterstra\u00dfe eingebogen, haben die Tiere am Stra\u00dfenrand betrachtet.<\/p>\n\n\n\n<figure class=\"wp-block-gallery has-nested-images columns-default is-cropped wp-block-gallery-2 is-layout-flex wp-block-gallery-is-layout-flex\">\n<figure class=\"wp-block-image size-large\"><img decoding=\"async\" data-id=\"10661\" src=\"https:\/\/www.guhalg.com\/wordpress\/wp-content\/uploads\/Reisen\/Namibia2014\/02_Namib\/DSC05445-1024x576.jpg\" alt=\"\" class=\"wp-image-10661\"\/><\/figure>\n\n\n\n<figure class=\"wp-block-image size-large\"><img decoding=\"async\" data-id=\"10655\" src=\"https:\/\/www.guhalg.com\/wordpress\/wp-content\/uploads\/Reisen\/Namibia2014\/02_Namib\/DSC05389-1024x575.jpg\" alt=\"\" class=\"wp-image-10655\"\/><\/figure>\n\n\n\n<figure class=\"wp-block-image size-large\"><img decoding=\"async\" data-id=\"10660\" src=\"https:\/\/www.guhalg.com\/wordpress\/wp-content\/uploads\/Reisen\/Namibia2014\/02_Namib\/DSC05432-1024x575.jpg\" alt=\"\" class=\"wp-image-10660\"\/><\/figure>\n\n\n\n<figure class=\"wp-block-image size-large\"><img decoding=\"async\" data-id=\"10662\" src=\"https:\/\/www.guhalg.com\/wordpress\/wp-content\/uploads\/Reisen\/Namibia2014\/02_Namib\/DSC05471-1024x576.jpg\" alt=\"\" class=\"wp-image-10662\"\/><\/figure>\n\n\n\n<figure class=\"wp-block-image size-large\"><img decoding=\"async\" data-id=\"10663\" src=\"https:\/\/www.guhalg.com\/wordpress\/wp-content\/uploads\/Reisen\/Namibia2014\/02_Namib\/DSC05473-1024x575.jpg\" alt=\"\" class=\"wp-image-10663\"\/><\/figure>\n\n\n\n<figure class=\"wp-block-image size-large\"><img decoding=\"async\" data-id=\"10664\" src=\"https:\/\/www.guhalg.com\/wordpress\/wp-content\/uploads\/Reisen\/Namibia2014\/02_Namib\/DSC05475-1024x576.jpg\" alt=\"Weiterfahrt\" class=\"wp-image-10664\"\/><\/figure>\n<\/figure>\n\n\n\n<p>Den Tag haben wir in der Lodge mit einem Sundowner ausklingen lassen und der Sonnenuntergang \u00fcber den Bergen rief uns in unseren Bungalow zum Schlafen.<\/p>\n\n\n\n<figure class=\"wp-block-image size-large\"><img decoding=\"async\" src=\"https:\/\/www.guhalg.com\/wordpress\/wp-content\/uploads\/Reisen\/Namibia2014\/02_Namib\/DSC05484-1024x575.jpg\" alt=\"Sonnenuntergang\" class=\"wp-image-10665\"\/><\/figure>\n\n\n\n<p>Am n\u00e4chsten Morgen gab es nach dem Fr\u00fchst\u00fcck erstmal einen Spaziergang in unsere direkte Umgebung. Also hinten raus aus der Lodge und \u2013 hui, man ist irgendwo im Nichts.<\/p>\n\n\n\n<figure class=\"wp-block-image size-large\"><a href=\"https:\/\/www.guhalg.com\/wordpress\/wp-content\/uploads\/Reisen\/Namibia2014\/02_Namib\/DSC05508_P_klein-scaled.jpg\"><img decoding=\"async\" src=\"https:\/\/www.guhalg.com\/wordpress\/wp-content\/uploads\/Reisen\/Namibia2014\/02_Namib\/DSC05508_P_klein-1024x379.jpg\" alt=\"Panorama hinter der Lodge\" class=\"wp-image-10878\"\/><\/a><\/figure>\n\n\n\n<p>Hier Weberv\u00f6gel, dort eine trostlose W\u00fcste, die bei genauerem Hinsehen den Schauplatz zu einem Territorialkampf liefert.<\/p>\n\n\n\n<div class=\"wp-block-columns is-layout-flex wp-container-core-columns-is-layout-9d6595d7 wp-block-columns-is-layout-flex\">\n<div class=\"wp-block-column is-layout-flow wp-block-column-is-layout-flow\">\n<figure class=\"wp-block-image size-large\"><a href=\"https:\/\/www.guhalg.com\/wordpress\/wp-content\/uploads\/Reisen\/Namibia2014\/02_Namib\/DSC05531-scaled.jpg\"><img decoding=\"async\" src=\"https:\/\/www.guhalg.com\/wordpress\/wp-content\/uploads\/Reisen\/Namibia2014\/02_Namib\/DSC05531-1024x575.jpg\" alt=\"Weberv\u00f6gel\" class=\"wp-image-10838\"\/><\/a><\/figure>\n<\/div>\n\n\n\n<div class=\"wp-block-column is-layout-flow wp-block-column-is-layout-flow\">\n<figure class=\"wp-block-image size-large\"><a href=\"https:\/\/www.guhalg.com\/wordpress\/wp-content\/uploads\/Reisen\/Namibia2014\/02_Namib\/DSC05535-scaled.jpg\"><img decoding=\"async\" src=\"https:\/\/www.guhalg.com\/wordpress\/wp-content\/uploads\/Reisen\/Namibia2014\/02_Namib\/DSC05535-1024x575.jpg\" alt=\"Felsformation\" class=\"wp-image-10839\"\/><\/a><\/figure>\n<\/div>\n\n\n\n<div class=\"wp-block-column is-layout-flow wp-block-column-is-layout-flow\">\n<figure class=\"wp-block-image size-large\"><a href=\"https:\/\/www.guhalg.com\/wordpress\/wp-content\/uploads\/Reisen\/Namibia2014\/02_Namib\/DSC05586-scaled.jpg\"><img decoding=\"async\" src=\"https:\/\/www.guhalg.com\/wordpress\/wp-content\/uploads\/Reisen\/Namibia2014\/02_Namib\/DSC05586-1024x575.jpg\" alt=\"K\u00e4ferkampf\" class=\"wp-image-10841\"\/><\/a><\/figure>\n<\/div>\n<\/div>\n\n\n\n<p>Auf der einen Seite den H\u00fcgel rauf, auf der anderen mit einem grandiosen Ausblick wieder herunter.<\/p>\n\n\n\n<div class=\"wp-block-columns is-layout-flex wp-container-core-columns-is-layout-9d6595d7 wp-block-columns-is-layout-flex\">\n<div class=\"wp-block-column is-layout-flow wp-block-column-is-layout-flow\">\n<figure class=\"wp-block-image size-large\"><a href=\"https:\/\/www.guhalg.com\/wordpress\/wp-content\/uploads\/Reisen\/Namibia2014\/02_Namib\/DSC05583-scaled.jpg\"><img decoding=\"async\" src=\"https:\/\/www.guhalg.com\/wordpress\/wp-content\/uploads\/Reisen\/Namibia2014\/02_Namib\/DSC05583-1024x575.jpg\" alt=\"Auf den H\u00fcgel\" class=\"wp-image-10840\"\/><\/a><\/figure>\n<\/div>\n\n\n\n<div class=\"wp-block-column is-layout-flow wp-block-column-is-layout-flow\">\n<figure class=\"wp-block-image size-large\"><a href=\"https:\/\/www.guhalg.com\/wordpress\/wp-content\/uploads\/Reisen\/Namibia2014\/02_Namib\/DSC05599-scaled.jpg\"><img decoding=\"async\" src=\"https:\/\/www.guhalg.com\/wordpress\/wp-content\/uploads\/Reisen\/Namibia2014\/02_Namib\/DSC05599-1024x576.jpg\" alt=\"wieder runter\" class=\"wp-image-10843\"\/><\/a><\/figure>\n<\/div>\n\n\n\n<div class=\"wp-block-column is-layout-flow wp-block-column-is-layout-flow\">\n<figure class=\"wp-block-image size-large\"><a href=\"https:\/\/www.guhalg.com\/wordpress\/wp-content\/uploads\/Reisen\/Namibia2014\/02_Namib\/DSC05601-scaled.jpg\"><img decoding=\"async\" src=\"https:\/\/www.guhalg.com\/wordpress\/wp-content\/uploads\/Reisen\/Namibia2014\/02_Namib\/DSC05601-1024x575.jpg\" alt=\"Einsamer Tourist\" class=\"wp-image-10844\"\/><\/a><\/figure>\n<\/div>\n<\/div>\n\n\n\n<p>Und dabei immer den Blick in die scheinbar unendliche Weite.<\/p>\n\n\n\n<div class=\"wp-block-columns is-layout-flex wp-container-core-columns-is-layout-9d6595d7 wp-block-columns-is-layout-flex\">\n<div class=\"wp-block-column is-layout-flow wp-block-column-is-layout-flow\">\n<figure class=\"wp-block-image size-large\"><a href=\"https:\/\/www.guhalg.com\/wordpress\/wp-content\/uploads\/Reisen\/Namibia2014\/02_Namib\/DSC05626-scaled.jpg\"><img decoding=\"async\" src=\"https:\/\/www.guhalg.com\/wordpress\/wp-content\/uploads\/Reisen\/Namibia2014\/02_Namib\/DSC05626-1024x575.jpg\" alt=\"Blick in die Weite\" class=\"wp-image-10846\"\/><\/a><\/figure>\n<\/div>\n\n\n\n<div class=\"wp-block-column is-layout-flow wp-block-column-is-layout-flow\">\n<figure class=\"wp-block-image size-large\"><a href=\"https:\/\/www.guhalg.com\/wordpress\/wp-content\/uploads\/Reisen\/Namibia2014\/02_Namib\/DSC05621-scaled.jpg\"><img decoding=\"async\" src=\"https:\/\/www.guhalg.com\/wordpress\/wp-content\/uploads\/Reisen\/Namibia2014\/02_Namib\/DSC05621-1024x575.jpg\" alt=\"Blick in die Weite\" class=\"wp-image-10845\"\/><\/a><\/figure>\n<\/div>\n<\/div>\n\n\n\n<p>Die Zeit verging wie im Fluge und wir mussten wieder zur\u00fcck. F\u00fcr heute war eine Sundownerfahrt eingeplant. Es ging hinauf auf einen H\u00fcgel hinter unserer Lodge und bei einem Gin-Tonic haben wir den Blick auf die Namib Desert Lodge und den Sonnenuntergang genossen.<\/p>\n\n\n\n<figure class=\"wp-block-gallery has-nested-images columns-default is-cropped wp-block-gallery-3 is-layout-flex wp-block-gallery-is-layout-flex\">\n<figure class=\"wp-block-image size-large\"><img decoding=\"async\" data-id=\"10847\" src=\"https:\/\/www.guhalg.com\/wordpress\/wp-content\/uploads\/Reisen\/Namibia2014\/02_Namib\/DSC05628-1024x575.jpg\" alt=\"\" class=\"wp-image-10847\"\/><\/figure>\n\n\n\n<figure class=\"wp-block-image size-large\"><img decoding=\"async\" data-id=\"10848\" src=\"https:\/\/www.guhalg.com\/wordpress\/wp-content\/uploads\/Reisen\/Namibia2014\/02_Namib\/DSC05632-1024x575.jpg\" alt=\"\" class=\"wp-image-10848\"\/><\/figure>\n\n\n\n<figure class=\"wp-block-image size-large\"><img decoding=\"async\" data-id=\"10849\" src=\"https:\/\/www.guhalg.com\/wordpress\/wp-content\/uploads\/Reisen\/Namibia2014\/02_Namib\/DSC05680-1024x575.jpg\" alt=\"\" class=\"wp-image-10849\"\/><\/figure>\n\n\n\n<figure class=\"wp-block-image size-large\"><img decoding=\"async\" data-id=\"10851\" src=\"https:\/\/www.guhalg.com\/wordpress\/wp-content\/uploads\/Reisen\/Namibia2014\/02_Namib\/DSC05695-1024x575.jpg\" alt=\"\" class=\"wp-image-10851\"\/><\/figure>\n<\/figure>\n\n\n\n<p>Am n\u00e4chsten Tag stand schon das erste Highlight der Rundreise an: die roten Sandd\u00fcnen und <a href=\"https:\/\/de.wikipedia.org\/wiki\/Sossusvlei\" data-type=\"link\" data-id=\"https:\/\/de.wikipedia.org\/wiki\/Sossusvlei\">Sossusvlei<\/a>.<\/p>\n\n\n\n<p>Also fr\u00fch am Morgen los und durch ein Tal zwischen den D\u00fcnen in Richtung Sossusvlei. Auch wenn die Luft noch diesig war, die Hei\u00dfluftballonfahrer waren schon vor uns unterwegs.<\/p>\n\n\n\n<div class=\"wp-block-columns is-layout-flex wp-container-core-columns-is-layout-9d6595d7 wp-block-columns-is-layout-flex\">\n<div class=\"wp-block-column is-layout-flow wp-block-column-is-layout-flow\">\n<figure class=\"wp-block-image size-large\"><a href=\"https:\/\/www.guhalg.com\/wordpress\/wp-content\/uploads\/Reisen\/Namibia2014\/02_Namib\/DSC05730-scaled.jpg\"><img decoding=\"async\" src=\"https:\/\/www.guhalg.com\/wordpress\/wp-content\/uploads\/Reisen\/Namibia2014\/02_Namib\/DSC05730-1024x575.jpg\" alt=\"Morgennebel\" class=\"wp-image-10852\"\/><\/a><\/figure>\n<\/div>\n\n\n\n<div class=\"wp-block-column is-layout-flow wp-block-column-is-layout-flow\">\n<figure class=\"wp-block-image size-large\"><a href=\"https:\/\/www.guhalg.com\/wordpress\/wp-content\/uploads\/Reisen\/Namibia2014\/02_Namib\/DSC05734-scaled.jpg\"><img decoding=\"async\" src=\"https:\/\/www.guhalg.com\/wordpress\/wp-content\/uploads\/Reisen\/Namibia2014\/02_Namib\/DSC05734-1024x575.jpg\" alt=\"Balonfahrer\" class=\"wp-image-10853\"\/><\/a><\/figure>\n<\/div>\n<\/div>\n\n\n\n<p>Man n\u00e4hert sich langsam dem obligatorischen Parkplatz f\u00fcr die Touristen und kann vor dort die D\u00fcnen besteigen. Auch wenn diese auf den Fotos harmlos aussehen, man kommt wirklich nur am Rand , also an der Spitze der D\u00fcne hinauf. Der Versuch an der Steilwand nach oben zu kommen ist fast immer zum Scheitern verurteilt. Ein Schritt nach oben und ein Schritt nach unten weggerutscht.<\/p>\n\n\n\n<div class=\"wp-block-columns is-layout-flex wp-container-core-columns-is-layout-9d6595d7 wp-block-columns-is-layout-flex\">\n<div class=\"wp-block-column is-layout-flow wp-block-column-is-layout-flow\">\n<figure class=\"wp-block-image size-large\"><a href=\"https:\/\/www.guhalg.com\/wordpress\/wp-content\/uploads\/Reisen\/Namibia2014\/02_Namib\/DSC05744-scaled.jpg\"><img decoding=\"async\" src=\"https:\/\/www.guhalg.com\/wordpress\/wp-content\/uploads\/Reisen\/Namibia2014\/02_Namib\/DSC05744-1024x575.jpg\" alt=\"auf die D\u00fcne\" class=\"wp-image-10854\"\/><\/a><\/figure>\n<\/div>\n\n\n\n<div class=\"wp-block-column is-layout-flow wp-block-column-is-layout-flow\">\n<figure class=\"wp-block-image size-large\"><a href=\"https:\/\/www.guhalg.com\/wordpress\/wp-content\/uploads\/Reisen\/Namibia2014\/02_Namib\/DSC05748-scaled.jpg\"><img decoding=\"async\" src=\"https:\/\/www.guhalg.com\/wordpress\/wp-content\/uploads\/Reisen\/Namibia2014\/02_Namib\/DSC05748-1024x575.jpg\" alt=\"auf der D\u00fcne\" class=\"wp-image-10855\"\/><\/a><\/figure>\n<\/div>\n<\/div>\n\n\n\n<p>Erstmal oben gibt es einen wunderbaren Blick \u00fcber die W\u00fcste. Aber auch die Sonne kommt mit voller Macht \u00fcber die Landschaft.<\/p>\n\n\n\n<figure class=\"wp-block-image size-large\"><a href=\"https:\/\/www.guhalg.com\/wordpress\/wp-content\/uploads\/Reisen\/Namibia2014\/02_Namib\/DSC05767-scaled.jpg\"><img decoding=\"async\" src=\"https:\/\/www.guhalg.com\/wordpress\/wp-content\/uploads\/Reisen\/Namibia2014\/02_Namib\/DSC05767-1024x575.jpg\" alt=\"Die Weite der Landschaft\" class=\"wp-image-10858\"\/><\/a><\/figure>\n\n\n\n<figure class=\"wp-block-image size-large\"><a href=\"https:\/\/www.guhalg.com\/wordpress\/wp-content\/uploads\/Reisen\/Namibia2014\/02_Namib\/DSC05786-scaled.jpg\"><img decoding=\"async\" src=\"https:\/\/www.guhalg.com\/wordpress\/wp-content\/uploads\/Reisen\/Namibia2014\/02_Namib\/DSC05786-1024x575.jpg\" alt=\"Das Sossuvlei\" class=\"wp-image-10860\"\/><\/a><\/figure>\n\n\n\n<p>Wir sind dann direkt von einer D\u00fcne ins Sossuvlei heruntergegangen. Nun, gegangen ist vielleicht nicht der ganz richtige Ausdruck. Man l\u00e4uft die D\u00fcne hinab und versucht nicht zu stolpern. Und Achtung, man l\u00e4uft ja nur wenige Sekunden herunter, aber nicht bei allen Touristen geht das auch gut.<\/p>\n\n\n\n<figure class=\"wp-block-video\"><video controls src=\"https:\/\/www.guhalg.com\/wordpress\/wp-content\/uploads\/Reisen\/Namibia2014\/02_Namib\/DownTheHill.mp4\"><\/video><figcaption class=\"wp-element-caption\">DownTheHill<\/figcaption><\/figure>\n\n\n\n<p>In der Salzw\u00fcste selber, einem ausgetrockneten Flusslauf, ergibt sich eine surrealistische Stimmung. Es ist eine Mischung aus Faszination, Ungl\u00e4ubigkeit, Hitze und einfach wundersch\u00f6ner Landschaft.<\/p>\n\n\n\n<div class=\"wp-block-columns is-layout-flex wp-container-core-columns-is-layout-9d6595d7 wp-block-columns-is-layout-flex\">\n<div class=\"wp-block-column is-layout-flow wp-block-column-is-layout-flow\">\n<figure class=\"wp-block-image size-large\"><a href=\"https:\/\/www.guhalg.com\/wordpress\/wp-content\/uploads\/Reisen\/Namibia2014\/02_Namib\/DSC05818-scaled.jpg\"><img decoding=\"async\" src=\"https:\/\/www.guhalg.com\/wordpress\/wp-content\/uploads\/Reisen\/Namibia2014\/02_Namib\/DSC05818-1024x575.jpg\" alt=\"Vertrockneter Baum\" class=\"wp-image-10863\"\/><\/a><\/figure>\n<\/div>\n\n\n\n<div class=\"wp-block-column is-layout-flow wp-block-column-is-layout-flow\">\n<figure class=\"wp-block-image size-large\"><a href=\"https:\/\/www.guhalg.com\/wordpress\/wp-content\/uploads\/Reisen\/Namibia2014\/02_Namib\/DSC05830-scaled.jpg\"><img decoding=\"async\" src=\"https:\/\/www.guhalg.com\/wordpress\/wp-content\/uploads\/Reisen\/Namibia2014\/02_Namib\/DSC05830-1024x575.jpg\" alt=\"Blick in die Weite\" class=\"wp-image-10864\"\/><\/a><\/figure>\n<\/div>\n\n\n\n<div class=\"wp-block-column is-layout-flow wp-block-column-is-layout-flow\">\n<figure class=\"wp-block-image size-large\"><a href=\"https:\/\/www.guhalg.com\/wordpress\/wp-content\/uploads\/Reisen\/Namibia2014\/02_Namib\/DSC05838-scaled.jpg\"><img decoding=\"async\" src=\"https:\/\/www.guhalg.com\/wordpress\/wp-content\/uploads\/Reisen\/Namibia2014\/02_Namib\/DSC05838-1024x575.jpg\" alt=\"Blick in die Weite\" class=\"wp-image-10865\"\/><\/a><\/figure>\n<\/div>\n<\/div>\n\n\n\n<p>Nach diesen 3 \u00bd Stunden und in der gr\u00f6\u00dften Mittagshitze ging es weiter in Richtung <a href=\"https:\/\/de.wikipedia.org\/wiki\/Swakopmund\" data-type=\"link\" data-id=\"https:\/\/de.wikipedia.org\/wiki\/Swakopmund\" target=\"_blank\" rel=\"noreferrer noopener\">Swakopmund<\/a>. Einen kleinen Zwischenstopp gab es noch beim <a href=\"https:\/\/de.wikipedia.org\/wiki\/Sesriem-Canyon\" data-type=\"link\" data-id=\"https:\/\/de.wikipedia.org\/wiki\/Sesriem-Canyon\" target=\"_blank\" rel=\"noreferrer noopener\">Sesriem-Canyon<\/a>. Hier konnte man etwas gesch\u00fctzt von der Sonne, einen uralten Flusslauf bestaunen.<\/p>\n\n\n\n<div class=\"wp-block-columns is-layout-flex wp-container-core-columns-is-layout-9d6595d7 wp-block-columns-is-layout-flex\">\n<div class=\"wp-block-column is-layout-flow wp-block-column-is-layout-flow\">\n<figure class=\"wp-block-image size-large\"><a href=\"https:\/\/www.guhalg.com\/wordpress\/wp-content\/uploads\/Reisen\/Namibia2014\/02_Namib\/DSC05874-scaled.jpg\"><img decoding=\"async\" src=\"https:\/\/www.guhalg.com\/wordpress\/wp-content\/uploads\/Reisen\/Namibia2014\/02_Namib\/DSC05874-1024x575.jpg\" alt=\"Flu\u00dflauf\" class=\"wp-image-10869\"\/><\/a><\/figure>\n<\/div>\n\n\n\n<div class=\"wp-block-column is-layout-flow wp-block-column-is-layout-flow\">\n<figure class=\"wp-block-image size-large\"><a href=\"https:\/\/www.guhalg.com\/wordpress\/wp-content\/uploads\/Reisen\/Namibia2014\/02_Namib\/DSC05894-scaled.jpg\"><img decoding=\"async\" src=\"https:\/\/www.guhalg.com\/wordpress\/wp-content\/uploads\/Reisen\/Namibia2014\/02_Namib\/DSC05894-1024x575.jpg\" alt=\"Flu\u00dflauf\" class=\"wp-image-10870\"\/><\/a><\/figure>\n<\/div>\n<\/div>\n\n\n\n<p>Danach ging es \u00fcber mehr oder weniger gut ausgebaute Stra\u00dfen durch eine unspektakul\u00e4re W\u00fcstenlandschaft. Auch wenn hier und da ein J\u00e4ger auf der Suche nach seiner Beute durch die Landschaft zog, viel zu sehen gab es nicht. Die Strecke musste halt gefahren werden.<\/p>\n\n\n\n<div class=\"wp-block-columns is-layout-flex wp-container-core-columns-is-layout-9d6595d7 wp-block-columns-is-layout-flex\">\n<div class=\"wp-block-column is-layout-flow wp-block-column-is-layout-flow\">\n<figure class=\"wp-block-image size-large\"><a href=\"https:\/\/www.guhalg.com\/wordpress\/wp-content\/uploads\/Reisen\/Namibia2014\/02_Namib\/DSC06002-scaled.jpg\"><img loading=\"lazy\" decoding=\"async\" width=\"1024\" height=\"575\" src=\"https:\/\/www.guhalg.com\/wordpress\/wp-content\/uploads\/Reisen\/Namibia2014\/02_Namib\/DSC06002-1024x575.jpg\" alt=\"J\u00e4ger\" class=\"wp-image-11004\" srcset=\"https:\/\/www.guhalg.com\/wordpress\/wp-content\/uploads\/Reisen\/Namibia2014\/02_Namib\/DSC06002-1024x575.jpg 1024w, https:\/\/www.guhalg.com\/wordpress\/wp-content\/uploads\/Reisen\/Namibia2014\/02_Namib\/DSC06002-300x169.jpg 300w, https:\/\/www.guhalg.com\/wordpress\/wp-content\/uploads\/Reisen\/Namibia2014\/02_Namib\/DSC06002-768x432.jpg 768w, https:\/\/www.guhalg.com\/wordpress\/wp-content\/uploads\/Reisen\/Namibia2014\/02_Namib\/DSC06002-1536x863.jpg 1536w, https:\/\/www.guhalg.com\/wordpress\/wp-content\/uploads\/Reisen\/Namibia2014\/02_Namib\/DSC06002-2048x1151.jpg 2048w, https:\/\/www.guhalg.com\/wordpress\/wp-content\/uploads\/Reisen\/Namibia2014\/02_Namib\/DSC06002-480x270.jpg 480w\" sizes=\"auto, (max-width: 1024px) 100vw, 1024px\" \/><\/a><\/figure>\n<\/div>\n\n\n\n<div class=\"wp-block-column is-layout-flow wp-block-column-is-layout-flow\">\n<figure class=\"wp-block-image size-large\"><a href=\"https:\/\/www.guhalg.com\/wordpress\/wp-content\/uploads\/Reisen\/Namibia2014\/02_Namib\/DSC06009-scaled.jpg\"><img loading=\"lazy\" decoding=\"async\" width=\"1024\" height=\"575\" src=\"https:\/\/www.guhalg.com\/wordpress\/wp-content\/uploads\/Reisen\/Namibia2014\/02_Namib\/DSC06009-1024x575.jpg\" alt=\"Beute\" class=\"wp-image-11005\" srcset=\"https:\/\/www.guhalg.com\/wordpress\/wp-content\/uploads\/Reisen\/Namibia2014\/02_Namib\/DSC06009-1024x575.jpg 1024w, https:\/\/www.guhalg.com\/wordpress\/wp-content\/uploads\/Reisen\/Namibia2014\/02_Namib\/DSC06009-300x169.jpg 300w, https:\/\/www.guhalg.com\/wordpress\/wp-content\/uploads\/Reisen\/Namibia2014\/02_Namib\/DSC06009-768x432.jpg 768w, https:\/\/www.guhalg.com\/wordpress\/wp-content\/uploads\/Reisen\/Namibia2014\/02_Namib\/DSC06009-1536x863.jpg 1536w, https:\/\/www.guhalg.com\/wordpress\/wp-content\/uploads\/Reisen\/Namibia2014\/02_Namib\/DSC06009-2048x1151.jpg 2048w, https:\/\/www.guhalg.com\/wordpress\/wp-content\/uploads\/Reisen\/Namibia2014\/02_Namib\/DSC06009-480x270.jpg 480w\" sizes=\"auto, (max-width: 1024px) 100vw, 1024px\" \/><\/a><\/figure>\n<\/div>\n<\/div>\n\n\n\n<p>Vielleicht noch eine kleine Notiz am Rande: W\u00e4hrend unseres Aufenthaltes in der Namid Desert Lodge wurde Deutschland Weltmeister im Fu\u00dfball und wir wurden immer wieder in den unterschiedlichsten Gegenden als Champions angesprochen.<\/p>\n\n\n\n<div class=\"wp-block-columns is-layout-flex wp-container-core-columns-is-layout-9d6595d7 wp-block-columns-is-layout-flex\">\n<div class=\"wp-block-column is-layout-flow wp-block-column-is-layout-flow\">\n<div class=\"wp-block-buttons is-layout-flex wp-block-buttons-is-layout-flex\">\n<div class=\"wp-block-button\"><a class=\"wp-block-button__link wp-element-button\" href=\"https:\/\/www.guhalg.com\/wordpress\/?page_id=10791\">Windhoek<\/a><\/div>\n<\/div>\n<\/div>\n\n\n\n<div class=\"wp-block-column is-layout-flow wp-block-column-is-layout-flow\">\n<div class=\"wp-block-buttons is-content-justification-right is-layout-flex wp-container-core-buttons-is-layout-765c4724 wp-block-buttons-is-layout-flex\">\n<div class=\"wp-block-button\"><a class=\"wp-block-button__link wp-element-button\" href=\"https:\/\/www.guhalg.com\/wordpress\/?page_id=10796\">Swakopmund<\/a><\/div>\n<\/div>\n<\/div>\n<\/div>\n","protected":false},"excerpt":{"rendered":"<p>Am n\u00e4chsten Morgen hatten wir unsere erste l\u00e4ngere Fahrt vor uns. Das Ziel war die Namib Desert Lodge Die Entfernung betr\u00e4gt knapp 300 Km und die Fahrzeit wird mit ca. 4 Stunden prognostiziert. Im Grunde gibt es zwei Hauptrouten zum&hellip; <\/p>\n","protected":false},"author":1,"featured_media":0,"parent":10643,"menu_order":2,"comment_status":"closed","ping_status":"closed","template":"","meta":{"footnotes":""},"class_list":["post-10793","page","type-page","status-publish","hentry"],"_links":{"self":[{"href":"https:\/\/www.guhalg.com\/wordpress\/index.php?rest_route=\/wp\/v2\/pages\/10793","targetHints":{"allow":["GET"]}}],"collection":[{"href":"https:\/\/www.guhalg.com\/wordpress\/index.php?rest_route=\/wp\/v2\/pages"}],"about":[{"href":"https:\/\/www.guhalg.com\/wordpress\/index.php?rest_route=\/wp\/v2\/types\/page"}],"author":[{"embeddable":true,"href":"https:\/\/www.guhalg.com\/wordpress\/index.php?rest_route=\/wp\/v2\/users\/1"}],"replies":[{"embeddable":true,"href":"https:\/\/www.guhalg.com\/wordpress\/index.php?rest_route=%2Fwp%2Fv2%2Fcomments&post=10793"}],"version-history":[{"count":34,"href":"https:\/\/www.guhalg.com\/wordpress\/index.php?rest_route=\/wp\/v2\/pages\/10793\/revisions"}],"predecessor-version":[{"id":11017,"href":"https:\/\/www.guhalg.com\/wordpress\/index.php?rest_route=\/wp\/v2\/pages\/10793\/revisions\/11017"}],"up":[{"embeddable":true,"href":"https:\/\/www.guhalg.com\/wordpress\/index.php?rest_route=\/wp\/v2\/pages\/10643"}],"wp:attachment":[{"href":"https:\/\/www.guhalg.com\/wordpress\/index.php?rest_route=%2Fwp%2Fv2%2Fmedia&parent=10793"}],"curies":[{"name":"wp","href":"https:\/\/api.w.org\/{rel}","templated":true}]}}