{"id":11212,"date":"2024-03-25T20:30:53","date_gmt":"2024-03-25T19:30:53","guid":{"rendered":"https:\/\/www.guhalg.com\/wordpress\/?page_id=11212"},"modified":"2025-09-10T20:57:39","modified_gmt":"2025-09-10T18:57:39","slug":"wendland","status":"publish","type":"page","link":"https:\/\/www.guhalg.com\/wordpress\/?page_id=11212","title":{"rendered":"Wendland"},"content":{"rendered":"\n<p>Im M\u00e4rz 2022 waren wir mit Freunden f\u00fcr ein verl\u00e4ngertes Wochenende im Wendland. Einfach mehrere Tage raus aus dem Alltag, Entspannung und ruhige Natur genie\u00dfen. Wir hatten ein Wochenendh\u00e4uschen mit gro\u00dfem Wohnzimmer und drei Schlafr\u00e4umen. Gut, der dritte Schlafraum diente uns als Abstellkammer f\u00fcr all unsere Sachen. Aber das H\u00e4uschen war sehr ruhig gelegen, gut eingerichtet, mit einem idyllischen Garten und dazu auch noch sehr modern.<\/p>\n\n\n\n<figure class=\"wp-block-image size-large\"><a href=\"https:\/\/www.guhalg.com\/wordpress\/wp-content\/uploads\/Trips\/202203 - Wendland\/20220303 mit Carlo und Andi im Wendland - 18-scaled.jpg\"><img loading=\"lazy\" decoding=\"async\" width=\"1024\" height=\"576\" src=\"https:\/\/www.guhalg.com\/wordpress\/wp-content\/uploads\/Trips\/202203 - Wendland\/20220303 mit Carlo und Andi im Wendland - 18-1024x576.jpg\" alt=\"Unterkunft\" class=\"wp-image-11221\" srcset=\"https:\/\/www.guhalg.com\/wordpress\/wp-content\/uploads\/Trips\/202203%20-%20Wendland\/20220303%20mit%20Carlo%20und%20Andi%20im%20Wendland%20-%2018-1024x576.jpg 1024w, https:\/\/www.guhalg.com\/wordpress\/wp-content\/uploads\/Trips\/202203%20-%20Wendland\/20220303%20mit%20Carlo%20und%20Andi%20im%20Wendland%20-%2018-300x169.jpg 300w, https:\/\/www.guhalg.com\/wordpress\/wp-content\/uploads\/Trips\/202203%20-%20Wendland\/20220303%20mit%20Carlo%20und%20Andi%20im%20Wendland%20-%2018-768x432.jpg 768w, https:\/\/www.guhalg.com\/wordpress\/wp-content\/uploads\/Trips\/202203%20-%20Wendland\/20220303%20mit%20Carlo%20und%20Andi%20im%20Wendland%20-%2018-1536x864.jpg 1536w, https:\/\/www.guhalg.com\/wordpress\/wp-content\/uploads\/Trips\/202203%20-%20Wendland\/20220303%20mit%20Carlo%20und%20Andi%20im%20Wendland%20-%2018-2048x1152.jpg 2048w, https:\/\/www.guhalg.com\/wordpress\/wp-content\/uploads\/Trips\/202203%20-%20Wendland\/20220303%20mit%20Carlo%20und%20Andi%20im%20Wendland%20-%2018-480x270.jpg 480w\" sizes=\"auto, (max-width: 1024px) 100vw, 1024px\" \/><\/a><\/figure>\n\n\n\n<p><\/p>\n\n\n\n<div class=\"wp-block-columns is-layout-flex wp-container-core-columns-is-layout-9d6595d7 wp-block-columns-is-layout-flex\">\n<div class=\"wp-block-column is-layout-flow wp-block-column-is-layout-flow\">\n<figure class=\"wp-block-image size-large\"><a href=\"https:\/\/www.guhalg.com\/wordpress\/wp-content\/uploads\/Trips\/202203 - Wendland\/_DSC5272-scaled.jpg\"><img loading=\"lazy\" decoding=\"async\" width=\"1024\" height=\"683\" src=\"https:\/\/www.guhalg.com\/wordpress\/wp-content\/uploads\/Trips\/202203 - Wendland\/_DSC5272-1024x683.jpg\" alt=\"Unterkunft\" class=\"wp-image-11224\" srcset=\"https:\/\/www.guhalg.com\/wordpress\/wp-content\/uploads\/Trips\/202203%20-%20Wendland\/_DSC5272-1024x683.jpg 1024w, https:\/\/www.guhalg.com\/wordpress\/wp-content\/uploads\/Trips\/202203%20-%20Wendland\/_DSC5272-300x200.jpg 300w, https:\/\/www.guhalg.com\/wordpress\/wp-content\/uploads\/Trips\/202203%20-%20Wendland\/_DSC5272-768x512.jpg 768w, https:\/\/www.guhalg.com\/wordpress\/wp-content\/uploads\/Trips\/202203%20-%20Wendland\/_DSC5272-1536x1024.jpg 1536w, https:\/\/www.guhalg.com\/wordpress\/wp-content\/uploads\/Trips\/202203%20-%20Wendland\/_DSC5272-2048x1365.jpg 2048w\" sizes=\"auto, (max-width: 1024px) 100vw, 1024px\" \/><\/a><\/figure>\n<\/div>\n\n\n\n<div class=\"wp-block-column is-layout-flow wp-block-column-is-layout-flow\">\n<figure class=\"wp-block-image size-large\"><a href=\"https:\/\/www.guhalg.com\/wordpress\/wp-content\/uploads\/Trips\/202203 - Wendland\/_DSC5274-scaled.jpg\"><img loading=\"lazy\" decoding=\"async\" width=\"1024\" height=\"683\" src=\"https:\/\/www.guhalg.com\/wordpress\/wp-content\/uploads\/Trips\/202203 - Wendland\/_DSC5274-1024x683.jpg\" alt=\"Gartenblick\" class=\"wp-image-11225\" srcset=\"https:\/\/www.guhalg.com\/wordpress\/wp-content\/uploads\/Trips\/202203%20-%20Wendland\/_DSC5274-1024x683.jpg 1024w, https:\/\/www.guhalg.com\/wordpress\/wp-content\/uploads\/Trips\/202203%20-%20Wendland\/_DSC5274-300x200.jpg 300w, https:\/\/www.guhalg.com\/wordpress\/wp-content\/uploads\/Trips\/202203%20-%20Wendland\/_DSC5274-768x512.jpg 768w, https:\/\/www.guhalg.com\/wordpress\/wp-content\/uploads\/Trips\/202203%20-%20Wendland\/_DSC5274-1536x1024.jpg 1536w, https:\/\/www.guhalg.com\/wordpress\/wp-content\/uploads\/Trips\/202203%20-%20Wendland\/_DSC5274-2048x1365.jpg 2048w\" sizes=\"auto, (max-width: 1024px) 100vw, 1024px\" \/><\/a><\/figure>\n<\/div>\n<\/div>\n\n\n\n<p>Gleich am Ankunftstag sind wir aus unserem <a href=\"https:\/\/de.wikipedia.org\/wiki\/Rundling\" data-type=\"link\" data-id=\"https:\/\/de.wikipedia.org\/wiki\/Rundling\" target=\"_blank\" rel=\"noreferrer noopener\">Rundlingsdorf<\/a> noch zu einer kleinen Wanderung um dieses Dorf aufgebrochen. Bei bestem Wetter haben wir die flache Gegend und die einheimische Viehwirtschaft in Ruhe genie\u00dfen k\u00f6nnen.<\/p>\n\n\n\n<figure class=\"wp-block-image size-large\"><a href=\"https:\/\/www.guhalg.com\/wordpress\/wp-content\/uploads\/Trips\/202203 - Wendland\/20220303 mit Carlo und Andi im Wendland - 0-scaled.jpg\"><img loading=\"lazy\" decoding=\"async\" width=\"1024\" height=\"576\" src=\"https:\/\/www.guhalg.com\/wordpress\/wp-content\/uploads\/Trips\/202203 - Wendland\/20220303 mit Carlo und Andi im Wendland - 0-1024x576.jpg\" alt=\"Weidevieh\" class=\"wp-image-11218\" srcset=\"https:\/\/www.guhalg.com\/wordpress\/wp-content\/uploads\/Trips\/202203%20-%20Wendland\/20220303%20mit%20Carlo%20und%20Andi%20im%20Wendland%20-%200-1024x576.jpg 1024w, https:\/\/www.guhalg.com\/wordpress\/wp-content\/uploads\/Trips\/202203%20-%20Wendland\/20220303%20mit%20Carlo%20und%20Andi%20im%20Wendland%20-%200-300x169.jpg 300w, https:\/\/www.guhalg.com\/wordpress\/wp-content\/uploads\/Trips\/202203%20-%20Wendland\/20220303%20mit%20Carlo%20und%20Andi%20im%20Wendland%20-%200-768x432.jpg 768w, https:\/\/www.guhalg.com\/wordpress\/wp-content\/uploads\/Trips\/202203%20-%20Wendland\/20220303%20mit%20Carlo%20und%20Andi%20im%20Wendland%20-%200-1536x864.jpg 1536w, https:\/\/www.guhalg.com\/wordpress\/wp-content\/uploads\/Trips\/202203%20-%20Wendland\/20220303%20mit%20Carlo%20und%20Andi%20im%20Wendland%20-%200-2048x1152.jpg 2048w, https:\/\/www.guhalg.com\/wordpress\/wp-content\/uploads\/Trips\/202203%20-%20Wendland\/20220303%20mit%20Carlo%20und%20Andi%20im%20Wendland%20-%200-480x270.jpg 480w\" sizes=\"auto, (max-width: 1024px) 100vw, 1024px\" \/><\/a><\/figure>\n\n\n\n<p>In den n\u00e4chsten Tagen haben wir die Landschaft um uns herum &#8211; und hier gibt es viel Landschaft &#8211; erkundet. Wir haben eine alte Wasserm\u00fchle gefunden,<\/p>\n\n\n\n<figure class=\"wp-block-image size-large\"><a href=\"https:\/\/www.guhalg.com\/wordpress\/wp-content\/uploads\/Trips\/202203 - Wendland\/20220303 mit Carlo und Andi im Wendland - 2-scaled.jpg\"><img loading=\"lazy\" decoding=\"async\" width=\"1024\" height=\"576\" src=\"https:\/\/www.guhalg.com\/wordpress\/wp-content\/uploads\/Trips\/202203 - Wendland\/20220303 mit Carlo und Andi im Wendland - 2-1024x576.jpg\" alt=\"Wasserkraft\" class=\"wp-image-11222\" srcset=\"https:\/\/www.guhalg.com\/wordpress\/wp-content\/uploads\/Trips\/202203%20-%20Wendland\/20220303%20mit%20Carlo%20und%20Andi%20im%20Wendland%20-%202-1024x576.jpg 1024w, https:\/\/www.guhalg.com\/wordpress\/wp-content\/uploads\/Trips\/202203%20-%20Wendland\/20220303%20mit%20Carlo%20und%20Andi%20im%20Wendland%20-%202-300x169.jpg 300w, https:\/\/www.guhalg.com\/wordpress\/wp-content\/uploads\/Trips\/202203%20-%20Wendland\/20220303%20mit%20Carlo%20und%20Andi%20im%20Wendland%20-%202-768x432.jpg 768w, https:\/\/www.guhalg.com\/wordpress\/wp-content\/uploads\/Trips\/202203%20-%20Wendland\/20220303%20mit%20Carlo%20und%20Andi%20im%20Wendland%20-%202-1536x864.jpg 1536w, https:\/\/www.guhalg.com\/wordpress\/wp-content\/uploads\/Trips\/202203%20-%20Wendland\/20220303%20mit%20Carlo%20und%20Andi%20im%20Wendland%20-%202-2048x1152.jpg 2048w, https:\/\/www.guhalg.com\/wordpress\/wp-content\/uploads\/Trips\/202203%20-%20Wendland\/20220303%20mit%20Carlo%20und%20Andi%20im%20Wendland%20-%202-480x270.jpg 480w\" sizes=\"auto, (max-width: 1024px) 100vw, 1024px\" \/><\/a><\/figure>\n\n\n\n<p>und sind durch die Ruinen einer alten Burg gewandert.<\/p>\n\n\n\n<figure class=\"wp-block-image size-large\"><a href=\"https:\/\/www.guhalg.com\/wordpress\/wp-content\/uploads\/Trips\/202203 - Wendland\/20220303 mit Carlo und Andi im Wendland - 8-scaled.jpg\"><img loading=\"lazy\" decoding=\"async\" width=\"1024\" height=\"768\" src=\"https:\/\/www.guhalg.com\/wordpress\/wp-content\/uploads\/Trips\/202203 - Wendland\/20220303 mit Carlo und Andi im Wendland - 8-1024x768.jpg\" alt=\"Burgruine\" class=\"wp-image-11223\" srcset=\"https:\/\/www.guhalg.com\/wordpress\/wp-content\/uploads\/Trips\/202203%20-%20Wendland\/20220303%20mit%20Carlo%20und%20Andi%20im%20Wendland%20-%208-1024x768.jpg 1024w, https:\/\/www.guhalg.com\/wordpress\/wp-content\/uploads\/Trips\/202203%20-%20Wendland\/20220303%20mit%20Carlo%20und%20Andi%20im%20Wendland%20-%208-300x225.jpg 300w, https:\/\/www.guhalg.com\/wordpress\/wp-content\/uploads\/Trips\/202203%20-%20Wendland\/20220303%20mit%20Carlo%20und%20Andi%20im%20Wendland%20-%208-768x576.jpg 768w, https:\/\/www.guhalg.com\/wordpress\/wp-content\/uploads\/Trips\/202203%20-%20Wendland\/20220303%20mit%20Carlo%20und%20Andi%20im%20Wendland%20-%208-1536x1152.jpg 1536w, https:\/\/www.guhalg.com\/wordpress\/wp-content\/uploads\/Trips\/202203%20-%20Wendland\/20220303%20mit%20Carlo%20und%20Andi%20im%20Wendland%20-%208-2048x1536.jpg 2048w, https:\/\/www.guhalg.com\/wordpress\/wp-content\/uploads\/Trips\/202203%20-%20Wendland\/20220303%20mit%20Carlo%20und%20Andi%20im%20Wendland%20-%208-500x375.jpg 500w\" sizes=\"auto, (max-width: 1024px) 100vw, 1024px\" \/><\/a><\/figure>\n\n\n\n<p>Es gab auch moderne Kunst an einer Kirche in Salzwedel zu bewundern<\/p>\n\n\n\n<figure class=\"wp-block-image size-large\"><a href=\"https:\/\/www.guhalg.com\/wordpress\/wp-content\/uploads\/Trips\/202203 - Wendland\/20220303 mit Carlo und Andi im Wendland - 16-scaled.jpg\"><img loading=\"lazy\" decoding=\"async\" width=\"1024\" height=\"576\" src=\"https:\/\/www.guhalg.com\/wordpress\/wp-content\/uploads\/Trips\/202203 - Wendland\/20220303 mit Carlo und Andi im Wendland - 16-1024x576.jpg\" alt=\"Kunst an der Kirche\" class=\"wp-image-11220\" srcset=\"https:\/\/www.guhalg.com\/wordpress\/wp-content\/uploads\/Trips\/202203%20-%20Wendland\/20220303%20mit%20Carlo%20und%20Andi%20im%20Wendland%20-%2016-1024x576.jpg 1024w, https:\/\/www.guhalg.com\/wordpress\/wp-content\/uploads\/Trips\/202203%20-%20Wendland\/20220303%20mit%20Carlo%20und%20Andi%20im%20Wendland%20-%2016-300x169.jpg 300w, https:\/\/www.guhalg.com\/wordpress\/wp-content\/uploads\/Trips\/202203%20-%20Wendland\/20220303%20mit%20Carlo%20und%20Andi%20im%20Wendland%20-%2016-768x432.jpg 768w, https:\/\/www.guhalg.com\/wordpress\/wp-content\/uploads\/Trips\/202203%20-%20Wendland\/20220303%20mit%20Carlo%20und%20Andi%20im%20Wendland%20-%2016-1536x864.jpg 1536w, https:\/\/www.guhalg.com\/wordpress\/wp-content\/uploads\/Trips\/202203%20-%20Wendland\/20220303%20mit%20Carlo%20und%20Andi%20im%20Wendland%20-%2016-2048x1152.jpg 2048w, https:\/\/www.guhalg.com\/wordpress\/wp-content\/uploads\/Trips\/202203%20-%20Wendland\/20220303%20mit%20Carlo%20und%20Andi%20im%20Wendland%20-%2016-480x270.jpg 480w\" sizes=\"auto, (max-width: 1024px) 100vw, 1024px\" \/><\/a><\/figure>\n\n\n\n<p>aber auch eben nur Landschaft.<\/p>\n\n\n\n<figure class=\"wp-block-image size-large\"><a href=\"https:\/\/www.guhalg.com\/wordpress\/wp-content\/uploads\/Trips\/202203 - Wendland\/20220303 mit Carlo und Andi im Wendland - 14-scaled.jpg\"><img loading=\"lazy\" decoding=\"async\" width=\"1024\" height=\"576\" src=\"https:\/\/www.guhalg.com\/wordpress\/wp-content\/uploads\/Trips\/202203 - Wendland\/20220303 mit Carlo und Andi im Wendland - 14-1024x576.jpg\" alt=\"Landschaft\" class=\"wp-image-11219\" srcset=\"https:\/\/www.guhalg.com\/wordpress\/wp-content\/uploads\/Trips\/202203%20-%20Wendland\/20220303%20mit%20Carlo%20und%20Andi%20im%20Wendland%20-%2014-1024x576.jpg 1024w, https:\/\/www.guhalg.com\/wordpress\/wp-content\/uploads\/Trips\/202203%20-%20Wendland\/20220303%20mit%20Carlo%20und%20Andi%20im%20Wendland%20-%2014-300x169.jpg 300w, https:\/\/www.guhalg.com\/wordpress\/wp-content\/uploads\/Trips\/202203%20-%20Wendland\/20220303%20mit%20Carlo%20und%20Andi%20im%20Wendland%20-%2014-768x432.jpg 768w, https:\/\/www.guhalg.com\/wordpress\/wp-content\/uploads\/Trips\/202203%20-%20Wendland\/20220303%20mit%20Carlo%20und%20Andi%20im%20Wendland%20-%2014-1536x864.jpg 1536w, https:\/\/www.guhalg.com\/wordpress\/wp-content\/uploads\/Trips\/202203%20-%20Wendland\/20220303%20mit%20Carlo%20und%20Andi%20im%20Wendland%20-%2014-2048x1152.jpg 2048w, https:\/\/www.guhalg.com\/wordpress\/wp-content\/uploads\/Trips\/202203%20-%20Wendland\/20220303%20mit%20Carlo%20und%20Andi%20im%20Wendland%20-%2014-480x270.jpg 480w\" sizes=\"auto, (max-width: 1024px) 100vw, 1024px\" \/><\/a><\/figure>\n\n\n\n<p>Abends haben wir gemeinsam das Abendessen zubereitet und den Tag mit Gesellschaftsspielen ausklingen lassen. Insgesamt einige sehr erholsame Tage.<\/p>\n\n\n\n<p>Wir haben uns auch die erste <a href=\"https:\/\/baumkuchen-salzwedel.de\/\" data-type=\"link\" data-id=\"https:\/\/baumkuchen-salzwedel.de\/\" target=\"_blank\" rel=\"noreferrer noopener\">Baumkuchenmanufaktur<\/a> in Deutschland angesehen und den echten Salzwedeler Baumkuchen vor Ort probiert. Vom Ambiente stimmig, aber eben auch traditionell. <\/p>\n\n\n\n<p>Leider hat die Stadt <a href=\"https:\/\/baumkuchen-salzwedel.de\/\" data-type=\"link\" data-id=\"https:\/\/baumkuchen-salzwedel.de\/\" target=\"_blank\" rel=\"noreferrer noopener\">Salzwedel<\/a>, eine ehemalige Hansestadt, etwas von ihrem Charme verloren. Aber da der Fokus auf der Entspannung und Erholung lag, war das genau die richtige Entscheidung f\u00fcr ein verl\u00e4ngertes Wochenende..<\/p>\n","protected":false},"excerpt":{"rendered":"<p>Im M\u00e4rz 2022 waren wir mit Freunden f\u00fcr ein verl\u00e4ngertes Wochenende im Wendland. Einfach mehrere Tage raus aus dem Alltag, Entspannung und ruhige Natur genie\u00dfen. Wir hatten ein Wochenendh\u00e4uschen mit gro\u00dfem Wohnzimmer und drei Schlafr\u00e4umen. Gut, der dritte Schlafraum diente&hellip; <\/p>\n","protected":false},"author":1,"featured_media":0,"parent":11151,"menu_order":1,"comment_status":"closed","ping_status":"closed","template":"","meta":{"footnotes":""},"class_list":["post-11212","page","type-page","status-publish","hentry"],"_links":{"self":[{"href":"https:\/\/www.guhalg.com\/wordpress\/index.php?rest_route=\/wp\/v2\/pages\/11212","targetHints":{"allow":["GET"]}}],"collection":[{"href":"https:\/\/www.guhalg.com\/wordpress\/index.php?rest_route=\/wp\/v2\/pages"}],"about":[{"href":"https:\/\/www.guhalg.com\/wordpress\/index.php?rest_route=\/wp\/v2\/types\/page"}],"author":[{"embeddable":true,"href":"https:\/\/www.guhalg.com\/wordpress\/index.php?rest_route=\/wp\/v2\/users\/1"}],"replies":[{"embeddable":true,"href":"https:\/\/www.guhalg.com\/wordpress\/index.php?rest_route=%2Fwp%2Fv2%2Fcomments&post=11212"}],"version-history":[{"count":16,"href":"https:\/\/www.guhalg.com\/wordpress\/index.php?rest_route=\/wp\/v2\/pages\/11212\/revisions"}],"predecessor-version":[{"id":12316,"href":"https:\/\/www.guhalg.com\/wordpress\/index.php?rest_route=\/wp\/v2\/pages\/11212\/revisions\/12316"}],"up":[{"embeddable":true,"href":"https:\/\/www.guhalg.com\/wordpress\/index.php?rest_route=\/wp\/v2\/pages\/11151"}],"wp:attachment":[{"href":"https:\/\/www.guhalg.com\/wordpress\/index.php?rest_route=%2Fwp%2Fv2%2Fmedia&parent=11212"}],"curies":[{"name":"wp","href":"https:\/\/api.w.org\/{rel}","templated":true}]}}