{"id":11291,"date":"2024-09-20T15:57:27","date_gmt":"2024-09-20T13:57:27","guid":{"rendered":"https:\/\/www.guhalg.com\/wordpress\/?page_id=11291"},"modified":"2024-09-30T21:01:00","modified_gmt":"2024-09-30T19:01:00","slug":"dips-und-saucen","status":"publish","type":"page","link":"https:\/\/www.guhalg.com\/wordpress\/?page_id=11291","title":{"rendered":"Dips und Saucen"},"content":{"rendered":"\n<p>Hier findet ihr einige Dips und Saucen. Es sind Variationen und in dieser Form sicherlich in keinem Kochblog zu finden.<\/p>\n\n\n\n<p><a href=\"https:\/\/www.guhalg.com\/wordpress\/?rpr_recipe=himbeer-chutney\" data-type=\"rpr_recipe\" data-id=\"11313\">Himbeer-Chutney<\/a>, ein fruchtiger Dip f\u00fcr Burger und zum Grillen<\/p>\n\n\n\n<p><a href=\"https:\/\/www.guhalg.com\/wordpress\/?rpr_recipe=pesto\" data-type=\"rpr_recipe\" data-id=\"11434\">Pesto<\/a>, ein sehr w\u00fcrziger Dip f\u00fcr Nudeln, zum Grillen und als Salatsauce<\/p>\n\n\n\n<p><\/p>\n","protected":false},"excerpt":{"rendered":"<p>Hier findet ihr einige Dips und Saucen. Es sind Variationen und in dieser Form sicherlich in keinem Kochblog zu finden. Himbeer-Chutney, ein fruchtiger Dip f\u00fcr Burger und zum Grillen Pesto, ein sehr w\u00fcrziger Dip f\u00fcr Nudeln, zum Grillen und als&hellip; <\/p>\n","protected":false},"author":1,"featured_media":0,"parent":8739,"menu_order":2,"comment_status":"closed","ping_status":"closed","template":"","meta":{"footnotes":""},"class_list":["post-11291","page","type-page","status-publish","hentry"],"_links":{"self":[{"href":"https:\/\/www.guhalg.com\/wordpress\/index.php?rest_route=\/wp\/v2\/pages\/11291","targetHints":{"allow":["GET"]}}],"collection":[{"href":"https:\/\/www.guhalg.com\/wordpress\/index.php?rest_route=\/wp\/v2\/pages"}],"about":[{"href":"https:\/\/www.guhalg.com\/wordpress\/index.php?rest_route=\/wp\/v2\/types\/page"}],"author":[{"embeddable":true,"href":"https:\/\/www.guhalg.com\/wordpress\/index.php?rest_route=\/wp\/v2\/users\/1"}],"replies":[{"embeddable":true,"href":"https:\/\/www.guhalg.com\/wordpress\/index.php?rest_route=%2Fwp%2Fv2%2Fcomments&post=11291"}],"version-history":[{"count":4,"href":"https:\/\/www.guhalg.com\/wordpress\/index.php?rest_route=\/wp\/v2\/pages\/11291\/revisions"}],"predecessor-version":[{"id":11440,"href":"https:\/\/www.guhalg.com\/wordpress\/index.php?rest_route=\/wp\/v2\/pages\/11291\/revisions\/11440"}],"up":[{"embeddable":true,"href":"https:\/\/www.guhalg.com\/wordpress\/index.php?rest_route=\/wp\/v2\/pages\/8739"}],"wp:attachment":[{"href":"https:\/\/www.guhalg.com\/wordpress\/index.php?rest_route=%2Fwp%2Fv2%2Fmedia&parent=11291"}],"curies":[{"name":"wp","href":"https:\/\/api.w.org\/{rel}","templated":true}]}}