{"id":11458,"date":"2024-12-11T19:08:12","date_gmt":"2024-12-11T18:08:12","guid":{"rendered":"https:\/\/www.guhalg.com\/wordpress\/?page_id=11458"},"modified":"2024-12-21T18:38:48","modified_gmt":"2024-12-21T17:38:48","slug":"sao-tome-2014","status":"publish","type":"page","link":"https:\/\/www.guhalg.com\/wordpress\/?page_id=11458","title":{"rendered":"Sao Tom\u00e9 2014"},"content":{"rendered":"\n<p>Im Herbst 2014 hatten wir einen Tauchurlaub im Atlantik geplant. Die Wahl fiel dabei auf <a href=\"https:\/\/de.wikipedia.org\/wiki\/S%C3%A3o_Tom%C3%A9_und_Pr%C3%ADncipe\" data-type=\"link\" data-id=\"https:\/\/de.wikipedia.org\/wiki\/S%C3%A3o_Tom%C3%A9_und_Pr%C3%ADncipe\" target=\"_blank\" rel=\"noreferrer noopener\">Sao Tom\u00e9<\/a>. Vermutlich haben noch nicht viele von diesem Land geh\u00f6rt. Allerdings: Dieses eigenst\u00e4ndige Land liegt westlich von Afrika und beherbergt in einer kleinen vorgelagerten Insel den Null-Meridian, also die Koordinaten\u00a0 0,0 der Weltkarte!<\/p>\n\n\n\n<p>Die Planung der Reise war nicht ganz so einfach, da Sao Tom\u00e9 als Reiseziel aus Deutschland eher unbekannt ist. Es gibt schlichtweg nicht viele Veranstalter, die her ein Angebot haben. Unser Reiseb\u00fcro in Bremen konnte aber einen f\u00fcr uns passenden Anbieter ermitteln und wir haben auch gleich gebucht.<\/p>\n\n\n\n<p>Uns war im Vorfeld schon klar, dass wir im Dezember nicht die beste Reisezeit haben, da diese in etwa von Oktober bis Mai geht. Als Information haben wir einen ergiebigen Regenschauer pro Tag erhalten. Doch es kam etwas anders.<\/p>\n\n\n\n<p>Aber f\u00fcr die \u00dcbersicht findet ihr hier Sao Tom\u00e9 auf der Weltkarte.<\/p>\n\n\n\n<figure class=\"wp-block-image size-full\"><a href=\"https:\/\/www.guhalg.com\/wordpress\/wp-content\/uploads\/Reisen\/SaoTome2014\/Allgemein\/Sao Tome_FHD.png\"><img loading=\"lazy\" decoding=\"async\" width=\"1280\" height=\"731\" src=\"https:\/\/www.guhalg.com\/wordpress\/wp-content\/uploads\/Reisen\/SaoTome2014\/Allgemein\/Sao Tome_FHD.png\" alt=\"Sao Tom\u00e9\" class=\"wp-image-11468\" srcset=\"https:\/\/www.guhalg.com\/wordpress\/wp-content\/uploads\/Reisen\/SaoTome2014\/Allgemein\/Sao%20Tome_FHD.png 1280w, https:\/\/www.guhalg.com\/wordpress\/wp-content\/uploads\/Reisen\/SaoTome2014\/Allgemein\/Sao%20Tome_FHD-300x171.png 300w, https:\/\/www.guhalg.com\/wordpress\/wp-content\/uploads\/Reisen\/SaoTome2014\/Allgemein\/Sao%20Tome_FHD-1024x585.png 1024w, https:\/\/www.guhalg.com\/wordpress\/wp-content\/uploads\/Reisen\/SaoTome2014\/Allgemein\/Sao%20Tome_FHD-768x439.png 768w\" sizes=\"auto, (max-width: 1280px) 100vw, 1280px\" \/><\/a><\/figure>\n\n\n\n<div class=\"wp-block-buttons is-content-justification-right is-layout-flex wp-container-core-buttons-is-layout-765c4724 wp-block-buttons-is-layout-flex\">\n<div class=\"wp-block-button\"><a class=\"wp-block-button__link wp-element-button\" href=\"https:\/\/www.guhalg.com\/wordpress\/?page_id=11479\">Anreise und erste Eindr\u00fccke<\/a><\/div>\n<\/div>\n","protected":false},"excerpt":{"rendered":"<p>Im Herbst 2014 hatten wir einen Tauchurlaub im Atlantik geplant. Die Wahl fiel dabei auf Sao Tom\u00e9. Vermutlich haben noch nicht viele von diesem Land geh\u00f6rt. Allerdings: Dieses eigenst\u00e4ndige Land liegt westlich von Afrika und beherbergt in einer kleinen vorgelagerten&hellip; <\/p>\n","protected":false},"author":1,"featured_media":0,"parent":0,"menu_order":33,"comment_status":"closed","ping_status":"closed","template":"","meta":{"footnotes":""},"class_list":["post-11458","page","type-page","status-publish","hentry"],"_links":{"self":[{"href":"https:\/\/www.guhalg.com\/wordpress\/index.php?rest_route=\/wp\/v2\/pages\/11458","targetHints":{"allow":["GET"]}}],"collection":[{"href":"https:\/\/www.guhalg.com\/wordpress\/index.php?rest_route=\/wp\/v2\/pages"}],"about":[{"href":"https:\/\/www.guhalg.com\/wordpress\/index.php?rest_route=\/wp\/v2\/types\/page"}],"author":[{"embeddable":true,"href":"https:\/\/www.guhalg.com\/wordpress\/index.php?rest_route=\/wp\/v2\/users\/1"}],"replies":[{"embeddable":true,"href":"https:\/\/www.guhalg.com\/wordpress\/index.php?rest_route=%2Fwp%2Fv2%2Fcomments&post=11458"}],"version-history":[{"count":12,"href":"https:\/\/www.guhalg.com\/wordpress\/index.php?rest_route=\/wp\/v2\/pages\/11458\/revisions"}],"predecessor-version":[{"id":11482,"href":"https:\/\/www.guhalg.com\/wordpress\/index.php?rest_route=\/wp\/v2\/pages\/11458\/revisions\/11482"}],"wp:attachment":[{"href":"https:\/\/www.guhalg.com\/wordpress\/index.php?rest_route=%2Fwp%2Fv2%2Fmedia&parent=11458"}],"curies":[{"name":"wp","href":"https:\/\/api.w.org\/{rel}","templated":true}]}}