{"id":11570,"date":"2024-12-22T10:05:00","date_gmt":"2024-12-22T09:05:00","guid":{"rendered":"https:\/\/www.guhalg.com\/wordpress\/?page_id=11570"},"modified":"2024-12-22T12:16:29","modified_gmt":"2024-12-22T11:16:29","slug":"kulinarische-genuesse","status":"publish","type":"page","link":"https:\/\/www.guhalg.com\/wordpress\/?page_id=11570","title":{"rendered":"Kulinarische Gen\u00fcsse"},"content":{"rendered":"\n<p>Sicherlich ein absolutes Highlight ist das Restaurant von <a href=\"https:\/\/fr.wikipedia.org\/wiki\/Jo%C3%A3o_Carlos_Silva\" data-type=\"link\" data-id=\"https:\/\/fr.wikipedia.org\/wiki\/Jo%C3%A3o_Carlos_Silva\" target=\"_blank\" rel=\"noreferrer noopener\">Jo\u00e3o Carlos Silva<\/a>. Hier werden t\u00e4glich G\u00e4ste mit lokalen K\u00f6stlichkeiten verw\u00f6hnt. Das beinhaltet schonmal so um die 10&nbsp;\u2013&nbsp;13 G\u00e4nge. Bis auf den Hauptgang zum Sattwerden sind alle weiteren Kreationen darauf ausgelegt, die Vielfalt an Geschmacksrichtungen aufzuzeigen. W\u00fcrde man so sicherlich nicht erwarten, aber Carlos hat es auch schon bis ins deutsche Fernsehen geschafft. Einfach mal bei mal im Internet nach suchen.<\/p>\n\n\n\n<p>Ganz besonders im Ged\u00e4chtnis geblieben ist uns die Kombination von Schokolade und Chili. Eine Schokolade mit 100% Kakao-Anteil \u2013 geht das? Ja, <a href=\"https:\/\/www.claudiocorallo.com\/index.php?lang=de\" data-type=\"link\" data-id=\"https:\/\/www.claudiocorallo.com\/index.php?lang=de\" target=\"_blank\" rel=\"noreferrer noopener\">Claudio Corallo<\/a> verwendet auf Sao Tom\u00e9 alte Sorten von Kakaobohnen. Die Schokolade ist dabei kein bisschen bitter, aber sehr geschmacksintensiv. In geringer Menge mit einer scharfen Chille ein absolutes Erlebnis.<\/p>\n\n\n\n<p>Wir haben uns ein wenig von der Schokolade (100 % Kakao) mitgenommen. Zum normalen Naschen ist sie aber nicht geeignet. Der Kakaogeschmack ist einfach zu stark.<\/p>\n\n\n\n<p>Bei Carlos waren wir noch ein zweites Mal und haben einige Eindr\u00fccke mitgenommen. Man achte dabei insbesondere auf die K\u00fcche.<\/p>\n\n\n\n<figure class=\"wp-block-gallery has-nested-images columns-default is-cropped wp-block-gallery-1 is-layout-flex wp-block-gallery-is-layout-flex\">\n<figure class=\"wp-block-image size-full\"><img loading=\"lazy\" decoding=\"async\" width=\"2560\" height=\"1441\" data-id=\"11592\" src=\"https:\/\/www.guhalg.com\/wordpress\/wp-content\/uploads\/Reisen\/SaoTome2014\/Kulinarisches\/P1130808-scaled.jpg\" alt=\"Der Obst- und Gem\u00fcsevorrat\" class=\"wp-image-11592\" srcset=\"https:\/\/www.guhalg.com\/wordpress\/wp-content\/uploads\/Reisen\/SaoTome2014\/Kulinarisches\/P1130808-scaled.jpg 2560w, https:\/\/www.guhalg.com\/wordpress\/wp-content\/uploads\/Reisen\/SaoTome2014\/Kulinarisches\/P1130808-300x169.jpg 300w, https:\/\/www.guhalg.com\/wordpress\/wp-content\/uploads\/Reisen\/SaoTome2014\/Kulinarisches\/P1130808-1024x576.jpg 1024w, https:\/\/www.guhalg.com\/wordpress\/wp-content\/uploads\/Reisen\/SaoTome2014\/Kulinarisches\/P1130808-768x432.jpg 768w, https:\/\/www.guhalg.com\/wordpress\/wp-content\/uploads\/Reisen\/SaoTome2014\/Kulinarisches\/P1130808-1536x865.jpg 1536w, https:\/\/www.guhalg.com\/wordpress\/wp-content\/uploads\/Reisen\/SaoTome2014\/Kulinarisches\/P1130808-2048x1153.jpg 2048w\" sizes=\"auto, (max-width: 2560px) 100vw, 2560px\" \/><\/figure>\n\n\n\n<figure class=\"wp-block-image size-full\"><img loading=\"lazy\" decoding=\"async\" width=\"2560\" height=\"1441\" data-id=\"11593\" src=\"https:\/\/www.guhalg.com\/wordpress\/wp-content\/uploads\/Reisen\/SaoTome2014\/Kulinarisches\/P1130811-scaled.jpg\" alt=\"Blick ins Restaurant\" class=\"wp-image-11593\" srcset=\"https:\/\/www.guhalg.com\/wordpress\/wp-content\/uploads\/Reisen\/SaoTome2014\/Kulinarisches\/P1130811-scaled.jpg 2560w, https:\/\/www.guhalg.com\/wordpress\/wp-content\/uploads\/Reisen\/SaoTome2014\/Kulinarisches\/P1130811-300x169.jpg 300w, https:\/\/www.guhalg.com\/wordpress\/wp-content\/uploads\/Reisen\/SaoTome2014\/Kulinarisches\/P1130811-1024x576.jpg 1024w, https:\/\/www.guhalg.com\/wordpress\/wp-content\/uploads\/Reisen\/SaoTome2014\/Kulinarisches\/P1130811-768x432.jpg 768w, https:\/\/www.guhalg.com\/wordpress\/wp-content\/uploads\/Reisen\/SaoTome2014\/Kulinarisches\/P1130811-1536x865.jpg 1536w, https:\/\/www.guhalg.com\/wordpress\/wp-content\/uploads\/Reisen\/SaoTome2014\/Kulinarisches\/P1130811-2048x1153.jpg 2048w\" sizes=\"auto, (max-width: 2560px) 100vw, 2560px\" \/><\/figure>\n\n\n\n<figure class=\"wp-block-image size-full\"><img loading=\"lazy\" decoding=\"async\" width=\"2560\" height=\"1441\" data-id=\"11578\" src=\"https:\/\/www.guhalg.com\/wordpress\/wp-content\/uploads\/Reisen\/SaoTome2014\/Kulinarisches\/P1130790-scaled.jpg\" alt=\"Vorspeise\" class=\"wp-image-11578\" srcset=\"https:\/\/www.guhalg.com\/wordpress\/wp-content\/uploads\/Reisen\/SaoTome2014\/Kulinarisches\/P1130790-scaled.jpg 2560w, https:\/\/www.guhalg.com\/wordpress\/wp-content\/uploads\/Reisen\/SaoTome2014\/Kulinarisches\/P1130790-300x169.jpg 300w, https:\/\/www.guhalg.com\/wordpress\/wp-content\/uploads\/Reisen\/SaoTome2014\/Kulinarisches\/P1130790-1024x576.jpg 1024w, https:\/\/www.guhalg.com\/wordpress\/wp-content\/uploads\/Reisen\/SaoTome2014\/Kulinarisches\/P1130790-768x432.jpg 768w, https:\/\/www.guhalg.com\/wordpress\/wp-content\/uploads\/Reisen\/SaoTome2014\/Kulinarisches\/P1130790-1536x865.jpg 1536w, https:\/\/www.guhalg.com\/wordpress\/wp-content\/uploads\/Reisen\/SaoTome2014\/Kulinarisches\/P1130790-2048x1153.jpg 2048w\" sizes=\"auto, (max-width: 2560px) 100vw, 2560px\" \/><\/figure>\n\n\n\n<figure class=\"wp-block-image size-full\"><img loading=\"lazy\" decoding=\"async\" width=\"2560\" height=\"1441\" data-id=\"11579\" src=\"https:\/\/www.guhalg.com\/wordpress\/wp-content\/uploads\/Reisen\/SaoTome2014\/Kulinarisches\/P1130791-scaled.jpg\" alt=\"Vorspeise\" class=\"wp-image-11579\" srcset=\"https:\/\/www.guhalg.com\/wordpress\/wp-content\/uploads\/Reisen\/SaoTome2014\/Kulinarisches\/P1130791-scaled.jpg 2560w, https:\/\/www.guhalg.com\/wordpress\/wp-content\/uploads\/Reisen\/SaoTome2014\/Kulinarisches\/P1130791-300x169.jpg 300w, https:\/\/www.guhalg.com\/wordpress\/wp-content\/uploads\/Reisen\/SaoTome2014\/Kulinarisches\/P1130791-1024x576.jpg 1024w, https:\/\/www.guhalg.com\/wordpress\/wp-content\/uploads\/Reisen\/SaoTome2014\/Kulinarisches\/P1130791-768x432.jpg 768w, https:\/\/www.guhalg.com\/wordpress\/wp-content\/uploads\/Reisen\/SaoTome2014\/Kulinarisches\/P1130791-1536x865.jpg 1536w, https:\/\/www.guhalg.com\/wordpress\/wp-content\/uploads\/Reisen\/SaoTome2014\/Kulinarisches\/P1130791-2048x1153.jpg 2048w\" sizes=\"auto, (max-width: 2560px) 100vw, 2560px\" \/><\/figure>\n\n\n\n<figure class=\"wp-block-image size-full\"><img loading=\"lazy\" decoding=\"async\" width=\"2560\" height=\"1441\" data-id=\"11581\" src=\"https:\/\/www.guhalg.com\/wordpress\/wp-content\/uploads\/Reisen\/SaoTome2014\/Kulinarisches\/P1130795-scaled.jpg\" alt=\"Vorspeise\" class=\"wp-image-11581\" srcset=\"https:\/\/www.guhalg.com\/wordpress\/wp-content\/uploads\/Reisen\/SaoTome2014\/Kulinarisches\/P1130795-scaled.jpg 2560w, https:\/\/www.guhalg.com\/wordpress\/wp-content\/uploads\/Reisen\/SaoTome2014\/Kulinarisches\/P1130795-300x169.jpg 300w, https:\/\/www.guhalg.com\/wordpress\/wp-content\/uploads\/Reisen\/SaoTome2014\/Kulinarisches\/P1130795-1024x576.jpg 1024w, https:\/\/www.guhalg.com\/wordpress\/wp-content\/uploads\/Reisen\/SaoTome2014\/Kulinarisches\/P1130795-768x432.jpg 768w, https:\/\/www.guhalg.com\/wordpress\/wp-content\/uploads\/Reisen\/SaoTome2014\/Kulinarisches\/P1130795-1536x865.jpg 1536w, https:\/\/www.guhalg.com\/wordpress\/wp-content\/uploads\/Reisen\/SaoTome2014\/Kulinarisches\/P1130795-2048x1153.jpg 2048w\" sizes=\"auto, (max-width: 2560px) 100vw, 2560px\" \/><\/figure>\n\n\n\n<figure class=\"wp-block-image size-full\"><img loading=\"lazy\" decoding=\"async\" width=\"2560\" height=\"1441\" data-id=\"11584\" src=\"https:\/\/www.guhalg.com\/wordpress\/wp-content\/uploads\/Reisen\/SaoTome2014\/Kulinarisches\/P1130800-scaled.jpg\" alt=\"Vorspeise\" class=\"wp-image-11584\" srcset=\"https:\/\/www.guhalg.com\/wordpress\/wp-content\/uploads\/Reisen\/SaoTome2014\/Kulinarisches\/P1130800-scaled.jpg 2560w, https:\/\/www.guhalg.com\/wordpress\/wp-content\/uploads\/Reisen\/SaoTome2014\/Kulinarisches\/P1130800-300x169.jpg 300w, https:\/\/www.guhalg.com\/wordpress\/wp-content\/uploads\/Reisen\/SaoTome2014\/Kulinarisches\/P1130800-1024x576.jpg 1024w, https:\/\/www.guhalg.com\/wordpress\/wp-content\/uploads\/Reisen\/SaoTome2014\/Kulinarisches\/P1130800-768x432.jpg 768w, https:\/\/www.guhalg.com\/wordpress\/wp-content\/uploads\/Reisen\/SaoTome2014\/Kulinarisches\/P1130800-1536x865.jpg 1536w, https:\/\/www.guhalg.com\/wordpress\/wp-content\/uploads\/Reisen\/SaoTome2014\/Kulinarisches\/P1130800-2048x1153.jpg 2048w\" sizes=\"auto, (max-width: 2560px) 100vw, 2560px\" \/><\/figure>\n\n\n\n<figure class=\"wp-block-image size-full\"><img loading=\"lazy\" decoding=\"async\" width=\"2560\" height=\"1441\" data-id=\"11585\" src=\"https:\/\/www.guhalg.com\/wordpress\/wp-content\/uploads\/Reisen\/SaoTome2014\/Kulinarisches\/P1130801-scaled.jpg\" alt=\"Vorspeise\" class=\"wp-image-11585\" srcset=\"https:\/\/www.guhalg.com\/wordpress\/wp-content\/uploads\/Reisen\/SaoTome2014\/Kulinarisches\/P1130801-scaled.jpg 2560w, https:\/\/www.guhalg.com\/wordpress\/wp-content\/uploads\/Reisen\/SaoTome2014\/Kulinarisches\/P1130801-300x169.jpg 300w, https:\/\/www.guhalg.com\/wordpress\/wp-content\/uploads\/Reisen\/SaoTome2014\/Kulinarisches\/P1130801-1024x576.jpg 1024w, https:\/\/www.guhalg.com\/wordpress\/wp-content\/uploads\/Reisen\/SaoTome2014\/Kulinarisches\/P1130801-768x432.jpg 768w, https:\/\/www.guhalg.com\/wordpress\/wp-content\/uploads\/Reisen\/SaoTome2014\/Kulinarisches\/P1130801-1536x865.jpg 1536w, https:\/\/www.guhalg.com\/wordpress\/wp-content\/uploads\/Reisen\/SaoTome2014\/Kulinarisches\/P1130801-2048x1153.jpg 2048w\" sizes=\"auto, (max-width: 2560px) 100vw, 2560px\" \/><\/figure>\n\n\n\n<figure class=\"wp-block-image size-full\"><img loading=\"lazy\" decoding=\"async\" width=\"2560\" height=\"1441\" data-id=\"11586\" src=\"https:\/\/www.guhalg.com\/wordpress\/wp-content\/uploads\/Reisen\/SaoTome2014\/Kulinarisches\/P1130802-scaled.jpg\" alt=\"Vorspeise\" class=\"wp-image-11586\" srcset=\"https:\/\/www.guhalg.com\/wordpress\/wp-content\/uploads\/Reisen\/SaoTome2014\/Kulinarisches\/P1130802-scaled.jpg 2560w, https:\/\/www.guhalg.com\/wordpress\/wp-content\/uploads\/Reisen\/SaoTome2014\/Kulinarisches\/P1130802-300x169.jpg 300w, https:\/\/www.guhalg.com\/wordpress\/wp-content\/uploads\/Reisen\/SaoTome2014\/Kulinarisches\/P1130802-1024x576.jpg 1024w, https:\/\/www.guhalg.com\/wordpress\/wp-content\/uploads\/Reisen\/SaoTome2014\/Kulinarisches\/P1130802-768x432.jpg 768w, https:\/\/www.guhalg.com\/wordpress\/wp-content\/uploads\/Reisen\/SaoTome2014\/Kulinarisches\/P1130802-1536x865.jpg 1536w, https:\/\/www.guhalg.com\/wordpress\/wp-content\/uploads\/Reisen\/SaoTome2014\/Kulinarisches\/P1130802-2048x1153.jpg 2048w\" sizes=\"auto, (max-width: 2560px) 100vw, 2560px\" \/><\/figure>\n\n\n\n<figure class=\"wp-block-image size-full\"><img loading=\"lazy\" decoding=\"async\" width=\"2560\" height=\"1441\" data-id=\"11587\" src=\"https:\/\/www.guhalg.com\/wordpress\/wp-content\/uploads\/Reisen\/SaoTome2014\/Kulinarisches\/P1130803-scaled.jpg\" alt=\"Vorspeise\" class=\"wp-image-11587\" srcset=\"https:\/\/www.guhalg.com\/wordpress\/wp-content\/uploads\/Reisen\/SaoTome2014\/Kulinarisches\/P1130803-scaled.jpg 2560w, https:\/\/www.guhalg.com\/wordpress\/wp-content\/uploads\/Reisen\/SaoTome2014\/Kulinarisches\/P1130803-300x169.jpg 300w, https:\/\/www.guhalg.com\/wordpress\/wp-content\/uploads\/Reisen\/SaoTome2014\/Kulinarisches\/P1130803-1024x576.jpg 1024w, https:\/\/www.guhalg.com\/wordpress\/wp-content\/uploads\/Reisen\/SaoTome2014\/Kulinarisches\/P1130803-768x432.jpg 768w, https:\/\/www.guhalg.com\/wordpress\/wp-content\/uploads\/Reisen\/SaoTome2014\/Kulinarisches\/P1130803-1536x865.jpg 1536w, https:\/\/www.guhalg.com\/wordpress\/wp-content\/uploads\/Reisen\/SaoTome2014\/Kulinarisches\/P1130803-2048x1153.jpg 2048w\" sizes=\"auto, (max-width: 2560px) 100vw, 2560px\" \/><\/figure>\n\n\n\n<figure class=\"wp-block-image size-full\"><img loading=\"lazy\" decoding=\"async\" width=\"2560\" height=\"1441\" data-id=\"11588\" src=\"https:\/\/www.guhalg.com\/wordpress\/wp-content\/uploads\/Reisen\/SaoTome2014\/Kulinarisches\/P1130804-scaled.jpg\" alt=\"Hauptgang\" class=\"wp-image-11588\" srcset=\"https:\/\/www.guhalg.com\/wordpress\/wp-content\/uploads\/Reisen\/SaoTome2014\/Kulinarisches\/P1130804-scaled.jpg 2560w, https:\/\/www.guhalg.com\/wordpress\/wp-content\/uploads\/Reisen\/SaoTome2014\/Kulinarisches\/P1130804-300x169.jpg 300w, https:\/\/www.guhalg.com\/wordpress\/wp-content\/uploads\/Reisen\/SaoTome2014\/Kulinarisches\/P1130804-1024x576.jpg 1024w, https:\/\/www.guhalg.com\/wordpress\/wp-content\/uploads\/Reisen\/SaoTome2014\/Kulinarisches\/P1130804-768x432.jpg 768w, https:\/\/www.guhalg.com\/wordpress\/wp-content\/uploads\/Reisen\/SaoTome2014\/Kulinarisches\/P1130804-1536x865.jpg 1536w, https:\/\/www.guhalg.com\/wordpress\/wp-content\/uploads\/Reisen\/SaoTome2014\/Kulinarisches\/P1130804-2048x1153.jpg 2048w\" sizes=\"auto, (max-width: 2560px) 100vw, 2560px\" \/><\/figure>\n\n\n\n<figure class=\"wp-block-image size-full\"><img loading=\"lazy\" decoding=\"async\" width=\"2560\" height=\"1441\" data-id=\"11589\" src=\"https:\/\/www.guhalg.com\/wordpress\/wp-content\/uploads\/Reisen\/SaoTome2014\/Kulinarisches\/P1130805-scaled.jpg\" alt=\"Nachtisch\" class=\"wp-image-11589\" srcset=\"https:\/\/www.guhalg.com\/wordpress\/wp-content\/uploads\/Reisen\/SaoTome2014\/Kulinarisches\/P1130805-scaled.jpg 2560w, https:\/\/www.guhalg.com\/wordpress\/wp-content\/uploads\/Reisen\/SaoTome2014\/Kulinarisches\/P1130805-300x169.jpg 300w, https:\/\/www.guhalg.com\/wordpress\/wp-content\/uploads\/Reisen\/SaoTome2014\/Kulinarisches\/P1130805-1024x576.jpg 1024w, https:\/\/www.guhalg.com\/wordpress\/wp-content\/uploads\/Reisen\/SaoTome2014\/Kulinarisches\/P1130805-768x432.jpg 768w, https:\/\/www.guhalg.com\/wordpress\/wp-content\/uploads\/Reisen\/SaoTome2014\/Kulinarisches\/P1130805-1536x865.jpg 1536w, https:\/\/www.guhalg.com\/wordpress\/wp-content\/uploads\/Reisen\/SaoTome2014\/Kulinarisches\/P1130805-2048x1153.jpg 2048w\" sizes=\"auto, (max-width: 2560px) 100vw, 2560px\" \/><\/figure>\n\n\n\n<figure class=\"wp-block-image size-full\"><img loading=\"lazy\" decoding=\"async\" width=\"2560\" height=\"1441\" data-id=\"11590\" src=\"https:\/\/www.guhalg.com\/wordpress\/wp-content\/uploads\/Reisen\/SaoTome2014\/Kulinarisches\/P1130806-scaled.jpg\" alt=\"Nachtisch\" class=\"wp-image-11590\" srcset=\"https:\/\/www.guhalg.com\/wordpress\/wp-content\/uploads\/Reisen\/SaoTome2014\/Kulinarisches\/P1130806-scaled.jpg 2560w, https:\/\/www.guhalg.com\/wordpress\/wp-content\/uploads\/Reisen\/SaoTome2014\/Kulinarisches\/P1130806-300x169.jpg 300w, https:\/\/www.guhalg.com\/wordpress\/wp-content\/uploads\/Reisen\/SaoTome2014\/Kulinarisches\/P1130806-1024x576.jpg 1024w, https:\/\/www.guhalg.com\/wordpress\/wp-content\/uploads\/Reisen\/SaoTome2014\/Kulinarisches\/P1130806-768x432.jpg 768w, https:\/\/www.guhalg.com\/wordpress\/wp-content\/uploads\/Reisen\/SaoTome2014\/Kulinarisches\/P1130806-1536x865.jpg 1536w, https:\/\/www.guhalg.com\/wordpress\/wp-content\/uploads\/Reisen\/SaoTome2014\/Kulinarisches\/P1130806-2048x1153.jpg 2048w\" sizes=\"auto, (max-width: 2560px) 100vw, 2560px\" \/><\/figure>\n\n\n\n<figure class=\"wp-block-image size-full\"><img loading=\"lazy\" decoding=\"async\" width=\"2560\" height=\"1441\" data-id=\"11580\" src=\"https:\/\/www.guhalg.com\/wordpress\/wp-content\/uploads\/Reisen\/SaoTome2014\/Kulinarisches\/P1130793-scaled.jpg\" alt=\"Die K\u00fcche\" class=\"wp-image-11580\" srcset=\"https:\/\/www.guhalg.com\/wordpress\/wp-content\/uploads\/Reisen\/SaoTome2014\/Kulinarisches\/P1130793-scaled.jpg 2560w, https:\/\/www.guhalg.com\/wordpress\/wp-content\/uploads\/Reisen\/SaoTome2014\/Kulinarisches\/P1130793-300x169.jpg 300w, https:\/\/www.guhalg.com\/wordpress\/wp-content\/uploads\/Reisen\/SaoTome2014\/Kulinarisches\/P1130793-1024x576.jpg 1024w, https:\/\/www.guhalg.com\/wordpress\/wp-content\/uploads\/Reisen\/SaoTome2014\/Kulinarisches\/P1130793-768x432.jpg 768w, https:\/\/www.guhalg.com\/wordpress\/wp-content\/uploads\/Reisen\/SaoTome2014\/Kulinarisches\/P1130793-1536x865.jpg 1536w, https:\/\/www.guhalg.com\/wordpress\/wp-content\/uploads\/Reisen\/SaoTome2014\/Kulinarisches\/P1130793-2048x1153.jpg 2048w\" sizes=\"auto, (max-width: 2560px) 100vw, 2560px\" \/><\/figure>\n\n\n\n<figure class=\"wp-block-image size-full\"><img loading=\"lazy\" decoding=\"async\" width=\"2560\" height=\"1441\" data-id=\"11583\" src=\"https:\/\/www.guhalg.com\/wordpress\/wp-content\/uploads\/Reisen\/SaoTome2014\/Kulinarisches\/P1130799-scaled.jpg\" alt=\"Der Herd\" class=\"wp-image-11583\" srcset=\"https:\/\/www.guhalg.com\/wordpress\/wp-content\/uploads\/Reisen\/SaoTome2014\/Kulinarisches\/P1130799-scaled.jpg 2560w, https:\/\/www.guhalg.com\/wordpress\/wp-content\/uploads\/Reisen\/SaoTome2014\/Kulinarisches\/P1130799-300x169.jpg 300w, https:\/\/www.guhalg.com\/wordpress\/wp-content\/uploads\/Reisen\/SaoTome2014\/Kulinarisches\/P1130799-1024x576.jpg 1024w, https:\/\/www.guhalg.com\/wordpress\/wp-content\/uploads\/Reisen\/SaoTome2014\/Kulinarisches\/P1130799-768x432.jpg 768w, https:\/\/www.guhalg.com\/wordpress\/wp-content\/uploads\/Reisen\/SaoTome2014\/Kulinarisches\/P1130799-1536x865.jpg 1536w, https:\/\/www.guhalg.com\/wordpress\/wp-content\/uploads\/Reisen\/SaoTome2014\/Kulinarisches\/P1130799-2048x1153.jpg 2048w\" sizes=\"auto, (max-width: 2560px) 100vw, 2560px\" \/><\/figure>\n\n\n\n<figure class=\"wp-block-image size-full\"><img loading=\"lazy\" decoding=\"async\" width=\"2560\" height=\"1441\" data-id=\"11582\" src=\"https:\/\/www.guhalg.com\/wordpress\/wp-content\/uploads\/Reisen\/SaoTome2014\/Kulinarisches\/P1130798-scaled.jpg\" alt=\"Der Nebenherd\" class=\"wp-image-11582\" srcset=\"https:\/\/www.guhalg.com\/wordpress\/wp-content\/uploads\/Reisen\/SaoTome2014\/Kulinarisches\/P1130798-scaled.jpg 2560w, https:\/\/www.guhalg.com\/wordpress\/wp-content\/uploads\/Reisen\/SaoTome2014\/Kulinarisches\/P1130798-300x169.jpg 300w, https:\/\/www.guhalg.com\/wordpress\/wp-content\/uploads\/Reisen\/SaoTome2014\/Kulinarisches\/P1130798-1024x576.jpg 1024w, https:\/\/www.guhalg.com\/wordpress\/wp-content\/uploads\/Reisen\/SaoTome2014\/Kulinarisches\/P1130798-768x432.jpg 768w, https:\/\/www.guhalg.com\/wordpress\/wp-content\/uploads\/Reisen\/SaoTome2014\/Kulinarisches\/P1130798-1536x865.jpg 1536w, https:\/\/www.guhalg.com\/wordpress\/wp-content\/uploads\/Reisen\/SaoTome2014\/Kulinarisches\/P1130798-2048x1153.jpg 2048w\" sizes=\"auto, (max-width: 2560px) 100vw, 2560px\" \/><\/figure>\n<\/figure>\n\n\n\n<p><strong>Und nat\u00fcrlich der stolze K\u00fcchenchef.<\/strong><\/p>\n\n\n\n<figure class=\"wp-block-image size-full\"><a href=\"https:\/\/www.guhalg.com\/wordpress\/wp-content\/uploads\/Reisen\/SaoTome2014\/Kulinarisches\/P1130807-scaled.jpg\"><img loading=\"lazy\" decoding=\"async\" width=\"2560\" height=\"1441\" src=\"https:\/\/www.guhalg.com\/wordpress\/wp-content\/uploads\/Reisen\/SaoTome2014\/Kulinarisches\/P1130807-scaled.jpg\" alt=\"Der Koch\" class=\"wp-image-11591\" srcset=\"https:\/\/www.guhalg.com\/wordpress\/wp-content\/uploads\/Reisen\/SaoTome2014\/Kulinarisches\/P1130807-scaled.jpg 2560w, https:\/\/www.guhalg.com\/wordpress\/wp-content\/uploads\/Reisen\/SaoTome2014\/Kulinarisches\/P1130807-300x169.jpg 300w, https:\/\/www.guhalg.com\/wordpress\/wp-content\/uploads\/Reisen\/SaoTome2014\/Kulinarisches\/P1130807-1024x576.jpg 1024w, https:\/\/www.guhalg.com\/wordpress\/wp-content\/uploads\/Reisen\/SaoTome2014\/Kulinarisches\/P1130807-768x432.jpg 768w, https:\/\/www.guhalg.com\/wordpress\/wp-content\/uploads\/Reisen\/SaoTome2014\/Kulinarisches\/P1130807-1536x865.jpg 1536w, https:\/\/www.guhalg.com\/wordpress\/wp-content\/uploads\/Reisen\/SaoTome2014\/Kulinarisches\/P1130807-2048x1153.jpg 2048w\" sizes=\"auto, (max-width: 2560px) 100vw, 2560px\" \/><\/a><\/figure>\n\n\n\n<p><\/p>\n\n\n\n<div class=\"wp-block-columns is-layout-flex wp-container-core-columns-is-layout-9d6595d7 wp-block-columns-is-layout-flex\">\n<div class=\"wp-block-column is-layout-flow wp-block-column-is-layout-flow\">\n<div class=\"wp-block-buttons is-layout-flex wp-block-buttons-is-layout-flex\">\n<div class=\"wp-block-button\"><a class=\"wp-block-button__link wp-element-button\" href=\"https:\/\/www.guhalg.com\/wordpress\/?page_id=11546\">Das Land<\/a><\/div>\n<\/div>\n<\/div>\n\n\n\n<div class=\"wp-block-column is-layout-flow wp-block-column-is-layout-flow\">\n<div class=\"wp-block-buttons is-content-justification-right is-layout-flex wp-container-core-buttons-is-layout-765c4724 wp-block-buttons-is-layout-flex\">\n<div class=\"wp-block-button\"><a class=\"wp-block-button__link wp-element-button\" href=\"https:\/\/www.guhalg.com\/wordpress\/?page_id=11598\">Der Abschluss<\/a><\/div>\n<\/div>\n<\/div>\n<\/div>\n","protected":false},"excerpt":{"rendered":"<p>Sicherlich ein absolutes Highlight ist das Restaurant von Jo\u00e3o Carlos Silva. Hier werden t\u00e4glich G\u00e4ste mit lokalen K\u00f6stlichkeiten verw\u00f6hnt. Das beinhaltet schonmal so um die 10&nbsp;\u2013&nbsp;13 G\u00e4nge. Bis auf den Hauptgang zum Sattwerden sind alle weiteren Kreationen darauf ausgelegt, die&hellip; <\/p>\n","protected":false},"author":1,"featured_media":0,"parent":11458,"menu_order":4,"comment_status":"closed","ping_status":"closed","template":"","meta":{"footnotes":""},"class_list":["post-11570","page","type-page","status-publish","hentry"],"_links":{"self":[{"href":"https:\/\/www.guhalg.com\/wordpress\/index.php?rest_route=\/wp\/v2\/pages\/11570","targetHints":{"allow":["GET"]}}],"collection":[{"href":"https:\/\/www.guhalg.com\/wordpress\/index.php?rest_route=\/wp\/v2\/pages"}],"about":[{"href":"https:\/\/www.guhalg.com\/wordpress\/index.php?rest_route=\/wp\/v2\/types\/page"}],"author":[{"embeddable":true,"href":"https:\/\/www.guhalg.com\/wordpress\/index.php?rest_route=\/wp\/v2\/users\/1"}],"replies":[{"embeddable":true,"href":"https:\/\/www.guhalg.com\/wordpress\/index.php?rest_route=%2Fwp%2Fv2%2Fcomments&post=11570"}],"version-history":[{"count":8,"href":"https:\/\/www.guhalg.com\/wordpress\/index.php?rest_route=\/wp\/v2\/pages\/11570\/revisions"}],"predecessor-version":[{"id":11602,"href":"https:\/\/www.guhalg.com\/wordpress\/index.php?rest_route=\/wp\/v2\/pages\/11570\/revisions\/11602"}],"up":[{"embeddable":true,"href":"https:\/\/www.guhalg.com\/wordpress\/index.php?rest_route=\/wp\/v2\/pages\/11458"}],"wp:attachment":[{"href":"https:\/\/www.guhalg.com\/wordpress\/index.php?rest_route=%2Fwp%2Fv2%2Fmedia&parent=11570"}],"curies":[{"name":"wp","href":"https:\/\/api.w.org\/{rel}","templated":true}]}}