{"id":11660,"date":"2024-12-28T20:38:54","date_gmt":"2024-12-28T19:38:54","guid":{"rendered":"https:\/\/www.guhalg.com\/wordpress\/?page_id=11660"},"modified":"2025-01-05T14:27:11","modified_gmt":"2025-01-05T13:27:11","slug":"curacao","status":"publish","type":"page","link":"https:\/\/www.guhalg.com\/wordpress\/?page_id=11660","title":{"rendered":"Cura\u00e7ao 2015"},"content":{"rendered":"\n<p>In 2014 waren wir in Namibia und wollten in Sao Tom\u00e9 mal wieder tauchen. Das hatte sich etwas anders entwickelt und bei uns den Wunsch nach einem faszinierenden Tauchurlaub ausgel\u00f6st. In 2012 waren wir schon auf <a href=\"https:\/\/www.guhalg.com\/wordpress\/?page_id=10497\" data-type=\"page\" data-id=\"10497\" target=\"_blank\" rel=\"noreferrer noopener\">Bonaire <\/a>und haben uns daher f\u00fcr die Nachbarinsel <a href=\"https:\/\/de.wikipedia.org\/wiki\/Cura%C3%A7ao\" data-type=\"link\" data-id=\"https:\/\/de.wikipedia.org\/wiki\/Cura%C3%A7ao\" target=\"_blank\" rel=\"noreferrer noopener\">Cura\u00e7ao <\/a>entschieden. Sie liegt nicht weit entfernt in den kleinen Antillen und geh\u00f6rt auch zu den Niederlanden. \u00c4hnlich wie auf Bonaire ist auch hier das Tauchen f\u00fcr die G\u00e4ste in Eigenregie m\u00f6glich. Man f\u00e4hrt mit dem Equipment zu den Tauchspots und geht selbstst\u00e4ndig tauchen. Die Insel Cura\u00e7ao ist fast gleich zu erreichen wie Bonaire:<\/p>\n\n\n\n<figure class=\"wp-block-image size-large\"><a href=\"https:\/\/www.guhalg.com\/wordpress\/wp-content\/uploads\/Reisen\/Curacao2015\/Reise\/Curacao.png\"><img loading=\"lazy\" decoding=\"async\" width=\"1024\" height=\"585\" src=\"https:\/\/www.guhalg.com\/wordpress\/wp-content\/uploads\/Reisen\/Curacao2015\/Reise\/Curacao-1024x585.png\" alt=\"Curacao\" class=\"wp-image-11671\" srcset=\"https:\/\/www.guhalg.com\/wordpress\/wp-content\/uploads\/Reisen\/Curacao2015\/Reise\/Curacao-1024x585.png 1024w, https:\/\/www.guhalg.com\/wordpress\/wp-content\/uploads\/Reisen\/Curacao2015\/Reise\/Curacao-300x171.png 300w, https:\/\/www.guhalg.com\/wordpress\/wp-content\/uploads\/Reisen\/Curacao2015\/Reise\/Curacao-768x439.png 768w, https:\/\/www.guhalg.com\/wordpress\/wp-content\/uploads\/Reisen\/Curacao2015\/Reise\/Curacao-1536x878.png 1536w, https:\/\/www.guhalg.com\/wordpress\/wp-content\/uploads\/Reisen\/Curacao2015\/Reise\/Curacao-2048x1171.png 2048w\" sizes=\"auto, (max-width: 1024px) 100vw, 1024px\" \/><\/a><\/figure>\n\n\n\n<p>Die Anreise erfolgte \u00fcber Amsterdam und ist vom Flugverlauf unspektakul\u00e4r. Wir hatten vor Ort ein kleines Ferienhaus direkt am Strand gemietet mit angegliederter Tauchbasis. Mit den Erfahrungen aus Bonaire haben wir einen Pickup gemietet. Nicht, dass man einen Gel\u00e4ndewagen vor Ort ben\u00f6tigt h\u00e4tte. Aber das An- und Ausziehen der Tauchsachen und das &#8222;ich muss mich nicht k\u00fcmmern&#8220; bei der Anfahrt der Tauchspots hat schon einen gewissen Charme.<\/p>\n\n\n\n<div class=\"wp-block-buttons is-content-justification-right is-layout-flex wp-container-core-buttons-is-layout-765c4724 wp-block-buttons-is-layout-flex\">\n<div class=\"wp-block-button\"><a class=\"wp-block-button__link wp-element-button\" href=\"https:\/\/www.guhalg.com\/wordpress\/?page_id=11680\">Die Unterkunft<\/a><\/div>\n<\/div>\n","protected":false},"excerpt":{"rendered":"<p>In 2014 waren wir in Namibia und wollten in Sao Tom\u00e9 mal wieder tauchen. Das hatte sich etwas anders entwickelt und bei uns den Wunsch nach einem faszinierenden Tauchurlaub ausgel\u00f6st. In 2012 waren wir schon auf Bonaire und haben uns&hellip; <\/p>\n","protected":false},"author":1,"featured_media":0,"parent":0,"menu_order":34,"comment_status":"closed","ping_status":"closed","template":"","meta":{"footnotes":""},"class_list":["post-11660","page","type-page","status-publish","hentry"],"_links":{"self":[{"href":"https:\/\/www.guhalg.com\/wordpress\/index.php?rest_route=\/wp\/v2\/pages\/11660","targetHints":{"allow":["GET"]}}],"collection":[{"href":"https:\/\/www.guhalg.com\/wordpress\/index.php?rest_route=\/wp\/v2\/pages"}],"about":[{"href":"https:\/\/www.guhalg.com\/wordpress\/index.php?rest_route=\/wp\/v2\/types\/page"}],"author":[{"embeddable":true,"href":"https:\/\/www.guhalg.com\/wordpress\/index.php?rest_route=\/wp\/v2\/users\/1"}],"replies":[{"embeddable":true,"href":"https:\/\/www.guhalg.com\/wordpress\/index.php?rest_route=%2Fwp%2Fv2%2Fcomments&post=11660"}],"version-history":[{"count":13,"href":"https:\/\/www.guhalg.com\/wordpress\/index.php?rest_route=\/wp\/v2\/pages\/11660\/revisions"}],"predecessor-version":[{"id":11697,"href":"https:\/\/www.guhalg.com\/wordpress\/index.php?rest_route=\/wp\/v2\/pages\/11660\/revisions\/11697"}],"wp:attachment":[{"href":"https:\/\/www.guhalg.com\/wordpress\/index.php?rest_route=%2Fwp%2Fv2%2Fmedia&parent=11660"}],"curies":[{"name":"wp","href":"https:\/\/api.w.org\/{rel}","templated":true}]}}