{"id":11680,"date":"2024-12-28T21:16:09","date_gmt":"2024-12-28T20:16:09","guid":{"rendered":"https:\/\/www.guhalg.com\/wordpress\/?page_id=11680"},"modified":"2025-01-05T17:28:21","modified_gmt":"2025-01-05T16:28:21","slug":"die-unterkunft-auf-curacao","status":"publish","type":"page","link":"https:\/\/www.guhalg.com\/wordpress\/?page_id=11680","title":{"rendered":"Die Unterkunft auf Cura\u00e7ao"},"content":{"rendered":"\n<p>Wir hatten eine kleine Ferienwohnung direkt am Meer, mit Blick nach Westen, ideal f\u00fcr den Sonnenuntergang.<\/p>\n\n\n\n<figure class=\"wp-block-image size-large\"><a href=\"https:\/\/www.guhalg.com\/wordpress\/wp-content\/uploads\/Reisen\/Curacao2015\/Reise\/2015-05-27 19-52-45-scaled.jpg\"><img loading=\"lazy\" decoding=\"async\" width=\"1024\" height=\"575\" src=\"https:\/\/www.guhalg.com\/wordpress\/wp-content\/uploads\/Reisen\/Curacao2015\/Reise\/2015-05-27 19-52-45-1024x575.jpg\" alt=\"Sonnenuntergang\" class=\"wp-image-11689\" srcset=\"https:\/\/www.guhalg.com\/wordpress\/wp-content\/uploads\/Reisen\/Curacao2015\/Reise\/2015-05-27%2019-52-45-1024x575.jpg 1024w, https:\/\/www.guhalg.com\/wordpress\/wp-content\/uploads\/Reisen\/Curacao2015\/Reise\/2015-05-27%2019-52-45-300x169.jpg 300w, https:\/\/www.guhalg.com\/wordpress\/wp-content\/uploads\/Reisen\/Curacao2015\/Reise\/2015-05-27%2019-52-45-768x432.jpg 768w, https:\/\/www.guhalg.com\/wordpress\/wp-content\/uploads\/Reisen\/Curacao2015\/Reise\/2015-05-27%2019-52-45-1536x863.jpg 1536w, https:\/\/www.guhalg.com\/wordpress\/wp-content\/uploads\/Reisen\/Curacao2015\/Reise\/2015-05-27%2019-52-45-2048x1151.jpg 2048w\" sizes=\"auto, (max-width: 1024px) 100vw, 1024px\" \/><\/a><\/figure>\n\n\n\n<p>F\u00fcr uns wichtig war nat\u00fcrlich neben dem sch\u00f6nen Ausblick auch das Moskitonetz zum Schlafen.<\/p>\n\n\n\n<div class=\"wp-block-columns is-layout-flex wp-container-core-columns-is-layout-9d6595d7 wp-block-columns-is-layout-flex\">\n<div class=\"wp-block-column is-layout-flow wp-block-column-is-layout-flow\">\n<figure class=\"wp-block-image size-large\"><a href=\"https:\/\/www.guhalg.com\/wordpress\/wp-content\/uploads\/Reisen\/Curacao2015\/Reise\/2015-05-27 20-55-10-scaled.jpg\"><img loading=\"lazy\" decoding=\"async\" width=\"1024\" height=\"575\" src=\"https:\/\/www.guhalg.com\/wordpress\/wp-content\/uploads\/Reisen\/Curacao2015\/Reise\/2015-05-27 20-55-10-1024x575.jpg\" alt=\"Ausblick zum Meer\" class=\"wp-image-11690\" srcset=\"https:\/\/www.guhalg.com\/wordpress\/wp-content\/uploads\/Reisen\/Curacao2015\/Reise\/2015-05-27%2020-55-10-1024x575.jpg 1024w, https:\/\/www.guhalg.com\/wordpress\/wp-content\/uploads\/Reisen\/Curacao2015\/Reise\/2015-05-27%2020-55-10-300x169.jpg 300w, https:\/\/www.guhalg.com\/wordpress\/wp-content\/uploads\/Reisen\/Curacao2015\/Reise\/2015-05-27%2020-55-10-768x432.jpg 768w, https:\/\/www.guhalg.com\/wordpress\/wp-content\/uploads\/Reisen\/Curacao2015\/Reise\/2015-05-27%2020-55-10-1536x863.jpg 1536w, https:\/\/www.guhalg.com\/wordpress\/wp-content\/uploads\/Reisen\/Curacao2015\/Reise\/2015-05-27%2020-55-10-2048x1151.jpg 2048w\" sizes=\"auto, (max-width: 1024px) 100vw, 1024px\" \/><\/a><\/figure>\n<\/div>\n\n\n\n<div class=\"wp-block-column is-layout-flow wp-block-column-is-layout-flow\">\n<figure class=\"wp-block-image size-large\"><a href=\"https:\/\/www.guhalg.com\/wordpress\/wp-content\/uploads\/Reisen\/Curacao2015\/Reise\/2015-05-27 20-57-05_2-scaled.jpg\"><img loading=\"lazy\" decoding=\"async\" width=\"1024\" height=\"575\" src=\"https:\/\/www.guhalg.com\/wordpress\/wp-content\/uploads\/Reisen\/Curacao2015\/Reise\/2015-05-27 20-57-05_2-1024x575.jpg\" alt=\"Ausblick zum Bungalow\" class=\"wp-image-11691\" srcset=\"https:\/\/www.guhalg.com\/wordpress\/wp-content\/uploads\/Reisen\/Curacao2015\/Reise\/2015-05-27%2020-57-05_2-1024x575.jpg 1024w, https:\/\/www.guhalg.com\/wordpress\/wp-content\/uploads\/Reisen\/Curacao2015\/Reise\/2015-05-27%2020-57-05_2-300x169.jpg 300w, https:\/\/www.guhalg.com\/wordpress\/wp-content\/uploads\/Reisen\/Curacao2015\/Reise\/2015-05-27%2020-57-05_2-768x432.jpg 768w, https:\/\/www.guhalg.com\/wordpress\/wp-content\/uploads\/Reisen\/Curacao2015\/Reise\/2015-05-27%2020-57-05_2-1536x863.jpg 1536w, https:\/\/www.guhalg.com\/wordpress\/wp-content\/uploads\/Reisen\/Curacao2015\/Reise\/2015-05-27%2020-57-05_2-2048x1151.jpg 2048w\" sizes=\"auto, (max-width: 1024px) 100vw, 1024px\" \/><\/a><\/figure>\n<\/div>\n\n\n\n<div class=\"wp-block-column is-layout-flow wp-block-column-is-layout-flow\">\n<figure class=\"wp-block-image size-large\"><a href=\"https:\/\/www.guhalg.com\/wordpress\/wp-content\/uploads\/Reisen\/Curacao2015\/Reise\/2015-05-30 22-55-19-scaled.jpg\"><img loading=\"lazy\" decoding=\"async\" width=\"1024\" height=\"575\" src=\"https:\/\/www.guhalg.com\/wordpress\/wp-content\/uploads\/Reisen\/Curacao2015\/Reise\/2015-05-30 22-55-19-1024x575.jpg\" alt=\"Sicherer Schlafplatz\" class=\"wp-image-11692\" srcset=\"https:\/\/www.guhalg.com\/wordpress\/wp-content\/uploads\/Reisen\/Curacao2015\/Reise\/2015-05-30%2022-55-19-1024x575.jpg 1024w, https:\/\/www.guhalg.com\/wordpress\/wp-content\/uploads\/Reisen\/Curacao2015\/Reise\/2015-05-30%2022-55-19-300x169.jpg 300w, https:\/\/www.guhalg.com\/wordpress\/wp-content\/uploads\/Reisen\/Curacao2015\/Reise\/2015-05-30%2022-55-19-768x432.jpg 768w, https:\/\/www.guhalg.com\/wordpress\/wp-content\/uploads\/Reisen\/Curacao2015\/Reise\/2015-05-30%2022-55-19-1536x863.jpg 1536w, https:\/\/www.guhalg.com\/wordpress\/wp-content\/uploads\/Reisen\/Curacao2015\/Reise\/2015-05-30%2022-55-19-2048x1151.jpg 2048w\" sizes=\"auto, (max-width: 1024px) 100vw, 1024px\" \/><\/a><\/figure>\n<\/div>\n<\/div>\n\n\n\n<p>Unser Bungalow lag direkt an der K\u00fcste und war durch eine kleine Mauer von den steil abfallenden Felsen getrennt. Das bescherte uns &#8211; beim Fr\u00fchst\u00fcck und Abendbrot &#8211; Besucher. Besonders die Bananenschalen hatten es ihnen angetan.<\/p>\n\n\n\n<div class=\"wp-block-columns is-layout-flex wp-container-core-columns-is-layout-9d6595d7 wp-block-columns-is-layout-flex\">\n<div class=\"wp-block-column is-layout-flow wp-block-column-is-layout-flow\">\n<figure class=\"wp-block-image size-large\"><a href=\"https:\/\/www.guhalg.com\/wordpress\/wp-content\/uploads\/Reisen\/Curacao2015\/Reise\/2015-05-27 20-56-16-scaled.jpg\"><img loading=\"lazy\" decoding=\"async\" width=\"1024\" height=\"575\" src=\"https:\/\/www.guhalg.com\/wordpress\/wp-content\/uploads\/Reisen\/Curacao2015\/Reise\/2015-05-27 20-56-16-1024x575.jpg\" alt=\"Die Mauer\" class=\"wp-image-11701\" srcset=\"https:\/\/www.guhalg.com\/wordpress\/wp-content\/uploads\/Reisen\/Curacao2015\/Reise\/2015-05-27%2020-56-16-1024x575.jpg 1024w, https:\/\/www.guhalg.com\/wordpress\/wp-content\/uploads\/Reisen\/Curacao2015\/Reise\/2015-05-27%2020-56-16-300x169.jpg 300w, https:\/\/www.guhalg.com\/wordpress\/wp-content\/uploads\/Reisen\/Curacao2015\/Reise\/2015-05-27%2020-56-16-768x432.jpg 768w, https:\/\/www.guhalg.com\/wordpress\/wp-content\/uploads\/Reisen\/Curacao2015\/Reise\/2015-05-27%2020-56-16-1536x863.jpg 1536w, https:\/\/www.guhalg.com\/wordpress\/wp-content\/uploads\/Reisen\/Curacao2015\/Reise\/2015-05-27%2020-56-16-2048x1151.jpg 2048w\" sizes=\"auto, (max-width: 1024px) 100vw, 1024px\" \/><\/a><\/figure>\n<\/div>\n\n\n\n<div class=\"wp-block-column is-layout-flow wp-block-column-is-layout-flow\">\n<figure class=\"wp-block-image size-large\"><a href=\"https:\/\/www.guhalg.com\/wordpress\/wp-content\/uploads\/Reisen\/Curacao2015\/Reise\/2015-05-31 11-11-47-scaled.jpg\"><img loading=\"lazy\" decoding=\"async\" width=\"1024\" height=\"575\" src=\"https:\/\/www.guhalg.com\/wordpress\/wp-content\/uploads\/Reisen\/Curacao2015\/Reise\/2015-05-31 11-11-47-1024x575.jpg\" alt=\"Fr\u00fchst\u00fccksgast\" class=\"wp-image-11702\" srcset=\"https:\/\/www.guhalg.com\/wordpress\/wp-content\/uploads\/Reisen\/Curacao2015\/Reise\/2015-05-31%2011-11-47-1024x575.jpg 1024w, https:\/\/www.guhalg.com\/wordpress\/wp-content\/uploads\/Reisen\/Curacao2015\/Reise\/2015-05-31%2011-11-47-300x169.jpg 300w, https:\/\/www.guhalg.com\/wordpress\/wp-content\/uploads\/Reisen\/Curacao2015\/Reise\/2015-05-31%2011-11-47-768x432.jpg 768w, https:\/\/www.guhalg.com\/wordpress\/wp-content\/uploads\/Reisen\/Curacao2015\/Reise\/2015-05-31%2011-11-47-1536x863.jpg 1536w, https:\/\/www.guhalg.com\/wordpress\/wp-content\/uploads\/Reisen\/Curacao2015\/Reise\/2015-05-31%2011-11-47-2048x1151.jpg 2048w\" sizes=\"auto, (max-width: 1024px) 100vw, 1024px\" \/><\/a><\/figure>\n<\/div>\n<\/div>\n\n\n\n<p>Der Urlaub auf Cura\u00e7ao gliedert sich in verschiedene Bereiche. Das ist als Erstes nat\u00fcrlich das Tauchen. Das war ja auch der Grund unserer Entscheidung. Ein paar der faszinierenden Unterwasserbilder gibt&#8217;s am Schluss.<\/p>\n\n\n\n<p>Cura\u00e7ao bietet aber auch \u00dcberwasser eine Menge an Attraktionen. Da ist die \u00fcberschw\u00e4ngliche Landschaft und Natur mit den berauschenden Str\u00e4nden, die Wildnis und nat\u00fcrlich die koloniale Vergangenheit. Einen kleinen Einblick zeigen euch die folgenden Seiten.<\/p>\n\n\n\n<div class=\"wp-block-columns is-layout-flex wp-container-core-columns-is-layout-9d6595d7 wp-block-columns-is-layout-flex\">\n<div class=\"wp-block-column is-layout-flow wp-block-column-is-layout-flow\">\n<div class=\"wp-block-buttons is-layout-flex wp-block-buttons-is-layout-flex\">\n<div class=\"wp-block-button\"><a class=\"wp-block-button__link wp-element-button\" href=\"https:\/\/www.guhalg.com\/wordpress\/?page_id=11660\">Cura\u00e7ao 2015<\/a><\/div>\n<\/div>\n<\/div>\n\n\n\n<div class=\"wp-block-column is-layout-flow wp-block-column-is-layout-flow\">\n<div class=\"wp-block-buttons is-content-justification-right is-layout-flex wp-container-core-buttons-is-layout-765c4724 wp-block-buttons-is-layout-flex\">\n<div class=\"wp-block-button\"><a class=\"wp-block-button__link wp-element-button\" href=\"https:\/\/www.guhalg.com\/wordpress\/?page_id=11712\">Cura\u00e7ao an Land<\/a><\/div>\n<\/div>\n<\/div>\n<\/div>\n","protected":false},"excerpt":{"rendered":"<p>Wir hatten eine kleine Ferienwohnung direkt am Meer, mit Blick nach Westen, ideal f\u00fcr den Sonnenuntergang. F\u00fcr uns wichtig war nat\u00fcrlich neben dem sch\u00f6nen Ausblick auch das Moskitonetz zum Schlafen. Unser Bungalow lag direkt an der K\u00fcste und war durch&hellip; <\/p>\n","protected":false},"author":1,"featured_media":0,"parent":11660,"menu_order":1,"comment_status":"closed","ping_status":"closed","template":"","meta":{"footnotes":""},"class_list":["post-11680","page","type-page","status-publish","hentry"],"_links":{"self":[{"href":"https:\/\/www.guhalg.com\/wordpress\/index.php?rest_route=\/wp\/v2\/pages\/11680","targetHints":{"allow":["GET"]}}],"collection":[{"href":"https:\/\/www.guhalg.com\/wordpress\/index.php?rest_route=\/wp\/v2\/pages"}],"about":[{"href":"https:\/\/www.guhalg.com\/wordpress\/index.php?rest_route=\/wp\/v2\/types\/page"}],"author":[{"embeddable":true,"href":"https:\/\/www.guhalg.com\/wordpress\/index.php?rest_route=\/wp\/v2\/users\/1"}],"replies":[{"embeddable":true,"href":"https:\/\/www.guhalg.com\/wordpress\/index.php?rest_route=%2Fwp%2Fv2%2Fcomments&post=11680"}],"version-history":[{"count":17,"href":"https:\/\/www.guhalg.com\/wordpress\/index.php?rest_route=\/wp\/v2\/pages\/11680\/revisions"}],"predecessor-version":[{"id":11920,"href":"https:\/\/www.guhalg.com\/wordpress\/index.php?rest_route=\/wp\/v2\/pages\/11680\/revisions\/11920"}],"up":[{"embeddable":true,"href":"https:\/\/www.guhalg.com\/wordpress\/index.php?rest_route=\/wp\/v2\/pages\/11660"}],"wp:attachment":[{"href":"https:\/\/www.guhalg.com\/wordpress\/index.php?rest_route=%2Fwp%2Fv2%2Fmedia&parent=11680"}],"curies":[{"name":"wp","href":"https:\/\/api.w.org\/{rel}","templated":true}]}}