{"id":11712,"date":"2024-12-29T20:28:08","date_gmt":"2024-12-29T19:28:08","guid":{"rendered":"https:\/\/www.guhalg.com\/wordpress\/?page_id=11712"},"modified":"2025-01-03T18:00:27","modified_gmt":"2025-01-03T17:00:27","slug":"curacao-an-land","status":"publish","type":"page","link":"https:\/\/www.guhalg.com\/wordpress\/?page_id=11712","title":{"rendered":"Cura\u00e7ao an Land"},"content":{"rendered":"\n<p>Cura\u00e7ao ist eine karibische Insel. Man verbindet damit wei\u00dfe Sandstr\u00e4nde, Calypso und Reggae, sowie ein unbeschwertes Leben. Vieles davon findet sich tats\u00e4chlich vor Ort. Die unber\u00fchrte und urspr\u00fcngliche Natur gepaart mit allabendlichen Partylokation zieht einen schon in seinen Bann. Aber fangen wir mit den Sandstr\u00e4nden an. An vielen Stellen sind die wirklich paradiesischen Sandfl\u00e4chen nur in einzelnen Abschnitten vorhanden. Hier trifft man auch selten Leute. Aber es sind gute Pl\u00e4tze zum Tauchen.<\/p>\n\n\n\n<figure class=\"wp-block-gallery has-nested-images columns-default is-cropped wp-block-gallery-1 is-layout-flex wp-block-gallery-is-layout-flex\">\n<figure class=\"wp-block-image size-full\"><img loading=\"lazy\" decoding=\"async\" width=\"2560\" height=\"1441\" data-id=\"11733\" src=\"https:\/\/www.guhalg.com\/wordpress\/wp-content\/uploads\/Reisen\/Curacao2015\/Land\/2015-06-02 13-11-02-scaled.jpg\" alt=\"Am Strand\" class=\"wp-image-11733\" srcset=\"https:\/\/www.guhalg.com\/wordpress\/wp-content\/uploads\/Reisen\/Curacao2015\/Land\/2015-06-02%2013-11-02-scaled.jpg 2560w, https:\/\/www.guhalg.com\/wordpress\/wp-content\/uploads\/Reisen\/Curacao2015\/Land\/2015-06-02%2013-11-02-300x169.jpg 300w, https:\/\/www.guhalg.com\/wordpress\/wp-content\/uploads\/Reisen\/Curacao2015\/Land\/2015-06-02%2013-11-02-1024x576.jpg 1024w, https:\/\/www.guhalg.com\/wordpress\/wp-content\/uploads\/Reisen\/Curacao2015\/Land\/2015-06-02%2013-11-02-768x432.jpg 768w, https:\/\/www.guhalg.com\/wordpress\/wp-content\/uploads\/Reisen\/Curacao2015\/Land\/2015-06-02%2013-11-02-1536x865.jpg 1536w, https:\/\/www.guhalg.com\/wordpress\/wp-content\/uploads\/Reisen\/Curacao2015\/Land\/2015-06-02%2013-11-02-2048x1153.jpg 2048w\" sizes=\"auto, (max-width: 2560px) 100vw, 2560px\" \/><\/figure>\n\n\n\n<figure class=\"wp-block-image size-large\"><img loading=\"lazy\" decoding=\"async\" width=\"1024\" height=\"576\" data-id=\"11734\" src=\"https:\/\/www.guhalg.com\/wordpress\/wp-content\/uploads\/Reisen\/Curacao2015\/Land\/2015-06-02 13-12-36-1024x576.jpg\" alt=\"Am Strand\" class=\"wp-image-11734\" srcset=\"https:\/\/www.guhalg.com\/wordpress\/wp-content\/uploads\/Reisen\/Curacao2015\/Land\/2015-06-02%2013-12-36-1024x576.jpg 1024w, https:\/\/www.guhalg.com\/wordpress\/wp-content\/uploads\/Reisen\/Curacao2015\/Land\/2015-06-02%2013-12-36-300x169.jpg 300w, https:\/\/www.guhalg.com\/wordpress\/wp-content\/uploads\/Reisen\/Curacao2015\/Land\/2015-06-02%2013-12-36-768x432.jpg 768w, https:\/\/www.guhalg.com\/wordpress\/wp-content\/uploads\/Reisen\/Curacao2015\/Land\/2015-06-02%2013-12-36-1536x865.jpg 1536w, https:\/\/www.guhalg.com\/wordpress\/wp-content\/uploads\/Reisen\/Curacao2015\/Land\/2015-06-02%2013-12-36-2048x1153.jpg 2048w\" sizes=\"auto, (max-width: 1024px) 100vw, 1024px\" \/><\/figure>\n\n\n\n<figure class=\"wp-block-image size-full\"><img loading=\"lazy\" decoding=\"async\" width=\"2560\" height=\"1441\" data-id=\"11729\" src=\"https:\/\/www.guhalg.com\/wordpress\/wp-content\/uploads\/Reisen\/Curacao2015\/Land\/2015-06-02 11-04-05-scaled.jpg\" alt=\"Am Strand\" class=\"wp-image-11729\" srcset=\"https:\/\/www.guhalg.com\/wordpress\/wp-content\/uploads\/Reisen\/Curacao2015\/Land\/2015-06-02%2011-04-05-scaled.jpg 2560w, https:\/\/www.guhalg.com\/wordpress\/wp-content\/uploads\/Reisen\/Curacao2015\/Land\/2015-06-02%2011-04-05-300x169.jpg 300w, https:\/\/www.guhalg.com\/wordpress\/wp-content\/uploads\/Reisen\/Curacao2015\/Land\/2015-06-02%2011-04-05-1024x576.jpg 1024w, https:\/\/www.guhalg.com\/wordpress\/wp-content\/uploads\/Reisen\/Curacao2015\/Land\/2015-06-02%2011-04-05-768x432.jpg 768w, https:\/\/www.guhalg.com\/wordpress\/wp-content\/uploads\/Reisen\/Curacao2015\/Land\/2015-06-02%2011-04-05-1536x865.jpg 1536w, https:\/\/www.guhalg.com\/wordpress\/wp-content\/uploads\/Reisen\/Curacao2015\/Land\/2015-06-02%2011-04-05-2048x1153.jpg 2048w\" sizes=\"auto, (max-width: 2560px) 100vw, 2560px\" \/><\/figure>\n\n\n\n<figure class=\"wp-block-image size-full\"><img loading=\"lazy\" decoding=\"async\" width=\"2560\" height=\"1441\" data-id=\"11730\" src=\"https:\/\/www.guhalg.com\/wordpress\/wp-content\/uploads\/Reisen\/Curacao2015\/Land\/2015-06-02 11-04-22-scaled.jpg\" alt=\"Am Strand\" class=\"wp-image-11730\" srcset=\"https:\/\/www.guhalg.com\/wordpress\/wp-content\/uploads\/Reisen\/Curacao2015\/Land\/2015-06-02%2011-04-22-scaled.jpg 2560w, https:\/\/www.guhalg.com\/wordpress\/wp-content\/uploads\/Reisen\/Curacao2015\/Land\/2015-06-02%2011-04-22-300x169.jpg 300w, https:\/\/www.guhalg.com\/wordpress\/wp-content\/uploads\/Reisen\/Curacao2015\/Land\/2015-06-02%2011-04-22-1024x576.jpg 1024w, https:\/\/www.guhalg.com\/wordpress\/wp-content\/uploads\/Reisen\/Curacao2015\/Land\/2015-06-02%2011-04-22-768x432.jpg 768w, https:\/\/www.guhalg.com\/wordpress\/wp-content\/uploads\/Reisen\/Curacao2015\/Land\/2015-06-02%2011-04-22-1536x865.jpg 1536w, https:\/\/www.guhalg.com\/wordpress\/wp-content\/uploads\/Reisen\/Curacao2015\/Land\/2015-06-02%2011-04-22-2048x1153.jpg 2048w\" sizes=\"auto, (max-width: 2560px) 100vw, 2560px\" \/><\/figure>\n\n\n\n<figure class=\"wp-block-image size-full\"><img loading=\"lazy\" decoding=\"async\" width=\"2560\" height=\"1441\" data-id=\"11731\" src=\"https:\/\/www.guhalg.com\/wordpress\/wp-content\/uploads\/Reisen\/Curacao2015\/Land\/2015-06-02 11-04-28-scaled.jpg\" alt=\"Am Strand\" class=\"wp-image-11731\" srcset=\"https:\/\/www.guhalg.com\/wordpress\/wp-content\/uploads\/Reisen\/Curacao2015\/Land\/2015-06-02%2011-04-28-scaled.jpg 2560w, https:\/\/www.guhalg.com\/wordpress\/wp-content\/uploads\/Reisen\/Curacao2015\/Land\/2015-06-02%2011-04-28-300x169.jpg 300w, https:\/\/www.guhalg.com\/wordpress\/wp-content\/uploads\/Reisen\/Curacao2015\/Land\/2015-06-02%2011-04-28-1024x576.jpg 1024w, https:\/\/www.guhalg.com\/wordpress\/wp-content\/uploads\/Reisen\/Curacao2015\/Land\/2015-06-02%2011-04-28-768x432.jpg 768w, https:\/\/www.guhalg.com\/wordpress\/wp-content\/uploads\/Reisen\/Curacao2015\/Land\/2015-06-02%2011-04-28-1536x865.jpg 1536w, https:\/\/www.guhalg.com\/wordpress\/wp-content\/uploads\/Reisen\/Curacao2015\/Land\/2015-06-02%2011-04-28-2048x1153.jpg 2048w\" sizes=\"auto, (max-width: 2560px) 100vw, 2560px\" \/><\/figure>\n\n\n\n<figure class=\"wp-block-image size-full\"><img loading=\"lazy\" decoding=\"async\" width=\"2560\" height=\"1441\" data-id=\"11728\" src=\"https:\/\/www.guhalg.com\/wordpress\/wp-content\/uploads\/Reisen\/Curacao2015\/Land\/2015-06-02 10-57-27-scaled.jpg\" alt=\"Am Strand\" class=\"wp-image-11728\" srcset=\"https:\/\/www.guhalg.com\/wordpress\/wp-content\/uploads\/Reisen\/Curacao2015\/Land\/2015-06-02%2010-57-27-scaled.jpg 2560w, https:\/\/www.guhalg.com\/wordpress\/wp-content\/uploads\/Reisen\/Curacao2015\/Land\/2015-06-02%2010-57-27-300x169.jpg 300w, https:\/\/www.guhalg.com\/wordpress\/wp-content\/uploads\/Reisen\/Curacao2015\/Land\/2015-06-02%2010-57-27-1024x576.jpg 1024w, https:\/\/www.guhalg.com\/wordpress\/wp-content\/uploads\/Reisen\/Curacao2015\/Land\/2015-06-02%2010-57-27-768x432.jpg 768w, https:\/\/www.guhalg.com\/wordpress\/wp-content\/uploads\/Reisen\/Curacao2015\/Land\/2015-06-02%2010-57-27-1536x865.jpg 1536w, https:\/\/www.guhalg.com\/wordpress\/wp-content\/uploads\/Reisen\/Curacao2015\/Land\/2015-06-02%2010-57-27-2048x1153.jpg 2048w\" sizes=\"auto, (max-width: 2560px) 100vw, 2560px\" \/><\/figure>\n<\/figure>\n\n\n\n<p>Nehmen die Sandfl\u00e4chen zu, gibt es auch gleich etwas Bewirtung. Von wenigen kleinen Schattenspendern mit einem Kiosk f\u00fcr kalte Getr\u00e4nke bis hin zu guten Restaurants mit K\u00fcche und angrenzender Cocktailbar nebst Tanzfl\u00e4che.<\/p>\n\n\n\n<figure class=\"wp-block-gallery has-nested-images columns-default is-cropped wp-block-gallery-2 is-layout-flex wp-block-gallery-is-layout-flex\">\n<figure class=\"wp-block-image size-full\"><img loading=\"lazy\" decoding=\"async\" width=\"2560\" height=\"1441\" data-id=\"11724\" src=\"https:\/\/www.guhalg.com\/wordpress\/wp-content\/uploads\/Reisen\/Curacao2015\/Land\/2015-05-31 16-56-31-scaled.jpg\" alt=\"Am Strand\" class=\"wp-image-11724\" srcset=\"https:\/\/www.guhalg.com\/wordpress\/wp-content\/uploads\/Reisen\/Curacao2015\/Land\/2015-05-31%2016-56-31-scaled.jpg 2560w, https:\/\/www.guhalg.com\/wordpress\/wp-content\/uploads\/Reisen\/Curacao2015\/Land\/2015-05-31%2016-56-31-300x169.jpg 300w, https:\/\/www.guhalg.com\/wordpress\/wp-content\/uploads\/Reisen\/Curacao2015\/Land\/2015-05-31%2016-56-31-1024x576.jpg 1024w, https:\/\/www.guhalg.com\/wordpress\/wp-content\/uploads\/Reisen\/Curacao2015\/Land\/2015-05-31%2016-56-31-768x432.jpg 768w, https:\/\/www.guhalg.com\/wordpress\/wp-content\/uploads\/Reisen\/Curacao2015\/Land\/2015-05-31%2016-56-31-1536x865.jpg 1536w, https:\/\/www.guhalg.com\/wordpress\/wp-content\/uploads\/Reisen\/Curacao2015\/Land\/2015-05-31%2016-56-31-2048x1153.jpg 2048w\" sizes=\"auto, (max-width: 2560px) 100vw, 2560px\" \/><\/figure>\n\n\n\n<figure class=\"wp-block-image size-full\"><img loading=\"lazy\" decoding=\"async\" width=\"2560\" height=\"1441\" data-id=\"11723\" src=\"https:\/\/www.guhalg.com\/wordpress\/wp-content\/uploads\/Reisen\/Curacao2015\/Land\/2015-05-31 12-06-13-scaled.jpg\" alt=\"Am Strand\" class=\"wp-image-11723\" srcset=\"https:\/\/www.guhalg.com\/wordpress\/wp-content\/uploads\/Reisen\/Curacao2015\/Land\/2015-05-31%2012-06-13-scaled.jpg 2560w, https:\/\/www.guhalg.com\/wordpress\/wp-content\/uploads\/Reisen\/Curacao2015\/Land\/2015-05-31%2012-06-13-300x169.jpg 300w, https:\/\/www.guhalg.com\/wordpress\/wp-content\/uploads\/Reisen\/Curacao2015\/Land\/2015-05-31%2012-06-13-1024x576.jpg 1024w, https:\/\/www.guhalg.com\/wordpress\/wp-content\/uploads\/Reisen\/Curacao2015\/Land\/2015-05-31%2012-06-13-768x432.jpg 768w, https:\/\/www.guhalg.com\/wordpress\/wp-content\/uploads\/Reisen\/Curacao2015\/Land\/2015-05-31%2012-06-13-1536x865.jpg 1536w, https:\/\/www.guhalg.com\/wordpress\/wp-content\/uploads\/Reisen\/Curacao2015\/Land\/2015-05-31%2012-06-13-2048x1153.jpg 2048w\" sizes=\"auto, (max-width: 2560px) 100vw, 2560px\" \/><\/figure>\n\n\n\n<figure class=\"wp-block-image size-full\"><img loading=\"lazy\" decoding=\"async\" width=\"2560\" height=\"1441\" data-id=\"11727\" src=\"https:\/\/www.guhalg.com\/wordpress\/wp-content\/uploads\/Reisen\/Curacao2015\/Land\/2015-06-01 11-59-35-scaled.jpg\" alt=\"Am Strand\" class=\"wp-image-11727\" srcset=\"https:\/\/www.guhalg.com\/wordpress\/wp-content\/uploads\/Reisen\/Curacao2015\/Land\/2015-06-01%2011-59-35-scaled.jpg 2560w, https:\/\/www.guhalg.com\/wordpress\/wp-content\/uploads\/Reisen\/Curacao2015\/Land\/2015-06-01%2011-59-35-300x169.jpg 300w, https:\/\/www.guhalg.com\/wordpress\/wp-content\/uploads\/Reisen\/Curacao2015\/Land\/2015-06-01%2011-59-35-1024x576.jpg 1024w, https:\/\/www.guhalg.com\/wordpress\/wp-content\/uploads\/Reisen\/Curacao2015\/Land\/2015-06-01%2011-59-35-768x432.jpg 768w, https:\/\/www.guhalg.com\/wordpress\/wp-content\/uploads\/Reisen\/Curacao2015\/Land\/2015-06-01%2011-59-35-1536x865.jpg 1536w, https:\/\/www.guhalg.com\/wordpress\/wp-content\/uploads\/Reisen\/Curacao2015\/Land\/2015-06-01%2011-59-35-2048x1153.jpg 2048w\" sizes=\"auto, (max-width: 2560px) 100vw, 2560px\" \/><\/figure>\n\n\n\n<figure class=\"wp-block-image size-full\"><img loading=\"lazy\" decoding=\"async\" width=\"2560\" height=\"1441\" data-id=\"11725\" src=\"https:\/\/www.guhalg.com\/wordpress\/wp-content\/uploads\/Reisen\/Curacao2015\/Land\/2015-05-31 19-46-23-scaled.jpg\" alt=\"Am Strand\" class=\"wp-image-11725\" srcset=\"https:\/\/www.guhalg.com\/wordpress\/wp-content\/uploads\/Reisen\/Curacao2015\/Land\/2015-05-31%2019-46-23-scaled.jpg 2560w, https:\/\/www.guhalg.com\/wordpress\/wp-content\/uploads\/Reisen\/Curacao2015\/Land\/2015-05-31%2019-46-23-300x169.jpg 300w, https:\/\/www.guhalg.com\/wordpress\/wp-content\/uploads\/Reisen\/Curacao2015\/Land\/2015-05-31%2019-46-23-1024x576.jpg 1024w, https:\/\/www.guhalg.com\/wordpress\/wp-content\/uploads\/Reisen\/Curacao2015\/Land\/2015-05-31%2019-46-23-768x432.jpg 768w, https:\/\/www.guhalg.com\/wordpress\/wp-content\/uploads\/Reisen\/Curacao2015\/Land\/2015-05-31%2019-46-23-1536x865.jpg 1536w, https:\/\/www.guhalg.com\/wordpress\/wp-content\/uploads\/Reisen\/Curacao2015\/Land\/2015-05-31%2019-46-23-2048x1153.jpg 2048w\" sizes=\"auto, (max-width: 2560px) 100vw, 2560px\" \/><\/figure>\n\n\n\n<figure class=\"wp-block-image size-full\"><img loading=\"lazy\" decoding=\"async\" width=\"2560\" height=\"1441\" data-id=\"11726\" src=\"https:\/\/www.guhalg.com\/wordpress\/wp-content\/uploads\/Reisen\/Curacao2015\/Land\/2015-05-31 20-09-02-scaled.jpg\" alt=\"Am Strand\" class=\"wp-image-11726\" srcset=\"https:\/\/www.guhalg.com\/wordpress\/wp-content\/uploads\/Reisen\/Curacao2015\/Land\/2015-05-31%2020-09-02-scaled.jpg 2560w, https:\/\/www.guhalg.com\/wordpress\/wp-content\/uploads\/Reisen\/Curacao2015\/Land\/2015-05-31%2020-09-02-300x169.jpg 300w, https:\/\/www.guhalg.com\/wordpress\/wp-content\/uploads\/Reisen\/Curacao2015\/Land\/2015-05-31%2020-09-02-1024x576.jpg 1024w, https:\/\/www.guhalg.com\/wordpress\/wp-content\/uploads\/Reisen\/Curacao2015\/Land\/2015-05-31%2020-09-02-768x432.jpg 768w, https:\/\/www.guhalg.com\/wordpress\/wp-content\/uploads\/Reisen\/Curacao2015\/Land\/2015-05-31%2020-09-02-1536x865.jpg 1536w, https:\/\/www.guhalg.com\/wordpress\/wp-content\/uploads\/Reisen\/Curacao2015\/Land\/2015-05-31%2020-09-02-2048x1153.jpg 2048w\" sizes=\"auto, (max-width: 2560px) 100vw, 2560px\" \/><\/figure>\n<\/figure>\n\n\n\n<p>Einen Teil erreicht an nur durch eher einsame Wege und manchmal auch nur \u00fcber Privatbesitz, der tags\u00fcber f\u00fcr Touristen zug\u00e4nglich ist. Man f\u00e4hrt nach der Schranke dann aber durchaus nochmal 15 &#8211; 30 Minuten bis zum Strand. Das ist auf der einen Seite sicherlich den Stra\u00dfenverh\u00e4ltnissen geschuldet, aber auch der langen Strecke an sich.<\/p>\n\n\n\n<figure class=\"wp-block-gallery has-nested-images columns-default is-cropped wp-block-gallery-3 is-layout-flex wp-block-gallery-is-layout-flex\">\n<figure class=\"wp-block-image size-full\"><img loading=\"lazy\" decoding=\"async\" width=\"2560\" height=\"1441\" data-id=\"11732\" src=\"https:\/\/www.guhalg.com\/wordpress\/wp-content\/uploads\/Reisen\/Curacao2015\/Land\/2015-06-02 13-09-48-scaled.jpg\" alt=\"Am Strand\" class=\"wp-image-11732\" srcset=\"https:\/\/www.guhalg.com\/wordpress\/wp-content\/uploads\/Reisen\/Curacao2015\/Land\/2015-06-02%2013-09-48-scaled.jpg 2560w, https:\/\/www.guhalg.com\/wordpress\/wp-content\/uploads\/Reisen\/Curacao2015\/Land\/2015-06-02%2013-09-48-300x169.jpg 300w, https:\/\/www.guhalg.com\/wordpress\/wp-content\/uploads\/Reisen\/Curacao2015\/Land\/2015-06-02%2013-09-48-1024x576.jpg 1024w, https:\/\/www.guhalg.com\/wordpress\/wp-content\/uploads\/Reisen\/Curacao2015\/Land\/2015-06-02%2013-09-48-768x432.jpg 768w, https:\/\/www.guhalg.com\/wordpress\/wp-content\/uploads\/Reisen\/Curacao2015\/Land\/2015-06-02%2013-09-48-1536x865.jpg 1536w, https:\/\/www.guhalg.com\/wordpress\/wp-content\/uploads\/Reisen\/Curacao2015\/Land\/2015-06-02%2013-09-48-2048x1153.jpg 2048w\" sizes=\"auto, (max-width: 2560px) 100vw, 2560px\" \/><\/figure>\n\n\n\n<figure class=\"wp-block-image size-full\"><img loading=\"lazy\" decoding=\"async\" width=\"2560\" height=\"1441\" data-id=\"11744\" src=\"https:\/\/www.guhalg.com\/wordpress\/wp-content\/uploads\/Reisen\/Curacao2015\/Land\/2015-06-02 11-09-18-scaled.jpg\" alt=\"Am Strand\" class=\"wp-image-11744\" srcset=\"https:\/\/www.guhalg.com\/wordpress\/wp-content\/uploads\/Reisen\/Curacao2015\/Land\/2015-06-02%2011-09-18-scaled.jpg 2560w, https:\/\/www.guhalg.com\/wordpress\/wp-content\/uploads\/Reisen\/Curacao2015\/Land\/2015-06-02%2011-09-18-300x169.jpg 300w, https:\/\/www.guhalg.com\/wordpress\/wp-content\/uploads\/Reisen\/Curacao2015\/Land\/2015-06-02%2011-09-18-1024x576.jpg 1024w, https:\/\/www.guhalg.com\/wordpress\/wp-content\/uploads\/Reisen\/Curacao2015\/Land\/2015-06-02%2011-09-18-768x432.jpg 768w, https:\/\/www.guhalg.com\/wordpress\/wp-content\/uploads\/Reisen\/Curacao2015\/Land\/2015-06-02%2011-09-18-1536x865.jpg 1536w, https:\/\/www.guhalg.com\/wordpress\/wp-content\/uploads\/Reisen\/Curacao2015\/Land\/2015-06-02%2011-09-18-2048x1153.jpg 2048w\" sizes=\"auto, (max-width: 2560px) 100vw, 2560px\" \/><\/figure>\n\n\n\n<figure class=\"wp-block-image size-full\"><img loading=\"lazy\" decoding=\"async\" width=\"2560\" height=\"1441\" data-id=\"11743\" src=\"https:\/\/www.guhalg.com\/wordpress\/wp-content\/uploads\/Reisen\/Curacao2015\/Land\/2015-06-02 10-44-40-scaled.jpg\" alt=\"Der Weg zum Strand\" class=\"wp-image-11743\" srcset=\"https:\/\/www.guhalg.com\/wordpress\/wp-content\/uploads\/Reisen\/Curacao2015\/Land\/2015-06-02%2010-44-40-scaled.jpg 2560w, https:\/\/www.guhalg.com\/wordpress\/wp-content\/uploads\/Reisen\/Curacao2015\/Land\/2015-06-02%2010-44-40-300x169.jpg 300w, https:\/\/www.guhalg.com\/wordpress\/wp-content\/uploads\/Reisen\/Curacao2015\/Land\/2015-06-02%2010-44-40-1024x576.jpg 1024w, https:\/\/www.guhalg.com\/wordpress\/wp-content\/uploads\/Reisen\/Curacao2015\/Land\/2015-06-02%2010-44-40-768x432.jpg 768w, https:\/\/www.guhalg.com\/wordpress\/wp-content\/uploads\/Reisen\/Curacao2015\/Land\/2015-06-02%2010-44-40-1536x865.jpg 1536w, https:\/\/www.guhalg.com\/wordpress\/wp-content\/uploads\/Reisen\/Curacao2015\/Land\/2015-06-02%2010-44-40-2048x1153.jpg 2048w\" sizes=\"auto, (max-width: 2560px) 100vw, 2560px\" \/><\/figure>\n<\/figure>\n\n\n\n<p>Ist man in einer gesch\u00fctzten Lagune, sind auch die Flamingos nicht weit.<\/p>\n\n\n\n<figure class=\"wp-block-gallery has-nested-images columns-default is-cropped wp-block-gallery-4 is-layout-flex wp-block-gallery-is-layout-flex\">\n<figure class=\"wp-block-image size-large\"><img loading=\"lazy\" decoding=\"async\" width=\"1024\" height=\"576\" data-id=\"11742\" src=\"https:\/\/www.guhalg.com\/wordpress\/wp-content\/uploads\/Reisen\/Curacao2015\/Land\/2015-06-01 17-32-18-1024x576.jpg\" alt=\"Gesch\u00fctzte Lagune mit Flamingos\" class=\"wp-image-11742\" srcset=\"https:\/\/www.guhalg.com\/wordpress\/wp-content\/uploads\/Reisen\/Curacao2015\/Land\/2015-06-01%2017-32-18-1024x576.jpg 1024w, https:\/\/www.guhalg.com\/wordpress\/wp-content\/uploads\/Reisen\/Curacao2015\/Land\/2015-06-01%2017-32-18-300x169.jpg 300w, https:\/\/www.guhalg.com\/wordpress\/wp-content\/uploads\/Reisen\/Curacao2015\/Land\/2015-06-01%2017-32-18-768x432.jpg 768w, https:\/\/www.guhalg.com\/wordpress\/wp-content\/uploads\/Reisen\/Curacao2015\/Land\/2015-06-01%2017-32-18-1536x864.jpg 1536w, https:\/\/www.guhalg.com\/wordpress\/wp-content\/uploads\/Reisen\/Curacao2015\/Land\/2015-06-01%2017-32-18-2048x1152.jpg 2048w\" sizes=\"auto, (max-width: 1024px) 100vw, 1024px\" \/><\/figure>\n\n\n\n<figure class=\"wp-block-image size-large\"><img loading=\"lazy\" decoding=\"async\" width=\"1024\" height=\"576\" data-id=\"11741\" src=\"https:\/\/www.guhalg.com\/wordpress\/wp-content\/uploads\/Reisen\/Curacao2015\/Land\/2015-06-01 17-30-06-1024x576.jpg\" alt=\"Gesch\u00fctzte Lagune mit Flamingos\" class=\"wp-image-11741\" srcset=\"https:\/\/www.guhalg.com\/wordpress\/wp-content\/uploads\/Reisen\/Curacao2015\/Land\/2015-06-01%2017-30-06-1024x576.jpg 1024w, https:\/\/www.guhalg.com\/wordpress\/wp-content\/uploads\/Reisen\/Curacao2015\/Land\/2015-06-01%2017-30-06-300x169.jpg 300w, https:\/\/www.guhalg.com\/wordpress\/wp-content\/uploads\/Reisen\/Curacao2015\/Land\/2015-06-01%2017-30-06-768x432.jpg 768w, https:\/\/www.guhalg.com\/wordpress\/wp-content\/uploads\/Reisen\/Curacao2015\/Land\/2015-06-01%2017-30-06-1536x865.jpg 1536w, https:\/\/www.guhalg.com\/wordpress\/wp-content\/uploads\/Reisen\/Curacao2015\/Land\/2015-06-01%2017-30-06-2048x1153.jpg 2048w\" sizes=\"auto, (max-width: 1024px) 100vw, 1024px\" \/><\/figure>\n<\/figure>\n\n\n\n<p>Hier k\u00f6nnten wir mit vielen weiteren Bildern von Sandstr\u00e4nden, mit und ohne Bewirtung, romantisch oder touristisch angelegt, mit Poolbar, einfach oder edel, weitermachen. Cura\u00e7ao bietet wirklich f\u00fcr jeden Geschmack eine passende Lokalit\u00e4t. Auf der n\u00e4chsten Seite gehen wir aber ein wenig ins Landesinnere bzw. auch etwas in die H\u00f6he. Schlie\u00dflich hat der <a href=\"https:\/\/de.wikipedia.org\/wiki\/Sint-Christoffelberg\" data-type=\"link\" data-id=\"https:\/\/de.wikipedia.org\/wiki\/Sint-Christoffelberg\" target=\"_blank\" rel=\"noreferrer noopener\">Sint-Christoffelberg<\/a> im Norden der Insel eine H\u00f6he von rund 375 m.<\/p>\n\n\n\n<div class=\"wp-block-columns is-layout-flex wp-container-core-columns-is-layout-9d6595d7 wp-block-columns-is-layout-flex\">\n<div class=\"wp-block-column is-layout-flow wp-block-column-is-layout-flow\">\n<div class=\"wp-block-buttons is-layout-flex wp-block-buttons-is-layout-flex\">\n<div class=\"wp-block-button\"><a class=\"wp-block-button__link wp-element-button\" href=\"https:\/\/www.guhalg.com\/wordpress\/?page_id=11680\">Die Unterkunft auf Cura\u00e7ao<\/a><\/div>\n<\/div>\n<\/div>\n\n\n\n<div class=\"wp-block-column is-layout-flow wp-block-column-is-layout-flow\">\n<div class=\"wp-block-buttons is-content-justification-right is-layout-flex wp-container-core-buttons-is-layout-765c4724 wp-block-buttons-is-layout-flex\">\n<div class=\"wp-block-button\"><a class=\"wp-block-button__link wp-element-button\" href=\"https:\/\/www.guhalg.com\/wordpress\/?page_id=11767\">Das Landesinnere<\/a><\/div>\n<\/div>\n<\/div>\n<\/div>\n","protected":false},"excerpt":{"rendered":"<p>Cura\u00e7ao ist eine karibische Insel. Man verbindet damit wei\u00dfe Sandstr\u00e4nde, Calypso und Reggae, sowie ein unbeschwertes Leben. Vieles davon findet sich tats\u00e4chlich vor Ort. Die unber\u00fchrte und urspr\u00fcngliche Natur gepaart mit allabendlichen Partylokation zieht einen schon in seinen Bann. Aber&hellip; <\/p>\n","protected":false},"author":1,"featured_media":0,"parent":11660,"menu_order":2,"comment_status":"closed","ping_status":"closed","template":"","meta":{"footnotes":""},"class_list":["post-11712","page","type-page","status-publish","hentry"],"_links":{"self":[{"href":"https:\/\/www.guhalg.com\/wordpress\/index.php?rest_route=\/wp\/v2\/pages\/11712","targetHints":{"allow":["GET"]}}],"collection":[{"href":"https:\/\/www.guhalg.com\/wordpress\/index.php?rest_route=\/wp\/v2\/pages"}],"about":[{"href":"https:\/\/www.guhalg.com\/wordpress\/index.php?rest_route=\/wp\/v2\/types\/page"}],"author":[{"embeddable":true,"href":"https:\/\/www.guhalg.com\/wordpress\/index.php?rest_route=\/wp\/v2\/users\/1"}],"replies":[{"embeddable":true,"href":"https:\/\/www.guhalg.com\/wordpress\/index.php?rest_route=%2Fwp%2Fv2%2Fcomments&post=11712"}],"version-history":[{"count":22,"href":"https:\/\/www.guhalg.com\/wordpress\/index.php?rest_route=\/wp\/v2\/pages\/11712\/revisions"}],"predecessor-version":[{"id":11769,"href":"https:\/\/www.guhalg.com\/wordpress\/index.php?rest_route=\/wp\/v2\/pages\/11712\/revisions\/11769"}],"up":[{"embeddable":true,"href":"https:\/\/www.guhalg.com\/wordpress\/index.php?rest_route=\/wp\/v2\/pages\/11660"}],"wp:attachment":[{"href":"https:\/\/www.guhalg.com\/wordpress\/index.php?rest_route=%2Fwp%2Fv2%2Fmedia&parent=11712"}],"curies":[{"name":"wp","href":"https:\/\/api.w.org\/{rel}","templated":true}]}}