{"id":11767,"date":"2025-01-03T17:58:20","date_gmt":"2025-01-03T16:58:20","guid":{"rendered":"https:\/\/www.guhalg.com\/wordpress\/?page_id=11767"},"modified":"2025-01-04T19:16:35","modified_gmt":"2025-01-04T18:16:35","slug":"curacao-das-landesinnere","status":"publish","type":"page","link":"https:\/\/www.guhalg.com\/wordpress\/?page_id=11767","title":{"rendered":"Cura\u00e7ao, das Landesinnere"},"content":{"rendered":"\n<p>Wir haben uns einen freien Tag vom Tauchen genommen und sind in den Norden von Cura\u00e7ao gefahren. Mit dem Pickup \u00fcber die staubigen Stra\u00dfen zu ausgeschilderten Parkpl\u00e4tzen und von dort weiter zu Fu\u00df in die total vertrocknete Landschaft. Die Wege waren gut zu erkennen und auch mit Wandersandalen zu erkunden. Belohnt wurden wir mit sch\u00f6nen Ausblicken in die Landschaft und alten verfallen Geb\u00e4uden.<\/p>\n\n\n\n<figure class=\"wp-block-gallery has-nested-images columns-default is-cropped wp-block-gallery-1 is-layout-flex wp-block-gallery-is-layout-flex\">\n<figure class=\"wp-block-image size-full\"><img loading=\"lazy\" decoding=\"async\" width=\"2560\" height=\"1438\" data-id=\"11773\" src=\"https:\/\/www.guhalg.com\/wordpress\/wp-content\/uploads\/Reisen\/Curacao2015\/Landesinnere\/2015-06-07 12-21-28-scaled.jpg\" alt=\"Das Landesinnere\" class=\"wp-image-11773\" srcset=\"https:\/\/www.guhalg.com\/wordpress\/wp-content\/uploads\/Reisen\/Curacao2015\/Landesinnere\/2015-06-07%2012-21-28-scaled.jpg 2560w, https:\/\/www.guhalg.com\/wordpress\/wp-content\/uploads\/Reisen\/Curacao2015\/Landesinnere\/2015-06-07%2012-21-28-300x169.jpg 300w, https:\/\/www.guhalg.com\/wordpress\/wp-content\/uploads\/Reisen\/Curacao2015\/Landesinnere\/2015-06-07%2012-21-28-1024x575.jpg 1024w, https:\/\/www.guhalg.com\/wordpress\/wp-content\/uploads\/Reisen\/Curacao2015\/Landesinnere\/2015-06-07%2012-21-28-768x432.jpg 768w, https:\/\/www.guhalg.com\/wordpress\/wp-content\/uploads\/Reisen\/Curacao2015\/Landesinnere\/2015-06-07%2012-21-28-1536x863.jpg 1536w, https:\/\/www.guhalg.com\/wordpress\/wp-content\/uploads\/Reisen\/Curacao2015\/Landesinnere\/2015-06-07%2012-21-28-2048x1151.jpg 2048w\" sizes=\"auto, (max-width: 2560px) 100vw, 2560px\" \/><\/figure>\n\n\n\n<figure class=\"wp-block-image size-full\"><img loading=\"lazy\" decoding=\"async\" width=\"2560\" height=\"1438\" data-id=\"11775\" src=\"https:\/\/www.guhalg.com\/wordpress\/wp-content\/uploads\/Reisen\/Curacao2015\/Landesinnere\/2015-06-07 12-34-54-scaled.jpg\" alt=\"Das Landesinnere\" class=\"wp-image-11775\" srcset=\"https:\/\/www.guhalg.com\/wordpress\/wp-content\/uploads\/Reisen\/Curacao2015\/Landesinnere\/2015-06-07%2012-34-54-scaled.jpg 2560w, https:\/\/www.guhalg.com\/wordpress\/wp-content\/uploads\/Reisen\/Curacao2015\/Landesinnere\/2015-06-07%2012-34-54-300x169.jpg 300w, https:\/\/www.guhalg.com\/wordpress\/wp-content\/uploads\/Reisen\/Curacao2015\/Landesinnere\/2015-06-07%2012-34-54-1024x575.jpg 1024w, https:\/\/www.guhalg.com\/wordpress\/wp-content\/uploads\/Reisen\/Curacao2015\/Landesinnere\/2015-06-07%2012-34-54-768x432.jpg 768w, https:\/\/www.guhalg.com\/wordpress\/wp-content\/uploads\/Reisen\/Curacao2015\/Landesinnere\/2015-06-07%2012-34-54-1536x863.jpg 1536w, https:\/\/www.guhalg.com\/wordpress\/wp-content\/uploads\/Reisen\/Curacao2015\/Landesinnere\/2015-06-07%2012-34-54-2048x1151.jpg 2048w\" sizes=\"auto, (max-width: 2560px) 100vw, 2560px\" \/><\/figure>\n\n\n\n<figure class=\"wp-block-image size-full\"><img loading=\"lazy\" decoding=\"async\" width=\"2560\" height=\"1438\" data-id=\"11778\" src=\"https:\/\/www.guhalg.com\/wordpress\/wp-content\/uploads\/Reisen\/Curacao2015\/Landesinnere\/2015-06-07 14-05-12-scaled.jpg\" alt=\"Das Landesinnere\" class=\"wp-image-11778\" srcset=\"https:\/\/www.guhalg.com\/wordpress\/wp-content\/uploads\/Reisen\/Curacao2015\/Landesinnere\/2015-06-07%2014-05-12-scaled.jpg 2560w, https:\/\/www.guhalg.com\/wordpress\/wp-content\/uploads\/Reisen\/Curacao2015\/Landesinnere\/2015-06-07%2014-05-12-300x169.jpg 300w, https:\/\/www.guhalg.com\/wordpress\/wp-content\/uploads\/Reisen\/Curacao2015\/Landesinnere\/2015-06-07%2014-05-12-1024x575.jpg 1024w, https:\/\/www.guhalg.com\/wordpress\/wp-content\/uploads\/Reisen\/Curacao2015\/Landesinnere\/2015-06-07%2014-05-12-768x432.jpg 768w, https:\/\/www.guhalg.com\/wordpress\/wp-content\/uploads\/Reisen\/Curacao2015\/Landesinnere\/2015-06-07%2014-05-12-1536x863.jpg 1536w, https:\/\/www.guhalg.com\/wordpress\/wp-content\/uploads\/Reisen\/Curacao2015\/Landesinnere\/2015-06-07%2014-05-12-2048x1151.jpg 2048w\" sizes=\"auto, (max-width: 2560px) 100vw, 2560px\" \/><\/figure>\n\n\n\n<figure class=\"wp-block-image size-full\"><img loading=\"lazy\" decoding=\"async\" width=\"2560\" height=\"1438\" data-id=\"11774\" src=\"https:\/\/www.guhalg.com\/wordpress\/wp-content\/uploads\/Reisen\/Curacao2015\/Landesinnere\/2015-06-07 12-23-10-scaled.jpg\" alt=\"Das Landesinnere\" class=\"wp-image-11774\" srcset=\"https:\/\/www.guhalg.com\/wordpress\/wp-content\/uploads\/Reisen\/Curacao2015\/Landesinnere\/2015-06-07%2012-23-10-scaled.jpg 2560w, https:\/\/www.guhalg.com\/wordpress\/wp-content\/uploads\/Reisen\/Curacao2015\/Landesinnere\/2015-06-07%2012-23-10-300x169.jpg 300w, https:\/\/www.guhalg.com\/wordpress\/wp-content\/uploads\/Reisen\/Curacao2015\/Landesinnere\/2015-06-07%2012-23-10-1024x575.jpg 1024w, https:\/\/www.guhalg.com\/wordpress\/wp-content\/uploads\/Reisen\/Curacao2015\/Landesinnere\/2015-06-07%2012-23-10-768x432.jpg 768w, https:\/\/www.guhalg.com\/wordpress\/wp-content\/uploads\/Reisen\/Curacao2015\/Landesinnere\/2015-06-07%2012-23-10-1536x863.jpg 1536w, https:\/\/www.guhalg.com\/wordpress\/wp-content\/uploads\/Reisen\/Curacao2015\/Landesinnere\/2015-06-07%2012-23-10-2048x1151.jpg 2048w\" sizes=\"auto, (max-width: 2560px) 100vw, 2560px\" \/><\/figure>\n\n\n\n<figure class=\"wp-block-image size-full\"><img loading=\"lazy\" decoding=\"async\" width=\"2560\" height=\"1438\" data-id=\"11779\" src=\"https:\/\/www.guhalg.com\/wordpress\/wp-content\/uploads\/Reisen\/Curacao2015\/Landesinnere\/2015-06-07 14-06-00-scaled.jpg\" alt=\"Das Landesinnere\" class=\"wp-image-11779\" srcset=\"https:\/\/www.guhalg.com\/wordpress\/wp-content\/uploads\/Reisen\/Curacao2015\/Landesinnere\/2015-06-07%2014-06-00-scaled.jpg 2560w, https:\/\/www.guhalg.com\/wordpress\/wp-content\/uploads\/Reisen\/Curacao2015\/Landesinnere\/2015-06-07%2014-06-00-300x169.jpg 300w, https:\/\/www.guhalg.com\/wordpress\/wp-content\/uploads\/Reisen\/Curacao2015\/Landesinnere\/2015-06-07%2014-06-00-1024x575.jpg 1024w, https:\/\/www.guhalg.com\/wordpress\/wp-content\/uploads\/Reisen\/Curacao2015\/Landesinnere\/2015-06-07%2014-06-00-768x432.jpg 768w, https:\/\/www.guhalg.com\/wordpress\/wp-content\/uploads\/Reisen\/Curacao2015\/Landesinnere\/2015-06-07%2014-06-00-1536x863.jpg 1536w, https:\/\/www.guhalg.com\/wordpress\/wp-content\/uploads\/Reisen\/Curacao2015\/Landesinnere\/2015-06-07%2014-06-00-2048x1151.jpg 2048w\" sizes=\"auto, (max-width: 2560px) 100vw, 2560px\" \/><\/figure>\n\n\n\n<figure class=\"wp-block-image size-full\"><img loading=\"lazy\" decoding=\"async\" width=\"2560\" height=\"1438\" data-id=\"11777\" src=\"https:\/\/www.guhalg.com\/wordpress\/wp-content\/uploads\/Reisen\/Curacao2015\/Landesinnere\/2015-06-07 13-42-52-scaled.jpg\" alt=\"Das Landesinnere\" class=\"wp-image-11777\" srcset=\"https:\/\/www.guhalg.com\/wordpress\/wp-content\/uploads\/Reisen\/Curacao2015\/Landesinnere\/2015-06-07%2013-42-52-scaled.jpg 2560w, https:\/\/www.guhalg.com\/wordpress\/wp-content\/uploads\/Reisen\/Curacao2015\/Landesinnere\/2015-06-07%2013-42-52-300x169.jpg 300w, https:\/\/www.guhalg.com\/wordpress\/wp-content\/uploads\/Reisen\/Curacao2015\/Landesinnere\/2015-06-07%2013-42-52-1024x575.jpg 1024w, https:\/\/www.guhalg.com\/wordpress\/wp-content\/uploads\/Reisen\/Curacao2015\/Landesinnere\/2015-06-07%2013-42-52-768x432.jpg 768w, https:\/\/www.guhalg.com\/wordpress\/wp-content\/uploads\/Reisen\/Curacao2015\/Landesinnere\/2015-06-07%2013-42-52-1536x863.jpg 1536w, https:\/\/www.guhalg.com\/wordpress\/wp-content\/uploads\/Reisen\/Curacao2015\/Landesinnere\/2015-06-07%2013-42-52-2048x1151.jpg 2048w\" sizes=\"auto, (max-width: 2560px) 100vw, 2560px\" \/><\/figure>\n<\/figure>\n\n\n\n<p>Dazu gab es eine sch\u00f6ne \u00dcbersicht ins Land und auf die K\u00fcste.<\/p>\n\n\n\n<figure class=\"wp-block-gallery has-nested-images columns-default is-cropped wp-block-gallery-2 is-layout-flex wp-block-gallery-is-layout-flex\">\n<figure class=\"wp-block-image size-full\"><img loading=\"lazy\" decoding=\"async\" width=\"2560\" height=\"1438\" data-id=\"11780\" src=\"https:\/\/www.guhalg.com\/wordpress\/wp-content\/uploads\/Reisen\/Curacao2015\/Landesinnere\/2015-06-07 14-06-20-scaled.jpg\" alt=\"Blick ins Land\" class=\"wp-image-11780\" srcset=\"https:\/\/www.guhalg.com\/wordpress\/wp-content\/uploads\/Reisen\/Curacao2015\/Landesinnere\/2015-06-07%2014-06-20-scaled.jpg 2560w, https:\/\/www.guhalg.com\/wordpress\/wp-content\/uploads\/Reisen\/Curacao2015\/Landesinnere\/2015-06-07%2014-06-20-300x169.jpg 300w, https:\/\/www.guhalg.com\/wordpress\/wp-content\/uploads\/Reisen\/Curacao2015\/Landesinnere\/2015-06-07%2014-06-20-1024x575.jpg 1024w, https:\/\/www.guhalg.com\/wordpress\/wp-content\/uploads\/Reisen\/Curacao2015\/Landesinnere\/2015-06-07%2014-06-20-768x432.jpg 768w, https:\/\/www.guhalg.com\/wordpress\/wp-content\/uploads\/Reisen\/Curacao2015\/Landesinnere\/2015-06-07%2014-06-20-1536x863.jpg 1536w, https:\/\/www.guhalg.com\/wordpress\/wp-content\/uploads\/Reisen\/Curacao2015\/Landesinnere\/2015-06-07%2014-06-20-2048x1151.jpg 2048w\" sizes=\"auto, (max-width: 2560px) 100vw, 2560px\" \/><\/figure>\n\n\n\n<figure class=\"wp-block-image size-full\"><img loading=\"lazy\" decoding=\"async\" width=\"2560\" height=\"1438\" data-id=\"11781\" src=\"https:\/\/www.guhalg.com\/wordpress\/wp-content\/uploads\/Reisen\/Curacao2015\/Landesinnere\/2015-06-07 14-07-07-scaled.jpg\" alt=\"Blick auf die K\u00fcste\" class=\"wp-image-11781\" srcset=\"https:\/\/www.guhalg.com\/wordpress\/wp-content\/uploads\/Reisen\/Curacao2015\/Landesinnere\/2015-06-07%2014-07-07-scaled.jpg 2560w, https:\/\/www.guhalg.com\/wordpress\/wp-content\/uploads\/Reisen\/Curacao2015\/Landesinnere\/2015-06-07%2014-07-07-300x169.jpg 300w, https:\/\/www.guhalg.com\/wordpress\/wp-content\/uploads\/Reisen\/Curacao2015\/Landesinnere\/2015-06-07%2014-07-07-1024x575.jpg 1024w, https:\/\/www.guhalg.com\/wordpress\/wp-content\/uploads\/Reisen\/Curacao2015\/Landesinnere\/2015-06-07%2014-07-07-768x432.jpg 768w, https:\/\/www.guhalg.com\/wordpress\/wp-content\/uploads\/Reisen\/Curacao2015\/Landesinnere\/2015-06-07%2014-07-07-1536x863.jpg 1536w, https:\/\/www.guhalg.com\/wordpress\/wp-content\/uploads\/Reisen\/Curacao2015\/Landesinnere\/2015-06-07%2014-07-07-2048x1151.jpg 2048w\" sizes=\"auto, (max-width: 2560px) 100vw, 2560px\" \/><\/figure>\n<\/figure>\n\n\n\n<p>Wir haben auch noch eine kleine H\u00f6hle besichtigt und im Vergleich zur Au\u00dfentemperatur mit angenehmen ca. 24\u00b0 C.<\/p>\n\n\n\n<figure class=\"wp-block-gallery has-nested-images columns-default is-cropped wp-block-gallery-3 is-layout-flex wp-block-gallery-is-layout-flex\">\n<figure class=\"wp-block-image size-full\"><img loading=\"lazy\" decoding=\"async\" width=\"2560\" height=\"1438\" data-id=\"11784\" src=\"https:\/\/www.guhalg.com\/wordpress\/wp-content\/uploads\/Reisen\/Curacao2015\/Landesinnere\/2015-06-07 14-49-19-scaled.jpg\" alt=\"Kleine H\u00f6hle\" class=\"wp-image-11784\" srcset=\"https:\/\/www.guhalg.com\/wordpress\/wp-content\/uploads\/Reisen\/Curacao2015\/Landesinnere\/2015-06-07%2014-49-19-scaled.jpg 2560w, https:\/\/www.guhalg.com\/wordpress\/wp-content\/uploads\/Reisen\/Curacao2015\/Landesinnere\/2015-06-07%2014-49-19-300x169.jpg 300w, https:\/\/www.guhalg.com\/wordpress\/wp-content\/uploads\/Reisen\/Curacao2015\/Landesinnere\/2015-06-07%2014-49-19-1024x575.jpg 1024w, https:\/\/www.guhalg.com\/wordpress\/wp-content\/uploads\/Reisen\/Curacao2015\/Landesinnere\/2015-06-07%2014-49-19-768x432.jpg 768w, https:\/\/www.guhalg.com\/wordpress\/wp-content\/uploads\/Reisen\/Curacao2015\/Landesinnere\/2015-06-07%2014-49-19-1536x863.jpg 1536w, https:\/\/www.guhalg.com\/wordpress\/wp-content\/uploads\/Reisen\/Curacao2015\/Landesinnere\/2015-06-07%2014-49-19-2048x1151.jpg 2048w\" sizes=\"auto, (max-width: 2560px) 100vw, 2560px\" \/><\/figure>\n\n\n\n<figure class=\"wp-block-image size-full\"><img loading=\"lazy\" decoding=\"async\" width=\"2560\" height=\"1438\" data-id=\"11782\" src=\"https:\/\/www.guhalg.com\/wordpress\/wp-content\/uploads\/Reisen\/Curacao2015\/Landesinnere\/2015-06-07 14-41-53-scaled.jpg\" alt=\"Kleine H\u00f6hle\" class=\"wp-image-11782\" srcset=\"https:\/\/www.guhalg.com\/wordpress\/wp-content\/uploads\/Reisen\/Curacao2015\/Landesinnere\/2015-06-07%2014-41-53-scaled.jpg 2560w, https:\/\/www.guhalg.com\/wordpress\/wp-content\/uploads\/Reisen\/Curacao2015\/Landesinnere\/2015-06-07%2014-41-53-300x169.jpg 300w, https:\/\/www.guhalg.com\/wordpress\/wp-content\/uploads\/Reisen\/Curacao2015\/Landesinnere\/2015-06-07%2014-41-53-1024x575.jpg 1024w, https:\/\/www.guhalg.com\/wordpress\/wp-content\/uploads\/Reisen\/Curacao2015\/Landesinnere\/2015-06-07%2014-41-53-768x432.jpg 768w, https:\/\/www.guhalg.com\/wordpress\/wp-content\/uploads\/Reisen\/Curacao2015\/Landesinnere\/2015-06-07%2014-41-53-1536x863.jpg 1536w, https:\/\/www.guhalg.com\/wordpress\/wp-content\/uploads\/Reisen\/Curacao2015\/Landesinnere\/2015-06-07%2014-41-53-2048x1151.jpg 2048w\" sizes=\"auto, (max-width: 2560px) 100vw, 2560px\" \/><\/figure>\n\n\n\n<figure class=\"wp-block-image size-full\"><img loading=\"lazy\" decoding=\"async\" width=\"2560\" height=\"1438\" data-id=\"11783\" src=\"https:\/\/www.guhalg.com\/wordpress\/wp-content\/uploads\/Reisen\/Curacao2015\/Landesinnere\/2015-06-07 14-47-53-scaled.jpg\" alt=\"Kleine H\u00f6hle\" class=\"wp-image-11783\" srcset=\"https:\/\/www.guhalg.com\/wordpress\/wp-content\/uploads\/Reisen\/Curacao2015\/Landesinnere\/2015-06-07%2014-47-53-scaled.jpg 2560w, https:\/\/www.guhalg.com\/wordpress\/wp-content\/uploads\/Reisen\/Curacao2015\/Landesinnere\/2015-06-07%2014-47-53-300x169.jpg 300w, https:\/\/www.guhalg.com\/wordpress\/wp-content\/uploads\/Reisen\/Curacao2015\/Landesinnere\/2015-06-07%2014-47-53-1024x575.jpg 1024w, https:\/\/www.guhalg.com\/wordpress\/wp-content\/uploads\/Reisen\/Curacao2015\/Landesinnere\/2015-06-07%2014-47-53-768x432.jpg 768w, https:\/\/www.guhalg.com\/wordpress\/wp-content\/uploads\/Reisen\/Curacao2015\/Landesinnere\/2015-06-07%2014-47-53-1536x863.jpg 1536w, https:\/\/www.guhalg.com\/wordpress\/wp-content\/uploads\/Reisen\/Curacao2015\/Landesinnere\/2015-06-07%2014-47-53-2048x1151.jpg 2048w\" sizes=\"auto, (max-width: 2560px) 100vw, 2560px\" \/><\/figure>\n<\/figure>\n\n\n\n<p>Weiter ging es zur\u00fcck. Auf dem R\u00fcckweg haben wir den Pickup bzw. seine Gangschaltung lieben gelernt. Wieso das? Wir haben uns \u00fcber den Kriechgang im ersten Gang beim Anfahren gewundert und sind immer im zweiten Gang angefahren. Auch gab es keine Gel\u00e4nde\u00fcbersetzung. Nun ja, wir standen auf dem R\u00fcckweg im Stau, genaugenommen hat ein Wagen vor uns die Steigung nicht geschafft. Bei den schmalen Stra\u00dfen war ein Vorbeifahren nicht m\u00f6glich. Auf der einen Seite der Berg und auf der anderen Seite der Abhang. Der Wagen wurden dann von einem herbeigerufenen Ranger im R\u00fcckw\u00e4rtsgang die Steigung hochgefahren und wir konnten folgen. Mit dem Kriechgang gar kein Problem. <\/p>\n\n\n\n<p>Dabei sah das Ganze aus der Ferne noch so einfach aus.<\/p>\n\n\n\n<figure class=\"wp-block-image size-full\"><a href=\"https:\/\/www.guhalg.com\/wordpress\/wp-content\/uploads\/Reisen\/Curacao2015\/Landesinnere\/2015-06-07 12-49-51-scaled.jpg\"><img loading=\"lazy\" decoding=\"async\" width=\"2560\" height=\"1438\" src=\"https:\/\/www.guhalg.com\/wordpress\/wp-content\/uploads\/Reisen\/Curacao2015\/Landesinnere\/2015-06-07 12-49-51-scaled.jpg\" alt=\"Die Strecke\" class=\"wp-image-11776\" srcset=\"https:\/\/www.guhalg.com\/wordpress\/wp-content\/uploads\/Reisen\/Curacao2015\/Landesinnere\/2015-06-07%2012-49-51-scaled.jpg 2560w, https:\/\/www.guhalg.com\/wordpress\/wp-content\/uploads\/Reisen\/Curacao2015\/Landesinnere\/2015-06-07%2012-49-51-300x169.jpg 300w, https:\/\/www.guhalg.com\/wordpress\/wp-content\/uploads\/Reisen\/Curacao2015\/Landesinnere\/2015-06-07%2012-49-51-1024x575.jpg 1024w, https:\/\/www.guhalg.com\/wordpress\/wp-content\/uploads\/Reisen\/Curacao2015\/Landesinnere\/2015-06-07%2012-49-51-768x432.jpg 768w, https:\/\/www.guhalg.com\/wordpress\/wp-content\/uploads\/Reisen\/Curacao2015\/Landesinnere\/2015-06-07%2012-49-51-1536x863.jpg 1536w, https:\/\/www.guhalg.com\/wordpress\/wp-content\/uploads\/Reisen\/Curacao2015\/Landesinnere\/2015-06-07%2012-49-51-2048x1151.jpg 2048w\" sizes=\"auto, (max-width: 2560px) 100vw, 2560px\" \/><\/a><\/figure>\n\n\n\n<p>Zum Abschluss des Tages stand nat\u00fcrlich wieder eine der Strandbars auf unserem Programm.<\/p>\n\n\n\n<figure class=\"wp-block-image size-full\"><a href=\"https:\/\/www.guhalg.com\/wordpress\/wp-content\/uploads\/Reisen\/Curacao2015\/Landesinnere\/2015-06-07 15-35-56-scaled.jpg\"><img loading=\"lazy\" decoding=\"async\" width=\"2560\" height=\"1438\" src=\"https:\/\/www.guhalg.com\/wordpress\/wp-content\/uploads\/Reisen\/Curacao2015\/Landesinnere\/2015-06-07 15-35-56-scaled.jpg\" alt=\"Strandbar\" class=\"wp-image-11785\" srcset=\"https:\/\/www.guhalg.com\/wordpress\/wp-content\/uploads\/Reisen\/Curacao2015\/Landesinnere\/2015-06-07%2015-35-56-scaled.jpg 2560w, https:\/\/www.guhalg.com\/wordpress\/wp-content\/uploads\/Reisen\/Curacao2015\/Landesinnere\/2015-06-07%2015-35-56-300x169.jpg 300w, https:\/\/www.guhalg.com\/wordpress\/wp-content\/uploads\/Reisen\/Curacao2015\/Landesinnere\/2015-06-07%2015-35-56-1024x575.jpg 1024w, https:\/\/www.guhalg.com\/wordpress\/wp-content\/uploads\/Reisen\/Curacao2015\/Landesinnere\/2015-06-07%2015-35-56-768x432.jpg 768w, https:\/\/www.guhalg.com\/wordpress\/wp-content\/uploads\/Reisen\/Curacao2015\/Landesinnere\/2015-06-07%2015-35-56-1536x863.jpg 1536w, https:\/\/www.guhalg.com\/wordpress\/wp-content\/uploads\/Reisen\/Curacao2015\/Landesinnere\/2015-06-07%2015-35-56-2048x1151.jpg 2048w\" sizes=\"auto, (max-width: 2560px) 100vw, 2560px\" \/><\/a><\/figure>\n\n\n\n<p><\/p>\n\n\n\n<div class=\"wp-block-columns is-layout-flex wp-container-core-columns-is-layout-9d6595d7 wp-block-columns-is-layout-flex\">\n<div class=\"wp-block-column is-layout-flow wp-block-column-is-layout-flow\">\n<div class=\"wp-block-buttons is-layout-flex wp-block-buttons-is-layout-flex\">\n<div class=\"wp-block-button\"><a class=\"wp-block-button__link wp-element-button\" href=\"https:\/\/www.guhalg.com\/wordpress\/?page_id=11712\">Cura\u00e7ao an Land<\/a><\/div>\n<\/div>\n<\/div>\n\n\n\n<div class=\"wp-block-column is-layout-flow wp-block-column-is-layout-flow\">\n<div class=\"wp-block-buttons is-content-justification-right is-layout-flex wp-container-core-buttons-is-layout-765c4724 wp-block-buttons-is-layout-flex\">\n<div class=\"wp-block-button\"><a class=\"wp-block-button__link wp-element-button\" href=\"https:\/\/www.guhalg.com\/wordpress\/?page_id=11810\">Cura\u00e7ao und die Niederlande<\/a><\/div>\n<\/div>\n<\/div>\n<\/div>\n","protected":false},"excerpt":{"rendered":"<p>Wir haben uns einen freien Tag vom Tauchen genommen und sind in den Norden von Cura\u00e7ao gefahren. Mit dem Pickup \u00fcber die staubigen Stra\u00dfen zu ausgeschilderten Parkpl\u00e4tzen und von dort weiter zu Fu\u00df in die total vertrocknete Landschaft. Die Wege&hellip; <\/p>\n","protected":false},"author":1,"featured_media":0,"parent":11660,"menu_order":3,"comment_status":"closed","ping_status":"closed","template":"","meta":{"footnotes":""},"class_list":["post-11767","page","type-page","status-publish","hentry"],"_links":{"self":[{"href":"https:\/\/www.guhalg.com\/wordpress\/index.php?rest_route=\/wp\/v2\/pages\/11767","targetHints":{"allow":["GET"]}}],"collection":[{"href":"https:\/\/www.guhalg.com\/wordpress\/index.php?rest_route=\/wp\/v2\/pages"}],"about":[{"href":"https:\/\/www.guhalg.com\/wordpress\/index.php?rest_route=\/wp\/v2\/types\/page"}],"author":[{"embeddable":true,"href":"https:\/\/www.guhalg.com\/wordpress\/index.php?rest_route=\/wp\/v2\/users\/1"}],"replies":[{"embeddable":true,"href":"https:\/\/www.guhalg.com\/wordpress\/index.php?rest_route=%2Fwp%2Fv2%2Fcomments&post=11767"}],"version-history":[{"count":20,"href":"https:\/\/www.guhalg.com\/wordpress\/index.php?rest_route=\/wp\/v2\/pages\/11767\/revisions"}],"predecessor-version":[{"id":11812,"href":"https:\/\/www.guhalg.com\/wordpress\/index.php?rest_route=\/wp\/v2\/pages\/11767\/revisions\/11812"}],"up":[{"embeddable":true,"href":"https:\/\/www.guhalg.com\/wordpress\/index.php?rest_route=\/wp\/v2\/pages\/11660"}],"wp:attachment":[{"href":"https:\/\/www.guhalg.com\/wordpress\/index.php?rest_route=%2Fwp%2Fv2%2Fmedia&parent=11767"}],"curies":[{"name":"wp","href":"https:\/\/api.w.org\/{rel}","templated":true}]}}