{"id":11810,"date":"2025-01-04T19:15:12","date_gmt":"2025-01-04T18:15:12","guid":{"rendered":"https:\/\/www.guhalg.com\/wordpress\/?page_id=11810"},"modified":"2025-01-09T21:46:12","modified_gmt":"2025-01-09T20:46:12","slug":"curacao-niederlaendische-vergangenheit","status":"publish","type":"page","link":"https:\/\/www.guhalg.com\/wordpress\/?page_id=11810","title":{"rendered":"Cura\u00e7ao, niederl\u00e4ndische Vergangenheit"},"content":{"rendered":"\n<p>Sobald man sich in die N\u00e4he der Hauptstadt <a href=\"https:\/\/de.wikipedia.org\/wiki\/Willemstad\" data-type=\"link\" data-id=\"https:\/\/de.wikipedia.org\/wiki\/Willemstad\" target=\"_blank\" rel=\"noreferrer noopener\">Willemstad <\/a>begibt, erscheinen die H\u00e4user bunt in den Farben blau und gelb. Hier zeigt sich die Zugeh\u00f6rigkeit von Cura\u00e7ao zu den Niederlanden. Es sind aber nicht nur die Farben, auch wirkt das gesamte Bild nicht wie in einem Karibik Staat, sondern doch eher europ\u00e4isch.<\/p>\n\n\n\n<figure class=\"wp-block-gallery has-nested-images columns-default is-cropped wp-block-gallery-1 is-layout-flex wp-block-gallery-is-layout-flex\">\n<figure class=\"wp-block-image size-full\"><img loading=\"lazy\" decoding=\"async\" width=\"2560\" height=\"1438\" data-id=\"11823\" src=\"https:\/\/www.guhalg.com\/wordpress\/wp-content\/uploads\/Reisen\/Curacao2015\/Niederlande\/2015-06-02 19-25-03-scaled.jpg\" alt=\"Willemstad\" class=\"wp-image-11823\" srcset=\"https:\/\/www.guhalg.com\/wordpress\/wp-content\/uploads\/Reisen\/Curacao2015\/Niederlande\/2015-06-02%2019-25-03-scaled.jpg 2560w, https:\/\/www.guhalg.com\/wordpress\/wp-content\/uploads\/Reisen\/Curacao2015\/Niederlande\/2015-06-02%2019-25-03-300x169.jpg 300w, https:\/\/www.guhalg.com\/wordpress\/wp-content\/uploads\/Reisen\/Curacao2015\/Niederlande\/2015-06-02%2019-25-03-1024x575.jpg 1024w, https:\/\/www.guhalg.com\/wordpress\/wp-content\/uploads\/Reisen\/Curacao2015\/Niederlande\/2015-06-02%2019-25-03-768x432.jpg 768w, https:\/\/www.guhalg.com\/wordpress\/wp-content\/uploads\/Reisen\/Curacao2015\/Niederlande\/2015-06-02%2019-25-03-1536x863.jpg 1536w, https:\/\/www.guhalg.com\/wordpress\/wp-content\/uploads\/Reisen\/Curacao2015\/Niederlande\/2015-06-02%2019-25-03-2048x1151.jpg 2048w\" sizes=\"auto, (max-width: 2560px) 100vw, 2560px\" \/><\/figure>\n\n\n\n<figure class=\"wp-block-image size-full\"><img loading=\"lazy\" decoding=\"async\" width=\"2560\" height=\"1438\" data-id=\"11820\" src=\"https:\/\/www.guhalg.com\/wordpress\/wp-content\/uploads\/Reisen\/Curacao2015\/Niederlande\/2015-06-02 19-12-49-scaled.jpg\" alt=\"Willemstad\" class=\"wp-image-11820\" srcset=\"https:\/\/www.guhalg.com\/wordpress\/wp-content\/uploads\/Reisen\/Curacao2015\/Niederlande\/2015-06-02%2019-12-49-scaled.jpg 2560w, https:\/\/www.guhalg.com\/wordpress\/wp-content\/uploads\/Reisen\/Curacao2015\/Niederlande\/2015-06-02%2019-12-49-300x169.jpg 300w, https:\/\/www.guhalg.com\/wordpress\/wp-content\/uploads\/Reisen\/Curacao2015\/Niederlande\/2015-06-02%2019-12-49-1024x575.jpg 1024w, https:\/\/www.guhalg.com\/wordpress\/wp-content\/uploads\/Reisen\/Curacao2015\/Niederlande\/2015-06-02%2019-12-49-768x432.jpg 768w, https:\/\/www.guhalg.com\/wordpress\/wp-content\/uploads\/Reisen\/Curacao2015\/Niederlande\/2015-06-02%2019-12-49-1536x863.jpg 1536w, https:\/\/www.guhalg.com\/wordpress\/wp-content\/uploads\/Reisen\/Curacao2015\/Niederlande\/2015-06-02%2019-12-49-2048x1151.jpg 2048w\" sizes=\"auto, (max-width: 2560px) 100vw, 2560px\" \/><\/figure>\n\n\n\n<figure class=\"wp-block-image size-full\"><img loading=\"lazy\" decoding=\"async\" width=\"2560\" height=\"1362\" data-id=\"11819\" src=\"https:\/\/www.guhalg.com\/wordpress\/wp-content\/uploads\/Reisen\/Curacao2015\/Niederlande\/2015-06-02 19-04-52-scaled.jpg\" alt=\"Willemstad\" class=\"wp-image-11819\" srcset=\"https:\/\/www.guhalg.com\/wordpress\/wp-content\/uploads\/Reisen\/Curacao2015\/Niederlande\/2015-06-02%2019-04-52-scaled.jpg 2560w, https:\/\/www.guhalg.com\/wordpress\/wp-content\/uploads\/Reisen\/Curacao2015\/Niederlande\/2015-06-02%2019-04-52-300x160.jpg 300w, https:\/\/www.guhalg.com\/wordpress\/wp-content\/uploads\/Reisen\/Curacao2015\/Niederlande\/2015-06-02%2019-04-52-1024x545.jpg 1024w, https:\/\/www.guhalg.com\/wordpress\/wp-content\/uploads\/Reisen\/Curacao2015\/Niederlande\/2015-06-02%2019-04-52-768x409.jpg 768w, https:\/\/www.guhalg.com\/wordpress\/wp-content\/uploads\/Reisen\/Curacao2015\/Niederlande\/2015-06-02%2019-04-52-1536x817.jpg 1536w, https:\/\/www.guhalg.com\/wordpress\/wp-content\/uploads\/Reisen\/Curacao2015\/Niederlande\/2015-06-02%2019-04-52-2048x1090.jpg 2048w\" sizes=\"auto, (max-width: 2560px) 100vw, 2560px\" \/><\/figure>\n\n\n\n<figure class=\"wp-block-image size-full\"><img loading=\"lazy\" decoding=\"async\" width=\"2560\" height=\"1438\" data-id=\"11818\" src=\"https:\/\/www.guhalg.com\/wordpress\/wp-content\/uploads\/Reisen\/Curacao2015\/Niederlande\/2015-06-02 19-03-10-scaled.jpg\" alt=\"Willemstad\" class=\"wp-image-11818\" srcset=\"https:\/\/www.guhalg.com\/wordpress\/wp-content\/uploads\/Reisen\/Curacao2015\/Niederlande\/2015-06-02%2019-03-10-scaled.jpg 2560w, https:\/\/www.guhalg.com\/wordpress\/wp-content\/uploads\/Reisen\/Curacao2015\/Niederlande\/2015-06-02%2019-03-10-300x169.jpg 300w, https:\/\/www.guhalg.com\/wordpress\/wp-content\/uploads\/Reisen\/Curacao2015\/Niederlande\/2015-06-02%2019-03-10-1024x575.jpg 1024w, https:\/\/www.guhalg.com\/wordpress\/wp-content\/uploads\/Reisen\/Curacao2015\/Niederlande\/2015-06-02%2019-03-10-768x432.jpg 768w, https:\/\/www.guhalg.com\/wordpress\/wp-content\/uploads\/Reisen\/Curacao2015\/Niederlande\/2015-06-02%2019-03-10-1536x863.jpg 1536w, https:\/\/www.guhalg.com\/wordpress\/wp-content\/uploads\/Reisen\/Curacao2015\/Niederlande\/2015-06-02%2019-03-10-2048x1151.jpg 2048w\" sizes=\"auto, (max-width: 2560px) 100vw, 2560px\" \/><\/figure>\n\n\n\n<figure class=\"wp-block-image size-full\"><img loading=\"lazy\" decoding=\"async\" width=\"2560\" height=\"1438\" data-id=\"11821\" src=\"https:\/\/www.guhalg.com\/wordpress\/wp-content\/uploads\/Reisen\/Curacao2015\/Niederlande\/2015-06-02 19-22-29-scaled.jpg\" alt=\"Willemstad\" class=\"wp-image-11821\" srcset=\"https:\/\/www.guhalg.com\/wordpress\/wp-content\/uploads\/Reisen\/Curacao2015\/Niederlande\/2015-06-02%2019-22-29-scaled.jpg 2560w, https:\/\/www.guhalg.com\/wordpress\/wp-content\/uploads\/Reisen\/Curacao2015\/Niederlande\/2015-06-02%2019-22-29-300x169.jpg 300w, https:\/\/www.guhalg.com\/wordpress\/wp-content\/uploads\/Reisen\/Curacao2015\/Niederlande\/2015-06-02%2019-22-29-1024x575.jpg 1024w, https:\/\/www.guhalg.com\/wordpress\/wp-content\/uploads\/Reisen\/Curacao2015\/Niederlande\/2015-06-02%2019-22-29-768x432.jpg 768w, https:\/\/www.guhalg.com\/wordpress\/wp-content\/uploads\/Reisen\/Curacao2015\/Niederlande\/2015-06-02%2019-22-29-1536x863.jpg 1536w, https:\/\/www.guhalg.com\/wordpress\/wp-content\/uploads\/Reisen\/Curacao2015\/Niederlande\/2015-06-02%2019-22-29-2048x1151.jpg 2048w\" sizes=\"auto, (max-width: 2560px) 100vw, 2560px\" \/><\/figure>\n\n\n\n<figure class=\"wp-block-image size-full\"><img loading=\"lazy\" decoding=\"async\" width=\"2560\" height=\"1438\" data-id=\"11817\" src=\"https:\/\/www.guhalg.com\/wordpress\/wp-content\/uploads\/Reisen\/Curacao2015\/Niederlande\/2015-06-02 18-47-12-scaled.jpg\" alt=\"Willemstad\" class=\"wp-image-11817\" srcset=\"https:\/\/www.guhalg.com\/wordpress\/wp-content\/uploads\/Reisen\/Curacao2015\/Niederlande\/2015-06-02%2018-47-12-scaled.jpg 2560w, https:\/\/www.guhalg.com\/wordpress\/wp-content\/uploads\/Reisen\/Curacao2015\/Niederlande\/2015-06-02%2018-47-12-300x169.jpg 300w, https:\/\/www.guhalg.com\/wordpress\/wp-content\/uploads\/Reisen\/Curacao2015\/Niederlande\/2015-06-02%2018-47-12-1024x575.jpg 1024w, https:\/\/www.guhalg.com\/wordpress\/wp-content\/uploads\/Reisen\/Curacao2015\/Niederlande\/2015-06-02%2018-47-12-768x432.jpg 768w, https:\/\/www.guhalg.com\/wordpress\/wp-content\/uploads\/Reisen\/Curacao2015\/Niederlande\/2015-06-02%2018-47-12-1536x863.jpg 1536w, https:\/\/www.guhalg.com\/wordpress\/wp-content\/uploads\/Reisen\/Curacao2015\/Niederlande\/2015-06-02%2018-47-12-2048x1151.jpg 2048w\" sizes=\"auto, (max-width: 2560px) 100vw, 2560px\" \/><\/figure>\n<\/figure>\n\n\n\n<p>Wer jetzt gerade zweimal eine schwimmende Br\u00fccke gesehen oder erkannt hat, das ist die <a href=\"https:\/\/de.wikipedia.org\/wiki\/K%C3%B6nigin-Emma-Br%C3%BCcke\" target=\"_blank\" rel=\"noreferrer noopener\">K\u00f6nigin-Emma-Br\u00fccke<\/a>. Eine Schwenkbr\u00fccke auf Pontons, also im Meer schwimmend. Beeindruckend, wenn sie f\u00fcr eine Schiffsdurchfahrt zur Seite geschenkt wird. Auch die Beleuchtung nachts ist sch\u00f6n anzusehen und l\u00e4dt alleine deshalb schon Touristen und auch Einheimische zum Spazierengehen ein.<\/p>\n\n\n\n<figure class=\"wp-block-gallery has-nested-images columns-default is-cropped wp-block-gallery-2 is-layout-flex wp-block-gallery-is-layout-flex\">\n<figure class=\"wp-block-image size-full\"><img loading=\"lazy\" decoding=\"async\" width=\"2560\" height=\"1438\" data-id=\"11822\" src=\"https:\/\/www.guhalg.com\/wordpress\/wp-content\/uploads\/Reisen\/Curacao2015\/Niederlande\/2015-06-02 19-24-22-scaled.jpg\" alt=\"Schwimmbr\u00fccke\" class=\"wp-image-11822\" srcset=\"https:\/\/www.guhalg.com\/wordpress\/wp-content\/uploads\/Reisen\/Curacao2015\/Niederlande\/2015-06-02%2019-24-22-scaled.jpg 2560w, https:\/\/www.guhalg.com\/wordpress\/wp-content\/uploads\/Reisen\/Curacao2015\/Niederlande\/2015-06-02%2019-24-22-300x169.jpg 300w, https:\/\/www.guhalg.com\/wordpress\/wp-content\/uploads\/Reisen\/Curacao2015\/Niederlande\/2015-06-02%2019-24-22-1024x575.jpg 1024w, https:\/\/www.guhalg.com\/wordpress\/wp-content\/uploads\/Reisen\/Curacao2015\/Niederlande\/2015-06-02%2019-24-22-768x432.jpg 768w, https:\/\/www.guhalg.com\/wordpress\/wp-content\/uploads\/Reisen\/Curacao2015\/Niederlande\/2015-06-02%2019-24-22-1536x863.jpg 1536w, https:\/\/www.guhalg.com\/wordpress\/wp-content\/uploads\/Reisen\/Curacao2015\/Niederlande\/2015-06-02%2019-24-22-2048x1151.jpg 2048w\" sizes=\"auto, (max-width: 2560px) 100vw, 2560px\" \/><\/figure>\n\n\n\n<figure class=\"wp-block-image size-full\"><img loading=\"lazy\" decoding=\"async\" width=\"2560\" height=\"1438\" data-id=\"11824\" src=\"https:\/\/www.guhalg.com\/wordpress\/wp-content\/uploads\/Reisen\/Curacao2015\/Niederlande\/2015-06-02 20-58-34-scaled.jpg\" alt=\"Schwimmbr\u00fccke\" class=\"wp-image-11824\" srcset=\"https:\/\/www.guhalg.com\/wordpress\/wp-content\/uploads\/Reisen\/Curacao2015\/Niederlande\/2015-06-02%2020-58-34-scaled.jpg 2560w, https:\/\/www.guhalg.com\/wordpress\/wp-content\/uploads\/Reisen\/Curacao2015\/Niederlande\/2015-06-02%2020-58-34-300x169.jpg 300w, https:\/\/www.guhalg.com\/wordpress\/wp-content\/uploads\/Reisen\/Curacao2015\/Niederlande\/2015-06-02%2020-58-34-1024x575.jpg 1024w, https:\/\/www.guhalg.com\/wordpress\/wp-content\/uploads\/Reisen\/Curacao2015\/Niederlande\/2015-06-02%2020-58-34-768x432.jpg 768w, https:\/\/www.guhalg.com\/wordpress\/wp-content\/uploads\/Reisen\/Curacao2015\/Niederlande\/2015-06-02%2020-58-34-1536x863.jpg 1536w, https:\/\/www.guhalg.com\/wordpress\/wp-content\/uploads\/Reisen\/Curacao2015\/Niederlande\/2015-06-02%2020-58-34-2048x1151.jpg 2048w\" sizes=\"auto, (max-width: 2560px) 100vw, 2560px\" \/><\/figure>\n\n\n\n<figure class=\"wp-block-image size-full\"><img loading=\"lazy\" decoding=\"async\" width=\"2560\" height=\"1438\" data-id=\"11825\" src=\"https:\/\/www.guhalg.com\/wordpress\/wp-content\/uploads\/Reisen\/Curacao2015\/Niederlande\/2015-06-02 21-01-24-scaled.jpg\" alt=\"Schwimmbr\u00fccke\" class=\"wp-image-11825\" srcset=\"https:\/\/www.guhalg.com\/wordpress\/wp-content\/uploads\/Reisen\/Curacao2015\/Niederlande\/2015-06-02%2021-01-24-scaled.jpg 2560w, https:\/\/www.guhalg.com\/wordpress\/wp-content\/uploads\/Reisen\/Curacao2015\/Niederlande\/2015-06-02%2021-01-24-300x169.jpg 300w, https:\/\/www.guhalg.com\/wordpress\/wp-content\/uploads\/Reisen\/Curacao2015\/Niederlande\/2015-06-02%2021-01-24-1024x575.jpg 1024w, https:\/\/www.guhalg.com\/wordpress\/wp-content\/uploads\/Reisen\/Curacao2015\/Niederlande\/2015-06-02%2021-01-24-768x432.jpg 768w, https:\/\/www.guhalg.com\/wordpress\/wp-content\/uploads\/Reisen\/Curacao2015\/Niederlande\/2015-06-02%2021-01-24-1536x863.jpg 1536w, https:\/\/www.guhalg.com\/wordpress\/wp-content\/uploads\/Reisen\/Curacao2015\/Niederlande\/2015-06-02%2021-01-24-2048x1151.jpg 2048w\" sizes=\"auto, (max-width: 2560px) 100vw, 2560px\" \/><\/figure>\n\n\n\n<figure class=\"wp-block-image size-full\"><img loading=\"lazy\" decoding=\"async\" width=\"2560\" height=\"1438\" data-id=\"11826\" src=\"https:\/\/www.guhalg.com\/wordpress\/wp-content\/uploads\/Reisen\/Curacao2015\/Niederlande\/2015-06-02 21-03-12-scaled.jpg\" alt=\"Schwimmbr\u00fccke\" class=\"wp-image-11826\" srcset=\"https:\/\/www.guhalg.com\/wordpress\/wp-content\/uploads\/Reisen\/Curacao2015\/Niederlande\/2015-06-02%2021-03-12-scaled.jpg 2560w, https:\/\/www.guhalg.com\/wordpress\/wp-content\/uploads\/Reisen\/Curacao2015\/Niederlande\/2015-06-02%2021-03-12-300x169.jpg 300w, https:\/\/www.guhalg.com\/wordpress\/wp-content\/uploads\/Reisen\/Curacao2015\/Niederlande\/2015-06-02%2021-03-12-1024x575.jpg 1024w, https:\/\/www.guhalg.com\/wordpress\/wp-content\/uploads\/Reisen\/Curacao2015\/Niederlande\/2015-06-02%2021-03-12-768x432.jpg 768w, https:\/\/www.guhalg.com\/wordpress\/wp-content\/uploads\/Reisen\/Curacao2015\/Niederlande\/2015-06-02%2021-03-12-1536x863.jpg 1536w, https:\/\/www.guhalg.com\/wordpress\/wp-content\/uploads\/Reisen\/Curacao2015\/Niederlande\/2015-06-02%2021-03-12-2048x1151.jpg 2048w\" sizes=\"auto, (max-width: 2560px) 100vw, 2560px\" \/><\/figure>\n<\/figure>\n\n\n\n<p>Wo wir schon am Abend und beim Nachtleben sind &#8211; neben die vielen Strandbars und -Restaurants gibt es auch in Willemstad ein reges Nachtleben. In einer der angesagten Lokationen haben wir uns f\u00fcr Abends auch einen Tisch direkt am Wasser reserviert und den Tauchtag ruhig ausklingen lassen.<\/p>\n\n\n\n<figure class=\"wp-block-gallery has-nested-images columns-default is-cropped wp-block-gallery-3 is-layout-flex wp-block-gallery-is-layout-flex\">\n<figure class=\"wp-block-image size-full\"><img loading=\"lazy\" decoding=\"async\" width=\"2560\" height=\"1438\" data-id=\"11846\" src=\"https:\/\/www.guhalg.com\/wordpress\/wp-content\/uploads\/Reisen\/Curacao2015\/Niederlande\/2015-06-05 20-49-11-scaled.jpg\" alt=\"Schick\" class=\"wp-image-11846\" srcset=\"https:\/\/www.guhalg.com\/wordpress\/wp-content\/uploads\/Reisen\/Curacao2015\/Niederlande\/2015-06-05%2020-49-11-scaled.jpg 2560w, https:\/\/www.guhalg.com\/wordpress\/wp-content\/uploads\/Reisen\/Curacao2015\/Niederlande\/2015-06-05%2020-49-11-300x169.jpg 300w, https:\/\/www.guhalg.com\/wordpress\/wp-content\/uploads\/Reisen\/Curacao2015\/Niederlande\/2015-06-05%2020-49-11-1024x575.jpg 1024w, https:\/\/www.guhalg.com\/wordpress\/wp-content\/uploads\/Reisen\/Curacao2015\/Niederlande\/2015-06-05%2020-49-11-768x432.jpg 768w, https:\/\/www.guhalg.com\/wordpress\/wp-content\/uploads\/Reisen\/Curacao2015\/Niederlande\/2015-06-05%2020-49-11-1536x863.jpg 1536w, https:\/\/www.guhalg.com\/wordpress\/wp-content\/uploads\/Reisen\/Curacao2015\/Niederlande\/2015-06-05%2020-49-11-2048x1151.jpg 2048w\" sizes=\"auto, (max-width: 2560px) 100vw, 2560px\" \/><\/figure>\n\n\n\n<figure class=\"wp-block-image size-full\"><img loading=\"lazy\" decoding=\"async\" width=\"2560\" height=\"1441\" data-id=\"11845\" src=\"https:\/\/www.guhalg.com\/wordpress\/wp-content\/uploads\/Reisen\/Curacao2015\/Niederlande\/2015-06-05 20-25-02-scaled.jpg\" alt=\"Direkt am Meer\" class=\"wp-image-11845\" srcset=\"https:\/\/www.guhalg.com\/wordpress\/wp-content\/uploads\/Reisen\/Curacao2015\/Niederlande\/2015-06-05%2020-25-02-scaled.jpg 2560w, https:\/\/www.guhalg.com\/wordpress\/wp-content\/uploads\/Reisen\/Curacao2015\/Niederlande\/2015-06-05%2020-25-02-300x169.jpg 300w, https:\/\/www.guhalg.com\/wordpress\/wp-content\/uploads\/Reisen\/Curacao2015\/Niederlande\/2015-06-05%2020-25-02-1024x576.jpg 1024w, https:\/\/www.guhalg.com\/wordpress\/wp-content\/uploads\/Reisen\/Curacao2015\/Niederlande\/2015-06-05%2020-25-02-768x432.jpg 768w, https:\/\/www.guhalg.com\/wordpress\/wp-content\/uploads\/Reisen\/Curacao2015\/Niederlande\/2015-06-05%2020-25-02-1536x864.jpg 1536w, https:\/\/www.guhalg.com\/wordpress\/wp-content\/uploads\/Reisen\/Curacao2015\/Niederlande\/2015-06-05%2020-25-02-2048x1152.jpg 2048w\" sizes=\"auto, (max-width: 2560px) 100vw, 2560px\" \/><\/figure>\n\n\n\n<figure class=\"wp-block-image size-full\"><img loading=\"lazy\" decoding=\"async\" width=\"2560\" height=\"1438\" data-id=\"11844\" src=\"https:\/\/www.guhalg.com\/wordpress\/wp-content\/uploads\/Reisen\/Curacao2015\/Niederlande\/2015-06-05 19-42-12-scaled.jpg\" alt=\"Cocktail\" class=\"wp-image-11844\" srcset=\"https:\/\/www.guhalg.com\/wordpress\/wp-content\/uploads\/Reisen\/Curacao2015\/Niederlande\/2015-06-05%2019-42-12-scaled.jpg 2560w, https:\/\/www.guhalg.com\/wordpress\/wp-content\/uploads\/Reisen\/Curacao2015\/Niederlande\/2015-06-05%2019-42-12-300x169.jpg 300w, https:\/\/www.guhalg.com\/wordpress\/wp-content\/uploads\/Reisen\/Curacao2015\/Niederlande\/2015-06-05%2019-42-12-1024x575.jpg 1024w, https:\/\/www.guhalg.com\/wordpress\/wp-content\/uploads\/Reisen\/Curacao2015\/Niederlande\/2015-06-05%2019-42-12-768x432.jpg 768w, https:\/\/www.guhalg.com\/wordpress\/wp-content\/uploads\/Reisen\/Curacao2015\/Niederlande\/2015-06-05%2019-42-12-1536x863.jpg 1536w, https:\/\/www.guhalg.com\/wordpress\/wp-content\/uploads\/Reisen\/Curacao2015\/Niederlande\/2015-06-05%2019-42-12-2048x1151.jpg 2048w\" sizes=\"auto, (max-width: 2560px) 100vw, 2560px\" \/><\/figure>\n<\/figure>\n\n\n\n<p>Meist haben wir uns aber etwas in unserer Ferienwohnung selber zum Essen zubereitet und auf der Terrasse den Sonnenuntergang genossen. Dabei gab es auch das Absackerbier nach dem Tauchen. WIr haben wirklich so jedes erh\u00e4ltliche Bier auf Cura\u00e7ao gekauft &#8211; aher so richtig hat uns keines der Flaschenbiere gescheckt.<\/p>\n\n\n\n<figure class=\"wp-block-image size-full\"><a href=\"https:\/\/www.guhalg.com\/wordpress\/wp-content\/uploads\/Reisen\/Curacao2015\/Niederlande\/2015-06-07 19-00-28-scaled.jpg\"><img loading=\"lazy\" decoding=\"async\" width=\"2560\" height=\"1438\" src=\"https:\/\/www.guhalg.com\/wordpress\/wp-content\/uploads\/Reisen\/Curacao2015\/Niederlande\/2015-06-07 19-00-28-scaled.jpg\" alt=\"Iguana im Sonnenuntergang\" class=\"wp-image-11851\" srcset=\"https:\/\/www.guhalg.com\/wordpress\/wp-content\/uploads\/Reisen\/Curacao2015\/Niederlande\/2015-06-07%2019-00-28-scaled.jpg 2560w, https:\/\/www.guhalg.com\/wordpress\/wp-content\/uploads\/Reisen\/Curacao2015\/Niederlande\/2015-06-07%2019-00-28-300x169.jpg 300w, https:\/\/www.guhalg.com\/wordpress\/wp-content\/uploads\/Reisen\/Curacao2015\/Niederlande\/2015-06-07%2019-00-28-1024x575.jpg 1024w, https:\/\/www.guhalg.com\/wordpress\/wp-content\/uploads\/Reisen\/Curacao2015\/Niederlande\/2015-06-07%2019-00-28-768x432.jpg 768w, https:\/\/www.guhalg.com\/wordpress\/wp-content\/uploads\/Reisen\/Curacao2015\/Niederlande\/2015-06-07%2019-00-28-1536x863.jpg 1536w, https:\/\/www.guhalg.com\/wordpress\/wp-content\/uploads\/Reisen\/Curacao2015\/Niederlande\/2015-06-07%2019-00-28-2048x1151.jpg 2048w\" sizes=\"auto, (max-width: 2560px) 100vw, 2560px\" \/><\/a><\/figure>\n\n\n\n<p>Oft wurden wir zum Fr\u00fchst\u00fcck und Abendbrot von den <a href=\"https:\/\/de.wikipedia.org\/wiki\/Gr%C3%BCner_Leguan\" data-type=\"link\" data-id=\"https:\/\/de.wikipedia.org\/wiki\/Gr%C3%BCner_Leguan\">Iguanas <\/a>(Gr\u00fcner Leguan) beobachtet. Sie warteten auf eine F\u00fctterung oder zumindest das etwas herunterf\u00e4llt. Dabei wurden sie immer aufdringlicher und fingen auch an mit dem Kopf zu wippen. Wir haben dann erfahren, dass dieses ein Zeichen von Territorial Gehabe ist. Da haben wir dann auch mal mit unseren K\u00f6pfen gewippt. Ob es am Wippen oder vielleicht doch eher am Kusch-Kusch lag, sie blieben danach immerhin wieder etwas mehr auf Abstand.<\/p>\n\n\n\n<div class=\"wp-block-columns is-layout-flex wp-container-core-columns-is-layout-9d6595d7 wp-block-columns-is-layout-flex\">\n<div class=\"wp-block-column is-layout-flow wp-block-column-is-layout-flow\">\n<div class=\"wp-block-buttons is-layout-flex wp-block-buttons-is-layout-flex\">\n<div class=\"wp-block-button\"><a class=\"wp-block-button__link wp-element-button\" href=\"https:\/\/www.guhalg.com\/wordpress\/?page_id=11767\">Cura\u00e7ao, das Landesinnere<\/a><\/div>\n<\/div>\n<\/div>\n\n\n\n<div class=\"wp-block-column is-layout-flow wp-block-column-is-layout-flow\">\n<div class=\"wp-block-buttons is-content-justification-right is-layout-flex wp-container-core-buttons-is-layout-765c4724 wp-block-buttons-is-layout-flex\">\n<div class=\"wp-block-button\"><a class=\"wp-block-button__link wp-element-button\" href=\"https:\/\/www.guhalg.com\/wordpress\/?page_id=11858\">Der Papagei<\/a><\/div>\n<\/div>\n<\/div>\n<\/div>\n","protected":false},"excerpt":{"rendered":"<p>Sobald man sich in die N\u00e4he der Hauptstadt Willemstad begibt, erscheinen die H\u00e4user bunt in den Farben blau und gelb. Hier zeigt sich die Zugeh\u00f6rigkeit von Cura\u00e7ao zu den Niederlanden. Es sind aber nicht nur die Farben, auch wirkt das&hellip; <\/p>\n","protected":false},"author":1,"featured_media":0,"parent":11660,"menu_order":4,"comment_status":"closed","ping_status":"closed","template":"","meta":{"footnotes":""},"class_list":["post-11810","page","type-page","status-publish","hentry"],"_links":{"self":[{"href":"https:\/\/www.guhalg.com\/wordpress\/index.php?rest_route=\/wp\/v2\/pages\/11810","targetHints":{"allow":["GET"]}}],"collection":[{"href":"https:\/\/www.guhalg.com\/wordpress\/index.php?rest_route=\/wp\/v2\/pages"}],"about":[{"href":"https:\/\/www.guhalg.com\/wordpress\/index.php?rest_route=\/wp\/v2\/types\/page"}],"author":[{"embeddable":true,"href":"https:\/\/www.guhalg.com\/wordpress\/index.php?rest_route=\/wp\/v2\/users\/1"}],"replies":[{"embeddable":true,"href":"https:\/\/www.guhalg.com\/wordpress\/index.php?rest_route=%2Fwp%2Fv2%2Fcomments&post=11810"}],"version-history":[{"count":20,"href":"https:\/\/www.guhalg.com\/wordpress\/index.php?rest_route=\/wp\/v2\/pages\/11810\/revisions"}],"predecessor-version":[{"id":11977,"href":"https:\/\/www.guhalg.com\/wordpress\/index.php?rest_route=\/wp\/v2\/pages\/11810\/revisions\/11977"}],"up":[{"embeddable":true,"href":"https:\/\/www.guhalg.com\/wordpress\/index.php?rest_route=\/wp\/v2\/pages\/11660"}],"wp:attachment":[{"href":"https:\/\/www.guhalg.com\/wordpress\/index.php?rest_route=%2Fwp%2Fv2%2Fmedia&parent=11810"}],"curies":[{"name":"wp","href":"https:\/\/api.w.org\/{rel}","templated":true}]}}