{"id":11858,"date":"2025-01-05T14:57:36","date_gmt":"2025-01-05T13:57:36","guid":{"rendered":"https:\/\/www.guhalg.com\/wordpress\/?page_id=11858"},"modified":"2025-01-05T15:47:38","modified_gmt":"2025-01-05T14:47:38","slug":"curacao-der-papagei","status":"publish","type":"page","link":"https:\/\/www.guhalg.com\/wordpress\/?page_id=11858","title":{"rendered":"Cura\u00e7ao, der Papagei"},"content":{"rendered":"\n<p>Wer sich jetzt wundert, das wir eine eigene Seite f\u00fcr einen Papageien haben &#8211; dieses Tier war etwas Besonderes.<\/p>\n\n\n\n<p>Die Bungalows lagen alle in einer kleinen Anlage und waren durch ein gro\u00dfes Tor (mit Fernbedienung) von der Stra\u00dfe getrennt. Direkt neben dem Parkplatz auf dem Weg zu den Unterk\u00fcnften stand ein Baum mit gro\u00dfem K\u00e4fig und immer offener T\u00fcr. Dort wohnte ein Papagei, ein <a href=\"https:\/\/de.wikipedia.org\/wiki\/Gelbbrustara\" data-type=\"link\" data-id=\"https:\/\/de.wikipedia.org\/wiki\/Gelbbrustara\">Gelbbrustara<\/a>. Der Vogel war urspr\u00fcnglich mal in Urlaubspension abgegeben, dann aber nicht wieder nach Hause geholt worden.<\/p>\n\n\n\n<div class=\"wp-block-columns is-layout-flex wp-container-core-columns-is-layout-9d6595d7 wp-block-columns-is-layout-flex\">\n<div class=\"wp-block-column is-layout-flow wp-block-column-is-layout-flow\">\n<figure class=\"wp-block-image size-full\"><a href=\"https:\/\/www.guhalg.com\/wordpress\/wp-content\/uploads\/Reisen\/Curacao2015\/Papagei\/2015-06-08 12-35-02-scaled.jpg\"><img loading=\"lazy\" decoding=\"async\" width=\"2560\" height=\"1438\" src=\"https:\/\/www.guhalg.com\/wordpress\/wp-content\/uploads\/Reisen\/Curacao2015\/Papagei\/2015-06-08 12-35-02-scaled.jpg\" alt=\"Der K\u00e4fig\" class=\"wp-image-11873\" srcset=\"https:\/\/www.guhalg.com\/wordpress\/wp-content\/uploads\/Reisen\/Curacao2015\/Papagei\/2015-06-08%2012-35-02-scaled.jpg 2560w, https:\/\/www.guhalg.com\/wordpress\/wp-content\/uploads\/Reisen\/Curacao2015\/Papagei\/2015-06-08%2012-35-02-300x169.jpg 300w, https:\/\/www.guhalg.com\/wordpress\/wp-content\/uploads\/Reisen\/Curacao2015\/Papagei\/2015-06-08%2012-35-02-1024x575.jpg 1024w, https:\/\/www.guhalg.com\/wordpress\/wp-content\/uploads\/Reisen\/Curacao2015\/Papagei\/2015-06-08%2012-35-02-768x432.jpg 768w, https:\/\/www.guhalg.com\/wordpress\/wp-content\/uploads\/Reisen\/Curacao2015\/Papagei\/2015-06-08%2012-35-02-1536x863.jpg 1536w, https:\/\/www.guhalg.com\/wordpress\/wp-content\/uploads\/Reisen\/Curacao2015\/Papagei\/2015-06-08%2012-35-02-2048x1151.jpg 2048w\" sizes=\"auto, (max-width: 2560px) 100vw, 2560px\" \/><\/a><\/figure>\n<\/div>\n\n\n\n<div class=\"wp-block-column is-layout-flow wp-block-column-is-layout-flow\">\n<figure class=\"wp-block-image size-full\"><a href=\"https:\/\/www.guhalg.com\/wordpress\/wp-content\/uploads\/Reisen\/Curacao2015\/Papagei\/2015-06-08 12-37-35-scaled.jpg\"><img loading=\"lazy\" decoding=\"async\" width=\"2560\" height=\"1438\" src=\"https:\/\/www.guhalg.com\/wordpress\/wp-content\/uploads\/Reisen\/Curacao2015\/Papagei\/2015-06-08 12-37-35-scaled.jpg\" alt=\"Der Papagei\" class=\"wp-image-11874\" srcset=\"https:\/\/www.guhalg.com\/wordpress\/wp-content\/uploads\/Reisen\/Curacao2015\/Papagei\/2015-06-08%2012-37-35-scaled.jpg 2560w, https:\/\/www.guhalg.com\/wordpress\/wp-content\/uploads\/Reisen\/Curacao2015\/Papagei\/2015-06-08%2012-37-35-300x169.jpg 300w, https:\/\/www.guhalg.com\/wordpress\/wp-content\/uploads\/Reisen\/Curacao2015\/Papagei\/2015-06-08%2012-37-35-1024x575.jpg 1024w, https:\/\/www.guhalg.com\/wordpress\/wp-content\/uploads\/Reisen\/Curacao2015\/Papagei\/2015-06-08%2012-37-35-768x432.jpg 768w, https:\/\/www.guhalg.com\/wordpress\/wp-content\/uploads\/Reisen\/Curacao2015\/Papagei\/2015-06-08%2012-37-35-1536x863.jpg 1536w, https:\/\/www.guhalg.com\/wordpress\/wp-content\/uploads\/Reisen\/Curacao2015\/Papagei\/2015-06-08%2012-37-35-2048x1151.jpg 2048w\" sizes=\"auto, (max-width: 2560px) 100vw, 2560px\" \/><\/a><\/figure>\n<\/div>\n<\/div>\n\n\n\n<p>Leider hatte sich der Papagei die gesamten Brustfedern wegen Vereinsamung und sozialer Armut ausgerissen. Am Anfang hatten wir einen gewaltigen Respekt vor dem gro\u00dfen Tier, insbesondere, da er manchmal die Pupillen wie pulsierend vergr\u00f6\u00dferte und verkleinerte. Das geschah meist, wenn wir ihn angesprochen haben. Eine Mitarbeiterin aus dem Office meinte, das macht er immer, wenn er sich freut.<\/p>\n\n\n\n<p>Wir haben dann jeden Tag nach dem Tauchen einen kleinen Stopp eingelegt, den Vogel mit einem &#8218;Hallo&#8216; begr\u00fc\u00dft und ihm etwas erz\u00e4hlt. Mit einem Mal streckte er uns einen Fu\u00df entgegen, so als Zeichen er m\u00f6chte zu einem von uns auf den Arm. Und ja, er wollte auf die Schulter.<\/p>\n\n\n\n<div class=\"wp-block-columns is-layout-flex wp-container-core-columns-is-layout-9d6595d7 wp-block-columns-is-layout-flex\">\n<div class=\"wp-block-column is-layout-flow wp-block-column-is-layout-flow\">\n<figure class=\"wp-block-image size-full\"><a href=\"https:\/\/www.guhalg.com\/wordpress\/wp-content\/uploads\/Reisen\/Curacao2015\/Papagei\/2015-06-08 12-22-24-scaled.jpg\"><img loading=\"lazy\" decoding=\"async\" width=\"2560\" height=\"1438\" src=\"https:\/\/www.guhalg.com\/wordpress\/wp-content\/uploads\/Reisen\/Curacao2015\/Papagei\/2015-06-08 12-22-24-scaled.jpg\" alt=\"Auf der Schulter bei Horst\" class=\"wp-image-11867\" srcset=\"https:\/\/www.guhalg.com\/wordpress\/wp-content\/uploads\/Reisen\/Curacao2015\/Papagei\/2015-06-08%2012-22-24-scaled.jpg 2560w, https:\/\/www.guhalg.com\/wordpress\/wp-content\/uploads\/Reisen\/Curacao2015\/Papagei\/2015-06-08%2012-22-24-300x169.jpg 300w, https:\/\/www.guhalg.com\/wordpress\/wp-content\/uploads\/Reisen\/Curacao2015\/Papagei\/2015-06-08%2012-22-24-1024x575.jpg 1024w, https:\/\/www.guhalg.com\/wordpress\/wp-content\/uploads\/Reisen\/Curacao2015\/Papagei\/2015-06-08%2012-22-24-768x432.jpg 768w, https:\/\/www.guhalg.com\/wordpress\/wp-content\/uploads\/Reisen\/Curacao2015\/Papagei\/2015-06-08%2012-22-24-1536x863.jpg 1536w, https:\/\/www.guhalg.com\/wordpress\/wp-content\/uploads\/Reisen\/Curacao2015\/Papagei\/2015-06-08%2012-22-24-2048x1151.jpg 2048w\" sizes=\"auto, (max-width: 2560px) 100vw, 2560px\" \/><\/a><\/figure>\n<\/div>\n\n\n\n<div class=\"wp-block-column is-layout-flow wp-block-column-is-layout-flow\">\n<figure class=\"wp-block-image size-full\"><a href=\"https:\/\/www.guhalg.com\/wordpress\/wp-content\/uploads\/Reisen\/Curacao2015\/Papagei\/2015-06-08 12-33-17-scaled.jpg\"><img loading=\"lazy\" decoding=\"async\" width=\"2560\" height=\"1438\" src=\"https:\/\/www.guhalg.com\/wordpress\/wp-content\/uploads\/Reisen\/Curacao2015\/Papagei\/2015-06-08 12-33-17-scaled.jpg\" alt=\"Auf der Schulter bei Chrischi\" class=\"wp-image-11872\" srcset=\"https:\/\/www.guhalg.com\/wordpress\/wp-content\/uploads\/Reisen\/Curacao2015\/Papagei\/2015-06-08%2012-33-17-scaled.jpg 2560w, https:\/\/www.guhalg.com\/wordpress\/wp-content\/uploads\/Reisen\/Curacao2015\/Papagei\/2015-06-08%2012-33-17-300x169.jpg 300w, https:\/\/www.guhalg.com\/wordpress\/wp-content\/uploads\/Reisen\/Curacao2015\/Papagei\/2015-06-08%2012-33-17-1024x575.jpg 1024w, https:\/\/www.guhalg.com\/wordpress\/wp-content\/uploads\/Reisen\/Curacao2015\/Papagei\/2015-06-08%2012-33-17-768x432.jpg 768w, https:\/\/www.guhalg.com\/wordpress\/wp-content\/uploads\/Reisen\/Curacao2015\/Papagei\/2015-06-08%2012-33-17-1536x863.jpg 1536w, https:\/\/www.guhalg.com\/wordpress\/wp-content\/uploads\/Reisen\/Curacao2015\/Papagei\/2015-06-08%2012-33-17-2048x1151.jpg 2048w\" sizes=\"auto, (max-width: 2560px) 100vw, 2560px\" \/><\/a><\/figure>\n<\/div>\n<\/div>\n\n\n\n<p>Also haben wir ihn dann mit in den Bungalow genommen. W\u00e4hrend einer zum Beispiel das Logbuch schrieb oder sich um das Essen k\u00fcmmerte, hat der andere sich mit dem Vogel besch\u00e4ftigt.<\/p>\n\n\n\n<div class=\"wp-block-columns is-layout-flex wp-container-core-columns-is-layout-9d6595d7 wp-block-columns-is-layout-flex\">\n<div class=\"wp-block-column is-layout-flow wp-block-column-is-layout-flow\">\n<figure class=\"wp-block-image size-full\"><a href=\"https:\/\/www.guhalg.com\/wordpress\/wp-content\/uploads\/Reisen\/Curacao2015\/Papagei\/2015-06-08 12-23-11-scaled.jpg\"><img loading=\"lazy\" decoding=\"async\" width=\"2560\" height=\"1438\" src=\"https:\/\/www.guhalg.com\/wordpress\/wp-content\/uploads\/Reisen\/Curacao2015\/Papagei\/2015-06-08 12-23-11-scaled.jpg\" alt=\"Eine kleine Ansprache\" class=\"wp-image-11868\" srcset=\"https:\/\/www.guhalg.com\/wordpress\/wp-content\/uploads\/Reisen\/Curacao2015\/Papagei\/2015-06-08%2012-23-11-scaled.jpg 2560w, https:\/\/www.guhalg.com\/wordpress\/wp-content\/uploads\/Reisen\/Curacao2015\/Papagei\/2015-06-08%2012-23-11-300x169.jpg 300w, https:\/\/www.guhalg.com\/wordpress\/wp-content\/uploads\/Reisen\/Curacao2015\/Papagei\/2015-06-08%2012-23-11-1024x575.jpg 1024w, https:\/\/www.guhalg.com\/wordpress\/wp-content\/uploads\/Reisen\/Curacao2015\/Papagei\/2015-06-08%2012-23-11-768x432.jpg 768w, https:\/\/www.guhalg.com\/wordpress\/wp-content\/uploads\/Reisen\/Curacao2015\/Papagei\/2015-06-08%2012-23-11-1536x863.jpg 1536w, https:\/\/www.guhalg.com\/wordpress\/wp-content\/uploads\/Reisen\/Curacao2015\/Papagei\/2015-06-08%2012-23-11-2048x1151.jpg 2048w\" sizes=\"auto, (max-width: 2560px) 100vw, 2560px\" \/><\/a><\/figure>\n<\/div>\n\n\n\n<div class=\"wp-block-column is-layout-flow wp-block-column-is-layout-flow\">\n<figure class=\"wp-block-image size-full\"><a href=\"https:\/\/www.guhalg.com\/wordpress\/wp-content\/uploads\/Reisen\/Curacao2015\/Papagei\/2015-06-08 12-25-59-scaled.jpg\"><img loading=\"lazy\" decoding=\"async\" width=\"2560\" height=\"1438\" src=\"https:\/\/www.guhalg.com\/wordpress\/wp-content\/uploads\/Reisen\/Curacao2015\/Papagei\/2015-06-08 12-25-59-scaled.jpg\" alt=\"Haare zupfen\" class=\"wp-image-11870\" srcset=\"https:\/\/www.guhalg.com\/wordpress\/wp-content\/uploads\/Reisen\/Curacao2015\/Papagei\/2015-06-08%2012-25-59-scaled.jpg 2560w, https:\/\/www.guhalg.com\/wordpress\/wp-content\/uploads\/Reisen\/Curacao2015\/Papagei\/2015-06-08%2012-25-59-300x169.jpg 300w, https:\/\/www.guhalg.com\/wordpress\/wp-content\/uploads\/Reisen\/Curacao2015\/Papagei\/2015-06-08%2012-25-59-1024x575.jpg 1024w, https:\/\/www.guhalg.com\/wordpress\/wp-content\/uploads\/Reisen\/Curacao2015\/Papagei\/2015-06-08%2012-25-59-768x432.jpg 768w, https:\/\/www.guhalg.com\/wordpress\/wp-content\/uploads\/Reisen\/Curacao2015\/Papagei\/2015-06-08%2012-25-59-1536x863.jpg 1536w, https:\/\/www.guhalg.com\/wordpress\/wp-content\/uploads\/Reisen\/Curacao2015\/Papagei\/2015-06-08%2012-25-59-2048x1151.jpg 2048w\" sizes=\"auto, (max-width: 2560px) 100vw, 2560px\" \/><\/a><\/figure>\n<\/div>\n<\/div>\n\n\n\n<p>Speziell das Teilen unserer Erdn\u00fcsse hat der Vogel sehr genossen. Er sa\u00df dann auch bei uns auf dem Scho\u00df und hat seine Gefiederpflege dort betrieben. Dabei ist uns der H\u00fchnchengeruch am Papagei aufgefallen &#8211; ja, der Vogel roch nach H\u00fchnchen.<\/p>\n\n\n\n<div class=\"wp-block-columns is-layout-flex wp-container-core-columns-is-layout-9d6595d7 wp-block-columns-is-layout-flex\">\n<div class=\"wp-block-column is-layout-flow wp-block-column-is-layout-flow\">\n<figure class=\"wp-block-image size-full\"><a href=\"https:\/\/www.guhalg.com\/wordpress\/wp-content\/uploads\/Reisen\/Curacao2015\/Papagei\/2015-06-08 12-27-26-scaled.jpg\"><img loading=\"lazy\" decoding=\"async\" width=\"2560\" height=\"1438\" src=\"https:\/\/www.guhalg.com\/wordpress\/wp-content\/uploads\/Reisen\/Curacao2015\/Papagei\/2015-06-08 12-27-26-scaled.jpg\" alt=\"Erdn\u00fcsse\" class=\"wp-image-11871\" srcset=\"https:\/\/www.guhalg.com\/wordpress\/wp-content\/uploads\/Reisen\/Curacao2015\/Papagei\/2015-06-08%2012-27-26-scaled.jpg 2560w, https:\/\/www.guhalg.com\/wordpress\/wp-content\/uploads\/Reisen\/Curacao2015\/Papagei\/2015-06-08%2012-27-26-300x169.jpg 300w, https:\/\/www.guhalg.com\/wordpress\/wp-content\/uploads\/Reisen\/Curacao2015\/Papagei\/2015-06-08%2012-27-26-1024x575.jpg 1024w, https:\/\/www.guhalg.com\/wordpress\/wp-content\/uploads\/Reisen\/Curacao2015\/Papagei\/2015-06-08%2012-27-26-768x432.jpg 768w, https:\/\/www.guhalg.com\/wordpress\/wp-content\/uploads\/Reisen\/Curacao2015\/Papagei\/2015-06-08%2012-27-26-1536x863.jpg 1536w, https:\/\/www.guhalg.com\/wordpress\/wp-content\/uploads\/Reisen\/Curacao2015\/Papagei\/2015-06-08%2012-27-26-2048x1151.jpg 2048w\" sizes=\"auto, (max-width: 2560px) 100vw, 2560px\" \/><\/a><\/figure>\n<\/div>\n\n\n\n<div class=\"wp-block-column is-layout-flow wp-block-column-is-layout-flow\">\n<figure class=\"wp-block-image size-full\"><a href=\"https:\/\/www.guhalg.com\/wordpress\/wp-content\/uploads\/Reisen\/Curacao2015\/Papagei\/2015-06-08 12-25-35-scaled.jpg\"><img loading=\"lazy\" decoding=\"async\" width=\"2560\" height=\"1438\" src=\"https:\/\/www.guhalg.com\/wordpress\/wp-content\/uploads\/Reisen\/Curacao2015\/Papagei\/2015-06-08 12-25-35-scaled.jpg\" alt=\"Freude\" class=\"wp-image-11869\" srcset=\"https:\/\/www.guhalg.com\/wordpress\/wp-content\/uploads\/Reisen\/Curacao2015\/Papagei\/2015-06-08%2012-25-35-scaled.jpg 2560w, https:\/\/www.guhalg.com\/wordpress\/wp-content\/uploads\/Reisen\/Curacao2015\/Papagei\/2015-06-08%2012-25-35-300x169.jpg 300w, https:\/\/www.guhalg.com\/wordpress\/wp-content\/uploads\/Reisen\/Curacao2015\/Papagei\/2015-06-08%2012-25-35-1024x575.jpg 1024w, https:\/\/www.guhalg.com\/wordpress\/wp-content\/uploads\/Reisen\/Curacao2015\/Papagei\/2015-06-08%2012-25-35-768x432.jpg 768w, https:\/\/www.guhalg.com\/wordpress\/wp-content\/uploads\/Reisen\/Curacao2015\/Papagei\/2015-06-08%2012-25-35-1536x863.jpg 1536w, https:\/\/www.guhalg.com\/wordpress\/wp-content\/uploads\/Reisen\/Curacao2015\/Papagei\/2015-06-08%2012-25-35-2048x1151.jpg 2048w\" sizes=\"auto, (max-width: 2560px) 100vw, 2560px\" \/><\/a><\/figure>\n<\/div>\n<\/div>\n\n\n\n<p>Einen Nachmittag war der Vogel nicht da bzw. wir haben ihn nicht gesehen und sind ohne ihn weiter zum Bungalow gegangen. Da gab es aber ein ganz lautes &#8218;Hallo&#8216; vom Baum und der Vogel kletterte schnell aus dem Baumwipfel herab zu seinem K\u00e4fig und von dort gleich weiter auf die Schulter. Das war schon ein besonders Erlebnis.<\/p>\n\n\n\n<div class=\"wp-block-columns is-layout-flex wp-container-core-columns-is-layout-9d6595d7 wp-block-columns-is-layout-flex\">\n<div class=\"wp-block-column is-layout-flow wp-block-column-is-layout-flow\">\n<div class=\"wp-block-buttons is-layout-flex wp-block-buttons-is-layout-flex\">\n<div class=\"wp-block-button\"><a class=\"wp-block-button__link wp-element-button\" href=\"https:\/\/www.guhalg.com\/wordpress\/?page_id=11810\">Cura\u00e7ao und die Niederlande<\/a><\/div>\n<\/div>\n<\/div>\n\n\n\n<div class=\"wp-block-column is-layout-flow wp-block-column-is-layout-flow\">\n<div class=\"wp-block-buttons is-content-justification-right is-layout-flex wp-container-core-buttons-is-layout-765c4724 wp-block-buttons-is-layout-flex\">\n<div class=\"wp-block-button\"><a class=\"wp-block-button__link wp-element-button\" href=\"https:\/\/www.guhalg.com\/wordpress\/?page_id=11889\">Das Tauchen<\/a><\/div>\n<\/div>\n<\/div>\n<\/div>\n","protected":false},"excerpt":{"rendered":"<p>Wer sich jetzt wundert, das wir eine eigene Seite f\u00fcr einen Papageien haben &#8211; dieses Tier war etwas Besonderes. Die Bungalows lagen alle in einer kleinen Anlage und waren durch ein gro\u00dfes Tor (mit Fernbedienung) von der Stra\u00dfe getrennt. Direkt&hellip; <\/p>\n","protected":false},"author":1,"featured_media":0,"parent":11660,"menu_order":5,"comment_status":"closed","ping_status":"closed","template":"","meta":{"footnotes":""},"class_list":["post-11858","page","type-page","status-publish","hentry"],"_links":{"self":[{"href":"https:\/\/www.guhalg.com\/wordpress\/index.php?rest_route=\/wp\/v2\/pages\/11858","targetHints":{"allow":["GET"]}}],"collection":[{"href":"https:\/\/www.guhalg.com\/wordpress\/index.php?rest_route=\/wp\/v2\/pages"}],"about":[{"href":"https:\/\/www.guhalg.com\/wordpress\/index.php?rest_route=\/wp\/v2\/types\/page"}],"author":[{"embeddable":true,"href":"https:\/\/www.guhalg.com\/wordpress\/index.php?rest_route=\/wp\/v2\/users\/1"}],"replies":[{"embeddable":true,"href":"https:\/\/www.guhalg.com\/wordpress\/index.php?rest_route=%2Fwp%2Fv2%2Fcomments&post=11858"}],"version-history":[{"count":14,"href":"https:\/\/www.guhalg.com\/wordpress\/index.php?rest_route=\/wp\/v2\/pages\/11858\/revisions"}],"predecessor-version":[{"id":11891,"href":"https:\/\/www.guhalg.com\/wordpress\/index.php?rest_route=\/wp\/v2\/pages\/11858\/revisions\/11891"}],"up":[{"embeddable":true,"href":"https:\/\/www.guhalg.com\/wordpress\/index.php?rest_route=\/wp\/v2\/pages\/11660"}],"wp:attachment":[{"href":"https:\/\/www.guhalg.com\/wordpress\/index.php?rest_route=%2Fwp%2Fv2%2Fmedia&parent=11858"}],"curies":[{"name":"wp","href":"https:\/\/api.w.org\/{rel}","templated":true}]}}