{"id":11889,"date":"2025-01-05T15:46:42","date_gmt":"2025-01-05T14:46:42","guid":{"rendered":"https:\/\/www.guhalg.com\/wordpress\/?page_id=11889"},"modified":"2025-01-05T17:21:48","modified_gmt":"2025-01-05T16:21:48","slug":"curacao-und-das-tauchen","status":"publish","type":"page","link":"https:\/\/www.guhalg.com\/wordpress\/?page_id=11889","title":{"rendered":"Cura\u00e7ao und das Tauchen"},"content":{"rendered":"\n<p>\u00c4hnlich wie auf Bonaire kann man auf Cura\u00e7ao ganz alleine Tauchen und ist nicht auf Tauchausfl\u00fcge angewiesen. Diese werden zwar auch angeboten, aber normalerweise leiht man sich die Flaschen und f\u00e4hrt dann zu dem ausgew\u00e4hlten Tauchplatz. Mit mehr als 70 Tauchpl\u00e4tzen gibt es davon genug. Steht also schon ein Pickup an einem Tauchplatz, f\u00e4hrt man einfach weiter. Allerdings kann das dann schonmal 1\/2 Stunde dauern. Es geht erst wieder zur\u00fcck zur Haupstra\u00dfe und von dort in die n\u00e4chste Abzweigung rein. Das Tauchen selber ist bei kristallklarem Wasser meist sehr einfach.<\/p>\n\n\n\n<p>Es gibt nat\u00fcrlich auch die M\u00f6glichkeit von Boots- und Str\u00f6mungstauchg\u00e4ngen. Da ist man aber wieder in einer Gruppe unterwegs und abh\u00e4ngig, was die Zeiten und die Organisation angeht. Auf der anderen Seite muss man sich die Tiere nicht selber suchen, sondern die Guides kennen nat\u00fcrlich ihre Tauchpl\u00e4tze und wissen, was man wo findet.<\/p>\n\n\n\n<p>Wir sind aber lieber f\u00fcr uns unterwegs gewesen und haben auch so das Meiste gesehen, inkl. kleiner Sp\u00e4\u00dfchen, die die Tauchbasen platziert haben. Zum Abschluss eines sehr entspannten und erholsamen Urlaubs hier noch einige Bilder und ein kleines Video.<\/p>\n\n\n\n<figure class=\"wp-block-gallery has-nested-images columns-default is-cropped wp-block-gallery-1 is-layout-flex wp-block-gallery-is-layout-flex\">\n<figure class=\"wp-block-image size-full\"><img loading=\"lazy\" decoding=\"async\" width=\"2560\" height=\"1441\" data-id=\"11899\" src=\"https:\/\/www.guhalg.com\/wordpress\/wp-content\/uploads\/Reisen\/Curacao2015\/Unterwasser\/2015-06-06 12-13-04-scaled.jpg\" alt=\"\" class=\"wp-image-11899\" srcset=\"https:\/\/www.guhalg.com\/wordpress\/wp-content\/uploads\/Reisen\/Curacao2015\/Unterwasser\/2015-06-06%2012-13-04-scaled.jpg 2560w, https:\/\/www.guhalg.com\/wordpress\/wp-content\/uploads\/Reisen\/Curacao2015\/Unterwasser\/2015-06-06%2012-13-04-300x169.jpg 300w, https:\/\/www.guhalg.com\/wordpress\/wp-content\/uploads\/Reisen\/Curacao2015\/Unterwasser\/2015-06-06%2012-13-04-1024x576.jpg 1024w, https:\/\/www.guhalg.com\/wordpress\/wp-content\/uploads\/Reisen\/Curacao2015\/Unterwasser\/2015-06-06%2012-13-04-768x432.jpg 768w, https:\/\/www.guhalg.com\/wordpress\/wp-content\/uploads\/Reisen\/Curacao2015\/Unterwasser\/2015-06-06%2012-13-04-1536x865.jpg 1536w, https:\/\/www.guhalg.com\/wordpress\/wp-content\/uploads\/Reisen\/Curacao2015\/Unterwasser\/2015-06-06%2012-13-04-2048x1153.jpg 2048w\" sizes=\"auto, (max-width: 2560px) 100vw, 2560px\" \/><\/figure>\n\n\n\n<figure class=\"wp-block-image size-full\"><img loading=\"lazy\" decoding=\"async\" width=\"2560\" height=\"1441\" data-id=\"11901\" src=\"https:\/\/www.guhalg.com\/wordpress\/wp-content\/uploads\/Reisen\/Curacao2015\/Unterwasser\/2015-06-06 12-36-34-scaled.jpg\" alt=\"\" class=\"wp-image-11901\" srcset=\"https:\/\/www.guhalg.com\/wordpress\/wp-content\/uploads\/Reisen\/Curacao2015\/Unterwasser\/2015-06-06%2012-36-34-scaled.jpg 2560w, https:\/\/www.guhalg.com\/wordpress\/wp-content\/uploads\/Reisen\/Curacao2015\/Unterwasser\/2015-06-06%2012-36-34-300x169.jpg 300w, https:\/\/www.guhalg.com\/wordpress\/wp-content\/uploads\/Reisen\/Curacao2015\/Unterwasser\/2015-06-06%2012-36-34-1024x576.jpg 1024w, https:\/\/www.guhalg.com\/wordpress\/wp-content\/uploads\/Reisen\/Curacao2015\/Unterwasser\/2015-06-06%2012-36-34-768x432.jpg 768w, https:\/\/www.guhalg.com\/wordpress\/wp-content\/uploads\/Reisen\/Curacao2015\/Unterwasser\/2015-06-06%2012-36-34-1536x865.jpg 1536w, https:\/\/www.guhalg.com\/wordpress\/wp-content\/uploads\/Reisen\/Curacao2015\/Unterwasser\/2015-06-06%2012-36-34-2048x1153.jpg 2048w\" sizes=\"auto, (max-width: 2560px) 100vw, 2560px\" \/><\/figure>\n\n\n\n<figure class=\"wp-block-image size-full\"><img loading=\"lazy\" decoding=\"async\" width=\"2560\" height=\"1441\" data-id=\"11900\" src=\"https:\/\/www.guhalg.com\/wordpress\/wp-content\/uploads\/Reisen\/Curacao2015\/Unterwasser\/2015-06-06 12-22-58-scaled.jpg\" alt=\"\" class=\"wp-image-11900\" srcset=\"https:\/\/www.guhalg.com\/wordpress\/wp-content\/uploads\/Reisen\/Curacao2015\/Unterwasser\/2015-06-06%2012-22-58-scaled.jpg 2560w, https:\/\/www.guhalg.com\/wordpress\/wp-content\/uploads\/Reisen\/Curacao2015\/Unterwasser\/2015-06-06%2012-22-58-300x169.jpg 300w, https:\/\/www.guhalg.com\/wordpress\/wp-content\/uploads\/Reisen\/Curacao2015\/Unterwasser\/2015-06-06%2012-22-58-1024x576.jpg 1024w, https:\/\/www.guhalg.com\/wordpress\/wp-content\/uploads\/Reisen\/Curacao2015\/Unterwasser\/2015-06-06%2012-22-58-768x432.jpg 768w, https:\/\/www.guhalg.com\/wordpress\/wp-content\/uploads\/Reisen\/Curacao2015\/Unterwasser\/2015-06-06%2012-22-58-1536x865.jpg 1536w, https:\/\/www.guhalg.com\/wordpress\/wp-content\/uploads\/Reisen\/Curacao2015\/Unterwasser\/2015-06-06%2012-22-58-2048x1153.jpg 2048w\" sizes=\"auto, (max-width: 2560px) 100vw, 2560px\" \/><\/figure>\n\n\n\n<figure class=\"wp-block-image size-full\"><img loading=\"lazy\" decoding=\"async\" width=\"2560\" height=\"1441\" data-id=\"11894\" src=\"https:\/\/www.guhalg.com\/wordpress\/wp-content\/uploads\/Reisen\/Curacao2015\/Unterwasser\/2015-05-31 15-53-47-scaled.jpg\" alt=\"\" class=\"wp-image-11894\" srcset=\"https:\/\/www.guhalg.com\/wordpress\/wp-content\/uploads\/Reisen\/Curacao2015\/Unterwasser\/2015-05-31%2015-53-47-scaled.jpg 2560w, https:\/\/www.guhalg.com\/wordpress\/wp-content\/uploads\/Reisen\/Curacao2015\/Unterwasser\/2015-05-31%2015-53-47-300x169.jpg 300w, https:\/\/www.guhalg.com\/wordpress\/wp-content\/uploads\/Reisen\/Curacao2015\/Unterwasser\/2015-05-31%2015-53-47-1024x576.jpg 1024w, https:\/\/www.guhalg.com\/wordpress\/wp-content\/uploads\/Reisen\/Curacao2015\/Unterwasser\/2015-05-31%2015-53-47-768x432.jpg 768w, https:\/\/www.guhalg.com\/wordpress\/wp-content\/uploads\/Reisen\/Curacao2015\/Unterwasser\/2015-05-31%2015-53-47-1536x865.jpg 1536w, https:\/\/www.guhalg.com\/wordpress\/wp-content\/uploads\/Reisen\/Curacao2015\/Unterwasser\/2015-05-31%2015-53-47-2048x1153.jpg 2048w\" sizes=\"auto, (max-width: 2560px) 100vw, 2560px\" \/><\/figure>\n\n\n\n<figure class=\"wp-block-image size-full\"><img loading=\"lazy\" decoding=\"async\" width=\"2560\" height=\"1441\" data-id=\"11895\" src=\"https:\/\/www.guhalg.com\/wordpress\/wp-content\/uploads\/Reisen\/Curacao2015\/Unterwasser\/2015-06-01 13-06-02-scaled.jpg\" alt=\"\" class=\"wp-image-11895\" srcset=\"https:\/\/www.guhalg.com\/wordpress\/wp-content\/uploads\/Reisen\/Curacao2015\/Unterwasser\/2015-06-01%2013-06-02-scaled.jpg 2560w, https:\/\/www.guhalg.com\/wordpress\/wp-content\/uploads\/Reisen\/Curacao2015\/Unterwasser\/2015-06-01%2013-06-02-300x169.jpg 300w, https:\/\/www.guhalg.com\/wordpress\/wp-content\/uploads\/Reisen\/Curacao2015\/Unterwasser\/2015-06-01%2013-06-02-1024x576.jpg 1024w, https:\/\/www.guhalg.com\/wordpress\/wp-content\/uploads\/Reisen\/Curacao2015\/Unterwasser\/2015-06-01%2013-06-02-768x432.jpg 768w, https:\/\/www.guhalg.com\/wordpress\/wp-content\/uploads\/Reisen\/Curacao2015\/Unterwasser\/2015-06-01%2013-06-02-1536x865.jpg 1536w, https:\/\/www.guhalg.com\/wordpress\/wp-content\/uploads\/Reisen\/Curacao2015\/Unterwasser\/2015-06-01%2013-06-02-2048x1153.jpg 2048w\" sizes=\"auto, (max-width: 2560px) 100vw, 2560px\" \/><\/figure>\n\n\n\n<figure class=\"wp-block-image size-full\"><img loading=\"lazy\" decoding=\"async\" width=\"2560\" height=\"1441\" data-id=\"11902\" src=\"https:\/\/www.guhalg.com\/wordpress\/wp-content\/uploads\/Reisen\/Curacao2015\/Unterwasser\/2015-06-06 12-55-46-scaled.jpg\" alt=\"\" class=\"wp-image-11902\" srcset=\"https:\/\/www.guhalg.com\/wordpress\/wp-content\/uploads\/Reisen\/Curacao2015\/Unterwasser\/2015-06-06%2012-55-46-scaled.jpg 2560w, https:\/\/www.guhalg.com\/wordpress\/wp-content\/uploads\/Reisen\/Curacao2015\/Unterwasser\/2015-06-06%2012-55-46-300x169.jpg 300w, https:\/\/www.guhalg.com\/wordpress\/wp-content\/uploads\/Reisen\/Curacao2015\/Unterwasser\/2015-06-06%2012-55-46-1024x576.jpg 1024w, https:\/\/www.guhalg.com\/wordpress\/wp-content\/uploads\/Reisen\/Curacao2015\/Unterwasser\/2015-06-06%2012-55-46-768x432.jpg 768w, https:\/\/www.guhalg.com\/wordpress\/wp-content\/uploads\/Reisen\/Curacao2015\/Unterwasser\/2015-06-06%2012-55-46-1536x865.jpg 1536w, https:\/\/www.guhalg.com\/wordpress\/wp-content\/uploads\/Reisen\/Curacao2015\/Unterwasser\/2015-06-06%2012-55-46-2048x1153.jpg 2048w\" sizes=\"auto, (max-width: 2560px) 100vw, 2560px\" \/><\/figure>\n\n\n\n<figure class=\"wp-block-image size-full\"><img loading=\"lazy\" decoding=\"async\" width=\"2560\" height=\"1441\" data-id=\"11896\" src=\"https:\/\/www.guhalg.com\/wordpress\/wp-content\/uploads\/Reisen\/Curacao2015\/Unterwasser\/2015-06-02 14-13-42-scaled.jpg\" alt=\"\" class=\"wp-image-11896\" srcset=\"https:\/\/www.guhalg.com\/wordpress\/wp-content\/uploads\/Reisen\/Curacao2015\/Unterwasser\/2015-06-02%2014-13-42-scaled.jpg 2560w, https:\/\/www.guhalg.com\/wordpress\/wp-content\/uploads\/Reisen\/Curacao2015\/Unterwasser\/2015-06-02%2014-13-42-300x169.jpg 300w, https:\/\/www.guhalg.com\/wordpress\/wp-content\/uploads\/Reisen\/Curacao2015\/Unterwasser\/2015-06-02%2014-13-42-1024x576.jpg 1024w, https:\/\/www.guhalg.com\/wordpress\/wp-content\/uploads\/Reisen\/Curacao2015\/Unterwasser\/2015-06-02%2014-13-42-768x432.jpg 768w, https:\/\/www.guhalg.com\/wordpress\/wp-content\/uploads\/Reisen\/Curacao2015\/Unterwasser\/2015-06-02%2014-13-42-1536x865.jpg 1536w, https:\/\/www.guhalg.com\/wordpress\/wp-content\/uploads\/Reisen\/Curacao2015\/Unterwasser\/2015-06-02%2014-13-42-2048x1153.jpg 2048w\" sizes=\"auto, (max-width: 2560px) 100vw, 2560px\" \/><\/figure>\n\n\n\n<figure class=\"wp-block-image size-full\"><img loading=\"lazy\" decoding=\"async\" width=\"2560\" height=\"1441\" data-id=\"11897\" src=\"https:\/\/www.guhalg.com\/wordpress\/wp-content\/uploads\/Reisen\/Curacao2015\/Unterwasser\/2015-06-03 16-13-01-scaled.jpg\" alt=\"\" class=\"wp-image-11897\" srcset=\"https:\/\/www.guhalg.com\/wordpress\/wp-content\/uploads\/Reisen\/Curacao2015\/Unterwasser\/2015-06-03%2016-13-01-scaled.jpg 2560w, https:\/\/www.guhalg.com\/wordpress\/wp-content\/uploads\/Reisen\/Curacao2015\/Unterwasser\/2015-06-03%2016-13-01-300x169.jpg 300w, https:\/\/www.guhalg.com\/wordpress\/wp-content\/uploads\/Reisen\/Curacao2015\/Unterwasser\/2015-06-03%2016-13-01-1024x576.jpg 1024w, https:\/\/www.guhalg.com\/wordpress\/wp-content\/uploads\/Reisen\/Curacao2015\/Unterwasser\/2015-06-03%2016-13-01-768x432.jpg 768w, https:\/\/www.guhalg.com\/wordpress\/wp-content\/uploads\/Reisen\/Curacao2015\/Unterwasser\/2015-06-03%2016-13-01-1536x865.jpg 1536w, https:\/\/www.guhalg.com\/wordpress\/wp-content\/uploads\/Reisen\/Curacao2015\/Unterwasser\/2015-06-03%2016-13-01-2048x1153.jpg 2048w\" sizes=\"auto, (max-width: 2560px) 100vw, 2560px\" \/><\/figure>\n\n\n\n<figure class=\"wp-block-image size-full\"><img loading=\"lazy\" decoding=\"async\" width=\"2560\" height=\"1441\" data-id=\"11903\" src=\"https:\/\/www.guhalg.com\/wordpress\/wp-content\/uploads\/Reisen\/Curacao2015\/Unterwasser\/P1100162-scaled.jpg\" alt=\"\" class=\"wp-image-11903\" srcset=\"https:\/\/www.guhalg.com\/wordpress\/wp-content\/uploads\/Reisen\/Curacao2015\/Unterwasser\/P1100162-scaled.jpg 2560w, https:\/\/www.guhalg.com\/wordpress\/wp-content\/uploads\/Reisen\/Curacao2015\/Unterwasser\/P1100162-300x169.jpg 300w, https:\/\/www.guhalg.com\/wordpress\/wp-content\/uploads\/Reisen\/Curacao2015\/Unterwasser\/P1100162-1024x576.jpg 1024w, https:\/\/www.guhalg.com\/wordpress\/wp-content\/uploads\/Reisen\/Curacao2015\/Unterwasser\/P1100162-768x432.jpg 768w, https:\/\/www.guhalg.com\/wordpress\/wp-content\/uploads\/Reisen\/Curacao2015\/Unterwasser\/P1100162-1536x865.jpg 1536w, https:\/\/www.guhalg.com\/wordpress\/wp-content\/uploads\/Reisen\/Curacao2015\/Unterwasser\/P1100162-2048x1153.jpg 2048w\" sizes=\"auto, (max-width: 2560px) 100vw, 2560px\" \/><\/figure>\n<\/figure>\n\n\n\n<p><\/p>\n\n\n\n<figure class=\"wp-block-video\"><video height=\"720\" style=\"aspect-ratio: 1280 \/ 720;\" width=\"1280\" controls poster=\"https:\/\/www.guhalg.com\/wordpress\/wp-content\/uploads\/Reisen\/Curacao2015\/Unterwasser\/2015-06-05 10-52-35-scaled.jpg\" src=\"https:\/\/www.guhalg.com\/wordpress\/wp-content\/uploads\/Reisen\/Curacao2015\/Unterwasser\/Stachelrochen.mp4\"><\/video><\/figure>\n\n\n\n<p><\/p>\n\n\n\n<div class=\"wp-block-buttons is-layout-flex wp-block-buttons-is-layout-flex\">\n<div class=\"wp-block-button\"><a class=\"wp-block-button__link wp-element-button\" href=\"https:\/\/www.guhalg.com\/wordpress\/?page_id=11858\">Der Papagei<\/a><\/div>\n<\/div>\n","protected":false},"excerpt":{"rendered":"<p>\u00c4hnlich wie auf Bonaire kann man auf Cura\u00e7ao ganz alleine Tauchen und ist nicht auf Tauchausfl\u00fcge angewiesen. Diese werden zwar auch angeboten, aber normalerweise leiht man sich die Flaschen und f\u00e4hrt dann zu dem ausgew\u00e4hlten Tauchplatz. Mit mehr als 70&hellip; <\/p>\n","protected":false},"author":1,"featured_media":0,"parent":11660,"menu_order":6,"comment_status":"closed","ping_status":"closed","template":"","meta":{"footnotes":""},"class_list":["post-11889","page","type-page","status-publish","hentry"],"_links":{"self":[{"href":"https:\/\/www.guhalg.com\/wordpress\/index.php?rest_route=\/wp\/v2\/pages\/11889","targetHints":{"allow":["GET"]}}],"collection":[{"href":"https:\/\/www.guhalg.com\/wordpress\/index.php?rest_route=\/wp\/v2\/pages"}],"about":[{"href":"https:\/\/www.guhalg.com\/wordpress\/index.php?rest_route=\/wp\/v2\/types\/page"}],"author":[{"embeddable":true,"href":"https:\/\/www.guhalg.com\/wordpress\/index.php?rest_route=\/wp\/v2\/users\/1"}],"replies":[{"embeddable":true,"href":"https:\/\/www.guhalg.com\/wordpress\/index.php?rest_route=%2Fwp%2Fv2%2Fcomments&post=11889"}],"version-history":[{"count":7,"href":"https:\/\/www.guhalg.com\/wordpress\/index.php?rest_route=\/wp\/v2\/pages\/11889\/revisions"}],"predecessor-version":[{"id":11911,"href":"https:\/\/www.guhalg.com\/wordpress\/index.php?rest_route=\/wp\/v2\/pages\/11889\/revisions\/11911"}],"up":[{"embeddable":true,"href":"https:\/\/www.guhalg.com\/wordpress\/index.php?rest_route=\/wp\/v2\/pages\/11660"}],"wp:attachment":[{"href":"https:\/\/www.guhalg.com\/wordpress\/index.php?rest_route=%2Fwp%2Fv2%2Fmedia&parent=11889"}],"curies":[{"name":"wp","href":"https:\/\/api.w.org\/{rel}","templated":true}]}}