{"id":12317,"date":"2025-09-10T21:26:41","date_gmt":"2025-09-10T19:26:41","guid":{"rendered":"https:\/\/www.guhalg.com\/wordpress\/?page_id=12317"},"modified":"2025-09-13T17:32:07","modified_gmt":"2025-09-13T15:32:07","slug":"einige-tage-auf-amrum","status":"publish","type":"page","link":"https:\/\/www.guhalg.com\/wordpress\/?page_id=12317","title":{"rendered":"Einige Tage auf Amrum"},"content":{"rendered":"\n<p>2024 hatten wir einen Sprachkurs Plattdeutsch in der Nordseeakademie in Leck gebucht. Vorab hatten wir f\u00fcr einige Tage eine kleine Ferienwohnung in Galmsb\u00fcll gemietet. Von dort ging es auf Tagesausfl\u00fcge nach F\u00f6hr, Amrum und Langene\u00df. Davor hatten wir uns noch in Sankt-Peter-Ording mit unserer Cousine getroffen, die zuf\u00e4llig gerade auf Urlaub waren.<\/p>\n\n\n\n<p>Von den 3 Inseln, genau genommen 2 Inseln und eine Hallig hat uns Amrum am besten gefallen. Da wir dieses Jahr wieder eine Fortbildung in der Nordseeakademie zum Thema Vollwertk\u00fcche im B\u00fcro gebucht hatten, war es naheliegend vorab einige Tage auf Amrum zu verbringen.<\/p>\n\n\n\n<p>F\u00fcr die Anreise nach Amrum sind wir auf Nummer sicher gegangen und haben den Elbtunnel schon am Tag vorher gekreuzt und uns eine kleine Unterkunft in T\u00f6nning gesucht. Vor dem Abendbrot gab es noch eine kleine Wanderung an der Eider.<\/p>\n\n\n\n<div class=\"wp-block-columns is-layout-flex wp-container-core-columns-is-layout-9d6595d7 wp-block-columns-is-layout-flex\">\n<div class=\"wp-block-column is-layout-flow wp-block-column-is-layout-flow\">\n<figure class=\"wp-block-image size-large\"><a href=\"https:\/\/www.guhalg.com\/wordpress\/wp-content\/uploads\/Trips\/202508 - Amrum\/20250820_200454-scaled.jpg\"><img loading=\"lazy\" decoding=\"async\" width=\"1024\" height=\"473\" src=\"https:\/\/www.guhalg.com\/wordpress\/wp-content\/uploads\/Trips\/202508 - Amrum\/20250820_200454-1024x473.jpg\" alt=\"Kleines Haus hinter dem Deich\" class=\"wp-image-12325\" srcset=\"https:\/\/www.guhalg.com\/wordpress\/wp-content\/uploads\/Trips\/202508%20-%20Amrum\/20250820_200454-1024x473.jpg 1024w, https:\/\/www.guhalg.com\/wordpress\/wp-content\/uploads\/Trips\/202508%20-%20Amrum\/20250820_200454-300x139.jpg 300w, https:\/\/www.guhalg.com\/wordpress\/wp-content\/uploads\/Trips\/202508%20-%20Amrum\/20250820_200454-768x355.jpg 768w, https:\/\/www.guhalg.com\/wordpress\/wp-content\/uploads\/Trips\/202508%20-%20Amrum\/20250820_200454-1536x710.jpg 1536w, https:\/\/www.guhalg.com\/wordpress\/wp-content\/uploads\/Trips\/202508%20-%20Amrum\/20250820_200454-2048x946.jpg 2048w\" sizes=\"auto, (max-width: 1024px) 100vw, 1024px\" \/><\/a><\/figure>\n<\/div>\n\n\n\n<div class=\"wp-block-column is-layout-flow wp-block-column-is-layout-flow\">\n<figure class=\"wp-block-image size-large\"><a href=\"https:\/\/www.guhalg.com\/wordpress\/wp-content\/uploads\/Trips\/202508 - Amrum\/20250820_200033-scaled.jpg\"><img loading=\"lazy\" decoding=\"async\" width=\"1024\" height=\"473\" src=\"https:\/\/www.guhalg.com\/wordpress\/wp-content\/uploads\/Trips\/202508 - Amrum\/20250820_200033-1024x473.jpg\" alt=\"Der alte Verladekran\" class=\"wp-image-12324\" srcset=\"https:\/\/www.guhalg.com\/wordpress\/wp-content\/uploads\/Trips\/202508%20-%20Amrum\/20250820_200033-1024x473.jpg 1024w, https:\/\/www.guhalg.com\/wordpress\/wp-content\/uploads\/Trips\/202508%20-%20Amrum\/20250820_200033-300x139.jpg 300w, https:\/\/www.guhalg.com\/wordpress\/wp-content\/uploads\/Trips\/202508%20-%20Amrum\/20250820_200033-768x355.jpg 768w, https:\/\/www.guhalg.com\/wordpress\/wp-content\/uploads\/Trips\/202508%20-%20Amrum\/20250820_200033-1536x710.jpg 1536w, https:\/\/www.guhalg.com\/wordpress\/wp-content\/uploads\/Trips\/202508%20-%20Amrum\/20250820_200033-2048x946.jpg 2048w\" sizes=\"auto, (max-width: 1024px) 100vw, 1024px\" \/><\/a><\/figure>\n<\/div>\n<\/div>\n\n\n\n<p>Anschlie\u00dfend, mit einem guten Hunger, ging es direkt an das Hafengel\u00e4nde f\u00fcr ein kleines Abendbrot im dortigen Fischrestaurant. Auff\u00e4llig war, dass es im Gegensatz zu Hannover und Umgebung bei einem Gericht mit Krabben, diese nicht nur in ausgezeichneter Frische gab, sondern auch in mehr als ausreichender Menge. Das Gleiche beim gebackenen Pannfisch.<\/p>\n\n\n\n<p>Am n\u00e4chsten Morgen war die Weiterfahrt nach Dageb\u00fcll. Auch hier wieder mit etwas Zeitpuffer und Zeit f\u00fcr einen kleinen Spaziergang am Deich.<\/p>\n\n\n\n<figure class=\"wp-block-image size-large\"><a href=\"https:\/\/www.guhalg.com\/wordpress\/wp-content\/uploads\/Trips\/202508 - Amrum\/20250821_110648-scaled.jpg\"><img loading=\"lazy\" decoding=\"async\" width=\"1024\" height=\"473\" src=\"https:\/\/www.guhalg.com\/wordpress\/wp-content\/uploads\/Trips\/202508 - Amrum\/20250821_110648-1024x473.jpg\" alt=\"Dageb\u00fcll\" class=\"wp-image-12326\" srcset=\"https:\/\/www.guhalg.com\/wordpress\/wp-content\/uploads\/Trips\/202508%20-%20Amrum\/20250821_110648-1024x473.jpg 1024w, https:\/\/www.guhalg.com\/wordpress\/wp-content\/uploads\/Trips\/202508%20-%20Amrum\/20250821_110648-300x139.jpg 300w, https:\/\/www.guhalg.com\/wordpress\/wp-content\/uploads\/Trips\/202508%20-%20Amrum\/20250821_110648-768x355.jpg 768w, https:\/\/www.guhalg.com\/wordpress\/wp-content\/uploads\/Trips\/202508%20-%20Amrum\/20250821_110648-1536x710.jpg 1536w, https:\/\/www.guhalg.com\/wordpress\/wp-content\/uploads\/Trips\/202508%20-%20Amrum\/20250821_110648-2048x946.jpg 2048w\" sizes=\"auto, (max-width: 1024px) 100vw, 1024px\" \/><\/a><\/figure>\n\n\n\n<p>Danach das Auto am Parkplatz abstellen und die F\u00e4hre nach Amrum nehmen. Die Tickets hatte Chrischi vorher online gekauft, sodass wir keine Wartezeit hatten.<\/p>\n\n\n\n<p>Auf Amrum dann die schon vorab gebuchten E-Bikes bei <a href=\"http:\/\/www.marcsfahrradverleih.de\" data-type=\"link\" data-id=\"www.marcsfahrradverleih.de\" target=\"_blank\" rel=\"noreferrer noopener\">Marc Fahrradverleih<\/a> abholen und weiter ging es nach Norddorf, wo wir in unsere <a href=\"https:\/\/uoew.de\/\" data-type=\"link\" data-id=\"https:\/\/uoew.de\/\" target=\"_blank\" rel=\"noreferrer noopener\">Unterkunft <\/a>eingezogen sind. Wir hatten dort eine Suite mit einer kleinen, kuscheligen Sofaecke unter der Dachschr\u00e4ge. Dies war jetzt unser Ausgangspunkt zur weiteren Entdeckung der Insel in den n\u00e4chsten 3 Tagen. Um richtig anzukommen, sind wir nach dem Auspacken unserer Rucks\u00e4cke mit dem Fahrrad noch an den Strand von Norddorf gefahren. Es war schon sp\u00e4t, und so hatten wir den ganzen Strand f\u00fcr uns.<\/p>\n\n\n\n<figure class=\"wp-block-image size-large\"><a href=\"https:\/\/www.guhalg.com\/wordpress\/wp-content\/uploads\/Trips\/202508 - Amrum\/20250821_182247-scaled.jpg\"><img loading=\"lazy\" decoding=\"async\" width=\"1024\" height=\"473\" src=\"https:\/\/www.guhalg.com\/wordpress\/wp-content\/uploads\/Trips\/202508 - Amrum\/20250821_182247-1024x473.jpg\" alt=\"Strand in Norddorf\" class=\"wp-image-12327\" srcset=\"https:\/\/www.guhalg.com\/wordpress\/wp-content\/uploads\/Trips\/202508%20-%20Amrum\/20250821_182247-1024x473.jpg 1024w, https:\/\/www.guhalg.com\/wordpress\/wp-content\/uploads\/Trips\/202508%20-%20Amrum\/20250821_182247-300x139.jpg 300w, https:\/\/www.guhalg.com\/wordpress\/wp-content\/uploads\/Trips\/202508%20-%20Amrum\/20250821_182247-768x355.jpg 768w, https:\/\/www.guhalg.com\/wordpress\/wp-content\/uploads\/Trips\/202508%20-%20Amrum\/20250821_182247-1536x710.jpg 1536w, https:\/\/www.guhalg.com\/wordpress\/wp-content\/uploads\/Trips\/202508%20-%20Amrum\/20250821_182247-2048x946.jpg 2048w\" sizes=\"auto, (max-width: 1024px) 100vw, 1024px\" \/><\/a><\/figure>\n\n\n\n<p>Bei 10 km L\u00e4nge und 3 km Breite konnte man alles sehr gut mit dem Fahrrad erreichen. Wir haben die Nordspitze besichtigt und sind durch die D\u00fcnen an den Strand gewandert. Wir haben auf gut ausgew\u00e4hlten Bohlenwegen oder ausgeschilderten Wegen mitten durch die D\u00fcnen die Insel erkundet und uns auch der Heide, wie in der L\u00fcneburger Heide, erfreut.<\/p>\n\n\n\n<div class=\"wp-block-columns is-layout-flex wp-container-core-columns-is-layout-9d6595d7 wp-block-columns-is-layout-flex\">\n<div class=\"wp-block-column is-layout-flow wp-block-column-is-layout-flow\">\n<figure class=\"wp-block-image size-large\"><a href=\"https:\/\/www.guhalg.com\/wordpress\/wp-content\/uploads\/Trips\/202508 - Amrum\/20250822_114045-scaled.jpg\"><img loading=\"lazy\" decoding=\"async\" width=\"1024\" height=\"473\" src=\"https:\/\/www.guhalg.com\/wordpress\/wp-content\/uploads\/Trips\/202508 - Amrum\/20250822_114045-1024x473.jpg\" alt=\"Heidelandschaft\" class=\"wp-image-12328\" srcset=\"https:\/\/www.guhalg.com\/wordpress\/wp-content\/uploads\/Trips\/202508%20-%20Amrum\/20250822_114045-1024x473.jpg 1024w, https:\/\/www.guhalg.com\/wordpress\/wp-content\/uploads\/Trips\/202508%20-%20Amrum\/20250822_114045-300x139.jpg 300w, https:\/\/www.guhalg.com\/wordpress\/wp-content\/uploads\/Trips\/202508%20-%20Amrum\/20250822_114045-768x355.jpg 768w, https:\/\/www.guhalg.com\/wordpress\/wp-content\/uploads\/Trips\/202508%20-%20Amrum\/20250822_114045-1536x710.jpg 1536w, https:\/\/www.guhalg.com\/wordpress\/wp-content\/uploads\/Trips\/202508%20-%20Amrum\/20250822_114045-2048x946.jpg 2048w\" sizes=\"auto, (max-width: 1024px) 100vw, 1024px\" \/><\/a><\/figure>\n<\/div>\n\n\n\n<div class=\"wp-block-column is-layout-flow wp-block-column-is-layout-flow\">\n<figure class=\"wp-block-image size-large\"><a href=\"https:\/\/www.guhalg.com\/wordpress\/wp-content\/uploads\/Trips\/202508 - Amrum\/20250822_115838-scaled.jpg\"><img loading=\"lazy\" decoding=\"async\" width=\"1024\" height=\"473\" src=\"https:\/\/www.guhalg.com\/wordpress\/wp-content\/uploads\/Trips\/202508 - Amrum\/20250822_115838-1024x473.jpg\" alt=\"D\u00fcnen\" class=\"wp-image-12329\" srcset=\"https:\/\/www.guhalg.com\/wordpress\/wp-content\/uploads\/Trips\/202508%20-%20Amrum\/20250822_115838-1024x473.jpg 1024w, https:\/\/www.guhalg.com\/wordpress\/wp-content\/uploads\/Trips\/202508%20-%20Amrum\/20250822_115838-300x139.jpg 300w, https:\/\/www.guhalg.com\/wordpress\/wp-content\/uploads\/Trips\/202508%20-%20Amrum\/20250822_115838-768x355.jpg 768w, https:\/\/www.guhalg.com\/wordpress\/wp-content\/uploads\/Trips\/202508%20-%20Amrum\/20250822_115838-1536x710.jpg 1536w, https:\/\/www.guhalg.com\/wordpress\/wp-content\/uploads\/Trips\/202508%20-%20Amrum\/20250822_115838-2048x946.jpg 2048w\" sizes=\"auto, (max-width: 1024px) 100vw, 1024px\" \/><\/a><\/figure>\n<\/div>\n\n\n\n<div class=\"wp-block-column is-layout-flow wp-block-column-is-layout-flow\">\n<figure class=\"wp-block-image size-large\"><a href=\"https:\/\/www.guhalg.com\/wordpress\/wp-content\/uploads\/Trips\/202508 - Amrum\/20250823_172329-scaled.jpg\"><img loading=\"lazy\" decoding=\"async\" width=\"1024\" height=\"473\" src=\"https:\/\/www.guhalg.com\/wordpress\/wp-content\/uploads\/Trips\/202508 - Amrum\/20250823_172329-1024x473.jpg\" alt=\"Bohlenweg\" class=\"wp-image-12331\" srcset=\"https:\/\/www.guhalg.com\/wordpress\/wp-content\/uploads\/Trips\/202508%20-%20Amrum\/20250823_172329-1024x473.jpg 1024w, https:\/\/www.guhalg.com\/wordpress\/wp-content\/uploads\/Trips\/202508%20-%20Amrum\/20250823_172329-300x139.jpg 300w, https:\/\/www.guhalg.com\/wordpress\/wp-content\/uploads\/Trips\/202508%20-%20Amrum\/20250823_172329-768x355.jpg 768w, https:\/\/www.guhalg.com\/wordpress\/wp-content\/uploads\/Trips\/202508%20-%20Amrum\/20250823_172329-1536x710.jpg 1536w, https:\/\/www.guhalg.com\/wordpress\/wp-content\/uploads\/Trips\/202508%20-%20Amrum\/20250823_172329-2048x946.jpg 2048w\" sizes=\"auto, (max-width: 1024px) 100vw, 1024px\" \/><\/a><\/figure>\n<\/div>\n<\/div>\n\n\n\n<p>Meist sind wir am fr\u00fchen Nachmittag in einen Kaffee eingezogen und haben dort bei leckerer Friesentorte oder auch anderen K\u00f6stlichkeiten mit Milchkaffee und 3-fach Espresso mit Milchschaum die Nachmittagssonne genossen.<\/p>\n\n\n\n<p>Bei der Planung erschienen uns drei volle Tage auf der Insel ausreichend und mit gen\u00fcgend Zeit, das Ganze in Ruhe anzugehen. Schlie\u00dflich wollten wir noch den einzigen S\u00fc\u00dfwassersee, ein wiederaufgebautes <a href=\"https:\/\/de.wikipedia.org\/wiki\/Nachbau_eines_eisenzeitlichen_Hauses\" data-type=\"link\" data-id=\"https:\/\/de.wikipedia.org\/wiki\/Nachbau_eines_eisenzeitlichen_Hauses\" target=\"_blank\" rel=\"noreferrer noopener\">Haus aus der Eisenzeit <\/a>und auch den Leuchtturm besichtigen.<\/p>\n\n\n\n<div class=\"wp-block-columns is-layout-flex wp-container-core-columns-is-layout-9d6595d7 wp-block-columns-is-layout-flex\">\n<div class=\"wp-block-column is-layout-flow wp-block-column-is-layout-flow\">\n<figure class=\"wp-block-image size-large\"><a href=\"https:\/\/www.guhalg.com\/wordpress\/wp-content\/uploads\/Trips\/202508 - Amrum\/20250824_125103-scaled.jpg\"><img loading=\"lazy\" decoding=\"async\" width=\"1024\" height=\"473\" src=\"https:\/\/www.guhalg.com\/wordpress\/wp-content\/uploads\/Trips\/202508 - Amrum\/20250824_125103-1024x473.jpg\" alt=\"S\u00fc\u00dfwassersee\" class=\"wp-image-12336\" srcset=\"https:\/\/www.guhalg.com\/wordpress\/wp-content\/uploads\/Trips\/202508%20-%20Amrum\/20250824_125103-1024x473.jpg 1024w, https:\/\/www.guhalg.com\/wordpress\/wp-content\/uploads\/Trips\/202508%20-%20Amrum\/20250824_125103-300x139.jpg 300w, https:\/\/www.guhalg.com\/wordpress\/wp-content\/uploads\/Trips\/202508%20-%20Amrum\/20250824_125103-768x355.jpg 768w, https:\/\/www.guhalg.com\/wordpress\/wp-content\/uploads\/Trips\/202508%20-%20Amrum\/20250824_125103-1536x710.jpg 1536w, https:\/\/www.guhalg.com\/wordpress\/wp-content\/uploads\/Trips\/202508%20-%20Amrum\/20250824_125103-2048x946.jpg 2048w\" sizes=\"auto, (max-width: 1024px) 100vw, 1024px\" \/><\/a><\/figure>\n<\/div>\n\n\n\n<div class=\"wp-block-column is-layout-flow wp-block-column-is-layout-flow\">\n<figure class=\"wp-block-image size-large\"><a href=\"https:\/\/www.guhalg.com\/wordpress\/wp-content\/uploads\/Trips\/202508 - Amrum\/20250823_172542-scaled.jpg\"><img loading=\"lazy\" decoding=\"async\" width=\"1024\" height=\"473\" src=\"https:\/\/www.guhalg.com\/wordpress\/wp-content\/uploads\/Trips\/202508 - Amrum\/20250823_172542-1024x473.jpg\" alt=\"Haus aus der Eisenzeit\" class=\"wp-image-12332\" srcset=\"https:\/\/www.guhalg.com\/wordpress\/wp-content\/uploads\/Trips\/202508%20-%20Amrum\/20250823_172542-1024x473.jpg 1024w, https:\/\/www.guhalg.com\/wordpress\/wp-content\/uploads\/Trips\/202508%20-%20Amrum\/20250823_172542-300x139.jpg 300w, https:\/\/www.guhalg.com\/wordpress\/wp-content\/uploads\/Trips\/202508%20-%20Amrum\/20250823_172542-768x355.jpg 768w, https:\/\/www.guhalg.com\/wordpress\/wp-content\/uploads\/Trips\/202508%20-%20Amrum\/20250823_172542-1536x710.jpg 1536w, https:\/\/www.guhalg.com\/wordpress\/wp-content\/uploads\/Trips\/202508%20-%20Amrum\/20250823_172542-2048x946.jpg 2048w\" sizes=\"auto, (max-width: 1024px) 100vw, 1024px\" \/><\/a><\/figure>\n<\/div>\n<\/div>\n\n\n\n<p>Wir haben auch soweit das, was wir uns vorgenommen haben, fast geschafft. Das ganze Programm l\u00e4sst sich auch in 2 Tagen schaffen, dann ist man aber schon ein bisschen stressiger unterwegs? Wer Zeit und Lust hat, sollte besser vier Tage einplanen.<\/p>\n\n\n\n<p>Leider hatten wir den Leuchtturm beziehungsweise die Besteigung des Leuchtturms f\u00fcr den Sonntag eingeplant, das war dann aber auch ein Ruhetag f\u00fcr den Leuchtturm, sodass dieser Programmpunkt noch aussteht.<\/p>\n\n\n\n<p>Wir hatten aber noch die <a href=\"https:\/\/de.wikipedia.org\/wiki\/Vogelkoje_Meeram\" data-type=\"link\" data-id=\"https:\/\/de.wikipedia.org\/wiki\/Vogelkoje_Meeram\" target=\"_blank\" rel=\"noreferrer noopener\">historische Fanganlage in der Vogelkoje<\/a> uns angesehen sowie eine alte Windm\u00fchle, die jetzt als Museum dient.<\/p>\n\n\n\n<div class=\"wp-block-columns is-layout-flex wp-container-core-columns-is-layout-9d6595d7 wp-block-columns-is-layout-flex\">\n<div class=\"wp-block-column is-layout-flow wp-block-column-is-layout-flow\">\n<figure class=\"wp-block-image size-large\"><a href=\"https:\/\/www.guhalg.com\/wordpress\/wp-content\/uploads\/Trips\/202508 - Amrum\/20250823_170631-scaled.jpg\"><img loading=\"lazy\" decoding=\"async\" width=\"1024\" height=\"473\" src=\"https:\/\/www.guhalg.com\/wordpress\/wp-content\/uploads\/Trips\/202508 - Amrum\/20250823_170631-1024x473.jpg\" alt=\"Vogelkoje\" class=\"wp-image-12330\" srcset=\"https:\/\/www.guhalg.com\/wordpress\/wp-content\/uploads\/Trips\/202508%20-%20Amrum\/20250823_170631-1024x473.jpg 1024w, https:\/\/www.guhalg.com\/wordpress\/wp-content\/uploads\/Trips\/202508%20-%20Amrum\/20250823_170631-300x139.jpg 300w, https:\/\/www.guhalg.com\/wordpress\/wp-content\/uploads\/Trips\/202508%20-%20Amrum\/20250823_170631-768x355.jpg 768w, https:\/\/www.guhalg.com\/wordpress\/wp-content\/uploads\/Trips\/202508%20-%20Amrum\/20250823_170631-1536x710.jpg 1536w, https:\/\/www.guhalg.com\/wordpress\/wp-content\/uploads\/Trips\/202508%20-%20Amrum\/20250823_170631-2048x946.jpg 2048w\" sizes=\"auto, (max-width: 1024px) 100vw, 1024px\" \/><\/a><\/figure>\n<\/div>\n\n\n\n<div class=\"wp-block-column is-layout-flow wp-block-column-is-layout-flow\">\n<figure class=\"wp-block-image size-large\"><a href=\"https:\/\/www.guhalg.com\/wordpress\/wp-content\/uploads\/Trips\/202508 - Amrum\/20250824_104318-scaled.jpg\"><img loading=\"lazy\" decoding=\"async\" width=\"1024\" height=\"473\" src=\"https:\/\/www.guhalg.com\/wordpress\/wp-content\/uploads\/Trips\/202508 - Amrum\/20250824_104318-1024x473.jpg\" alt=\"Windm\u00fchle\" class=\"wp-image-12335\" srcset=\"https:\/\/www.guhalg.com\/wordpress\/wp-content\/uploads\/Trips\/202508%20-%20Amrum\/20250824_104318-1024x473.jpg 1024w, https:\/\/www.guhalg.com\/wordpress\/wp-content\/uploads\/Trips\/202508%20-%20Amrum\/20250824_104318-300x139.jpg 300w, https:\/\/www.guhalg.com\/wordpress\/wp-content\/uploads\/Trips\/202508%20-%20Amrum\/20250824_104318-768x355.jpg 768w, https:\/\/www.guhalg.com\/wordpress\/wp-content\/uploads\/Trips\/202508%20-%20Amrum\/20250824_104318-1536x710.jpg 1536w, https:\/\/www.guhalg.com\/wordpress\/wp-content\/uploads\/Trips\/202508%20-%20Amrum\/20250824_104318-2048x946.jpg 2048w\" sizes=\"auto, (max-width: 1024px) 100vw, 1024px\" \/><\/a><\/figure>\n<\/div>\n<\/div>\n\n\n\n<p>Wie schon in T\u00f6nning gab es auf der Insel sehr leckere Fischgerichte, insbesondere die Fischbr\u00f6tchen, ganz frisch zubereitet, waren eine Delikatesse. Am Montag hie\u00df es dann etwas fr\u00fcher aufstehen, damit wir mit dem Fahrrad zur\u00fcckfahren konnten nach Wittd\u00fcn, um dann die F\u00e4hre um 9:30 Richtung Dageb\u00fcll zu bekommen. Von dort dann noch gut 30 Minuten Fahrt bis nach Leck und wir waren in unserer Unterkunft angekommen &#8211; f\u00fcr die n\u00e4chsten f\u00fcnf Tage Bildungsurlaub: Gesund und Fit &#8211; Vollwertk\u00fcche im B\u00fcro.<\/p>\n\n\n\n<p>Zum Abschluss noch drei Bilder von Amrum in der sch\u00f6nen D\u00fcnenlandschaft.<\/p>\n\n\n\n<div class=\"wp-block-columns is-layout-flex wp-container-core-columns-is-layout-9d6595d7 wp-block-columns-is-layout-flex\">\n<div class=\"wp-block-column is-layout-flow wp-block-column-is-layout-flow\">\n<figure class=\"wp-block-image size-large\"><a href=\"https:\/\/www.guhalg.com\/wordpress\/wp-content\/uploads\/Trips\/202508 - Amrum\/20250823_180355-scaled.jpg\"><img loading=\"lazy\" decoding=\"async\" width=\"1024\" height=\"473\" src=\"https:\/\/www.guhalg.com\/wordpress\/wp-content\/uploads\/Trips\/202508 - Amrum\/20250823_180355-1024x473.jpg\" alt=\"Hintere D\u00fcnenlandschaft\" class=\"wp-image-12333\" srcset=\"https:\/\/www.guhalg.com\/wordpress\/wp-content\/uploads\/Trips\/202508%20-%20Amrum\/20250823_180355-1024x473.jpg 1024w, https:\/\/www.guhalg.com\/wordpress\/wp-content\/uploads\/Trips\/202508%20-%20Amrum\/20250823_180355-300x139.jpg 300w, https:\/\/www.guhalg.com\/wordpress\/wp-content\/uploads\/Trips\/202508%20-%20Amrum\/20250823_180355-768x355.jpg 768w, https:\/\/www.guhalg.com\/wordpress\/wp-content\/uploads\/Trips\/202508%20-%20Amrum\/20250823_180355-1536x710.jpg 1536w, https:\/\/www.guhalg.com\/wordpress\/wp-content\/uploads\/Trips\/202508%20-%20Amrum\/20250823_180355-2048x946.jpg 2048w\" sizes=\"auto, (max-width: 1024px) 100vw, 1024px\" \/><\/a><\/figure>\n<\/div>\n\n\n\n<div class=\"wp-block-column is-layout-flow wp-block-column-is-layout-flow\">\n<figure class=\"wp-block-image size-large\"><a href=\"https:\/\/www.guhalg.com\/wordpress\/wp-content\/uploads\/Trips\/202508 - Amrum\/20250823_180656-scaled.jpg\"><img loading=\"lazy\" decoding=\"async\" width=\"1024\" height=\"473\" src=\"https:\/\/www.guhalg.com\/wordpress\/wp-content\/uploads\/Trips\/202508 - Amrum\/20250823_180656-1024x473.jpg\" alt=\"Vordere D\u00fcnenlandschaft\" class=\"wp-image-12334\" srcset=\"https:\/\/www.guhalg.com\/wordpress\/wp-content\/uploads\/Trips\/202508%20-%20Amrum\/20250823_180656-1024x473.jpg 1024w, https:\/\/www.guhalg.com\/wordpress\/wp-content\/uploads\/Trips\/202508%20-%20Amrum\/20250823_180656-300x139.jpg 300w, https:\/\/www.guhalg.com\/wordpress\/wp-content\/uploads\/Trips\/202508%20-%20Amrum\/20250823_180656-768x355.jpg 768w, https:\/\/www.guhalg.com\/wordpress\/wp-content\/uploads\/Trips\/202508%20-%20Amrum\/20250823_180656-1536x710.jpg 1536w, https:\/\/www.guhalg.com\/wordpress\/wp-content\/uploads\/Trips\/202508%20-%20Amrum\/20250823_180656-2048x946.jpg 2048w\" sizes=\"auto, (max-width: 1024px) 100vw, 1024px\" \/><\/a><\/figure>\n<\/div>\n\n\n\n<div class=\"wp-block-column is-layout-flow wp-block-column-is-layout-flow\">\n<figure class=\"wp-block-image size-large\"><a href=\"https:\/\/www.guhalg.com\/wordpress\/wp-content\/uploads\/Trips\/202508 - Amrum\/20250824_130845-scaled.jpg\"><img loading=\"lazy\" decoding=\"async\" width=\"1024\" height=\"473\" src=\"https:\/\/www.guhalg.com\/wordpress\/wp-content\/uploads\/Trips\/202508 - Amrum\/20250824_130845-1024x473.jpg\" alt=\"Und der Weg dazwischen\" class=\"wp-image-12337\" srcset=\"https:\/\/www.guhalg.com\/wordpress\/wp-content\/uploads\/Trips\/202508%20-%20Amrum\/20250824_130845-1024x473.jpg 1024w, https:\/\/www.guhalg.com\/wordpress\/wp-content\/uploads\/Trips\/202508%20-%20Amrum\/20250824_130845-300x139.jpg 300w, https:\/\/www.guhalg.com\/wordpress\/wp-content\/uploads\/Trips\/202508%20-%20Amrum\/20250824_130845-768x355.jpg 768w, https:\/\/www.guhalg.com\/wordpress\/wp-content\/uploads\/Trips\/202508%20-%20Amrum\/20250824_130845-1536x710.jpg 1536w, https:\/\/www.guhalg.com\/wordpress\/wp-content\/uploads\/Trips\/202508%20-%20Amrum\/20250824_130845-2048x946.jpg 2048w\" sizes=\"auto, (max-width: 1024px) 100vw, 1024px\" \/><\/a><\/figure>\n<\/div>\n<\/div>\n","protected":false},"excerpt":{"rendered":"<p>2024 hatten wir einen Sprachkurs Plattdeutsch in der Nordseeakademie in Leck gebucht. Vorab hatten wir f\u00fcr einige Tage eine kleine Ferienwohnung in Galmsb\u00fcll gemietet. Von dort ging es auf Tagesausfl\u00fcge nach F\u00f6hr, Amrum und Langene\u00df. Davor hatten wir uns noch&hellip; <\/p>\n","protected":false},"author":1,"featured_media":0,"parent":11151,"menu_order":5,"comment_status":"closed","ping_status":"closed","template":"","meta":{"footnotes":""},"class_list":["post-12317","page","type-page","status-publish","hentry"],"_links":{"self":[{"href":"https:\/\/www.guhalg.com\/wordpress\/index.php?rest_route=\/wp\/v2\/pages\/12317","targetHints":{"allow":["GET"]}}],"collection":[{"href":"https:\/\/www.guhalg.com\/wordpress\/index.php?rest_route=\/wp\/v2\/pages"}],"about":[{"href":"https:\/\/www.guhalg.com\/wordpress\/index.php?rest_route=\/wp\/v2\/types\/page"}],"author":[{"embeddable":true,"href":"https:\/\/www.guhalg.com\/wordpress\/index.php?rest_route=\/wp\/v2\/users\/1"}],"replies":[{"embeddable":true,"href":"https:\/\/www.guhalg.com\/wordpress\/index.php?rest_route=%2Fwp%2Fv2%2Fcomments&post=12317"}],"version-history":[{"count":9,"href":"https:\/\/www.guhalg.com\/wordpress\/index.php?rest_route=\/wp\/v2\/pages\/12317\/revisions"}],"predecessor-version":[{"id":12349,"href":"https:\/\/www.guhalg.com\/wordpress\/index.php?rest_route=\/wp\/v2\/pages\/12317\/revisions\/12349"}],"up":[{"embeddable":true,"href":"https:\/\/www.guhalg.com\/wordpress\/index.php?rest_route=\/wp\/v2\/pages\/11151"}],"wp:attachment":[{"href":"https:\/\/www.guhalg.com\/wordpress\/index.php?rest_route=%2Fwp%2Fv2%2Fmedia&parent=12317"}],"curies":[{"name":"wp","href":"https:\/\/api.w.org\/{rel}","templated":true}]}}