{"id":12363,"date":"2025-09-29T16:29:06","date_gmt":"2025-09-29T14:29:06","guid":{"rendered":"https:\/\/www.guhalg.com\/wordpress\/?page_id=12363"},"modified":"2025-09-29T19:21:18","modified_gmt":"2025-09-29T17:21:18","slug":"ein-kleiner-ausflug-nach-daenemark","status":"publish","type":"page","link":"https:\/\/www.guhalg.com\/wordpress\/?page_id=12363","title":{"rendered":"Ein kleiner Ausflug nach D\u00e4nemark"},"content":{"rendered":"\n<p>Im Mai 2025 hatte Chrischi einen kleinen Infostand auf der Feuerwehrmesse in Odense. Wir sind einige Tage fr\u00fcher nach D\u00e4nemark gefahren und haben uns in Borglum eine Ferienwohnung gemietet. Von hier ging es in Tagesausfl\u00fcgen an die Nordsee in Richtung <a href=\"https:\/\/de.wikipedia.org\/wiki\/Rubjerg_Knude\" data-type=\"link\" data-id=\"https:\/\/de.wikipedia.org\/wiki\/Rubjerg_Knude\" target=\"_blank\" rel=\"noreferrer noopener\">Rubjerg Knude<\/a> und <a href=\"https:\/\/de.wikipedia.org\/wiki\/L%C3%B8kken\" data-type=\"link\" data-id=\"https:\/\/de.wikipedia.org\/wiki\/L%C3%B8kken\" target=\"_blank\" rel=\"noreferrer noopener\">Lokken <\/a>, zur n\u00f6rdlichsten Spitze nach <a href=\"https:\/\/de.wikipedia.org\/wiki\/Skagen\" data-type=\"link\" data-id=\"https:\/\/de.wikipedia.org\/wiki\/Skagen\" target=\"_blank\" rel=\"noreferrer noopener\">Skagen<\/a>, wo Nord- und Ostsee aufeinander treffen und auch in Richtung Ostsee nach <a href=\"https:\/\/de.wikipedia.org\/wiki\/Frederikshavn\" data-type=\"link\" data-id=\"https:\/\/de.wikipedia.org\/wiki\/Frederikshavn\" target=\"_blank\" rel=\"noreferrer noopener\">Frederikshavn<\/a>.<\/p>\n\n\n\n<p>Auf der einen Seite die wilde Nordsee mit ihrer sch\u00f6nen D\u00fcnenlandschaft, auf der anderen Seite die ruhige Ostsee. Besonders interessant zu sehen an der Nordspitze in Skagen, wo die beiden Meere aufeinandertreffen. Wir sind durch die D\u00fcnen und an der Nordsee gewandert, haben alte, mittlerweile abgest\u00fctzte Bunkernanlagen gesehen und die Boote der Fischer, die ihren Tagesfang direkt vom Kutter verkaufen. Diese werden daf\u00fcr von einem Kettenschlepper bis weit auf den Strand gezogen.<\/p>\n\n\n\n<p>Wir haben das Kloster Borglum besichtigt, mit dem  Gem\u00fcse- und Kr\u00e4utergarten als auch die Ausstellung \u00fcber das Kloster selber.<\/p>\n\n\n\n<p>Aber am sch\u00f6nsten ist hier einfach die D\u00fcnenlandschaft. Sowohl direkt am Meer mit seinen breiten Str\u00e4nden, als auch hinter den D\u00fcnen.<\/p>\n\n\n\n<p>Auf der anderen Seite gab es an der Ostsee den n\u00f6rdlichsten Palmenstrand. Zwar \u00fcberwintern die Palmen im Gew\u00e4chshaus, aber so weit im Norden Palmen am Strand zu haben, ist sch\u00f6n. Auch im <a href=\"https:\/\/de.wikipedia.org\/wiki\/Nordsee-Ozeanarium\" data-type=\"link\" data-id=\"https:\/\/de.wikipedia.org\/wiki\/Nordsee-Ozeanarium\">Nordsee-Ozeanarium<\/a> in Hirtshals haben wir einen Nachmittag verbracht. Wunsch war, einen Mondfisch zu sehen. Leider war dieser aber nicht da. Ach so, das Museum hei\u00dft wirklich Ozeanarium.<\/p>\n\n\n\n<p>Von Borglum ging es dann nach <a href=\"https:\/\/de.wikipedia.org\/wiki\/Odense\" data-type=\"link\" data-id=\"https:\/\/de.wikipedia.org\/wiki\/Odense\" target=\"_blank\" rel=\"noreferrer noopener\">Odense<\/a>, wo Chrischi zwei Tage ihren Stand auf der Messe betreut hat. Horst war auf kleineren Ausfl\u00fcgen unterwegs nach <a href=\"https:\/\/de.wikipedia.org\/wiki\/F%C3%BCnen\" data-type=\"link\" data-id=\"https:\/\/de.wikipedia.org\/wiki\/F%C3%BCnen\" target=\"_blank\" rel=\"noreferrer noopener\">F\u00fcnen<\/a>, <a href=\"https:\/\/de.wikipedia.org\/wiki\/Kerteminde\" data-type=\"link\" data-id=\"https:\/\/de.wikipedia.org\/wiki\/Kerteminde\" target=\"_blank\" rel=\"noreferrer noopener\">Kerteminde <\/a>oder auch <a href=\"https:\/\/de.wikipedia.org\/wiki\/Schloss_Egeskov\" data-type=\"link\" data-id=\"https:\/\/de.wikipedia.org\/wiki\/Schloss_Egeskov\" target=\"_blank\" rel=\"noreferrer noopener\">Schloss Egeskov<\/a>.<\/p>\n\n\n\n<p>Nach der Messe hatten wir einen weiteren Tag f\u00fcr Kopenhagen eingeplant, sind morgens mit dem Zug hingefahren und kamen am Abend erst wieder zur\u00fcck. Bei diesem Ausflug sind unsere beiden Smartwatches als auch unsere Mobil-Phones ans Limit ihrer Akkukapazit\u00e4ten geraten. Der R\u00fcckweg zum Bahnhof in Kopenhagen, als auch die R\u00fcckfahrt nach Birkende, erfolgten also ganz klassisch. Man schaue auf die Stra\u00dfenschilder und Wegbeschreibungen und folge diesen.<\/p>\n\n\n\n<p>Wer einige der Bilder sehen m\u00f6chte, findet diese in unserer <a href=\"https:\/\/www.guhalg.com\/fotowelt\/index.php?sfpg=MjUwNS0tRMOkbmVtYXJrLyoqMjdiYTRmMjBmYmM2MzdiMjY2MzRhNmM5M2NlZDQzNmU0YzFjOTk1OTFhZDg3OTNhNjdmZDNhMTllNTdmMGU3ZA&amp;info=0\" data-type=\"link\" data-id=\"https:\/\/www.guhalg.com\/fotowelt\/index.php?sfpg=MjUwNS0tRMOkbmVtYXJrLyoqMjdiYTRmMjBmYmM2MzdiMjY2MzRhNmM5M2NlZDQzNmU0YzFjOTk1OTFhZDg3OTNhNjdmZDNhMTllNTdmMGU3ZA&amp;info=0\">Fotowelt<\/a>.<\/p>\n\n\n\n<p><\/p>\n","protected":false},"excerpt":{"rendered":"<p>Im Mai 2025 hatte Chrischi einen kleinen Infostand auf der Feuerwehrmesse in Odense. Wir sind einige Tage fr\u00fcher nach D\u00e4nemark gefahren und haben uns in Borglum eine Ferienwohnung gemietet. Von hier ging es in Tagesausfl\u00fcgen an die Nordsee in Richtung&hellip; <\/p>\n","protected":false},"author":1,"featured_media":0,"parent":11151,"menu_order":4,"comment_status":"closed","ping_status":"closed","template":"","meta":{"footnotes":""},"class_list":["post-12363","page","type-page","status-publish","hentry"],"_links":{"self":[{"href":"https:\/\/www.guhalg.com\/wordpress\/index.php?rest_route=\/wp\/v2\/pages\/12363","targetHints":{"allow":["GET"]}}],"collection":[{"href":"https:\/\/www.guhalg.com\/wordpress\/index.php?rest_route=\/wp\/v2\/pages"}],"about":[{"href":"https:\/\/www.guhalg.com\/wordpress\/index.php?rest_route=\/wp\/v2\/types\/page"}],"author":[{"embeddable":true,"href":"https:\/\/www.guhalg.com\/wordpress\/index.php?rest_route=\/wp\/v2\/users\/1"}],"replies":[{"embeddable":true,"href":"https:\/\/www.guhalg.com\/wordpress\/index.php?rest_route=%2Fwp%2Fv2%2Fcomments&post=12363"}],"version-history":[{"count":5,"href":"https:\/\/www.guhalg.com\/wordpress\/index.php?rest_route=\/wp\/v2\/pages\/12363\/revisions"}],"predecessor-version":[{"id":12375,"href":"https:\/\/www.guhalg.com\/wordpress\/index.php?rest_route=\/wp\/v2\/pages\/12363\/revisions\/12375"}],"up":[{"embeddable":true,"href":"https:\/\/www.guhalg.com\/wordpress\/index.php?rest_route=\/wp\/v2\/pages\/11151"}],"wp:attachment":[{"href":"https:\/\/www.guhalg.com\/wordpress\/index.php?rest_route=%2Fwp%2Fv2%2Fmedia&parent=12363"}],"curies":[{"name":"wp","href":"https:\/\/api.w.org\/{rel}","templated":true}]}}