{"id":1303,"date":"2021-11-09T22:13:40","date_gmt":"2021-11-09T21:13:40","guid":{"rendered":"https:\/\/www.guhalg.com\/wordpress\/?page_id=1303"},"modified":"2022-02-09T17:58:50","modified_gmt":"2022-02-09T16:58:50","slug":"planung-der-2-ten-reise","status":"publish","type":"page","link":"https:\/\/www.guhalg.com\/wordpress\/?page_id=1303","title":{"rendered":"Planung der zweiten Reise"},"content":{"rendered":"\n<p>Nach dem ersten intensiven Besuch auf Madagaskar stand bei uns ja schon auf dem R\u00fcckweg im Flieger der Entschluss fest, dieses Land ein weiteres Mal zu besuchen. Wir wollten auch in etwa zur selben Zeit (also Juli \/ August) los und hatten somit noch ein wenig Spielraum f\u00fcr die Planung. Im Internet haben wir uns \u00fcber die m\u00f6glichen und w\u00fcnschenswerten Ziele in Madagaskar informiert und haben auch verschiedene Reiseberichte anderer Urlauber gelesen. Dabei stellte sich ganz schnell heraus, dass die Ziele und die zeitlichen M\u00f6glichkeiten doch ziemlich auseinander liefen. F\u00fcr ein Minimalprogramm mussten wir so ca. drei Wochen+ veranschlagen. Der erste Urlaub gab uns hier ein wenig Spielraum, da hatten wir ja schon den Badeurlaub bzw. die sch\u00f6nen Str\u00e4nde im Programm.<\/p>\n\n\n\n<p>Bei der Internetsuche nach entsprechenden Angeboten wurde es dann total mau. Scheinbar ist eine solche umfassende Rundreise, ich nenne sie jetzt mal so, un\u00fcblich, weil zu zeitintensiv und daher nicht im Programm. Es gab h\u00f6chstens die M\u00f6glichkeit, sich eine Individualreise ausarbeiten zu lassen oder zwei einzelne Reisen zu kombinieren. Beides irgendwie nicht so erf\u00fcllend.<\/p>\n\n\n\n<p>Wir haben dann unseren Guide aus der ersten Reise per Mail kontaktiert und nach den Reisem\u00f6glichkeiten, angepasst an unsere Vorstellungen, gefragt. Da die Guides meist f\u00fcr mehrere Agenturen als Freelancer arbeiten, haben Sie oft gute Kontakte und einen \u00dcberblick. Hier kam die Antwort auch sehr schnell, wenn auch ein wenig \u00fcberraschend: Ich kann euch die Tour nach euren Vorstellungen organisieren, nur um den Flug nach Antananarivo und zur\u00fcck m\u00fcsst ihr euch k\u00fcmmern. Wann wollt ihr kommen?<\/p>\n\n\n\n<p>Somit brauchten wir erstmal die Fl\u00fcge. Also schnell Country-Reisen damit beauftragt und wenige Tage sp\u00e4ter standen die m\u00f6glichen Flugzeiten fest. Schnell noch den Zeitraum mit unserem Guide abgesprochen und wir konnten den Flug buchen. Anschlie\u00dfend haben wir unsere W\u00fcnsche in einer Mail zusammengefasst und bekamen nach einigen Tagen drei unterschiedliche Vorschl\u00e4ge f\u00fcr den Tour-Verlauf zur\u00fcck. Am besten hat uns der \u201alangsamste\u2018 Vorschlag gefallen, ohne Inlandsfl\u00fcge, sondern per Auto, Bahn und Boot. Anbei die aufgezeichnete Strecke vom GPS-Tracker:<\/p>\n\n\n\n<div class=\"wp-block-image\"><figure class=\"aligncenter size-large\"><a href=\"https:\/\/www.guhalg.com\/wordpress\/wp-content\/uploads\/Reisen\/Madagaskar\/2Reise\/Reiseverlauf.jpg\"><img loading=\"lazy\" decoding=\"async\" width=\"1024\" height=\"688\" src=\"https:\/\/www.guhalg.com\/wordpress\/wp-content\/uploads\/Reisen\/Madagaskar\/2Reise\/Reiseverlauf-1024x688.jpg\" alt=\"Reiseverlauf\" class=\"wp-image-1327\" title=\"der Reiseverlauf\" srcset=\"https:\/\/www.guhalg.com\/wordpress\/wp-content\/uploads\/Reisen\/Madagaskar\/2Reise\/Reiseverlauf-1024x688.jpg 1024w, https:\/\/www.guhalg.com\/wordpress\/wp-content\/uploads\/Reisen\/Madagaskar\/2Reise\/Reiseverlauf-300x202.jpg 300w, https:\/\/www.guhalg.com\/wordpress\/wp-content\/uploads\/Reisen\/Madagaskar\/2Reise\/Reiseverlauf-768x516.jpg 768w, https:\/\/www.guhalg.com\/wordpress\/wp-content\/uploads\/Reisen\/Madagaskar\/2Reise\/Reiseverlauf-1536x1033.jpg 1536w, https:\/\/www.guhalg.com\/wordpress\/wp-content\/uploads\/Reisen\/Madagaskar\/2Reise\/Reiseverlauf.jpg 1623w\" sizes=\"auto, (max-width: 1024px) 100vw, 1024px\" \/><\/a><figcaption>Reiseverlauf<\/figcaption><\/figure><\/div>\n\n\n\n<p>So, die Route stand nun fest. Unser Guide hatte mittlerweile die Unterk\u00fcnfte gebucht, brauchte aber f\u00fcr einige der Resorts eine Vorauszahlung. Und da fingen unsere Probleme bzw. unsere Odyssee an.<\/p>\n\n\n\n<p>Wie \u00fcberweist man Geld in ein Dritte-Welt-Land?<\/p>\n\n\n\n<ul class=\"wp-block-list\"><li>\u00dcberweisungsformular \u21d2 Fehlanzeige<\/li><li>Auslands\u00fcberweisung \u21d2 Ja, aber &#8211; Nein, f\u00fcr Madagaskar geht das nicht<\/li><li>MoneyGram oder Western Union \u21d2 Ja, aber &#8211; kann evtl. gut gehen<\/li><li>?<\/li><\/ul>\n\n\n\n<p>Also R\u00fccksprache mit der Bank. Ja, \u00e4h, wir haben da ein Formular, \u00e4h, das muss ausgef\u00fcllt werden, \u00e4h. Das k\u00f6nnen Sie sich \u00fcbrigens von unserer Homepage herunterladen. Haben wir auch getan. Na ja, das Ausf\u00fcllen war dann noch genauso spannend, aber mit der Unterst\u00fctzung von unserem Bankberater haben wir alle \u201anotwendigen\u2018 Felder ausgef\u00fcllt. Besonders wichtig waren Eintragungen, deren \u00dcberpr\u00fcfung sich aus unserer Sicht als unm\u00f6glich darstellen w\u00fcrde, wichtig war aber, dass dort Daten stehen.<\/p>\n\n\n\n<p>Ein wenig mulmig ist einem dann schon bei einer \u00dcberweisung von mehreren tausend Euro mit solch einem Gebaren drumherum, aber es ist alles gut gegangen. Das Geld ist bei unserem Guide angekommen und die \u00dcbernachtungen waren gesichert. Wir hatten dann noch einigen Mailverkehr bez\u00fcglich der Detailplanung, bemerkenswert war aber letztendlich nur die Frage, ob Sie Ihre Kinder mit auf die Reise nehmen d\u00fcrfte. Es w\u00e4ren gerade Ferien und f\u00fcr unseren Guide die einzige M\u00f6glichkeit, etwas Zeit mit den Kindern zu verbringen.<\/p>\n\n\n\n<p>Ja, das klang nach einem guten Plan. Zwei Kinder auf der Tour sollten doch bestimmt f\u00fcr Unterhaltung sorgen. Jetzt galt es nur noch die Wartezeit bis zum Reisebeginn zu ertragen. Die Lust und Laune auf diese Tour war geweckt.<\/p>\n\n\n\n<div class=\"wp-block-columns is-layout-flex wp-container-core-columns-is-layout-9d6595d7 wp-block-columns-is-layout-flex\">\n<div class=\"wp-block-column is-layout-flow wp-block-column-is-layout-flow\">\n<div class=\"wp-block-buttons is-layout-flex wp-block-buttons-is-layout-flex\">\n<div class=\"wp-block-button\"><a class=\"wp-block-button__link\" href=\"https:\/\/www.guhalg.com\/wordpress\/?page_id=548\">Diashow<\/a><\/div>\n<\/div>\n<\/div>\n\n\n\n<div class=\"wp-block-column is-layout-flow wp-block-column-is-layout-flow\">\n<div class=\"wp-block-buttons is-horizontal is-content-justification-right is-layout-flex wp-container-core-buttons-is-layout-ae2fe186 wp-block-buttons-is-layout-flex\">\n<div class=\"wp-block-button\"><a class=\"wp-block-button__link\" href=\"https:\/\/www.guhalg.com\/wordpress\/?page_id=1334\">Der Start<\/a><\/div>\n<\/div>\n<\/div>\n<\/div>\n","protected":false},"excerpt":{"rendered":"<p>Nach dem ersten intensiven Besuch auf Madagaskar stand bei uns ja schon auf dem R\u00fcckweg im Flieger der Entschluss fest, dieses Land ein weiteres Mal zu besuchen. Wir wollten auch in etwa zur selben Zeit (also Juli \/ August) los&hellip; <\/p>\n","protected":false},"author":1,"featured_media":0,"parent":279,"menu_order":0,"comment_status":"closed","ping_status":"closed","template":"","meta":{"footnotes":""},"class_list":["post-1303","page","type-page","status-publish","hentry"],"_links":{"self":[{"href":"https:\/\/www.guhalg.com\/wordpress\/index.php?rest_route=\/wp\/v2\/pages\/1303","targetHints":{"allow":["GET"]}}],"collection":[{"href":"https:\/\/www.guhalg.com\/wordpress\/index.php?rest_route=\/wp\/v2\/pages"}],"about":[{"href":"https:\/\/www.guhalg.com\/wordpress\/index.php?rest_route=\/wp\/v2\/types\/page"}],"author":[{"embeddable":true,"href":"https:\/\/www.guhalg.com\/wordpress\/index.php?rest_route=\/wp\/v2\/users\/1"}],"replies":[{"embeddable":true,"href":"https:\/\/www.guhalg.com\/wordpress\/index.php?rest_route=%2Fwp%2Fv2%2Fcomments&post=1303"}],"version-history":[{"count":9,"href":"https:\/\/www.guhalg.com\/wordpress\/index.php?rest_route=\/wp\/v2\/pages\/1303\/revisions"}],"predecessor-version":[{"id":7881,"href":"https:\/\/www.guhalg.com\/wordpress\/index.php?rest_route=\/wp\/v2\/pages\/1303\/revisions\/7881"}],"up":[{"embeddable":true,"href":"https:\/\/www.guhalg.com\/wordpress\/index.php?rest_route=\/wp\/v2\/pages\/279"}],"wp:attachment":[{"href":"https:\/\/www.guhalg.com\/wordpress\/index.php?rest_route=%2Fwp%2Fv2%2Fmedia&parent=1303"}],"curies":[{"name":"wp","href":"https:\/\/api.w.org\/{rel}","templated":true}]}}