{"id":1406,"date":"2021-11-11T20:13:55","date_gmt":"2021-11-11T19:13:55","guid":{"rendered":"https:\/\/www.guhalg.com\/wordpress\/?page_id=1406"},"modified":"2022-02-09T18:03:19","modified_gmt":"2022-02-09T17:03:19","slug":"weiterreise-nach-miandrivazo-2","status":"publish","type":"page","link":"https:\/\/www.guhalg.com\/wordpress\/?page_id=1406","title":{"rendered":"Weiterreise nach Miandrivazo"},"content":{"rendered":"\n<p>Am n\u00e4chsten Morgen ging es weiter. P\u00fcnktlich um 8.00 Uhr war Abfahrt, da wir heute einen langen Weg vor uns hatten, aber nat\u00fcrlich auch wieder einige Besichtigungen. So einen kleinen Betrieb zur Edelsteinverarbeitung und weiter \u00fcber den Vulkansee Lac Andraikiba mit einem kurzen Spaziergang. Anschlie\u00dfend eine Fahrt durch extrem trockenes Gel\u00e4nde bis zum Lac Tritriva.<\/p>\n\n\n\n<p>Aber hier die Strecke, die es zu bew\u00e4ltigen galt:<\/p>\n\n\n\n<div class=\"wp-block-image\"><figure class=\"aligncenter size-large\"><a href=\"https:\/\/www.guhalg.com\/wordpress\/wp-content\/uploads\/Reisen\/Madagaskar\/2Weiterreise\/Antsirabe nach Miandrivazo.jpg\"><img loading=\"lazy\" decoding=\"async\" width=\"1024\" height=\"688\" src=\"https:\/\/www.guhalg.com\/wordpress\/wp-content\/uploads\/Reisen\/Madagaskar\/2Weiterreise\/Antsirabe nach Miandrivazo-1024x688.jpg\" alt=\"Antsirabe nach Miandrivazo\" class=\"wp-image-1418\" title=\"Antsirabe nach Miandrivazo\" srcset=\"https:\/\/www.guhalg.com\/wordpress\/wp-content\/uploads\/Reisen\/Madagaskar\/2Weiterreise\/Antsirabe%20nach%20Miandrivazo-1024x688.jpg 1024w, https:\/\/www.guhalg.com\/wordpress\/wp-content\/uploads\/Reisen\/Madagaskar\/2Weiterreise\/Antsirabe%20nach%20Miandrivazo-300x202.jpg 300w, https:\/\/www.guhalg.com\/wordpress\/wp-content\/uploads\/Reisen\/Madagaskar\/2Weiterreise\/Antsirabe%20nach%20Miandrivazo-768x516.jpg 768w, https:\/\/www.guhalg.com\/wordpress\/wp-content\/uploads\/Reisen\/Madagaskar\/2Weiterreise\/Antsirabe%20nach%20Miandrivazo-1536x1033.jpg 1536w, https:\/\/www.guhalg.com\/wordpress\/wp-content\/uploads\/Reisen\/Madagaskar\/2Weiterreise\/Antsirabe%20nach%20Miandrivazo.jpg 1623w\" sizes=\"auto, (max-width: 1024px) 100vw, 1024px\" \/><\/a><figcaption>Antsirabe nach Miandrivazo<\/figcaption><\/figure><\/div>\n\n\n\n<p>Die kleinen Spazierg\u00e4nge an und um die Vulkanseen waren f\u00fcr diesen Tag auch die mehr und minder gro\u00dfen H\u00f6hepunkte des Tages. Minder deswegen, da wir f\u00fcr weitere gr\u00f6\u00dfere Aktivit\u00e4ten einfach keine Zeit hatten, mehr, weil es landschaftlich sehr reizvoll war und wir uns auch die Zeit geg\u00f6nnt haben, dieses ruhig und entspannt anzugehen.<\/p>\n\n\n\n<div class=\"wp-block-image\"><figure class=\"aligncenter size-large\"><a href=\"https:\/\/www.guhalg.com\/wordpress\/wp-content\/uploads\/Reisen\/Madagaskar\/2Weiterreise\/Lac Andraikiba.jpg\"><img loading=\"lazy\" decoding=\"async\" width=\"1024\" height=\"721\" src=\"https:\/\/www.guhalg.com\/wordpress\/wp-content\/uploads\/Reisen\/Madagaskar\/2Weiterreise\/Lac Andraikiba-1024x721.jpg\" alt=\"Lac Andraikiba\" class=\"wp-image-1421\" srcset=\"https:\/\/www.guhalg.com\/wordpress\/wp-content\/uploads\/Reisen\/Madagaskar\/2Weiterreise\/Lac%20Andraikiba-1024x721.jpg 1024w, https:\/\/www.guhalg.com\/wordpress\/wp-content\/uploads\/Reisen\/Madagaskar\/2Weiterreise\/Lac%20Andraikiba-300x211.jpg 300w, https:\/\/www.guhalg.com\/wordpress\/wp-content\/uploads\/Reisen\/Madagaskar\/2Weiterreise\/Lac%20Andraikiba-768x540.jpg 768w, https:\/\/www.guhalg.com\/wordpress\/wp-content\/uploads\/Reisen\/Madagaskar\/2Weiterreise\/Lac%20Andraikiba-1536x1081.jpg 1536w, https:\/\/www.guhalg.com\/wordpress\/wp-content\/uploads\/Reisen\/Madagaskar\/2Weiterreise\/Lac%20Andraikiba.jpg 1920w\" sizes=\"auto, (max-width: 1024px) 100vw, 1024px\" \/><\/a><figcaption>Lac Andraikiba<\/figcaption><\/figure><\/div>\n\n\n\n<div class=\"wp-block-columns is-layout-flex wp-container-core-columns-is-layout-9d6595d7 wp-block-columns-is-layout-flex\">\n<div class=\"wp-block-column is-layout-flow wp-block-column-is-layout-flow\">\n<div class=\"wp-block-image\"><figure class=\"aligncenter size-large\"><a href=\"https:\/\/www.guhalg.com\/wordpress\/wp-content\/uploads\/Reisen\/Madagaskar\/2Weiterreise\/Lac Tritriva.jpg\"><img loading=\"lazy\" decoding=\"async\" width=\"1024\" height=\"575\" src=\"https:\/\/www.guhalg.com\/wordpress\/wp-content\/uploads\/Reisen\/Madagaskar\/2Weiterreise\/Lac Tritriva-1024x575.jpg\" alt=\"Lac Tritriva\" class=\"wp-image-1422\" srcset=\"https:\/\/www.guhalg.com\/wordpress\/wp-content\/uploads\/Reisen\/Madagaskar\/2Weiterreise\/Lac%20Tritriva-1024x575.jpg 1024w, https:\/\/www.guhalg.com\/wordpress\/wp-content\/uploads\/Reisen\/Madagaskar\/2Weiterreise\/Lac%20Tritriva-300x169.jpg 300w, https:\/\/www.guhalg.com\/wordpress\/wp-content\/uploads\/Reisen\/Madagaskar\/2Weiterreise\/Lac%20Tritriva-768x432.jpg 768w, https:\/\/www.guhalg.com\/wordpress\/wp-content\/uploads\/Reisen\/Madagaskar\/2Weiterreise\/Lac%20Tritriva-1536x863.jpg 1536w, https:\/\/www.guhalg.com\/wordpress\/wp-content\/uploads\/Reisen\/Madagaskar\/2Weiterreise\/Lac%20Tritriva.jpg 1920w\" sizes=\"auto, (max-width: 1024px) 100vw, 1024px\" \/><\/a><figcaption>Lac Tritriva<\/figcaption><\/figure><\/div>\n<\/div>\n\n\n\n<div class=\"wp-block-column is-layout-flow wp-block-column-is-layout-flow\">\n<div class=\"wp-block-image\"><figure class=\"aligncenter size-large\"><a href=\"https:\/\/www.guhalg.com\/wordpress\/wp-content\/uploads\/Reisen\/Madagaskar\/2Weiterreise\/Lac Tritriva2.jpg\"><img loading=\"lazy\" decoding=\"async\" width=\"1024\" height=\"575\" src=\"https:\/\/www.guhalg.com\/wordpress\/wp-content\/uploads\/Reisen\/Madagaskar\/2Weiterreise\/Lac Tritriva2-1024x575.jpg\" alt=\"Lac Tritriva\" class=\"wp-image-1423\" srcset=\"https:\/\/www.guhalg.com\/wordpress\/wp-content\/uploads\/Reisen\/Madagaskar\/2Weiterreise\/Lac%20Tritriva2-1024x575.jpg 1024w, https:\/\/www.guhalg.com\/wordpress\/wp-content\/uploads\/Reisen\/Madagaskar\/2Weiterreise\/Lac%20Tritriva2-300x169.jpg 300w, https:\/\/www.guhalg.com\/wordpress\/wp-content\/uploads\/Reisen\/Madagaskar\/2Weiterreise\/Lac%20Tritriva2-768x432.jpg 768w, https:\/\/www.guhalg.com\/wordpress\/wp-content\/uploads\/Reisen\/Madagaskar\/2Weiterreise\/Lac%20Tritriva2-1536x863.jpg 1536w, https:\/\/www.guhalg.com\/wordpress\/wp-content\/uploads\/Reisen\/Madagaskar\/2Weiterreise\/Lac%20Tritriva2.jpg 1920w\" sizes=\"auto, (max-width: 1024px) 100vw, 1024px\" \/><\/a><figcaption>Lac Tritriva<\/figcaption><\/figure><\/div>\n<\/div>\n<\/div>\n\n\n\n<p>Schon bei der Hinfahrt zum Lac Tritriva ist uns streckenweise die extrem trockene Landschaft aufgefallen. Auch wenn ein gro\u00dfer Blick vom Vulkankegel herab in die Landschaft dieses nicht unbedingt vermuten l\u00e4sst, aber ein weiterer Blick in unsere Fahrtrichtung mit dem Sandsturm spricht eigene B\u00e4nde.<\/p>\n\n\n\n<div class=\"wp-block-image\"><figure class=\"aligncenter size-large\"><a href=\"https:\/\/www.guhalg.com\/wordpress\/wp-content\/uploads\/Reisen\/Madagaskar\/2Weiterreise\/Landschaft.jpg\"><img loading=\"lazy\" decoding=\"async\" width=\"1024\" height=\"621\" src=\"https:\/\/www.guhalg.com\/wordpress\/wp-content\/uploads\/Reisen\/Madagaskar\/2Weiterreise\/Landschaft-1024x621.jpg\" alt=\"Die Landschaft am Lac Tritriva\" class=\"wp-image-1424\" srcset=\"https:\/\/www.guhalg.com\/wordpress\/wp-content\/uploads\/Reisen\/Madagaskar\/2Weiterreise\/Landschaft-1024x621.jpg 1024w, https:\/\/www.guhalg.com\/wordpress\/wp-content\/uploads\/Reisen\/Madagaskar\/2Weiterreise\/Landschaft-300x182.jpg 300w, https:\/\/www.guhalg.com\/wordpress\/wp-content\/uploads\/Reisen\/Madagaskar\/2Weiterreise\/Landschaft-768x466.jpg 768w, https:\/\/www.guhalg.com\/wordpress\/wp-content\/uploads\/Reisen\/Madagaskar\/2Weiterreise\/Landschaft-1536x932.jpg 1536w, https:\/\/www.guhalg.com\/wordpress\/wp-content\/uploads\/Reisen\/Madagaskar\/2Weiterreise\/Landschaft.jpg 1920w\" sizes=\"auto, (max-width: 1024px) 100vw, 1024px\" \/><\/a><figcaption>Die Landschaft am Lac Tritriva<\/figcaption><\/figure><\/div>\n\n\n\n<div class=\"wp-block-image\"><figure class=\"aligncenter size-large\"><a href=\"https:\/\/www.guhalg.com\/wordpress\/wp-content\/uploads\/Reisen\/Madagaskar\/2Weiterreise\/Sandsturm.jpg\"><img loading=\"lazy\" decoding=\"async\" width=\"1024\" height=\"575\" src=\"https:\/\/www.guhalg.com\/wordpress\/wp-content\/uploads\/Reisen\/Madagaskar\/2Weiterreise\/Sandsturm-1024x575.jpg\" alt=\"Der Sandsturm\" class=\"wp-image-1427\" srcset=\"https:\/\/www.guhalg.com\/wordpress\/wp-content\/uploads\/Reisen\/Madagaskar\/2Weiterreise\/Sandsturm-1024x575.jpg 1024w, https:\/\/www.guhalg.com\/wordpress\/wp-content\/uploads\/Reisen\/Madagaskar\/2Weiterreise\/Sandsturm-300x169.jpg 300w, https:\/\/www.guhalg.com\/wordpress\/wp-content\/uploads\/Reisen\/Madagaskar\/2Weiterreise\/Sandsturm-768x432.jpg 768w, https:\/\/www.guhalg.com\/wordpress\/wp-content\/uploads\/Reisen\/Madagaskar\/2Weiterreise\/Sandsturm-1536x863.jpg 1536w, https:\/\/www.guhalg.com\/wordpress\/wp-content\/uploads\/Reisen\/Madagaskar\/2Weiterreise\/Sandsturm.jpg 1920w\" sizes=\"auto, (max-width: 1024px) 100vw, 1024px\" \/><\/a><figcaption>Der Sandsturm<\/figcaption><\/figure><\/div>\n\n\n\n<p>Wir haben auch einige Minuten gewartet, bis der Sturm weitergezogen ist und sind frohgelaunt ins Auto eingestiegen, um die Strecke fortzusetzen. Vorbei an H\u00e4usern und Feldern ging es gut drei Stunden ununterbrochen weiter, bis wir uns nach der gr\u00f6\u00dften Mittagshitze am Stra\u00dfenrand zu einem kleinen Imbiss niedergelassen hatten. Es gab frisches Baguette, das wir morgens noch gekauft hatten, belegt mit Streichk\u00e4se und zum Trinken nicht mehr ganz so kaltes Wasser.<\/p>\n\n\n\n<div class=\"wp-block-columns is-layout-flex wp-container-core-columns-is-layout-9d6595d7 wp-block-columns-is-layout-flex\">\n<div class=\"wp-block-column is-layout-flow wp-block-column-is-layout-flow\">\n<div class=\"wp-block-image\"><figure class=\"aligncenter size-large\"><a href=\"https:\/\/www.guhalg.com\/wordpress\/wp-content\/uploads\/Reisen\/Madagaskar\/2Weiterreise\/Haueser.jpg\"><img loading=\"lazy\" decoding=\"async\" width=\"1024\" height=\"575\" src=\"https:\/\/www.guhalg.com\/wordpress\/wp-content\/uploads\/Reisen\/Madagaskar\/2Weiterreise\/Haueser-1024x575.jpg\" alt=\"H\u00e4user - irgendwo im Nichts\" class=\"wp-image-1420\" srcset=\"https:\/\/www.guhalg.com\/wordpress\/wp-content\/uploads\/Reisen\/Madagaskar\/2Weiterreise\/Haueser-1024x575.jpg 1024w, https:\/\/www.guhalg.com\/wordpress\/wp-content\/uploads\/Reisen\/Madagaskar\/2Weiterreise\/Haueser-300x169.jpg 300w, https:\/\/www.guhalg.com\/wordpress\/wp-content\/uploads\/Reisen\/Madagaskar\/2Weiterreise\/Haueser-768x432.jpg 768w, https:\/\/www.guhalg.com\/wordpress\/wp-content\/uploads\/Reisen\/Madagaskar\/2Weiterreise\/Haueser-1536x863.jpg 1536w, https:\/\/www.guhalg.com\/wordpress\/wp-content\/uploads\/Reisen\/Madagaskar\/2Weiterreise\/Haueser.jpg 1920w\" sizes=\"auto, (max-width: 1024px) 100vw, 1024px\" \/><\/a><figcaption>H\u00e4user &#8211; irgendwo im Nichts<\/figcaption><\/figure><\/div>\n<\/div>\n\n\n\n<div class=\"wp-block-column is-layout-flow wp-block-column-is-layout-flow\">\n<div class=\"wp-block-image\"><figure class=\"aligncenter size-large\"><a href=\"https:\/\/www.guhalg.com\/wordpress\/wp-content\/uploads\/Reisen\/Madagaskar\/2Weiterreise\/Felder.jpg\"><img loading=\"lazy\" decoding=\"async\" width=\"1024\" height=\"575\" src=\"https:\/\/www.guhalg.com\/wordpress\/wp-content\/uploads\/Reisen\/Madagaskar\/2Weiterreise\/Felder-1024x575.jpg\" alt=\"Felder - irgendwo im Nichts\" class=\"wp-image-1419\" srcset=\"https:\/\/www.guhalg.com\/wordpress\/wp-content\/uploads\/Reisen\/Madagaskar\/2Weiterreise\/Felder-1024x575.jpg 1024w, https:\/\/www.guhalg.com\/wordpress\/wp-content\/uploads\/Reisen\/Madagaskar\/2Weiterreise\/Felder-300x169.jpg 300w, https:\/\/www.guhalg.com\/wordpress\/wp-content\/uploads\/Reisen\/Madagaskar\/2Weiterreise\/Felder-768x432.jpg 768w, https:\/\/www.guhalg.com\/wordpress\/wp-content\/uploads\/Reisen\/Madagaskar\/2Weiterreise\/Felder-1536x863.jpg 1536w, https:\/\/www.guhalg.com\/wordpress\/wp-content\/uploads\/Reisen\/Madagaskar\/2Weiterreise\/Felder.jpg 1920w\" sizes=\"auto, (max-width: 1024px) 100vw, 1024px\" \/><\/a><figcaption>Felder &#8211; irgendwo im Nichts<\/figcaption><\/figure><\/div>\n<\/div>\n\n\n\n<div class=\"wp-block-column is-layout-flow wp-block-column-is-layout-flow\">\n<div class=\"wp-block-image\"><figure class=\"aligncenter size-large\"><a href=\"https:\/\/www.guhalg.com\/wordpress\/wp-content\/uploads\/Reisen\/Madagaskar\/2Weiterreise\/Picknik.jpg\"><img loading=\"lazy\" decoding=\"async\" width=\"1024\" height=\"575\" src=\"https:\/\/www.guhalg.com\/wordpress\/wp-content\/uploads\/Reisen\/Madagaskar\/2Weiterreise\/Picknik-1024x575.jpg\" alt=\"Picknick - irgendwo im Nichts\" class=\"wp-image-1426\" srcset=\"https:\/\/www.guhalg.com\/wordpress\/wp-content\/uploads\/Reisen\/Madagaskar\/2Weiterreise\/Picknik-1024x575.jpg 1024w, https:\/\/www.guhalg.com\/wordpress\/wp-content\/uploads\/Reisen\/Madagaskar\/2Weiterreise\/Picknik-300x169.jpg 300w, https:\/\/www.guhalg.com\/wordpress\/wp-content\/uploads\/Reisen\/Madagaskar\/2Weiterreise\/Picknik-768x432.jpg 768w, https:\/\/www.guhalg.com\/wordpress\/wp-content\/uploads\/Reisen\/Madagaskar\/2Weiterreise\/Picknik-1536x863.jpg 1536w, https:\/\/www.guhalg.com\/wordpress\/wp-content\/uploads\/Reisen\/Madagaskar\/2Weiterreise\/Picknik.jpg 1920w\" sizes=\"auto, (max-width: 1024px) 100vw, 1024px\" \/><\/a><figcaption>Picknick &#8211; irgendwo im Nichts<\/figcaption><\/figure><\/div>\n<\/div>\n<\/div>\n\n\n\n<p>Bei der Weiterfahrt gab es nach wenigen Kilometern Probleme mit dem Wagen. Der K\u00fchler ist langsam hei\u00dfgelaufen. W\u00e4hrend Eddy, unser Fahrer, noch am Untersuchen war, kam auch schon ein Fahrradfahrer vorbei und bot seine Hilfe an. Zusammen haben Sie die K\u00fchlwasserschl\u00e4uche neu bzw. kraftvoller befestigt, sodass wir in den Abend hinein weiterfahren konnten. Mit dem Sonnenuntergang wurden die Schatten immer l\u00e4nger und die Farben immer kr\u00e4ftiger. Gl\u00fccklicherweise hatten wir unsere Unterkunft aber noch im Hellen erreicht. Am n\u00e4chsten Tag sollte ja schlie\u00dflich auch das gro\u00dfe Abenteuer mit der Bootsfahrt beginnen. Mit zwei Bilder aus der Abendstimmung heraus beenden wir diesen langen, reise intensiven Tag.<\/p>\n\n\n\n<div class=\"wp-block-columns is-layout-flex wp-container-core-columns-is-layout-9d6595d7 wp-block-columns-is-layout-flex\">\n<div class=\"wp-block-column is-layout-flow wp-block-column-is-layout-flow\">\n<div class=\"wp-block-image\"><figure class=\"aligncenter size-large\"><a href=\"https:\/\/www.guhalg.com\/wordpress\/wp-content\/uploads\/Reisen\/Madagaskar\/2Weiterreise\/On The Road.jpg\"><img loading=\"lazy\" decoding=\"async\" width=\"1024\" height=\"575\" src=\"https:\/\/www.guhalg.com\/wordpress\/wp-content\/uploads\/Reisen\/Madagaskar\/2Weiterreise\/On The Road-1024x575.jpg\" alt=\"On The Road\" class=\"wp-image-1425\" srcset=\"https:\/\/www.guhalg.com\/wordpress\/wp-content\/uploads\/Reisen\/Madagaskar\/2Weiterreise\/On%20The%20Road-1024x575.jpg 1024w, https:\/\/www.guhalg.com\/wordpress\/wp-content\/uploads\/Reisen\/Madagaskar\/2Weiterreise\/On%20The%20Road-300x169.jpg 300w, https:\/\/www.guhalg.com\/wordpress\/wp-content\/uploads\/Reisen\/Madagaskar\/2Weiterreise\/On%20The%20Road-768x432.jpg 768w, https:\/\/www.guhalg.com\/wordpress\/wp-content\/uploads\/Reisen\/Madagaskar\/2Weiterreise\/On%20The%20Road-1536x863.jpg 1536w, https:\/\/www.guhalg.com\/wordpress\/wp-content\/uploads\/Reisen\/Madagaskar\/2Weiterreise\/On%20The%20Road.jpg 1920w\" sizes=\"auto, (max-width: 1024px) 100vw, 1024px\" \/><\/a><figcaption>On The Road<\/figcaption><\/figure><\/div>\n<\/div>\n\n\n\n<div class=\"wp-block-column is-layout-flow wp-block-column-is-layout-flow\">\n<div class=\"wp-block-image\"><figure class=\"aligncenter size-large\"><a href=\"https:\/\/www.guhalg.com\/wordpress\/wp-content\/uploads\/Reisen\/Madagaskar\/2Weiterreise\/Abendstimmung.jpg\"><img loading=\"lazy\" decoding=\"async\" width=\"1024\" height=\"575\" src=\"https:\/\/www.guhalg.com\/wordpress\/wp-content\/uploads\/Reisen\/Madagaskar\/2Weiterreise\/Abendstimmung-1024x575.jpg\" alt=\"Abendstimmung im Gebirge\" class=\"wp-image-1417\" srcset=\"https:\/\/www.guhalg.com\/wordpress\/wp-content\/uploads\/Reisen\/Madagaskar\/2Weiterreise\/Abendstimmung-1024x575.jpg 1024w, https:\/\/www.guhalg.com\/wordpress\/wp-content\/uploads\/Reisen\/Madagaskar\/2Weiterreise\/Abendstimmung-300x169.jpg 300w, https:\/\/www.guhalg.com\/wordpress\/wp-content\/uploads\/Reisen\/Madagaskar\/2Weiterreise\/Abendstimmung-768x432.jpg 768w, https:\/\/www.guhalg.com\/wordpress\/wp-content\/uploads\/Reisen\/Madagaskar\/2Weiterreise\/Abendstimmung-1536x863.jpg 1536w, https:\/\/www.guhalg.com\/wordpress\/wp-content\/uploads\/Reisen\/Madagaskar\/2Weiterreise\/Abendstimmung.jpg 1920w\" sizes=\"auto, (max-width: 1024px) 100vw, 1024px\" \/><\/a><figcaption>Abendstimmung im Gebirge<\/figcaption><\/figure><\/div>\n<\/div>\n<\/div>\n\n\n\n<div class=\"wp-block-columns is-layout-flex wp-container-core-columns-is-layout-9d6595d7 wp-block-columns-is-layout-flex\">\n<div class=\"wp-block-column is-layout-flow wp-block-column-is-layout-flow\">\n<div class=\"wp-block-buttons is-layout-flex wp-block-buttons-is-layout-flex\">\n<div class=\"wp-block-button\"><a class=\"wp-block-button__link\" href=\"https:\/\/www.guhalg.com\/wordpress\/?page_id=1334\">Der Start<\/a><\/div>\n<\/div>\n<\/div>\n\n\n\n<div class=\"wp-block-column is-layout-flow wp-block-column-is-layout-flow\">\n<div class=\"wp-block-buttons is-horizontal is-content-justification-right is-layout-flex wp-container-core-buttons-is-layout-ae2fe186 wp-block-buttons-is-layout-flex\">\n<div class=\"wp-block-button\"><a class=\"wp-block-button__link\" href=\"https:\/\/www.guhalg.com\/wordpress\/?page_id=1439\">von Miandrivazo nach Bekopaka<\/a><\/div>\n<\/div>\n<\/div>\n<\/div>\n","protected":false},"excerpt":{"rendered":"<p>Am n\u00e4chsten Morgen ging es weiter. P\u00fcnktlich um 8.00 Uhr war Abfahrt, da wir heute einen langen Weg vor uns hatten, aber nat\u00fcrlich auch wieder einige Besichtigungen. So einen kleinen Betrieb zur Edelsteinverarbeitung und weiter \u00fcber den Vulkansee Lac Andraikiba&hellip; <\/p>\n","protected":false},"author":1,"featured_media":0,"parent":279,"menu_order":0,"comment_status":"closed","ping_status":"closed","template":"","meta":{"footnotes":""},"class_list":["post-1406","page","type-page","status-publish","hentry"],"_links":{"self":[{"href":"https:\/\/www.guhalg.com\/wordpress\/index.php?rest_route=\/wp\/v2\/pages\/1406","targetHints":{"allow":["GET"]}}],"collection":[{"href":"https:\/\/www.guhalg.com\/wordpress\/index.php?rest_route=\/wp\/v2\/pages"}],"about":[{"href":"https:\/\/www.guhalg.com\/wordpress\/index.php?rest_route=\/wp\/v2\/types\/page"}],"author":[{"embeddable":true,"href":"https:\/\/www.guhalg.com\/wordpress\/index.php?rest_route=\/wp\/v2\/users\/1"}],"replies":[{"embeddable":true,"href":"https:\/\/www.guhalg.com\/wordpress\/index.php?rest_route=%2Fwp%2Fv2%2Fcomments&post=1406"}],"version-history":[{"count":11,"href":"https:\/\/www.guhalg.com\/wordpress\/index.php?rest_route=\/wp\/v2\/pages\/1406\/revisions"}],"predecessor-version":[{"id":7884,"href":"https:\/\/www.guhalg.com\/wordpress\/index.php?rest_route=\/wp\/v2\/pages\/1406\/revisions\/7884"}],"up":[{"embeddable":true,"href":"https:\/\/www.guhalg.com\/wordpress\/index.php?rest_route=\/wp\/v2\/pages\/279"}],"wp:attachment":[{"href":"https:\/\/www.guhalg.com\/wordpress\/index.php?rest_route=%2Fwp%2Fv2%2Fmedia&parent=1406"}],"curies":[{"name":"wp","href":"https:\/\/api.w.org\/{rel}","templated":true}]}}