{"id":1511,"date":"2021-11-12T18:02:40","date_gmt":"2021-11-12T17:02:40","guid":{"rendered":"https:\/\/www.guhalg.com\/wordpress\/?page_id=1511"},"modified":"2022-02-09T18:11:02","modified_gmt":"2022-02-09T17:11:02","slug":"die-flussfahrt-geht-weiter","status":"publish","type":"page","link":"https:\/\/www.guhalg.com\/wordpress\/?page_id=1511","title":{"rendered":"Die Flussfahrt geht weiter"},"content":{"rendered":"\n<h3 class=\"wp-block-heading\" id=\"madagaskar-von-miandrivazo-nach-bekopaka\">Madagaskar &#8211; von Miandrivazo nach Bekopaka<\/h3>\n\n\n\n<p>Ja, am zweiten Tag der Bootsreise haben wir gegen Abend auch wieder an einer Sandbank angelegt, allerdings hier in der N\u00e4he eines Dorfes und einer kleinen Station mit Restaurant und Laden am Ufer. Das darf man sich jetzt nicht so vorstellen wie hier in Europa, wir h\u00e4tten diese Raststation sicherlich nicht als solche erkannt, aber versucht auf den beiden folgenden Bildern sowohl Restaurant als auch Laden zu finden.<\/p>\n\n\n\n<div class=\"wp-block-columns is-layout-flex wp-container-core-columns-is-layout-9d6595d7 wp-block-columns-is-layout-flex\">\n<div class=\"wp-block-column is-layout-flow wp-block-column-is-layout-flow\">\n<div class=\"wp-block-image\"><figure class=\"aligncenter size-large\"><a href=\"https:\/\/www.guhalg.com\/wordpress\/wp-content\/uploads\/Reisen\/Madagaskar\/Flussfahrt\/Raststaion1.JPG\"><img loading=\"lazy\" decoding=\"async\" width=\"1024\" height=\"575\" src=\"https:\/\/www.guhalg.com\/wordpress\/wp-content\/uploads\/Reisen\/Madagaskar\/Flussfahrt\/Raststaion1-1024x575.jpg\" alt=\"Die Raststation auf einer Sandbank\" class=\"wp-image-1458\" srcset=\"https:\/\/www.guhalg.com\/wordpress\/wp-content\/uploads\/Reisen\/Madagaskar\/Flussfahrt\/Raststaion1-1024x575.jpg 1024w, https:\/\/www.guhalg.com\/wordpress\/wp-content\/uploads\/Reisen\/Madagaskar\/Flussfahrt\/Raststaion1-300x169.jpg 300w, https:\/\/www.guhalg.com\/wordpress\/wp-content\/uploads\/Reisen\/Madagaskar\/Flussfahrt\/Raststaion1-768x432.jpg 768w, https:\/\/www.guhalg.com\/wordpress\/wp-content\/uploads\/Reisen\/Madagaskar\/Flussfahrt\/Raststaion1-1536x863.jpg 1536w, https:\/\/www.guhalg.com\/wordpress\/wp-content\/uploads\/Reisen\/Madagaskar\/Flussfahrt\/Raststaion1.JPG 1920w\" sizes=\"auto, (max-width: 1024px) 100vw, 1024px\" \/><\/a><figcaption>Die Raststation auf einer Sandbank<\/figcaption><\/figure><\/div>\n<\/div>\n\n\n\n<div class=\"wp-block-column is-layout-flow wp-block-column-is-layout-flow\">\n<div class=\"wp-block-image\"><figure class=\"aligncenter size-large\"><a href=\"https:\/\/www.guhalg.com\/wordpress\/wp-content\/uploads\/Reisen\/Madagaskar\/Flussfahrt\/Raststation2.JPG\"><img loading=\"lazy\" decoding=\"async\" width=\"1024\" height=\"575\" src=\"https:\/\/www.guhalg.com\/wordpress\/wp-content\/uploads\/Reisen\/Madagaskar\/Flussfahrt\/Raststation2-1024x575.jpg\" alt=\"Die Raststation auf einer Sandbank\" class=\"wp-image-1459\" srcset=\"https:\/\/www.guhalg.com\/wordpress\/wp-content\/uploads\/Reisen\/Madagaskar\/Flussfahrt\/Raststation2-1024x575.jpg 1024w, https:\/\/www.guhalg.com\/wordpress\/wp-content\/uploads\/Reisen\/Madagaskar\/Flussfahrt\/Raststation2-300x169.jpg 300w, https:\/\/www.guhalg.com\/wordpress\/wp-content\/uploads\/Reisen\/Madagaskar\/Flussfahrt\/Raststation2-768x432.jpg 768w, https:\/\/www.guhalg.com\/wordpress\/wp-content\/uploads\/Reisen\/Madagaskar\/Flussfahrt\/Raststation2-1536x863.jpg 1536w, https:\/\/www.guhalg.com\/wordpress\/wp-content\/uploads\/Reisen\/Madagaskar\/Flussfahrt\/Raststation2.JPG 1920w\" sizes=\"auto, (max-width: 1024px) 100vw, 1024px\" \/><\/a><figcaption>Die Raststation auf einer Sandbank<\/figcaption><\/figure><\/div>\n<\/div>\n<\/div>\n\n\n\n<p>Auf dem ersten Bild seht ihr rechts ein Restaurant und links davon einen kleinen Laden. Beim zweiten Bild dann unser Boot, dort wo wir f\u00fcr die Nacht festgemacht hatten.<\/p>\n\n\n\n<p>Auch hier wurden wir nach dem Aussteigen wieder von Kindern umringt, die uns die ganze Zeit begleitet haben. Jocy und Chrischi haben zwischendurch mit ihnen etwas Gymnastik\u00fcbungen durchgef\u00fchrt und erst mit dem Einbruch der Dunkelheit wurden sie dann in ihr Dorf gerufen. Wir wurden dabei auch parallel zum Boot gerufen, um den Sonnenuntergang mit einem kleinen Snack vor dem Abendessen zu genie\u00dfen und den, von der Bootscrew selbst hergestellten, Rhum Arrange zu probieren. Mit Recht ist der Kapit\u00e4n stolz auf diesen Ansatzlik\u00f6r aus Rum und Fr\u00fcchten, vergleichbar bei uns mit dem Rumtopf.<\/p>\n\n\n\n<div class=\"wp-block-columns is-layout-flex wp-container-core-columns-is-layout-9d6595d7 wp-block-columns-is-layout-flex\">\n<div class=\"wp-block-column is-layout-flow wp-block-column-is-layout-flow\">\n<div class=\"wp-block-image\"><figure class=\"aligncenter size-large\"><a href=\"https:\/\/www.guhalg.com\/wordpress\/wp-content\/uploads\/Reisen\/Madagaskar\/Flussfahrt\/Sonnenuntergang.jpg\"><img loading=\"lazy\" decoding=\"async\" width=\"1024\" height=\"575\" src=\"https:\/\/www.guhalg.com\/wordpress\/wp-content\/uploads\/Reisen\/Madagaskar\/Flussfahrt\/Sonnenuntergang-1024x575.jpg\" alt=\"Sonnenuntergang am Rastplatz\" class=\"wp-image-1462\" srcset=\"https:\/\/www.guhalg.com\/wordpress\/wp-content\/uploads\/Reisen\/Madagaskar\/Flussfahrt\/Sonnenuntergang-1024x575.jpg 1024w, https:\/\/www.guhalg.com\/wordpress\/wp-content\/uploads\/Reisen\/Madagaskar\/Flussfahrt\/Sonnenuntergang-300x169.jpg 300w, https:\/\/www.guhalg.com\/wordpress\/wp-content\/uploads\/Reisen\/Madagaskar\/Flussfahrt\/Sonnenuntergang-768x432.jpg 768w, https:\/\/www.guhalg.com\/wordpress\/wp-content\/uploads\/Reisen\/Madagaskar\/Flussfahrt\/Sonnenuntergang-1536x863.jpg 1536w, https:\/\/www.guhalg.com\/wordpress\/wp-content\/uploads\/Reisen\/Madagaskar\/Flussfahrt\/Sonnenuntergang.jpg 1920w\" sizes=\"auto, (max-width: 1024px) 100vw, 1024px\" \/><\/a><figcaption>Sonnenuntergang am Rastplatz<\/figcaption><\/figure><\/div>\n<\/div>\n\n\n\n<div class=\"wp-block-column is-layout-flow wp-block-column-is-layout-flow\">\n<div class=\"wp-block-image\"><figure class=\"aligncenter size-large\"><a href=\"https:\/\/www.guhalg.com\/wordpress\/wp-content\/uploads\/Reisen\/Madagaskar\/Flussfahrt\/Snakies.jpg\"><img loading=\"lazy\" decoding=\"async\" width=\"1024\" height=\"575\" src=\"https:\/\/www.guhalg.com\/wordpress\/wp-content\/uploads\/Reisen\/Madagaskar\/Flussfahrt\/Snakies-1024x575.jpg\" alt=\"kleiner Zwischensnack\" class=\"wp-image-1461\" srcset=\"https:\/\/www.guhalg.com\/wordpress\/wp-content\/uploads\/Reisen\/Madagaskar\/Flussfahrt\/Snakies-1024x575.jpg 1024w, https:\/\/www.guhalg.com\/wordpress\/wp-content\/uploads\/Reisen\/Madagaskar\/Flussfahrt\/Snakies-300x169.jpg 300w, https:\/\/www.guhalg.com\/wordpress\/wp-content\/uploads\/Reisen\/Madagaskar\/Flussfahrt\/Snakies-768x432.jpg 768w, https:\/\/www.guhalg.com\/wordpress\/wp-content\/uploads\/Reisen\/Madagaskar\/Flussfahrt\/Snakies-1536x863.jpg 1536w, https:\/\/www.guhalg.com\/wordpress\/wp-content\/uploads\/Reisen\/Madagaskar\/Flussfahrt\/Snakies.jpg 1920w\" sizes=\"auto, (max-width: 1024px) 100vw, 1024px\" \/><\/a><figcaption>Sonnenuntergang am Rastplatz<\/figcaption><\/figure><\/div>\n<\/div>\n\n\n\n<div class=\"wp-block-column is-layout-flow wp-block-column-is-layout-flow\">\n<div class=\"wp-block-image\"><figure class=\"aligncenter size-large\"><a href=\"https:\/\/www.guhalg.com\/wordpress\/wp-content\/uploads\/Reisen\/Madagaskar\/Flussfahrt\/Stolz.jpg\"><img loading=\"lazy\" decoding=\"async\" width=\"1024\" height=\"575\" src=\"https:\/\/www.guhalg.com\/wordpress\/wp-content\/uploads\/Reisen\/Madagaskar\/Flussfahrt\/Stolz-1024x575.jpg\" alt=\"Der stolze Kapit\u00e4n\" class=\"wp-image-1463\" srcset=\"https:\/\/www.guhalg.com\/wordpress\/wp-content\/uploads\/Reisen\/Madagaskar\/Flussfahrt\/Stolz-1024x575.jpg 1024w, https:\/\/www.guhalg.com\/wordpress\/wp-content\/uploads\/Reisen\/Madagaskar\/Flussfahrt\/Stolz-300x169.jpg 300w, https:\/\/www.guhalg.com\/wordpress\/wp-content\/uploads\/Reisen\/Madagaskar\/Flussfahrt\/Stolz-768x432.jpg 768w, https:\/\/www.guhalg.com\/wordpress\/wp-content\/uploads\/Reisen\/Madagaskar\/Flussfahrt\/Stolz-1536x863.jpg 1536w, https:\/\/www.guhalg.com\/wordpress\/wp-content\/uploads\/Reisen\/Madagaskar\/Flussfahrt\/Stolz.jpg 1920w\" sizes=\"auto, (max-width: 1024px) 100vw, 1024px\" \/><\/a><figcaption>Der stolze Kapit\u00e4n<\/figcaption><\/figure><\/div>\n<\/div>\n<\/div>\n\n\n\n<p>W\u00e4hrend des Abendessens wurde uns dann er\u00f6ffnet, dass das Dorf uns zu Ehren ein kleines Fest feiern wird und wir m\u00f6chten uns doch bitte auf unsere Ehrenst\u00fchle begeben. So richtig ist das ja nichts f\u00fcr uns: Wir sitzen auf kleinen St\u00fchlen und der Rest auf dem Sand. Aber unser Versuch uns auch auf den Sand zu setzen endete nur mit dem Umstellen der St\u00fchle dorthin, wo wir unseren Sitzplatz gew\u00e4hlt hatten. Also Platz nehmen und den Rhythmen lauschen.<\/p>\n\n\n\n<p>Wie ihr dem kleinen Video gleich selbst entnehmen k\u00f6nnt, ist die Musik eher ein durchg\u00e4ngiger Rhythmus und keine Melodie. Sie dient den T\u00e4nzern, neben den gesprochenen Anweisungen, als Leitlinie f\u00fcr ihre Bewegungen. Es muss allerdings eine Faszination davon ausgehen, dass sich auch die Kinder von Jocy nach kurzer Zeit dem Reigen der nicht Verheiraten angeschlossen haben.<\/p>\n\n\n\n<figure class=\"wp-block-video aligncenter\"><video height=\"1080\" style=\"aspect-ratio: 1920 \/ 1080;\" width=\"1920\" controls src=\"https:\/\/www.guhalg.com\/wordpress\/wp-content\/uploads\/Reisen\/Madagaskar\/Flussfahrt\/Afrikanischer Tanz.mp4\"><\/video><figcaption>Afrikanischer Tanz<\/figcaption><\/figure>\n\n\n\n<p>Nach einer kleinen Spende in die Dorfkasse haben wir uns in unsere Zelte begeben. Dieses Abtauchen in eine v\u00f6llig andere Welt, der Kontakt zu den freundlichen Menschen, die Erlebnisse des Tages und insbesondere des Abends haben uns tief und fest schlafen lassen.<\/p>\n\n\n\n<p>Geweckt wurden wir am n\u00e4chsten Morgen durch das Muhen von K\u00fchen, die um uns herum das sp\u00e4rliche Gras gefressen haben. Es ging dann auch recht z\u00fcgig weiter und zum Fr\u00fchst\u00fcck waren wir schon ein gutes St\u00fcck weiter den Fluss entlanggefahren.<\/p>\n\n\n\n<div class=\"wp-block-columns is-layout-flex wp-container-core-columns-is-layout-9d6595d7 wp-block-columns-is-layout-flex\">\n<div class=\"wp-block-column is-layout-flow wp-block-column-is-layout-flow\">\n<div class=\"wp-block-image\"><figure class=\"aligncenter size-large\"><a href=\"https:\/\/www.guhalg.com\/wordpress\/wp-content\/uploads\/Reisen\/Madagaskar\/Flussfahrt\/R\u00fcckblick aufs Nachtlager.jpg\"><img loading=\"lazy\" decoding=\"async\" width=\"1024\" height=\"575\" src=\"https:\/\/www.guhalg.com\/wordpress\/wp-content\/uploads\/Reisen\/Madagaskar\/Flussfahrt\/R\u00fcckblick aufs Nachtlager-1024x575.jpg\" alt=\"Der Blick auf's Nachtlager\" class=\"wp-image-1460\" srcset=\"https:\/\/www.guhalg.com\/wordpress\/wp-content\/uploads\/Reisen\/Madagaskar\/Flussfahrt\/R\u00fcckblick%20aufs%20Nachtlager-1024x575.jpg 1024w, https:\/\/www.guhalg.com\/wordpress\/wp-content\/uploads\/Reisen\/Madagaskar\/Flussfahrt\/R\u00fcckblick%20aufs%20Nachtlager-300x169.jpg 300w, https:\/\/www.guhalg.com\/wordpress\/wp-content\/uploads\/Reisen\/Madagaskar\/Flussfahrt\/R\u00fcckblick%20aufs%20Nachtlager-768x432.jpg 768w, https:\/\/www.guhalg.com\/wordpress\/wp-content\/uploads\/Reisen\/Madagaskar\/Flussfahrt\/R\u00fcckblick%20aufs%20Nachtlager-1536x863.jpg 1536w, https:\/\/www.guhalg.com\/wordpress\/wp-content\/uploads\/Reisen\/Madagaskar\/Flussfahrt\/R\u00fcckblick%20aufs%20Nachtlager.jpg 1920w\" sizes=\"auto, (max-width: 1024px) 100vw, 1024px\" \/><\/a><figcaption>Der Blick auf&#8217;s Nachtlager<\/figcaption><\/figure><\/div>\n<\/div>\n\n\n\n<div class=\"wp-block-column is-layout-flow wp-block-column-is-layout-flow\">\n<div class=\"wp-block-image\"><figure class=\"aligncenter size-large\"><a href=\"https:\/\/www.guhalg.com\/wordpress\/wp-content\/uploads\/Reisen\/Madagaskar\/Flussfahrt\/Flussufer.jpg\"><img loading=\"lazy\" decoding=\"async\" width=\"1024\" height=\"575\" src=\"https:\/\/www.guhalg.com\/wordpress\/wp-content\/uploads\/Reisen\/Madagaskar\/Flussfahrt\/Flussufer-1024x575.jpg\" alt=\"Weiter am Flussufer entlang\" class=\"wp-image-1448\" srcset=\"https:\/\/www.guhalg.com\/wordpress\/wp-content\/uploads\/Reisen\/Madagaskar\/Flussfahrt\/Flussufer-1024x575.jpg 1024w, https:\/\/www.guhalg.com\/wordpress\/wp-content\/uploads\/Reisen\/Madagaskar\/Flussfahrt\/Flussufer-300x169.jpg 300w, https:\/\/www.guhalg.com\/wordpress\/wp-content\/uploads\/Reisen\/Madagaskar\/Flussfahrt\/Flussufer-768x432.jpg 768w, https:\/\/www.guhalg.com\/wordpress\/wp-content\/uploads\/Reisen\/Madagaskar\/Flussfahrt\/Flussufer-1536x863.jpg 1536w, https:\/\/www.guhalg.com\/wordpress\/wp-content\/uploads\/Reisen\/Madagaskar\/Flussfahrt\/Flussufer.jpg 1920w\" sizes=\"auto, (max-width: 1024px) 100vw, 1024px\" \/><\/a><figcaption>Weiter am Flussufer entlang<\/figcaption><\/figure><\/div>\n<\/div>\n<\/div>\n\n\n\n<p>Gegen Mittag hie\u00df es dann Abschied nehmen von der Bootscrew. Die Jungs freuten sich auf das Stadtleben, sie sollten schlie\u00dflich mit dem Boot noch weiter den Fluss herunterfahren, um Eink\u00e4ufe zu erledigen und wir waren gespannt auf den weiteren Teil des Tages mit der Anreise zu den Tsingys. Nach der Verabschiedung ging es zu Alain ins Auto, ein, wie Jocy so sch\u00f6n sagte, Spezialist f\u00fcr diese Strecke. Wieso dieses notwendig war, seht ihr auf den folgenden Bildern:<\/p>\n\n\n\n<div class=\"wp-block-columns is-layout-flex wp-container-core-columns-is-layout-9d6595d7 wp-block-columns-is-layout-flex\">\n<div class=\"wp-block-column is-layout-flow wp-block-column-is-layout-flow\">\n<div class=\"wp-block-image\"><figure class=\"aligncenter size-large\"><a href=\"https:\/\/www.guhalg.com\/wordpress\/wp-content\/uploads\/Reisen\/Madagaskar\/Flussfahrt\/Strassenverh\u00e4ltnisse1.jpg\"><img loading=\"lazy\" decoding=\"async\" width=\"1024\" height=\"575\" src=\"https:\/\/www.guhalg.com\/wordpress\/wp-content\/uploads\/Reisen\/Madagaskar\/Flussfahrt\/Strassenverh\u00e4ltnisse1-1024x575.jpg\" alt=\"Die Strassenverh\u00e4ltnisse\" class=\"wp-image-1464\" srcset=\"https:\/\/www.guhalg.com\/wordpress\/wp-content\/uploads\/Reisen\/Madagaskar\/Flussfahrt\/Strassenverh\u00e4ltnisse1-1024x575.jpg 1024w, https:\/\/www.guhalg.com\/wordpress\/wp-content\/uploads\/Reisen\/Madagaskar\/Flussfahrt\/Strassenverh\u00e4ltnisse1-300x169.jpg 300w, https:\/\/www.guhalg.com\/wordpress\/wp-content\/uploads\/Reisen\/Madagaskar\/Flussfahrt\/Strassenverh\u00e4ltnisse1-768x432.jpg 768w, https:\/\/www.guhalg.com\/wordpress\/wp-content\/uploads\/Reisen\/Madagaskar\/Flussfahrt\/Strassenverh\u00e4ltnisse1-1536x863.jpg 1536w, https:\/\/www.guhalg.com\/wordpress\/wp-content\/uploads\/Reisen\/Madagaskar\/Flussfahrt\/Strassenverh\u00e4ltnisse1.jpg 1920w\" sizes=\"auto, (max-width: 1024px) 100vw, 1024px\" \/><\/a><figcaption>Die Strassenverh\u00e4ltnisse<\/figcaption><\/figure><\/div>\n<\/div>\n\n\n\n<div class=\"wp-block-column is-layout-flow wp-block-column-is-layout-flow\">\n<div class=\"wp-block-image\"><figure class=\"aligncenter size-large\"><a href=\"https:\/\/www.guhalg.com\/wordpress\/wp-content\/uploads\/Reisen\/Madagaskar\/Flussfahrt\/Strassenverh\u00e4ltnisse2.jpg\"><img loading=\"lazy\" decoding=\"async\" width=\"1024\" height=\"575\" src=\"https:\/\/www.guhalg.com\/wordpress\/wp-content\/uploads\/Reisen\/Madagaskar\/Flussfahrt\/Strassenverh\u00e4ltnisse2-1024x575.jpg\" alt=\"hier und da eine Furt\" class=\"wp-image-1465\" srcset=\"https:\/\/www.guhalg.com\/wordpress\/wp-content\/uploads\/Reisen\/Madagaskar\/Flussfahrt\/Strassenverh\u00e4ltnisse2-1024x575.jpg 1024w, https:\/\/www.guhalg.com\/wordpress\/wp-content\/uploads\/Reisen\/Madagaskar\/Flussfahrt\/Strassenverh\u00e4ltnisse2-300x169.jpg 300w, https:\/\/www.guhalg.com\/wordpress\/wp-content\/uploads\/Reisen\/Madagaskar\/Flussfahrt\/Strassenverh\u00e4ltnisse2-768x432.jpg 768w, https:\/\/www.guhalg.com\/wordpress\/wp-content\/uploads\/Reisen\/Madagaskar\/Flussfahrt\/Strassenverh\u00e4ltnisse2-1536x863.jpg 1536w, https:\/\/www.guhalg.com\/wordpress\/wp-content\/uploads\/Reisen\/Madagaskar\/Flussfahrt\/Strassenverh\u00e4ltnisse2.jpg 1920w\" sizes=\"auto, (max-width: 1024px) 100vw, 1024px\" \/><\/a><figcaption>hier und da eine Furt<\/figcaption><\/figure><\/div>\n<\/div>\n\n\n\n<div class=\"wp-block-column is-layout-flow wp-block-column-is-layout-flow\">\n<div class=\"wp-block-image\"><figure class=\"aligncenter size-large\"><a href=\"https:\/\/www.guhalg.com\/wordpress\/wp-content\/uploads\/Reisen\/Madagaskar\/Flussfahrt\/Strassenverh\u00e4ltnisse3.jpg\"><img loading=\"lazy\" decoding=\"async\" width=\"1024\" height=\"575\" src=\"https:\/\/www.guhalg.com\/wordpress\/wp-content\/uploads\/Reisen\/Madagaskar\/Flussfahrt\/Strassenverh\u00e4ltnisse3-1024x575.jpg\" alt=\"oder ausgefahrene Wege\" class=\"wp-image-1466\" srcset=\"https:\/\/www.guhalg.com\/wordpress\/wp-content\/uploads\/Reisen\/Madagaskar\/Flussfahrt\/Strassenverh\u00e4ltnisse3-1024x575.jpg 1024w, https:\/\/www.guhalg.com\/wordpress\/wp-content\/uploads\/Reisen\/Madagaskar\/Flussfahrt\/Strassenverh\u00e4ltnisse3-300x169.jpg 300w, https:\/\/www.guhalg.com\/wordpress\/wp-content\/uploads\/Reisen\/Madagaskar\/Flussfahrt\/Strassenverh\u00e4ltnisse3-768x432.jpg 768w, https:\/\/www.guhalg.com\/wordpress\/wp-content\/uploads\/Reisen\/Madagaskar\/Flussfahrt\/Strassenverh\u00e4ltnisse3-1536x863.jpg 1536w, https:\/\/www.guhalg.com\/wordpress\/wp-content\/uploads\/Reisen\/Madagaskar\/Flussfahrt\/Strassenverh\u00e4ltnisse3.jpg 1920w\" sizes=\"auto, (max-width: 1024px) 100vw, 1024px\" \/><\/a><figcaption>oder ausgefahrene Wege<\/figcaption><\/figure><\/div>\n<\/div>\n<\/div>\n\n\n\n<p>und einen Eindruck vom Fahren auf den Stra\u00dfen gibt es hier im Video.<\/p>\n\n\n\n<figure class=\"wp-block-video aligncenter\"><video height=\"1080\" style=\"aspect-ratio: 1920 \/ 1080;\" width=\"1920\" controls poster=\"https:\/\/www.guhalg.com\/wordpress\/wp-content\/uploads\/Reisen\/Madagaskar\/Flussfahrt\/Autofahrt.jpg\" src=\"https:\/\/www.guhalg.com\/wordpress\/wp-content\/uploads\/Reisen\/Madagaskar\/Flussfahrt\/Autofahrt.mp4\"><\/video><figcaption>Die Autofahrt<\/figcaption><\/figure>\n\n\n\n<p>Bei der Geschwindigkeit von Alain haben wir es auch wirklich noch, wenn auch nur knapp, bei Tageslicht zur F\u00e4hre geschafft, die uns \u00fcber den Fluss zu unserer Unterkunft brachte. Die Kinder nutzen die Zeit nach der langen Autofahrt f\u00fcr ein paar Freudenspr\u00fcnge und endlich war auch unser Auto zur Verladung auf die F\u00e4hre an der Reihe.<\/p>\n\n\n\n<div class=\"wp-block-columns is-layout-flex wp-container-core-columns-is-layout-9d6595d7 wp-block-columns-is-layout-flex\">\n<div class=\"wp-block-column is-layout-flow wp-block-column-is-layout-flow\">\n<div class=\"wp-block-image\"><figure class=\"aligncenter size-large\"><a href=\"https:\/\/www.guhalg.com\/wordpress\/wp-content\/uploads\/Reisen\/Madagaskar\/Flussfahrt\/Freundenspr\u00fcnge.jpg\"><img loading=\"lazy\" decoding=\"async\" width=\"1024\" height=\"575\" src=\"https:\/\/www.guhalg.com\/wordpress\/wp-content\/uploads\/Reisen\/Madagaskar\/Flussfahrt\/Freundenspr\u00fcnge-1024x575.jpg\" alt=\"Freundenspr\u00fcnge\" class=\"wp-image-1449\" srcset=\"https:\/\/www.guhalg.com\/wordpress\/wp-content\/uploads\/Reisen\/Madagaskar\/Flussfahrt\/Freundenspr\u00fcnge-1024x575.jpg 1024w, https:\/\/www.guhalg.com\/wordpress\/wp-content\/uploads\/Reisen\/Madagaskar\/Flussfahrt\/Freundenspr\u00fcnge-300x169.jpg 300w, https:\/\/www.guhalg.com\/wordpress\/wp-content\/uploads\/Reisen\/Madagaskar\/Flussfahrt\/Freundenspr\u00fcnge-768x432.jpg 768w, https:\/\/www.guhalg.com\/wordpress\/wp-content\/uploads\/Reisen\/Madagaskar\/Flussfahrt\/Freundenspr\u00fcnge-1536x863.jpg 1536w, https:\/\/www.guhalg.com\/wordpress\/wp-content\/uploads\/Reisen\/Madagaskar\/Flussfahrt\/Freundenspr\u00fcnge.jpg 1920w\" sizes=\"auto, (max-width: 1024px) 100vw, 1024px\" \/><\/a><figcaption>Freundenspr\u00fcnge<\/figcaption><\/figure><\/div>\n<\/div>\n\n\n\n<div class=\"wp-block-column is-layout-flow wp-block-column-is-layout-flow\">\n<div class=\"wp-block-image\"><figure class=\"aligncenter size-large\"><a href=\"https:\/\/www.guhalg.com\/wordpress\/wp-content\/uploads\/Reisen\/Madagaskar\/Flussfahrt\/Autoverladung.jpg\"><img loading=\"lazy\" decoding=\"async\" width=\"1024\" height=\"575\" src=\"https:\/\/www.guhalg.com\/wordpress\/wp-content\/uploads\/Reisen\/Madagaskar\/Flussfahrt\/Autoverladung-1024x575.jpg\" alt=\"Die Autoverladung\" class=\"wp-image-1446\" srcset=\"https:\/\/www.guhalg.com\/wordpress\/wp-content\/uploads\/Reisen\/Madagaskar\/Flussfahrt\/Autoverladung-1024x575.jpg 1024w, https:\/\/www.guhalg.com\/wordpress\/wp-content\/uploads\/Reisen\/Madagaskar\/Flussfahrt\/Autoverladung-300x169.jpg 300w, https:\/\/www.guhalg.com\/wordpress\/wp-content\/uploads\/Reisen\/Madagaskar\/Flussfahrt\/Autoverladung-768x432.jpg 768w, https:\/\/www.guhalg.com\/wordpress\/wp-content\/uploads\/Reisen\/Madagaskar\/Flussfahrt\/Autoverladung-1536x863.jpg 1536w, https:\/\/www.guhalg.com\/wordpress\/wp-content\/uploads\/Reisen\/Madagaskar\/Flussfahrt\/Autoverladung.jpg 1920w\" sizes=\"auto, (max-width: 1024px) 100vw, 1024px\" \/><\/a><figcaption>Die Autoverladung<\/figcaption><\/figure><\/div>\n<\/div>\n<\/div>\n\n\n\n<p>F\u00fcr uns bedeutete dieser Abend aber auch das Ende einer gro\u00dfartigen Erfahrung. Die Flussfahrt war in der Planung schon einer der H\u00f6hepunkte und wir haben jede Minute davon genossen. Umso sch\u00f6ner, dass das letzte Bild dieses Tages eine friedliche Stimmung mit Kindern am Fluss ist.<\/p>\n\n\n\n<div class=\"wp-block-image\"><figure class=\"aligncenter size-large\"><a href=\"https:\/\/www.guhalg.com\/wordpress\/wp-content\/uploads\/Reisen\/Madagaskar\/Flussfahrt\/Abendstimmung am Fluss.jpg\"><img loading=\"lazy\" decoding=\"async\" width=\"1024\" height=\"575\" src=\"https:\/\/www.guhalg.com\/wordpress\/wp-content\/uploads\/Reisen\/Madagaskar\/Flussfahrt\/Abendstimmung am Fluss-1024x575.jpg\" alt=\"Abendstimmung am Fluss\" class=\"wp-image-1443\" title=\"Abendstimmung am Fluss\" srcset=\"https:\/\/www.guhalg.com\/wordpress\/wp-content\/uploads\/Reisen\/Madagaskar\/Flussfahrt\/Abendstimmung%20am%20Fluss-1024x575.jpg 1024w, https:\/\/www.guhalg.com\/wordpress\/wp-content\/uploads\/Reisen\/Madagaskar\/Flussfahrt\/Abendstimmung%20am%20Fluss-300x169.jpg 300w, https:\/\/www.guhalg.com\/wordpress\/wp-content\/uploads\/Reisen\/Madagaskar\/Flussfahrt\/Abendstimmung%20am%20Fluss-768x432.jpg 768w, https:\/\/www.guhalg.com\/wordpress\/wp-content\/uploads\/Reisen\/Madagaskar\/Flussfahrt\/Abendstimmung%20am%20Fluss-1536x863.jpg 1536w, https:\/\/www.guhalg.com\/wordpress\/wp-content\/uploads\/Reisen\/Madagaskar\/Flussfahrt\/Abendstimmung%20am%20Fluss.jpg 1920w\" sizes=\"auto, (max-width: 1024px) 100vw, 1024px\" \/><\/a><figcaption>Abendstimmung am Fluss<\/figcaption><\/figure><\/div>\n\n\n\n<div class=\"wp-block-columns is-layout-flex wp-container-core-columns-is-layout-9d6595d7 wp-block-columns-is-layout-flex\">\n<div class=\"wp-block-column is-layout-flow wp-block-column-is-layout-flow\">\n<div class=\"wp-block-buttons is-layout-flex wp-block-buttons-is-layout-flex\">\n<div class=\"wp-block-button\"><a class=\"wp-block-button__link\" href=\"https:\/\/www.guhalg.com\/wordpress\/?page_id=1439\">Die Flussfahrt<\/a><\/div>\n<\/div>\n<\/div>\n\n\n\n<div class=\"wp-block-column is-layout-flow wp-block-column-is-layout-flow\">\n<div class=\"wp-block-buttons is-horizontal is-content-justification-right is-layout-flex wp-container-core-buttons-is-layout-ae2fe186 wp-block-buttons-is-layout-flex\">\n<div class=\"wp-block-button\"><a class=\"wp-block-button__link\" href=\"https:\/\/www.guhalg.com\/wordpress\/?page_id=1545\">Die kleinen Tsingys<\/a><\/div>\n<\/div>\n<\/div>\n<\/div>\n","protected":false},"excerpt":{"rendered":"<p>Madagaskar &#8211; von Miandrivazo nach Bekopaka Ja, am zweiten Tag der Bootsreise haben wir gegen Abend auch wieder an einer Sandbank angelegt, allerdings hier in der N\u00e4he eines Dorfes und einer kleinen Station mit Restaurant und Laden am Ufer. Das&hellip; <\/p>\n","protected":false},"author":1,"featured_media":0,"parent":279,"menu_order":0,"comment_status":"closed","ping_status":"closed","template":"","meta":{"footnotes":""},"class_list":["post-1511","page","type-page","status-publish","hentry"],"_links":{"self":[{"href":"https:\/\/www.guhalg.com\/wordpress\/index.php?rest_route=\/wp\/v2\/pages\/1511","targetHints":{"allow":["GET"]}}],"collection":[{"href":"https:\/\/www.guhalg.com\/wordpress\/index.php?rest_route=\/wp\/v2\/pages"}],"about":[{"href":"https:\/\/www.guhalg.com\/wordpress\/index.php?rest_route=\/wp\/v2\/types\/page"}],"author":[{"embeddable":true,"href":"https:\/\/www.guhalg.com\/wordpress\/index.php?rest_route=\/wp\/v2\/users\/1"}],"replies":[{"embeddable":true,"href":"https:\/\/www.guhalg.com\/wordpress\/index.php?rest_route=%2Fwp%2Fv2%2Fcomments&post=1511"}],"version-history":[{"count":11,"href":"https:\/\/www.guhalg.com\/wordpress\/index.php?rest_route=\/wp\/v2\/pages\/1511\/revisions"}],"predecessor-version":[{"id":7888,"href":"https:\/\/www.guhalg.com\/wordpress\/index.php?rest_route=\/wp\/v2\/pages\/1511\/revisions\/7888"}],"up":[{"embeddable":true,"href":"https:\/\/www.guhalg.com\/wordpress\/index.php?rest_route=\/wp\/v2\/pages\/279"}],"wp:attachment":[{"href":"https:\/\/www.guhalg.com\/wordpress\/index.php?rest_route=%2Fwp%2Fv2%2Fmedia&parent=1511"}],"curies":[{"name":"wp","href":"https:\/\/api.w.org\/{rel}","templated":true}]}}