{"id":154,"date":"2021-10-30T22:13:40","date_gmt":"2021-10-30T20:13:40","guid":{"rendered":"https:\/\/www.guhalg.com\/wordpress\/?page_id=154"},"modified":"2025-09-10T20:12:16","modified_gmt":"2025-09-10T18:12:16","slug":"wichtiger-rechtlicher-hinweis","status":"publish","type":"page","link":"https:\/\/www.guhalg.com\/wordpress\/?page_id=154","title":{"rendered":"Wichtiger rechtlicher Hinweis"},"content":{"rendered":"\n<p>Die Angaben auf diesen Webseiten unterliegen einem Copyright vermerkt, einer Erkl\u00e4rung \u00fcber den Haftungsausschuss f\u00fcr den Onlineauftritt, f\u00fcr die Verweise und Links. Die Erkl\u00e4rung zum Schutz personenbezogener Daten und die Informationen zur Verwendung von Cookies finden Sie auf der Folgeseite.<\/p>\n\n\n\n<h2 class=\"wp-block-heading\">Copyright<\/h2>\n\n\n\n<p>Das Layout der Homepage, die verwendeten Grafiken und Bilder, die Sammlung sowie einzelne Beitr\u00e4ge sind urheberrechtlich gesch\u00fctzt.<\/p>\n\n\n\n<p>Alle auf diesen Seiten aufgef\u00fchrten Marken- und Warenzeichen unterliegen den Besitzrechten der eingetragenen Eigent\u00fcmer. Eine Nennung auf diesen Seiten bedingt keine freie Verf\u00fcgbarkeit der Marken- und Warenzeichen<\/p>\n\n\n\n<p>Alle Rechte, auch die der fotomechanischen Wiedergabe, der Vervielf\u00e4ltigung und der Verbreitung mittels besonderer Verfahren (z.B. Datenverarbeitung, Datentr\u00e4ger und Datennetze), auch teilweise, bedingen der Zustimmung der Rechteinhaber.<\/p>\n\n\n\n<h2 class=\"wp-block-heading\">Inhalt der Online Darstellung<\/h2>\n\n\n\n<p>Der Autor ist bem\u00fcht, den Webauftritt aktuell und inhaltlich richtig sowie vollst\u00e4ndig anzubieten. Dennoch ist das Auftreten von Fehlern nicht v\u00f6llig auszuschlie\u00dfen.<\/p>\n\n\n\n<p>Der Autor \u00fcbernimmt keine Haftung f\u00fcr die Aktualit\u00e4t, die inhaltliche Richtigkeit sowie f\u00fcr die Vollst\u00e4ndigkeit der in diesem Webauftritt eingestellten Informationen. Dies bezieht sich auf eventuelle Sch\u00e4den materieller oder ideeller Art Dritter, die durch die Nutzung dieses Webauftritts und den darin enthaltenen Informationen verursacht wurden.<\/p>\n\n\n\n<p>Ein Anspruch auf Wartung unf Pflege, Verf\u00fcgbarkeit und Fortbestand der in diesem Webauftritt dargestellten Informationen besteht nicht.<\/p>\n\n\n\n<p>Der Autor beh\u00e4lt sich \u00c4nderungen zu jeder Zeit und ohne vorherige Ank\u00fcndigung vor.<\/p>\n\n\n\n<h2 class=\"wp-block-heading\">Externe Verweise und Links<\/h2>\n\n\n\n<p>Auf diesen Seiten sind Links zu Seiten im Internet gelegt, deren Inhalt und Aktualisierung nicht dem Einflussbereich des Autors unterliegen. F\u00fcr alle diese Links gilt:<\/p>\n\n\n\n<p>Der Autor erkl\u00e4rt hiermit ausdr\u00fccklich, dass zum Zeitpunkt der Linksetzung (27. Dezember 2007, letzte Pr\u00fcfung 06. August 2025) keine illegalen Inhalte auf den verlinkenden Seiten erkennbar waren.<\/p>\n\n\n\n<p>Der Autor hat keinen Einfluss auf die zuk\u00fcnftige Gestaltung und Inhalte fremder Internetseiten.<\/p>\n\n\n\n<h2 class=\"wp-block-heading\">Rechtswirksamkeit<\/h2>\n\n\n\n<p>Dieser Haftungsausschluss ist Teil dieses Webauftritts. Sofern Teile oder einzelne Formulierungen dieses Textes der geltenden Rechtslage nicht, nicht mehr oder nicht vollst\u00e4ndig entsprechen sollten, bleiben die \u00fcbrigen Teile dieses Dokumentes und der nachfolgenden Datenschutzerkl\u00e4rung in ihrem Inhalt und ihrer G\u00fcltigkeit davon unber\u00fchrt.<\/p>\n","protected":false},"excerpt":{"rendered":"<p>Die Angaben auf diesen Webseiten unterliegen einem Copyright vermerkt, einer Erkl\u00e4rung \u00fcber den Haftungsausschuss f\u00fcr den Onlineauftritt, f\u00fcr die Verweise und Links. Die Erkl\u00e4rung zum Schutz personenbezogener Daten und die Informationen zur Verwendung von Cookies finden Sie auf der Folgeseite.&hellip; <\/p>\n","protected":false},"author":1,"featured_media":0,"parent":27,"menu_order":0,"comment_status":"closed","ping_status":"closed","template":"","meta":{"footnotes":""},"class_list":["post-154","page","type-page","status-publish","hentry"],"_links":{"self":[{"href":"https:\/\/www.guhalg.com\/wordpress\/index.php?rest_route=\/wp\/v2\/pages\/154","targetHints":{"allow":["GET"]}}],"collection":[{"href":"https:\/\/www.guhalg.com\/wordpress\/index.php?rest_route=\/wp\/v2\/pages"}],"about":[{"href":"https:\/\/www.guhalg.com\/wordpress\/index.php?rest_route=\/wp\/v2\/types\/page"}],"author":[{"embeddable":true,"href":"https:\/\/www.guhalg.com\/wordpress\/index.php?rest_route=\/wp\/v2\/users\/1"}],"replies":[{"embeddable":true,"href":"https:\/\/www.guhalg.com\/wordpress\/index.php?rest_route=%2Fwp%2Fv2%2Fcomments&post=154"}],"version-history":[{"count":8,"href":"https:\/\/www.guhalg.com\/wordpress\/index.php?rest_route=\/wp\/v2\/pages\/154\/revisions"}],"predecessor-version":[{"id":12309,"href":"https:\/\/www.guhalg.com\/wordpress\/index.php?rest_route=\/wp\/v2\/pages\/154\/revisions\/12309"}],"up":[{"embeddable":true,"href":"https:\/\/www.guhalg.com\/wordpress\/index.php?rest_route=\/wp\/v2\/pages\/27"}],"wp:attachment":[{"href":"https:\/\/www.guhalg.com\/wordpress\/index.php?rest_route=%2Fwp%2Fv2%2Fmedia&parent=154"}],"curies":[{"name":"wp","href":"https:\/\/api.w.org\/{rel}","templated":true}]}}