{"id":1608,"date":"2021-11-12T21:54:54","date_gmt":"2021-11-12T20:54:54","guid":{"rendered":"https:\/\/www.guhalg.com\/wordpress\/?page_id=1608"},"modified":"2022-02-09T18:22:33","modified_gmt":"2022-02-09T17:22:33","slug":"die-grossen-tsingys","status":"publish","type":"page","link":"https:\/\/www.guhalg.com\/wordpress\/?page_id=1608","title":{"rendered":"Die gro\u00dfen Tsingys"},"content":{"rendered":"\n<p>Auch dieser Morgen begann wieder recht fr\u00fch. Wir wollten ja zu einer mehrst\u00fcndigen Wanderung durch die Tsingys aufbrechen und kannten die Hitze auf den schwarzen Steinen. Also gab es beim Morgengrauen wieder das Fr\u00fchst\u00fcck auf der Terrasse unseres Restaurants und wieder hatten wir einen sch\u00f6nen Blick \u00fcber das Tal zu den Bergen, diesmal allerdings noch v\u00f6llig vernebelt.<\/p>\n\n\n\n<div class=\"wp-block-image\"><figure class=\"aligncenter size-large\"><a href=\"https:\/\/www.guhalg.com\/wordpress\/wp-content\/uploads\/Reisen\/Madagaskar\/Tsingysg\/Blick ins Tal.jpg\"><img loading=\"lazy\" decoding=\"async\" width=\"1024\" height=\"575\" src=\"https:\/\/www.guhalg.com\/wordpress\/wp-content\/uploads\/Reisen\/Madagaskar\/Tsingysg\/Blick ins Tal-1024x575.jpg\" alt=\"Blick ins Tal am Morgen\" class=\"wp-image-1616\" title=\"Blick ins Tal am Morgen\" srcset=\"https:\/\/www.guhalg.com\/wordpress\/wp-content\/uploads\/Reisen\/Madagaskar\/Tsingysg\/Blick%20ins%20Tal-1024x575.jpg 1024w, https:\/\/www.guhalg.com\/wordpress\/wp-content\/uploads\/Reisen\/Madagaskar\/Tsingysg\/Blick%20ins%20Tal-300x169.jpg 300w, https:\/\/www.guhalg.com\/wordpress\/wp-content\/uploads\/Reisen\/Madagaskar\/Tsingysg\/Blick%20ins%20Tal-768x432.jpg 768w, https:\/\/www.guhalg.com\/wordpress\/wp-content\/uploads\/Reisen\/Madagaskar\/Tsingysg\/Blick%20ins%20Tal-1536x863.jpg 1536w, https:\/\/www.guhalg.com\/wordpress\/wp-content\/uploads\/Reisen\/Madagaskar\/Tsingysg\/Blick%20ins%20Tal.jpg 1920w\" sizes=\"auto, (max-width: 1024px) 100vw, 1024px\" \/><\/a><figcaption>Blick ins Tal am Morgen<\/figcaption><\/figure><\/div>\n\n\n\n<p>Wir haben unseren Guide vom Touristen Office abgeholt und bekamen dort auch gleich unser Klettergeschirr ausgeh\u00e4ndigt. Anschlie\u00dfend ging es mit dem Auto noch einige Kilometer weg vom Fluss ins \u2013 gef\u00fchlte \u2013 Niemandsland. Und dort, mitten irgendwo auf einer gr\u00f6\u00dferen Grasfl\u00e4che, parkte der Wagen. Von den Tsingys, oder auch nur Bergen in der N\u00e4he war hier nicht wirklich etwas zu sehen.<\/p>\n\n\n\n<div class=\"wp-block-columns is-layout-flex wp-container-core-columns-is-layout-9d6595d7 wp-block-columns-is-layout-flex\">\n<div class=\"wp-block-column is-layout-flow wp-block-column-is-layout-flow\">\n<div class=\"wp-block-image\"><figure class=\"aligncenter size-large\"><a href=\"https:\/\/www.guhalg.com\/wordpress\/wp-content\/uploads\/Reisen\/Madagaskar\/Tsingysg\/Autofahrt.jpg\"><img loading=\"lazy\" decoding=\"async\" width=\"1024\" height=\"575\" src=\"https:\/\/www.guhalg.com\/wordpress\/wp-content\/uploads\/Reisen\/Madagaskar\/Tsingysg\/Autofahrt-1024x575.jpg\" alt=\"Der Wegzu den gro\u00dfen Tsingys\" class=\"wp-image-1615\" srcset=\"https:\/\/www.guhalg.com\/wordpress\/wp-content\/uploads\/Reisen\/Madagaskar\/Tsingysg\/Autofahrt-1024x575.jpg 1024w, https:\/\/www.guhalg.com\/wordpress\/wp-content\/uploads\/Reisen\/Madagaskar\/Tsingysg\/Autofahrt-300x169.jpg 300w, https:\/\/www.guhalg.com\/wordpress\/wp-content\/uploads\/Reisen\/Madagaskar\/Tsingysg\/Autofahrt-768x432.jpg 768w, https:\/\/www.guhalg.com\/wordpress\/wp-content\/uploads\/Reisen\/Madagaskar\/Tsingysg\/Autofahrt-1536x863.jpg 1536w, https:\/\/www.guhalg.com\/wordpress\/wp-content\/uploads\/Reisen\/Madagaskar\/Tsingysg\/Autofahrt.jpg 1920w\" sizes=\"auto, (max-width: 1024px) 100vw, 1024px\" \/><\/a><figcaption>Der Wegzu den gro\u00dfen Tsingys<\/figcaption><\/figure><\/div>\n<\/div>\n\n\n\n<div class=\"wp-block-column is-layout-flow wp-block-column-is-layout-flow\">\n<div class=\"wp-block-image\"><figure class=\"aligncenter size-large\"><a href=\"https:\/\/www.guhalg.com\/wordpress\/wp-content\/uploads\/Reisen\/Madagaskar\/Tsingysg\/Parkplatz.jpg\"><img loading=\"lazy\" decoding=\"async\" width=\"1024\" height=\"575\" src=\"https:\/\/www.guhalg.com\/wordpress\/wp-content\/uploads\/Reisen\/Madagaskar\/Tsingysg\/Parkplatz-1024x575.jpg\" alt=\"Parkplatz bei den gro\u00dfen Tsingys\" class=\"wp-image-1622\" srcset=\"https:\/\/www.guhalg.com\/wordpress\/wp-content\/uploads\/Reisen\/Madagaskar\/Tsingysg\/Parkplatz-1024x575.jpg 1024w, https:\/\/www.guhalg.com\/wordpress\/wp-content\/uploads\/Reisen\/Madagaskar\/Tsingysg\/Parkplatz-300x169.jpg 300w, https:\/\/www.guhalg.com\/wordpress\/wp-content\/uploads\/Reisen\/Madagaskar\/Tsingysg\/Parkplatz-768x432.jpg 768w, https:\/\/www.guhalg.com\/wordpress\/wp-content\/uploads\/Reisen\/Madagaskar\/Tsingysg\/Parkplatz-1536x863.jpg 1536w, https:\/\/www.guhalg.com\/wordpress\/wp-content\/uploads\/Reisen\/Madagaskar\/Tsingysg\/Parkplatz.jpg 1920w\" sizes=\"auto, (max-width: 1024px) 100vw, 1024px\" \/><\/a><figcaption>Parkplatz bei den gro\u00dfen Tsingys<\/figcaption><\/figure><\/div>\n<\/div>\n<\/div>\n\n\n\n<p>Wir packten unserer Rucks\u00e4cke nur mit dem Wichtigsten und konnten den Rest beim Wagen und unserem Fahrer lassen. Dann wurde das Klettergeschirr angelegt, der korrekte und vor allem der feste Sitz gepr\u00fcft, und wir starteten unsere Wanderung auf der gr\u00fcnen Wiese, na ja, nicht ganz gr\u00fcn, eher braun. Es ging hier einige Zeit \u00fcber freie Fl\u00e4che, ab und zu mal \u00fcber einige Felsen herum und zwischendurch. Es kam ein kleiner, vertrockneter Wald und der \u201aEinstieg\u2018 zu den Tsingys. Einfach so waren die Felsen vor uns aufgetaucht und durch diesen kleinen schmalen Eingang ging es rein in das Labyrinth. Es sollte aber nicht die einzige schmale Stelle sein.<\/p>\n\n\n\n<div class=\"wp-block-columns is-layout-flex wp-container-core-columns-is-layout-9d6595d7 wp-block-columns-is-layout-flex\">\n<div class=\"wp-block-column is-layout-flow wp-block-column-is-layout-flow\">\n<div class=\"wp-block-image\"><figure class=\"aligncenter size-large\"><a href=\"https:\/\/www.guhalg.com\/wordpress\/wp-content\/uploads\/Reisen\/Madagaskar\/Tsingysg\/Der Einstieg.jpg\"><img loading=\"lazy\" decoding=\"async\" width=\"575\" height=\"1024\" src=\"https:\/\/www.guhalg.com\/wordpress\/wp-content\/uploads\/Reisen\/Madagaskar\/Tsingysg\/Der Einstieg-575x1024.jpg\" alt=\"Der Einstieg in die Tsingys\" class=\"wp-image-1618\" srcset=\"https:\/\/www.guhalg.com\/wordpress\/wp-content\/uploads\/Reisen\/Madagaskar\/Tsingysg\/Der%20Einstieg-575x1024.jpg 575w, https:\/\/www.guhalg.com\/wordpress\/wp-content\/uploads\/Reisen\/Madagaskar\/Tsingysg\/Der%20Einstieg-169x300.jpg 169w, https:\/\/www.guhalg.com\/wordpress\/wp-content\/uploads\/Reisen\/Madagaskar\/Tsingysg\/Der%20Einstieg-768x1367.jpg 768w, https:\/\/www.guhalg.com\/wordpress\/wp-content\/uploads\/Reisen\/Madagaskar\/Tsingysg\/Der%20Einstieg-863x1536.jpg 863w, https:\/\/www.guhalg.com\/wordpress\/wp-content\/uploads\/Reisen\/Madagaskar\/Tsingysg\/Der%20Einstieg.jpg 1079w\" sizes=\"auto, (max-width: 575px) 100vw, 575px\" \/><\/a><figcaption>Der Einstieg in die Tsingys<\/figcaption><\/figure><\/div>\n<\/div>\n\n\n\n<div class=\"wp-block-column is-layout-flow wp-block-column-is-layout-flow\">\n<div class=\"wp-block-image\"><figure class=\"aligncenter size-large\"><a href=\"https:\/\/www.guhalg.com\/wordpress\/wp-content\/uploads\/Reisen\/Madagaskar\/Tsingysg\/enger Weg.jpg\"><img loading=\"lazy\" decoding=\"async\" width=\"575\" height=\"1024\" src=\"https:\/\/www.guhalg.com\/wordpress\/wp-content\/uploads\/Reisen\/Madagaskar\/Tsingysg\/enger Weg-575x1024.jpg\" alt=\"und eng ging es weiter\" class=\"wp-image-1620\" srcset=\"https:\/\/www.guhalg.com\/wordpress\/wp-content\/uploads\/Reisen\/Madagaskar\/Tsingysg\/enger%20Weg-575x1024.jpg 575w, https:\/\/www.guhalg.com\/wordpress\/wp-content\/uploads\/Reisen\/Madagaskar\/Tsingysg\/enger%20Weg-169x300.jpg 169w, https:\/\/www.guhalg.com\/wordpress\/wp-content\/uploads\/Reisen\/Madagaskar\/Tsingysg\/enger%20Weg-768x1367.jpg 768w, https:\/\/www.guhalg.com\/wordpress\/wp-content\/uploads\/Reisen\/Madagaskar\/Tsingysg\/enger%20Weg-863x1536.jpg 863w, https:\/\/www.guhalg.com\/wordpress\/wp-content\/uploads\/Reisen\/Madagaskar\/Tsingysg\/enger%20Weg.jpg 1079w\" sizes=\"auto, (max-width: 575px) 100vw, 575px\" \/><\/a><figcaption>und eng ging es weiter<\/figcaption><\/figure><\/div>\n<\/div>\n<\/div>\n\n\n\n<p>An einigen Engp\u00e4ssen mussten wir uns seitlich drehen, um mit den Schultern durchzukommen, dann wieder in leicht geb\u00fcckter Haltung an Vorspr\u00fcngen vorbei oder auch einfach nur verbiegen. Der Rucksack wechselte zeitweise mal nach vorne oder wurde vorgereicht. Teilweise ben\u00f6tigten wir die Lampen, um unseren Weg zu finden. Wir mussten auf schmalen Pfaden durch die Tsingys klettern und zwischen, als auch, \u00fcber den Steinern unseren Weg finden.<\/p>\n\n\n\n<p>Dann ging es \u00fcber Leitern auf und ab oder auch nur auf an der Felswand genagelten Steinen entlang. Es galt, gesichert am Klettergeschirr, senkrecht nach oben zu klettern, oder \u00fcber Schluchten auf einer H\u00e4ngebr\u00fccke zu laufen. Insgesamt nicht sehr schwierig, aber ausgeruht und konzentriert sollte man schon sein. Einige Minuten dieser Tour haben wir zusammengeschnitten:<\/p>\n\n\n\n<figure class=\"wp-block-video aligncenter\"><video height=\"480\" style=\"aspect-ratio: 720 \/ 480;\" width=\"720\" controls poster=\"https:\/\/www.guhalg.com\/wordpress\/wp-content\/uploads\/Reisen\/Madagaskar\/Tsingysg\/Durch Die Tsingys.jpg\" src=\"https:\/\/www.guhalg.com\/wordpress\/wp-content\/uploads\/Reisen\/Madagaskar\/Tsingysg\/Durch Die Tsingys.mp4\"><\/video><figcaption>Durch die Tsingys<\/figcaption><\/figure>\n\n\n\n<p>Die Belohnung war neben dem eigentlichen Weg durch die Tsingys der fantastische Ausblick, der sich uns oben bot.<\/p>\n\n\n\n<div class=\"wp-block-columns is-layout-flex wp-container-core-columns-is-layout-9d6595d7 wp-block-columns-is-layout-flex\">\n<div class=\"wp-block-column is-layout-flow wp-block-column-is-layout-flow\">\n<div class=\"wp-block-image\"><figure class=\"aligncenter size-large\"><a href=\"https:\/\/www.guhalg.com\/wordpress\/wp-content\/uploads\/Reisen\/Madagaskar\/Tsingysg\/\u00dcberblick_1.jpg\"><img loading=\"lazy\" decoding=\"async\" width=\"1024\" height=\"575\" src=\"https:\/\/www.guhalg.com\/wordpress\/wp-content\/uploads\/Reisen\/Madagaskar\/Tsingysg\/\u00dcberblick_1-1024x575.jpg\" alt=\"Weitblick \u00fcber die Tsingys\" class=\"wp-image-1628\" srcset=\"https:\/\/www.guhalg.com\/wordpress\/wp-content\/uploads\/Reisen\/Madagaskar\/Tsingysg\/\u00dcberblick_1-1024x575.jpg 1024w, https:\/\/www.guhalg.com\/wordpress\/wp-content\/uploads\/Reisen\/Madagaskar\/Tsingysg\/\u00dcberblick_1-300x169.jpg 300w, https:\/\/www.guhalg.com\/wordpress\/wp-content\/uploads\/Reisen\/Madagaskar\/Tsingysg\/\u00dcberblick_1-768x432.jpg 768w, https:\/\/www.guhalg.com\/wordpress\/wp-content\/uploads\/Reisen\/Madagaskar\/Tsingysg\/\u00dcberblick_1-1536x863.jpg 1536w, https:\/\/www.guhalg.com\/wordpress\/wp-content\/uploads\/Reisen\/Madagaskar\/Tsingysg\/\u00dcberblick_1.jpg 1920w\" sizes=\"auto, (max-width: 1024px) 100vw, 1024px\" \/><\/a><figcaption>Weitblick \u00fcber die Tsingys<\/figcaption><\/figure><\/div>\n<\/div>\n\n\n\n<div class=\"wp-block-column is-layout-flow wp-block-column-is-layout-flow\">\n<div class=\"wp-block-image\"><figure class=\"aligncenter size-large\"><a href=\"https:\/\/www.guhalg.com\/wordpress\/wp-content\/uploads\/Reisen\/Madagaskar\/Tsingysg\/\u00dcberblick_2.jpg\"><img loading=\"lazy\" decoding=\"async\" width=\"1024\" height=\"575\" src=\"https:\/\/www.guhalg.com\/wordpress\/wp-content\/uploads\/Reisen\/Madagaskar\/Tsingysg\/\u00dcberblick_2-1024x575.jpg\" alt=\"Tsingys - Blick in die Ferne\" class=\"wp-image-1629\" srcset=\"https:\/\/www.guhalg.com\/wordpress\/wp-content\/uploads\/Reisen\/Madagaskar\/Tsingysg\/\u00dcberblick_2-1024x575.jpg 1024w, https:\/\/www.guhalg.com\/wordpress\/wp-content\/uploads\/Reisen\/Madagaskar\/Tsingysg\/\u00dcberblick_2-300x169.jpg 300w, https:\/\/www.guhalg.com\/wordpress\/wp-content\/uploads\/Reisen\/Madagaskar\/Tsingysg\/\u00dcberblick_2-768x432.jpg 768w, https:\/\/www.guhalg.com\/wordpress\/wp-content\/uploads\/Reisen\/Madagaskar\/Tsingysg\/\u00dcberblick_2-1536x863.jpg 1536w, https:\/\/www.guhalg.com\/wordpress\/wp-content\/uploads\/Reisen\/Madagaskar\/Tsingysg\/\u00dcberblick_2.jpg 1920w\" sizes=\"auto, (max-width: 1024px) 100vw, 1024px\" \/><\/a><figcaption>Tsingys &#8211; Blick in die Ferne<\/figcaption><\/figure><\/div>\n<\/div>\n<\/div>\n\n\n\n<p>Wir sind auf der oberen Ebene, wenn auch nicht immer ganz oben, weiter durch die Tsingys gezogen und hatten immer wieder diese sch\u00f6nen Ausblicke. Zur sp\u00e4ten Mittagspause haben wir uns in den k\u00fchlen Schatten einer halben H\u00f6hle zur\u00fcckgezogen und dort unsere Brotzeit genossen. Der Platz wird wahrscheinlicher h\u00e4ufiger von den Guides angesteuert, da es hier einige kleine V\u00f6gel und Nager gibt, die v\u00f6llig furchtlos zwischen uns Menschen, versuchten den einen oder andern Happen zu ergattern.<\/p>\n\n\n\n<p>Auf dem R\u00fcckweg haben wir uns auch wieder gen\u00fcgend Zeit genommen, um einige der Tiere zu beobachten:<\/p>\n\n\n\n<div class=\"wp-block-columns is-layout-flex wp-container-core-columns-is-layout-9d6595d7 wp-block-columns-is-layout-flex\">\n<div class=\"wp-block-column is-layout-flow wp-block-column-is-layout-flow\">\n<div class=\"wp-block-image\"><figure class=\"aligncenter size-large\"><a href=\"https:\/\/www.guhalg.com\/wordpress\/wp-content\/uploads\/Reisen\/Madagaskar\/Tsingysg\/Wildlife_1.jpg\"><img loading=\"lazy\" decoding=\"async\" width=\"1024\" height=\"575\" src=\"https:\/\/www.guhalg.com\/wordpress\/wp-content\/uploads\/Reisen\/Madagaskar\/Tsingysg\/Wildlife_1-1024x575.jpg\" alt=\"Das Auge spielt mit\" class=\"wp-image-1625\" srcset=\"https:\/\/www.guhalg.com\/wordpress\/wp-content\/uploads\/Reisen\/Madagaskar\/Tsingysg\/Wildlife_1-1024x575.jpg 1024w, https:\/\/www.guhalg.com\/wordpress\/wp-content\/uploads\/Reisen\/Madagaskar\/Tsingysg\/Wildlife_1-300x169.jpg 300w, https:\/\/www.guhalg.com\/wordpress\/wp-content\/uploads\/Reisen\/Madagaskar\/Tsingysg\/Wildlife_1-768x432.jpg 768w, https:\/\/www.guhalg.com\/wordpress\/wp-content\/uploads\/Reisen\/Madagaskar\/Tsingysg\/Wildlife_1-1536x863.jpg 1536w, https:\/\/www.guhalg.com\/wordpress\/wp-content\/uploads\/Reisen\/Madagaskar\/Tsingysg\/Wildlife_1.jpg 1920w\" sizes=\"auto, (max-width: 1024px) 100vw, 1024px\" \/><\/a><figcaption>Das Auge spielt mit<\/figcaption><\/figure><\/div>\n<\/div>\n\n\n\n<div class=\"wp-block-column is-layout-flow wp-block-column-is-layout-flow\">\n<div class=\"wp-block-image\"><figure class=\"aligncenter size-large\"><a href=\"https:\/\/www.guhalg.com\/wordpress\/wp-content\/uploads\/Reisen\/Madagaskar\/Tsingysg\/Wildlife_2.jpg\"><img loading=\"lazy\" decoding=\"async\" width=\"1024\" height=\"575\" src=\"https:\/\/www.guhalg.com\/wordpress\/wp-content\/uploads\/Reisen\/Madagaskar\/Tsingysg\/Wildlife_2-1024x575.jpg\" alt=\"ein kleiner Vogel\" class=\"wp-image-1626\" srcset=\"https:\/\/www.guhalg.com\/wordpress\/wp-content\/uploads\/Reisen\/Madagaskar\/Tsingysg\/Wildlife_2-1024x575.jpg 1024w, https:\/\/www.guhalg.com\/wordpress\/wp-content\/uploads\/Reisen\/Madagaskar\/Tsingysg\/Wildlife_2-300x169.jpg 300w, https:\/\/www.guhalg.com\/wordpress\/wp-content\/uploads\/Reisen\/Madagaskar\/Tsingysg\/Wildlife_2-768x432.jpg 768w, https:\/\/www.guhalg.com\/wordpress\/wp-content\/uploads\/Reisen\/Madagaskar\/Tsingysg\/Wildlife_2-1536x863.jpg 1536w, https:\/\/www.guhalg.com\/wordpress\/wp-content\/uploads\/Reisen\/Madagaskar\/Tsingysg\/Wildlife_2.jpg 1920w\" sizes=\"auto, (max-width: 1024px) 100vw, 1024px\" \/><\/a><figcaption>ein kleiner Vogel<\/figcaption><\/figure><\/div>\n<\/div>\n\n\n\n<div class=\"wp-block-column is-layout-flow wp-block-column-is-layout-flow\">\n<div class=\"wp-block-image\"><figure class=\"aligncenter size-large\"><a href=\"https:\/\/www.guhalg.com\/wordpress\/wp-content\/uploads\/Reisen\/Madagaskar\/Tsingysg\/Wildlife_3.jpg\"><img loading=\"lazy\" decoding=\"async\" width=\"1024\" height=\"575\" src=\"https:\/\/www.guhalg.com\/wordpress\/wp-content\/uploads\/Reisen\/Madagaskar\/Tsingysg\/Wildlife_3-1024x575.jpg\" alt=\"und wieder ein Sifaka\" class=\"wp-image-1627\" srcset=\"https:\/\/www.guhalg.com\/wordpress\/wp-content\/uploads\/Reisen\/Madagaskar\/Tsingysg\/Wildlife_3-1024x575.jpg 1024w, https:\/\/www.guhalg.com\/wordpress\/wp-content\/uploads\/Reisen\/Madagaskar\/Tsingysg\/Wildlife_3-300x169.jpg 300w, https:\/\/www.guhalg.com\/wordpress\/wp-content\/uploads\/Reisen\/Madagaskar\/Tsingysg\/Wildlife_3-768x432.jpg 768w, https:\/\/www.guhalg.com\/wordpress\/wp-content\/uploads\/Reisen\/Madagaskar\/Tsingysg\/Wildlife_3-1536x863.jpg 1536w, https:\/\/www.guhalg.com\/wordpress\/wp-content\/uploads\/Reisen\/Madagaskar\/Tsingysg\/Wildlife_3.jpg 1920w\" sizes=\"auto, (max-width: 1024px) 100vw, 1024px\" \/><\/a><figcaption>und wieder ein Sifaka<\/figcaption><\/figure><\/div>\n<\/div>\n<\/div>\n\n\n\n<p>Um dann unvermittelt wieder in die Grasebene hinauszutreten. Jetzt nur noch einen kleinen Fu\u00dfweg zum Auto, dann konnten die dort zur\u00fcckgelassenen restlichen Wasservorr\u00e4te genie\u00dfen.<\/p>\n\n\n\n<div class=\"wp-block-image\"><figure class=\"aligncenter size-large\"><a href=\"https:\/\/www.guhalg.com\/wordpress\/wp-content\/uploads\/Reisen\/Madagaskar\/Tsingysg\/Grasebene.jpg\"><img loading=\"lazy\" decoding=\"async\" width=\"1024\" height=\"575\" src=\"https:\/\/www.guhalg.com\/wordpress\/wp-content\/uploads\/Reisen\/Madagaskar\/Tsingysg\/Grasebene-1024x575.jpg\" alt=\"Grasland af dem R\u00fcckweg\" class=\"wp-image-1621\" title=\"Grasebene\" srcset=\"https:\/\/www.guhalg.com\/wordpress\/wp-content\/uploads\/Reisen\/Madagaskar\/Tsingysg\/Grasebene-1024x575.jpg 1024w, https:\/\/www.guhalg.com\/wordpress\/wp-content\/uploads\/Reisen\/Madagaskar\/Tsingysg\/Grasebene-300x169.jpg 300w, https:\/\/www.guhalg.com\/wordpress\/wp-content\/uploads\/Reisen\/Madagaskar\/Tsingysg\/Grasebene-768x432.jpg 768w, https:\/\/www.guhalg.com\/wordpress\/wp-content\/uploads\/Reisen\/Madagaskar\/Tsingysg\/Grasebene-1536x863.jpg 1536w, https:\/\/www.guhalg.com\/wordpress\/wp-content\/uploads\/Reisen\/Madagaskar\/Tsingysg\/Grasebene.jpg 1920w\" sizes=\"auto, (max-width: 1024px) 100vw, 1024px\" \/><\/a><figcaption>Grasland af dem R\u00fcckweg<\/figcaption><\/figure><\/div>\n\n\n\n<p>Nach der R\u00fcckfahrt ins Resort gab es erstmal eine ausgiebige Dusche und etwas Entspannung auf unserer kleinen Terrasse. F\u00fcr den sp\u00e4teren Nachmittag hatten wir uns mit den Kindern am Swimmingpool verabredet. Dort hat Horst mit Fidirana ein wenig Schwimmen ge\u00fcbt und bei einer erfrischenden k\u00fchlen Cola haben wir diesen Tag ausklingen lassen, so wie er begonnen hatte: mit einem Blick \u00fcber das Tal zu den Bergen.<\/p>\n\n\n\n<div class=\"wp-block-columns is-layout-flex wp-container-core-columns-is-layout-9d6595d7 wp-block-columns-is-layout-flex\">\n<div class=\"wp-block-column is-layout-flow wp-block-column-is-layout-flow\">\n<div class=\"wp-block-image\"><figure class=\"aligncenter size-large\"><a href=\"https:\/\/www.guhalg.com\/wordpress\/wp-content\/uploads\/Reisen\/Madagaskar\/Tsingysg\/Bungalow.jpg\"><img loading=\"lazy\" decoding=\"async\" width=\"1024\" height=\"575\" src=\"https:\/\/www.guhalg.com\/wordpress\/wp-content\/uploads\/Reisen\/Madagaskar\/Tsingysg\/Bungalow-1024x575.jpg\" alt=\"unser Bungalow\" class=\"wp-image-1617\" srcset=\"https:\/\/www.guhalg.com\/wordpress\/wp-content\/uploads\/Reisen\/Madagaskar\/Tsingysg\/Bungalow-1024x575.jpg 1024w, https:\/\/www.guhalg.com\/wordpress\/wp-content\/uploads\/Reisen\/Madagaskar\/Tsingysg\/Bungalow-300x169.jpg 300w, https:\/\/www.guhalg.com\/wordpress\/wp-content\/uploads\/Reisen\/Madagaskar\/Tsingysg\/Bungalow-768x432.jpg 768w, https:\/\/www.guhalg.com\/wordpress\/wp-content\/uploads\/Reisen\/Madagaskar\/Tsingysg\/Bungalow-1536x863.jpg 1536w, https:\/\/www.guhalg.com\/wordpress\/wp-content\/uploads\/Reisen\/Madagaskar\/Tsingysg\/Bungalow.jpg 1920w\" sizes=\"auto, (max-width: 1024px) 100vw, 1024px\" \/><\/a><figcaption>Grasland af dem R\u00fcckweg<\/figcaption><\/figure><\/div>\n<\/div>\n\n\n\n<div class=\"wp-block-column is-layout-flow wp-block-column-is-layout-flow\">\n<div class=\"wp-block-image\"><figure class=\"aligncenter size-large\"><a href=\"https:\/\/www.guhalg.com\/wordpress\/wp-content\/uploads\/Reisen\/Madagaskar\/Tsingysg\/Schwimmingpool.jpg\"><img loading=\"lazy\" decoding=\"async\" width=\"1024\" height=\"575\" src=\"https:\/\/www.guhalg.com\/wordpress\/wp-content\/uploads\/Reisen\/Madagaskar\/Tsingysg\/Schwimmingpool-1024x575.jpg\" alt=\"Entspannung am Pool\" class=\"wp-image-1623\" srcset=\"https:\/\/www.guhalg.com\/wordpress\/wp-content\/uploads\/Reisen\/Madagaskar\/Tsingysg\/Schwimmingpool-1024x575.jpg 1024w, https:\/\/www.guhalg.com\/wordpress\/wp-content\/uploads\/Reisen\/Madagaskar\/Tsingysg\/Schwimmingpool-300x169.jpg 300w, https:\/\/www.guhalg.com\/wordpress\/wp-content\/uploads\/Reisen\/Madagaskar\/Tsingysg\/Schwimmingpool-768x432.jpg 768w, https:\/\/www.guhalg.com\/wordpress\/wp-content\/uploads\/Reisen\/Madagaskar\/Tsingysg\/Schwimmingpool-1536x863.jpg 1536w, https:\/\/www.guhalg.com\/wordpress\/wp-content\/uploads\/Reisen\/Madagaskar\/Tsingysg\/Schwimmingpool.jpg 1920w\" sizes=\"auto, (max-width: 1024px) 100vw, 1024px\" \/><\/a><figcaption>Entspannung am Pool<\/figcaption><\/figure><\/div>\n<\/div>\n\n\n\n<div class=\"wp-block-column is-layout-flow wp-block-column-is-layout-flow\">\n<div class=\"wp-block-image\"><figure class=\"aligncenter size-large\"><a href=\"https:\/\/www.guhalg.com\/wordpress\/wp-content\/uploads\/Reisen\/Madagaskar\/Tsingysg\/verdienter Abend.jpg\"><img loading=\"lazy\" decoding=\"async\" width=\"1024\" height=\"575\" src=\"https:\/\/www.guhalg.com\/wordpress\/wp-content\/uploads\/Reisen\/Madagaskar\/Tsingysg\/verdienter Abend-1024x575.jpg\" alt=\"Der Abend n\u00e4hert sich dem Ende\" class=\"wp-image-1624\" srcset=\"https:\/\/www.guhalg.com\/wordpress\/wp-content\/uploads\/Reisen\/Madagaskar\/Tsingysg\/verdienter%20Abend-1024x575.jpg 1024w, https:\/\/www.guhalg.com\/wordpress\/wp-content\/uploads\/Reisen\/Madagaskar\/Tsingysg\/verdienter%20Abend-300x169.jpg 300w, https:\/\/www.guhalg.com\/wordpress\/wp-content\/uploads\/Reisen\/Madagaskar\/Tsingysg\/verdienter%20Abend-768x432.jpg 768w, https:\/\/www.guhalg.com\/wordpress\/wp-content\/uploads\/Reisen\/Madagaskar\/Tsingysg\/verdienter%20Abend-1536x863.jpg 1536w, https:\/\/www.guhalg.com\/wordpress\/wp-content\/uploads\/Reisen\/Madagaskar\/Tsingysg\/verdienter%20Abend.jpg 1920w\" sizes=\"auto, (max-width: 1024px) 100vw, 1024px\" \/><\/a><figcaption>Der Abend n\u00e4hert sich dem Ende<\/figcaption><\/figure><\/div>\n<\/div>\n<\/div>\n\n\n\n<div class=\"wp-block-columns is-layout-flex wp-container-core-columns-is-layout-9d6595d7 wp-block-columns-is-layout-flex\">\n<div class=\"wp-block-column is-layout-flow wp-block-column-is-layout-flow\">\n<div class=\"wp-block-buttons is-layout-flex wp-block-buttons-is-layout-flex\">\n<div class=\"wp-block-button\"><a class=\"wp-block-button__link\" href=\"https:\/\/www.guhalg.com\/wordpress\/?page_id=1545\">Die kleinen Tsingys<\/a><\/div>\n<\/div>\n<\/div>\n\n\n\n<div class=\"wp-block-column is-layout-flow wp-block-column-is-layout-flow\">\n<div class=\"wp-block-buttons is-horizontal is-content-justification-right is-layout-flex wp-container-core-buttons-is-layout-ae2fe186 wp-block-buttons-is-layout-flex\">\n<div class=\"wp-block-button\"><a class=\"wp-block-button__link\" href=\"https:\/\/www.guhalg.com\/wordpress\/?page_id=1637\">Es geht nach Kirindy<\/a><\/div>\n<\/div>\n<\/div>\n<\/div>\n","protected":false},"excerpt":{"rendered":"<p>Auch dieser Morgen begann wieder recht fr\u00fch. Wir wollten ja zu einer mehrst\u00fcndigen Wanderung durch die Tsingys aufbrechen und kannten die Hitze auf den schwarzen Steinen. Also gab es beim Morgengrauen wieder das Fr\u00fchst\u00fcck auf der Terrasse unseres Restaurants und&hellip; <\/p>\n","protected":false},"author":1,"featured_media":0,"parent":279,"menu_order":0,"comment_status":"closed","ping_status":"closed","template":"","meta":{"footnotes":""},"class_list":["post-1608","page","type-page","status-publish","hentry"],"_links":{"self":[{"href":"https:\/\/www.guhalg.com\/wordpress\/index.php?rest_route=\/wp\/v2\/pages\/1608","targetHints":{"allow":["GET"]}}],"collection":[{"href":"https:\/\/www.guhalg.com\/wordpress\/index.php?rest_route=\/wp\/v2\/pages"}],"about":[{"href":"https:\/\/www.guhalg.com\/wordpress\/index.php?rest_route=\/wp\/v2\/types\/page"}],"author":[{"embeddable":true,"href":"https:\/\/www.guhalg.com\/wordpress\/index.php?rest_route=\/wp\/v2\/users\/1"}],"replies":[{"embeddable":true,"href":"https:\/\/www.guhalg.com\/wordpress\/index.php?rest_route=%2Fwp%2Fv2%2Fcomments&post=1608"}],"version-history":[{"count":8,"href":"https:\/\/www.guhalg.com\/wordpress\/index.php?rest_route=\/wp\/v2\/pages\/1608\/revisions"}],"predecessor-version":[{"id":7892,"href":"https:\/\/www.guhalg.com\/wordpress\/index.php?rest_route=\/wp\/v2\/pages\/1608\/revisions\/7892"}],"up":[{"embeddable":true,"href":"https:\/\/www.guhalg.com\/wordpress\/index.php?rest_route=\/wp\/v2\/pages\/279"}],"wp:attachment":[{"href":"https:\/\/www.guhalg.com\/wordpress\/index.php?rest_route=%2Fwp%2Fv2%2Fmedia&parent=1608"}],"curies":[{"name":"wp","href":"https:\/\/api.w.org\/{rel}","templated":true}]}}