{"id":1637,"date":"2021-11-12T22:34:21","date_gmt":"2021-11-12T21:34:21","guid":{"rendered":"https:\/\/www.guhalg.com\/wordpress\/?page_id=1637"},"modified":"2022-02-09T18:27:39","modified_gmt":"2022-02-09T17:27:39","slug":"es-geht-nach-kirindy","status":"publish","type":"page","link":"https:\/\/www.guhalg.com\/wordpress\/?page_id=1637","title":{"rendered":"Es geht nach Kirindy"},"content":{"rendered":"\n<p>Nach einem letzten Blick beim Fr\u00fchst\u00fcck auf das Tal und zu den Bergen ging es mal wieder ins Auto zu einer l\u00e4ngeren Fahrt. Wir sind die gleiche Strecke gefahren wie auf dem Hinweg, allerdings noch \u00fcber unseren Kreuzfahrtfluss hinaus. Alain war wieder gut gelaunt und empfing uns morgens schon mit seinem L\u00e4cheln und einem gepfiffenen Lied, kannte die Strecke wie seine Westentasche und fegte da wo es m\u00f6glich war, richtig schnell \u00fcber die Piste. Bis <\/p>\n\n\n\n<div class=\"wp-block-columns is-layout-flex wp-container-core-columns-is-layout-9d6595d7 wp-block-columns-is-layout-flex\">\n<div class=\"wp-block-column is-layout-flow wp-block-column-is-layout-flow\">\n<div class=\"wp-block-image\"><figure class=\"aligncenter size-large\"><a href=\"https:\/\/www.guhalg.com\/wordpress\/wp-content\/uploads\/Reisen\/Madagaskar\/Kirindy\/durch die B\u00fcsche.jpg\"><img loading=\"lazy\" decoding=\"async\" width=\"1024\" height=\"575\" src=\"https:\/\/www.guhalg.com\/wordpress\/wp-content\/uploads\/Reisen\/Madagaskar\/Kirindy\/durch die B\u00fcsche-1024x575.jpg\" alt=\"durch die B\u00fcsche\" class=\"wp-image-1660\" srcset=\"https:\/\/www.guhalg.com\/wordpress\/wp-content\/uploads\/Reisen\/Madagaskar\/Kirindy\/durch%20die%20B\u00fcsche-1024x575.jpg 1024w, https:\/\/www.guhalg.com\/wordpress\/wp-content\/uploads\/Reisen\/Madagaskar\/Kirindy\/durch%20die%20B\u00fcsche-300x169.jpg 300w, https:\/\/www.guhalg.com\/wordpress\/wp-content\/uploads\/Reisen\/Madagaskar\/Kirindy\/durch%20die%20B\u00fcsche-768x432.jpg 768w, https:\/\/www.guhalg.com\/wordpress\/wp-content\/uploads\/Reisen\/Madagaskar\/Kirindy\/durch%20die%20B\u00fcsche-1536x863.jpg 1536w, https:\/\/www.guhalg.com\/wordpress\/wp-content\/uploads\/Reisen\/Madagaskar\/Kirindy\/durch%20die%20B\u00fcsche.jpg 1920w\" sizes=\"auto, (max-width: 1024px) 100vw, 1024px\" \/><\/a><figcaption>Durch die B\u00fcsche<\/figcaption><\/figure><\/div>\n<\/div>\n\n\n\n<div class=\"wp-block-column is-layout-flow wp-block-column-is-layout-flow\">\n<div class=\"wp-block-image\"><figure class=\"aligncenter size-large\"><a href=\"https:\/\/www.guhalg.com\/wordpress\/wp-content\/uploads\/Reisen\/Madagaskar\/Kirindy\/\u00fcber die Pr\u00e4rie.jpg\"><img loading=\"lazy\" decoding=\"async\" width=\"1024\" height=\"575\" src=\"https:\/\/www.guhalg.com\/wordpress\/wp-content\/uploads\/Reisen\/Madagaskar\/Kirindy\/\u00fcber die Pr\u00e4rie-1024x575.jpg\" alt=\"\u00fcber die Pr\u00e4rie\" class=\"wp-image-1669\" srcset=\"https:\/\/www.guhalg.com\/wordpress\/wp-content\/uploads\/Reisen\/Madagaskar\/Kirindy\/\u00fcber%20die%20Pr\u00e4rie-1024x575.jpg 1024w, https:\/\/www.guhalg.com\/wordpress\/wp-content\/uploads\/Reisen\/Madagaskar\/Kirindy\/\u00fcber%20die%20Pr\u00e4rie-300x169.jpg 300w, https:\/\/www.guhalg.com\/wordpress\/wp-content\/uploads\/Reisen\/Madagaskar\/Kirindy\/\u00fcber%20die%20Pr\u00e4rie-768x432.jpg 768w, https:\/\/www.guhalg.com\/wordpress\/wp-content\/uploads\/Reisen\/Madagaskar\/Kirindy\/\u00fcber%20die%20Pr\u00e4rie-1536x863.jpg 1536w, https:\/\/www.guhalg.com\/wordpress\/wp-content\/uploads\/Reisen\/Madagaskar\/Kirindy\/\u00fcber%20die%20Pr\u00e4rie.jpg 1920w\" sizes=\"auto, (max-width: 1024px) 100vw, 1024px\" \/><\/a><figcaption>\u00dcber die Pr\u00e4rie<\/figcaption><\/figure><\/div>\n<\/div>\n\n\n\n<div class=\"wp-block-column is-layout-flow wp-block-column-is-layout-flow\">\n<div class=\"wp-block-image\"><figure class=\"aligncenter size-large\"><a href=\"https:\/\/www.guhalg.com\/wordpress\/wp-content\/uploads\/Reisen\/Madagaskar\/Kirindy\/Panne.jpg\"><img loading=\"lazy\" decoding=\"async\" width=\"1024\" height=\"575\" src=\"https:\/\/www.guhalg.com\/wordpress\/wp-content\/uploads\/Reisen\/Madagaskar\/Kirindy\/Panne-1024x575.jpg\" alt=\"und dann die Panne\" class=\"wp-image-1664\" srcset=\"https:\/\/www.guhalg.com\/wordpress\/wp-content\/uploads\/Reisen\/Madagaskar\/Kirindy\/Panne-1024x575.jpg 1024w, https:\/\/www.guhalg.com\/wordpress\/wp-content\/uploads\/Reisen\/Madagaskar\/Kirindy\/Panne-300x169.jpg 300w, https:\/\/www.guhalg.com\/wordpress\/wp-content\/uploads\/Reisen\/Madagaskar\/Kirindy\/Panne-768x432.jpg 768w, https:\/\/www.guhalg.com\/wordpress\/wp-content\/uploads\/Reisen\/Madagaskar\/Kirindy\/Panne-1536x863.jpg 1536w, https:\/\/www.guhalg.com\/wordpress\/wp-content\/uploads\/Reisen\/Madagaskar\/Kirindy\/Panne.jpg 1920w\" sizes=\"auto, (max-width: 1024px) 100vw, 1024px\" \/><\/a><figcaption>Und dann die Panne<\/figcaption><\/figure><\/div>\n<\/div>\n<\/div>\n\n\n\n<p>wir eine Panne hatten. Schon komisch, erst in diesem Augenblick haben wir uns \u00fcberhaupt mit dem Gedanken einer Reifenpanne besch\u00e4ftigt. Aber klar, wenn man die ganze Zeit \u00fcber unbefestigte Stra\u00dfen f\u00e4hrt ist es vielleicht auch nur eine Frage der Zeit.<\/p>\n\n\n\n<p>In unserem Fall jetzt war es aber ein Metallsporn, der sich in den Reifen gebohrt hatte. Also gar keine Auswirkung der Stra\u00dfe, sondern von Menschenhand geschaffen. Alain hat dann auch gleich unser Gep\u00e4ck ein wenig zur Seite ger\u00e4umt um an den Wagenheber und das Schraubkreuz zu gelangen und schon war der Wagen auch aufgebockt. Das Reserverad befand sich unter der Metallhaube hinten an der Heckt\u00fcr und als Alain das Rad da herausholte wurden einem die Gr\u00f6\u00dfe erst so richtig bewusst. Sp\u00e4testens nach dem Reifenwechsel und dem \u201aVerstauen\u2018 des defekten Rades war dann auch das Gewicht so richtig bewusst. Dann noch schnell den Wagen wieder abgelassen und das Werkzeug ordentlich verstaut und schon ging es auch weiter.<\/p>\n\n\n\n<p>Klingt jetzt alles ganz einfach. Aber um die Mittagszeit, bei knapp 40\u00a0\u00b0C im Schatten, wo die Fahrg\u00e4ste sich in den Schatten des Autos verzogen haben und es auch dort schon sehr hei\u00df war, spielt diese Arbeit in der prallen Sonne schon auf einer eigenen Leistungsebene. Nichtsdestotrotz tat dieses bei Alain seiner Laune keinen Abbruch. Schnell noch einen Schluck Wasser genommen, das Hemd gewechselt und schon hatte er\u00a0wieder ein Liedchen auf seinen Lippen und die Reise ging weiter.<\/p>\n\n\n\n<p>Dass wir hier wieder mal etwas abseits der \u00fcblichen Pfade unterwegs waren, fiel sofort auf, als wir die n\u00e4chste F\u00e4hre erreichten. W\u00e4hrend es bei den Tsingys ja noch eine staatliche F\u00e4hre gab, war es hier am Fluss Tsiribihina wieder der Einfallsreichtum und das Organisationstalent der Bewohner, die eine \u00dcberquerung des Flusses m\u00f6glich machten.<\/p>\n\n\n\n<div class=\"wp-block-columns is-layout-flex wp-container-core-columns-is-layout-9d6595d7 wp-block-columns-is-layout-flex\">\n<div class=\"wp-block-column is-layout-flow wp-block-column-is-layout-flow\">\n<div class=\"wp-block-image\"><figure class=\"aligncenter size-large\"><a href=\"https:\/\/www.guhalg.com\/wordpress\/wp-content\/uploads\/Reisen\/Madagaskar\/Kirindy\/F\u00e4hre.jpg\"><img loading=\"lazy\" decoding=\"async\" width=\"1024\" height=\"575\" src=\"https:\/\/www.guhalg.com\/wordpress\/wp-content\/uploads\/Reisen\/Madagaskar\/Kirindy\/F\u00e4hre-1024x575.jpg\" alt=\"Die F\u00e4hre - eine Eigenkonstruktion\" class=\"wp-image-1663\" srcset=\"https:\/\/www.guhalg.com\/wordpress\/wp-content\/uploads\/Reisen\/Madagaskar\/Kirindy\/F\u00e4hre-1024x575.jpg 1024w, https:\/\/www.guhalg.com\/wordpress\/wp-content\/uploads\/Reisen\/Madagaskar\/Kirindy\/F\u00e4hre-300x169.jpg 300w, https:\/\/www.guhalg.com\/wordpress\/wp-content\/uploads\/Reisen\/Madagaskar\/Kirindy\/F\u00e4hre-768x432.jpg 768w, https:\/\/www.guhalg.com\/wordpress\/wp-content\/uploads\/Reisen\/Madagaskar\/Kirindy\/F\u00e4hre-1536x863.jpg 1536w, https:\/\/www.guhalg.com\/wordpress\/wp-content\/uploads\/Reisen\/Madagaskar\/Kirindy\/F\u00e4hre.jpg 1920w\" sizes=\"auto, (max-width: 1024px) 100vw, 1024px\" \/><\/a><figcaption>Die F\u00e4hre<\/figcaption><\/figure><\/div>\n<\/div>\n\n\n\n<div class=\"wp-block-column is-layout-flow wp-block-column-is-layout-flow\">\n<div class=\"wp-block-image\"><figure class=\"aligncenter size-large\"><a href=\"https:\/\/www.guhalg.com\/wordpress\/wp-content\/uploads\/Reisen\/Madagaskar\/Kirindy\/F\u00e4hranleger.jpg\"><img loading=\"lazy\" decoding=\"async\" width=\"1024\" height=\"575\" src=\"https:\/\/www.guhalg.com\/wordpress\/wp-content\/uploads\/Reisen\/Madagaskar\/Kirindy\/F\u00e4hranleger-1024x575.jpg\" alt=\"Der F\u00e4hranleger\" class=\"wp-image-1662\" srcset=\"https:\/\/www.guhalg.com\/wordpress\/wp-content\/uploads\/Reisen\/Madagaskar\/Kirindy\/F\u00e4hranleger-1024x575.jpg 1024w, https:\/\/www.guhalg.com\/wordpress\/wp-content\/uploads\/Reisen\/Madagaskar\/Kirindy\/F\u00e4hranleger-300x169.jpg 300w, https:\/\/www.guhalg.com\/wordpress\/wp-content\/uploads\/Reisen\/Madagaskar\/Kirindy\/F\u00e4hranleger-768x432.jpg 768w, https:\/\/www.guhalg.com\/wordpress\/wp-content\/uploads\/Reisen\/Madagaskar\/Kirindy\/F\u00e4hranleger-1536x863.jpg 1536w, https:\/\/www.guhalg.com\/wordpress\/wp-content\/uploads\/Reisen\/Madagaskar\/Kirindy\/F\u00e4hranleger.jpg 1920w\" sizes=\"auto, (max-width: 1024px) 100vw, 1024px\" \/><\/a><figcaption>Der F\u00e4hranleger<\/figcaption><\/figure><\/div>\n<\/div>\n\n\n\n<div class=\"wp-block-column is-layout-flow wp-block-column-is-layout-flow\">\n<div class=\"wp-block-image\"><figure class=\"aligncenter size-large\"><a href=\"https:\/\/www.guhalg.com\/wordpress\/wp-content\/uploads\/Reisen\/Madagaskar\/Kirindy\/Beladung.jpg\"><img loading=\"lazy\" decoding=\"async\" width=\"1024\" height=\"575\" src=\"https:\/\/www.guhalg.com\/wordpress\/wp-content\/uploads\/Reisen\/Madagaskar\/Kirindy\/Beladung-1024x575.jpg\" alt=\"Die Beladung\" class=\"wp-image-1658\" srcset=\"https:\/\/www.guhalg.com\/wordpress\/wp-content\/uploads\/Reisen\/Madagaskar\/Kirindy\/Beladung-1024x575.jpg 1024w, https:\/\/www.guhalg.com\/wordpress\/wp-content\/uploads\/Reisen\/Madagaskar\/Kirindy\/Beladung-300x169.jpg 300w, https:\/\/www.guhalg.com\/wordpress\/wp-content\/uploads\/Reisen\/Madagaskar\/Kirindy\/Beladung-768x432.jpg 768w, https:\/\/www.guhalg.com\/wordpress\/wp-content\/uploads\/Reisen\/Madagaskar\/Kirindy\/Beladung-1536x863.jpg 1536w, https:\/\/www.guhalg.com\/wordpress\/wp-content\/uploads\/Reisen\/Madagaskar\/Kirindy\/Beladung.jpg 1920w\" sizes=\"auto, (max-width: 1024px) 100vw, 1024px\" \/><\/a><figcaption>Die Beladung<\/figcaption><\/figure><\/div>\n<\/div>\n<\/div>\n\n\n\n<p>W\u00e4hrend der Fahrt sind wir immer wieder an kleinen bunten Friedh\u00f6fen vorbeigekommen und Jocy hat uns die sehr wichtige Bedeutung der <a rel=\"noreferrer noopener\" href=\"https:\/\/de.wikipedia.org\/wiki\/Famadihana\" target=\"_blank\">Famadihana<\/a>, dem Umbetten der Toten, erkl\u00e4rt. Insbesondere der Teil, wo die Toten vor dem erneuten Beerdigen erst mehrere Male um sich selbst gedreht und um ihr Grab herumgetragen werden, bevor man sie wieder in ihr Grab legt. Dieses dient ihrer Verwirrung, damit sie nicht alleine wieder ins Dorf zur\u00fcckfinden.<\/p>\n\n\n\n<p>Am sp\u00e4ten Nachmittag sind wir an unserem Ziel, dem Naturpark von Kirindy endlich angekommen. Als Erstes mussten wir uns noch an der Rezeption mit unseren P\u00e4ssen als Besucher eintragen und uns wurde gleich das danebenliegende Restaurant gezeigt.<\/p>\n\n\n\n<div class=\"wp-block-columns is-layout-flex wp-container-core-columns-is-layout-9d6595d7 wp-block-columns-is-layout-flex\">\n<div class=\"wp-block-column is-layout-flow wp-block-column-is-layout-flow\">\n<div class=\"wp-block-image\"><figure class=\"aligncenter size-large\"><a href=\"https:\/\/www.guhalg.com\/wordpress\/wp-content\/uploads\/Reisen\/Madagaskar\/Kirindy\/Park.jpg\"><img loading=\"lazy\" decoding=\"async\" width=\"1024\" height=\"575\" src=\"https:\/\/www.guhalg.com\/wordpress\/wp-content\/uploads\/Reisen\/Madagaskar\/Kirindy\/Park-1024x575.jpg\" alt=\"Das Parkschild\" class=\"wp-image-1665\" srcset=\"https:\/\/www.guhalg.com\/wordpress\/wp-content\/uploads\/Reisen\/Madagaskar\/Kirindy\/Park-1024x575.jpg 1024w, https:\/\/www.guhalg.com\/wordpress\/wp-content\/uploads\/Reisen\/Madagaskar\/Kirindy\/Park-300x169.jpg 300w, https:\/\/www.guhalg.com\/wordpress\/wp-content\/uploads\/Reisen\/Madagaskar\/Kirindy\/Park-768x432.jpg 768w, https:\/\/www.guhalg.com\/wordpress\/wp-content\/uploads\/Reisen\/Madagaskar\/Kirindy\/Park-1536x863.jpg 1536w, https:\/\/www.guhalg.com\/wordpress\/wp-content\/uploads\/Reisen\/Madagaskar\/Kirindy\/Park.jpg 1920w\" sizes=\"auto, (max-width: 1024px) 100vw, 1024px\" \/><\/a><figcaption>Das Parkschild<\/figcaption><\/figure><\/div>\n<\/div>\n\n\n\n<div class=\"wp-block-column is-layout-flow wp-block-column-is-layout-flow\">\n<div class=\"wp-block-image\"><figure class=\"aligncenter size-large\"><a href=\"https:\/\/www.guhalg.com\/wordpress\/wp-content\/uploads\/Reisen\/Madagaskar\/Kirindy\/Restaurant.jpg\"><img loading=\"lazy\" decoding=\"async\" width=\"1024\" height=\"575\" src=\"https:\/\/www.guhalg.com\/wordpress\/wp-content\/uploads\/Reisen\/Madagaskar\/Kirindy\/Restaurant-1024x575.jpg\" alt=\"Rezeption und Restaurant\" class=\"wp-image-1666\" srcset=\"https:\/\/www.guhalg.com\/wordpress\/wp-content\/uploads\/Reisen\/Madagaskar\/Kirindy\/Restaurant-1024x575.jpg 1024w, https:\/\/www.guhalg.com\/wordpress\/wp-content\/uploads\/Reisen\/Madagaskar\/Kirindy\/Restaurant-300x169.jpg 300w, https:\/\/www.guhalg.com\/wordpress\/wp-content\/uploads\/Reisen\/Madagaskar\/Kirindy\/Restaurant-768x432.jpg 768w, https:\/\/www.guhalg.com\/wordpress\/wp-content\/uploads\/Reisen\/Madagaskar\/Kirindy\/Restaurant-1536x863.jpg 1536w, https:\/\/www.guhalg.com\/wordpress\/wp-content\/uploads\/Reisen\/Madagaskar\/Kirindy\/Restaurant.jpg 1920w\" sizes=\"auto, (max-width: 1024px) 100vw, 1024px\" \/><\/a><figcaption>Rezeption und Restaurant<\/figcaption><\/figure><\/div>\n<\/div>\n<\/div>\n\n\n\n<p>Danach gab es endlich mal Zeit f\u00fcr eine kurze Erholung nach fast neun Stunden Autofahrt. Also auf in den Bungalow, etwas ausruhen und fertig machen f\u00fcr die abendliche Wanderung durch den Park.<\/p>\n\n\n\n<div class=\"wp-block-columns is-layout-flex wp-container-core-columns-is-layout-9d6595d7 wp-block-columns-is-layout-flex\">\n<div class=\"wp-block-column is-layout-flow wp-block-column-is-layout-flow\">\n<div class=\"wp-block-image\"><figure class=\"aligncenter size-large\"><a href=\"https:\/\/www.guhalg.com\/wordpress\/wp-content\/uploads\/Reisen\/Madagaskar\/Kirindy\/Bungalow.jpg\"><img loading=\"lazy\" decoding=\"async\" width=\"1024\" height=\"575\" src=\"https:\/\/www.guhalg.com\/wordpress\/wp-content\/uploads\/Reisen\/Madagaskar\/Kirindy\/Bungalow-1024x575.jpg\" alt=\"unser Bungalow\" class=\"wp-image-1659\" srcset=\"https:\/\/www.guhalg.com\/wordpress\/wp-content\/uploads\/Reisen\/Madagaskar\/Kirindy\/Bungalow-1024x575.jpg 1024w, https:\/\/www.guhalg.com\/wordpress\/wp-content\/uploads\/Reisen\/Madagaskar\/Kirindy\/Bungalow-300x169.jpg 300w, https:\/\/www.guhalg.com\/wordpress\/wp-content\/uploads\/Reisen\/Madagaskar\/Kirindy\/Bungalow-768x432.jpg 768w, https:\/\/www.guhalg.com\/wordpress\/wp-content\/uploads\/Reisen\/Madagaskar\/Kirindy\/Bungalow-1536x863.jpg 1536w, https:\/\/www.guhalg.com\/wordpress\/wp-content\/uploads\/Reisen\/Madagaskar\/Kirindy\/Bungalow.jpg 1920w\" sizes=\"auto, (max-width: 1024px) 100vw, 1024px\" \/><\/a><figcaption>Unser Bungalow<\/figcaption><\/figure><\/div>\n<\/div>\n\n\n\n<div class=\"wp-block-column is-layout-flow wp-block-column-is-layout-flow\">\n<div class=\"wp-block-image\"><figure class=\"aligncenter size-large\"><a href=\"https:\/\/www.guhalg.com\/wordpress\/wp-content\/uploads\/Reisen\/Madagaskar\/Kirindy\/Toilette.jpg\"><img loading=\"lazy\" decoding=\"async\" width=\"1024\" height=\"575\" src=\"https:\/\/www.guhalg.com\/wordpress\/wp-content\/uploads\/Reisen\/Madagaskar\/Kirindy\/Toilette-1024x575.jpg\" alt=\"Das Toilettenh\u00e4uschen\" class=\"wp-image-1668\" srcset=\"https:\/\/www.guhalg.com\/wordpress\/wp-content\/uploads\/Reisen\/Madagaskar\/Kirindy\/Toilette-1024x575.jpg 1024w, https:\/\/www.guhalg.com\/wordpress\/wp-content\/uploads\/Reisen\/Madagaskar\/Kirindy\/Toilette-300x169.jpg 300w, https:\/\/www.guhalg.com\/wordpress\/wp-content\/uploads\/Reisen\/Madagaskar\/Kirindy\/Toilette-768x432.jpg 768w, https:\/\/www.guhalg.com\/wordpress\/wp-content\/uploads\/Reisen\/Madagaskar\/Kirindy\/Toilette-1536x863.jpg 1536w, https:\/\/www.guhalg.com\/wordpress\/wp-content\/uploads\/Reisen\/Madagaskar\/Kirindy\/Toilette.jpg 1920w\" sizes=\"auto, (max-width: 1024px) 100vw, 1024px\" \/><\/a><figcaption>Das Toilettenh\u00e4uschen<\/figcaption><\/figure><\/div>\n<\/div>\n\n\n\n<div class=\"wp-block-column is-layout-flow wp-block-column-is-layout-flow\">\n<div class=\"wp-block-image\"><figure class=\"aligncenter size-large\"><a href=\"https:\/\/www.guhalg.com\/wordpress\/wp-content\/uploads\/Reisen\/Madagaskar\/Kirindy\/Schlafplatz.jpg\"><img loading=\"lazy\" decoding=\"async\" width=\"1024\" height=\"575\" src=\"https:\/\/www.guhalg.com\/wordpress\/wp-content\/uploads\/Reisen\/Madagaskar\/Kirindy\/Schlafplatz-1024x575.jpg\" alt=\"Unser Bett\" class=\"wp-image-1667\" srcset=\"https:\/\/www.guhalg.com\/wordpress\/wp-content\/uploads\/Reisen\/Madagaskar\/Kirindy\/Schlafplatz-1024x575.jpg 1024w, https:\/\/www.guhalg.com\/wordpress\/wp-content\/uploads\/Reisen\/Madagaskar\/Kirindy\/Schlafplatz-300x169.jpg 300w, https:\/\/www.guhalg.com\/wordpress\/wp-content\/uploads\/Reisen\/Madagaskar\/Kirindy\/Schlafplatz-768x432.jpg 768w, https:\/\/www.guhalg.com\/wordpress\/wp-content\/uploads\/Reisen\/Madagaskar\/Kirindy\/Schlafplatz-1536x863.jpg 1536w, https:\/\/www.guhalg.com\/wordpress\/wp-content\/uploads\/Reisen\/Madagaskar\/Kirindy\/Schlafplatz.jpg 1920w\" sizes=\"auto, (max-width: 1024px) 100vw, 1024px\" \/><\/a><figcaption>Unser Bett<\/figcaption><\/figure><\/div>\n<\/div>\n<\/div>\n\n\n\n<p>Gl\u00fccklicherweise geh\u00f6rte unser Bungalow hier schon zu den neuen, renovierten. Wir mussten nicht mehr auf die gemeinsame Toilette nach drau\u00dfen, sondern hatten ein eigenes Badezimmer. Sogar ein gutes, dichtes Moskitonetz war aufgespannt. Dieses war aber auch bei den L\u00fccken zwischen den Brettern dringend notwendig.<\/p>\n\n\n\n<p>Die Abendwanderung war sehr sch\u00f6n, insbesondere da wir einen Guide mit viel Erfahrung und ohne Sprachkenntnisse hatten, der auch immer die Naturwissenschaftler durch den Wald f\u00fchrt und Ihnen die gew\u00fcnschten Tiere zeigt. Er konnte sich so schnell und trotzdem lautlos bewegen, dass wir uns wunderten, wie er denn jetzt zu einem Gecko auf dem Arm kommt und wieso er, der doch gerade noch hinter uns war, von vorne kommt.<\/p>\n\n\n\n<p>Aber er hat uns an diesem Abend und auch am n\u00e4chsten Morgen sehr viel von der spezifischen Tierwelt hier in Kirindy gezeigt. Sogar das einzige Raubtier Madagaskars, den <a rel=\"noreferrer noopener\" href=\"https:\/\/de.wikipedia.org\/wiki\/Fossa\" target=\"_blank\">Fossa<\/a>, haben wir zu Gesicht bekommen. Da haben wir auch sofort auch verstanden, warum man immer Fenster und T\u00fcren geschlossen halten soll, wenn man nicht im Bungalow ist, da wir den Fossa aus einem der Bungalows springen sahen.<\/p>\n\n\n\n<p>Einige der Bilder aus Kirindy haben wir f\u00fcr euch zusammengestellt: <a href=\"http:\/\/localhost:8080\/page\/reisen\/2012-madagaskar\/einige-bilder.php\">Kirindy<\/a><\/p>\n\n\n\n<p>Auf der n\u00e4chsten Seite geht es weiter mit einem Highlight, bekannt aus Funk- und Fernsehen: die <a href=\"https:\/\/de.wikipedia.org\/wiki\/Baobaballee\">Boababallee<\/a>.<\/p>\n\n\n\n<div class=\"wp-block-columns is-layout-flex wp-container-core-columns-is-layout-9d6595d7 wp-block-columns-is-layout-flex\">\n<div class=\"wp-block-column is-layout-flow wp-block-column-is-layout-flow\">\n<div class=\"wp-block-buttons is-layout-flex wp-block-buttons-is-layout-flex\">\n<div class=\"wp-block-button\"><a class=\"wp-block-button__link\" href=\"https:\/\/www.guhalg.com\/wordpress\/?page_id=1608\">Die gro\u00dfen Tsingys<\/a><\/div>\n<\/div>\n<\/div>\n\n\n\n<div class=\"wp-block-column is-layout-flow wp-block-column-is-layout-flow\">\n<div class=\"wp-block-buttons is-horizontal is-content-justification-right is-layout-flex wp-container-core-buttons-is-layout-ae2fe186 wp-block-buttons-is-layout-flex\">\n<div class=\"wp-block-button\"><a class=\"wp-block-button__link\" href=\"https:\/\/www.guhalg.com\/wordpress\/?page_id=1680\">Die Baobaballee<\/a><\/div>\n<\/div>\n<\/div>\n<\/div>\n","protected":false},"excerpt":{"rendered":"<p>Nach einem letzten Blick beim Fr\u00fchst\u00fcck auf das Tal und zu den Bergen ging es mal wieder ins Auto zu einer l\u00e4ngeren Fahrt. Wir sind die gleiche Strecke gefahren wie auf dem Hinweg, allerdings noch \u00fcber unseren Kreuzfahrtfluss hinaus. Alain&hellip; <\/p>\n","protected":false},"author":1,"featured_media":0,"parent":279,"menu_order":0,"comment_status":"closed","ping_status":"closed","template":"","meta":{"footnotes":""},"class_list":["post-1637","page","type-page","status-publish","hentry"],"_links":{"self":[{"href":"https:\/\/www.guhalg.com\/wordpress\/index.php?rest_route=\/wp\/v2\/pages\/1637","targetHints":{"allow":["GET"]}}],"collection":[{"href":"https:\/\/www.guhalg.com\/wordpress\/index.php?rest_route=\/wp\/v2\/pages"}],"about":[{"href":"https:\/\/www.guhalg.com\/wordpress\/index.php?rest_route=\/wp\/v2\/types\/page"}],"author":[{"embeddable":true,"href":"https:\/\/www.guhalg.com\/wordpress\/index.php?rest_route=\/wp\/v2\/users\/1"}],"replies":[{"embeddable":true,"href":"https:\/\/www.guhalg.com\/wordpress\/index.php?rest_route=%2Fwp%2Fv2%2Fcomments&post=1637"}],"version-history":[{"count":10,"href":"https:\/\/www.guhalg.com\/wordpress\/index.php?rest_route=\/wp\/v2\/pages\/1637\/revisions"}],"predecessor-version":[{"id":7894,"href":"https:\/\/www.guhalg.com\/wordpress\/index.php?rest_route=\/wp\/v2\/pages\/1637\/revisions\/7894"}],"up":[{"embeddable":true,"href":"https:\/\/www.guhalg.com\/wordpress\/index.php?rest_route=\/wp\/v2\/pages\/279"}],"wp:attachment":[{"href":"https:\/\/www.guhalg.com\/wordpress\/index.php?rest_route=%2Fwp%2Fv2%2Fmedia&parent=1637"}],"curies":[{"name":"wp","href":"https:\/\/api.w.org\/{rel}","templated":true}]}}