{"id":1782,"date":"2021-11-13T23:27:02","date_gmt":"2021-11-13T22:27:02","guid":{"rendered":"https:\/\/www.guhalg.com\/wordpress\/?page_id=1782"},"modified":"2022-02-09T18:36:46","modified_gmt":"2022-02-09T17:36:46","slug":"handwerkskunst","status":"publish","type":"page","link":"https:\/\/www.guhalg.com\/wordpress\/?page_id=1782","title":{"rendered":"Handwerkskunst"},"content":{"rendered":"\n<p>Nach einer ruhigen entspannten Nacht und guten Fr\u00fchst\u00fcck haben wir vormittags einen Teil der Stadt zu Fu\u00df erkundet. Gespannt auf die verschiedenen Handwerksarbeiten waren wir schon, schlie\u00dflich konnten wir in unserem Zimmer schon die sch\u00f6nen <a href=\"https:\/\/de.wikipedia.org\/wiki\/Intarsie\" target=\"_blank\" rel=\"noreferrer noopener\">Intarsien<\/a> (Holzverlegearbeiten im Fu\u00dfboden) bewundern. Auch die Konzeption der Anlage war eher wie ein Garten als ein Hotel.<\/p>\n\n\n\n<div class=\"wp-block-columns is-layout-flex wp-container-core-columns-is-layout-9d6595d7 wp-block-columns-is-layout-flex\">\n<div class=\"wp-block-column is-layout-flow wp-block-column-is-layout-flow\">\n<div class=\"wp-block-image\"><figure class=\"aligncenter size-large\"><a href=\"https:\/\/www.guhalg.com\/wordpress\/wp-content\/uploads\/Reisen\/Madagaskar\/Handwerk\/Unterkunft.jpg\"><img loading=\"lazy\" decoding=\"async\" width=\"1024\" height=\"575\" src=\"https:\/\/www.guhalg.com\/wordpress\/wp-content\/uploads\/Reisen\/Madagaskar\/Handwerk\/Unterkunft-1024x575.jpg\" alt=\"Die Unterk\u00fcnfte\" class=\"wp-image-1821\" srcset=\"https:\/\/www.guhalg.com\/wordpress\/wp-content\/uploads\/Reisen\/Madagaskar\/Handwerk\/Unterkunft-1024x575.jpg 1024w, https:\/\/www.guhalg.com\/wordpress\/wp-content\/uploads\/Reisen\/Madagaskar\/Handwerk\/Unterkunft-300x169.jpg 300w, https:\/\/www.guhalg.com\/wordpress\/wp-content\/uploads\/Reisen\/Madagaskar\/Handwerk\/Unterkunft-768x432.jpg 768w, https:\/\/www.guhalg.com\/wordpress\/wp-content\/uploads\/Reisen\/Madagaskar\/Handwerk\/Unterkunft-1536x863.jpg 1536w, https:\/\/www.guhalg.com\/wordpress\/wp-content\/uploads\/Reisen\/Madagaskar\/Handwerk\/Unterkunft.jpg 1920w\" sizes=\"auto, (max-width: 1024px) 100vw, 1024px\" \/><\/a><figcaption>Die Unterk\u00fcnfte<\/figcaption><\/figure><\/div>\n<\/div>\n\n\n\n<div class=\"wp-block-column is-layout-flow wp-block-column-is-layout-flow\">\n<div class=\"wp-block-image\"><figure class=\"aligncenter size-large\"><a href=\"https:\/\/www.guhalg.com\/wordpress\/wp-content\/uploads\/Reisen\/Madagaskar\/Handwerk\/Holzboden.jpg\"><img loading=\"lazy\" decoding=\"async\" width=\"1024\" height=\"575\" src=\"https:\/\/www.guhalg.com\/wordpress\/wp-content\/uploads\/Reisen\/Madagaskar\/Handwerk\/Holzboden-1024x575.jpg\" alt=\"Der Holzboden\" class=\"wp-image-1811\" srcset=\"https:\/\/www.guhalg.com\/wordpress\/wp-content\/uploads\/Reisen\/Madagaskar\/Handwerk\/Holzboden-1024x575.jpg 1024w, https:\/\/www.guhalg.com\/wordpress\/wp-content\/uploads\/Reisen\/Madagaskar\/Handwerk\/Holzboden-300x169.jpg 300w, https:\/\/www.guhalg.com\/wordpress\/wp-content\/uploads\/Reisen\/Madagaskar\/Handwerk\/Holzboden-768x432.jpg 768w, https:\/\/www.guhalg.com\/wordpress\/wp-content\/uploads\/Reisen\/Madagaskar\/Handwerk\/Holzboden-1536x863.jpg 1536w, https:\/\/www.guhalg.com\/wordpress\/wp-content\/uploads\/Reisen\/Madagaskar\/Handwerk\/Holzboden.jpg 1920w\" sizes=\"auto, (max-width: 1024px) 100vw, 1024px\" \/><\/a><figcaption>Der Holzboden<\/figcaption><\/figure><\/div>\n<\/div>\n<\/div>\n\n\n\n<p>Die erste \u00dcberraschung gab es sofort vor dem Hotel. Erst der Leder-bespannte Tisch auf einem handgeschnitzten Holzsockel und beim Verlassen der Anlage dann die Malerarbeiten an der Umgebungsmauer. Diese zeigen in verschiedenen Motiven Szenen aus dem Alltagsleben der Handwerker.<\/p>\n\n\n\n<div class=\"wp-block-columns is-layout-flex wp-container-core-columns-is-layout-9d6595d7 wp-block-columns-is-layout-flex\">\n<div class=\"wp-block-column is-layout-flow wp-block-column-is-layout-flow\">\n<div class=\"wp-block-image\"><figure class=\"aligncenter size-large\"><a href=\"https:\/\/www.guhalg.com\/wordpress\/wp-content\/uploads\/Reisen\/Madagaskar\/Handwerk\/Tisch.jpg\"><img loading=\"lazy\" decoding=\"async\" width=\"1024\" height=\"575\" src=\"https:\/\/www.guhalg.com\/wordpress\/wp-content\/uploads\/Reisen\/Madagaskar\/Handwerk\/Tisch-1024x575.jpg\" alt=\"Ledertisch\" class=\"wp-image-1820\" srcset=\"https:\/\/www.guhalg.com\/wordpress\/wp-content\/uploads\/Reisen\/Madagaskar\/Handwerk\/Tisch-1024x575.jpg 1024w, https:\/\/www.guhalg.com\/wordpress\/wp-content\/uploads\/Reisen\/Madagaskar\/Handwerk\/Tisch-300x169.jpg 300w, https:\/\/www.guhalg.com\/wordpress\/wp-content\/uploads\/Reisen\/Madagaskar\/Handwerk\/Tisch-768x432.jpg 768w, https:\/\/www.guhalg.com\/wordpress\/wp-content\/uploads\/Reisen\/Madagaskar\/Handwerk\/Tisch-1536x863.jpg 1536w, https:\/\/www.guhalg.com\/wordpress\/wp-content\/uploads\/Reisen\/Madagaskar\/Handwerk\/Tisch.jpg 1920w\" sizes=\"auto, (max-width: 1024px) 100vw, 1024px\" \/><\/a><figcaption>Ledertisch<\/figcaption><\/figure><\/div>\n<\/div>\n\n\n\n<div class=\"wp-block-column is-layout-flow wp-block-column-is-layout-flow\">\n<div class=\"wp-block-image\"><figure class=\"aligncenter size-large\"><a href=\"https:\/\/www.guhalg.com\/wordpress\/wp-content\/uploads\/Reisen\/Madagaskar\/Handwerk\/Mauer.jpg\"><img loading=\"lazy\" decoding=\"async\" width=\"1024\" height=\"575\" src=\"https:\/\/www.guhalg.com\/wordpress\/wp-content\/uploads\/Reisen\/Madagaskar\/Handwerk\/Mauer-1024x575.jpg\" alt=\"Die Mauer\" class=\"wp-image-1816\" srcset=\"https:\/\/www.guhalg.com\/wordpress\/wp-content\/uploads\/Reisen\/Madagaskar\/Handwerk\/Mauer-1024x575.jpg 1024w, https:\/\/www.guhalg.com\/wordpress\/wp-content\/uploads\/Reisen\/Madagaskar\/Handwerk\/Mauer-300x169.jpg 300w, https:\/\/www.guhalg.com\/wordpress\/wp-content\/uploads\/Reisen\/Madagaskar\/Handwerk\/Mauer-768x432.jpg 768w, https:\/\/www.guhalg.com\/wordpress\/wp-content\/uploads\/Reisen\/Madagaskar\/Handwerk\/Mauer-1536x863.jpg 1536w, https:\/\/www.guhalg.com\/wordpress\/wp-content\/uploads\/Reisen\/Madagaskar\/Handwerk\/Mauer.jpg 1920w\" sizes=\"auto, (max-width: 1024px) 100vw, 1024px\" \/><\/a><figcaption>Die Mauer<\/figcaption><\/figure><\/div>\n<\/div>\n\n\n\n<div class=\"wp-block-column is-layout-flow wp-block-column-is-layout-flow\">\n<div class=\"wp-block-image\"><figure class=\"aligncenter size-large\"><a href=\"https:\/\/www.guhalg.com\/wordpress\/wp-content\/uploads\/Reisen\/Madagaskar\/Handwerk\/Mauerbild.jpg\"><img loading=\"lazy\" decoding=\"async\" width=\"1024\" height=\"575\" src=\"https:\/\/www.guhalg.com\/wordpress\/wp-content\/uploads\/Reisen\/Madagaskar\/Handwerk\/Mauerbild-1024x575.jpg\" alt=\"Ein Mauerbild\" class=\"wp-image-1817\" srcset=\"https:\/\/www.guhalg.com\/wordpress\/wp-content\/uploads\/Reisen\/Madagaskar\/Handwerk\/Mauerbild-1024x575.jpg 1024w, https:\/\/www.guhalg.com\/wordpress\/wp-content\/uploads\/Reisen\/Madagaskar\/Handwerk\/Mauerbild-300x169.jpg 300w, https:\/\/www.guhalg.com\/wordpress\/wp-content\/uploads\/Reisen\/Madagaskar\/Handwerk\/Mauerbild-768x432.jpg 768w, https:\/\/www.guhalg.com\/wordpress\/wp-content\/uploads\/Reisen\/Madagaskar\/Handwerk\/Mauerbild-1536x863.jpg 1536w, https:\/\/www.guhalg.com\/wordpress\/wp-content\/uploads\/Reisen\/Madagaskar\/Handwerk\/Mauerbild.jpg 1920w\" sizes=\"auto, (max-width: 1024px) 100vw, 1024px\" \/><\/a><figcaption>Ein Mauerbild<\/figcaption><\/figure><\/div>\n<\/div>\n<\/div>\n\n\n\n<p>Danach ging es \u00fcber die Marktstra\u00dfe, vorbei an einer Fleischerei, bzw. dessen Verkaufstresen, zu einer \u201aFabrik\u2018 wo haupts\u00e4chlich Holzarbeiten hergestellt werden.<\/p>\n\n\n\n<div class=\"wp-block-columns is-layout-flex wp-container-core-columns-is-layout-9d6595d7 wp-block-columns-is-layout-flex\">\n<div class=\"wp-block-column is-layout-flow wp-block-column-is-layout-flow\">\n<div class=\"wp-block-image\"><figure class=\"aligncenter size-large\"><a href=\"https:\/\/www.guhalg.com\/wordpress\/wp-content\/uploads\/Reisen\/Madagaskar\/Handwerk\/Marktstra\u00dfe.jpg\"><img loading=\"lazy\" decoding=\"async\" width=\"1024\" height=\"575\" src=\"https:\/\/www.guhalg.com\/wordpress\/wp-content\/uploads\/Reisen\/Madagaskar\/Handwerk\/Marktstra\u00dfe-1024x575.jpg\" alt=\"Marktstrasse\" class=\"wp-image-1815\" srcset=\"https:\/\/www.guhalg.com\/wordpress\/wp-content\/uploads\/Reisen\/Madagaskar\/Handwerk\/Marktstra\u00dfe-1024x575.jpg 1024w, https:\/\/www.guhalg.com\/wordpress\/wp-content\/uploads\/Reisen\/Madagaskar\/Handwerk\/Marktstra\u00dfe-300x169.jpg 300w, https:\/\/www.guhalg.com\/wordpress\/wp-content\/uploads\/Reisen\/Madagaskar\/Handwerk\/Marktstra\u00dfe-768x432.jpg 768w, https:\/\/www.guhalg.com\/wordpress\/wp-content\/uploads\/Reisen\/Madagaskar\/Handwerk\/Marktstra\u00dfe-1536x863.jpg 1536w, https:\/\/www.guhalg.com\/wordpress\/wp-content\/uploads\/Reisen\/Madagaskar\/Handwerk\/Marktstra\u00dfe.jpg 1920w\" sizes=\"auto, (max-width: 1024px) 100vw, 1024px\" \/><\/a><figcaption>Marktstrasse<\/figcaption><\/figure><\/div>\n<\/div>\n\n\n\n<div class=\"wp-block-column is-layout-flow wp-block-column-is-layout-flow\">\n<div class=\"wp-block-image\"><figure class=\"aligncenter size-large\"><a href=\"https:\/\/www.guhalg.com\/wordpress\/wp-content\/uploads\/Reisen\/Madagaskar\/Handwerk\/Fleischverkauf.jpg\"><img loading=\"lazy\" decoding=\"async\" width=\"1024\" height=\"575\" src=\"https:\/\/www.guhalg.com\/wordpress\/wp-content\/uploads\/Reisen\/Madagaskar\/Handwerk\/Fleischverkauf-1024x575.jpg\" alt=\"Fleischverkauf\" class=\"wp-image-1810\" srcset=\"https:\/\/www.guhalg.com\/wordpress\/wp-content\/uploads\/Reisen\/Madagaskar\/Handwerk\/Fleischverkauf-1024x575.jpg 1024w, https:\/\/www.guhalg.com\/wordpress\/wp-content\/uploads\/Reisen\/Madagaskar\/Handwerk\/Fleischverkauf-300x169.jpg 300w, https:\/\/www.guhalg.com\/wordpress\/wp-content\/uploads\/Reisen\/Madagaskar\/Handwerk\/Fleischverkauf-768x432.jpg 768w, https:\/\/www.guhalg.com\/wordpress\/wp-content\/uploads\/Reisen\/Madagaskar\/Handwerk\/Fleischverkauf-1536x863.jpg 1536w, https:\/\/www.guhalg.com\/wordpress\/wp-content\/uploads\/Reisen\/Madagaskar\/Handwerk\/Fleischverkauf.jpg 1920w\" sizes=\"auto, (max-width: 1024px) 100vw, 1024px\" \/><\/a><figcaption>Fleischverkauf<\/figcaption><\/figure><\/div>\n<\/div>\n\n\n\n<div class=\"wp-block-column is-layout-flow wp-block-column-is-layout-flow\">\n<div class=\"wp-block-image\"><figure class=\"aligncenter size-large\"><a href=\"https:\/\/www.guhalg.com\/wordpress\/wp-content\/uploads\/Reisen\/Madagaskar\/Handwerk\/Holzfabrik.jpg\"><img loading=\"lazy\" decoding=\"async\" width=\"1024\" height=\"575\" src=\"https:\/\/www.guhalg.com\/wordpress\/wp-content\/uploads\/Reisen\/Madagaskar\/Handwerk\/Holzfabrik-1024x575.jpg\" alt=\"Die Holzfabrik\" class=\"wp-image-1812\" srcset=\"https:\/\/www.guhalg.com\/wordpress\/wp-content\/uploads\/Reisen\/Madagaskar\/Handwerk\/Holzfabrik-1024x575.jpg 1024w, https:\/\/www.guhalg.com\/wordpress\/wp-content\/uploads\/Reisen\/Madagaskar\/Handwerk\/Holzfabrik-300x169.jpg 300w, https:\/\/www.guhalg.com\/wordpress\/wp-content\/uploads\/Reisen\/Madagaskar\/Handwerk\/Holzfabrik-768x432.jpg 768w, https:\/\/www.guhalg.com\/wordpress\/wp-content\/uploads\/Reisen\/Madagaskar\/Handwerk\/Holzfabrik-1536x863.jpg 1536w, https:\/\/www.guhalg.com\/wordpress\/wp-content\/uploads\/Reisen\/Madagaskar\/Handwerk\/Holzfabrik.jpg 1920w\" sizes=\"auto, (max-width: 1024px) 100vw, 1024px\" \/><\/a><figcaption>Die Holzfabrik<\/figcaption><\/figure><\/div>\n<\/div>\n<\/div>\n\n\n\n<p>Hier hatten wir auch Gelegenheit uns mit einem der Arbeiter zu unterhalten, einem ehemaligen Lehrer, der als Handwerker so viel verdient, dass er seine Familie ern\u00e4hren kann, was mit einem Lehrergehalt nicht geht. Die Techniken zur Bearbeitung hat er sich selber beigebracht und die S\u00e4gebl\u00e4tter f\u00fcr seine Dekupiers\u00e4ge stellt er aus den Stahleinlagen alter Autoreifen selber her. Er hat uns sein K\u00f6nnen kurz demonstriert und uns ein kleines Herz aus zwei unterschiedlichen Holzarten hergestellt. Einige weitere Bilder findet ihr unter <a href=\"https:\/\/www.guhalg.com\/wordpress\/?page_id=1368#handwerkskunst\" data-type=\"page\">Handwerkskunst<\/a>. An der Fabrik hat uns sp\u00e4ter unser Auto abgeholt. Wir wollten heute noch nach Sahambavy. Von dort sollte am n\u00e4chsten Morgen die Fahrt mit der Eisenbahn beginnen.<\/p>\n\n\n\n<p>Aber erstmal mussten wir da ja hinkommen. Vorbei an einigen beeindruckenden Landschaften hatten wir bis zum Mittag schon eine sch\u00f6ne Strecke zur\u00fcck gelegt und konnten uns zeitlich den Luxus eines richtigen Mittagsessens leisten.<\/p>\n\n\n\n<div class=\"wp-block-columns is-layout-flex wp-container-core-columns-is-layout-9d6595d7 wp-block-columns-is-layout-flex\">\n<div class=\"wp-block-column is-layout-flow wp-block-column-is-layout-flow\">\n<div class=\"wp-block-image\"><figure class=\"aligncenter size-large\"><a href=\"https:\/\/www.guhalg.com\/wordpress\/wp-content\/uploads\/Reisen\/Madagaskar\/Handwerk\/Landschaft_1.jpg\"><img loading=\"lazy\" decoding=\"async\" width=\"1024\" height=\"575\" src=\"https:\/\/www.guhalg.com\/wordpress\/wp-content\/uploads\/Reisen\/Madagaskar\/Handwerk\/Landschaft_1-1024x575.jpg\" alt=\"weite Landschaft\" class=\"wp-image-1813\" srcset=\"https:\/\/www.guhalg.com\/wordpress\/wp-content\/uploads\/Reisen\/Madagaskar\/Handwerk\/Landschaft_1-1024x575.jpg 1024w, https:\/\/www.guhalg.com\/wordpress\/wp-content\/uploads\/Reisen\/Madagaskar\/Handwerk\/Landschaft_1-300x169.jpg 300w, https:\/\/www.guhalg.com\/wordpress\/wp-content\/uploads\/Reisen\/Madagaskar\/Handwerk\/Landschaft_1-768x432.jpg 768w, https:\/\/www.guhalg.com\/wordpress\/wp-content\/uploads\/Reisen\/Madagaskar\/Handwerk\/Landschaft_1-1536x863.jpg 1536w, https:\/\/www.guhalg.com\/wordpress\/wp-content\/uploads\/Reisen\/Madagaskar\/Handwerk\/Landschaft_1.jpg 1920w\" sizes=\"auto, (max-width: 1024px) 100vw, 1024px\" \/><\/a><figcaption>Weite Landschaft<\/figcaption><\/figure><\/div>\n<\/div>\n\n\n\n<div class=\"wp-block-column is-layout-flow wp-block-column-is-layout-flow\">\n<div class=\"wp-block-image\"><figure class=\"aligncenter size-large\"><a href=\"https:\/\/www.guhalg.com\/wordpress\/wp-content\/uploads\/Reisen\/Madagaskar\/Handwerk\/Landschaft_2.jpg\"><img loading=\"lazy\" decoding=\"async\" width=\"1024\" height=\"575\" src=\"https:\/\/www.guhalg.com\/wordpress\/wp-content\/uploads\/Reisen\/Madagaskar\/Handwerk\/Landschaft_2-1024x575.jpg\" alt=\"Und in den Bergen\" class=\"wp-image-1814\" srcset=\"https:\/\/www.guhalg.com\/wordpress\/wp-content\/uploads\/Reisen\/Madagaskar\/Handwerk\/Landschaft_2-1024x575.jpg 1024w, https:\/\/www.guhalg.com\/wordpress\/wp-content\/uploads\/Reisen\/Madagaskar\/Handwerk\/Landschaft_2-300x169.jpg 300w, https:\/\/www.guhalg.com\/wordpress\/wp-content\/uploads\/Reisen\/Madagaskar\/Handwerk\/Landschaft_2-768x432.jpg 768w, https:\/\/www.guhalg.com\/wordpress\/wp-content\/uploads\/Reisen\/Madagaskar\/Handwerk\/Landschaft_2-1536x863.jpg 1536w, https:\/\/www.guhalg.com\/wordpress\/wp-content\/uploads\/Reisen\/Madagaskar\/Handwerk\/Landschaft_2.jpg 1920w\" sizes=\"auto, (max-width: 1024px) 100vw, 1024px\" \/><\/a><figcaption>Und in den Bergen<\/figcaption><\/figure><\/div>\n<\/div>\n\n\n\n<div class=\"wp-block-column is-layout-flow wp-block-column-is-layout-flow\">\n<div class=\"wp-block-image\"><figure class=\"aligncenter size-large\"><a href=\"https:\/\/www.guhalg.com\/wordpress\/wp-content\/uploads\/Reisen\/Madagaskar\/Handwerk\/Mittag.jpg\"><img loading=\"lazy\" decoding=\"async\" width=\"1024\" height=\"575\" src=\"https:\/\/www.guhalg.com\/wordpress\/wp-content\/uploads\/Reisen\/Madagaskar\/Handwerk\/Mittag-1024x575.jpg\" alt=\"Mittagessen\" class=\"wp-image-1818\" srcset=\"https:\/\/www.guhalg.com\/wordpress\/wp-content\/uploads\/Reisen\/Madagaskar\/Handwerk\/Mittag-1024x575.jpg 1024w, https:\/\/www.guhalg.com\/wordpress\/wp-content\/uploads\/Reisen\/Madagaskar\/Handwerk\/Mittag-300x169.jpg 300w, https:\/\/www.guhalg.com\/wordpress\/wp-content\/uploads\/Reisen\/Madagaskar\/Handwerk\/Mittag-768x432.jpg 768w, https:\/\/www.guhalg.com\/wordpress\/wp-content\/uploads\/Reisen\/Madagaskar\/Handwerk\/Mittag-1536x863.jpg 1536w, https:\/\/www.guhalg.com\/wordpress\/wp-content\/uploads\/Reisen\/Madagaskar\/Handwerk\/Mittag.jpg 1920w\" sizes=\"auto, (max-width: 1024px) 100vw, 1024px\" \/><\/a><figcaption>Mittagessen<\/figcaption><\/figure><\/div>\n<\/div>\n<\/div>\n\n\n\n<p>Danach ging es weiter \u00fcber die Route Nationale \u00b07 bis zur einzigen Teeplantage in Madagaskar. Zwischendurch gab es nur noch einen Halt an einem Dorf, wo unser Guide Jocy Fotos an die Einwohner verteilte. Diese waren von G\u00e4sten einer vorherigen Reise erstellt worden und es gibt immer viel Geschrei, Gel\u00e4chter und Freude, wenn sich die Madagassen, zum Teil nach mehreren Monaten, auf den Bildern wieder erkennen. Diese \u201aMitgabe\u2018 von Bildern ist ein sehr wichtiges Zeichen f\u00fcr die Menschen hier. Damit sind sie nicht nur Fotowild f\u00fcr die Touristen, sondern sie erhalten hier etwas Greifbares, eine Art Dankesch\u00f6n \/ Erinnerung \/ Geschenk, die sie sich sonst nicht leisten k\u00f6nnten.<\/p>\n\n\n\n<p>Ein zweiter kurzer Halt ergab sich aus den menschlichen Bed\u00fcrfnissen und bot gleichzeitig die M\u00f6glichkeit, sich den Ziegelbrand, also die Herstellung von Lehmziegeln anzuschauen und erkl\u00e4ren zu lassen. Knapp zusammengefasst: Man steche Lehm aus dem Boden, knete und menge ihn ordentlich durch, schichte ihn anschlie\u00dfend gekonnt zu einem kleinen Haus auf und lasse im Inneren ein Feuer mehrere Tage brennen bis der Lehm hart ist.<\/p>\n\n\n\n<div class=\"wp-block-columns is-layout-flex wp-container-core-columns-is-layout-9d6595d7 wp-block-columns-is-layout-flex\">\n<div class=\"wp-block-column is-layout-flow wp-block-column-is-layout-flow\">\n<div class=\"wp-block-image\"><figure class=\"aligncenter size-large\"><a href=\"https:\/\/www.guhalg.com\/wordpress\/wp-content\/uploads\/Reisen\/Madagaskar\/Handwerk\/Bildershow.jpg\"><img loading=\"lazy\" decoding=\"async\" width=\"1024\" height=\"575\" src=\"https:\/\/www.guhalg.com\/wordpress\/wp-content\/uploads\/Reisen\/Madagaskar\/Handwerk\/Bildershow-1024x575.jpg\" alt=\"Bildershow\" class=\"wp-image-1808\" srcset=\"https:\/\/www.guhalg.com\/wordpress\/wp-content\/uploads\/Reisen\/Madagaskar\/Handwerk\/Bildershow-1024x575.jpg 1024w, https:\/\/www.guhalg.com\/wordpress\/wp-content\/uploads\/Reisen\/Madagaskar\/Handwerk\/Bildershow-300x169.jpg 300w, https:\/\/www.guhalg.com\/wordpress\/wp-content\/uploads\/Reisen\/Madagaskar\/Handwerk\/Bildershow-768x432.jpg 768w, https:\/\/www.guhalg.com\/wordpress\/wp-content\/uploads\/Reisen\/Madagaskar\/Handwerk\/Bildershow-1536x863.jpg 1536w, https:\/\/www.guhalg.com\/wordpress\/wp-content\/uploads\/Reisen\/Madagaskar\/Handwerk\/Bildershow.jpg 1920w\" sizes=\"auto, (max-width: 1024px) 100vw, 1024px\" \/><\/a><figcaption>Bildershow<\/figcaption><\/figure><\/div>\n<\/div>\n\n\n\n<div class=\"wp-block-column is-layout-flow wp-block-column-is-layout-flow\">\n<div class=\"wp-block-image\"><figure class=\"aligncenter size-large\"><a href=\"https:\/\/www.guhalg.com\/wordpress\/wp-content\/uploads\/Reisen\/Madagaskar\/Handwerk\/Ziegelbrand.jpg\"><img loading=\"lazy\" decoding=\"async\" width=\"1024\" height=\"575\" src=\"https:\/\/www.guhalg.com\/wordpress\/wp-content\/uploads\/Reisen\/Madagaskar\/Handwerk\/Ziegelbrand-1024x575.jpg\" alt=\"Ziegelbrand\" class=\"wp-image-1822\" srcset=\"https:\/\/www.guhalg.com\/wordpress\/wp-content\/uploads\/Reisen\/Madagaskar\/Handwerk\/Ziegelbrand-1024x575.jpg 1024w, https:\/\/www.guhalg.com\/wordpress\/wp-content\/uploads\/Reisen\/Madagaskar\/Handwerk\/Ziegelbrand-300x169.jpg 300w, https:\/\/www.guhalg.com\/wordpress\/wp-content\/uploads\/Reisen\/Madagaskar\/Handwerk\/Ziegelbrand-768x432.jpg 768w, https:\/\/www.guhalg.com\/wordpress\/wp-content\/uploads\/Reisen\/Madagaskar\/Handwerk\/Ziegelbrand-1536x863.jpg 1536w, https:\/\/www.guhalg.com\/wordpress\/wp-content\/uploads\/Reisen\/Madagaskar\/Handwerk\/Ziegelbrand.jpg 1920w\" sizes=\"auto, (max-width: 1024px) 100vw, 1024px\" \/><\/a><figcaption>Ziegelbrand<\/figcaption><\/figure><\/div>\n<\/div>\n<\/div>\n\n\n\n<p>Doch auch hier ging es dann weiter zur Teeplantage. W\u00e4hrend wir auf unseren Guide zur F\u00fchrung durch die Plantage warteten, konnten wir bei einer kleinen Wanderung durch die Anbaufelder unsere Beine wieder auf Vordermann bringen und wurden auch bald zur F\u00fchrung durch diese einzige <a href=\"https:\/\/www.guhalg.com\/wordpress\/?page_id=1368#teeplantage\" data-type=\"page\">Teeplantage <\/a>Madagaskars abgeholt.<\/p>\n\n\n\n<p>Interessant ist hier, dass der Tee nicht nur nach Kenia exportiert wird, er wird als lokales Produkt, ohne den Namen einer gro\u00dfen internationalen Firma zu haben, auch innerhalb von Madagaskar verkauft. Nach dieser F\u00fchrung gab es nur noch eine kurze Strecke zu fahren und wir waren in unserer Unterkunft. Ab hier sollte es am n\u00e4chsten Tag mit der Eisenbahn weitergehen.<\/p>\n\n\n\n<div class=\"wp-block-columns is-layout-flex wp-container-core-columns-is-layout-9d6595d7 wp-block-columns-is-layout-flex\">\n<div class=\"wp-block-column is-layout-flow wp-block-column-is-layout-flow\">\n<div class=\"wp-block-image\"><figure class=\"aligncenter size-large\"><a href=\"https:\/\/www.guhalg.com\/wordpress\/wp-content\/uploads\/Reisen\/Madagaskar\/Handwerk\/Plantage.jpg\"><img loading=\"lazy\" decoding=\"async\" width=\"1024\" height=\"575\" src=\"https:\/\/www.guhalg.com\/wordpress\/wp-content\/uploads\/Reisen\/Madagaskar\/Handwerk\/Plantage-1024x575.jpg\" alt=\"Die Teeplantage\" class=\"wp-image-1819\" srcset=\"https:\/\/www.guhalg.com\/wordpress\/wp-content\/uploads\/Reisen\/Madagaskar\/Handwerk\/Plantage-1024x575.jpg 1024w, https:\/\/www.guhalg.com\/wordpress\/wp-content\/uploads\/Reisen\/Madagaskar\/Handwerk\/Plantage-300x169.jpg 300w, https:\/\/www.guhalg.com\/wordpress\/wp-content\/uploads\/Reisen\/Madagaskar\/Handwerk\/Plantage-768x432.jpg 768w, https:\/\/www.guhalg.com\/wordpress\/wp-content\/uploads\/Reisen\/Madagaskar\/Handwerk\/Plantage-1536x863.jpg 1536w, https:\/\/www.guhalg.com\/wordpress\/wp-content\/uploads\/Reisen\/Madagaskar\/Handwerk\/Plantage.jpg 1920w\" sizes=\"auto, (max-width: 1024px) 100vw, 1024px\" \/><\/a><figcaption>Die Teeplantage<\/figcaption><\/figure><\/div>\n<\/div>\n\n\n\n<div class=\"wp-block-column is-layout-flow wp-block-column-is-layout-flow\">\n<div class=\"wp-block-image\"><figure class=\"aligncenter size-large\"><a href=\"https:\/\/www.guhalg.com\/wordpress\/wp-content\/uploads\/Reisen\/Madagaskar\/Handwerk\/Bungalow.jpg\"><img loading=\"lazy\" decoding=\"async\" width=\"1024\" height=\"575\" src=\"https:\/\/www.guhalg.com\/wordpress\/wp-content\/uploads\/Reisen\/Madagaskar\/Handwerk\/Bungalow-1024x575.jpg\" alt=\"Der Bungalow\" class=\"wp-image-1809\" srcset=\"https:\/\/www.guhalg.com\/wordpress\/wp-content\/uploads\/Reisen\/Madagaskar\/Handwerk\/Bungalow-1024x575.jpg 1024w, https:\/\/www.guhalg.com\/wordpress\/wp-content\/uploads\/Reisen\/Madagaskar\/Handwerk\/Bungalow-300x169.jpg 300w, https:\/\/www.guhalg.com\/wordpress\/wp-content\/uploads\/Reisen\/Madagaskar\/Handwerk\/Bungalow-768x432.jpg 768w, https:\/\/www.guhalg.com\/wordpress\/wp-content\/uploads\/Reisen\/Madagaskar\/Handwerk\/Bungalow-1536x863.jpg 1536w, https:\/\/www.guhalg.com\/wordpress\/wp-content\/uploads\/Reisen\/Madagaskar\/Handwerk\/Bungalow.jpg 1920w\" sizes=\"auto, (max-width: 1024px) 100vw, 1024px\" \/><\/a><figcaption>Der Bungalow<\/figcaption><\/figure><\/div>\n<\/div>\n<\/div>\n\n\n\n<div class=\"wp-block-columns is-layout-flex wp-container-core-columns-is-layout-9d6595d7 wp-block-columns-is-layout-flex\">\n<div class=\"wp-block-column is-layout-flow wp-block-column-is-layout-flow\">\n<div class=\"wp-block-buttons is-layout-flex wp-block-buttons-is-layout-flex\">\n<div class=\"wp-block-button\"><a class=\"wp-block-button__link\" href=\"https:\/\/www.guhalg.com\/wordpress\/?page_id=1730\">Zwei Reisetage<\/a><\/div>\n<\/div>\n<\/div>\n\n\n\n<div class=\"wp-block-column is-layout-flow wp-block-column-is-layout-flow\">\n<div class=\"wp-block-buttons is-horizontal is-content-justification-right is-layout-flex wp-container-core-buttons-is-layout-ae2fe186 wp-block-buttons-is-layout-flex\">\n<div class=\"wp-block-button\"><a class=\"wp-block-button__link\" href=\"https:\/\/www.guhalg.com\/wordpress\/?page_id=1849\">Eisenbahnfahrt<\/a><\/div>\n<\/div>\n<\/div>\n<\/div>\n","protected":false},"excerpt":{"rendered":"<p>Nach einer ruhigen entspannten Nacht und guten Fr\u00fchst\u00fcck haben wir vormittags einen Teil der Stadt zu Fu\u00df erkundet. Gespannt auf die verschiedenen Handwerksarbeiten waren wir schon, schlie\u00dflich konnten wir in unserem Zimmer schon die sch\u00f6nen Intarsien (Holzverlegearbeiten im Fu\u00dfboden) bewundern.&hellip; <\/p>\n","protected":false},"author":1,"featured_media":0,"parent":279,"menu_order":0,"comment_status":"closed","ping_status":"closed","template":"","meta":{"footnotes":""},"class_list":["post-1782","page","type-page","status-publish","hentry"],"_links":{"self":[{"href":"https:\/\/www.guhalg.com\/wordpress\/index.php?rest_route=\/wp\/v2\/pages\/1782","targetHints":{"allow":["GET"]}}],"collection":[{"href":"https:\/\/www.guhalg.com\/wordpress\/index.php?rest_route=\/wp\/v2\/pages"}],"about":[{"href":"https:\/\/www.guhalg.com\/wordpress\/index.php?rest_route=\/wp\/v2\/types\/page"}],"author":[{"embeddable":true,"href":"https:\/\/www.guhalg.com\/wordpress\/index.php?rest_route=\/wp\/v2\/users\/1"}],"replies":[{"embeddable":true,"href":"https:\/\/www.guhalg.com\/wordpress\/index.php?rest_route=%2Fwp%2Fv2%2Fcomments&post=1782"}],"version-history":[{"count":8,"href":"https:\/\/www.guhalg.com\/wordpress\/index.php?rest_route=\/wp\/v2\/pages\/1782\/revisions"}],"predecessor-version":[{"id":7901,"href":"https:\/\/www.guhalg.com\/wordpress\/index.php?rest_route=\/wp\/v2\/pages\/1782\/revisions\/7901"}],"up":[{"embeddable":true,"href":"https:\/\/www.guhalg.com\/wordpress\/index.php?rest_route=\/wp\/v2\/pages\/279"}],"wp:attachment":[{"href":"https:\/\/www.guhalg.com\/wordpress\/index.php?rest_route=%2Fwp%2Fv2%2Fmedia&parent=1782"}],"curies":[{"name":"wp","href":"https:\/\/api.w.org\/{rel}","templated":true}]}}