{"id":1849,"date":"2021-11-14T10:17:24","date_gmt":"2021-11-14T09:17:24","guid":{"rendered":"https:\/\/www.guhalg.com\/wordpress\/?page_id=1849"},"modified":"2022-02-09T18:39:06","modified_gmt":"2022-02-09T17:39:06","slug":"eisenbahnfahrt","status":"publish","type":"page","link":"https:\/\/www.guhalg.com\/wordpress\/?page_id=1849","title":{"rendered":"Eisenbahnfahrt"},"content":{"rendered":"\n<h3 class=\"wp-block-heading\" id=\"hotel-de-lac-und-die-eisenbahnfahrt\">Hotel de Lac und die Eisenbahnfahrt<\/h3>\n\n\n\n<p>So waren wir jetzt abends im Hotel de Lac angekommen und freuten uns schon auf die Bahnfahrt am n\u00e4chsten Tag. Nach einer ausgiebigen Dusche ging es ins Haupthaus zum Abendbrot. Dieses war innen sehr sch\u00f6n, wenn vielleicht auch ein wenig zu europ\u00e4isch, eingerichtet, mit einem gro\u00dfen Kamin im Mittelteil. An eingedeckten Tischen mit wei\u00dfem Tischtuch gab es ein sehr gutes Dinner. Den f\u00e4lligen Absacker, Rhum Arrange, haben wir in gro\u00dfen Ohrensesseln am Kamin genossen. So gest\u00e4rkt ging es zur\u00fcck in den Bungalow. Der Zug war f\u00fcr ca. 9:30 Uhr eingeplant, aber eine Stunde vor Abfahrt sollte man schon am Bahnhof sein. Noch schnell den Wecker auf 6:30 Uhr gestellt, so hatten wir am n\u00e4chsten Morgen noch gen\u00fcgend Zeit f\u00fcr ein, wieder sehr gutes, Fr\u00fchst\u00fcck und konnten uns noch ein bisschen in der Anlage umsehen.<\/p>\n\n\n\n<div class=\"wp-block-columns is-layout-flex wp-container-core-columns-is-layout-9d6595d7 wp-block-columns-is-layout-flex\">\n<div class=\"wp-block-column is-layout-flow wp-block-column-is-layout-flow\">\n<div class=\"wp-block-image\"><figure class=\"aligncenter size-large\"><a href=\"https:\/\/www.guhalg.com\/wordpress\/wp-content\/uploads\/Reisen\/Madagaskar\/Eisenbahnfahrt\/Hotel de Lac.jpg\"><img loading=\"lazy\" decoding=\"async\" width=\"1024\" height=\"575\" src=\"https:\/\/www.guhalg.com\/wordpress\/wp-content\/uploads\/Reisen\/Madagaskar\/Eisenbahnfahrt\/Hotel de Lac-1024x575.jpg\" alt=\"Hotel de Lac\" class=\"wp-image-1860\" srcset=\"https:\/\/www.guhalg.com\/wordpress\/wp-content\/uploads\/Reisen\/Madagaskar\/Eisenbahnfahrt\/Hotel%20de%20Lac-1024x575.jpg 1024w, https:\/\/www.guhalg.com\/wordpress\/wp-content\/uploads\/Reisen\/Madagaskar\/Eisenbahnfahrt\/Hotel%20de%20Lac-300x169.jpg 300w, https:\/\/www.guhalg.com\/wordpress\/wp-content\/uploads\/Reisen\/Madagaskar\/Eisenbahnfahrt\/Hotel%20de%20Lac-768x432.jpg 768w, https:\/\/www.guhalg.com\/wordpress\/wp-content\/uploads\/Reisen\/Madagaskar\/Eisenbahnfahrt\/Hotel%20de%20Lac-1536x863.jpg 1536w, https:\/\/www.guhalg.com\/wordpress\/wp-content\/uploads\/Reisen\/Madagaskar\/Eisenbahnfahrt\/Hotel%20de%20Lac.jpg 1920w\" sizes=\"auto, (max-width: 1024px) 100vw, 1024px\" \/><\/a><figcaption>Hotel de Lac<\/figcaption><\/figure><\/div>\n<\/div>\n\n\n\n<div class=\"wp-block-column is-layout-flow wp-block-column-is-layout-flow\">\n<div class=\"wp-block-image\"><figure class=\"aligncenter size-large\"><a href=\"https:\/\/www.guhalg.com\/wordpress\/wp-content\/uploads\/Reisen\/Madagaskar\/Eisenbahnfahrt\/Bungalow am Wasser.jpg\"><img loading=\"lazy\" decoding=\"async\" width=\"1024\" height=\"575\" src=\"https:\/\/www.guhalg.com\/wordpress\/wp-content\/uploads\/Reisen\/Madagaskar\/Eisenbahnfahrt\/Bungalow am Wasser-1024x575.jpg\" alt=\"Bungalow am See\" class=\"wp-image-1854\" srcset=\"https:\/\/www.guhalg.com\/wordpress\/wp-content\/uploads\/Reisen\/Madagaskar\/Eisenbahnfahrt\/Bungalow%20am%20Wasser-1024x575.jpg 1024w, https:\/\/www.guhalg.com\/wordpress\/wp-content\/uploads\/Reisen\/Madagaskar\/Eisenbahnfahrt\/Bungalow%20am%20Wasser-300x169.jpg 300w, https:\/\/www.guhalg.com\/wordpress\/wp-content\/uploads\/Reisen\/Madagaskar\/Eisenbahnfahrt\/Bungalow%20am%20Wasser-768x432.jpg 768w, https:\/\/www.guhalg.com\/wordpress\/wp-content\/uploads\/Reisen\/Madagaskar\/Eisenbahnfahrt\/Bungalow%20am%20Wasser-1536x863.jpg 1536w, https:\/\/www.guhalg.com\/wordpress\/wp-content\/uploads\/Reisen\/Madagaskar\/Eisenbahnfahrt\/Bungalow%20am%20Wasser.jpg 1920w\" sizes=\"auto, (max-width: 1024px) 100vw, 1024px\" \/><\/a><figcaption>Bungalow am See<\/figcaption><\/figure><\/div>\n<\/div>\n\n\n\n<div class=\"wp-block-column is-layout-flow wp-block-column-is-layout-flow\">\n<div class=\"wp-block-image\"><figure class=\"aligncenter size-large\"><a href=\"https:\/\/www.guhalg.com\/wordpress\/wp-content\/uploads\/Reisen\/Madagaskar\/Eisenbahnfahrt\/Hotel de Lac Gartenansicht.jpg\"><img loading=\"lazy\" decoding=\"async\" width=\"1024\" height=\"575\" src=\"https:\/\/www.guhalg.com\/wordpress\/wp-content\/uploads\/Reisen\/Madagaskar\/Eisenbahnfahrt\/Hotel de Lac Gartenansicht-1024x575.jpg\" alt=\"Hotel de Lac - Gartenansicht\" class=\"wp-image-1859\" srcset=\"https:\/\/www.guhalg.com\/wordpress\/wp-content\/uploads\/Reisen\/Madagaskar\/Eisenbahnfahrt\/Hotel%20de%20Lac%20Gartenansicht-1024x575.jpg 1024w, https:\/\/www.guhalg.com\/wordpress\/wp-content\/uploads\/Reisen\/Madagaskar\/Eisenbahnfahrt\/Hotel%20de%20Lac%20Gartenansicht-300x169.jpg 300w, https:\/\/www.guhalg.com\/wordpress\/wp-content\/uploads\/Reisen\/Madagaskar\/Eisenbahnfahrt\/Hotel%20de%20Lac%20Gartenansicht-768x432.jpg 768w, https:\/\/www.guhalg.com\/wordpress\/wp-content\/uploads\/Reisen\/Madagaskar\/Eisenbahnfahrt\/Hotel%20de%20Lac%20Gartenansicht-1536x863.jpg 1536w, https:\/\/www.guhalg.com\/wordpress\/wp-content\/uploads\/Reisen\/Madagaskar\/Eisenbahnfahrt\/Hotel%20de%20Lac%20Gartenansicht.jpg 1920w\" sizes=\"auto, (max-width: 1024px) 100vw, 1024px\" \/><\/a><figcaption>Hotel de Lac &#8211; Gartenansicht<\/figcaption><\/figure><\/div>\n<\/div>\n<\/div>\n\n\n\n<p>Wir sind aber auch bald los zum Bahnhof gestartet und, oh Wunder, unser Zug ist p\u00fcnktlich eingelaufen. Wir hatten dank Jocy alle Sitzpl\u00e4tze und konnten so das Schauspiel in- und au\u00dferhalb des Zuges beobachten. Der Andrang zu dem Zug war schon gro\u00df, aber es gab trotzdem kein Gedr\u00e4nge.<\/p>\n\n\n\n<div class=\"wp-block-columns is-layout-flex wp-container-core-columns-is-layout-9d6595d7 wp-block-columns-is-layout-flex\">\n<div class=\"wp-block-column is-layout-flow wp-block-column-is-layout-flow\">\n<div class=\"wp-block-image\"><figure class=\"aligncenter size-large\"><a href=\"https:\/\/www.guhalg.com\/wordpress\/wp-content\/uploads\/Reisen\/Madagaskar\/Eisenbahnfahrt\/im Zug.jpg\"><img loading=\"lazy\" decoding=\"async\" width=\"1024\" height=\"575\" src=\"https:\/\/www.guhalg.com\/wordpress\/wp-content\/uploads\/Reisen\/Madagaskar\/Eisenbahnfahrt\/im Zug-1024x575.jpg\" alt=\"Im Zug\" class=\"wp-image-1861\" srcset=\"https:\/\/www.guhalg.com\/wordpress\/wp-content\/uploads\/Reisen\/Madagaskar\/Eisenbahnfahrt\/im%20Zug-1024x575.jpg 1024w, https:\/\/www.guhalg.com\/wordpress\/wp-content\/uploads\/Reisen\/Madagaskar\/Eisenbahnfahrt\/im%20Zug-300x169.jpg 300w, https:\/\/www.guhalg.com\/wordpress\/wp-content\/uploads\/Reisen\/Madagaskar\/Eisenbahnfahrt\/im%20Zug-768x432.jpg 768w, https:\/\/www.guhalg.com\/wordpress\/wp-content\/uploads\/Reisen\/Madagaskar\/Eisenbahnfahrt\/im%20Zug-1536x863.jpg 1536w, https:\/\/www.guhalg.com\/wordpress\/wp-content\/uploads\/Reisen\/Madagaskar\/Eisenbahnfahrt\/im%20Zug.jpg 1920w\" sizes=\"auto, (max-width: 1024px) 100vw, 1024px\" \/><\/a><figcaption>Im Zug<\/figcaption><\/figure><\/div>\n<\/div>\n\n\n\n<div class=\"wp-block-column is-layout-flow wp-block-column-is-layout-flow\">\n<div class=\"wp-block-image\"><figure class=\"aligncenter size-large\"><a href=\"https:\/\/www.guhalg.com\/wordpress\/wp-content\/uploads\/Reisen\/Madagaskar\/Eisenbahnfahrt\/vorm Zug.jpg\"><img loading=\"lazy\" decoding=\"async\" width=\"1024\" height=\"575\" src=\"https:\/\/www.guhalg.com\/wordpress\/wp-content\/uploads\/Reisen\/Madagaskar\/Eisenbahnfahrt\/vorm Zug-1024x575.jpg\" alt=\"Vor dem Zug\" class=\"wp-image-1866\" srcset=\"https:\/\/www.guhalg.com\/wordpress\/wp-content\/uploads\/Reisen\/Madagaskar\/Eisenbahnfahrt\/vorm%20Zug-1024x575.jpg 1024w, https:\/\/www.guhalg.com\/wordpress\/wp-content\/uploads\/Reisen\/Madagaskar\/Eisenbahnfahrt\/vorm%20Zug-300x169.jpg 300w, https:\/\/www.guhalg.com\/wordpress\/wp-content\/uploads\/Reisen\/Madagaskar\/Eisenbahnfahrt\/vorm%20Zug-768x432.jpg 768w, https:\/\/www.guhalg.com\/wordpress\/wp-content\/uploads\/Reisen\/Madagaskar\/Eisenbahnfahrt\/vorm%20Zug-1536x863.jpg 1536w, https:\/\/www.guhalg.com\/wordpress\/wp-content\/uploads\/Reisen\/Madagaskar\/Eisenbahnfahrt\/vorm%20Zug.jpg 1920w\" sizes=\"auto, (max-width: 1024px) 100vw, 1024px\" \/><\/a><figcaption>Vor dem Zug<\/figcaption><\/figure><\/div>\n<\/div>\n<\/div>\n\n\n\n<p>Als alle Fahrg\u00e4ste eingestiegen waren, fuhr der Zug mit lauten Pfeifen langsam los und ebenso langsam weiter. Das gab f\u00fcr uns hervorragende M\u00f6glichkeiten, die umgebende Landschaft zu bewundern.<\/p>\n\n\n\n<div class=\"wp-block-image\"><figure class=\"aligncenter size-large\"><a href=\"https:\/\/www.guhalg.com\/wordpress\/wp-content\/uploads\/Reisen\/Madagaskar\/Eisenbahnfahrt\/Landschaft.jpg\"><img loading=\"lazy\" decoding=\"async\" width=\"1024\" height=\"768\" src=\"https:\/\/www.guhalg.com\/wordpress\/wp-content\/uploads\/Reisen\/Madagaskar\/Eisenbahnfahrt\/Landschaft-1024x768.jpg\" alt=\"Blick aus dem Zugfenster\" class=\"wp-image-1863\" title=\"die Landschaft aus dem Zug heraus\" srcset=\"https:\/\/www.guhalg.com\/wordpress\/wp-content\/uploads\/Reisen\/Madagaskar\/Eisenbahnfahrt\/Landschaft-1024x768.jpg 1024w, https:\/\/www.guhalg.com\/wordpress\/wp-content\/uploads\/Reisen\/Madagaskar\/Eisenbahnfahrt\/Landschaft-300x225.jpg 300w, https:\/\/www.guhalg.com\/wordpress\/wp-content\/uploads\/Reisen\/Madagaskar\/Eisenbahnfahrt\/Landschaft-768x576.jpg 768w, https:\/\/www.guhalg.com\/wordpress\/wp-content\/uploads\/Reisen\/Madagaskar\/Eisenbahnfahrt\/Landschaft-1536x1152.jpg 1536w, https:\/\/www.guhalg.com\/wordpress\/wp-content\/uploads\/Reisen\/Madagaskar\/Eisenbahnfahrt\/Landschaft.jpg 1920w\" sizes=\"auto, (max-width: 1024px) 100vw, 1024px\" \/><\/a><figcaption>Blick aus dem Zugfenster<\/figcaption><\/figure><\/div>\n\n\n\n<p>Wenn man sich die Bilder der Bahnfahrt so im Nachhinein ansieht, dann besteht die Aussicht eigentlich nur aus diesen fantastischen Landschaften oder dem \u00fcberw\u00e4ltigen Rummel. Und an den Bahnh\u00f6fen, wo sich zu den Madagassen auch noch jede Menge Touristen aus dem Zug gesellen.<\/p>\n\n\n\n<div class=\"wp-block-image\"><figure class=\"aligncenter size-large\"><a href=\"https:\/\/www.guhalg.com\/wordpress\/wp-content\/uploads\/Reisen\/Madagaskar\/Eisenbahnfahrt\/irgendwo an einem Bahnhof.jpg\"><img loading=\"lazy\" decoding=\"async\" width=\"1024\" height=\"575\" src=\"https:\/\/www.guhalg.com\/wordpress\/wp-content\/uploads\/Reisen\/Madagaskar\/Eisenbahnfahrt\/irgendwo an einem Bahnhof-1024x575.jpg\" alt=\"Bahnhofsget\u00fcmmel\" class=\"wp-image-1862\" title=\"irgendwo an einem Bahnhof\" srcset=\"https:\/\/www.guhalg.com\/wordpress\/wp-content\/uploads\/Reisen\/Madagaskar\/Eisenbahnfahrt\/irgendwo%20an%20einem%20Bahnhof-1024x575.jpg 1024w, https:\/\/www.guhalg.com\/wordpress\/wp-content\/uploads\/Reisen\/Madagaskar\/Eisenbahnfahrt\/irgendwo%20an%20einem%20Bahnhof-300x169.jpg 300w, https:\/\/www.guhalg.com\/wordpress\/wp-content\/uploads\/Reisen\/Madagaskar\/Eisenbahnfahrt\/irgendwo%20an%20einem%20Bahnhof-768x432.jpg 768w, https:\/\/www.guhalg.com\/wordpress\/wp-content\/uploads\/Reisen\/Madagaskar\/Eisenbahnfahrt\/irgendwo%20an%20einem%20Bahnhof-1536x863.jpg 1536w, https:\/\/www.guhalg.com\/wordpress\/wp-content\/uploads\/Reisen\/Madagaskar\/Eisenbahnfahrt\/irgendwo%20an%20einem%20Bahnhof.jpg 1920w\" sizes=\"auto, (max-width: 1024px) 100vw, 1024px\" \/><\/a><figcaption>Bahnhofsget\u00fcmmel<\/figcaption><\/figure><\/div>\n\n\n\n<p>Diesen Wechsel der Eindr\u00fccke findet ihr auf einigen weiteren Bildern der <a href=\"https:\/\/www.guhalg.com\/wordpress\/?page_id=1368\" data-type=\"page\" data-id=\"1368\">Bah<\/a><a href=\"https:\/\/www.guhalg.com\/wordpress\/?page_id=1368#bahnfahrt\" data-type=\"page\">n<\/a><a href=\"https:\/\/www.guhalg.com\/wordpress\/?page_id=1368\" data-type=\"page\" data-id=\"1368\">fahrt<\/a>. Die Strecke ist durchg\u00e4ngig eingleisig gebaut, nur in den Bahnh\u00f6fen gibt es meistens ein Abstell- und selten mal ein Ausweichgleis. Wir haben uns nat\u00fcrlich auch in dieses Gewusel am Bahnhof begeben, mussten daf\u00fcr aber quasi aus dem Zug springen, da ein Bahnsteig nur an ganz wenigen Stellen vorhanden ist. Man kann sich frei zwischen den ganzen Leuten bewegen, wird vielleicht hier und da mal angesprochen, ob man nicht etwas kaufen m\u00f6chte, aber ein einmaliges Nein reicht v\u00f6llig aus. Sobald aber die Lok pfeift, hei\u00dft es wieder zu seinem Wagon zur\u00fcck und versuchen in das Abteil zu kommen. Warum versuchen? Nun ja, der Einstieg ist so hoch, dass man gerade noch mit einem Bein auf den Tritt kommt und sich hochziehen muss. So ging die Zugfahrt entspannt, aber spannend bis in den sp\u00e4ten Mittag hinein weiter. Da erreichten wir Tolongoina, unseren Endpunkt der Zugfahrt.<\/p>\n\n\n\n<p>Dieser Ort ist per Nationalstra\u00dfe erreichbar. Diese ist aber unbefestigt und nur entsprechend langsam befahrbar. Wir hatten uns daher im Vorfeld schon mit unserem Fahrer darauf verst\u00e4ndigt, dass wir ihm auf der Stra\u00dfe zu Fu\u00df entgegenkommen. Diese Wanderung begann nat\u00fcrlich am Bahnhof in Tolongoina. Von dort ging es \u00fcber den einheimischen Markt, der direkt hinter dem Bahnhof beginnt, durch die zentrale Dorfstra\u00dfe bis zum Dorfende, einer Br\u00fccke \u00fcber den hiesigen Fluss. Und schon ist man wieder mitten in der Natur. Au\u00dfer weniger Lastwagen sind uns nur Einheimische begegnet, die entweder auf dem Weg zum oder vom Markt waren.<\/p>\n\n\n\n<div class=\"wp-block-columns is-layout-flex wp-container-core-columns-is-layout-9d6595d7 wp-block-columns-is-layout-flex\">\n<div class=\"wp-block-column is-layout-flow wp-block-column-is-layout-flow\">\n<div class=\"wp-block-image\"><figure class=\"aligncenter size-large\"><a href=\"https:\/\/www.guhalg.com\/wordpress\/wp-content\/uploads\/Reisen\/Madagaskar\/Eisenbahnfahrt\/Marktstra\u00dfe.jpg\"><img loading=\"lazy\" decoding=\"async\" width=\"1024\" height=\"575\" src=\"https:\/\/www.guhalg.com\/wordpress\/wp-content\/uploads\/Reisen\/Madagaskar\/Eisenbahnfahrt\/Marktstra\u00dfe-1024x575.jpg\" alt=\"Marktstrasse\" class=\"wp-image-1864\" srcset=\"https:\/\/www.guhalg.com\/wordpress\/wp-content\/uploads\/Reisen\/Madagaskar\/Eisenbahnfahrt\/Marktstra\u00dfe-1024x575.jpg 1024w, https:\/\/www.guhalg.com\/wordpress\/wp-content\/uploads\/Reisen\/Madagaskar\/Eisenbahnfahrt\/Marktstra\u00dfe-300x169.jpg 300w, https:\/\/www.guhalg.com\/wordpress\/wp-content\/uploads\/Reisen\/Madagaskar\/Eisenbahnfahrt\/Marktstra\u00dfe-768x432.jpg 768w, https:\/\/www.guhalg.com\/wordpress\/wp-content\/uploads\/Reisen\/Madagaskar\/Eisenbahnfahrt\/Marktstra\u00dfe-1536x863.jpg 1536w, https:\/\/www.guhalg.com\/wordpress\/wp-content\/uploads\/Reisen\/Madagaskar\/Eisenbahnfahrt\/Marktstra\u00dfe.jpg 1920w\" sizes=\"auto, (max-width: 1024px) 100vw, 1024px\" \/><\/a><figcaption>Marktstrasse<\/figcaption><\/figure><\/div>\n<\/div>\n\n\n\n<div class=\"wp-block-column is-layout-flow wp-block-column-is-layout-flow\">\n<div class=\"wp-block-image\"><figure class=\"aligncenter size-large\"><a href=\"https:\/\/www.guhalg.com\/wordpress\/wp-content\/uploads\/Reisen\/Madagaskar\/Eisenbahnfahrt\/der Ortsausgang.jpg\"><img loading=\"lazy\" decoding=\"async\" width=\"1024\" height=\"575\" src=\"https:\/\/www.guhalg.com\/wordpress\/wp-content\/uploads\/Reisen\/Madagaskar\/Eisenbahnfahrt\/der Ortsausgang-1024x575.jpg\" alt=\"Der Ortsausgang\" class=\"wp-image-1855\" srcset=\"https:\/\/www.guhalg.com\/wordpress\/wp-content\/uploads\/Reisen\/Madagaskar\/Eisenbahnfahrt\/der%20Ortsausgang-1024x575.jpg 1024w, https:\/\/www.guhalg.com\/wordpress\/wp-content\/uploads\/Reisen\/Madagaskar\/Eisenbahnfahrt\/der%20Ortsausgang-300x169.jpg 300w, https:\/\/www.guhalg.com\/wordpress\/wp-content\/uploads\/Reisen\/Madagaskar\/Eisenbahnfahrt\/der%20Ortsausgang-768x432.jpg 768w, https:\/\/www.guhalg.com\/wordpress\/wp-content\/uploads\/Reisen\/Madagaskar\/Eisenbahnfahrt\/der%20Ortsausgang-1536x863.jpg 1536w, https:\/\/www.guhalg.com\/wordpress\/wp-content\/uploads\/Reisen\/Madagaskar\/Eisenbahnfahrt\/der%20Ortsausgang.jpg 1920w\" sizes=\"auto, (max-width: 1024px) 100vw, 1024px\" \/><\/a><figcaption>Der Ortsausgang<\/figcaption><\/figure><\/div>\n<\/div>\n\n\n\n<div class=\"wp-block-column is-layout-flow wp-block-column-is-layout-flow\">\n<div class=\"wp-block-image\"><figure class=\"aligncenter size-large\"><a href=\"https:\/\/www.guhalg.com\/wordpress\/wp-content\/uploads\/Reisen\/Madagaskar\/Eisenbahnfahrt\/der Ortsfluss.jpg\"><img loading=\"lazy\" decoding=\"async\" width=\"1024\" height=\"575\" src=\"https:\/\/www.guhalg.com\/wordpress\/wp-content\/uploads\/Reisen\/Madagaskar\/Eisenbahnfahrt\/der Ortsfluss-1024x575.jpg\" alt=\"Der Fluss des Ortes\" class=\"wp-image-1856\" srcset=\"https:\/\/www.guhalg.com\/wordpress\/wp-content\/uploads\/Reisen\/Madagaskar\/Eisenbahnfahrt\/der%20Ortsfluss-1024x575.jpg 1024w, https:\/\/www.guhalg.com\/wordpress\/wp-content\/uploads\/Reisen\/Madagaskar\/Eisenbahnfahrt\/der%20Ortsfluss-300x169.jpg 300w, https:\/\/www.guhalg.com\/wordpress\/wp-content\/uploads\/Reisen\/Madagaskar\/Eisenbahnfahrt\/der%20Ortsfluss-768x432.jpg 768w, https:\/\/www.guhalg.com\/wordpress\/wp-content\/uploads\/Reisen\/Madagaskar\/Eisenbahnfahrt\/der%20Ortsfluss-1536x863.jpg 1536w, https:\/\/www.guhalg.com\/wordpress\/wp-content\/uploads\/Reisen\/Madagaskar\/Eisenbahnfahrt\/der%20Ortsfluss.jpg 1920w\" sizes=\"auto, (max-width: 1024px) 100vw, 1024px\" \/><\/a><figcaption>Der Fluss des Ortes<\/figcaption><\/figure><\/div>\n<\/div>\n<\/div>\n\n\n\n<div class=\"wp-block-columns is-layout-flex wp-container-core-columns-is-layout-9d6595d7 wp-block-columns-is-layout-flex\">\n<div class=\"wp-block-column is-layout-flow wp-block-column-is-layout-flow\">\n<div class=\"wp-block-image\"><figure class=\"aligncenter size-large\"><a href=\"https:\/\/www.guhalg.com\/wordpress\/wp-content\/uploads\/Reisen\/Madagaskar\/Eisenbahnfahrt\/Reisfelder.jpg\"><img loading=\"lazy\" decoding=\"async\" width=\"1024\" height=\"575\" src=\"https:\/\/www.guhalg.com\/wordpress\/wp-content\/uploads\/Reisen\/Madagaskar\/Eisenbahnfahrt\/Reisfelder-1024x575.jpg\" alt=\"Reisfelder\" class=\"wp-image-1865\" srcset=\"https:\/\/www.guhalg.com\/wordpress\/wp-content\/uploads\/Reisen\/Madagaskar\/Eisenbahnfahrt\/Reisfelder-1024x575.jpg 1024w, https:\/\/www.guhalg.com\/wordpress\/wp-content\/uploads\/Reisen\/Madagaskar\/Eisenbahnfahrt\/Reisfelder-300x169.jpg 300w, https:\/\/www.guhalg.com\/wordpress\/wp-content\/uploads\/Reisen\/Madagaskar\/Eisenbahnfahrt\/Reisfelder-768x432.jpg 768w, https:\/\/www.guhalg.com\/wordpress\/wp-content\/uploads\/Reisen\/Madagaskar\/Eisenbahnfahrt\/Reisfelder-1536x863.jpg 1536w, https:\/\/www.guhalg.com\/wordpress\/wp-content\/uploads\/Reisen\/Madagaskar\/Eisenbahnfahrt\/Reisfelder.jpg 1920w\" sizes=\"auto, (max-width: 1024px) 100vw, 1024px\" \/><\/a><figcaption>Reisfelder<\/figcaption><\/figure><\/div>\n<\/div>\n\n\n\n<div class=\"wp-block-column is-layout-flow wp-block-column-is-layout-flow\">\n<div class=\"wp-block-image\"><figure class=\"aligncenter size-large\"><a href=\"https:\/\/www.guhalg.com\/wordpress\/wp-content\/uploads\/Reisen\/Madagaskar\/Eisenbahnfahrt\/Die Route National - Bundesstra\u00dfe.jpg\"><img loading=\"lazy\" decoding=\"async\" width=\"1024\" height=\"575\" src=\"https:\/\/www.guhalg.com\/wordpress\/wp-content\/uploads\/Reisen\/Madagaskar\/Eisenbahnfahrt\/Die Route National - Bundesstra\u00dfe-1024x575.jpg\" alt=\"Die Route National\" class=\"wp-image-1857\" srcset=\"https:\/\/www.guhalg.com\/wordpress\/wp-content\/uploads\/Reisen\/Madagaskar\/Eisenbahnfahrt\/Die%20Route%20National%20-%20Bundesstra\u00dfe-1024x575.jpg 1024w, https:\/\/www.guhalg.com\/wordpress\/wp-content\/uploads\/Reisen\/Madagaskar\/Eisenbahnfahrt\/Die%20Route%20National%20-%20Bundesstra\u00dfe-300x169.jpg 300w, https:\/\/www.guhalg.com\/wordpress\/wp-content\/uploads\/Reisen\/Madagaskar\/Eisenbahnfahrt\/Die%20Route%20National%20-%20Bundesstra\u00dfe-768x432.jpg 768w, https:\/\/www.guhalg.com\/wordpress\/wp-content\/uploads\/Reisen\/Madagaskar\/Eisenbahnfahrt\/Die%20Route%20National%20-%20Bundesstra\u00dfe-1536x863.jpg 1536w, https:\/\/www.guhalg.com\/wordpress\/wp-content\/uploads\/Reisen\/Madagaskar\/Eisenbahnfahrt\/Die%20Route%20National%20-%20Bundesstra\u00dfe.jpg 1920w\" sizes=\"auto, (max-width: 1024px) 100vw, 1024px\" \/><\/a><figcaption>Die Route National<\/figcaption><\/figure><\/div>\n<\/div>\n\n\n\n<div class=\"wp-block-column is-layout-flow wp-block-column-is-layout-flow\">\n<div class=\"wp-block-image\"><figure class=\"aligncenter size-large\"><a href=\"https:\/\/www.guhalg.com\/wordpress\/wp-content\/uploads\/Reisen\/Madagaskar\/Eisenbahnfahrt\/ein weiterer Fluss.jpg\"><img loading=\"lazy\" decoding=\"async\" width=\"1024\" height=\"575\" src=\"https:\/\/www.guhalg.com\/wordpress\/wp-content\/uploads\/Reisen\/Madagaskar\/Eisenbahnfahrt\/ein weiterer Fluss-1024x575.jpg\" alt=\"Ein weiterer Fluss\" class=\"wp-image-1858\" srcset=\"https:\/\/www.guhalg.com\/wordpress\/wp-content\/uploads\/Reisen\/Madagaskar\/Eisenbahnfahrt\/ein%20weiterer%20Fluss-1024x575.jpg 1024w, https:\/\/www.guhalg.com\/wordpress\/wp-content\/uploads\/Reisen\/Madagaskar\/Eisenbahnfahrt\/ein%20weiterer%20Fluss-300x169.jpg 300w, https:\/\/www.guhalg.com\/wordpress\/wp-content\/uploads\/Reisen\/Madagaskar\/Eisenbahnfahrt\/ein%20weiterer%20Fluss-768x432.jpg 768w, https:\/\/www.guhalg.com\/wordpress\/wp-content\/uploads\/Reisen\/Madagaskar\/Eisenbahnfahrt\/ein%20weiterer%20Fluss-1536x863.jpg 1536w, https:\/\/www.guhalg.com\/wordpress\/wp-content\/uploads\/Reisen\/Madagaskar\/Eisenbahnfahrt\/ein%20weiterer%20Fluss.jpg 1920w\" sizes=\"auto, (max-width: 1024px) 100vw, 1024px\" \/><\/a><figcaption>Ein weiterer Fluss<\/figcaption><\/figure><\/div>\n<\/div>\n<\/div>\n\n\n\n<p>Eddy kam uns nach zwei Stunden Fu\u00dfweges entgegen und hat uns in unsere Unterkunft gebracht. So ging ein erlebnisreicher Tag dem Ende entgegen. F\u00fcr den n\u00e4chsten Morgen stand ja schon der n\u00e4chste Nationalpark an.<\/p>\n\n\n\n<div class=\"wp-block-columns is-layout-flex wp-container-core-columns-is-layout-9d6595d7 wp-block-columns-is-layout-flex\">\n<div class=\"wp-block-column is-layout-flow wp-block-column-is-layout-flow\">\n<div class=\"wp-block-buttons is-layout-flex wp-block-buttons-is-layout-flex\">\n<div class=\"wp-block-button\"><a class=\"wp-block-button__link\" href=\"https:\/\/www.guhalg.com\/wordpress\/?page_id=1782\">Handwerkskunst<\/a><\/div>\n<\/div>\n<\/div>\n\n\n\n<div class=\"wp-block-column is-layout-flow wp-block-column-is-layout-flow\">\n<div class=\"wp-block-buttons is-horizontal is-content-justification-right is-layout-flex wp-container-core-buttons-is-layout-ae2fe186 wp-block-buttons-is-layout-flex\">\n<div class=\"wp-block-button\"><a class=\"wp-block-button__link\" href=\"https:\/\/www.guhalg.com\/wordpress\/?page_id=1895\">Zwei weitere Reisetage<\/a><\/div>\n<\/div>\n<\/div>\n<\/div>\n","protected":false},"excerpt":{"rendered":"<p>Hotel de Lac und die Eisenbahnfahrt So waren wir jetzt abends im Hotel de Lac angekommen und freuten uns schon auf die Bahnfahrt am n\u00e4chsten Tag. Nach einer ausgiebigen Dusche ging es ins Haupthaus zum Abendbrot. Dieses war innen sehr&hellip; <\/p>\n","protected":false},"author":1,"featured_media":0,"parent":279,"menu_order":0,"comment_status":"closed","ping_status":"closed","template":"","meta":{"footnotes":""},"class_list":["post-1849","page","type-page","status-publish","hentry"],"_links":{"self":[{"href":"https:\/\/www.guhalg.com\/wordpress\/index.php?rest_route=\/wp\/v2\/pages\/1849","targetHints":{"allow":["GET"]}}],"collection":[{"href":"https:\/\/www.guhalg.com\/wordpress\/index.php?rest_route=\/wp\/v2\/pages"}],"about":[{"href":"https:\/\/www.guhalg.com\/wordpress\/index.php?rest_route=\/wp\/v2\/types\/page"}],"author":[{"embeddable":true,"href":"https:\/\/www.guhalg.com\/wordpress\/index.php?rest_route=\/wp\/v2\/users\/1"}],"replies":[{"embeddable":true,"href":"https:\/\/www.guhalg.com\/wordpress\/index.php?rest_route=%2Fwp%2Fv2%2Fcomments&post=1849"}],"version-history":[{"count":9,"href":"https:\/\/www.guhalg.com\/wordpress\/index.php?rest_route=\/wp\/v2\/pages\/1849\/revisions"}],"predecessor-version":[{"id":7903,"href":"https:\/\/www.guhalg.com\/wordpress\/index.php?rest_route=\/wp\/v2\/pages\/1849\/revisions\/7903"}],"up":[{"embeddable":true,"href":"https:\/\/www.guhalg.com\/wordpress\/index.php?rest_route=\/wp\/v2\/pages\/279"}],"wp:attachment":[{"href":"https:\/\/www.guhalg.com\/wordpress\/index.php?rest_route=%2Fwp%2Fv2%2Fmedia&parent=1849"}],"curies":[{"name":"wp","href":"https:\/\/api.w.org\/{rel}","templated":true}]}}