{"id":1895,"date":"2021-11-14T13:19:27","date_gmt":"2021-11-14T12:19:27","guid":{"rendered":"https:\/\/www.guhalg.com\/wordpress\/?page_id=1895"},"modified":"2022-02-09T18:41:25","modified_gmt":"2022-02-09T17:41:25","slug":"zwei-weitere-reisetage","status":"publish","type":"page","link":"https:\/\/www.guhalg.com\/wordpress\/?page_id=1895","title":{"rendered":"Zwei weitere Reisetage"},"content":{"rendered":"\n<h3 class=\"wp-block-heading\" id=\"tag-1\">Tag 1<\/h3>\n\n\n\n<p>Nach dem eher gem\u00fctlichen Tag mit der Eisenbahnfahrt und Wanderung waren diese beiden Tage jetzt erstmal gepr\u00e4gt von einer langen Strecke, die es zu fahren galt. Lange in Bezug auf die Zeit f\u00fcr die Reise, aber nat\u00fcrlich wieder mit viel Zeit f\u00fcr die Landschaft und Umgebung.<\/p>\n\n\n\n<p>Am ersten Tag f\u00fchrte uns der Weg von Ranomafana nach Ambalavao und wir sind quasi direkt aus der Unterkunft in den n\u00e4chsten Regenwald gefahren, dem <a href=\"https:\/\/de.wikipedia.org\/wiki\/Nationalpark_Ranomafana\" target=\"_blank\" rel=\"noreferrer noopener\">Ranomafana National Park<\/a>.<\/p>\n\n\n\n<div class=\"wp-block-image\"><figure class=\"aligncenter size-large\"><a href=\"https:\/\/www.guhalg.com\/wordpress\/wp-content\/uploads\/Reisen\/Madagaskar\/2langetage\/regenwald.jpg\"><img loading=\"lazy\" decoding=\"async\" width=\"1024\" height=\"768\" src=\"https:\/\/www.guhalg.com\/wordpress\/wp-content\/uploads\/Reisen\/Madagaskar\/2langetage\/regenwald-1024x768.jpg\" alt=\"Der Regenwald als Panorama\" class=\"wp-image-1907\" title=\"Der Regenwald als Panorama\" srcset=\"https:\/\/www.guhalg.com\/wordpress\/wp-content\/uploads\/Reisen\/Madagaskar\/2langetage\/regenwald-1024x768.jpg 1024w, https:\/\/www.guhalg.com\/wordpress\/wp-content\/uploads\/Reisen\/Madagaskar\/2langetage\/regenwald-300x225.jpg 300w, https:\/\/www.guhalg.com\/wordpress\/wp-content\/uploads\/Reisen\/Madagaskar\/2langetage\/regenwald-768x576.jpg 768w, https:\/\/www.guhalg.com\/wordpress\/wp-content\/uploads\/Reisen\/Madagaskar\/2langetage\/regenwald-1536x1152.jpg 1536w, https:\/\/www.guhalg.com\/wordpress\/wp-content\/uploads\/Reisen\/Madagaskar\/2langetage\/regenwald.jpg 1920w\" sizes=\"auto, (max-width: 1024px) 100vw, 1024px\" \/><\/a><figcaption>Der Regenwald als Panorama<\/figcaption><\/figure><\/div>\n\n\n\n<p>Hier ging es bergauf und bergab, auf der Suche nach Lemuren und allerlei weiterem Getier. F\u00fcr eine Touristenattraktion hat dieser Park einen v\u00f6llig eigenen Charme. Er ist am Besuchereinlass professionell aufgebaut, mit Parkpl\u00e4tzen, Hinweisschildern, auch gen\u00fcgend Guides stehen f\u00fcr F\u00fchrungen bereit und sobald man sich dann in den Park begibt, wird es landschaftlich sehr sch\u00f6n und reizvoll.<\/p>\n\n\n\n<div class=\"wp-block-image\"><figure class=\"aligncenter size-large\"><a href=\"https:\/\/www.guhalg.com\/wordpress\/wp-content\/uploads\/Reisen\/Madagaskar\/2langetage\/tal-im-regenwald.jpg\"><img loading=\"lazy\" decoding=\"async\" width=\"1024\" height=\"768\" src=\"https:\/\/www.guhalg.com\/wordpress\/wp-content\/uploads\/Reisen\/Madagaskar\/2langetage\/tal-im-regenwald-1024x768.jpg\" alt=\"Tal in Ranamofana\" class=\"wp-image-1914\" title=\"Tal in Ranomafana\" srcset=\"https:\/\/www.guhalg.com\/wordpress\/wp-content\/uploads\/Reisen\/Madagaskar\/2langetage\/tal-im-regenwald-1024x768.jpg 1024w, https:\/\/www.guhalg.com\/wordpress\/wp-content\/uploads\/Reisen\/Madagaskar\/2langetage\/tal-im-regenwald-300x225.jpg 300w, https:\/\/www.guhalg.com\/wordpress\/wp-content\/uploads\/Reisen\/Madagaskar\/2langetage\/tal-im-regenwald-768x576.jpg 768w, https:\/\/www.guhalg.com\/wordpress\/wp-content\/uploads\/Reisen\/Madagaskar\/2langetage\/tal-im-regenwald-1536x1152.jpg 1536w, https:\/\/www.guhalg.com\/wordpress\/wp-content\/uploads\/Reisen\/Madagaskar\/2langetage\/tal-im-regenwald.jpg 1920w\" sizes=\"auto, (max-width: 1024px) 100vw, 1024px\" \/><\/a><figcaption>Tal in Ranamofana<\/figcaption><\/figure><\/div>\n\n\n\n<p>Die Wege sind gut eingerichtet, aber nicht beschildert. Also nichts um sich seinen Weg selber zu suchen. Hier muss man wissen, \u00fcber welchen Weg man welches Ziel erreicht. Um \u00fcber die Berge zu kommen oder die T\u00e4ler zu queren, bedarf es einer guten Ortskenntnis. W\u00e4hrend man eine Br\u00fccke ja noch als solche schnell erkennt und ein Abzweig einen ausgebauten Weg vermuten l\u00e4sst, ist es bei einer Abbruchkante schon schwieriger, diese als den Hauptweg zu erkennen.<\/p>\n\n\n\n<div class=\"wp-block-columns is-layout-flex wp-container-core-columns-is-layout-9d6595d7 wp-block-columns-is-layout-flex\">\n<div class=\"wp-block-column is-layout-flow wp-block-column-is-layout-flow\">\n<div class=\"wp-block-image\"><figure class=\"aligncenter size-large\"><a href=\"https:\/\/www.guhalg.com\/wordpress\/wp-content\/uploads\/Reisen\/Madagaskar\/2langetage\/bruecke.jpg\"><img loading=\"lazy\" decoding=\"async\" width=\"1024\" height=\"575\" src=\"https:\/\/www.guhalg.com\/wordpress\/wp-content\/uploads\/Reisen\/Madagaskar\/2langetage\/bruecke-1024x575.jpg\" alt=\"Die Br\u00fccke\" class=\"wp-image-1900\" srcset=\"https:\/\/www.guhalg.com\/wordpress\/wp-content\/uploads\/Reisen\/Madagaskar\/2langetage\/bruecke-1024x575.jpg 1024w, https:\/\/www.guhalg.com\/wordpress\/wp-content\/uploads\/Reisen\/Madagaskar\/2langetage\/bruecke-300x169.jpg 300w, https:\/\/www.guhalg.com\/wordpress\/wp-content\/uploads\/Reisen\/Madagaskar\/2langetage\/bruecke-768x432.jpg 768w, https:\/\/www.guhalg.com\/wordpress\/wp-content\/uploads\/Reisen\/Madagaskar\/2langetage\/bruecke-1536x863.jpg 1536w, https:\/\/www.guhalg.com\/wordpress\/wp-content\/uploads\/Reisen\/Madagaskar\/2langetage\/bruecke.jpg 1920w\" sizes=\"auto, (max-width: 1024px) 100vw, 1024px\" \/><\/a><figcaption>Die Br\u00fccke<\/figcaption><\/figure><\/div>\n<\/div>\n\n\n\n<div class=\"wp-block-column is-layout-flow wp-block-column-is-layout-flow\">\n<div class=\"wp-block-image\"><figure class=\"aligncenter size-large\"><a href=\"https:\/\/www.guhalg.com\/wordpress\/wp-content\/uploads\/Reisen\/Madagaskar\/2langetage\/erkannter-weg.jpg\"><img loading=\"lazy\" decoding=\"async\" width=\"1024\" height=\"575\" src=\"https:\/\/www.guhalg.com\/wordpress\/wp-content\/uploads\/Reisen\/Madagaskar\/2langetage\/erkannter-weg-1024x575.jpg\" alt=\"Ein erkannter Weg\" class=\"wp-image-1902\" srcset=\"https:\/\/www.guhalg.com\/wordpress\/wp-content\/uploads\/Reisen\/Madagaskar\/2langetage\/erkannter-weg-1024x575.jpg 1024w, https:\/\/www.guhalg.com\/wordpress\/wp-content\/uploads\/Reisen\/Madagaskar\/2langetage\/erkannter-weg-300x169.jpg 300w, https:\/\/www.guhalg.com\/wordpress\/wp-content\/uploads\/Reisen\/Madagaskar\/2langetage\/erkannter-weg-768x432.jpg 768w, https:\/\/www.guhalg.com\/wordpress\/wp-content\/uploads\/Reisen\/Madagaskar\/2langetage\/erkannter-weg-1536x863.jpg 1536w, https:\/\/www.guhalg.com\/wordpress\/wp-content\/uploads\/Reisen\/Madagaskar\/2langetage\/erkannter-weg.jpg 1920w\" sizes=\"auto, (max-width: 1024px) 100vw, 1024px\" \/><\/a><figcaption>Ein erkannter Weg<\/figcaption><\/figure><\/div>\n<\/div>\n\n\n\n<div class=\"wp-block-column is-layout-flow wp-block-column-is-layout-flow\">\n<div class=\"wp-block-image\"><figure class=\"aligncenter size-large\"><a href=\"https:\/\/www.guhalg.com\/wordpress\/wp-content\/uploads\/Reisen\/Madagaskar\/2langetage\/unerkannter-weg.jpg\"><img loading=\"lazy\" decoding=\"async\" width=\"1024\" height=\"575\" src=\"https:\/\/www.guhalg.com\/wordpress\/wp-content\/uploads\/Reisen\/Madagaskar\/2langetage\/unerkannter-weg-1024x575.jpg\" alt=\"Ein nicht erkannter Weg\" class=\"wp-image-1917\" srcset=\"https:\/\/www.guhalg.com\/wordpress\/wp-content\/uploads\/Reisen\/Madagaskar\/2langetage\/unerkannter-weg-1024x575.jpg 1024w, https:\/\/www.guhalg.com\/wordpress\/wp-content\/uploads\/Reisen\/Madagaskar\/2langetage\/unerkannter-weg-300x169.jpg 300w, https:\/\/www.guhalg.com\/wordpress\/wp-content\/uploads\/Reisen\/Madagaskar\/2langetage\/unerkannter-weg-768x432.jpg 768w, https:\/\/www.guhalg.com\/wordpress\/wp-content\/uploads\/Reisen\/Madagaskar\/2langetage\/unerkannter-weg-1536x863.jpg 1536w, https:\/\/www.guhalg.com\/wordpress\/wp-content\/uploads\/Reisen\/Madagaskar\/2langetage\/unerkannter-weg.jpg 1920w\" sizes=\"auto, (max-width: 1024px) 100vw, 1024px\" \/><\/a><figcaption>Ein nicht erkannter Weg<\/figcaption><\/figure><\/div>\n<\/div>\n<\/div>\n\n\n\n<p>Daf\u00fcr wird man mit einer Vielzahl an Pflanzen und Tieren belohnt. F\u00fcr die Erkundung und nahe Betrachtung der Pflanzen und Tiere verl\u00e4sst man den Hauptweg und hangelt sich manchmal an \u00c4sten und Zweigen ganz tief in die Berge und T\u00e4ler des Regenwaldes hinein. Einige Bilder aus dem Regenwald haben wir nat\u00fcrlich noch f\u00fcr euch: <a href=\"https:\/\/www.guhalg.com\/wordpress\/?page_id=1368#ranomafana\" data-type=\"page\">Ranomafana<\/a><\/p>\n\n\n\n<p>Um die Mittagszeit herum haben wir den Regenwald verlassen und uns auf die weitere Fahrt nach <a href=\"http:\/\/localhost:8080\/page\/reisen\/2012-madagaskar\/einige-bilder.php\">Ambalavao<\/a> begeben. Vorbei an Ziegelbrennereien haben wir den Regenwald langsam hinter uns gelassen und sind aus den nassen Bergen in die trockene Ebene gefahren.<\/p>\n\n\n\n<div class=\"wp-block-columns is-layout-flex wp-container-core-columns-is-layout-9d6595d7 wp-block-columns-is-layout-flex\">\n<div class=\"wp-block-column is-layout-flow wp-block-column-is-layout-flow\">\n<div class=\"wp-block-image\"><figure class=\"aligncenter size-large\"><a href=\"https:\/\/www.guhalg.com\/wordpress\/wp-content\/uploads\/Reisen\/Madagaskar\/2langetage\/ziegelbrennerei.jpg\"><img loading=\"lazy\" decoding=\"async\" width=\"1024\" height=\"575\" src=\"https:\/\/www.guhalg.com\/wordpress\/wp-content\/uploads\/Reisen\/Madagaskar\/2langetage\/ziegelbrennerei-1024x575.jpg\" alt=\"Zielbrennerei\" class=\"wp-image-1919\" srcset=\"https:\/\/www.guhalg.com\/wordpress\/wp-content\/uploads\/Reisen\/Madagaskar\/2langetage\/ziegelbrennerei-1024x575.jpg 1024w, https:\/\/www.guhalg.com\/wordpress\/wp-content\/uploads\/Reisen\/Madagaskar\/2langetage\/ziegelbrennerei-300x169.jpg 300w, https:\/\/www.guhalg.com\/wordpress\/wp-content\/uploads\/Reisen\/Madagaskar\/2langetage\/ziegelbrennerei-768x432.jpg 768w, https:\/\/www.guhalg.com\/wordpress\/wp-content\/uploads\/Reisen\/Madagaskar\/2langetage\/ziegelbrennerei-1536x863.jpg 1536w, https:\/\/www.guhalg.com\/wordpress\/wp-content\/uploads\/Reisen\/Madagaskar\/2langetage\/ziegelbrennerei.jpg 1920w\" sizes=\"auto, (max-width: 1024px) 100vw, 1024px\" \/><\/a><figcaption>Zielbrennerei<\/figcaption><\/figure><\/div>\n<\/div>\n\n\n\n<div class=\"wp-block-column is-layout-flow wp-block-column-is-layout-flow\">\n<div class=\"wp-block-image\"><figure class=\"aligncenter size-large\"><a href=\"https:\/\/www.guhalg.com\/wordpress\/wp-content\/uploads\/Reisen\/Madagaskar\/2langetage\/ausblick-anja-park.jpg\"><img loading=\"lazy\" decoding=\"async\" width=\"1024\" height=\"575\" src=\"https:\/\/www.guhalg.com\/wordpress\/wp-content\/uploads\/Reisen\/Madagaskar\/2langetage\/ausblick-anja-park-1024x575.jpg\" alt=\"Bergausl\u00e4ufer\" class=\"wp-image-1898\" srcset=\"https:\/\/www.guhalg.com\/wordpress\/wp-content\/uploads\/Reisen\/Madagaskar\/2langetage\/ausblick-anja-park-1024x575.jpg 1024w, https:\/\/www.guhalg.com\/wordpress\/wp-content\/uploads\/Reisen\/Madagaskar\/2langetage\/ausblick-anja-park-300x169.jpg 300w, https:\/\/www.guhalg.com\/wordpress\/wp-content\/uploads\/Reisen\/Madagaskar\/2langetage\/ausblick-anja-park-768x432.jpg 768w, https:\/\/www.guhalg.com\/wordpress\/wp-content\/uploads\/Reisen\/Madagaskar\/2langetage\/ausblick-anja-park-1536x863.jpg 1536w, https:\/\/www.guhalg.com\/wordpress\/wp-content\/uploads\/Reisen\/Madagaskar\/2langetage\/ausblick-anja-park.jpg 1920w\" sizes=\"auto, (max-width: 1024px) 100vw, 1024px\" \/><\/a><figcaption>Bergausl\u00e4ufer<\/figcaption><\/figure><\/div>\n<\/div>\n\n\n\n<div class=\"wp-block-column is-layout-flow wp-block-column-is-layout-flow\">\n<div class=\"wp-block-image\"><figure class=\"aligncenter size-large\"><a href=\"https:\/\/www.guhalg.com\/wordpress\/wp-content\/uploads\/Reisen\/Madagaskar\/2langetage\/trockene-ebene.jpg\"><img loading=\"lazy\" decoding=\"async\" width=\"1024\" height=\"575\" src=\"https:\/\/www.guhalg.com\/wordpress\/wp-content\/uploads\/Reisen\/Madagaskar\/2langetage\/trockene-ebene-1024x575.jpg\" alt=\"Trockene Ebene\" class=\"wp-image-1915\" srcset=\"https:\/\/www.guhalg.com\/wordpress\/wp-content\/uploads\/Reisen\/Madagaskar\/2langetage\/trockene-ebene-1024x575.jpg 1024w, https:\/\/www.guhalg.com\/wordpress\/wp-content\/uploads\/Reisen\/Madagaskar\/2langetage\/trockene-ebene-300x169.jpg 300w, https:\/\/www.guhalg.com\/wordpress\/wp-content\/uploads\/Reisen\/Madagaskar\/2langetage\/trockene-ebene-768x432.jpg 768w, https:\/\/www.guhalg.com\/wordpress\/wp-content\/uploads\/Reisen\/Madagaskar\/2langetage\/trockene-ebene-1536x863.jpg 1536w, https:\/\/www.guhalg.com\/wordpress\/wp-content\/uploads\/Reisen\/Madagaskar\/2langetage\/trockene-ebene.jpg 1920w\" sizes=\"auto, (max-width: 1024px) 100vw, 1024px\" \/><\/a><figcaption>Trockene Ebene<\/figcaption><\/figure><\/div>\n<\/div>\n<\/div>\n\n\n\n<p>Am Nachmittag haben wir noch eine Seidenfabrik besichtigt, wo von der Aufzucht der Raupen, \u00fcber die Ernte und Seidengewinnung bis hin zum F\u00e4rben und Verarbeiten der gesamte Fertigungsprozess durchlaufen wird &#8211; nat\u00fcrlich alles in Handarbeit.<\/p>\n\n\n\n<p>Die Kokons werden als erstes gekocht, um die Raupen darin zu t\u00f6ten. Die toten Tiere werden entfernt und mehrere Kokons zusammen abgewickelt. Daraus ergibt sich ein Seidenkn\u00e4uel, welches erneut in hei\u00dfem Wasser gekocht wird. Nach dem Abwickeln der einzelnen Kokons werden diese zu einem Faden versponnen und anschlie\u00dfend mit nat\u00fcrlichen Zutaten gef\u00e4rbt. Aus diesen F\u00e4den werden dann Stoffe f\u00fcr T\u00fccher, Taschen, H\u00fcte und allerlei sonstiges buntes gewoben und gleich im angeschlossenen Laden zum Verkauf angeboten. Eine kurze Bilderserie zur <a href=\"https:\/\/www.guhalg.com\/wordpress\/?page_id=1368#seidenverarbeitung\" data-type=\"page\">Seidenverarbeitung <\/a>haben wir nat\u00fcrlich auch.<\/p>\n\n\n\n<p>Nach dieser Besichtigung ging es zum Entspannen in unsere Unterkunft.<\/p>\n\n\n\n<div class=\"wp-block-columns is-layout-flex wp-container-core-columns-is-layout-9d6595d7 wp-block-columns-is-layout-flex\">\n<div class=\"wp-block-column is-layout-flow wp-block-column-is-layout-flow\">\n<div class=\"wp-block-buttons is-layout-flex wp-block-buttons-is-layout-flex\">\n<div class=\"wp-block-button\"><a class=\"wp-block-button__link\" href=\"https:\/\/www.guhalg.com\/wordpress\/?page_id=1849\">Eisenbahnfahrt<\/a><\/div>\n<\/div>\n<\/div>\n\n\n\n<div class=\"wp-block-column is-layout-flow wp-block-column-is-layout-flow\">\n<div class=\"wp-block-buttons is-horizontal is-content-justification-right is-layout-flex wp-container-core-buttons-is-layout-ae2fe186 wp-block-buttons-is-layout-flex\">\n<div class=\"wp-block-button\"><a class=\"wp-block-button__link\" href=\"https:\/\/www.guhalg.com\/wordpress\/?page_id=1951\">Weiter geht es<\/a><\/div>\n<\/div>\n<\/div>\n<\/div>\n","protected":false},"excerpt":{"rendered":"<p>Tag 1 Nach dem eher gem\u00fctlichen Tag mit der Eisenbahnfahrt und Wanderung waren diese beiden Tage jetzt erstmal gepr\u00e4gt von einer langen Strecke, die es zu fahren galt. Lange in Bezug auf die Zeit f\u00fcr die Reise, aber nat\u00fcrlich wieder&hellip; <\/p>\n","protected":false},"author":1,"featured_media":0,"parent":279,"menu_order":0,"comment_status":"closed","ping_status":"closed","template":"","meta":{"footnotes":""},"class_list":["post-1895","page","type-page","status-publish","hentry"],"_links":{"self":[{"href":"https:\/\/www.guhalg.com\/wordpress\/index.php?rest_route=\/wp\/v2\/pages\/1895","targetHints":{"allow":["GET"]}}],"collection":[{"href":"https:\/\/www.guhalg.com\/wordpress\/index.php?rest_route=\/wp\/v2\/pages"}],"about":[{"href":"https:\/\/www.guhalg.com\/wordpress\/index.php?rest_route=\/wp\/v2\/types\/page"}],"author":[{"embeddable":true,"href":"https:\/\/www.guhalg.com\/wordpress\/index.php?rest_route=\/wp\/v2\/users\/1"}],"replies":[{"embeddable":true,"href":"https:\/\/www.guhalg.com\/wordpress\/index.php?rest_route=%2Fwp%2Fv2%2Fcomments&post=1895"}],"version-history":[{"count":6,"href":"https:\/\/www.guhalg.com\/wordpress\/index.php?rest_route=\/wp\/v2\/pages\/1895\/revisions"}],"predecessor-version":[{"id":7905,"href":"https:\/\/www.guhalg.com\/wordpress\/index.php?rest_route=\/wp\/v2\/pages\/1895\/revisions\/7905"}],"up":[{"embeddable":true,"href":"https:\/\/www.guhalg.com\/wordpress\/index.php?rest_route=\/wp\/v2\/pages\/279"}],"wp:attachment":[{"href":"https:\/\/www.guhalg.com\/wordpress\/index.php?rest_route=%2Fwp%2Fv2%2Fmedia&parent=1895"}],"curies":[{"name":"wp","href":"https:\/\/api.w.org\/{rel}","templated":true}]}}