{"id":2017,"date":"2021-11-14T16:46:53","date_gmt":"2021-11-14T15:46:53","guid":{"rendered":"https:\/\/www.guhalg.com\/wordpress\/?page_id=2017"},"modified":"2022-02-09T18:51:50","modified_gmt":"2022-02-09T17:51:50","slug":"der-dornenwald","status":"publish","type":"page","link":"https:\/\/www.guhalg.com\/wordpress\/?page_id=2017","title":{"rendered":"Der Dornenwald"},"content":{"rendered":"\n<p>Gut geschlafen und nach einem ausgiebigen Fr\u00fchst\u00fcck sind wir Richtung Ifaty gestartet. Dieses war also unser letzter geplanter Urlaubstag in Madagaskar ohne zeitliche Zw\u00e4nge wie Flugzeiten, Reservetage und dergleichen. Doch das war uns an diesem Morgen noch gar nicht so bewusst.<\/p>\n\n\n\n<p>Die Fahrt f\u00fchrte uns an vielerlei Orten vorbei. Menschen waschen im Fluss ihre W\u00e4sche und Autos. Einige Kilometer weiter wird aus den Resten der Goldw\u00e4sche noch das letzte K\u00f6rnchen Gold in m\u00fchevoller Handarbeit gewonnen, oder in alten \u00d6lf\u00e4ssern wird Schnaps gebrannt.<\/p>\n\n\n\n<div class=\"wp-block-columns is-layout-flex wp-container-core-columns-is-layout-9d6595d7 wp-block-columns-is-layout-flex\">\n<div class=\"wp-block-column is-layout-flow wp-block-column-is-layout-flow\">\n<div class=\"wp-block-image\"><figure class=\"aligncenter size-large\"><a href=\"https:\/\/www.guhalg.com\/wordpress\/wp-content\/uploads\/Reisen\/Madagaskar\/dornenwald\/waschtag.jpg\"><img loading=\"lazy\" decoding=\"async\" width=\"1024\" height=\"575\" src=\"https:\/\/www.guhalg.com\/wordpress\/wp-content\/uploads\/Reisen\/Madagaskar\/dornenwald\/waschtag-1024x575.jpg\" alt=\"Waschtag\" class=\"wp-image-2035\" srcset=\"https:\/\/www.guhalg.com\/wordpress\/wp-content\/uploads\/Reisen\/Madagaskar\/dornenwald\/waschtag-1024x575.jpg 1024w, https:\/\/www.guhalg.com\/wordpress\/wp-content\/uploads\/Reisen\/Madagaskar\/dornenwald\/waschtag-300x169.jpg 300w, https:\/\/www.guhalg.com\/wordpress\/wp-content\/uploads\/Reisen\/Madagaskar\/dornenwald\/waschtag-768x432.jpg 768w, https:\/\/www.guhalg.com\/wordpress\/wp-content\/uploads\/Reisen\/Madagaskar\/dornenwald\/waschtag-1536x863.jpg 1536w, https:\/\/www.guhalg.com\/wordpress\/wp-content\/uploads\/Reisen\/Madagaskar\/dornenwald\/waschtag.jpg 1920w\" sizes=\"auto, (max-width: 1024px) 100vw, 1024px\" \/><\/a><figcaption>Waschtag<\/figcaption><\/figure><\/div>\n<\/div>\n\n\n\n<div class=\"wp-block-column is-layout-flow wp-block-column-is-layout-flow\">\n<div class=\"wp-block-image\"><figure class=\"aligncenter size-large\"><a href=\"https:\/\/www.guhalg.com\/wordpress\/wp-content\/uploads\/Reisen\/Madagaskar\/dornenwald\/goldwaesche.jpg\"><img loading=\"lazy\" decoding=\"async\" width=\"1024\" height=\"575\" src=\"https:\/\/www.guhalg.com\/wordpress\/wp-content\/uploads\/Reisen\/Madagaskar\/dornenwald\/goldwaesche-1024x575.jpg\" alt=\"Goldw\u00e4sche\" class=\"wp-image-2027\" srcset=\"https:\/\/www.guhalg.com\/wordpress\/wp-content\/uploads\/Reisen\/Madagaskar\/dornenwald\/goldwaesche-1024x575.jpg 1024w, https:\/\/www.guhalg.com\/wordpress\/wp-content\/uploads\/Reisen\/Madagaskar\/dornenwald\/goldwaesche-300x169.jpg 300w, https:\/\/www.guhalg.com\/wordpress\/wp-content\/uploads\/Reisen\/Madagaskar\/dornenwald\/goldwaesche-768x432.jpg 768w, https:\/\/www.guhalg.com\/wordpress\/wp-content\/uploads\/Reisen\/Madagaskar\/dornenwald\/goldwaesche-1536x863.jpg 1536w, https:\/\/www.guhalg.com\/wordpress\/wp-content\/uploads\/Reisen\/Madagaskar\/dornenwald\/goldwaesche.jpg 1920w\" sizes=\"auto, (max-width: 1024px) 100vw, 1024px\" \/><\/a><figcaption>Goldw\u00e4sche<\/figcaption><\/figure><\/div>\n<\/div>\n\n\n\n<div class=\"wp-block-column is-layout-flow wp-block-column-is-layout-flow\">\n<div class=\"wp-block-image\"><figure class=\"aligncenter size-large\"><a href=\"https:\/\/www.guhalg.com\/wordpress\/wp-content\/uploads\/Reisen\/Madagaskar\/dornenwald\/schnapsbrennerei.jpg\"><img loading=\"lazy\" decoding=\"async\" width=\"1024\" height=\"575\" src=\"https:\/\/www.guhalg.com\/wordpress\/wp-content\/uploads\/Reisen\/Madagaskar\/dornenwald\/schnapsbrennerei-1024x575.jpg\" alt=\"Schnapsbrennerrei\" class=\"wp-image-2030\" srcset=\"https:\/\/www.guhalg.com\/wordpress\/wp-content\/uploads\/Reisen\/Madagaskar\/dornenwald\/schnapsbrennerei-1024x575.jpg 1024w, https:\/\/www.guhalg.com\/wordpress\/wp-content\/uploads\/Reisen\/Madagaskar\/dornenwald\/schnapsbrennerei-300x169.jpg 300w, https:\/\/www.guhalg.com\/wordpress\/wp-content\/uploads\/Reisen\/Madagaskar\/dornenwald\/schnapsbrennerei-768x432.jpg 768w, https:\/\/www.guhalg.com\/wordpress\/wp-content\/uploads\/Reisen\/Madagaskar\/dornenwald\/schnapsbrennerei-1536x863.jpg 1536w, https:\/\/www.guhalg.com\/wordpress\/wp-content\/uploads\/Reisen\/Madagaskar\/dornenwald\/schnapsbrennerei.jpg 1920w\" sizes=\"auto, (max-width: 1024px) 100vw, 1024px\" \/><\/a><figcaption>Schnapsbrennerrei<\/figcaption><\/figure><\/div>\n<\/div>\n<\/div>\n\n\n\n<p>Zwischendurch dann wieder die endlose Landschaft, auch mal mit einem Tafelberg in der Ferne oder dem Grab eines verstorbenen Seemannes direkt am Stra\u00dfenrand. Auf dem Weg nach Ifaty gab es allerhand zu sehen.<\/p>\n\n\n\n<div class=\"wp-block-columns is-layout-flex wp-container-core-columns-is-layout-9d6595d7 wp-block-columns-is-layout-flex\">\n<div class=\"wp-block-column is-layout-flow wp-block-column-is-layout-flow\">\n<div class=\"wp-block-image\"><figure class=\"aligncenter size-large\"><a href=\"https:\/\/www.guhalg.com\/wordpress\/wp-content\/uploads\/Reisen\/Madagaskar\/dornenwald\/endlose-strasse.jpg\"><img loading=\"lazy\" decoding=\"async\" width=\"1024\" height=\"575\" src=\"https:\/\/www.guhalg.com\/wordpress\/wp-content\/uploads\/Reisen\/Madagaskar\/dornenwald\/endlose-strasse-1024x575.jpg\" alt=\"Endlose Strasse\" class=\"wp-image-2026\" srcset=\"https:\/\/www.guhalg.com\/wordpress\/wp-content\/uploads\/Reisen\/Madagaskar\/dornenwald\/endlose-strasse-1024x575.jpg 1024w, https:\/\/www.guhalg.com\/wordpress\/wp-content\/uploads\/Reisen\/Madagaskar\/dornenwald\/endlose-strasse-300x169.jpg 300w, https:\/\/www.guhalg.com\/wordpress\/wp-content\/uploads\/Reisen\/Madagaskar\/dornenwald\/endlose-strasse-768x432.jpg 768w, https:\/\/www.guhalg.com\/wordpress\/wp-content\/uploads\/Reisen\/Madagaskar\/dornenwald\/endlose-strasse-1536x863.jpg 1536w, https:\/\/www.guhalg.com\/wordpress\/wp-content\/uploads\/Reisen\/Madagaskar\/dornenwald\/endlose-strasse.jpg 1920w\" sizes=\"auto, (max-width: 1024px) 100vw, 1024px\" \/><\/a><figcaption>Endlose Strasse<\/figcaption><\/figure><\/div>\n<\/div>\n\n\n\n<div class=\"wp-block-column is-layout-flow wp-block-column-is-layout-flow\">\n<div class=\"wp-block-image\"><figure class=\"aligncenter size-large\"><a href=\"https:\/\/www.guhalg.com\/wordpress\/wp-content\/uploads\/Reisen\/Madagaskar\/dornenwald\/tafelberg.jpg\"><img loading=\"lazy\" decoding=\"async\" width=\"1024\" height=\"575\" src=\"https:\/\/www.guhalg.com\/wordpress\/wp-content\/uploads\/Reisen\/Madagaskar\/dornenwald\/tafelberg-1024x575.jpg\" alt=\"Tafelberg\" class=\"wp-image-2034\" srcset=\"https:\/\/www.guhalg.com\/wordpress\/wp-content\/uploads\/Reisen\/Madagaskar\/dornenwald\/tafelberg-1024x575.jpg 1024w, https:\/\/www.guhalg.com\/wordpress\/wp-content\/uploads\/Reisen\/Madagaskar\/dornenwald\/tafelberg-300x169.jpg 300w, https:\/\/www.guhalg.com\/wordpress\/wp-content\/uploads\/Reisen\/Madagaskar\/dornenwald\/tafelberg-768x432.jpg 768w, https:\/\/www.guhalg.com\/wordpress\/wp-content\/uploads\/Reisen\/Madagaskar\/dornenwald\/tafelberg-1536x863.jpg 1536w, https:\/\/www.guhalg.com\/wordpress\/wp-content\/uploads\/Reisen\/Madagaskar\/dornenwald\/tafelberg.jpg 1920w\" sizes=\"auto, (max-width: 1024px) 100vw, 1024px\" \/><\/a><figcaption>Tafelberg<\/figcaption><\/figure><\/div>\n<\/div>\n\n\n\n<div class=\"wp-block-column is-layout-flow wp-block-column-is-layout-flow\">\n<div class=\"wp-block-image\"><figure class=\"aligncenter size-large\"><a href=\"https:\/\/www.guhalg.com\/wordpress\/wp-content\/uploads\/Reisen\/Madagaskar\/dornenwald\/seemannsgrab.jpg\"><img loading=\"lazy\" decoding=\"async\" width=\"1024\" height=\"575\" src=\"https:\/\/www.guhalg.com\/wordpress\/wp-content\/uploads\/Reisen\/Madagaskar\/dornenwald\/seemannsgrab-1024x575.jpg\" alt=\"Seemansgrab\" class=\"wp-image-2031\" srcset=\"https:\/\/www.guhalg.com\/wordpress\/wp-content\/uploads\/Reisen\/Madagaskar\/dornenwald\/seemannsgrab-1024x575.jpg 1024w, https:\/\/www.guhalg.com\/wordpress\/wp-content\/uploads\/Reisen\/Madagaskar\/dornenwald\/seemannsgrab-300x169.jpg 300w, https:\/\/www.guhalg.com\/wordpress\/wp-content\/uploads\/Reisen\/Madagaskar\/dornenwald\/seemannsgrab-768x432.jpg 768w, https:\/\/www.guhalg.com\/wordpress\/wp-content\/uploads\/Reisen\/Madagaskar\/dornenwald\/seemannsgrab-1536x863.jpg 1536w, https:\/\/www.guhalg.com\/wordpress\/wp-content\/uploads\/Reisen\/Madagaskar\/dornenwald\/seemannsgrab.jpg 1920w\" sizes=\"auto, (max-width: 1024px) 100vw, 1024px\" \/><\/a><figcaption>Seemansgrab<\/figcaption><\/figure><\/div>\n<\/div>\n<\/div>\n\n\n\n<p>Die letzten Kilometer zum Dornenwald ging es parallel zum Strand entlang bis zum Reservat Reniala, nur noch kurz unterbrochen durch einen blockierenden LKW am Markt in Ifaty. Hier waren wir zwar nur wenige Kilometer von Toliary, der n\u00e4chsten Stadt mit einem Flughafen, entfernt, das Leben war hier aber wieder beschaulich und ohne Hektik.<\/p>\n\n\n\n<div class=\"wp-block-columns is-layout-flex wp-container-core-columns-is-layout-9d6595d7 wp-block-columns-is-layout-flex\">\n<div class=\"wp-block-column is-layout-flow wp-block-column-is-layout-flow\">\n<div class=\"wp-block-image\"><figure class=\"aligncenter size-large\"><a href=\"https:\/\/www.guhalg.com\/wordpress\/wp-content\/uploads\/Reisen\/Madagaskar\/dornenwald\/strandstrasse.jpg\"><img loading=\"lazy\" decoding=\"async\" width=\"1024\" height=\"575\" src=\"https:\/\/www.guhalg.com\/wordpress\/wp-content\/uploads\/Reisen\/Madagaskar\/dornenwald\/strandstrasse-1024x575.jpg\" alt=\"Strandstrasse\" class=\"wp-image-2033\" srcset=\"https:\/\/www.guhalg.com\/wordpress\/wp-content\/uploads\/Reisen\/Madagaskar\/dornenwald\/strandstrasse-1024x575.jpg 1024w, https:\/\/www.guhalg.com\/wordpress\/wp-content\/uploads\/Reisen\/Madagaskar\/dornenwald\/strandstrasse-300x169.jpg 300w, https:\/\/www.guhalg.com\/wordpress\/wp-content\/uploads\/Reisen\/Madagaskar\/dornenwald\/strandstrasse-768x432.jpg 768w, https:\/\/www.guhalg.com\/wordpress\/wp-content\/uploads\/Reisen\/Madagaskar\/dornenwald\/strandstrasse-1536x863.jpg 1536w, https:\/\/www.guhalg.com\/wordpress\/wp-content\/uploads\/Reisen\/Madagaskar\/dornenwald\/strandstrasse.jpg 1920w\" sizes=\"auto, (max-width: 1024px) 100vw, 1024px\" \/><\/a><figcaption>Strandstrasse<\/figcaption><\/figure><\/div>\n<\/div>\n\n\n\n<div class=\"wp-block-column is-layout-flow wp-block-column-is-layout-flow\">\n<div class=\"wp-block-image\"><figure class=\"aligncenter size-large\"><a href=\"https:\/\/www.guhalg.com\/wordpress\/wp-content\/uploads\/Reisen\/Madagaskar\/dornenwald\/strandblick.jpg\"><img loading=\"lazy\" decoding=\"async\" width=\"1024\" height=\"575\" src=\"https:\/\/www.guhalg.com\/wordpress\/wp-content\/uploads\/Reisen\/Madagaskar\/dornenwald\/strandblick-1024x575.jpg\" alt=\"Strandblick\" class=\"wp-image-2032\" srcset=\"https:\/\/www.guhalg.com\/wordpress\/wp-content\/uploads\/Reisen\/Madagaskar\/dornenwald\/strandblick-1024x575.jpg 1024w, https:\/\/www.guhalg.com\/wordpress\/wp-content\/uploads\/Reisen\/Madagaskar\/dornenwald\/strandblick-300x169.jpg 300w, https:\/\/www.guhalg.com\/wordpress\/wp-content\/uploads\/Reisen\/Madagaskar\/dornenwald\/strandblick-768x432.jpg 768w, https:\/\/www.guhalg.com\/wordpress\/wp-content\/uploads\/Reisen\/Madagaskar\/dornenwald\/strandblick-1536x863.jpg 1536w, https:\/\/www.guhalg.com\/wordpress\/wp-content\/uploads\/Reisen\/Madagaskar\/dornenwald\/strandblick.jpg 1920w\" sizes=\"auto, (max-width: 1024px) 100vw, 1024px\" \/><\/a><figcaption>Strandblick<\/figcaption><\/figure><\/div>\n<\/div>\n\n\n\n<div class=\"wp-block-column is-layout-flow wp-block-column-is-layout-flow\">\n<div class=\"wp-block-image\"><figure class=\"aligncenter size-large\"><a href=\"https:\/\/www.guhalg.com\/wordpress\/wp-content\/uploads\/Reisen\/Madagaskar\/dornenwald\/kleiner-markt-in-ifaty.jpg\"><img loading=\"lazy\" decoding=\"async\" width=\"1024\" height=\"575\" src=\"https:\/\/www.guhalg.com\/wordpress\/wp-content\/uploads\/Reisen\/Madagaskar\/dornenwald\/kleiner-markt-in-ifaty-1024x575.jpg\" alt=\"Markt in Ifatiy\" class=\"wp-image-2028\" srcset=\"https:\/\/www.guhalg.com\/wordpress\/wp-content\/uploads\/Reisen\/Madagaskar\/dornenwald\/kleiner-markt-in-ifaty-1024x575.jpg 1024w, https:\/\/www.guhalg.com\/wordpress\/wp-content\/uploads\/Reisen\/Madagaskar\/dornenwald\/kleiner-markt-in-ifaty-300x169.jpg 300w, https:\/\/www.guhalg.com\/wordpress\/wp-content\/uploads\/Reisen\/Madagaskar\/dornenwald\/kleiner-markt-in-ifaty-768x432.jpg 768w, https:\/\/www.guhalg.com\/wordpress\/wp-content\/uploads\/Reisen\/Madagaskar\/dornenwald\/kleiner-markt-in-ifaty-1536x863.jpg 1536w, https:\/\/www.guhalg.com\/wordpress\/wp-content\/uploads\/Reisen\/Madagaskar\/dornenwald\/kleiner-markt-in-ifaty.jpg 1920w\" sizes=\"auto, (max-width: 1024px) 100vw, 1024px\" \/><\/a><figcaption>Markt in Ifatiy<\/figcaption><\/figure><\/div>\n<\/div>\n<\/div>\n\n\n\n<p>Interessant an dem Reservat ist sicherlich, dass es sich noch um einen prim\u00e4ren Regenwald bzw. Trockenwald handelt, also keine zus\u00e4tzlichen Pflanzungen vorgenommen wurden. Sicherlich liegt dieses auch daran, dass das Reservat viel zu trocken, zu hei\u00df und letztendlich auch zu klein f\u00fcr eine Bewirtschaftung ist. Au\u00dfer mehreren Wegen ist hier alles noch unver\u00e4ndert und die lokalen Guides zeigen einem gerne und auch mit Stolz Ihren Dornenwald.<\/p>\n\n\n\n<p>Wir waren erst am Nachmittag angekommen, hatten also die Mittagshitze hinter uns, dennoch waren die zwei Stunden Wanderung anstrengend in der prallen Sonne, denn die ausged\u00f6rrten B\u00e4ume und Str\u00e4ucher geben keinen Schatten. Belohnt wurden wir mit einer Vielzahl an Baobabs in allen Altersstufen, B\u00fcschen, Str\u00e4uchern und Tieren. Ein Bild des riesigen Boabab k\u00f6nnt ihr hier sehen, weitere Bilder findet Ihr in der <a href=\"https:\/\/www.guhalg.com\/wordpress\/?page_id=1368#dornenwald\" data-type=\"page\">Diashow<\/a>.<\/p>\n\n\n\n<div class=\"wp-block-image\"><figure class=\"aligncenter size-large\"><a href=\"https:\/\/www.guhalg.com\/wordpress\/wp-content\/uploads\/Reisen\/Madagaskar\/dornenwald\/baobab.jpg\"><img loading=\"lazy\" decoding=\"async\" width=\"1024\" height=\"857\" src=\"https:\/\/www.guhalg.com\/wordpress\/wp-content\/uploads\/Reisen\/Madagaskar\/dornenwald\/baobab-1024x857.jpg\" alt=\"Riesiger Baobab\" class=\"wp-image-2024\" title=\"Baobab\" srcset=\"https:\/\/www.guhalg.com\/wordpress\/wp-content\/uploads\/Reisen\/Madagaskar\/dornenwald\/baobab-1024x857.jpg 1024w, https:\/\/www.guhalg.com\/wordpress\/wp-content\/uploads\/Reisen\/Madagaskar\/dornenwald\/baobab-300x251.jpg 300w, https:\/\/www.guhalg.com\/wordpress\/wp-content\/uploads\/Reisen\/Madagaskar\/dornenwald\/baobab-768x643.jpg 768w, https:\/\/www.guhalg.com\/wordpress\/wp-content\/uploads\/Reisen\/Madagaskar\/dornenwald\/baobab-1536x1286.jpg 1536w, https:\/\/www.guhalg.com\/wordpress\/wp-content\/uploads\/Reisen\/Madagaskar\/dornenwald\/baobab.jpg 1920w\" sizes=\"auto, (max-width: 1024px) 100vw, 1024px\" \/><\/a><figcaption>Riesiger Baobab<\/figcaption><\/figure><\/div>\n\n\n\n<p>Danach ging es in die Unterkunft. Unser Bungalow lag direkt am Strand mit Blick aufs Meer. Wunderbar gelegen, mit wenigen Metern zum Strand. Allerdings merkte man hier eine gewisse Touristenvertrautheit, da au\u00dferhalb des Strandabschnittes vom Resort einige Stra\u00dfenverk\u00e4ufer darauf warteten, dass wir das Gel\u00e4nde vom Resort verlassen. So beschaulich das Leben hier wirkte, man war doch nur rund 30 Km von Toliary entfernt und der dortige Flughafen sorgte schon f\u00fcr einen, wenn auch kleinen, Touristenstrom an diesen sch\u00f6nen Strand. Vermutlich wurde daher auch das Resort durch Wachleute gesichert. Sie waren mit Speeren bewaffnet, aber vermutlich eher als Abschreckung denn als Waffe.<\/p>\n\n\n\n<p>Erst beim Willkommenscocktail, als uns Jocy die Planung f\u00fcr die letzten beiden Tage offerierte, wurde uns das bevorstehende Ende dieser Reise bewusst. Die Gesichter sprechen B\u00e4nde.<\/p>\n\n\n\n<p>Doch der Ruf zum Abendessen beendete unsere Gedanken und zufrieden mit dem Erlebten haben wir den Tag auf der Terrasse mit Blick auf das Meer, wo immer noch das Fischerboot vom Nachmittag war, ausklingen lassen.<\/p>\n\n\n\n<div class=\"wp-block-columns is-layout-flex wp-container-core-columns-is-layout-9d6595d7 wp-block-columns-is-layout-flex\">\n<div class=\"wp-block-column is-layout-flow wp-block-column-is-layout-flow\">\n<div class=\"wp-block-image\"><figure class=\"aligncenter size-large\"><a href=\"https:\/\/www.guhalg.com\/wordpress\/wp-content\/uploads\/Reisen\/Madagaskar\/dornenwald\/bungalow.jpg\"><img loading=\"lazy\" decoding=\"async\" width=\"1024\" height=\"575\" src=\"https:\/\/www.guhalg.com\/wordpress\/wp-content\/uploads\/Reisen\/Madagaskar\/dornenwald\/bungalow-1024x575.jpg\" alt=\"Bungalow\" class=\"wp-image-2025\" srcset=\"https:\/\/www.guhalg.com\/wordpress\/wp-content\/uploads\/Reisen\/Madagaskar\/dornenwald\/bungalow-1024x575.jpg 1024w, https:\/\/www.guhalg.com\/wordpress\/wp-content\/uploads\/Reisen\/Madagaskar\/dornenwald\/bungalow-300x169.jpg 300w, https:\/\/www.guhalg.com\/wordpress\/wp-content\/uploads\/Reisen\/Madagaskar\/dornenwald\/bungalow-768x432.jpg 768w, https:\/\/www.guhalg.com\/wordpress\/wp-content\/uploads\/Reisen\/Madagaskar\/dornenwald\/bungalow-1536x863.jpg 1536w, https:\/\/www.guhalg.com\/wordpress\/wp-content\/uploads\/Reisen\/Madagaskar\/dornenwald\/bungalow.jpg 1920w\" sizes=\"auto, (max-width: 1024px) 100vw, 1024px\" \/><\/a><figcaption>Bungalow<\/figcaption><\/figure><\/div>\n<\/div>\n\n\n\n<div class=\"wp-block-column is-layout-flow wp-block-column-is-layout-flow\">\n<div class=\"wp-block-image\"><figure class=\"aligncenter size-large\"><a href=\"https:\/\/www.guhalg.com\/wordpress\/wp-content\/uploads\/Reisen\/Madagaskar\/dornenwald\/abschied.jpg\"><img loading=\"lazy\" decoding=\"async\" width=\"1024\" height=\"575\" src=\"https:\/\/www.guhalg.com\/wordpress\/wp-content\/uploads\/Reisen\/Madagaskar\/dornenwald\/abschied-1024x575.jpg\" alt=\"Abschied\" class=\"wp-image-2023\" srcset=\"https:\/\/www.guhalg.com\/wordpress\/wp-content\/uploads\/Reisen\/Madagaskar\/dornenwald\/abschied-1024x575.jpg 1024w, https:\/\/www.guhalg.com\/wordpress\/wp-content\/uploads\/Reisen\/Madagaskar\/dornenwald\/abschied-300x169.jpg 300w, https:\/\/www.guhalg.com\/wordpress\/wp-content\/uploads\/Reisen\/Madagaskar\/dornenwald\/abschied-768x432.jpg 768w, https:\/\/www.guhalg.com\/wordpress\/wp-content\/uploads\/Reisen\/Madagaskar\/dornenwald\/abschied-1536x863.jpg 1536w, https:\/\/www.guhalg.com\/wordpress\/wp-content\/uploads\/Reisen\/Madagaskar\/dornenwald\/abschied.jpg 1920w\" sizes=\"auto, (max-width: 1024px) 100vw, 1024px\" \/><\/a><figcaption>Abschied<\/figcaption><\/figure><\/div>\n<\/div>\n\n\n\n<div class=\"wp-block-column is-layout-flow wp-block-column-is-layout-flow\">\n<div class=\"wp-block-image\"><figure class=\"aligncenter size-large\"><a href=\"https:\/\/www.guhalg.com\/wordpress\/wp-content\/uploads\/Reisen\/Madagaskar\/dornenwald\/meerblick.jpg\"><img loading=\"lazy\" decoding=\"async\" width=\"1024\" height=\"575\" src=\"https:\/\/www.guhalg.com\/wordpress\/wp-content\/uploads\/Reisen\/Madagaskar\/dornenwald\/meerblick-1024x575.jpg\" alt=\"Meerblick\" class=\"wp-image-2029\" srcset=\"https:\/\/www.guhalg.com\/wordpress\/wp-content\/uploads\/Reisen\/Madagaskar\/dornenwald\/meerblick-1024x575.jpg 1024w, https:\/\/www.guhalg.com\/wordpress\/wp-content\/uploads\/Reisen\/Madagaskar\/dornenwald\/meerblick-300x169.jpg 300w, https:\/\/www.guhalg.com\/wordpress\/wp-content\/uploads\/Reisen\/Madagaskar\/dornenwald\/meerblick-768x432.jpg 768w, https:\/\/www.guhalg.com\/wordpress\/wp-content\/uploads\/Reisen\/Madagaskar\/dornenwald\/meerblick-1536x863.jpg 1536w, https:\/\/www.guhalg.com\/wordpress\/wp-content\/uploads\/Reisen\/Madagaskar\/dornenwald\/meerblick.jpg 1920w\" sizes=\"auto, (max-width: 1024px) 100vw, 1024px\" \/><\/a><figcaption>Meerblick<\/figcaption><\/figure><\/div>\n<\/div>\n<\/div>\n\n\n\n<div class=\"wp-block-columns is-layout-flex wp-container-core-columns-is-layout-9d6595d7 wp-block-columns-is-layout-flex\">\n<div class=\"wp-block-column is-layout-flow wp-block-column-is-layout-flow\">\n<div class=\"wp-block-buttons is-layout-flex wp-block-buttons-is-layout-flex\">\n<div class=\"wp-block-button\"><a class=\"wp-block-button__link\" href=\"https:\/\/www.guhalg.com\/wordpress\/?page_id=1988\">Der wilde Westen<\/a><\/div>\n<\/div>\n<\/div>\n\n\n\n<div class=\"wp-block-column is-layout-flow wp-block-column-is-layout-flow\">\n<div class=\"wp-block-buttons is-horizontal is-content-justification-right is-layout-flex wp-container-core-buttons-is-layout-ae2fe186 wp-block-buttons-is-layout-flex\">\n<div class=\"wp-block-button\"><a class=\"wp-block-button__link\" href=\"https:\/\/www.guhalg.com\/wordpress\/?page_id=2063\">Die R\u00fcckreise<\/a><\/div>\n<\/div>\n<\/div>\n<\/div>\n","protected":false},"excerpt":{"rendered":"<p>Gut geschlafen und nach einem ausgiebigen Fr\u00fchst\u00fcck sind wir Richtung Ifaty gestartet. Dieses war also unser letzter geplanter Urlaubstag in Madagaskar ohne zeitliche Zw\u00e4nge wie Flugzeiten, Reservetage und dergleichen. Doch das war uns an diesem Morgen noch gar nicht so&hellip; <\/p>\n","protected":false},"author":1,"featured_media":0,"parent":279,"menu_order":0,"comment_status":"closed","ping_status":"closed","template":"","meta":{"footnotes":""},"class_list":["post-2017","page","type-page","status-publish","hentry"],"_links":{"self":[{"href":"https:\/\/www.guhalg.com\/wordpress\/index.php?rest_route=\/wp\/v2\/pages\/2017","targetHints":{"allow":["GET"]}}],"collection":[{"href":"https:\/\/www.guhalg.com\/wordpress\/index.php?rest_route=\/wp\/v2\/pages"}],"about":[{"href":"https:\/\/www.guhalg.com\/wordpress\/index.php?rest_route=\/wp\/v2\/types\/page"}],"author":[{"embeddable":true,"href":"https:\/\/www.guhalg.com\/wordpress\/index.php?rest_route=\/wp\/v2\/users\/1"}],"replies":[{"embeddable":true,"href":"https:\/\/www.guhalg.com\/wordpress\/index.php?rest_route=%2Fwp%2Fv2%2Fcomments&post=2017"}],"version-history":[{"count":8,"href":"https:\/\/www.guhalg.com\/wordpress\/index.php?rest_route=\/wp\/v2\/pages\/2017\/revisions"}],"predecessor-version":[{"id":7911,"href":"https:\/\/www.guhalg.com\/wordpress\/index.php?rest_route=\/wp\/v2\/pages\/2017\/revisions\/7911"}],"up":[{"embeddable":true,"href":"https:\/\/www.guhalg.com\/wordpress\/index.php?rest_route=\/wp\/v2\/pages\/279"}],"wp:attachment":[{"href":"https:\/\/www.guhalg.com\/wordpress\/index.php?rest_route=%2Fwp%2Fv2%2Fmedia&parent=2017"}],"curies":[{"name":"wp","href":"https:\/\/api.w.org\/{rel}","templated":true}]}}