{"id":2078,"date":"2021-11-14T19:28:08","date_gmt":"2021-11-14T18:28:08","guid":{"rendered":"https:\/\/www.guhalg.com\/wordpress\/?page_id=2078"},"modified":"2024-04-16T20:49:06","modified_gmt":"2024-04-16T18:49:06","slug":"aegypten-2004","status":"publish","type":"page","link":"https:\/\/www.guhalg.com\/wordpress\/?page_id=2078","title":{"rendered":"\u00c4gypten 2004"},"content":{"rendered":"\n<p>Hallo, (Tauchsport-)Freunde,<\/p>\n\n\n\n<p>nach dem Abschluss unseres Hausbaus war dieses hier nun unser zweiter Tauchurlaub.<\/p>\n\n\n\n<p>Auch diesmal hat es uns nach \u00c4gypten verschlagen. Erst eine kurze Safari bis zu den St. Johns Riffen tief im S\u00fcden und anschlie\u00dfend noch eine Woche Tauchurlaub im Mangrove Bay bei El Quseir (Al Qusair).<\/p>\n\n\n\n<div class=\"wp-block-image\"><figure class=\"aligncenter size-large\"><a href=\"https:\/\/www.guhalg.com\/wordpress\/wp-content\/uploads\/Reisen\/2004Aegypten\/agypten.jpg\"><img loading=\"lazy\" decoding=\"async\" width=\"1024\" height=\"585\" src=\"https:\/\/www.guhalg.com\/wordpress\/wp-content\/uploads\/Reisen\/2004Aegypten\/agypten-1024x585.jpg\" alt=\"\u00c4gypten 2004\" class=\"wp-image-2082\" title=\"Urlaubsziel \u00c4gypten\" srcset=\"https:\/\/www.guhalg.com\/wordpress\/wp-content\/uploads\/Reisen\/2004Aegypten\/agypten-1024x585.jpg 1024w, https:\/\/www.guhalg.com\/wordpress\/wp-content\/uploads\/Reisen\/2004Aegypten\/agypten-300x171.jpg 300w, https:\/\/www.guhalg.com\/wordpress\/wp-content\/uploads\/Reisen\/2004Aegypten\/agypten-768x439.jpg 768w, https:\/\/www.guhalg.com\/wordpress\/wp-content\/uploads\/Reisen\/2004Aegypten\/agypten-1536x878.jpg 1536w, https:\/\/www.guhalg.com\/wordpress\/wp-content\/uploads\/Reisen\/2004Aegypten\/agypten.jpg 1920w\" sizes=\"auto, (max-width: 1024px) 100vw, 1024px\" \/><\/a><figcaption>\u00c4gypten 2004<\/figcaption><\/figure><\/div>\n\n\n\n<p>Die Nadel ganz im S\u00fcden zeigt in etwa die St. Johns Riffe, die mittlere Nadel markiert den Hafen, wo wir aufs Safari Boot, die Sea Fair, gestiegen sind und die n\u00f6rdlichere Nadel liegt auf der H\u00f6he vom Resort.<\/p>\n\n\n\n<div class=\"wp-block-image\"><figure class=\"aligncenter size-large\"><a href=\"https:\/\/www.guhalg.com\/wordpress\/wp-content\/uploads\/Reisen\/2004Aegypten\/Detail.jpg\"><img loading=\"lazy\" decoding=\"async\" width=\"1024\" height=\"963\" src=\"https:\/\/www.guhalg.com\/wordpress\/wp-content\/uploads\/Reisen\/2004Aegypten\/Detail-1024x963.jpg\" alt=\"Detailansicht\" class=\"wp-image-2083\" title=\"Detailansicht\" srcset=\"https:\/\/www.guhalg.com\/wordpress\/wp-content\/uploads\/Reisen\/2004Aegypten\/Detail-1024x963.jpg 1024w, https:\/\/www.guhalg.com\/wordpress\/wp-content\/uploads\/Reisen\/2004Aegypten\/Detail-300x282.jpg 300w, https:\/\/www.guhalg.com\/wordpress\/wp-content\/uploads\/Reisen\/2004Aegypten\/Detail-768x722.jpg 768w, https:\/\/www.guhalg.com\/wordpress\/wp-content\/uploads\/Reisen\/2004Aegypten\/Detail.jpg 1101w\" sizes=\"auto, (max-width: 1024px) 100vw, 1024px\" \/><\/a><figcaption>Detailansicht<\/figcaption><\/figure><\/div>\n\n\n\n<div class=\"wp-block-buttons is-horizontal is-content-justification-right is-layout-flex wp-container-core-buttons-is-layout-ae2fe186 wp-block-buttons-is-layout-flex\">\n<div class=\"wp-block-button\"><a class=\"wp-block-button__link\" href=\"https:\/\/www.guhalg.com\/wordpress\/?page_id=2086\">Die Anreise nach Hamata<\/a><\/div>\n<\/div>\n","protected":false},"excerpt":{"rendered":"<p>Hallo, (Tauchsport-)Freunde, nach dem Abschluss unseres Hausbaus war dieses hier nun unser zweiter Tauchurlaub. Auch diesmal hat es uns nach \u00c4gypten verschlagen. Erst eine kurze Safari bis zu den St. Johns Riffen tief im S\u00fcden und anschlie\u00dfend noch eine Woche&hellip; <\/p>\n","protected":false},"author":1,"featured_media":0,"parent":0,"menu_order":12,"comment_status":"closed","ping_status":"closed","template":"","meta":{"footnotes":""},"class_list":["post-2078","page","type-page","status-publish","hentry"],"_links":{"self":[{"href":"https:\/\/www.guhalg.com\/wordpress\/index.php?rest_route=\/wp\/v2\/pages\/2078","targetHints":{"allow":["GET"]}}],"collection":[{"href":"https:\/\/www.guhalg.com\/wordpress\/index.php?rest_route=\/wp\/v2\/pages"}],"about":[{"href":"https:\/\/www.guhalg.com\/wordpress\/index.php?rest_route=\/wp\/v2\/types\/page"}],"author":[{"embeddable":true,"href":"https:\/\/www.guhalg.com\/wordpress\/index.php?rest_route=\/wp\/v2\/users\/1"}],"replies":[{"embeddable":true,"href":"https:\/\/www.guhalg.com\/wordpress\/index.php?rest_route=%2Fwp%2Fv2%2Fcomments&post=2078"}],"version-history":[{"count":8,"href":"https:\/\/www.guhalg.com\/wordpress\/index.php?rest_route=\/wp\/v2\/pages\/2078\/revisions"}],"predecessor-version":[{"id":11204,"href":"https:\/\/www.guhalg.com\/wordpress\/index.php?rest_route=\/wp\/v2\/pages\/2078\/revisions\/11204"}],"wp:attachment":[{"href":"https:\/\/www.guhalg.com\/wordpress\/index.php?rest_route=%2Fwp%2Fv2%2Fmedia&parent=2078"}],"curies":[{"name":"wp","href":"https:\/\/api.w.org\/{rel}","templated":true}]}}