{"id":2086,"date":"2021-11-14T19:38:08","date_gmt":"2021-11-14T18:38:08","guid":{"rendered":"https:\/\/www.guhalg.com\/wordpress\/?page_id=2086"},"modified":"2021-12-17T16:25:28","modified_gmt":"2021-12-17T15:25:28","slug":"anreise-nach-hamata","status":"publish","type":"page","link":"https:\/\/www.guhalg.com\/wordpress\/?page_id=2086","title":{"rendered":"Anreise nach Hamata"},"content":{"rendered":"\n<p>Gestartet sind wir zu dieser Reise v\u00f6llig komfortabel direkt aus Hannover. Der Direktflug ging nach Marsa Alam und von dort gab es dann einen Bustransfer. In diesem kleinen Shuttlebus ging es die K\u00fcste entlang bis zum Bootsanleger in Hamata. Zwischendurch gab es an einer Art Rastst\u00e4tte einen kleinen Halt, f\u00fcr Getr\u00e4nke usw.<\/p>\n\n\n\n<div class=\"wp-block-columns is-layout-flex wp-container-core-columns-is-layout-9d6595d7 wp-block-columns-is-layout-flex\">\n<div class=\"wp-block-column is-layout-flow wp-block-column-is-layout-flow\">\n<div class=\"wp-block-image\"><figure class=\"aligncenter size-large\"><a href=\"https:\/\/www.guhalg.com\/wordpress\/wp-content\/uploads\/Reisen\/2004Aegypten\/Johns\/002-bus marsa alam hamata.jpg\"><img loading=\"lazy\" decoding=\"async\" width=\"1024\" height=\"768\" src=\"https:\/\/www.guhalg.com\/wordpress\/wp-content\/uploads\/Reisen\/2004Aegypten\/Johns\/002-bus marsa alam hamata-1024x768.jpg\" alt=\"Transferbus\" class=\"wp-image-2092\" srcset=\"https:\/\/www.guhalg.com\/wordpress\/wp-content\/uploads\/Reisen\/2004Aegypten\/Johns\/002-bus%20marsa%20alam%20hamata-1024x768.jpg 1024w, https:\/\/www.guhalg.com\/wordpress\/wp-content\/uploads\/Reisen\/2004Aegypten\/Johns\/002-bus%20marsa%20alam%20hamata-300x225.jpg 300w, https:\/\/www.guhalg.com\/wordpress\/wp-content\/uploads\/Reisen\/2004Aegypten\/Johns\/002-bus%20marsa%20alam%20hamata-768x576.jpg 768w, https:\/\/www.guhalg.com\/wordpress\/wp-content\/uploads\/Reisen\/2004Aegypten\/Johns\/002-bus%20marsa%20alam%20hamata-1536x1152.jpg 1536w, https:\/\/www.guhalg.com\/wordpress\/wp-content\/uploads\/Reisen\/2004Aegypten\/Johns\/002-bus%20marsa%20alam%20hamata.jpg 1920w\" sizes=\"auto, (max-width: 1024px) 100vw, 1024px\" \/><\/a><figcaption>Transferbus<\/figcaption><\/figure><\/div>\n<\/div>\n\n\n\n<div class=\"wp-block-column is-layout-flow wp-block-column-is-layout-flow\">\n<div class=\"wp-block-image\"><figure class=\"aligncenter size-large\"><a href=\"https:\/\/www.guhalg.com\/wordpress\/wp-content\/uploads\/Reisen\/2004Aegypten\/Johns\/003-stop in marsa alam.jpg\"><img loading=\"lazy\" decoding=\"async\" width=\"1024\" height=\"768\" src=\"https:\/\/www.guhalg.com\/wordpress\/wp-content\/uploads\/Reisen\/2004Aegypten\/Johns\/003-stop in marsa alam-1024x768.jpg\" alt=\"Rasst\u00e4tte\" class=\"wp-image-2093\" srcset=\"https:\/\/www.guhalg.com\/wordpress\/wp-content\/uploads\/Reisen\/2004Aegypten\/Johns\/003-stop%20in%20marsa%20alam-1024x768.jpg 1024w, https:\/\/www.guhalg.com\/wordpress\/wp-content\/uploads\/Reisen\/2004Aegypten\/Johns\/003-stop%20in%20marsa%20alam-300x225.jpg 300w, https:\/\/www.guhalg.com\/wordpress\/wp-content\/uploads\/Reisen\/2004Aegypten\/Johns\/003-stop%20in%20marsa%20alam-768x576.jpg 768w, https:\/\/www.guhalg.com\/wordpress\/wp-content\/uploads\/Reisen\/2004Aegypten\/Johns\/003-stop%20in%20marsa%20alam-1536x1152.jpg 1536w, https:\/\/www.guhalg.com\/wordpress\/wp-content\/uploads\/Reisen\/2004Aegypten\/Johns\/003-stop%20in%20marsa%20alam.jpg 1920w\" sizes=\"auto, (max-width: 1024px) 100vw, 1024px\" \/><\/a><figcaption>Rastst\u00e4tte<\/figcaption><\/figure><\/div>\n<\/div>\n<\/div>\n\n\n\n<p>W\u00e4hrend man ein wenig im Schatten die Beine ausstrecken konnte, einem LKW beim Reifenwechsel oder den Ziegen bei der Futtersuche&nbsp;zusah, richtete sich der Blick auch auf die Ausl\u00e4ufer von Hamata und man versteht die Unterschiede in den Lebensgewohnheiten und der Kultur.<\/p>\n\n\n\n<div class=\"wp-block-columns is-layout-flex wp-container-core-columns-is-layout-9d6595d7 wp-block-columns-is-layout-flex\">\n<div class=\"wp-block-column is-layout-flow wp-block-column-is-layout-flow\">\n<div class=\"wp-block-image\"><figure class=\"aligncenter size-large\"><a href=\"https:\/\/www.guhalg.com\/wordpress\/wp-content\/uploads\/Reisen\/2004Aegypten\/Johns\/001-radwechsel lkw.jpg\"><img loading=\"lazy\" decoding=\"async\" width=\"1024\" height=\"768\" src=\"https:\/\/www.guhalg.com\/wordpress\/wp-content\/uploads\/Reisen\/2004Aegypten\/Johns\/001-radwechsel lkw-1024x768.jpg\" alt=\"Radwechsel\" class=\"wp-image-2091\" srcset=\"https:\/\/www.guhalg.com\/wordpress\/wp-content\/uploads\/Reisen\/2004Aegypten\/Johns\/001-radwechsel%20lkw-1024x768.jpg 1024w, https:\/\/www.guhalg.com\/wordpress\/wp-content\/uploads\/Reisen\/2004Aegypten\/Johns\/001-radwechsel%20lkw-300x225.jpg 300w, https:\/\/www.guhalg.com\/wordpress\/wp-content\/uploads\/Reisen\/2004Aegypten\/Johns\/001-radwechsel%20lkw-768x576.jpg 768w, https:\/\/www.guhalg.com\/wordpress\/wp-content\/uploads\/Reisen\/2004Aegypten\/Johns\/001-radwechsel%20lkw-1536x1152.jpg 1536w, https:\/\/www.guhalg.com\/wordpress\/wp-content\/uploads\/Reisen\/2004Aegypten\/Johns\/001-radwechsel%20lkw.jpg 1920w\" sizes=\"auto, (max-width: 1024px) 100vw, 1024px\" \/><\/a><figcaption>Radwechsel<\/figcaption><\/figure><\/div>\n<\/div>\n\n\n\n<div class=\"wp-block-column is-layout-flow wp-block-column-is-layout-flow\">\n<div class=\"wp-block-image\"><figure class=\"aligncenter size-large\"><a href=\"https:\/\/www.guhalg.com\/wordpress\/wp-content\/uploads\/Reisen\/2004Aegypten\/Johns\/007-ziege am strassencafe.jpg\"><img loading=\"lazy\" decoding=\"async\" width=\"1024\" height=\"768\" src=\"https:\/\/www.guhalg.com\/wordpress\/wp-content\/uploads\/Reisen\/2004Aegypten\/Johns\/007-ziege am strassencafe-1024x768.jpg\" alt=\"Ziege am Strassencafe\" class=\"wp-image-2096\" srcset=\"https:\/\/www.guhalg.com\/wordpress\/wp-content\/uploads\/Reisen\/2004Aegypten\/Johns\/007-ziege%20am%20strassencafe-1024x768.jpg 1024w, https:\/\/www.guhalg.com\/wordpress\/wp-content\/uploads\/Reisen\/2004Aegypten\/Johns\/007-ziege%20am%20strassencafe-300x225.jpg 300w, https:\/\/www.guhalg.com\/wordpress\/wp-content\/uploads\/Reisen\/2004Aegypten\/Johns\/007-ziege%20am%20strassencafe-768x576.jpg 768w, https:\/\/www.guhalg.com\/wordpress\/wp-content\/uploads\/Reisen\/2004Aegypten\/Johns\/007-ziege%20am%20strassencafe-1536x1152.jpg 1536w, https:\/\/www.guhalg.com\/wordpress\/wp-content\/uploads\/Reisen\/2004Aegypten\/Johns\/007-ziege%20am%20strassencafe.jpg 1920w\" sizes=\"auto, (max-width: 1024px) 100vw, 1024px\" \/><\/a><figcaption>Ziege am Stra\u00dfencaf\u00e9<\/figcaption><\/figure><\/div>\n<\/div>\n<\/div>\n\n\n\n<div class=\"wp-block-columns is-layout-flex wp-container-core-columns-is-layout-9d6595d7 wp-block-columns-is-layout-flex\">\n<div class=\"wp-block-column is-layout-flow wp-block-column-is-layout-flow\">\n<div class=\"wp-block-image\"><figure class=\"aligncenter size-large\"><a href=\"https:\/\/www.guhalg.com\/wordpress\/wp-content\/uploads\/Reisen\/2004Aegypten\/Johns\/005-ziegen auf der strasse.jpg\"><img loading=\"lazy\" decoding=\"async\" width=\"1024\" height=\"768\" src=\"https:\/\/www.guhalg.com\/wordpress\/wp-content\/uploads\/Reisen\/2004Aegypten\/Johns\/005-ziegen auf der strasse-1024x768.jpg\" alt=\"Ziegen auf der Strasse\" class=\"wp-image-2095\" srcset=\"https:\/\/www.guhalg.com\/wordpress\/wp-content\/uploads\/Reisen\/2004Aegypten\/Johns\/005-ziegen%20auf%20der%20strasse-1024x768.jpg 1024w, https:\/\/www.guhalg.com\/wordpress\/wp-content\/uploads\/Reisen\/2004Aegypten\/Johns\/005-ziegen%20auf%20der%20strasse-300x225.jpg 300w, https:\/\/www.guhalg.com\/wordpress\/wp-content\/uploads\/Reisen\/2004Aegypten\/Johns\/005-ziegen%20auf%20der%20strasse-768x576.jpg 768w, https:\/\/www.guhalg.com\/wordpress\/wp-content\/uploads\/Reisen\/2004Aegypten\/Johns\/005-ziegen%20auf%20der%20strasse-1536x1152.jpg 1536w, https:\/\/www.guhalg.com\/wordpress\/wp-content\/uploads\/Reisen\/2004Aegypten\/Johns\/005-ziegen%20auf%20der%20strasse.jpg 1920w\" sizes=\"auto, (max-width: 1024px) 100vw, 1024px\" \/><\/a><figcaption>Ziegen auf der Stra\u00dfe<\/figcaption><\/figure><\/div>\n<\/div>\n\n\n\n<div class=\"wp-block-column is-layout-flow wp-block-column-is-layout-flow\">\n<div class=\"wp-block-image\"><figure class=\"aligncenter size-large\"><a href=\"https:\/\/www.guhalg.com\/wordpress\/wp-content\/uploads\/Reisen\/2004Aegypten\/Johns\/004-marsa alam strasse.jpg\"><img loading=\"lazy\" decoding=\"async\" width=\"1024\" height=\"768\" src=\"https:\/\/www.guhalg.com\/wordpress\/wp-content\/uploads\/Reisen\/2004Aegypten\/Johns\/004-marsa alam strasse-1024x768.jpg\" alt=\"Erster Eindruck Marsa Alam\" class=\"wp-image-2094\" srcset=\"https:\/\/www.guhalg.com\/wordpress\/wp-content\/uploads\/Reisen\/2004Aegypten\/Johns\/004-marsa%20alam%20strasse-1024x768.jpg 1024w, https:\/\/www.guhalg.com\/wordpress\/wp-content\/uploads\/Reisen\/2004Aegypten\/Johns\/004-marsa%20alam%20strasse-300x225.jpg 300w, https:\/\/www.guhalg.com\/wordpress\/wp-content\/uploads\/Reisen\/2004Aegypten\/Johns\/004-marsa%20alam%20strasse-768x576.jpg 768w, https:\/\/www.guhalg.com\/wordpress\/wp-content\/uploads\/Reisen\/2004Aegypten\/Johns\/004-marsa%20alam%20strasse-1536x1152.jpg 1536w, https:\/\/www.guhalg.com\/wordpress\/wp-content\/uploads\/Reisen\/2004Aegypten\/Johns\/004-marsa%20alam%20strasse.jpg 1920w\" sizes=\"auto, (max-width: 1024px) 100vw, 1024px\" \/><\/a><figcaption>Neben der Stra\u00dfe<\/figcaption><\/figure><\/div>\n<\/div>\n<\/div>\n\n\n\n<p>Nach dieser kurzen Pause ging es aber schnell weiter bis zum Bootsanleger in Hamata.<\/p>\n\n\n\n<div class=\"wp-block-columns is-layout-flex wp-container-core-columns-is-layout-9d6595d7 wp-block-columns-is-layout-flex\">\n<div class=\"wp-block-column is-layout-flow wp-block-column-is-layout-flow\">\n<div class=\"wp-block-buttons is-layout-flex wp-block-buttons-is-layout-flex\">\n<div class=\"wp-block-button\"><a class=\"wp-block-button__link\" href=\"https:\/\/www.guhalg.com\/wordpress\/?page_id=2078\">\u00c4gypten 2004<\/a><\/div>\n<\/div>\n<\/div>\n\n\n\n<div class=\"wp-block-column is-layout-flow wp-block-column-is-layout-flow\">\n<div class=\"wp-block-buttons is-content-justification-right is-layout-flex wp-block-buttons-is-layout-flex\">\n<div class=\"wp-block-button\"><a class=\"wp-block-button__link\" href=\"https:\/\/www.guhalg.com\/wordpress\/?page_id=2119\">Auf der Safari<\/a><\/div>\n<\/div>\n<\/div>\n<\/div>\n","protected":false},"excerpt":{"rendered":"<p>Gestartet sind wir zu dieser Reise v\u00f6llig komfortabel direkt aus Hannover. Der Direktflug ging nach Marsa Alam und von dort gab es dann einen Bustransfer. In diesem kleinen Shuttlebus ging es die K\u00fcste entlang bis zum Bootsanleger in Hamata. Zwischendurch&hellip; <\/p>\n","protected":false},"author":1,"featured_media":0,"parent":2078,"menu_order":1,"comment_status":"closed","ping_status":"closed","template":"","meta":{"footnotes":""},"class_list":["post-2086","page","type-page","status-publish","hentry"],"_links":{"self":[{"href":"https:\/\/www.guhalg.com\/wordpress\/index.php?rest_route=\/wp\/v2\/pages\/2086","targetHints":{"allow":["GET"]}}],"collection":[{"href":"https:\/\/www.guhalg.com\/wordpress\/index.php?rest_route=\/wp\/v2\/pages"}],"about":[{"href":"https:\/\/www.guhalg.com\/wordpress\/index.php?rest_route=\/wp\/v2\/types\/page"}],"author":[{"embeddable":true,"href":"https:\/\/www.guhalg.com\/wordpress\/index.php?rest_route=\/wp\/v2\/users\/1"}],"replies":[{"embeddable":true,"href":"https:\/\/www.guhalg.com\/wordpress\/index.php?rest_route=%2Fwp%2Fv2%2Fcomments&post=2086"}],"version-history":[{"count":8,"href":"https:\/\/www.guhalg.com\/wordpress\/index.php?rest_route=\/wp\/v2\/pages\/2086\/revisions"}],"predecessor-version":[{"id":4806,"href":"https:\/\/www.guhalg.com\/wordpress\/index.php?rest_route=\/wp\/v2\/pages\/2086\/revisions\/4806"}],"up":[{"embeddable":true,"href":"https:\/\/www.guhalg.com\/wordpress\/index.php?rest_route=\/wp\/v2\/pages\/2078"}],"wp:attachment":[{"href":"https:\/\/www.guhalg.com\/wordpress\/index.php?rest_route=%2Fwp%2Fv2%2Fmedia&parent=2086"}],"curies":[{"name":"wp","href":"https:\/\/api.w.org\/{rel}","templated":true}]}}