{"id":2119,"date":"2021-11-14T19:49:41","date_gmt":"2021-11-14T18:49:41","guid":{"rendered":"https:\/\/www.guhalg.com\/wordpress\/?page_id=2119"},"modified":"2021-12-17T16:27:25","modified_gmt":"2021-12-17T15:27:25","slug":"auf-der-safari","status":"publish","type":"page","link":"https:\/\/www.guhalg.com\/wordpress\/?page_id=2119","title":{"rendered":"Auf der Safari"},"content":{"rendered":"\n<p>In Hamata am Bootsanleger angekommen hat uns gleich das Zodiac abgeholt und zu unserer Unterkunft f\u00fcr die n\u00e4chsten 7 Tage\u00a0gebracht\u00a0&#8211;\u00a0der Sea Fair. Als wir die drei Schiffe so sch\u00f6n in Reihe gesehen hatten, dachten wir erst an einen Konvoi als Safari, doch diese Bef\u00fcrchtung trat nicht ein.<\/p>\n\n\n\n<div class=\"wp-block-columns is-layout-flex wp-container-core-columns-is-layout-9d6595d7 wp-block-columns-is-layout-flex\">\n<div class=\"wp-block-column is-layout-flow wp-block-column-is-layout-flow\">\n<div class=\"wp-block-image\"><figure class=\"aligncenter size-large\"><a href=\"https:\/\/www.guhalg.com\/wordpress\/wp-content\/uploads\/Reisen\/2004Aegypten\/Johns\/064-abreise hamata.jpg\"><img loading=\"lazy\" decoding=\"async\" width=\"1024\" height=\"768\" src=\"https:\/\/www.guhalg.com\/wordpress\/wp-content\/uploads\/Reisen\/2004Aegypten\/Johns\/064-abreise hamata-1024x768.jpg\" alt=\"Abreise Hamata\" class=\"wp-image-2109\" srcset=\"https:\/\/www.guhalg.com\/wordpress\/wp-content\/uploads\/Reisen\/2004Aegypten\/Johns\/064-abreise%20hamata-1024x768.jpg 1024w, https:\/\/www.guhalg.com\/wordpress\/wp-content\/uploads\/Reisen\/2004Aegypten\/Johns\/064-abreise%20hamata-300x225.jpg 300w, https:\/\/www.guhalg.com\/wordpress\/wp-content\/uploads\/Reisen\/2004Aegypten\/Johns\/064-abreise%20hamata-768x576.jpg 768w, https:\/\/www.guhalg.com\/wordpress\/wp-content\/uploads\/Reisen\/2004Aegypten\/Johns\/064-abreise%20hamata-1536x1152.jpg 1536w, https:\/\/www.guhalg.com\/wordpress\/wp-content\/uploads\/Reisen\/2004Aegypten\/Johns\/064-abreise%20hamata.jpg 1920w\" sizes=\"auto, (max-width: 1024px) 100vw, 1024px\" \/><\/a><figcaption>Abreise Hamata<\/figcaption><\/figure><\/div>\n<\/div>\n\n\n\n<div class=\"wp-block-column is-layout-flow wp-block-column-is-layout-flow\">\n<div class=\"wp-block-image\"><figure class=\"aligncenter size-large\"><a href=\"https:\/\/www.guhalg.com\/wordpress\/wp-content\/uploads\/Reisen\/2004Aegypten\/Johns\/077-sea fair.jpg\"><img loading=\"lazy\" decoding=\"async\" width=\"1024\" height=\"768\" src=\"https:\/\/www.guhalg.com\/wordpress\/wp-content\/uploads\/Reisen\/2004Aegypten\/Johns\/077-sea fair-1024x768.jpg\" alt=\"Die Sea Fair\" class=\"wp-image-2112\" srcset=\"https:\/\/www.guhalg.com\/wordpress\/wp-content\/uploads\/Reisen\/2004Aegypten\/Johns\/077-sea%20fair-1024x768.jpg 1024w, https:\/\/www.guhalg.com\/wordpress\/wp-content\/uploads\/Reisen\/2004Aegypten\/Johns\/077-sea%20fair-300x225.jpg 300w, https:\/\/www.guhalg.com\/wordpress\/wp-content\/uploads\/Reisen\/2004Aegypten\/Johns\/077-sea%20fair-768x576.jpg 768w, https:\/\/www.guhalg.com\/wordpress\/wp-content\/uploads\/Reisen\/2004Aegypten\/Johns\/077-sea%20fair-1536x1152.jpg 1536w, https:\/\/www.guhalg.com\/wordpress\/wp-content\/uploads\/Reisen\/2004Aegypten\/Johns\/077-sea%20fair.jpg 1920w\" sizes=\"auto, (max-width: 1024px) 100vw, 1024px\" \/><\/a><figcaption>Die Sea Fair<\/figcaption><\/figure><\/div>\n<\/div>\n<\/div>\n\n\n\n<p>Daf\u00fcr hatten wir es w\u00e4hrend der Safari immer wieder mit schlechtem Wetter zu tun. Da hat uns auch das Ankern im Riffschatten nicht immer vor der Schaukelei bewahrt. Der Wind bl\u00e4st einfach \u00fcbers Riff, wie man sch\u00f6n an den wehenden Tauchanz\u00fcgen sieht. Aber dieses hatte auch sein Gutes &#8211; die Anz\u00fcge waren meist zum n\u00e4chsten Tauchgang wieder trocken.<\/p>\n\n\n\n<div class=\"wp-block-columns is-layout-flex wp-container-core-columns-is-layout-9d6595d7 wp-block-columns-is-layout-flex\">\n<div class=\"wp-block-column is-layout-flow wp-block-column-is-layout-flow\">\n<div class=\"wp-block-image\"><figure class=\"aligncenter size-large\"><a href=\"https:\/\/www.guhalg.com\/wordpress\/wp-content\/uploads\/Reisen\/2004Aegypten\/Johns\/044-rauhes meer.jpg\"><img loading=\"lazy\" decoding=\"async\" width=\"1024\" height=\"768\" src=\"https:\/\/www.guhalg.com\/wordpress\/wp-content\/uploads\/Reisen\/2004Aegypten\/Johns\/044-rauhes meer-1024x768.jpg\" alt=\"Rauhes Meer\" class=\"wp-image-2103\" srcset=\"https:\/\/www.guhalg.com\/wordpress\/wp-content\/uploads\/Reisen\/2004Aegypten\/Johns\/044-rauhes%20meer-1024x768.jpg 1024w, https:\/\/www.guhalg.com\/wordpress\/wp-content\/uploads\/Reisen\/2004Aegypten\/Johns\/044-rauhes%20meer-300x225.jpg 300w, https:\/\/www.guhalg.com\/wordpress\/wp-content\/uploads\/Reisen\/2004Aegypten\/Johns\/044-rauhes%20meer-768x576.jpg 768w, https:\/\/www.guhalg.com\/wordpress\/wp-content\/uploads\/Reisen\/2004Aegypten\/Johns\/044-rauhes%20meer-1536x1152.jpg 1536w, https:\/\/www.guhalg.com\/wordpress\/wp-content\/uploads\/Reisen\/2004Aegypten\/Johns\/044-rauhes%20meer.jpg 1920w\" sizes=\"auto, (max-width: 1024px) 100vw, 1024px\" \/><\/a><figcaption>Rauhes Meer<\/figcaption><\/figure><\/div>\n<\/div>\n\n\n\n<div class=\"wp-block-column is-layout-flow wp-block-column-is-layout-flow\">\n<div class=\"wp-block-image\"><figure class=\"aligncenter size-large\"><a href=\"https:\/\/www.guhalg.com\/wordpress\/wp-content\/uploads\/Reisen\/2004Aegypten\/Johns\/058-tauchdeck.jpg\"><img loading=\"lazy\" decoding=\"async\" width=\"1024\" height=\"768\" src=\"https:\/\/www.guhalg.com\/wordpress\/wp-content\/uploads\/Reisen\/2004Aegypten\/Johns\/058-tauchdeck-1024x768.jpg\" alt=\"Wehende Anz\u00fcge\" class=\"wp-image-2108\" srcset=\"https:\/\/www.guhalg.com\/wordpress\/wp-content\/uploads\/Reisen\/2004Aegypten\/Johns\/058-tauchdeck-1024x768.jpg 1024w, https:\/\/www.guhalg.com\/wordpress\/wp-content\/uploads\/Reisen\/2004Aegypten\/Johns\/058-tauchdeck-300x225.jpg 300w, https:\/\/www.guhalg.com\/wordpress\/wp-content\/uploads\/Reisen\/2004Aegypten\/Johns\/058-tauchdeck-768x576.jpg 768w, https:\/\/www.guhalg.com\/wordpress\/wp-content\/uploads\/Reisen\/2004Aegypten\/Johns\/058-tauchdeck-1536x1152.jpg 1536w, https:\/\/www.guhalg.com\/wordpress\/wp-content\/uploads\/Reisen\/2004Aegypten\/Johns\/058-tauchdeck.jpg 1920w\" sizes=\"auto, (max-width: 1024px) 100vw, 1024px\" \/><\/a><figcaption>Wehende Anz\u00fcge<\/figcaption><\/figure><\/div>\n<\/div>\n<\/div>\n\n\n\n<p>Aber meistens hatten wir doch Sonnenschein und konnten an wunderbaren Tauchpl\u00e4tzen die Unterwasserwelt genie\u00dfen. Insbesondere hat man ja auf Safaris meist jeden Abend die Gelegenheit zu Nachttauchg\u00e4ngen und dieses haben nat\u00fcrlich ausgiebig genutzt.<\/p>\n\n\n\n<p>Wenn man dann so fertig anger\u00f6delt ist, ab zum Sprung, ins Wasser, ein OK beim letzten Check und schon ist man weg.<\/p>\n\n\n\n<div class=\"wp-block-columns is-layout-flex wp-container-core-columns-is-layout-9d6595d7 wp-block-columns-is-layout-flex\">\n<div class=\"wp-block-column is-layout-flow wp-block-column-is-layout-flow\">\n<div class=\"wp-block-image\"><figure class=\"aligncenter size-large\"><a href=\"https:\/\/www.guhalg.com\/wordpress\/wp-content\/uploads\/Reisen\/2004Aegypten\/Johns\/032-horst und chrischi tauchdeck.jpg\"><img loading=\"lazy\" decoding=\"async\" width=\"1024\" height=\"768\" src=\"https:\/\/www.guhalg.com\/wordpress\/wp-content\/uploads\/Reisen\/2004Aegypten\/Johns\/032-horst und chrischi tauchdeck-1024x768.jpg\" alt=\"Fertig angezogen\" class=\"wp-image-2099\" srcset=\"https:\/\/www.guhalg.com\/wordpress\/wp-content\/uploads\/Reisen\/2004Aegypten\/Johns\/032-horst%20und%20chrischi%20tauchdeck-1024x768.jpg 1024w, https:\/\/www.guhalg.com\/wordpress\/wp-content\/uploads\/Reisen\/2004Aegypten\/Johns\/032-horst%20und%20chrischi%20tauchdeck-300x225.jpg 300w, https:\/\/www.guhalg.com\/wordpress\/wp-content\/uploads\/Reisen\/2004Aegypten\/Johns\/032-horst%20und%20chrischi%20tauchdeck-768x576.jpg 768w, https:\/\/www.guhalg.com\/wordpress\/wp-content\/uploads\/Reisen\/2004Aegypten\/Johns\/032-horst%20und%20chrischi%20tauchdeck-1536x1152.jpg 1536w, https:\/\/www.guhalg.com\/wordpress\/wp-content\/uploads\/Reisen\/2004Aegypten\/Johns\/032-horst%20und%20chrischi%20tauchdeck.jpg 1920w\" sizes=\"auto, (max-width: 1024px) 100vw, 1024px\" \/><\/a><figcaption>Fertig angezogen<\/figcaption><\/figure><\/div>\n<\/div>\n\n\n\n<div class=\"wp-block-column is-layout-flow wp-block-column-is-layout-flow\">\n<div class=\"wp-block-image\"><figure class=\"aligncenter size-large\"><a href=\"https:\/\/www.guhalg.com\/wordpress\/wp-content\/uploads\/Reisen\/2004Aegypten\/Johns\/036-horst und chrischi tauchdeck.jpg\"><img loading=\"lazy\" decoding=\"async\" width=\"1024\" height=\"768\" src=\"https:\/\/www.guhalg.com\/wordpress\/wp-content\/uploads\/Reisen\/2004Aegypten\/Johns\/036-horst und chrischi tauchdeck-1024x768.jpg\" alt=\"Ab zum Sprung\" class=\"wp-image-2100\" srcset=\"https:\/\/www.guhalg.com\/wordpress\/wp-content\/uploads\/Reisen\/2004Aegypten\/Johns\/036-horst%20und%20chrischi%20tauchdeck-1024x768.jpg 1024w, https:\/\/www.guhalg.com\/wordpress\/wp-content\/uploads\/Reisen\/2004Aegypten\/Johns\/036-horst%20und%20chrischi%20tauchdeck-300x225.jpg 300w, https:\/\/www.guhalg.com\/wordpress\/wp-content\/uploads\/Reisen\/2004Aegypten\/Johns\/036-horst%20und%20chrischi%20tauchdeck-768x576.jpg 768w, https:\/\/www.guhalg.com\/wordpress\/wp-content\/uploads\/Reisen\/2004Aegypten\/Johns\/036-horst%20und%20chrischi%20tauchdeck-1536x1152.jpg 1536w, https:\/\/www.guhalg.com\/wordpress\/wp-content\/uploads\/Reisen\/2004Aegypten\/Johns\/036-horst%20und%20chrischi%20tauchdeck.jpg 1920w\" sizes=\"auto, (max-width: 1024px) 100vw, 1024px\" \/><\/a><figcaption>Ab zum Sprung<\/figcaption><\/figure><\/div>\n<\/div>\n<\/div>\n\n\n\n<div class=\"wp-block-columns is-layout-flex wp-container-core-columns-is-layout-9d6595d7 wp-block-columns-is-layout-flex\">\n<div class=\"wp-block-column is-layout-flow wp-block-column-is-layout-flow\">\n<div class=\"wp-block-image\"><figure class=\"aligncenter size-large\"><a href=\"https:\/\/www.guhalg.com\/wordpress\/wp-content\/uploads\/Reisen\/2004Aegypten\/Johns\/038-horst und chrischi tauchen ab.jpg\"><img loading=\"lazy\" decoding=\"async\" width=\"1024\" height=\"768\" src=\"https:\/\/www.guhalg.com\/wordpress\/wp-content\/uploads\/Reisen\/2004Aegypten\/Johns\/038-horst und chrischi tauchen ab-1024x768.jpg\" alt=\"Alles OK\" class=\"wp-image-2101\" srcset=\"https:\/\/www.guhalg.com\/wordpress\/wp-content\/uploads\/Reisen\/2004Aegypten\/Johns\/038-horst%20und%20chrischi%20tauchen%20ab-1024x768.jpg 1024w, https:\/\/www.guhalg.com\/wordpress\/wp-content\/uploads\/Reisen\/2004Aegypten\/Johns\/038-horst%20und%20chrischi%20tauchen%20ab-300x225.jpg 300w, https:\/\/www.guhalg.com\/wordpress\/wp-content\/uploads\/Reisen\/2004Aegypten\/Johns\/038-horst%20und%20chrischi%20tauchen%20ab-768x576.jpg 768w, https:\/\/www.guhalg.com\/wordpress\/wp-content\/uploads\/Reisen\/2004Aegypten\/Johns\/038-horst%20und%20chrischi%20tauchen%20ab-1536x1152.jpg 1536w, https:\/\/www.guhalg.com\/wordpress\/wp-content\/uploads\/Reisen\/2004Aegypten\/Johns\/038-horst%20und%20chrischi%20tauchen%20ab.jpg 1920w\" sizes=\"auto, (max-width: 1024px) 100vw, 1024px\" \/><\/a><figcaption>Alles OK<\/figcaption><\/figure><\/div>\n<\/div>\n\n\n\n<div class=\"wp-block-column is-layout-flow wp-block-column-is-layout-flow\">\n<div class=\"wp-block-image\"><figure class=\"aligncenter size-large\"><a href=\"https:\/\/www.guhalg.com\/wordpress\/wp-content\/uploads\/Reisen\/2004Aegypten\/Johns\/039-horst und chrischi tauchen ab.jpg\"><img loading=\"lazy\" decoding=\"async\" width=\"1024\" height=\"768\" src=\"https:\/\/www.guhalg.com\/wordpress\/wp-content\/uploads\/Reisen\/2004Aegypten\/Johns\/039-horst und chrischi tauchen ab-1024x768.jpg\" alt=\"Untergetaucht\" class=\"wp-image-2102\" srcset=\"https:\/\/www.guhalg.com\/wordpress\/wp-content\/uploads\/Reisen\/2004Aegypten\/Johns\/039-horst%20und%20chrischi%20tauchen%20ab-1024x768.jpg 1024w, https:\/\/www.guhalg.com\/wordpress\/wp-content\/uploads\/Reisen\/2004Aegypten\/Johns\/039-horst%20und%20chrischi%20tauchen%20ab-300x225.jpg 300w, https:\/\/www.guhalg.com\/wordpress\/wp-content\/uploads\/Reisen\/2004Aegypten\/Johns\/039-horst%20und%20chrischi%20tauchen%20ab-768x576.jpg 768w, https:\/\/www.guhalg.com\/wordpress\/wp-content\/uploads\/Reisen\/2004Aegypten\/Johns\/039-horst%20und%20chrischi%20tauchen%20ab-1536x1152.jpg 1536w, https:\/\/www.guhalg.com\/wordpress\/wp-content\/uploads\/Reisen\/2004Aegypten\/Johns\/039-horst%20und%20chrischi%20tauchen%20ab.jpg 1920w\" sizes=\"auto, (max-width: 1024px) 100vw, 1024px\" \/><\/a><figcaption>Untergetaucht<\/figcaption><\/figure><\/div>\n<\/div>\n<\/div>\n\n\n\n<p>Ja, und nach so einem Tauchgang, wenn es denn ein Geburtstagskind an Bord gibt, dann erwartet dieses Geburtstagskind ein frisch gebackener Kuchen und es darf ein wenig gefeiert werden.<\/p>\n\n\n\n<div class=\"wp-block-columns is-layout-flex wp-container-core-columns-is-layout-9d6595d7 wp-block-columns-is-layout-flex\">\n<div class=\"wp-block-column is-layout-flow wp-block-column-is-layout-flow\">\n<div class=\"wp-block-image\"><figure class=\"aligncenter size-large\"><a href=\"https:\/\/www.guhalg.com\/wordpress\/wp-content\/uploads\/Reisen\/2004Aegypten\/Johns\/011-geburtstagstorte.jpg\"><img loading=\"lazy\" decoding=\"async\" width=\"1024\" height=\"768\" src=\"https:\/\/www.guhalg.com\/wordpress\/wp-content\/uploads\/Reisen\/2004Aegypten\/Johns\/011-geburtstagstorte-1024x768.jpg\" alt=\"Geburtstagstorte\" class=\"wp-image-2097\" srcset=\"https:\/\/www.guhalg.com\/wordpress\/wp-content\/uploads\/Reisen\/2004Aegypten\/Johns\/011-geburtstagstorte-1024x768.jpg 1024w, https:\/\/www.guhalg.com\/wordpress\/wp-content\/uploads\/Reisen\/2004Aegypten\/Johns\/011-geburtstagstorte-300x225.jpg 300w, https:\/\/www.guhalg.com\/wordpress\/wp-content\/uploads\/Reisen\/2004Aegypten\/Johns\/011-geburtstagstorte-768x576.jpg 768w, https:\/\/www.guhalg.com\/wordpress\/wp-content\/uploads\/Reisen\/2004Aegypten\/Johns\/011-geburtstagstorte-1536x1152.jpg 1536w, https:\/\/www.guhalg.com\/wordpress\/wp-content\/uploads\/Reisen\/2004Aegypten\/Johns\/011-geburtstagstorte.jpg 1920w\" sizes=\"auto, (max-width: 1024px) 100vw, 1024px\" \/><\/a><figcaption>Geburtstagstorte<\/figcaption><\/figure><\/div>\n<\/div>\n\n\n\n<div class=\"wp-block-column is-layout-flow wp-block-column-is-layout-flow\">\n<div class=\"wp-block-image\"><figure class=\"aligncenter size-large\"><a href=\"https:\/\/www.guhalg.com\/wordpress\/wp-content\/uploads\/Reisen\/2004Aegypten\/Johns\/017-party.jpg\"><img loading=\"lazy\" decoding=\"async\" width=\"1024\" height=\"768\" src=\"https:\/\/www.guhalg.com\/wordpress\/wp-content\/uploads\/Reisen\/2004Aegypten\/Johns\/017-party-1024x768.jpg\" alt=\"Party\" class=\"wp-image-2098\" srcset=\"https:\/\/www.guhalg.com\/wordpress\/wp-content\/uploads\/Reisen\/2004Aegypten\/Johns\/017-party-1024x768.jpg 1024w, https:\/\/www.guhalg.com\/wordpress\/wp-content\/uploads\/Reisen\/2004Aegypten\/Johns\/017-party-300x225.jpg 300w, https:\/\/www.guhalg.com\/wordpress\/wp-content\/uploads\/Reisen\/2004Aegypten\/Johns\/017-party-768x576.jpg 768w, https:\/\/www.guhalg.com\/wordpress\/wp-content\/uploads\/Reisen\/2004Aegypten\/Johns\/017-party-1536x1152.jpg 1536w, https:\/\/www.guhalg.com\/wordpress\/wp-content\/uploads\/Reisen\/2004Aegypten\/Johns\/017-party.jpg 1920w\" sizes=\"auto, (max-width: 1024px) 100vw, 1024px\" \/><\/a><figcaption>Party<\/figcaption><\/figure><\/div>\n<\/div>\n<\/div>\n\n\n\n<div class=\"wp-block-columns is-layout-flex wp-container-core-columns-is-layout-9d6595d7 wp-block-columns-is-layout-flex\">\n<div class=\"wp-block-column is-layout-flow wp-block-column-is-layout-flow\">\n<div class=\"wp-block-buttons is-layout-flex wp-block-buttons-is-layout-flex\">\n<div class=\"wp-block-button\"><a class=\"wp-block-button__link\" href=\"https:\/\/www.guhalg.com\/wordpress\/?page_id=2086\">Anreise nach Hamata<\/a><\/div>\n<\/div>\n<\/div>\n\n\n\n<div class=\"wp-block-column is-layout-flow wp-block-column-is-layout-flow\">\n<div class=\"wp-block-buttons is-content-justification-right is-layout-flex wp-block-buttons-is-layout-flex\">\n<div class=\"wp-block-button\"><a class=\"wp-block-button__link\" href=\"https:\/\/www.guhalg.com\/wordpress\/?page_id=2129\">Umzug ins Resort<\/a><\/div>\n<\/div>\n<\/div>\n<\/div>\n","protected":false},"excerpt":{"rendered":"<p>In Hamata am Bootsanleger angekommen hat uns gleich das Zodiac abgeholt und zu unserer Unterkunft f\u00fcr die n\u00e4chsten 7 Tage\u00a0gebracht\u00a0&#8211;\u00a0der Sea Fair. Als wir die drei Schiffe so sch\u00f6n in Reihe gesehen hatten, dachten wir erst an einen Konvoi als&hellip; <\/p>\n","protected":false},"author":1,"featured_media":0,"parent":2078,"menu_order":2,"comment_status":"closed","ping_status":"closed","template":"","meta":{"footnotes":""},"class_list":["post-2119","page","type-page","status-publish","hentry"],"_links":{"self":[{"href":"https:\/\/www.guhalg.com\/wordpress\/index.php?rest_route=\/wp\/v2\/pages\/2119","targetHints":{"allow":["GET"]}}],"collection":[{"href":"https:\/\/www.guhalg.com\/wordpress\/index.php?rest_route=\/wp\/v2\/pages"}],"about":[{"href":"https:\/\/www.guhalg.com\/wordpress\/index.php?rest_route=\/wp\/v2\/types\/page"}],"author":[{"embeddable":true,"href":"https:\/\/www.guhalg.com\/wordpress\/index.php?rest_route=\/wp\/v2\/users\/1"}],"replies":[{"embeddable":true,"href":"https:\/\/www.guhalg.com\/wordpress\/index.php?rest_route=%2Fwp%2Fv2%2Fcomments&post=2119"}],"version-history":[{"count":6,"href":"https:\/\/www.guhalg.com\/wordpress\/index.php?rest_route=\/wp\/v2\/pages\/2119\/revisions"}],"predecessor-version":[{"id":4807,"href":"https:\/\/www.guhalg.com\/wordpress\/index.php?rest_route=\/wp\/v2\/pages\/2119\/revisions\/4807"}],"up":[{"embeddable":true,"href":"https:\/\/www.guhalg.com\/wordpress\/index.php?rest_route=\/wp\/v2\/pages\/2078"}],"wp:attachment":[{"href":"https:\/\/www.guhalg.com\/wordpress\/index.php?rest_route=%2Fwp%2Fv2%2Fmedia&parent=2119"}],"curies":[{"name":"wp","href":"https:\/\/api.w.org\/{rel}","templated":true}]}}