{"id":2129,"date":"2021-11-14T20:19:52","date_gmt":"2021-11-14T19:19:52","guid":{"rendered":"https:\/\/www.guhalg.com\/wordpress\/?page_id=2129"},"modified":"2021-12-17T16:30:26","modified_gmt":"2021-12-17T15:30:26","slug":"umzug-ins-resort","status":"publish","type":"page","link":"https:\/\/www.guhalg.com\/wordpress\/?page_id=2129","title":{"rendered":"Umzug ins Resort"},"content":{"rendered":"\n<p>Mit dem vielen Tauchen und (etwas) Feiern ging die Woche Safari mal wieder viel zu schnell vorbei und die Sea Fair n\u00e4herte sich dem Hafen von Hamata. Wir haben also unsere Sachen zusammengepackt und wurden per Zodiac die letzten Meter zum Hafen zur\u00fcckgebracht. Obwohl es eigentlich an diesem Hafen, au\u00dfer der Betonplatte im Meer, nichts gab, befanden sich doch einige Leute hier. Ob diese nun etwas mit den Schiffen zu tun hatten, z.B. beim Betanken oder vielleicht auch nur die Touristen als Abwechslung f\u00fcr ihren Tagesablauf gesehen haben, wir k\u00f6nnen es nicht wirklich sagen. Aber auch einige Kinder und Jugendliche standen und spielten herum, einer versuchte dabei sein Fahrrad zu reparieren, war aber angesichts der technischen M\u00f6glichkeiten, zumindest bis zu unserer Weiterreise, nicht besonders erfolgreich.<\/p>\n\n\n\n<div class=\"wp-block-columns is-layout-flex wp-container-core-columns-is-layout-9d6595d7 wp-block-columns-is-layout-flex\">\n<div class=\"wp-block-column is-layout-flow wp-block-column-is-layout-flow\">\n<figure class=\"wp-block-image size-large\"><img loading=\"lazy\" decoding=\"async\" width=\"1024\" height=\"768\" src=\"https:\/\/www.guhalg.com\/wordpress\/wp-content\/uploads\/Reisen\/2004Aegypten\/Johns\/069-hamata-1024x768.jpg\" alt=\"Hamata\" class=\"wp-image-2110\" srcset=\"https:\/\/www.guhalg.com\/wordpress\/wp-content\/uploads\/Reisen\/2004Aegypten\/Johns\/069-hamata-1024x768.jpg 1024w, https:\/\/www.guhalg.com\/wordpress\/wp-content\/uploads\/Reisen\/2004Aegypten\/Johns\/069-hamata-300x225.jpg 300w, https:\/\/www.guhalg.com\/wordpress\/wp-content\/uploads\/Reisen\/2004Aegypten\/Johns\/069-hamata-768x576.jpg 768w, https:\/\/www.guhalg.com\/wordpress\/wp-content\/uploads\/Reisen\/2004Aegypten\/Johns\/069-hamata-1536x1152.jpg 1536w, https:\/\/www.guhalg.com\/wordpress\/wp-content\/uploads\/Reisen\/2004Aegypten\/Johns\/069-hamata.jpg 1920w\" sizes=\"auto, (max-width: 1024px) 100vw, 1024px\" \/><figcaption>Hamata<\/figcaption><\/figure>\n<\/div>\n\n\n\n<div class=\"wp-block-column is-layout-flow wp-block-column-is-layout-flow\">\n<div class=\"wp-block-image\"><figure class=\"aligncenter size-large\"><a href=\"https:\/\/www.guhalg.com\/wordpress\/wp-content\/uploads\/Reisen\/2004Aegypten\/Johns\/078-lkw.jpg\"><img loading=\"lazy\" decoding=\"async\" width=\"1024\" height=\"768\" src=\"https:\/\/www.guhalg.com\/wordpress\/wp-content\/uploads\/Reisen\/2004Aegypten\/Johns\/078-lkw-1024x768.jpg\" alt=\"LKW\" class=\"wp-image-2113\" srcset=\"https:\/\/www.guhalg.com\/wordpress\/wp-content\/uploads\/Reisen\/2004Aegypten\/Johns\/078-lkw-1024x768.jpg 1024w, https:\/\/www.guhalg.com\/wordpress\/wp-content\/uploads\/Reisen\/2004Aegypten\/Johns\/078-lkw-300x225.jpg 300w, https:\/\/www.guhalg.com\/wordpress\/wp-content\/uploads\/Reisen\/2004Aegypten\/Johns\/078-lkw-768x576.jpg 768w, https:\/\/www.guhalg.com\/wordpress\/wp-content\/uploads\/Reisen\/2004Aegypten\/Johns\/078-lkw-1536x1152.jpg 1536w, https:\/\/www.guhalg.com\/wordpress\/wp-content\/uploads\/Reisen\/2004Aegypten\/Johns\/078-lkw.jpg 1920w\" sizes=\"auto, (max-width: 1024px) 100vw, 1024px\" \/><\/a><figcaption>LKW<\/figcaption><\/figure><\/div>\n<\/div>\n\n\n\n<div class=\"wp-block-column is-layout-flow wp-block-column-is-layout-flow\">\n<div class=\"wp-block-image\"><figure class=\"aligncenter size-large\"><a href=\"https:\/\/www.guhalg.com\/wordpress\/wp-content\/uploads\/Reisen\/2004Aegypten\/Johns\/075-steinzeit reparatur.jpg\"><img loading=\"lazy\" decoding=\"async\" width=\"1024\" height=\"768\" src=\"https:\/\/www.guhalg.com\/wordpress\/wp-content\/uploads\/Reisen\/2004Aegypten\/Johns\/075-steinzeit reparatur-1024x768.jpg\" alt=\"Fahrrad Reparatur\" class=\"wp-image-2111\" srcset=\"https:\/\/www.guhalg.com\/wordpress\/wp-content\/uploads\/Reisen\/2004Aegypten\/Johns\/075-steinzeit%20reparatur-1024x768.jpg 1024w, https:\/\/www.guhalg.com\/wordpress\/wp-content\/uploads\/Reisen\/2004Aegypten\/Johns\/075-steinzeit%20reparatur-300x225.jpg 300w, https:\/\/www.guhalg.com\/wordpress\/wp-content\/uploads\/Reisen\/2004Aegypten\/Johns\/075-steinzeit%20reparatur-768x576.jpg 768w, https:\/\/www.guhalg.com\/wordpress\/wp-content\/uploads\/Reisen\/2004Aegypten\/Johns\/075-steinzeit%20reparatur-1536x1152.jpg 1536w, https:\/\/www.guhalg.com\/wordpress\/wp-content\/uploads\/Reisen\/2004Aegypten\/Johns\/075-steinzeit%20reparatur.jpg 1920w\" sizes=\"auto, (max-width: 1024px) 100vw, 1024px\" \/><\/a><figcaption>Fahrrad Reparatur<\/figcaption><\/figure><\/div>\n<\/div>\n<\/div>\n\n\n\n<p>Nachdem alle wieder festen Boden unter den F\u00fc\u00dfen hatten, ging es auch ganz schnell mit der Verabschiedung und der Weiterfahrt. Schlie\u00dflich musste der Flieger in Marsa Alam von einigen erreicht werden. Obwohl bei der Abfahrt aufs Tempo gedr\u00fcckt wurde, war die Fahrt dann aber doch wieder mit einer Pause verbunden, vermutlich erh\u00e4lt der Fahrer ein Trinkgeld, wenn er G\u00e4ste bringt und er wollte nicht in die Gefahr laufen, das wir aufgrund von Zeitmangel auf die Pause verzichten. Wie dem auch sei, wir hatten wieder Zeit die Beine lang zu strecken und das Geschehen am Rastplatz zu beobachten, wobei, erw\u00e4hnenswert ist nur der Kameltransport.<\/p>\n\n\n\n<div class=\"wp-block-columns is-layout-flex wp-container-core-columns-is-layout-9d6595d7 wp-block-columns-is-layout-flex\">\n<div class=\"wp-block-column is-layout-flow wp-block-column-is-layout-flow\">\n<div class=\"wp-block-image\"><figure class=\"aligncenter size-large\"><a href=\"https:\/\/www.guhalg.com\/wordpress\/wp-content\/uploads\/Reisen\/2004Aegypten\/Johns\/086-kamele auf lkw.jpg\"><img loading=\"lazy\" decoding=\"async\" width=\"1024\" height=\"768\" src=\"https:\/\/www.guhalg.com\/wordpress\/wp-content\/uploads\/Reisen\/2004Aegypten\/Johns\/086-kamele auf lkw-1024x768.jpg\" alt=\"Kamele auf LKW\" class=\"wp-image-2115\" srcset=\"https:\/\/www.guhalg.com\/wordpress\/wp-content\/uploads\/Reisen\/2004Aegypten\/Johns\/086-kamele%20auf%20lkw-1024x768.jpg 1024w, https:\/\/www.guhalg.com\/wordpress\/wp-content\/uploads\/Reisen\/2004Aegypten\/Johns\/086-kamele%20auf%20lkw-300x225.jpg 300w, https:\/\/www.guhalg.com\/wordpress\/wp-content\/uploads\/Reisen\/2004Aegypten\/Johns\/086-kamele%20auf%20lkw-768x576.jpg 768w, https:\/\/www.guhalg.com\/wordpress\/wp-content\/uploads\/Reisen\/2004Aegypten\/Johns\/086-kamele%20auf%20lkw-1536x1152.jpg 1536w, https:\/\/www.guhalg.com\/wordpress\/wp-content\/uploads\/Reisen\/2004Aegypten\/Johns\/086-kamele%20auf%20lkw.jpg 1920w\" sizes=\"auto, (max-width: 1024px) 100vw, 1024px\" \/><\/a><figcaption>Kamele auf LKW<\/figcaption><\/figure><\/div>\n<\/div>\n\n\n\n<div class=\"wp-block-column is-layout-flow wp-block-column-is-layout-flow\">\n<div class=\"wp-block-image\"><figure class=\"aligncenter size-large\"><a href=\"https:\/\/www.guhalg.com\/wordpress\/wp-content\/uploads\/Reisen\/2004Aegypten\/Johns\/081-kamele auf lkw.jpg\"><img loading=\"lazy\" decoding=\"async\" width=\"1024\" height=\"768\" src=\"https:\/\/www.guhalg.com\/wordpress\/wp-content\/uploads\/Reisen\/2004Aegypten\/Johns\/081-kamele auf lkw-1024x768.jpg\" alt=\"Gem\u00fctstiere\" class=\"wp-image-2114\" srcset=\"https:\/\/www.guhalg.com\/wordpress\/wp-content\/uploads\/Reisen\/2004Aegypten\/Johns\/081-kamele%20auf%20lkw-1024x768.jpg 1024w, https:\/\/www.guhalg.com\/wordpress\/wp-content\/uploads\/Reisen\/2004Aegypten\/Johns\/081-kamele%20auf%20lkw-300x225.jpg 300w, https:\/\/www.guhalg.com\/wordpress\/wp-content\/uploads\/Reisen\/2004Aegypten\/Johns\/081-kamele%20auf%20lkw-768x576.jpg 768w, https:\/\/www.guhalg.com\/wordpress\/wp-content\/uploads\/Reisen\/2004Aegypten\/Johns\/081-kamele%20auf%20lkw-1536x1152.jpg 1536w, https:\/\/www.guhalg.com\/wordpress\/wp-content\/uploads\/Reisen\/2004Aegypten\/Johns\/081-kamele%20auf%20lkw.jpg 1920w\" sizes=\"auto, (max-width: 1024px) 100vw, 1024px\" \/><\/a><figcaption>Gem\u00fctstiere<\/figcaption><\/figure><\/div>\n<\/div>\n<\/div>\n\n\n\n<p>Nachdem wir die anderen Taucher am Flughafen abgeliefert hatten, ging es f\u00fcr uns gl\u00fccklicherweise weiter. Wir hatten noch eine Woche Tauchen im Mangove Bay.<\/p>\n\n\n\n<div class=\"wp-block-columns is-layout-flex wp-container-core-columns-is-layout-9d6595d7 wp-block-columns-is-layout-flex\">\n<div class=\"wp-block-column is-layout-flow wp-block-column-is-layout-flow\">\n<div class=\"wp-block-buttons is-layout-flex wp-block-buttons-is-layout-flex\">\n<div class=\"wp-block-button\"><a class=\"wp-block-button__link\" href=\"https:\/\/www.guhalg.com\/wordpress\/?page_id=2119\">Auf der Safari<\/a><\/div>\n<\/div>\n<\/div>\n\n\n\n<div class=\"wp-block-column is-layout-flow wp-block-column-is-layout-flow\">\n<div class=\"wp-block-buttons is-content-justification-right is-layout-flex wp-block-buttons-is-layout-flex\">\n<div class=\"wp-block-button\"><a class=\"wp-block-button__link\" href=\"https:\/\/www.guhalg.com\/wordpress\/?page_id=2137\">Mangrove Bay<\/a><\/div>\n<\/div>\n<\/div>\n<\/div>\n","protected":false},"excerpt":{"rendered":"<p>Mit dem vielen Tauchen und (etwas) Feiern ging die Woche Safari mal wieder viel zu schnell vorbei und die Sea Fair n\u00e4herte sich dem Hafen von Hamata. Wir haben also unsere Sachen zusammengepackt und wurden per Zodiac die letzten Meter&hellip; <\/p>\n","protected":false},"author":1,"featured_media":0,"parent":2078,"menu_order":3,"comment_status":"closed","ping_status":"closed","template":"","meta":{"footnotes":""},"class_list":["post-2129","page","type-page","status-publish","hentry"],"_links":{"self":[{"href":"https:\/\/www.guhalg.com\/wordpress\/index.php?rest_route=\/wp\/v2\/pages\/2129","targetHints":{"allow":["GET"]}}],"collection":[{"href":"https:\/\/www.guhalg.com\/wordpress\/index.php?rest_route=\/wp\/v2\/pages"}],"about":[{"href":"https:\/\/www.guhalg.com\/wordpress\/index.php?rest_route=\/wp\/v2\/types\/page"}],"author":[{"embeddable":true,"href":"https:\/\/www.guhalg.com\/wordpress\/index.php?rest_route=\/wp\/v2\/users\/1"}],"replies":[{"embeddable":true,"href":"https:\/\/www.guhalg.com\/wordpress\/index.php?rest_route=%2Fwp%2Fv2%2Fcomments&post=2129"}],"version-history":[{"count":4,"href":"https:\/\/www.guhalg.com\/wordpress\/index.php?rest_route=\/wp\/v2\/pages\/2129\/revisions"}],"predecessor-version":[{"id":4809,"href":"https:\/\/www.guhalg.com\/wordpress\/index.php?rest_route=\/wp\/v2\/pages\/2129\/revisions\/4809"}],"up":[{"embeddable":true,"href":"https:\/\/www.guhalg.com\/wordpress\/index.php?rest_route=\/wp\/v2\/pages\/2078"}],"wp:attachment":[{"href":"https:\/\/www.guhalg.com\/wordpress\/index.php?rest_route=%2Fwp%2Fv2%2Fmedia&parent=2129"}],"curies":[{"name":"wp","href":"https:\/\/api.w.org\/{rel}","templated":true}]}}