{"id":2137,"date":"2021-11-14T20:28:39","date_gmt":"2021-11-14T19:28:39","guid":{"rendered":"https:\/\/www.guhalg.com\/wordpress\/?page_id=2137"},"modified":"2022-02-06T21:08:22","modified_gmt":"2022-02-06T20:08:22","slug":"mangrove-bay","status":"publish","type":"page","link":"https:\/\/www.guhalg.com\/wordpress\/?page_id=2137","title":{"rendered":"Mangrove Bay"},"content":{"rendered":"\n<p>Von dem Hotel hatten wir schon mehrfach geh\u00f6rt bzw. auch im Internet gelesen. Das Ergebnis sah eigentlich immer gleich aus: Hotel &#8211; na ja *&nbsp;Essen &#8211; Oh weh *&nbsp;Tauchen &#8211; vom Feinsten. Darauf ausgerichtet war dann auch unsere Erwartungshaltung. Das Hotel liegt etwas abseits in einer kleinen Bucht und passt sich sch\u00f6n in die Sandlandschaft ein.&nbsp; Einige Meter entfernt ist von den Bungalows so gut wie nichts mehr zu sehen. Diese sind zwar einfach, aber auch ausreichend in die Mangrovenlandschaft gebaut.<\/p>\n\n\n\n<div class=\"wp-block-columns is-layout-flex wp-container-core-columns-is-layout-9d6595d7 wp-block-columns-is-layout-flex\">\n<div class=\"wp-block-column is-layout-flow wp-block-column-is-layout-flow\">\n<div class=\"wp-block-image\"><figure class=\"aligncenter size-large\"><a href=\"https:\/\/www.guhalg.com\/wordpress\/wp-content\/uploads\/Reisen\/2004Aegypten\/Mangrove\/140-bungalow.jpg\"><img loading=\"lazy\" decoding=\"async\" width=\"1024\" height=\"768\" src=\"https:\/\/www.guhalg.com\/wordpress\/wp-content\/uploads\/Reisen\/2004Aegypten\/Mangrove\/140-bungalow-1024x768.jpg\" alt=\"Der Bungalow\" class=\"wp-image-2156\" srcset=\"https:\/\/www.guhalg.com\/wordpress\/wp-content\/uploads\/Reisen\/2004Aegypten\/Mangrove\/140-bungalow-1024x768.jpg 1024w, https:\/\/www.guhalg.com\/wordpress\/wp-content\/uploads\/Reisen\/2004Aegypten\/Mangrove\/140-bungalow-300x225.jpg 300w, https:\/\/www.guhalg.com\/wordpress\/wp-content\/uploads\/Reisen\/2004Aegypten\/Mangrove\/140-bungalow-768x576.jpg 768w, https:\/\/www.guhalg.com\/wordpress\/wp-content\/uploads\/Reisen\/2004Aegypten\/Mangrove\/140-bungalow-1536x1152.jpg 1536w, https:\/\/www.guhalg.com\/wordpress\/wp-content\/uploads\/Reisen\/2004Aegypten\/Mangrove\/140-bungalow.jpg 1920w\" sizes=\"auto, (max-width: 1024px) 100vw, 1024px\" \/><\/a><figcaption>Der Bungalow<\/figcaption><\/figure><\/div>\n<\/div>\n\n\n\n<div class=\"wp-block-column is-layout-flow wp-block-column-is-layout-flow\">\n<div class=\"wp-block-image\"><figure class=\"aligncenter size-large\"><a href=\"https:\/\/www.guhalg.com\/wordpress\/wp-content\/uploads\/Reisen\/2004Aegypten\/Mangrove\/115-Blick von terrasse.jpg\"><img loading=\"lazy\" decoding=\"async\" width=\"1024\" height=\"768\" src=\"https:\/\/www.guhalg.com\/wordpress\/wp-content\/uploads\/Reisen\/2004Aegypten\/Mangrove\/115-Blick von terrasse-1024x768.jpg\" alt=\"Blick von der Terrasse\" class=\"wp-image-2150\" srcset=\"https:\/\/www.guhalg.com\/wordpress\/wp-content\/uploads\/Reisen\/2004Aegypten\/Mangrove\/115-Blick%20von%20terrasse-1024x768.jpg 1024w, https:\/\/www.guhalg.com\/wordpress\/wp-content\/uploads\/Reisen\/2004Aegypten\/Mangrove\/115-Blick%20von%20terrasse-300x225.jpg 300w, https:\/\/www.guhalg.com\/wordpress\/wp-content\/uploads\/Reisen\/2004Aegypten\/Mangrove\/115-Blick%20von%20terrasse-768x576.jpg 768w, https:\/\/www.guhalg.com\/wordpress\/wp-content\/uploads\/Reisen\/2004Aegypten\/Mangrove\/115-Blick%20von%20terrasse-1536x1152.jpg 1536w, https:\/\/www.guhalg.com\/wordpress\/wp-content\/uploads\/Reisen\/2004Aegypten\/Mangrove\/115-Blick%20von%20terrasse.jpg 1920w\" sizes=\"auto, (max-width: 1024px) 100vw, 1024px\" \/><\/a><figcaption>Blick von der Terrasse<\/figcaption><\/figure><\/div>\n<\/div>\n<\/div>\n\n\n\n<p>Geniest einige weitere Bilder vom&nbsp;<a href=\"https:\/\/www.guhalg.com\/wordpress\/?page_id=2191\" data-type=\"page\" data-id=\"2191\">Magrove Bay<\/a>.<\/p>\n\n\n\n<p>Das Hotel hat offiziell 3 Sterne. Das mag f\u00fcr die Unterk\u00fcnfte auch passen, aber zum Essen sollte man seine Einstellung \u00fcberdenken. Selbst f\u00fcr die anvisierten 3 Sterne reicht es unserer Meinung nicht, aber man findet immer ein wenig Salat und Brot &#8211; man kommt halt \u00fcber die Runden. Das soll es an Gemeckere denn auch schon sein. Schlie\u00dflich wollten wir unseren Safari Urlaub mit sch\u00f6nen Tauchg\u00e4ngen in entspannter Atmosph\u00e4re abschlie\u00dfen. Bevor wir aber zu den Tauchg\u00e4ngen kommen, haben wir noch zwei Besonderheiten aus dem Mangrove Bay zu berichten.<\/p>\n\n\n\n<p>Da w\u00e4ren als Erstes die beiden Esel Rambo und Sultan. Sie dienen als Lastesel, um den Karren mit dem Tauchequipment zwischen Tauchbasis und Steg zu ziehen. Und Sultan, der Nachwuchsesel, ist schon einige Male verschwunden, um sich den Bauch in den Gr\u00fcnanlagen im Hotel voll zu schlagen.<\/p>\n\n\n\n<div class=\"wp-block-columns is-layout-flex wp-container-core-columns-is-layout-9d6595d7 wp-block-columns-is-layout-flex\">\n<div class=\"wp-block-column is-layout-flow wp-block-column-is-layout-flow\">\n<div class=\"wp-block-image\"><figure class=\"aligncenter size-large\"><a href=\"https:\/\/www.guhalg.com\/wordpress\/wp-content\/uploads\/Reisen\/2004Aegypten\/Mangrove\/159-eselkarren.jpg\"><img loading=\"lazy\" decoding=\"async\" width=\"1024\" height=\"768\" src=\"https:\/\/www.guhalg.com\/wordpress\/wp-content\/uploads\/Reisen\/2004Aegypten\/Mangrove\/159-eselkarren-1024x768.jpg\" alt=\"Eselkarren\" class=\"wp-image-2160\" srcset=\"https:\/\/www.guhalg.com\/wordpress\/wp-content\/uploads\/Reisen\/2004Aegypten\/Mangrove\/159-eselkarren-1024x768.jpg 1024w, https:\/\/www.guhalg.com\/wordpress\/wp-content\/uploads\/Reisen\/2004Aegypten\/Mangrove\/159-eselkarren-300x225.jpg 300w, https:\/\/www.guhalg.com\/wordpress\/wp-content\/uploads\/Reisen\/2004Aegypten\/Mangrove\/159-eselkarren-768x576.jpg 768w, https:\/\/www.guhalg.com\/wordpress\/wp-content\/uploads\/Reisen\/2004Aegypten\/Mangrove\/159-eselkarren-1536x1152.jpg 1536w, https:\/\/www.guhalg.com\/wordpress\/wp-content\/uploads\/Reisen\/2004Aegypten\/Mangrove\/159-eselkarren.jpg 1920w\" sizes=\"auto, (max-width: 1024px) 100vw, 1024px\" \/><\/a><figcaption>Eselkarren<\/figcaption><\/figure><\/div>\n<\/div>\n\n\n\n<div class=\"wp-block-column is-layout-flow wp-block-column-is-layout-flow\">\n<div class=\"wp-block-image\"><figure class=\"aligncenter size-large\"><a href=\"https:\/\/www.guhalg.com\/wordpress\/wp-content\/uploads\/Reisen\/2004Aegypten\/Mangrove\/151-rambo.jpg\"><img loading=\"lazy\" decoding=\"async\" width=\"1024\" height=\"768\" src=\"https:\/\/www.guhalg.com\/wordpress\/wp-content\/uploads\/Reisen\/2004Aegypten\/Mangrove\/151-rambo-1024x768.jpg\" alt=\"Rambo\" class=\"wp-image-2157\" srcset=\"https:\/\/www.guhalg.com\/wordpress\/wp-content\/uploads\/Reisen\/2004Aegypten\/Mangrove\/151-rambo-1024x768.jpg 1024w, https:\/\/www.guhalg.com\/wordpress\/wp-content\/uploads\/Reisen\/2004Aegypten\/Mangrove\/151-rambo-300x225.jpg 300w, https:\/\/www.guhalg.com\/wordpress\/wp-content\/uploads\/Reisen\/2004Aegypten\/Mangrove\/151-rambo-768x576.jpg 768w, https:\/\/www.guhalg.com\/wordpress\/wp-content\/uploads\/Reisen\/2004Aegypten\/Mangrove\/151-rambo-1536x1152.jpg 1536w, https:\/\/www.guhalg.com\/wordpress\/wp-content\/uploads\/Reisen\/2004Aegypten\/Mangrove\/151-rambo.jpg 1920w\" sizes=\"auto, (max-width: 1024px) 100vw, 1024px\" \/><\/a><figcaption>Rambo<\/figcaption><\/figure><\/div>\n<\/div>\n<\/div>\n\n\n\n<div class=\"wp-block-columns is-layout-flex wp-container-core-columns-is-layout-9d6595d7 wp-block-columns-is-layout-flex\">\n<div class=\"wp-block-column is-layout-flow wp-block-column-is-layout-flow\">\n<div class=\"wp-block-image\"><figure class=\"aligncenter size-large\"><a href=\"https:\/\/www.guhalg.com\/wordpress\/wp-content\/uploads\/Reisen\/2004Aegypten\/Mangrove\/104-sultan.jpg\"><img loading=\"lazy\" decoding=\"async\" width=\"1024\" height=\"768\" src=\"https:\/\/www.guhalg.com\/wordpress\/wp-content\/uploads\/Reisen\/2004Aegypten\/Mangrove\/104-sultan-1024x768.jpg\" alt=\"Sultan, der Nachwuchs\" class=\"wp-image-2147\" srcset=\"https:\/\/www.guhalg.com\/wordpress\/wp-content\/uploads\/Reisen\/2004Aegypten\/Mangrove\/104-sultan-1024x768.jpg 1024w, https:\/\/www.guhalg.com\/wordpress\/wp-content\/uploads\/Reisen\/2004Aegypten\/Mangrove\/104-sultan-300x225.jpg 300w, https:\/\/www.guhalg.com\/wordpress\/wp-content\/uploads\/Reisen\/2004Aegypten\/Mangrove\/104-sultan-768x576.jpg 768w, https:\/\/www.guhalg.com\/wordpress\/wp-content\/uploads\/Reisen\/2004Aegypten\/Mangrove\/104-sultan-1536x1152.jpg 1536w, https:\/\/www.guhalg.com\/wordpress\/wp-content\/uploads\/Reisen\/2004Aegypten\/Mangrove\/104-sultan.jpg 1920w\" sizes=\"auto, (max-width: 1024px) 100vw, 1024px\" \/><\/a><figcaption>Sultan, der Nachwuchs<\/figcaption><\/figure><\/div>\n<\/div>\n\n\n\n<div class=\"wp-block-column is-layout-flow wp-block-column-is-layout-flow\">\n<div class=\"wp-block-image\"><figure class=\"aligncenter size-large\"><a href=\"https:\/\/www.guhalg.com\/wordpress\/wp-content\/uploads\/Reisen\/2004Aegypten\/Mangrove\/111-sultan.jpg\"><img loading=\"lazy\" decoding=\"async\" width=\"1024\" height=\"768\" src=\"https:\/\/www.guhalg.com\/wordpress\/wp-content\/uploads\/Reisen\/2004Aegypten\/Mangrove\/111-sultan-1024x768.jpg\" alt=\"Sultan hat immer Hunger\" class=\"wp-image-2149\" srcset=\"https:\/\/www.guhalg.com\/wordpress\/wp-content\/uploads\/Reisen\/2004Aegypten\/Mangrove\/111-sultan-1024x768.jpg 1024w, https:\/\/www.guhalg.com\/wordpress\/wp-content\/uploads\/Reisen\/2004Aegypten\/Mangrove\/111-sultan-300x225.jpg 300w, https:\/\/www.guhalg.com\/wordpress\/wp-content\/uploads\/Reisen\/2004Aegypten\/Mangrove\/111-sultan-768x576.jpg 768w, https:\/\/www.guhalg.com\/wordpress\/wp-content\/uploads\/Reisen\/2004Aegypten\/Mangrove\/111-sultan-1536x1152.jpg 1536w, https:\/\/www.guhalg.com\/wordpress\/wp-content\/uploads\/Reisen\/2004Aegypten\/Mangrove\/111-sultan.jpg 1920w\" sizes=\"auto, (max-width: 1024px) 100vw, 1024px\" \/><\/a><figcaption>Sultan hat immer Hunger<\/figcaption><\/figure><\/div>\n<\/div>\n<\/div>\n\n\n\n<p>Und die zweite Besonderheit sind die Sandst\u00fcrme. Aus dem&nbsp;Nichts kommend, zumindest f\u00fcr uns Touristen, verdunkelt sich der Himmel, die Sonne verliert ihren Glanz und es fegt warmer W\u00fcstensand \u00fcber die Landschaft, der sich in jede noch so kleine L\u00fccke dr\u00e4ngt.<\/p>\n\n\n\n<div class=\"wp-block-columns is-layout-flex wp-container-core-columns-is-layout-9d6595d7 wp-block-columns-is-layout-flex\">\n<div class=\"wp-block-column is-layout-flow wp-block-column-is-layout-flow\">\n<div class=\"wp-block-image\"><figure class=\"aligncenter size-large\"><a href=\"https:\/\/www.guhalg.com\/wordpress\/wp-content\/uploads\/Reisen\/2004Aegypten\/Mangrove\/117-sandsturm.jpg\"><img loading=\"lazy\" decoding=\"async\" width=\"1024\" height=\"768\" src=\"https:\/\/www.guhalg.com\/wordpress\/wp-content\/uploads\/Reisen\/2004Aegypten\/Mangrove\/117-sandsturm-1024x768.jpg\" alt=\"Ein Sandsturm zieht auf\" class=\"wp-image-2151\" srcset=\"https:\/\/www.guhalg.com\/wordpress\/wp-content\/uploads\/Reisen\/2004Aegypten\/Mangrove\/117-sandsturm-1024x768.jpg 1024w, https:\/\/www.guhalg.com\/wordpress\/wp-content\/uploads\/Reisen\/2004Aegypten\/Mangrove\/117-sandsturm-300x225.jpg 300w, https:\/\/www.guhalg.com\/wordpress\/wp-content\/uploads\/Reisen\/2004Aegypten\/Mangrove\/117-sandsturm-768x576.jpg 768w, https:\/\/www.guhalg.com\/wordpress\/wp-content\/uploads\/Reisen\/2004Aegypten\/Mangrove\/117-sandsturm-1536x1152.jpg 1536w, https:\/\/www.guhalg.com\/wordpress\/wp-content\/uploads\/Reisen\/2004Aegypten\/Mangrove\/117-sandsturm.jpg 1920w\" sizes=\"auto, (max-width: 1024px) 100vw, 1024px\" \/><\/a><figcaption>Ein Sandsturm zieht auf<\/figcaption><\/figure><\/div>\n<\/div>\n\n\n\n<div class=\"wp-block-column is-layout-flow wp-block-column-is-layout-flow\">\n<div class=\"wp-block-image\"><figure class=\"aligncenter size-large\"><a href=\"https:\/\/www.guhalg.com\/wordpress\/wp-content\/uploads\/Reisen\/2004Aegypten\/Mangrove\/121-sandstrum.jpg\"><img loading=\"lazy\" decoding=\"async\" width=\"1024\" height=\"768\" src=\"https:\/\/www.guhalg.com\/wordpress\/wp-content\/uploads\/Reisen\/2004Aegypten\/Mangrove\/121-sandstrum-1024x768.jpg\" alt=\"Der Sandsturm kommt n\u00e4her\" class=\"wp-image-2152\" srcset=\"https:\/\/www.guhalg.com\/wordpress\/wp-content\/uploads\/Reisen\/2004Aegypten\/Mangrove\/121-sandstrum-1024x768.jpg 1024w, https:\/\/www.guhalg.com\/wordpress\/wp-content\/uploads\/Reisen\/2004Aegypten\/Mangrove\/121-sandstrum-300x225.jpg 300w, https:\/\/www.guhalg.com\/wordpress\/wp-content\/uploads\/Reisen\/2004Aegypten\/Mangrove\/121-sandstrum-768x576.jpg 768w, https:\/\/www.guhalg.com\/wordpress\/wp-content\/uploads\/Reisen\/2004Aegypten\/Mangrove\/121-sandstrum-1536x1152.jpg 1536w, https:\/\/www.guhalg.com\/wordpress\/wp-content\/uploads\/Reisen\/2004Aegypten\/Mangrove\/121-sandstrum.jpg 1920w\" sizes=\"auto, (max-width: 1024px) 100vw, 1024px\" \/><\/a><figcaption>Der Sandsturm kommt n\u00e4her<\/figcaption><\/figure><\/div>\n<\/div>\n<\/div>\n\n\n\n<div class=\"wp-block-columns is-layout-flex wp-container-core-columns-is-layout-9d6595d7 wp-block-columns-is-layout-flex\">\n<div class=\"wp-block-column is-layout-flow wp-block-column-is-layout-flow\">\n<div class=\"wp-block-image\"><figure class=\"aligncenter size-large\"><a href=\"https:\/\/www.guhalg.com\/wordpress\/wp-content\/uploads\/Reisen\/2004Aegypten\/Mangrove\/122-sandsturm.jpg\"><img loading=\"lazy\" decoding=\"async\" width=\"1024\" height=\"768\" src=\"https:\/\/www.guhalg.com\/wordpress\/wp-content\/uploads\/Reisen\/2004Aegypten\/Mangrove\/122-sandsturm-1024x768.jpg\" alt=\"Der Sandsturm kommt n\u00e4her\" class=\"wp-image-2153\" srcset=\"https:\/\/www.guhalg.com\/wordpress\/wp-content\/uploads\/Reisen\/2004Aegypten\/Mangrove\/122-sandsturm-1024x768.jpg 1024w, https:\/\/www.guhalg.com\/wordpress\/wp-content\/uploads\/Reisen\/2004Aegypten\/Mangrove\/122-sandsturm-300x225.jpg 300w, https:\/\/www.guhalg.com\/wordpress\/wp-content\/uploads\/Reisen\/2004Aegypten\/Mangrove\/122-sandsturm-768x576.jpg 768w, https:\/\/www.guhalg.com\/wordpress\/wp-content\/uploads\/Reisen\/2004Aegypten\/Mangrove\/122-sandsturm-1536x1152.jpg 1536w, https:\/\/www.guhalg.com\/wordpress\/wp-content\/uploads\/Reisen\/2004Aegypten\/Mangrove\/122-sandsturm.jpg 1920w\" sizes=\"auto, (max-width: 1024px) 100vw, 1024px\" \/><\/a><figcaption>Der Sandsturm kommt n\u00e4her<\/figcaption><\/figure><\/div>\n<\/div>\n\n\n\n<div class=\"wp-block-column is-layout-flow wp-block-column-is-layout-flow\">\n<div class=\"wp-block-image\"><figure class=\"aligncenter size-large\"><a href=\"https:\/\/www.guhalg.com\/wordpress\/wp-content\/uploads\/Reisen\/2004Aegypten\/Mangrove\/125-sandsturm.jpg\"><img loading=\"lazy\" decoding=\"async\" width=\"1024\" height=\"768\" src=\"https:\/\/www.guhalg.com\/wordpress\/wp-content\/uploads\/Reisen\/2004Aegypten\/Mangrove\/125-sandsturm-1024x768.jpg\" alt=\"Der Sansturm sieht harmlos aus\" class=\"wp-image-2154\" srcset=\"https:\/\/www.guhalg.com\/wordpress\/wp-content\/uploads\/Reisen\/2004Aegypten\/Mangrove\/125-sandsturm-1024x768.jpg 1024w, https:\/\/www.guhalg.com\/wordpress\/wp-content\/uploads\/Reisen\/2004Aegypten\/Mangrove\/125-sandsturm-300x225.jpg 300w, https:\/\/www.guhalg.com\/wordpress\/wp-content\/uploads\/Reisen\/2004Aegypten\/Mangrove\/125-sandsturm-768x576.jpg 768w, https:\/\/www.guhalg.com\/wordpress\/wp-content\/uploads\/Reisen\/2004Aegypten\/Mangrove\/125-sandsturm-1536x1152.jpg 1536w, https:\/\/www.guhalg.com\/wordpress\/wp-content\/uploads\/Reisen\/2004Aegypten\/Mangrove\/125-sandsturm.jpg 1920w\" sizes=\"auto, (max-width: 1024px) 100vw, 1024px\" \/><\/a><figcaption>Der Sandsturm sieht harmlos aus<\/figcaption><\/figure><\/div>\n\n\n\n<p><\/p>\n<\/div>\n<\/div>\n\n\n\n<div class=\"wp-block-columns is-layout-flex wp-container-core-columns-is-layout-9d6595d7 wp-block-columns-is-layout-flex\">\n<div class=\"wp-block-column is-layout-flow wp-block-column-is-layout-flow\">\n<div class=\"wp-block-buttons is-layout-flex wp-block-buttons-is-layout-flex\">\n<div class=\"wp-block-button\"><a class=\"wp-block-button__link\" href=\"https:\/\/www.guhalg.com\/wordpress\/?page_id=2129\">Umzug ins Resort<\/a><\/div>\n<\/div>\n<\/div>\n\n\n\n<div class=\"wp-block-column is-layout-flow wp-block-column-is-layout-flow\">\n<div class=\"wp-block-buttons is-horizontal is-content-justification-right is-layout-flex wp-container-core-buttons-is-layout-ae2fe186 wp-block-buttons-is-layout-flex\">\n<div class=\"wp-block-button\"><a class=\"wp-block-button__link\" href=\"https:\/\/www.guhalg.com\/wordpress\/?page_id=2214\">Tauchen in Mangrove<\/a><\/div>\n<\/div>\n<\/div>\n<\/div>\n","protected":false},"excerpt":{"rendered":"<p>Von dem Hotel hatten wir schon mehrfach geh\u00f6rt bzw. auch im Internet gelesen. Das Ergebnis sah eigentlich immer gleich aus: Hotel &#8211; na ja *&nbsp;Essen &#8211; Oh weh *&nbsp;Tauchen &#8211; vom Feinsten. Darauf ausgerichtet war dann auch unsere Erwartungshaltung. Das&hellip; <\/p>\n","protected":false},"author":1,"featured_media":0,"parent":2078,"menu_order":4,"comment_status":"closed","ping_status":"closed","template":"","meta":{"footnotes":""},"class_list":["post-2137","page","type-page","status-publish","hentry"],"_links":{"self":[{"href":"https:\/\/www.guhalg.com\/wordpress\/index.php?rest_route=\/wp\/v2\/pages\/2137","targetHints":{"allow":["GET"]}}],"collection":[{"href":"https:\/\/www.guhalg.com\/wordpress\/index.php?rest_route=\/wp\/v2\/pages"}],"about":[{"href":"https:\/\/www.guhalg.com\/wordpress\/index.php?rest_route=\/wp\/v2\/types\/page"}],"author":[{"embeddable":true,"href":"https:\/\/www.guhalg.com\/wordpress\/index.php?rest_route=\/wp\/v2\/users\/1"}],"replies":[{"embeddable":true,"href":"https:\/\/www.guhalg.com\/wordpress\/index.php?rest_route=%2Fwp%2Fv2%2Fcomments&post=2137"}],"version-history":[{"count":12,"href":"https:\/\/www.guhalg.com\/wordpress\/index.php?rest_route=\/wp\/v2\/pages\/2137\/revisions"}],"predecessor-version":[{"id":7659,"href":"https:\/\/www.guhalg.com\/wordpress\/index.php?rest_route=\/wp\/v2\/pages\/2137\/revisions\/7659"}],"up":[{"embeddable":true,"href":"https:\/\/www.guhalg.com\/wordpress\/index.php?rest_route=\/wp\/v2\/pages\/2078"}],"wp:attachment":[{"href":"https:\/\/www.guhalg.com\/wordpress\/index.php?rest_route=%2Fwp%2Fv2%2Fmedia&parent=2137"}],"curies":[{"name":"wp","href":"https:\/\/api.w.org\/{rel}","templated":true}]}}