{"id":22,"date":"2021-10-28T22:35:20","date_gmt":"2021-10-28T20:35:20","guid":{"rendered":"https:\/\/www.guhalg.com\/wordpress\/?page_id=22"},"modified":"2025-01-30T18:45:52","modified_gmt":"2025-01-30T17:45:52","slug":"willkommen-auf-unserer-homepage","status":"publish","type":"page","link":"https:\/\/www.guhalg.com\/wordpress\/","title":{"rendered":"Startseite"},"content":{"rendered":"<figure class=\"wp-block-image\"><a href=\"https:\/\/www.guhalg.com\"><img decoding=\"async\" class=\"hot-random-image\" style=\"width:100%; height:auto;\" src=\"https:\/\/www.guhalg.com\/wordpress\/wp-content\/uploads\/Seitenbild\/Bohol%20-%20Februar%202025.jpg\" alt=\"Zufallsbild\" \/><\/a><figcaption><div style=\"clear:both \"><H4><center>Bohol &#8211; Februar 2025<\/figcaption><\/center><\/H4><\/div><\/figure>\n\n\n<p>Herzlich willkommen auf der privaten Homepage von Chrischi &amp; Horst. Wir sind leidenschaftliche Taucher in warmen Gew\u00e4ssern und schauen uns gerne fremde L\u00e4nder an. Die Eindr\u00fccke von diesen Reisen landen bei uns nicht in Fotoalben, sondern in dieser Homepage. Gerne m\u00f6chten wir dieses mit euch teilen und w\u00fcnschen viel Spa\u00df beim St\u00f6bern und Lesen.<\/p>\n\n\n\n<p>Corona hatte uns einige Jahre ausgebremst und wir haben uns auf Ziele in Deutschland und einer Erreichbarkeit per Auto konzentriert.<\/p>\n\n\n\n<p>Seit Herbst 2023 sind wir wieder in der Welt unterwegs. Angefangen mit Neapel in 2023, im Dezember 2023 \/ Januar 2024 dann in Vietnam und im Herbst 2024 in \u00c4gypten. Es geht also wieder los.<\/p>\n\n\n\n<p>Wer sich \u00fcber die fehlende Cookie-Einwilligung wundert \u2013 wir nutzen nur die technisch absolut notwendigen Cookies. Eine Einbindung in Webstatistiken oder soziale Medien und Kan\u00e4le gibt es bei uns nicht.<\/p>\n\n\n\n<div class=\"wp-block-columns is-layout-flex wp-container-core-columns-is-layout-9d6595d7 wp-block-columns-is-layout-flex\">\n<div class=\"wp-block-column is-layout-flow wp-block-column-is-layout-flow\">\n<div class=\"wp-block-buttons is-layout-flex wp-block-buttons-is-layout-flex\">\n<div class=\"wp-block-button\"><a class=\"wp-block-button__link wp-element-button\" href=\"https:\/\/www.guhalg.com\/wordpress\/?page_id=25\">Reisen bis 2010<\/a><\/div>\n<\/div>\n<\/div>\n\n\n\n<div class=\"wp-block-column is-layout-flow wp-block-column-is-layout-flow\">\n<div class=\"wp-block-buttons is-content-justification-center is-layout-flex wp-container-core-buttons-is-layout-16018d1d wp-block-buttons-is-layout-flex\">\n<div class=\"wp-block-button\"><a class=\"wp-block-button__link wp-element-button\" href=\"https:\/\/www.guhalg.com\/wordpress\/?page_id=11151\">Trips<\/a><\/div>\n<\/div>\n<\/div>\n\n\n\n<div class=\"wp-block-column is-layout-flow wp-block-column-is-layout-flow\">\n<div class=\"wp-block-buttons is-content-justification-right is-layout-flex wp-container-core-buttons-is-layout-765c4724 wp-block-buttons-is-layout-flex\">\n<div class=\"wp-block-button\"><a class=\"wp-block-button__link has-text-align-left wp-element-button\" href=\"https:\/\/www.guhalg.com\/wordpress\/?page_id=10904\">Reisen ab 2010<\/a><\/div>\n<\/div>\n<\/div>\n<\/div>\n","protected":false},"excerpt":{"rendered":"<p>Herzlich willkommen auf der privaten Homepage von Chrischi &amp; Horst. Wir sind leidenschaftliche Taucher in warmen Gew\u00e4ssern und schauen uns gerne fremde L\u00e4nder an. Die Eindr\u00fccke von diesen Reisen landen bei uns nicht in Fotoalben, sondern in dieser Homepage. Gerne&hellip; <\/p>\n","protected":false},"author":1,"featured_media":0,"parent":0,"menu_order":37,"comment_status":"closed","ping_status":"closed","template":"","meta":{"footnotes":""},"class_list":["post-22","page","type-page","status-publish","hentry"],"_links":{"self":[{"href":"https:\/\/www.guhalg.com\/wordpress\/index.php?rest_route=\/wp\/v2\/pages\/22","targetHints":{"allow":["GET"]}}],"collection":[{"href":"https:\/\/www.guhalg.com\/wordpress\/index.php?rest_route=\/wp\/v2\/pages"}],"about":[{"href":"https:\/\/www.guhalg.com\/wordpress\/index.php?rest_route=\/wp\/v2\/types\/page"}],"author":[{"embeddable":true,"href":"https:\/\/www.guhalg.com\/wordpress\/index.php?rest_route=\/wp\/v2\/users\/1"}],"replies":[{"embeddable":true,"href":"https:\/\/www.guhalg.com\/wordpress\/index.php?rest_route=%2Fwp%2Fv2%2Fcomments&post=22"}],"version-history":[{"count":71,"href":"https:\/\/www.guhalg.com\/wordpress\/index.php?rest_route=\/wp\/v2\/pages\/22\/revisions"}],"predecessor-version":[{"id":12014,"href":"https:\/\/www.guhalg.com\/wordpress\/index.php?rest_route=\/wp\/v2\/pages\/22\/revisions\/12014"}],"wp:attachment":[{"href":"https:\/\/www.guhalg.com\/wordpress\/index.php?rest_route=%2Fwp%2Fv2%2Fmedia&parent=22"}],"curies":[{"name":"wp","href":"https:\/\/api.w.org\/{rel}","templated":true}]}}