{"id":2214,"date":"2021-11-15T21:40:26","date_gmt":"2021-11-15T20:40:26","guid":{"rendered":"https:\/\/www.guhalg.com\/wordpress\/?page_id=2214"},"modified":"2021-12-17T16:41:53","modified_gmt":"2021-12-17T15:41:53","slug":"tauchen-in-mangrove","status":"publish","type":"page","link":"https:\/\/www.guhalg.com\/wordpress\/?page_id=2214","title":{"rendered":"Tauchen in Mangrove"},"content":{"rendered":"\n<p>Nachdem wir also unser Zimmer bezogen und uns ein wenig erfrischt hatten, ging es gleich los zur Tauchbasis. Kurz noch die Unterlagen mit Logbuch, Tauchlizenz und Gesundheitszeugnis eingepackt und einfach am Strand lang Richtung Bootssteg. Vorbei an kleinen Mangroventrieben, immer den Blick auch Richtung Meer und Bootsanleger gerichtet, kommt man zur Tauchbasis. Dort sitzt eine nette junge Blondine, v\u00f6llig vertieft beim Lesen in einem Buch.<\/p>\n\n\n\n<div class=\"wp-block-columns is-layout-flex wp-container-core-columns-is-layout-9d6595d7 wp-block-columns-is-layout-flex\">\n<div class=\"wp-block-column is-layout-flow wp-block-column-is-layout-flow\">\n<div class=\"wp-block-image\"><figure class=\"aligncenter size-large\"><a href=\"https:\/\/www.guhalg.com\/wordpress\/wp-content\/uploads\/Reisen\/2004Aegypten\/Mangrove\/089-mangroven ableger.jpg\"><img loading=\"lazy\" decoding=\"async\" width=\"1024\" height=\"768\" src=\"https:\/\/www.guhalg.com\/wordpress\/wp-content\/uploads\/Reisen\/2004Aegypten\/Mangrove\/089-mangroven ableger-1024x768.jpg\" alt=\"Kleine Triebe\" class=\"wp-image-2143\" srcset=\"https:\/\/www.guhalg.com\/wordpress\/wp-content\/uploads\/Reisen\/2004Aegypten\/Mangrove\/089-mangroven%20ableger-1024x768.jpg 1024w, https:\/\/www.guhalg.com\/wordpress\/wp-content\/uploads\/Reisen\/2004Aegypten\/Mangrove\/089-mangroven%20ableger-300x225.jpg 300w, https:\/\/www.guhalg.com\/wordpress\/wp-content\/uploads\/Reisen\/2004Aegypten\/Mangrove\/089-mangroven%20ableger-768x576.jpg 768w, https:\/\/www.guhalg.com\/wordpress\/wp-content\/uploads\/Reisen\/2004Aegypten\/Mangrove\/089-mangroven%20ableger-1536x1152.jpg 1536w, https:\/\/www.guhalg.com\/wordpress\/wp-content\/uploads\/Reisen\/2004Aegypten\/Mangrove\/089-mangroven%20ableger.jpg 1920w\" sizes=\"auto, (max-width: 1024px) 100vw, 1024px\" \/><\/a><figcaption>Kleine Triebe<\/figcaption><\/figure><\/div>\n<\/div>\n\n\n\n<div class=\"wp-block-column is-layout-flow wp-block-column-is-layout-flow\">\n<div class=\"wp-block-image\"><figure class=\"aligncenter size-large\"><a href=\"https:\/\/www.guhalg.com\/wordpress\/wp-content\/uploads\/Reisen\/2004Aegypten\/Mangrove\/127-steg mangrove.jpg\"><img loading=\"lazy\" decoding=\"async\" width=\"1024\" height=\"768\" src=\"https:\/\/www.guhalg.com\/wordpress\/wp-content\/uploads\/Reisen\/2004Aegypten\/Mangrove\/127-steg mangrove-1024x768.jpg\" alt=\"Der Steg vom Mangrove Bay\" class=\"wp-image-2155\" srcset=\"https:\/\/www.guhalg.com\/wordpress\/wp-content\/uploads\/Reisen\/2004Aegypten\/Mangrove\/127-steg%20mangrove-1024x768.jpg 1024w, https:\/\/www.guhalg.com\/wordpress\/wp-content\/uploads\/Reisen\/2004Aegypten\/Mangrove\/127-steg%20mangrove-300x225.jpg 300w, https:\/\/www.guhalg.com\/wordpress\/wp-content\/uploads\/Reisen\/2004Aegypten\/Mangrove\/127-steg%20mangrove-768x576.jpg 768w, https:\/\/www.guhalg.com\/wordpress\/wp-content\/uploads\/Reisen\/2004Aegypten\/Mangrove\/127-steg%20mangrove-1536x1152.jpg 1536w, https:\/\/www.guhalg.com\/wordpress\/wp-content\/uploads\/Reisen\/2004Aegypten\/Mangrove\/127-steg%20mangrove.jpg 1920w\" sizes=\"auto, (max-width: 1024px) 100vw, 1024px\" \/><\/a><figcaption>Der Steg vom Mangrove Bay<\/figcaption><\/figure><\/div>\n<\/div>\n\n\n\n<div class=\"wp-block-column is-layout-flow wp-block-column-is-layout-flow\">\n<div class=\"wp-block-image\"><figure class=\"aligncenter size-large\"><a href=\"https:\/\/www.guhalg.com\/wordpress\/wp-content\/uploads\/Reisen\/2004Aegypten\/Mangrove\/155-tauchbasis.jpg\"><img loading=\"lazy\" decoding=\"async\" width=\"1024\" height=\"768\" src=\"https:\/\/www.guhalg.com\/wordpress\/wp-content\/uploads\/Reisen\/2004Aegypten\/Mangrove\/155-tauchbasis-1024x768.jpg\" alt=\"Tauchbasis\" class=\"wp-image-2159\" srcset=\"https:\/\/www.guhalg.com\/wordpress\/wp-content\/uploads\/Reisen\/2004Aegypten\/Mangrove\/155-tauchbasis-1024x768.jpg 1024w, https:\/\/www.guhalg.com\/wordpress\/wp-content\/uploads\/Reisen\/2004Aegypten\/Mangrove\/155-tauchbasis-300x225.jpg 300w, https:\/\/www.guhalg.com\/wordpress\/wp-content\/uploads\/Reisen\/2004Aegypten\/Mangrove\/155-tauchbasis-768x576.jpg 768w, https:\/\/www.guhalg.com\/wordpress\/wp-content\/uploads\/Reisen\/2004Aegypten\/Mangrove\/155-tauchbasis-1536x1152.jpg 1536w, https:\/\/www.guhalg.com\/wordpress\/wp-content\/uploads\/Reisen\/2004Aegypten\/Mangrove\/155-tauchbasis.jpg 1920w\" sizes=\"auto, (max-width: 1024px) 100vw, 1024px\" \/><\/a><figcaption>Tauchbasis<\/figcaption><\/figure><\/div>\n<\/div>\n<\/div>\n\n\n\n<p>und mit leicht schlechtem Gewissen sprechen wir sie an und ernten ein gro\u00dfes freundliches L\u00e4cheln und ein breites<\/p>\n\n\n\n<h2 class=\"wp-block-heading\">Gr\u00fc\u00df Gott!<\/h2>\n\n\n\n<div class=\"wp-block-columns is-layout-flex wp-container-core-columns-is-layout-9d6595d7 wp-block-columns-is-layout-flex\">\n<div class=\"wp-block-column is-layout-flow wp-block-column-is-layout-flow\">\n<div class=\"wp-block-image\"><figure class=\"aligncenter size-large\"><a href=\"https:\/\/www.guhalg.com\/wordpress\/wp-content\/uploads\/Reisen\/2004Aegypten\/Mangrove\/168-claudia.jpg\"><img loading=\"lazy\" decoding=\"async\" width=\"1024\" height=\"768\" src=\"https:\/\/www.guhalg.com\/wordpress\/wp-content\/uploads\/Reisen\/2004Aegypten\/Mangrove\/168-claudia-1024x768.jpg\" alt=\"Claudia am Lesen\" class=\"wp-image-2161\" srcset=\"https:\/\/www.guhalg.com\/wordpress\/wp-content\/uploads\/Reisen\/2004Aegypten\/Mangrove\/168-claudia-1024x768.jpg 1024w, https:\/\/www.guhalg.com\/wordpress\/wp-content\/uploads\/Reisen\/2004Aegypten\/Mangrove\/168-claudia-300x225.jpg 300w, https:\/\/www.guhalg.com\/wordpress\/wp-content\/uploads\/Reisen\/2004Aegypten\/Mangrove\/168-claudia-768x576.jpg 768w, https:\/\/www.guhalg.com\/wordpress\/wp-content\/uploads\/Reisen\/2004Aegypten\/Mangrove\/168-claudia-1536x1152.jpg 1536w, https:\/\/www.guhalg.com\/wordpress\/wp-content\/uploads\/Reisen\/2004Aegypten\/Mangrove\/168-claudia.jpg 1920w\" sizes=\"auto, (max-width: 1024px) 100vw, 1024px\" \/><\/a><figcaption>Claudia am Lesen<\/figcaption><\/figure><\/div>\n<\/div>\n\n\n\n<div class=\"wp-block-column is-layout-flow wp-block-column-is-layout-flow\">\n<div class=\"wp-block-image\"><figure class=\"aligncenter size-large\"><a href=\"https:\/\/www.guhalg.com\/wordpress\/wp-content\/uploads\/Reisen\/2004Aegypten\/Mangrove\/169-claudia.jpg\"><img loading=\"lazy\" decoding=\"async\" width=\"1024\" height=\"768\" src=\"https:\/\/www.guhalg.com\/wordpress\/wp-content\/uploads\/Reisen\/2004Aegypten\/Mangrove\/169-claudia-1024x768.jpg\" alt=\"Hallo G\u00e4ste\" class=\"wp-image-2162\" srcset=\"https:\/\/www.guhalg.com\/wordpress\/wp-content\/uploads\/Reisen\/2004Aegypten\/Mangrove\/169-claudia-1024x768.jpg 1024w, https:\/\/www.guhalg.com\/wordpress\/wp-content\/uploads\/Reisen\/2004Aegypten\/Mangrove\/169-claudia-300x225.jpg 300w, https:\/\/www.guhalg.com\/wordpress\/wp-content\/uploads\/Reisen\/2004Aegypten\/Mangrove\/169-claudia-768x576.jpg 768w, https:\/\/www.guhalg.com\/wordpress\/wp-content\/uploads\/Reisen\/2004Aegypten\/Mangrove\/169-claudia-1536x1152.jpg 1536w, https:\/\/www.guhalg.com\/wordpress\/wp-content\/uploads\/Reisen\/2004Aegypten\/Mangrove\/169-claudia.jpg 1920w\" sizes=\"auto, (max-width: 1024px) 100vw, 1024px\" \/><\/a><figcaption>Hallo G\u00e4ste<\/figcaption><\/figure><\/div>\n<\/div>\n<\/div>\n\n\n\n<p>Um es mal mit den Worten aus Casablanca zu beschreiben:<\/p>\n\n\n\n<h3 class=\"wp-block-heading\">Dies ist der Beginn einer wunderbaren Freundschaft.<\/h3>\n\n\n\n<p>Doch der Reihe nach. Erst wurde eingecheckt, die Bescheinigungen gepr\u00fcft und uns die Basis und der Ablauf erkl\u00e4rt:<\/p>\n\n\n\n<p>Es gibt jeden Tag Ausfahrten mit dem Boot, wo man sich am Vortag in die Liste eintragen muss. Es gibt Hausrifftauchg\u00e4nge, ebenfalls mit Liste f\u00fcr Ein- und Ausstieg, und es besteht die M\u00f6glichkeit, sich mit dem Zodiac, ein mehr oder minder kleines \/ gro\u00dfes Schlauchboot, zu den Tauchpl\u00e4tzen in der N\u00e4he hinbringen- und \/ oder auch wieder abholen zu lassen.<\/p>\n\n\n\n<p>Also alles einfach und unkompliziert. F\u00fcr das Tauchen am Haus Riff und die Ausfahrten mit dem Zodiac stehen immer gef\u00fcllte Flaschen am Steg zur Verf\u00fcgung. Nur wer mit Nitrox taucht, muss das vorher kundtun.<\/p>\n\n\n\n<div class=\"wp-block-columns is-layout-flex wp-container-core-columns-is-layout-9d6595d7 wp-block-columns-is-layout-flex\">\n<div class=\"wp-block-column is-layout-flow wp-block-column-is-layout-flow\">\n<div class=\"wp-block-image\"><figure class=\"aligncenter size-large\"><a href=\"https:\/\/www.guhalg.com\/wordpress\/wp-content\/uploads\/Reisen\/2004Aegypten\/Mangrove\/170-hausriff zeichnung.jpg\"><img loading=\"lazy\" decoding=\"async\" width=\"1024\" height=\"768\" src=\"https:\/\/www.guhalg.com\/wordpress\/wp-content\/uploads\/Reisen\/2004Aegypten\/Mangrove\/170-hausriff zeichnung-1024x768.jpg\" alt=\"Das Hausriff\" class=\"wp-image-2163\" srcset=\"https:\/\/www.guhalg.com\/wordpress\/wp-content\/uploads\/Reisen\/2004Aegypten\/Mangrove\/170-hausriff%20zeichnung-1024x768.jpg 1024w, https:\/\/www.guhalg.com\/wordpress\/wp-content\/uploads\/Reisen\/2004Aegypten\/Mangrove\/170-hausriff%20zeichnung-300x225.jpg 300w, https:\/\/www.guhalg.com\/wordpress\/wp-content\/uploads\/Reisen\/2004Aegypten\/Mangrove\/170-hausriff%20zeichnung-768x576.jpg 768w, https:\/\/www.guhalg.com\/wordpress\/wp-content\/uploads\/Reisen\/2004Aegypten\/Mangrove\/170-hausriff%20zeichnung-1536x1152.jpg 1536w, https:\/\/www.guhalg.com\/wordpress\/wp-content\/uploads\/Reisen\/2004Aegypten\/Mangrove\/170-hausriff%20zeichnung.jpg 1920w\" sizes=\"auto, (max-width: 1024px) 100vw, 1024px\" \/><\/a><figcaption>Das Haus Riff<\/figcaption><\/figure><\/div>\n<\/div>\n\n\n\n<div class=\"wp-block-column is-layout-flow wp-block-column-is-layout-flow\">\n<div class=\"wp-block-image\"><figure class=\"aligncenter size-large\"><a href=\"https:\/\/www.guhalg.com\/wordpress\/wp-content\/uploads\/Reisen\/2004Aegypten\/Mangrove\/176-steg.jpg\"><img loading=\"lazy\" decoding=\"async\" width=\"1024\" height=\"768\" src=\"https:\/\/www.guhalg.com\/wordpress\/wp-content\/uploads\/Reisen\/2004Aegypten\/Mangrove\/176-steg-1024x768.jpg\" alt=\"Der Steg\" class=\"wp-image-2167\" srcset=\"https:\/\/www.guhalg.com\/wordpress\/wp-content\/uploads\/Reisen\/2004Aegypten\/Mangrove\/176-steg-1024x768.jpg 1024w, https:\/\/www.guhalg.com\/wordpress\/wp-content\/uploads\/Reisen\/2004Aegypten\/Mangrove\/176-steg-300x225.jpg 300w, https:\/\/www.guhalg.com\/wordpress\/wp-content\/uploads\/Reisen\/2004Aegypten\/Mangrove\/176-steg-768x576.jpg 768w, https:\/\/www.guhalg.com\/wordpress\/wp-content\/uploads\/Reisen\/2004Aegypten\/Mangrove\/176-steg-1536x1152.jpg 1536w, https:\/\/www.guhalg.com\/wordpress\/wp-content\/uploads\/Reisen\/2004Aegypten\/Mangrove\/176-steg.jpg 1920w\" sizes=\"auto, (max-width: 1024px) 100vw, 1024px\" \/><\/a><figcaption>Der Steg<\/figcaption><\/figure><\/div>\n<\/div>\n<\/div>\n\n\n\n<p>Und das Haus Riff ist echt der Hammer. Von Kleingetier, wie haarigen Seenadeln bis hin zu Manta, Haien und Rochen, man kann alles in der Bucht und den angrenzenden Riffen sehen. Also haben wir die Woche Tauchen im Mangrove zweigeteilt: Auf der einen Seite sind wir bei den Bootstauchg\u00e4ngen zu den vorgelagerten Riffen gefahren, auf der anderen Seite haben wir das Haus Riff und die damit verbundene freie Zeiteinteilung genossen.<\/p>\n\n\n\n<p>Bei den Hausrifftauchg\u00e4ngen haben dann auch Johannes, den Mann von Claudia, der netten &#8218;Empfangsdame&#8216; kennengelernt. Beide arbeiten im Mangrove als Tauchlehrer und Dive Guide. Das sich hier eine lange, tiefe Freundschaft entwickeln w\u00fcrde, konnte damals noch keiner ahnen &#8211; obwohl &#8211; vielleicht &#8211; wer wei\u00df&#8230;<\/p>\n\n\n\n<div class=\"wp-block-columns is-layout-flex wp-container-core-columns-is-layout-9d6595d7 wp-block-columns-is-layout-flex\">\n<div class=\"wp-block-column is-layout-flow wp-block-column-is-layout-flow\">\n<div class=\"wp-block-image\"><figure class=\"aligncenter size-large\"><a href=\"https:\/\/www.guhalg.com\/wordpress\/wp-content\/uploads\/Reisen\/2004Aegypten\/Mangrove\/171-johannes.jpg\"><img loading=\"lazy\" decoding=\"async\" width=\"1024\" height=\"768\" src=\"https:\/\/www.guhalg.com\/wordpress\/wp-content\/uploads\/Reisen\/2004Aegypten\/Mangrove\/171-johannes-1024x768.jpg\" alt=\"Johannes\" class=\"wp-image-2164\" srcset=\"https:\/\/www.guhalg.com\/wordpress\/wp-content\/uploads\/Reisen\/2004Aegypten\/Mangrove\/171-johannes-1024x768.jpg 1024w, https:\/\/www.guhalg.com\/wordpress\/wp-content\/uploads\/Reisen\/2004Aegypten\/Mangrove\/171-johannes-300x225.jpg 300w, https:\/\/www.guhalg.com\/wordpress\/wp-content\/uploads\/Reisen\/2004Aegypten\/Mangrove\/171-johannes-768x576.jpg 768w, https:\/\/www.guhalg.com\/wordpress\/wp-content\/uploads\/Reisen\/2004Aegypten\/Mangrove\/171-johannes-1536x1152.jpg 1536w, https:\/\/www.guhalg.com\/wordpress\/wp-content\/uploads\/Reisen\/2004Aegypten\/Mangrove\/171-johannes.jpg 1920w\" sizes=\"auto, (max-width: 1024px) 100vw, 1024px\" \/><\/a><figcaption>Johannes<\/figcaption><\/figure><\/div>\n<\/div>\n\n\n\n<div class=\"wp-block-column is-layout-flow wp-block-column-is-layout-flow\">\n<div class=\"wp-block-image\"><figure class=\"aligncenter size-large\"><a href=\"https:\/\/www.guhalg.com\/wordpress\/wp-content\/uploads\/Reisen\/2004Aegypten\/Mangrove\/172-johannes und horst.jpg\"><img loading=\"lazy\" decoding=\"async\" width=\"1024\" height=\"768\" src=\"https:\/\/www.guhalg.com\/wordpress\/wp-content\/uploads\/Reisen\/2004Aegypten\/Mangrove\/172-johannes und horst-1024x768.jpg\" alt=\"Johannes &amp; Horst\" class=\"wp-image-2165\" srcset=\"https:\/\/www.guhalg.com\/wordpress\/wp-content\/uploads\/Reisen\/2004Aegypten\/Mangrove\/172-johannes%20und%20horst-1024x768.jpg 1024w, https:\/\/www.guhalg.com\/wordpress\/wp-content\/uploads\/Reisen\/2004Aegypten\/Mangrove\/172-johannes%20und%20horst-300x225.jpg 300w, https:\/\/www.guhalg.com\/wordpress\/wp-content\/uploads\/Reisen\/2004Aegypten\/Mangrove\/172-johannes%20und%20horst-768x576.jpg 768w, https:\/\/www.guhalg.com\/wordpress\/wp-content\/uploads\/Reisen\/2004Aegypten\/Mangrove\/172-johannes%20und%20horst-1536x1152.jpg 1536w, https:\/\/www.guhalg.com\/wordpress\/wp-content\/uploads\/Reisen\/2004Aegypten\/Mangrove\/172-johannes%20und%20horst.jpg 1920w\" sizes=\"auto, (max-width: 1024px) 100vw, 1024px\" \/><\/a><figcaption>Johannes &amp; Horst<\/figcaption><\/figure><\/div>\n<\/div>\n<\/div>\n\n\n\n<p>Johannes hat uns dann auch den Tipp gegeben, unser Equipment einfach am Steg an die Seite zu stellen. So hat man seine Tauchsachen jederzeit bereit und braucht es sich f\u00fcr die Hausrifftauchg\u00e4nge nicht erst bringen zu lassen. Aber wir waren ja auch mehrere Male auf den Booten unterwegs. Da hie\u00df es zur festgelegten Zeit an der Basis sein, den Sauerstoffgehalt seiner Nitrox Flaschen messen, warten, bis die Tauchsachen zum Steg transportiert und auf dem Tauchboot verstaut sind, und los geht es.<\/p>\n\n\n\n<div class=\"wp-block-columns is-layout-flex wp-container-core-columns-is-layout-9d6595d7 wp-block-columns-is-layout-flex\">\n<div class=\"wp-block-column is-layout-flow wp-block-column-is-layout-flow\">\n<div class=\"wp-block-image\"><figure class=\"aligncenter size-large\"><a href=\"https:\/\/www.guhalg.com\/wordpress\/wp-content\/uploads\/Reisen\/2004Aegypten\/Mangrove\/152-steg.jpg\"><img loading=\"lazy\" decoding=\"async\" width=\"1024\" height=\"768\" src=\"https:\/\/www.guhalg.com\/wordpress\/wp-content\/uploads\/Reisen\/2004Aegypten\/Mangrove\/152-steg-1024x768.jpg\" alt=\"Der Steg\" class=\"wp-image-2158\" srcset=\"https:\/\/www.guhalg.com\/wordpress\/wp-content\/uploads\/Reisen\/2004Aegypten\/Mangrove\/152-steg-1024x768.jpg 1024w, https:\/\/www.guhalg.com\/wordpress\/wp-content\/uploads\/Reisen\/2004Aegypten\/Mangrove\/152-steg-300x225.jpg 300w, https:\/\/www.guhalg.com\/wordpress\/wp-content\/uploads\/Reisen\/2004Aegypten\/Mangrove\/152-steg-768x576.jpg 768w, https:\/\/www.guhalg.com\/wordpress\/wp-content\/uploads\/Reisen\/2004Aegypten\/Mangrove\/152-steg-1536x1152.jpg 1536w, https:\/\/www.guhalg.com\/wordpress\/wp-content\/uploads\/Reisen\/2004Aegypten\/Mangrove\/152-steg.jpg 1920w\" sizes=\"auto, (max-width: 1024px) 100vw, 1024px\" \/><\/a><figcaption>Der Steg<\/figcaption><\/figure><\/div>\n<\/div>\n\n\n\n<div class=\"wp-block-column is-layout-flow wp-block-column-is-layout-flow\">\n<div class=\"wp-block-image\"><figure class=\"aligncenter size-large\"><a href=\"https:\/\/www.guhalg.com\/wordpress\/wp-content\/uploads\/Reisen\/2004Aegypten\/Mangrove\/173-nevin awl.jpg\"><img loading=\"lazy\" decoding=\"async\" width=\"1024\" height=\"768\" src=\"https:\/\/www.guhalg.com\/wordpress\/wp-content\/uploads\/Reisen\/2004Aegypten\/Mangrove\/173-nevin awl-1024x768.jpg\" alt=\"Die Nevin Awl\" class=\"wp-image-2166\" srcset=\"https:\/\/www.guhalg.com\/wordpress\/wp-content\/uploads\/Reisen\/2004Aegypten\/Mangrove\/173-nevin%20awl-1024x768.jpg 1024w, https:\/\/www.guhalg.com\/wordpress\/wp-content\/uploads\/Reisen\/2004Aegypten\/Mangrove\/173-nevin%20awl-300x225.jpg 300w, https:\/\/www.guhalg.com\/wordpress\/wp-content\/uploads\/Reisen\/2004Aegypten\/Mangrove\/173-nevin%20awl-768x576.jpg 768w, https:\/\/www.guhalg.com\/wordpress\/wp-content\/uploads\/Reisen\/2004Aegypten\/Mangrove\/173-nevin%20awl-1536x1152.jpg 1536w, https:\/\/www.guhalg.com\/wordpress\/wp-content\/uploads\/Reisen\/2004Aegypten\/Mangrove\/173-nevin%20awl.jpg 1920w\" sizes=\"auto, (max-width: 1024px) 100vw, 1024px\" \/><\/a><figcaption>Die Nevin Awl<\/figcaption><\/figure><\/div>\n<\/div>\n<\/div>\n\n\n\n<p>Meist waren wir dann nach den Tauchg\u00e4ngen doch recht m\u00fcde, und da es um das Hotel herum nur W\u00fcste gibt und man immer einem Shuttlebus braucht, um etwas au\u00dferhalb des Hotels zu unternehmen, sind wir halt im Hotel geblieben und haben unsere Zeit am Strand und auf der Terrasse verbracht, manchmal unterbrochen mit kleinen Exkursionen zu den Mangroven oder einfach nur durch die Anlage geschlendert und die Aussicht genossen. Nach dem Essen dann vielleicht noch ein wenig gelesen, dann war man aber reif f\u00fcrs Bett.<\/p>\n\n\n\n<div class=\"wp-block-columns is-layout-flex wp-container-core-columns-is-layout-9d6595d7 wp-block-columns-is-layout-flex\">\n<div class=\"wp-block-column is-layout-flow wp-block-column-is-layout-flow\">\n<div class=\"wp-block-image\"><figure class=\"aligncenter size-large\"><a href=\"https:\/\/www.guhalg.com\/wordpress\/wp-content\/uploads\/Reisen\/2004Aegypten\/Mangrove\/091-horst strand.jpg\"><img loading=\"lazy\" decoding=\"async\" width=\"1024\" height=\"768\" src=\"https:\/\/www.guhalg.com\/wordpress\/wp-content\/uploads\/Reisen\/2004Aegypten\/Mangrove\/091-horst strand-1024x768.jpg\" alt=\"Horst am Strand\" class=\"wp-image-2144\" srcset=\"https:\/\/www.guhalg.com\/wordpress\/wp-content\/uploads\/Reisen\/2004Aegypten\/Mangrove\/091-horst%20strand-1024x768.jpg 1024w, https:\/\/www.guhalg.com\/wordpress\/wp-content\/uploads\/Reisen\/2004Aegypten\/Mangrove\/091-horst%20strand-300x225.jpg 300w, https:\/\/www.guhalg.com\/wordpress\/wp-content\/uploads\/Reisen\/2004Aegypten\/Mangrove\/091-horst%20strand-768x576.jpg 768w, https:\/\/www.guhalg.com\/wordpress\/wp-content\/uploads\/Reisen\/2004Aegypten\/Mangrove\/091-horst%20strand-1536x1152.jpg 1536w, https:\/\/www.guhalg.com\/wordpress\/wp-content\/uploads\/Reisen\/2004Aegypten\/Mangrove\/091-horst%20strand.jpg 1920w\" sizes=\"auto, (max-width: 1024px) 100vw, 1024px\" \/><\/a><figcaption>Am Strand<\/figcaption><\/figure><\/div>\n<\/div>\n\n\n\n<div class=\"wp-block-column is-layout-flow wp-block-column-is-layout-flow\">\n<div class=\"wp-block-image\"><figure class=\"aligncenter size-large\"><a href=\"https:\/\/www.guhalg.com\/wordpress\/wp-content\/uploads\/Reisen\/2004Aegypten\/Mangrove\/088-steg mangrove.jpg\"><img loading=\"lazy\" decoding=\"async\" width=\"1024\" height=\"768\" src=\"https:\/\/www.guhalg.com\/wordpress\/wp-content\/uploads\/Reisen\/2004Aegypten\/Mangrove\/088-steg mangrove-1024x768.jpg\" alt=\"Der Steg am Mangrove\" class=\"wp-image-2141\" srcset=\"https:\/\/www.guhalg.com\/wordpress\/wp-content\/uploads\/Reisen\/2004Aegypten\/Mangrove\/088-steg%20mangrove-1024x768.jpg 1024w, https:\/\/www.guhalg.com\/wordpress\/wp-content\/uploads\/Reisen\/2004Aegypten\/Mangrove\/088-steg%20mangrove-300x225.jpg 300w, https:\/\/www.guhalg.com\/wordpress\/wp-content\/uploads\/Reisen\/2004Aegypten\/Mangrove\/088-steg%20mangrove-768x576.jpg 768w, https:\/\/www.guhalg.com\/wordpress\/wp-content\/uploads\/Reisen\/2004Aegypten\/Mangrove\/088-steg%20mangrove-1536x1152.jpg 1536w, https:\/\/www.guhalg.com\/wordpress\/wp-content\/uploads\/Reisen\/2004Aegypten\/Mangrove\/088-steg%20mangrove.jpg 1920w\" sizes=\"auto, (max-width: 1024px) 100vw, 1024px\" \/><\/a><figcaption>Der Steg am Mangrove<\/figcaption><\/figure><\/div>\n<\/div>\n\n\n\n<div class=\"wp-block-column is-layout-flow wp-block-column-is-layout-flow\">\n<div class=\"wp-block-image\"><figure class=\"aligncenter size-large\"><a href=\"https:\/\/www.guhalg.com\/wordpress\/wp-content\/uploads\/Reisen\/2004Aegypten\/Mangrove\/097-bungalow.jpg\"><img loading=\"lazy\" decoding=\"async\" width=\"1024\" height=\"768\" src=\"https:\/\/www.guhalg.com\/wordpress\/wp-content\/uploads\/Reisen\/2004Aegypten\/Mangrove\/097-bungalow-1024x768.jpg\" alt=\"Der Bungalow am Abend\" class=\"wp-image-2146\" srcset=\"https:\/\/www.guhalg.com\/wordpress\/wp-content\/uploads\/Reisen\/2004Aegypten\/Mangrove\/097-bungalow-1024x768.jpg 1024w, https:\/\/www.guhalg.com\/wordpress\/wp-content\/uploads\/Reisen\/2004Aegypten\/Mangrove\/097-bungalow-300x225.jpg 300w, https:\/\/www.guhalg.com\/wordpress\/wp-content\/uploads\/Reisen\/2004Aegypten\/Mangrove\/097-bungalow-768x576.jpg 768w, https:\/\/www.guhalg.com\/wordpress\/wp-content\/uploads\/Reisen\/2004Aegypten\/Mangrove\/097-bungalow-1536x1152.jpg 1536w, https:\/\/www.guhalg.com\/wordpress\/wp-content\/uploads\/Reisen\/2004Aegypten\/Mangrove\/097-bungalow.jpg 1920w\" sizes=\"auto, (max-width: 1024px) 100vw, 1024px\" \/><\/a><figcaption>Der Bungalow am Abend<\/figcaption><\/figure><\/div>\n<\/div>\n<\/div>\n\n\n\n<p>Aber solange es nicht auf die Abendzeit zuging, waren wir so oft es ging im Wasser, schlie\u00dflich waren das Haus Riff und gef\u00fcllte Flaschen immer da. Den einen Nachmittag kam dann Johannes und fragte, ob er sich uns anschlie\u00dfen d\u00fcrfte, er w\u00fcrde gerne tauchen, aber Claudia hatte Stallwache.<\/p>\n\n\n\n<p>Also sind wir zu dritt los, Johannes hat seinen einzigen Hai gesehen und wir haben uns viel unterhalten und vor allem supergut verstanden. Dabei hat er auch ein bisschen von seiner Arbeit als Tauchlehrer erz\u00e4hlt und von privat organisierten Reisen auf die Philippinen.<\/p>\n\n\n\n<p>Von da ab haben wir uns ganz viel mit den beiden unterhalten und sind mehrfach gemeinsam zum Tauchen gegangen, zumindest wenn es die Arbeit der beiden im Mangrove zugelassen hat. Aber so langsam ging auch diese Woche des Urlaubs zu Ende und wir mussten wieder nach Hause.<\/p>\n\n\n\n<p>Diesmal gab es aber schon eine Planung f\u00fcr den n\u00e4chsten Tauchurlaub: mit Claudia und Johannes auf die Philippinen.<\/p>\n\n\n\n<div class=\"wp-block-columns is-layout-flex wp-container-core-columns-is-layout-9d6595d7 wp-block-columns-is-layout-flex\">\n<div class=\"wp-block-column is-layout-flow wp-block-column-is-layout-flow\">\n<div class=\"wp-block-buttons is-layout-flex wp-block-buttons-is-layout-flex\">\n<div class=\"wp-block-button\"><a class=\"wp-block-button__link\" href=\"https:\/\/www.guhalg.com\/wordpress\/?page_id=2137\">Mangrove Bay<\/a><\/div>\n<\/div>\n<\/div>\n\n\n\n<div class=\"wp-block-column is-layout-flow wp-block-column-is-layout-flow\">\n<div class=\"wp-block-buttons is-content-justification-right is-layout-flex wp-block-buttons-is-layout-flex\">\n<div class=\"wp-block-button\"><a class=\"wp-block-button__link\" href=\"https:\/\/www.guhalg.com\/wordpress\/?page_id=2191\">einige Bilder<\/a><\/div>\n<\/div>\n<\/div>\n<\/div>\n","protected":false},"excerpt":{"rendered":"<p>Nachdem wir also unser Zimmer bezogen und uns ein wenig erfrischt hatten, ging es gleich los zur Tauchbasis. Kurz noch die Unterlagen mit Logbuch, Tauchlizenz und Gesundheitszeugnis eingepackt und einfach am Strand lang Richtung Bootssteg. Vorbei an kleinen Mangroventrieben, immer&hellip; <\/p>\n","protected":false},"author":1,"featured_media":0,"parent":2078,"menu_order":5,"comment_status":"closed","ping_status":"closed","template":"","meta":{"footnotes":""},"class_list":["post-2214","page","type-page","status-publish","hentry"],"_links":{"self":[{"href":"https:\/\/www.guhalg.com\/wordpress\/index.php?rest_route=\/wp\/v2\/pages\/2214","targetHints":{"allow":["GET"]}}],"collection":[{"href":"https:\/\/www.guhalg.com\/wordpress\/index.php?rest_route=\/wp\/v2\/pages"}],"about":[{"href":"https:\/\/www.guhalg.com\/wordpress\/index.php?rest_route=\/wp\/v2\/types\/page"}],"author":[{"embeddable":true,"href":"https:\/\/www.guhalg.com\/wordpress\/index.php?rest_route=\/wp\/v2\/users\/1"}],"replies":[{"embeddable":true,"href":"https:\/\/www.guhalg.com\/wordpress\/index.php?rest_route=%2Fwp%2Fv2%2Fcomments&post=2214"}],"version-history":[{"count":13,"href":"https:\/\/www.guhalg.com\/wordpress\/index.php?rest_route=\/wp\/v2\/pages\/2214\/revisions"}],"predecessor-version":[{"id":4817,"href":"https:\/\/www.guhalg.com\/wordpress\/index.php?rest_route=\/wp\/v2\/pages\/2214\/revisions\/4817"}],"up":[{"embeddable":true,"href":"https:\/\/www.guhalg.com\/wordpress\/index.php?rest_route=\/wp\/v2\/pages\/2078"}],"wp:attachment":[{"href":"https:\/\/www.guhalg.com\/wordpress\/index.php?rest_route=%2Fwp%2Fv2%2Fmedia&parent=2214"}],"curies":[{"name":"wp","href":"https:\/\/api.w.org\/{rel}","templated":true}]}}