{"id":2235,"date":"2021-11-17T20:45:18","date_gmt":"2021-11-17T19:45:18","guid":{"rendered":"https:\/\/www.guhalg.com\/wordpress\/?page_id=2235"},"modified":"2021-11-17T21:21:15","modified_gmt":"2021-11-17T20:21:15","slug":"saudi-arabien-2005-2006","status":"publish","type":"page","link":"https:\/\/www.guhalg.com\/wordpress\/?page_id=2235","title":{"rendered":"Saudi Arabien 2005 \/ 2006"},"content":{"rendered":"\n<p>Hallo Taucher,<\/p>\n\n\n\n<p>jeweils im Herbst 2005 und 2006 waren wir auf einer Tauchsafari im Roten Meer. Allerdings nicht, wie so \u00fcblich, \u00fcber \u00c4gypten nach Hurghada oder Marsa Alam und dann aufs Boot, sondern wir sind \u00fcber Saudi Arabien angereist. Da bei uns Saudi Arabien bisher als Reiseland noch v\u00f6llig unbekannt sein d\u00fcrfte, haben wir unsere Eindr\u00fccke zusammengefasst und mit einigen Bildern unterlegt.<\/p>\n\n\n\n<p>F\u00fcr die ersten Informationen \u00fcber Saudi Arabien hier der Link auf Wikipedia (de).<\/p>\n\n\n\n<p><a rel=\"noreferrer noopener\" href=\"http:\/\/de.wikipedia.org\/wiki\/Saudi-Arabien\" target=\"_blank\">Saudi Arabien auf Wikipedia<\/a><\/p>\n\n\n\n<div class=\"wp-block-buttons is-content-justification-right is-layout-flex wp-block-buttons-is-layout-flex\">\n<div class=\"wp-block-button\"><a class=\"wp-block-button__link\" href=\"https:\/\/www.guhalg.com\/wordpress\/?page_id=2238\">Die Anreise<\/a><\/div>\n<\/div>\n","protected":false},"excerpt":{"rendered":"<p>Hallo Taucher, jeweils im Herbst 2005 und 2006 waren wir auf einer Tauchsafari im Roten Meer. Allerdings nicht, wie so \u00fcblich, \u00fcber \u00c4gypten nach Hurghada oder Marsa Alam und dann aufs Boot, sondern wir sind \u00fcber Saudi Arabien angereist. Da&hellip; <\/p>\n","protected":false},"author":1,"featured_media":0,"parent":0,"menu_order":14,"comment_status":"closed","ping_status":"closed","template":"","meta":{"footnotes":""},"class_list":["post-2235","page","type-page","status-publish","hentry"],"_links":{"self":[{"href":"https:\/\/www.guhalg.com\/wordpress\/index.php?rest_route=\/wp\/v2\/pages\/2235","targetHints":{"allow":["GET"]}}],"collection":[{"href":"https:\/\/www.guhalg.com\/wordpress\/index.php?rest_route=\/wp\/v2\/pages"}],"about":[{"href":"https:\/\/www.guhalg.com\/wordpress\/index.php?rest_route=\/wp\/v2\/types\/page"}],"author":[{"embeddable":true,"href":"https:\/\/www.guhalg.com\/wordpress\/index.php?rest_route=\/wp\/v2\/users\/1"}],"replies":[{"embeddable":true,"href":"https:\/\/www.guhalg.com\/wordpress\/index.php?rest_route=%2Fwp%2Fv2%2Fcomments&post=2235"}],"version-history":[{"count":3,"href":"https:\/\/www.guhalg.com\/wordpress\/index.php?rest_route=\/wp\/v2\/pages\/2235\/revisions"}],"predecessor-version":[{"id":2269,"href":"https:\/\/www.guhalg.com\/wordpress\/index.php?rest_route=\/wp\/v2\/pages\/2235\/revisions\/2269"}],"wp:attachment":[{"href":"https:\/\/www.guhalg.com\/wordpress\/index.php?rest_route=%2Fwp%2Fv2%2Fmedia&parent=2235"}],"curies":[{"name":"wp","href":"https:\/\/api.w.org\/{rel}","templated":true}]}}