{"id":2238,"date":"2021-11-17T20:49:31","date_gmt":"2021-11-17T19:49:31","guid":{"rendered":"https:\/\/www.guhalg.com\/wordpress\/?page_id=2238"},"modified":"2021-11-17T21:37:20","modified_gmt":"2021-11-17T20:37:20","slug":"die-anreise","status":"publish","type":"page","link":"https:\/\/www.guhalg.com\/wordpress\/?page_id=2238","title":{"rendered":"Die Anreise"},"content":{"rendered":"\n<p>Die Reise nach Saudi Arabien auf unser Safariboot, die Dream Voyager, erfolgte in mehreren Schritten.  Da war als Erstes die Anreise nach Frankfurt, von den Teilnehmern in Eigenregie zu organisieren. Manche haben sich ins Auto gesetzt, andere hatten einen Zubringerflug oder sind einfach mit der Bahn gefahren. Getroffen haben wir uns dann am Flughafen, beim Einchecken. <\/p>\n\n\n\n<div class=\"wp-block-image\"><figure class=\"aligncenter size-full\"><a href=\"https:\/\/www.guhalg.com\/wordpress\/wp-content\/uploads\/Reisen\/Saudiarabien\/Bericht\/R0013372.jpg\"><img loading=\"lazy\" decoding=\"async\" width=\"800\" height=\"600\" src=\"https:\/\/www.guhalg.com\/wordpress\/wp-content\/uploads\/Reisen\/Saudiarabien\/Bericht\/R0013372.jpg\" alt=\"Flughafen Frankfurt\" class=\"wp-image-2261\" srcset=\"https:\/\/www.guhalg.com\/wordpress\/wp-content\/uploads\/Reisen\/Saudiarabien\/Bericht\/R0013372.jpg 800w, https:\/\/www.guhalg.com\/wordpress\/wp-content\/uploads\/Reisen\/Saudiarabien\/Bericht\/R0013372-300x225.jpg 300w, https:\/\/www.guhalg.com\/wordpress\/wp-content\/uploads\/Reisen\/Saudiarabien\/Bericht\/R0013372-768x576.jpg 768w\" sizes=\"auto, (max-width: 800px) 100vw, 800px\" \/><\/a><figcaption>Flughafen Frankfurt<\/figcaption><\/figure><\/div>\n\n\n\n<p>Von dort brachte uns ein komfortabler Flieger der Saudi Airline \u00fcber Genf nach Jeddah, einem bekannten Flughafen f\u00fcr moslemische Pilger, die nach Mekka und Medina reisen. <\/p>\n\n\n\n<div class=\"wp-block-columns is-layout-flex wp-container-core-columns-is-layout-9d6595d7 wp-block-columns-is-layout-flex\">\n<div class=\"wp-block-column is-layout-flow wp-block-column-is-layout-flow\">\n<div class=\"wp-block-image\"><figure class=\"aligncenter size-full\"><a href=\"https:\/\/www.guhalg.com\/wordpress\/wp-content\/uploads\/Reisen\/Saudiarabien\/Bericht\/PA270005.jpg\"><img loading=\"lazy\" decoding=\"async\" width=\"800\" height=\"600\" src=\"https:\/\/www.guhalg.com\/wordpress\/wp-content\/uploads\/Reisen\/Saudiarabien\/Bericht\/PA270005.jpg\" alt=\"Einstieg in den Flieger\" class=\"wp-image-2256\" srcset=\"https:\/\/www.guhalg.com\/wordpress\/wp-content\/uploads\/Reisen\/Saudiarabien\/Bericht\/PA270005.jpg 800w, https:\/\/www.guhalg.com\/wordpress\/wp-content\/uploads\/Reisen\/Saudiarabien\/Bericht\/PA270005-300x225.jpg 300w, https:\/\/www.guhalg.com\/wordpress\/wp-content\/uploads\/Reisen\/Saudiarabien\/Bericht\/PA270005-768x576.jpg 768w\" sizes=\"auto, (max-width: 800px) 100vw, 800px\" \/><\/a><figcaption>Einstieg in den Flieger<\/figcaption><\/figure><\/div>\n<\/div>\n\n\n\n<div class=\"wp-block-column is-layout-flow wp-block-column-is-layout-flow\">\n<div class=\"wp-block-image\"><figure class=\"aligncenter size-full\"><a href=\"https:\/\/www.guhalg.com\/wordpress\/wp-content\/uploads\/Reisen\/Saudiarabien\/Bericht\/R0013401.jpg\"><img loading=\"lazy\" decoding=\"async\" width=\"800\" height=\"600\" src=\"https:\/\/www.guhalg.com\/wordpress\/wp-content\/uploads\/Reisen\/Saudiarabien\/Bericht\/R0013401.jpg\" alt=\"Viel Platz im FLieger\" class=\"wp-image-2262\" srcset=\"https:\/\/www.guhalg.com\/wordpress\/wp-content\/uploads\/Reisen\/Saudiarabien\/Bericht\/R0013401.jpg 800w, https:\/\/www.guhalg.com\/wordpress\/wp-content\/uploads\/Reisen\/Saudiarabien\/Bericht\/R0013401-300x225.jpg 300w, https:\/\/www.guhalg.com\/wordpress\/wp-content\/uploads\/Reisen\/Saudiarabien\/Bericht\/R0013401-768x576.jpg 768w\" sizes=\"auto, (max-width: 800px) 100vw, 800px\" \/><\/a><figcaption>Viel Platz im FLieger<\/figcaption><\/figure><\/div>\n<\/div>\n<\/div>\n\n\n\n<p>Bemerkenswert an der Airline ist aber nicht nur die komfortable Ausstattung, u.a. mit TFT Bildschirmen an jedem Sitzplatz und dem guten Service. Es wird auch immer die Richtung nach Mekka angezeigt und im hinteren Bereich des Fliegers ist sogar ein kleiner Gebetsraum vorhanden. Diese Anzeige erfolgte aber noch auf alten CRT Bildschirmen.<\/p>\n\n\n\n<div class=\"wp-block-image\"><figure class=\"aligncenter size-full\"><a href=\"https:\/\/www.guhalg.com\/wordpress\/wp-content\/uploads\/Reisen\/Saudiarabien\/Bericht\/R0013409.jpg\"><img loading=\"lazy\" decoding=\"async\" width=\"800\" height=\"600\" src=\"https:\/\/www.guhalg.com\/wordpress\/wp-content\/uploads\/Reisen\/Saudiarabien\/Bericht\/R0013409.jpg\" alt=\"Blick nach Mekka\" class=\"wp-image-2263\" srcset=\"https:\/\/www.guhalg.com\/wordpress\/wp-content\/uploads\/Reisen\/Saudiarabien\/Bericht\/R0013409.jpg 800w, https:\/\/www.guhalg.com\/wordpress\/wp-content\/uploads\/Reisen\/Saudiarabien\/Bericht\/R0013409-300x225.jpg 300w, https:\/\/www.guhalg.com\/wordpress\/wp-content\/uploads\/Reisen\/Saudiarabien\/Bericht\/R0013409-768x576.jpg 768w\" sizes=\"auto, (max-width: 800px) 100vw, 800px\" \/><\/a><figcaption>Blick nach Mekka<\/figcaption><\/figure><\/div>\n\n\n\n<p>Nach dem Ausschecken am Flughafen ging es dann noch in einem Bustransfer nach Al Lith, einem kleinen Milit\u00e4rst\u00fctzpunkt s\u00fcdlich von Jeddah, wo wir dann letztendlich unser Boot f\u00fcr eine Woche in Beschlag nehmen konnten.  Anders als bei den meisten Booten in \u00c4gypten besteht dieses Boot nicht aus Holz, sondern aus Kunststoff. Auch die technische Ausstattung ist bemerkenswert. Von Radar \u00fcber Echolot bis zur GPS Navigation, alles da.<\/p>\n\n\n\n<div class=\"wp-block-columns is-layout-flex wp-container-core-columns-is-layout-9d6595d7 wp-block-columns-is-layout-flex\">\n<div class=\"wp-block-column is-layout-flow wp-block-column-is-layout-flow\">\n<div class=\"wp-block-image\"><figure class=\"aligncenter size-full\"><a href=\"https:\/\/www.guhalg.com\/wordpress\/wp-content\/uploads\/Reisen\/Saudiarabien\/Bericht\/01.11.2005 103053.jpg\"><img loading=\"lazy\" decoding=\"async\" width=\"800\" height=\"600\" src=\"https:\/\/www.guhalg.com\/wordpress\/wp-content\/uploads\/Reisen\/Saudiarabien\/Bericht\/01.11.2005 103053.jpg\" alt=\"Unser Boot bei der Anreise\" class=\"wp-image-2240\" srcset=\"https:\/\/www.guhalg.com\/wordpress\/wp-content\/uploads\/Reisen\/Saudiarabien\/Bericht\/01.11.2005%20103053.jpg 800w, https:\/\/www.guhalg.com\/wordpress\/wp-content\/uploads\/Reisen\/Saudiarabien\/Bericht\/01.11.2005%20103053-300x225.jpg 300w, https:\/\/www.guhalg.com\/wordpress\/wp-content\/uploads\/Reisen\/Saudiarabien\/Bericht\/01.11.2005%20103053-768x576.jpg 768w\" sizes=\"auto, (max-width: 800px) 100vw, 800px\" \/><\/a><figcaption>Unser Boot bei der Anreise<\/figcaption><\/figure><\/div>\n<\/div>\n\n\n\n<div class=\"wp-block-column is-layout-flow wp-block-column-is-layout-flow\">\n<div class=\"wp-block-image\"><figure class=\"aligncenter size-full\"><a href=\"https:\/\/www.guhalg.com\/wordpress\/wp-content\/uploads\/Reisen\/Saudiarabien\/Bericht\/IMAG0153.jpg\"><img loading=\"lazy\" decoding=\"async\" width=\"800\" height=\"600\" src=\"https:\/\/www.guhalg.com\/wordpress\/wp-content\/uploads\/Reisen\/Saudiarabien\/Bericht\/IMAG0153.jpg\" alt=\"Unser Boot\" class=\"wp-image-2247\" srcset=\"https:\/\/www.guhalg.com\/wordpress\/wp-content\/uploads\/Reisen\/Saudiarabien\/Bericht\/IMAG0153.jpg 800w, https:\/\/www.guhalg.com\/wordpress\/wp-content\/uploads\/Reisen\/Saudiarabien\/Bericht\/IMAG0153-300x225.jpg 300w, https:\/\/www.guhalg.com\/wordpress\/wp-content\/uploads\/Reisen\/Saudiarabien\/Bericht\/IMAG0153-768x576.jpg 768w\" sizes=\"auto, (max-width: 800px) 100vw, 800px\" \/><\/a><figcaption>Unser Boot<\/figcaption><\/figure><\/div>\n<\/div>\n<\/div>\n\n\n\n<div class=\"wp-block-columns is-layout-flex wp-container-core-columns-is-layout-9d6595d7 wp-block-columns-is-layout-flex\">\n<div class=\"wp-block-column is-layout-flow wp-block-column-is-layout-flow\">\n<figure class=\"wp-block-image size-full\"><img loading=\"lazy\" decoding=\"async\" width=\"800\" height=\"551\" src=\"https:\/\/www.guhalg.com\/wordpress\/wp-content\/uploads\/Reisen\/Saudiarabien\/Bericht\/PICT2231.jpg\" alt=\"Die Tauchplattform\" class=\"wp-image-2260\" srcset=\"https:\/\/www.guhalg.com\/wordpress\/wp-content\/uploads\/Reisen\/Saudiarabien\/Bericht\/PICT2231.jpg 800w, https:\/\/www.guhalg.com\/wordpress\/wp-content\/uploads\/Reisen\/Saudiarabien\/Bericht\/PICT2231-300x207.jpg 300w, https:\/\/www.guhalg.com\/wordpress\/wp-content\/uploads\/Reisen\/Saudiarabien\/Bericht\/PICT2231-768x529.jpg 768w\" sizes=\"auto, (max-width: 800px) 100vw, 800px\" \/><figcaption>Die Tauchplattform<\/figcaption><\/figure>\n<\/div>\n\n\n\n<div class=\"wp-block-column is-layout-flow wp-block-column-is-layout-flow\">\n<div class=\"wp-block-image\"><figure class=\"aligncenter size-full\"><a href=\"https:\/\/www.guhalg.com\/wordpress\/wp-content\/uploads\/Reisen\/Saudiarabien\/Bericht\/cockpit.jpg\"><img loading=\"lazy\" decoding=\"async\" width=\"800\" height=\"600\" src=\"https:\/\/www.guhalg.com\/wordpress\/wp-content\/uploads\/Reisen\/Saudiarabien\/Bericht\/cockpit.jpg\" alt=\"Das moderne Cockpit\" class=\"wp-image-2243\" srcset=\"https:\/\/www.guhalg.com\/wordpress\/wp-content\/uploads\/Reisen\/Saudiarabien\/Bericht\/cockpit.jpg 800w, https:\/\/www.guhalg.com\/wordpress\/wp-content\/uploads\/Reisen\/Saudiarabien\/Bericht\/cockpit-300x225.jpg 300w, https:\/\/www.guhalg.com\/wordpress\/wp-content\/uploads\/Reisen\/Saudiarabien\/Bericht\/cockpit-768x576.jpg 768w\" sizes=\"auto, (max-width: 800px) 100vw, 800px\" \/><\/a><figcaption>Das moderne Cockpit<\/figcaption><\/figure><\/div>\n<\/div>\n<\/div>\n\n\n\n<div class=\"wp-block-columns is-layout-flex wp-container-core-columns-is-layout-9d6595d7 wp-block-columns-is-layout-flex\">\n<div class=\"wp-block-column is-layout-flow wp-block-column-is-layout-flow\">\n<div class=\"wp-block-buttons is-layout-flex wp-block-buttons-is-layout-flex\">\n<div class=\"wp-block-button\"><a class=\"wp-block-button__link\" href=\"https:\/\/www.guhalg.com\/wordpress\/?page_id=2235\">Saudi Arabien<\/a><\/div>\n<\/div>\n<\/div>\n\n\n\n<div class=\"wp-block-column is-layout-flow wp-block-column-is-layout-flow\">\n<div class=\"wp-block-buttons is-content-justification-right is-layout-flex wp-block-buttons-is-layout-flex\">\n<div class=\"wp-block-button\"><a class=\"wp-block-button__link\" href=\"https:\/\/www.guhalg.com\/wordpress\/?page_id=2277\">Leben an Board<\/a><\/div>\n<\/div>\n<\/div>\n<\/div>\n","protected":false},"excerpt":{"rendered":"<p>Die Reise nach Saudi Arabien auf unser Safariboot, die Dream Voyager, erfolgte in mehreren Schritten. Da war als Erstes die Anreise nach Frankfurt, von den Teilnehmern in Eigenregie zu organisieren. Manche haben sich ins Auto gesetzt, andere hatten einen Zubringerflug&hellip; <\/p>\n","protected":false},"author":1,"featured_media":0,"parent":2235,"menu_order":1,"comment_status":"closed","ping_status":"closed","template":"","meta":{"footnotes":""},"class_list":["post-2238","page","type-page","status-publish","hentry"],"_links":{"self":[{"href":"https:\/\/www.guhalg.com\/wordpress\/index.php?rest_route=\/wp\/v2\/pages\/2238","targetHints":{"allow":["GET"]}}],"collection":[{"href":"https:\/\/www.guhalg.com\/wordpress\/index.php?rest_route=\/wp\/v2\/pages"}],"about":[{"href":"https:\/\/www.guhalg.com\/wordpress\/index.php?rest_route=\/wp\/v2\/types\/page"}],"author":[{"embeddable":true,"href":"https:\/\/www.guhalg.com\/wordpress\/index.php?rest_route=\/wp\/v2\/users\/1"}],"replies":[{"embeddable":true,"href":"https:\/\/www.guhalg.com\/wordpress\/index.php?rest_route=%2Fwp%2Fv2%2Fcomments&post=2238"}],"version-history":[{"count":6,"href":"https:\/\/www.guhalg.com\/wordpress\/index.php?rest_route=\/wp\/v2\/pages\/2238\/revisions"}],"predecessor-version":[{"id":2282,"href":"https:\/\/www.guhalg.com\/wordpress\/index.php?rest_route=\/wp\/v2\/pages\/2238\/revisions\/2282"}],"up":[{"embeddable":true,"href":"https:\/\/www.guhalg.com\/wordpress\/index.php?rest_route=\/wp\/v2\/pages\/2235"}],"wp:attachment":[{"href":"https:\/\/www.guhalg.com\/wordpress\/index.php?rest_route=%2Fwp%2Fv2%2Fmedia&parent=2238"}],"curies":[{"name":"wp","href":"https:\/\/api.w.org\/{rel}","templated":true}]}}