{"id":2277,"date":"2021-11-17T21:34:48","date_gmt":"2021-11-17T20:34:48","guid":{"rendered":"https:\/\/www.guhalg.com\/wordpress\/?page_id=2277"},"modified":"2021-11-19T19:39:59","modified_gmt":"2021-11-19T18:39:59","slug":"leben-an-board","status":"publish","type":"page","link":"https:\/\/www.guhalg.com\/wordpress\/?page_id=2277","title":{"rendered":"Leben an Board"},"content":{"rendered":"\n<p>Ist man erstmal auf einer Tauchsafari unterwegs, reduziert sich das Leben an Bord auf wenige T\u00e4tigkeiten. Insbesondere bei 3-4 Tauchg\u00e4ngen am Tag, der erste startet meistens schon morgens zwischen 7.00 und 8.00 Uhr und der Nachttauchgang endet oft erst um 19.00 Uhr, ist man m\u00fcde und kaputt. Daher ist eine ausgiebige Pflege des Schlafbed\u00fcrfnisses f\u00fcr alle Taucher wichtig. Das bedeutet ein fr\u00fches Schlafengehen abends, aber auch die konsequente Ausnutzung jeder Gelegenheit zur Erholung. <\/p>\n\n\n\n<div class=\"wp-block-columns is-layout-flex wp-container-core-columns-is-layout-9d6595d7 wp-block-columns-is-layout-flex\">\n<div class=\"wp-block-column is-layout-flow wp-block-column-is-layout-flow\">\n<div class=\"wp-block-image\"><figure class=\"aligncenter size-full\"><a href=\"https:\/\/www.guhalg.com\/wordpress\/wp-content\/uploads\/Reisen\/Saudiarabien\/Bericht\/30.10.2005 134718.jpg\"><img loading=\"lazy\" decoding=\"async\" width=\"800\" height=\"600\" src=\"https:\/\/www.guhalg.com\/wordpress\/wp-content\/uploads\/Reisen\/Saudiarabien\/Bericht\/30.10.2005 134718.jpg\" alt=\"erh\u00f6hte Schlafposition\" class=\"wp-image-2242\" srcset=\"https:\/\/www.guhalg.com\/wordpress\/wp-content\/uploads\/Reisen\/Saudiarabien\/Bericht\/30.10.2005%20134718.jpg 800w, https:\/\/www.guhalg.com\/wordpress\/wp-content\/uploads\/Reisen\/Saudiarabien\/Bericht\/30.10.2005%20134718-300x225.jpg 300w, https:\/\/www.guhalg.com\/wordpress\/wp-content\/uploads\/Reisen\/Saudiarabien\/Bericht\/30.10.2005%20134718-768x576.jpg 768w\" sizes=\"auto, (max-width: 800px) 100vw, 800px\" \/><\/a><figcaption>erh\u00f6hte Schlafposition<\/figcaption><\/figure><\/div>\n<\/div>\n\n\n\n<div class=\"wp-block-column is-layout-flow wp-block-column-is-layout-flow\">\n<div class=\"wp-block-image\"><figure class=\"aligncenter size-full\"><a href=\"https:\/\/www.guhalg.com\/wordpress\/wp-content\/uploads\/Reisen\/Saudiarabien\/Bericht\/IMG_1557.jpg\"><img loading=\"lazy\" decoding=\"async\" width=\"800\" height=\"600\" src=\"https:\/\/www.guhalg.com\/wordpress\/wp-content\/uploads\/Reisen\/Saudiarabien\/Bericht\/IMG_1557.jpg\" alt=\"oder auf dem Boden\" class=\"wp-image-2249\" srcset=\"https:\/\/www.guhalg.com\/wordpress\/wp-content\/uploads\/Reisen\/Saudiarabien\/Bericht\/IMG_1557.jpg 800w, https:\/\/www.guhalg.com\/wordpress\/wp-content\/uploads\/Reisen\/Saudiarabien\/Bericht\/IMG_1557-300x225.jpg 300w, https:\/\/www.guhalg.com\/wordpress\/wp-content\/uploads\/Reisen\/Saudiarabien\/Bericht\/IMG_1557-768x576.jpg 768w\" sizes=\"auto, (max-width: 800px) 100vw, 800px\" \/><\/a><figcaption>oder auf dem Boden<\/figcaption><\/figure><\/div>\n<\/div>\n<\/div>\n\n\n\n<div class=\"wp-block-columns is-layout-flex wp-container-core-columns-is-layout-9d6595d7 wp-block-columns-is-layout-flex\">\n<div class=\"wp-block-column is-layout-flow wp-block-column-is-layout-flow\">\n<div class=\"wp-block-image\"><figure class=\"aligncenter size-full\"><a href=\"https:\/\/www.guhalg.com\/wordpress\/wp-content\/uploads\/Reisen\/Saudiarabien\/Bericht\/PB010703.jpg\"><img loading=\"lazy\" decoding=\"async\" width=\"800\" height=\"600\" src=\"https:\/\/www.guhalg.com\/wordpress\/wp-content\/uploads\/Reisen\/Saudiarabien\/Bericht\/PB010703.jpg\" alt=\"eingekuschelt und im Windschutz\" class=\"wp-image-2257\" srcset=\"https:\/\/www.guhalg.com\/wordpress\/wp-content\/uploads\/Reisen\/Saudiarabien\/Bericht\/PB010703.jpg 800w, https:\/\/www.guhalg.com\/wordpress\/wp-content\/uploads\/Reisen\/Saudiarabien\/Bericht\/PB010703-300x225.jpg 300w, https:\/\/www.guhalg.com\/wordpress\/wp-content\/uploads\/Reisen\/Saudiarabien\/Bericht\/PB010703-768x576.jpg 768w\" sizes=\"auto, (max-width: 800px) 100vw, 800px\" \/><\/a><figcaption>eingekuschelt und im Windschutz<\/figcaption><\/figure><\/div>\n<\/div>\n\n\n\n<div class=\"wp-block-column is-layout-flow wp-block-column-is-layout-flow\">\n<div class=\"wp-block-image\"><figure class=\"aligncenter size-full\"><a href=\"https:\/\/www.guhalg.com\/wordpress\/wp-content\/uploads\/Reisen\/Saudiarabien\/Bericht\/PB010705.jpg\"><img loading=\"lazy\" decoding=\"async\" width=\"800\" height=\"600\" src=\"https:\/\/www.guhalg.com\/wordpress\/wp-content\/uploads\/Reisen\/Saudiarabien\/Bericht\/PB010705.jpg\" alt=\"oder voll zugedeckt\" class=\"wp-image-2258\" srcset=\"https:\/\/www.guhalg.com\/wordpress\/wp-content\/uploads\/Reisen\/Saudiarabien\/Bericht\/PB010705.jpg 800w, https:\/\/www.guhalg.com\/wordpress\/wp-content\/uploads\/Reisen\/Saudiarabien\/Bericht\/PB010705-300x225.jpg 300w, https:\/\/www.guhalg.com\/wordpress\/wp-content\/uploads\/Reisen\/Saudiarabien\/Bericht\/PB010705-768x576.jpg 768w\" sizes=\"auto, (max-width: 800px) 100vw, 800px\" \/><\/a><figcaption>oder voll zugedeckt<\/figcaption><\/figure><\/div>\n<\/div>\n<\/div>\n\n\n\n<p>Hier gab es jederzeit und an jedem Ort die M\u00f6glichkeit der Entspannung.  Auch die Crew hat sich diesem Rythmus angepasst, aber vielleicht wollte sie die G\u00e4ste auch nur nicht st\u00f6ren!?! <\/p>\n\n\n\n<div class=\"wp-block-image\"><figure class=\"aligncenter size-full\"><a href=\"https:\/\/www.guhalg.com\/wordpress\/wp-content\/uploads\/Reisen\/Saudiarabien\/Bericht\/01.11.2005 141041.jpg\"><img loading=\"lazy\" decoding=\"async\" width=\"800\" height=\"600\" src=\"https:\/\/www.guhalg.com\/wordpress\/wp-content\/uploads\/Reisen\/Saudiarabien\/Bericht\/01.11.2005 141041.jpg\" alt=\"Die Crew\" class=\"wp-image-2241\" srcset=\"https:\/\/www.guhalg.com\/wordpress\/wp-content\/uploads\/Reisen\/Saudiarabien\/Bericht\/01.11.2005%20141041.jpg 800w, https:\/\/www.guhalg.com\/wordpress\/wp-content\/uploads\/Reisen\/Saudiarabien\/Bericht\/01.11.2005%20141041-300x225.jpg 300w, https:\/\/www.guhalg.com\/wordpress\/wp-content\/uploads\/Reisen\/Saudiarabien\/Bericht\/01.11.2005%20141041-768x576.jpg 768w\" sizes=\"auto, (max-width: 800px) 100vw, 800px\" \/><\/a><figcaption>Die Crew<\/figcaption><\/figure><\/div>\n\n\n\n<p> Aber auch wenn man nicht dem Schlafbed\u00fcrfnis nachgeht, steht die Entspannung mit an oberster Stelle (nach dem Tauchen nat\u00fcrlich)&#8230; <\/p>\n\n\n\n<div class=\"wp-block-columns is-layout-flex wp-container-core-columns-is-layout-9d6595d7 wp-block-columns-is-layout-flex\">\n<div class=\"wp-block-column is-layout-flow wp-block-column-is-layout-flow\">\n<div class=\"wp-block-image\"><figure class=\"aligncenter size-full\"><a href=\"https:\/\/www.guhalg.com\/wordpress\/wp-content\/uploads\/Reisen\/Saudiarabien\/Bericht\/IMAG0181.jpg\"><img loading=\"lazy\" decoding=\"async\" width=\"800\" height=\"600\" src=\"https:\/\/www.guhalg.com\/wordpress\/wp-content\/uploads\/Reisen\/Saudiarabien\/Bericht\/IMAG0181.jpg\" alt=\"schnacken\" class=\"wp-image-2248\" srcset=\"https:\/\/www.guhalg.com\/wordpress\/wp-content\/uploads\/Reisen\/Saudiarabien\/Bericht\/IMAG0181.jpg 800w, https:\/\/www.guhalg.com\/wordpress\/wp-content\/uploads\/Reisen\/Saudiarabien\/Bericht\/IMAG0181-300x225.jpg 300w, https:\/\/www.guhalg.com\/wordpress\/wp-content\/uploads\/Reisen\/Saudiarabien\/Bericht\/IMAG0181-768x576.jpg 768w\" sizes=\"auto, (max-width: 800px) 100vw, 800px\" \/><\/a><figcaption>Schnacken<\/figcaption><\/figure><\/div>\n<\/div>\n\n\n\n<div class=\"wp-block-column is-layout-flow wp-block-column-is-layout-flow\">\n<div class=\"wp-block-image\"><figure class=\"aligncenter size-full\"><a href=\"https:\/\/www.guhalg.com\/wordpress\/wp-content\/uploads\/Reisen\/Saudiarabien\/Bericht\/IMG_3173.jpg\"><img loading=\"lazy\" decoding=\"async\" width=\"800\" height=\"600\" src=\"https:\/\/www.guhalg.com\/wordpress\/wp-content\/uploads\/Reisen\/Saudiarabien\/Bericht\/IMG_3173.jpg\" alt=\"Lesen\" class=\"wp-image-2253\" srcset=\"https:\/\/www.guhalg.com\/wordpress\/wp-content\/uploads\/Reisen\/Saudiarabien\/Bericht\/IMG_3173.jpg 800w, https:\/\/www.guhalg.com\/wordpress\/wp-content\/uploads\/Reisen\/Saudiarabien\/Bericht\/IMG_3173-300x225.jpg 300w, https:\/\/www.guhalg.com\/wordpress\/wp-content\/uploads\/Reisen\/Saudiarabien\/Bericht\/IMG_3173-768x576.jpg 768w\" sizes=\"auto, (max-width: 800px) 100vw, 800px\" \/><\/a><figcaption>Lesen<\/figcaption><\/figure><\/div>\n<\/div>\n\n\n\n<div class=\"wp-block-column is-layout-flow wp-block-column-is-layout-flow\">\n<div class=\"wp-block-image\"><figure class=\"aligncenter size-full\"><a href=\"https:\/\/www.guhalg.com\/wordpress\/wp-content\/uploads\/Reisen\/Saudiarabien\/Bericht\/sonnendeck.jpg\"><img loading=\"lazy\" decoding=\"async\" width=\"800\" height=\"600\" src=\"https:\/\/www.guhalg.com\/wordpress\/wp-content\/uploads\/Reisen\/Saudiarabien\/Bericht\/sonnendeck.jpg\" alt=\"Gruppenkl\u00f6nen\" class=\"wp-image-2265\" srcset=\"https:\/\/www.guhalg.com\/wordpress\/wp-content\/uploads\/Reisen\/Saudiarabien\/Bericht\/sonnendeck.jpg 800w, https:\/\/www.guhalg.com\/wordpress\/wp-content\/uploads\/Reisen\/Saudiarabien\/Bericht\/sonnendeck-300x225.jpg 300w, https:\/\/www.guhalg.com\/wordpress\/wp-content\/uploads\/Reisen\/Saudiarabien\/Bericht\/sonnendeck-768x576.jpg 768w\" sizes=\"auto, (max-width: 800px) 100vw, 800px\" \/><\/a><figcaption>Gruppenkl\u00f6nen<\/figcaption><\/figure><\/div>\n<\/div>\n<\/div>\n\n\n\n<p> &#8230; und selbst wer ein bischen Abgeschiedenheit von der Gruppe sucht, findet noch ein ruhiges Eckchen. <\/p>\n\n\n\n<div class=\"wp-block-image\"><figure class=\"aligncenter size-full\"><a href=\"https:\/\/www.guhalg.com\/wordpress\/wp-content\/uploads\/Reisen\/Saudiarabien\/Bericht\/langnese.jpg\"><img loading=\"lazy\" decoding=\"async\" width=\"800\" height=\"600\" src=\"https:\/\/www.guhalg.com\/wordpress\/wp-content\/uploads\/Reisen\/Saudiarabien\/Bericht\/langnese.jpg\" alt=\"Die ruhige Spitze\" class=\"wp-image-2255\" srcset=\"https:\/\/www.guhalg.com\/wordpress\/wp-content\/uploads\/Reisen\/Saudiarabien\/Bericht\/langnese.jpg 800w, https:\/\/www.guhalg.com\/wordpress\/wp-content\/uploads\/Reisen\/Saudiarabien\/Bericht\/langnese-300x225.jpg 300w, https:\/\/www.guhalg.com\/wordpress\/wp-content\/uploads\/Reisen\/Saudiarabien\/Bericht\/langnese-768x576.jpg 768w\" sizes=\"auto, (max-width: 800px) 100vw, 800px\" \/><\/a><figcaption>Die ruhige Spitze<\/figcaption><\/figure><\/div>\n\n\n\n<p>Einen ganz wichtigen Punkt darf man aber nicht vergessen! Die Mahlzeiten Vor dem Tauchgang, nach dem Tauchgang, der Snack zwischendurch&#8230; <\/p>\n\n\n\n<div class=\"wp-block-columns is-layout-flex wp-container-core-columns-is-layout-9d6595d7 wp-block-columns-is-layout-flex\">\n<div class=\"wp-block-column is-layout-flow wp-block-column-is-layout-flow\">\n<div class=\"wp-block-image\"><figure class=\"aligncenter size-full\"><a href=\"https:\/\/www.guhalg.com\/wordpress\/wp-content\/uploads\/Reisen\/Saudiarabien\/Bericht\/IMG_2854.jpg\"><img loading=\"lazy\" decoding=\"async\" width=\"600\" height=\"800\" src=\"https:\/\/www.guhalg.com\/wordpress\/wp-content\/uploads\/Reisen\/Saudiarabien\/Bericht\/IMG_2854.jpg\" alt=\"Salate\" class=\"wp-image-2250\" srcset=\"https:\/\/www.guhalg.com\/wordpress\/wp-content\/uploads\/Reisen\/Saudiarabien\/Bericht\/IMG_2854.jpg 600w, https:\/\/www.guhalg.com\/wordpress\/wp-content\/uploads\/Reisen\/Saudiarabien\/Bericht\/IMG_2854-225x300.jpg 225w\" sizes=\"auto, (max-width: 600px) 100vw, 600px\" \/><\/a><figcaption>Salate und Teigr\u00f6llchen<\/figcaption><\/figure><\/div>\n<\/div>\n\n\n\n<div class=\"wp-block-column is-layout-flow wp-block-column-is-layout-flow\">\n<div class=\"wp-block-image\"><figure class=\"aligncenter size-full\"><a href=\"https:\/\/www.guhalg.com\/wordpress\/wp-content\/uploads\/Reisen\/Saudiarabien\/Bericht\/PB040900.jpg\"><img loading=\"lazy\" decoding=\"async\" width=\"600\" height=\"800\" src=\"https:\/\/www.guhalg.com\/wordpress\/wp-content\/uploads\/Reisen\/Saudiarabien\/Bericht\/PB040900.jpg\" alt=\"Fisch\" class=\"wp-image-2259\" srcset=\"https:\/\/www.guhalg.com\/wordpress\/wp-content\/uploads\/Reisen\/Saudiarabien\/Bericht\/PB040900.jpg 600w, https:\/\/www.guhalg.com\/wordpress\/wp-content\/uploads\/Reisen\/Saudiarabien\/Bericht\/PB040900-225x300.jpg 225w\" sizes=\"auto, (max-width: 600px) 100vw, 600px\" \/><\/a><figcaption>Fisch und Garnelen<\/figcaption><\/figure><\/div>\n<\/div>\n<\/div>\n\n\n\n<div class=\"wp-block-columns is-layout-flex wp-container-core-columns-is-layout-9d6595d7 wp-block-columns-is-layout-flex\">\n<div class=\"wp-block-column is-layout-flow wp-block-column-is-layout-flow\">\n<div class=\"wp-block-image\"><figure class=\"aligncenter size-full\"><a href=\"https:\/\/www.guhalg.com\/wordpress\/wp-content\/uploads\/Reisen\/Saudiarabien\/Bericht\/IMG_7241.jpg\"><img loading=\"lazy\" decoding=\"async\" width=\"800\" height=\"600\" src=\"https:\/\/www.guhalg.com\/wordpress\/wp-content\/uploads\/Reisen\/Saudiarabien\/Bericht\/IMG_7241.jpg\" alt=\"Fischplatte\" class=\"wp-image-2254\" srcset=\"https:\/\/www.guhalg.com\/wordpress\/wp-content\/uploads\/Reisen\/Saudiarabien\/Bericht\/IMG_7241.jpg 800w, https:\/\/www.guhalg.com\/wordpress\/wp-content\/uploads\/Reisen\/Saudiarabien\/Bericht\/IMG_7241-300x225.jpg 300w, https:\/\/www.guhalg.com\/wordpress\/wp-content\/uploads\/Reisen\/Saudiarabien\/Bericht\/IMG_7241-768x576.jpg 768w\" sizes=\"auto, (max-width: 800px) 100vw, 800px\" \/><\/a><figcaption>Fischplatte<\/figcaption><\/figure><\/div>\n<\/div>\n\n\n\n<div class=\"wp-block-column is-layout-flow wp-block-column-is-layout-flow\">\n<div class=\"wp-block-image\"><figure class=\"aligncenter size-full\"><a href=\"https:\/\/www.guhalg.com\/wordpress\/wp-content\/uploads\/Reisen\/Saudiarabien\/Bericht\/IMG_2855.jpg\"><img loading=\"lazy\" decoding=\"async\" width=\"800\" height=\"600\" src=\"https:\/\/www.guhalg.com\/wordpress\/wp-content\/uploads\/Reisen\/Saudiarabien\/Bericht\/IMG_2855.jpg\" alt=\"ganzer Fisch\" class=\"wp-image-2251\" srcset=\"https:\/\/www.guhalg.com\/wordpress\/wp-content\/uploads\/Reisen\/Saudiarabien\/Bericht\/IMG_2855.jpg 800w, https:\/\/www.guhalg.com\/wordpress\/wp-content\/uploads\/Reisen\/Saudiarabien\/Bericht\/IMG_2855-300x225.jpg 300w, https:\/\/www.guhalg.com\/wordpress\/wp-content\/uploads\/Reisen\/Saudiarabien\/Bericht\/IMG_2855-768x576.jpg 768w\" sizes=\"auto, (max-width: 800px) 100vw, 800px\" \/><\/a><figcaption>ganzer Fisch<\/figcaption><\/figure><\/div>\n<\/div>\n<\/div>\n\n\n\n<p>Und wir nat\u00fcrlich alle immer schnell dabei. Die frische Zubereitung der Speisen und der fangfrische Fisch an Board sorgen in Verbindung mit den Anstrengungen vom Tauchen f\u00fcr eine ausgiebigen Appetit, nein sogar schon gro\u00dfen Hunger.<\/p>\n\n\n\n<div class=\"wp-block-columns is-layout-flex wp-container-core-columns-is-layout-9d6595d7 wp-block-columns-is-layout-flex\">\n<div class=\"wp-block-column is-layout-flow wp-block-column-is-layout-flow\">\n<div class=\"wp-block-image\"><figure class=\"aligncenter size-full\"><a href=\"https:\/\/www.guhalg.com\/wordpress\/wp-content\/uploads\/Reisen\/Saudiarabien\/Bericht\/gruppenbild salon.jpg\"><img loading=\"lazy\" decoding=\"async\" width=\"800\" height=\"600\" src=\"https:\/\/www.guhalg.com\/wordpress\/wp-content\/uploads\/Reisen\/Saudiarabien\/Bericht\/gruppenbild salon.jpg\" alt=\"Beim Essen\" class=\"wp-image-2246\" srcset=\"https:\/\/www.guhalg.com\/wordpress\/wp-content\/uploads\/Reisen\/Saudiarabien\/Bericht\/gruppenbild%20salon.jpg 800w, https:\/\/www.guhalg.com\/wordpress\/wp-content\/uploads\/Reisen\/Saudiarabien\/Bericht\/gruppenbild%20salon-300x225.jpg 300w, https:\/\/www.guhalg.com\/wordpress\/wp-content\/uploads\/Reisen\/Saudiarabien\/Bericht\/gruppenbild%20salon-768x576.jpg 768w\" sizes=\"auto, (max-width: 800px) 100vw, 800px\" \/><\/a><figcaption>Beim Essen<\/figcaption><\/figure><\/div>\n<\/div>\n\n\n\n<div class=\"wp-block-column is-layout-flow wp-block-column-is-layout-flow\">\n<div class=\"wp-block-image\"><figure class=\"aligncenter size-full\"><a href=\"https:\/\/www.guhalg.com\/wordpress\/wp-content\/uploads\/Reisen\/Saudiarabien\/Bericht\/IMG_2941.jpg\"><img loading=\"lazy\" decoding=\"async\" width=\"800\" height=\"600\" src=\"https:\/\/www.guhalg.com\/wordpress\/wp-content\/uploads\/Reisen\/Saudiarabien\/Bericht\/IMG_2941.jpg\" alt=\"und kurz danach\" class=\"wp-image-2252\" srcset=\"https:\/\/www.guhalg.com\/wordpress\/wp-content\/uploads\/Reisen\/Saudiarabien\/Bericht\/IMG_2941.jpg 800w, https:\/\/www.guhalg.com\/wordpress\/wp-content\/uploads\/Reisen\/Saudiarabien\/Bericht\/IMG_2941-300x225.jpg 300w, https:\/\/www.guhalg.com\/wordpress\/wp-content\/uploads\/Reisen\/Saudiarabien\/Bericht\/IMG_2941-768x576.jpg 768w\" sizes=\"auto, (max-width: 800px) 100vw, 800px\" \/><\/a><figcaption>und kurz danach<\/figcaption><\/figure><\/div>\n<\/div>\n<\/div>\n\n\n\n<div class=\"wp-block-columns is-layout-flex wp-container-core-columns-is-layout-9d6595d7 wp-block-columns-is-layout-flex\">\n<div class=\"wp-block-column is-layout-flow wp-block-column-is-layout-flow\">\n<div class=\"wp-block-buttons is-layout-flex wp-block-buttons-is-layout-flex\">\n<div class=\"wp-block-button\"><a class=\"wp-block-button__link\" href=\"https:\/\/www.guhalg.com\/wordpress\/?page_id=2238\">Die Anreise<\/a><\/div>\n<\/div>\n<\/div>\n\n\n\n<div class=\"wp-block-column is-layout-flow wp-block-column-is-layout-flow\">\n<div class=\"wp-block-buttons is-content-justification-right is-layout-flex wp-block-buttons-is-layout-flex\">\n<div class=\"wp-block-button\"><a class=\"wp-block-button__link\" href=\"https:\/\/www.guhalg.com\/wordpress\/?page_id=2288\">Jeddah<\/a><\/div>\n<\/div>\n<\/div>\n<\/div>\n","protected":false},"excerpt":{"rendered":"<p>Ist man erstmal auf einer Tauchsafari unterwegs, reduziert sich das Leben an Bord auf wenige T\u00e4tigkeiten. Insbesondere bei 3-4 Tauchg\u00e4ngen am Tag, der erste startet meistens schon morgens zwischen 7.00 und 8.00 Uhr und der Nachttauchgang endet oft erst um&hellip; <\/p>\n","protected":false},"author":1,"featured_media":0,"parent":2235,"menu_order":2,"comment_status":"closed","ping_status":"closed","template":"","meta":{"footnotes":""},"class_list":["post-2277","page","type-page","status-publish","hentry"],"_links":{"self":[{"href":"https:\/\/www.guhalg.com\/wordpress\/index.php?rest_route=\/wp\/v2\/pages\/2277","targetHints":{"allow":["GET"]}}],"collection":[{"href":"https:\/\/www.guhalg.com\/wordpress\/index.php?rest_route=\/wp\/v2\/pages"}],"about":[{"href":"https:\/\/www.guhalg.com\/wordpress\/index.php?rest_route=\/wp\/v2\/types\/page"}],"author":[{"embeddable":true,"href":"https:\/\/www.guhalg.com\/wordpress\/index.php?rest_route=\/wp\/v2\/users\/1"}],"replies":[{"embeddable":true,"href":"https:\/\/www.guhalg.com\/wordpress\/index.php?rest_route=%2Fwp%2Fv2%2Fcomments&post=2277"}],"version-history":[{"count":5,"href":"https:\/\/www.guhalg.com\/wordpress\/index.php?rest_route=\/wp\/v2\/pages\/2277\/revisions"}],"predecessor-version":[{"id":2531,"href":"https:\/\/www.guhalg.com\/wordpress\/index.php?rest_route=\/wp\/v2\/pages\/2277\/revisions\/2531"}],"up":[{"embeddable":true,"href":"https:\/\/www.guhalg.com\/wordpress\/index.php?rest_route=\/wp\/v2\/pages\/2235"}],"wp:attachment":[{"href":"https:\/\/www.guhalg.com\/wordpress\/index.php?rest_route=%2Fwp%2Fv2%2Fmedia&parent=2277"}],"curies":[{"name":"wp","href":"https:\/\/api.w.org\/{rel}","templated":true}]}}