{"id":2534,"date":"2021-11-19T19:42:08","date_gmt":"2021-11-19T18:42:08","guid":{"rendered":"https:\/\/www.guhalg.com\/wordpress\/?page_id=2534"},"modified":"2021-11-19T20:23:29","modified_gmt":"2021-11-19T19:23:29","slug":"und-das-tauchen-in-saudi-arabien","status":"publish","type":"page","link":"https:\/\/www.guhalg.com\/wordpress\/?page_id=2534","title":{"rendered":"Und das Tauchen in Saudi Arabien"},"content":{"rendered":"\n<p>Jetzt, wo wir euch einige der Unterwasserbilder gezeigt haben noch erg\u00e4nzend ein kleiner Bericht zum Tauchen in Saudi Arabien. Wir sind hier im <a rel=\"noreferrer noopener\" href=\"https:\/\/de.wikipedia.org\/wiki\/Rotes_Meer\" target=\"_blank\">Roten Meer<\/a>. Also alles, was man \u00fcber das Tauchen in \u00c4gypten kennt gilt auch hier &#8211; oder auch nicht?<\/p>\n\n\n\n<p>W\u00e4hrend man in \u00c4gypten seit Jahrzehnten den Tourismus f\u00f6rdert und auch das Tauchen sehr popul\u00e4r vermarktet sieht das in Saudi Arabien v\u00f6llig anders aus. F\u00fcr westliche Touristen stehen seit wenigen Jahren gerademal um die 500 Visa pro Jahr zur Verf\u00fcgung. Mit diesen Visa m\u00f6chte sich das Land \u00f6ffnen und als freundlicher Gastgeber pr\u00e4sentieren. Dabei sind die Tauchsafaries ein willkommener Magnet. Es gibt aktuell drei Safariboote (vor einem Jahr waren es noch zwei) die erstmal nur den Saudis zur Verf\u00fcgung stehen. Kommt allerdings eine Safari f\u00fcr Touristen zu Stande werden die einheimischen Buchungen storniert und die G\u00e4ste bevorzugt. Dazu sollte man wissen, das die Saudis so um das drei- bis vierfache des Preises Zahlen als es f\u00fcr die Touristen angeboten wird. Sicherlich kein Verlustgesch\u00e4ft aber schon politisch getrieben.<\/p>\n\n\n\n<p>\u00c4hnlich wie \u00c4gypten seit Jahrzehnten den Tourismus f\u00f6rdert war dieses in Saudi Arabien genau das Gegenteil. Auch die Nutzung der nat\u00fcrlichen Ressourcen des Meeres ist hier kein Thema. Warum sollte man selber fischen gehen wenn man den Fisch genausogut einkaufen kann?<\/p>\n\n\n\n<p>DIe Auswirkungen auf die Natur kann man nur als ph\u00e4nomenal bezeichen. Keine Riffzerst\u00f6rung durch Tourismus und Fischerrei, keine Abw\u00e4sser im Meer und ungest\u00f6rte Lebensr\u00e4ume.<\/p>\n\n\n\n<p>Das Safariboot f\u00e4hrt bekannte Tauchpl\u00e4tze an und insbesondere f\u00fcr die Nacht werden gesch\u00fctzte Riffe aufgesucht. W\u00e4hrend der Fahrt kommt es aber immer wieder vor, das das <a href=\"https:\/\/de.wikipedia.org\/wiki\/Echolot\">Echolot <\/a>ein Riff anzeigt und die Frage aufkommt: Habt ihr Lust hier zu Tauchen? Keine Ahnung was uns erwwartet und wie die Str\u00f6mung ist. K\u00f6nnte aber sch\u00f6n werden.<\/p>\n\n\n\n<p>Na klar, da waren alle immer mit Schwung und Elan dabei und wir wurden niemals entt\u00e4uscht. Gut, man hat keinen geplanten Tauschgang und kommt irgendwo wieder an die Oberfl\u00e4che &#8211; aber aufgrund der meist nicht vorhandenen Str\u00f6mung kein Problem. Das Zodiac ist uns eh an der Wasseroberfl\u00e4che anhand unserer Luftblasen gefolgt und hat uns direkt nach dem Auftauchen eingesammelt.<\/p>\n\n\n\n<p>Gef\u00fchlt haben wir uns dabei wie kleine Entdecker. Daher gab es auch selten jemanden, der einen Tauchgang ausgelassen hat.<\/p>\n\n\n\n<div class=\"wp-block-buttons is-layout-flex wp-block-buttons-is-layout-flex\">\n<div class=\"wp-block-button\"><a class=\"wp-block-button__link\" href=\"https:\/\/www.guhalg.com\/wordpress\/?page_id=2493\">Einige Bilder<\/a><\/div>\n<\/div>\n","protected":false},"excerpt":{"rendered":"<p>Jetzt, wo wir euch einige der Unterwasserbilder gezeigt haben noch erg\u00e4nzend ein kleiner Bericht zum Tauchen in Saudi Arabien. Wir sind hier im Roten Meer. Also alles, was man \u00fcber das Tauchen in \u00c4gypten kennt gilt auch hier &#8211; oder&hellip; <\/p>\n","protected":false},"author":1,"featured_media":0,"parent":2235,"menu_order":5,"comment_status":"closed","ping_status":"closed","template":"","meta":{"footnotes":""},"class_list":["post-2534","page","type-page","status-publish","hentry"],"_links":{"self":[{"href":"https:\/\/www.guhalg.com\/wordpress\/index.php?rest_route=\/wp\/v2\/pages\/2534","targetHints":{"allow":["GET"]}}],"collection":[{"href":"https:\/\/www.guhalg.com\/wordpress\/index.php?rest_route=\/wp\/v2\/pages"}],"about":[{"href":"https:\/\/www.guhalg.com\/wordpress\/index.php?rest_route=\/wp\/v2\/types\/page"}],"author":[{"embeddable":true,"href":"https:\/\/www.guhalg.com\/wordpress\/index.php?rest_route=\/wp\/v2\/users\/1"}],"replies":[{"embeddable":true,"href":"https:\/\/www.guhalg.com\/wordpress\/index.php?rest_route=%2Fwp%2Fv2%2Fcomments&post=2534"}],"version-history":[{"count":6,"href":"https:\/\/www.guhalg.com\/wordpress\/index.php?rest_route=\/wp\/v2\/pages\/2534\/revisions"}],"predecessor-version":[{"id":2544,"href":"https:\/\/www.guhalg.com\/wordpress\/index.php?rest_route=\/wp\/v2\/pages\/2534\/revisions\/2544"}],"up":[{"embeddable":true,"href":"https:\/\/www.guhalg.com\/wordpress\/index.php?rest_route=\/wp\/v2\/pages\/2235"}],"wp:attachment":[{"href":"https:\/\/www.guhalg.com\/wordpress\/index.php?rest_route=%2Fwp%2Fv2%2Fmedia&parent=2534"}],"curies":[{"name":"wp","href":"https:\/\/api.w.org\/{rel}","templated":true}]}}