{"id":2702,"date":"2021-11-19T21:37:18","date_gmt":"2021-11-19T20:37:18","guid":{"rendered":"https:\/\/www.guhalg.com\/wordpress\/?page_id=2702"},"modified":"2022-02-06T21:16:31","modified_gmt":"2022-02-06T20:16:31","slug":"die-anreise-auf-die-philippinen","status":"publish","type":"page","link":"https:\/\/www.guhalg.com\/wordpress\/?page_id=2702","title":{"rendered":"Die Anreise auf die Philippinen"},"content":{"rendered":"\n<p>Die Reise hat uns so ziemlich auf die andere Seite der Welt gebracht, auf die Philippinen.<\/p>\n\n\n\n<div class=\"wp-block-image\"><figure class=\"aligncenter size-full\"><a href=\"https:\/\/www.guhalg.com\/wordpress\/wp-content\/uploads\/Reisen\/Philippinen2005\/Bericht\/Anreise\/Welt_markiert.jpg\"><img loading=\"lazy\" decoding=\"async\" width=\"1024\" height=\"568\" src=\"https:\/\/www.guhalg.com\/wordpress\/wp-content\/uploads\/Reisen\/Philippinen2005\/Bericht\/Anreise\/Welt_markiert.jpg\" alt=\"Die Zielregion\" class=\"wp-image-2710\" srcset=\"https:\/\/www.guhalg.com\/wordpress\/wp-content\/uploads\/Reisen\/Philippinen2005\/Bericht\/Anreise\/Welt_markiert.jpg 1024w, https:\/\/www.guhalg.com\/wordpress\/wp-content\/uploads\/Reisen\/Philippinen2005\/Bericht\/Anreise\/Welt_markiert-300x166.jpg 300w, https:\/\/www.guhalg.com\/wordpress\/wp-content\/uploads\/Reisen\/Philippinen2005\/Bericht\/Anreise\/Welt_markiert-768x426.jpg 768w\" sizes=\"auto, (max-width: 1024px) 100vw, 1024px\" \/><\/a><figcaption>Die Zielregion<\/figcaption><\/figure><\/div>\n\n\n\n<p>Genau genommen waren wir in Coron, der Hauptstadt der Insel Busuanga.<\/p>\n\n\n\n<div class=\"wp-block-image\"><figure class=\"aligncenter size-full\"><a href=\"https:\/\/www.guhalg.com\/wordpress\/wp-content\/uploads\/Reisen\/Philippinen2005\/Bericht\/Anreise\/Ph_physical_map_markiert.png\"><img loading=\"lazy\" decoding=\"async\" width=\"600\" height=\"940\" src=\"https:\/\/www.guhalg.com\/wordpress\/wp-content\/uploads\/Reisen\/Philippinen2005\/Bericht\/Anreise\/Ph_physical_map_markiert.png\" alt=\"Coron\" class=\"wp-image-2709\" srcset=\"https:\/\/www.guhalg.com\/wordpress\/wp-content\/uploads\/Reisen\/Philippinen2005\/Bericht\/Anreise\/Ph_physical_map_markiert.png 600w, https:\/\/www.guhalg.com\/wordpress\/wp-content\/uploads\/Reisen\/Philippinen2005\/Bericht\/Anreise\/Ph_physical_map_markiert-191x300.png 191w\" sizes=\"auto, (max-width: 600px) 100vw, 600px\" \/><\/a><figcaption>Coron<\/figcaption><\/figure><\/div>\n\n\n\n<p>Aber auch eine benachbarte Insel hat diesen Namen. Hier waren wir in einem kleinen Hotel mit angeschlossener Tauchbasis einquartiert, im Sea Dive Resort und haben meist in Tagestouren die Tauchpl\u00e4tze vor Ort erkundet. Insbesondere die versunkenen Wracks einer japanischen Flotte aus dem 2. Weltkrieg liegen hier in Sporttaucher freundlichen Tiefen. Als kleiner H\u00f6hepunkt war ein 3-Tagestrip zum Apo Reef geplant, konnte aber aufgrund der Wetterlage nicht angetreten werden. Als Ausgleich gab es dann eine drei t\u00e4gige Rundreise um die Insel (Das Leben auf einem kleinen Boot ist eng aber urgem\u00fctlich). Nicht zu vergessen sind auch die hei\u00dfen Thermalquellen zum Entspannen, eine Grotte mit Unterwassereingang und der Vulkansee. So und nun viel Spa\u00df beim St\u00f6bern.<\/p>\n\n\n\n<div class=\"wp-block-columns is-layout-flex wp-container-core-columns-is-layout-9d6595d7 wp-block-columns-is-layout-flex\">\n<div class=\"wp-block-column is-layout-flow wp-block-column-is-layout-flow\">\n<div class=\"wp-block-buttons is-layout-flex wp-block-buttons-is-layout-flex\">\n<div class=\"wp-block-button\"><a class=\"wp-block-button__link\" href=\"https:\/\/www.guhalg.com\/wordpress\/?page_id=2550\">Philippinen 2005 \/ 2006<\/a><\/div>\n<\/div>\n<\/div>\n\n\n\n<div class=\"wp-block-column is-layout-flow wp-block-column-is-layout-flow\">\n<div class=\"wp-block-buttons is-horizontal is-content-justification-right is-layout-flex wp-container-core-buttons-is-layout-ae2fe186 wp-block-buttons-is-layout-flex\">\n<div class=\"wp-block-button\"><a class=\"wp-block-button__link\" href=\"https:\/\/www.guhalg.com\/wordpress\/?page_id=2721\">Anreise und Stop Over<\/a><\/div>\n<\/div>\n<\/div>\n<\/div>\n","protected":false},"excerpt":{"rendered":"<p>Die Reise hat uns so ziemlich auf die andere Seite der Welt gebracht, auf die Philippinen. Genau genommen waren wir in Coron, der Hauptstadt der Insel Busuanga. Aber auch eine benachbarte Insel hat diesen Namen. Hier waren wir in einem&hellip; <\/p>\n","protected":false},"author":1,"featured_media":0,"parent":2550,"menu_order":1,"comment_status":"closed","ping_status":"closed","template":"","meta":{"footnotes":""},"class_list":["post-2702","page","type-page","status-publish","hentry"],"_links":{"self":[{"href":"https:\/\/www.guhalg.com\/wordpress\/index.php?rest_route=\/wp\/v2\/pages\/2702","targetHints":{"allow":["GET"]}}],"collection":[{"href":"https:\/\/www.guhalg.com\/wordpress\/index.php?rest_route=\/wp\/v2\/pages"}],"about":[{"href":"https:\/\/www.guhalg.com\/wordpress\/index.php?rest_route=\/wp\/v2\/types\/page"}],"author":[{"embeddable":true,"href":"https:\/\/www.guhalg.com\/wordpress\/index.php?rest_route=\/wp\/v2\/users\/1"}],"replies":[{"embeddable":true,"href":"https:\/\/www.guhalg.com\/wordpress\/index.php?rest_route=%2Fwp%2Fv2%2Fcomments&post=2702"}],"version-history":[{"count":8,"href":"https:\/\/www.guhalg.com\/wordpress\/index.php?rest_route=\/wp\/v2\/pages\/2702\/revisions"}],"predecessor-version":[{"id":7661,"href":"https:\/\/www.guhalg.com\/wordpress\/index.php?rest_route=\/wp\/v2\/pages\/2702\/revisions\/7661"}],"up":[{"embeddable":true,"href":"https:\/\/www.guhalg.com\/wordpress\/index.php?rest_route=\/wp\/v2\/pages\/2550"}],"wp:attachment":[{"href":"https:\/\/www.guhalg.com\/wordpress\/index.php?rest_route=%2Fwp%2Fv2%2Fmedia&parent=2702"}],"curies":[{"name":"wp","href":"https:\/\/api.w.org\/{rel}","templated":true}]}}