{"id":2721,"date":"2021-11-21T22:13:56","date_gmt":"2021-11-21T21:13:56","guid":{"rendered":"https:\/\/www.guhalg.com\/wordpress\/?page_id=2721"},"modified":"2022-02-06T21:19:27","modified_gmt":"2022-02-06T20:19:27","slug":"anreise-und-stop-over","status":"publish","type":"page","link":"https:\/\/www.guhalg.com\/wordpress\/?page_id=2721","title":{"rendered":"Anreise und Stopp Over"},"content":{"rendered":"\n<p>Die Reise begann f\u00fcr die Teilnehmer in einer selbst organisierten Anreise zum Flughafen nach M\u00fcnchen, von wo aus es gemeinsam mit der Fluggesellschaft Emirates bis zu unserer 1. Zwischenstation nach Dubai weiterging. Der Flughafen dort ist schon beeindruckend, insbesondere der Duty-Free Bereich.<\/p>\n\n\n\n<div class=\"wp-block-image\"><figure class=\"aligncenter size-full\"><a href=\"https:\/\/www.guhalg.com\/wordpress\/wp-content\/uploads\/Reisen\/Philippinen2005\/Bericht\/Anreise\/20050203 - 06 41 38.JPG\"><img loading=\"lazy\" decoding=\"async\" width=\"800\" height=\"600\" src=\"https:\/\/www.guhalg.com\/wordpress\/wp-content\/uploads\/Reisen\/Philippinen2005\/Bericht\/Anreise\/20050203 - 06 41 38.JPG\" alt=\"\u00dcberblick Duty Free\" class=\"wp-image-2685\" srcset=\"https:\/\/www.guhalg.com\/wordpress\/wp-content\/uploads\/Reisen\/Philippinen2005\/Bericht\/Anreise\/20050203%20-%2006%2041%2038.JPG 800w, https:\/\/www.guhalg.com\/wordpress\/wp-content\/uploads\/Reisen\/Philippinen2005\/Bericht\/Anreise\/20050203%20-%2006%2041%2038-300x225.jpg 300w, https:\/\/www.guhalg.com\/wordpress\/wp-content\/uploads\/Reisen\/Philippinen2005\/Bericht\/Anreise\/20050203%20-%2006%2041%2038-768x576.jpg 768w\" sizes=\"auto, (max-width: 800px) 100vw, 800px\" \/><\/a><figcaption>\u00dcberblick Duty Free<\/figcaption><\/figure><\/div>\n\n\n\n<p>Der Flughafen beeindruckt mit einer sehr edlen Ausstattung, die aber auch einen Eindruck von Kitsch (siehe diese goldene Palme) nicht vermeiden kann. Aber es gelingt auf alle F\u00e4lle, mit dem dargestellten Prunk den Reisenden zu beeindrucken. Es macht halt einfach Spa\u00df, durch diesen ganzen Glitzer zu schlendern, w\u00e4hrend man auf seinen Weiterflug wartet. Trotz der Einkaufsm\u00f6glichkeiten ist man aber m\u00fcde und m\u00f6chte eigentlich nur weiter fliegen nach Manila. Nach gut drei Stunden Aufenthalt war es dann wieder soweit. Juhu ab in den Flieger f\u00fcr mehrere Stunden.<\/p>\n\n\n\n<div class=\"wp-block-image\"><figure class=\"aligncenter size-large\"><a href=\"https:\/\/www.guhalg.com\/wordpress\/wp-content\/uploads\/Reisen\/Philippinen2005\/Bericht\/Anreise\/20050203 - 06 46 02.JPG\"><img loading=\"lazy\" decoding=\"async\" width=\"768\" height=\"1024\" src=\"https:\/\/www.guhalg.com\/wordpress\/wp-content\/uploads\/Reisen\/Philippinen2005\/Bericht\/Anreise\/20050203 - 06 46 02-768x1024.jpg\" alt=\"Goldene Palme\" class=\"wp-image-2686\" srcset=\"https:\/\/www.guhalg.com\/wordpress\/wp-content\/uploads\/Reisen\/Philippinen2005\/Bericht\/Anreise\/20050203%20-%2006%2046%2002-768x1024.jpg 768w, https:\/\/www.guhalg.com\/wordpress\/wp-content\/uploads\/Reisen\/Philippinen2005\/Bericht\/Anreise\/20050203%20-%2006%2046%2002-225x300.jpg 225w, https:\/\/www.guhalg.com\/wordpress\/wp-content\/uploads\/Reisen\/Philippinen2005\/Bericht\/Anreise\/20050203%20-%2006%2046%2002.JPG 800w\" sizes=\"auto, (max-width: 768px) 100vw, 768px\" \/><\/a><figcaption>Goldene Palme<\/figcaption><\/figure><\/div>\n\n\n\n<p>So startet denn auch die mittlere Etappe unserer Anreise wieder in einem Flieger von Emirates bis wir nach mehreren Stunden in Manila landen und dort von Claudia und Johannes, den beiden Organisatoren, abgeholt und in unser Hotel gebracht werden. Aber nicht, ohne uns mit einer Flasche Wasser und etwas Bargeld zu versorgen.<\/p>\n\n\n\n<div class=\"wp-block-image\"><figure class=\"aligncenter size-full\"><a href=\"https:\/\/www.guhalg.com\/wordpress\/wp-content\/uploads\/Reisen\/Philippinen2005\/Bericht\/Anreise\/20050204 - 08 32 46.JPG\"><img loading=\"lazy\" decoding=\"async\" width=\"800\" height=\"600\" src=\"https:\/\/www.guhalg.com\/wordpress\/wp-content\/uploads\/Reisen\/Philippinen2005\/Bericht\/Anreise\/20050204 - 08 32 46.JPG\" alt=\"Hotel in Manila\" class=\"wp-image-2693\" srcset=\"https:\/\/www.guhalg.com\/wordpress\/wp-content\/uploads\/Reisen\/Philippinen2005\/Bericht\/Anreise\/20050204%20-%2008%2032%2046.JPG 800w, https:\/\/www.guhalg.com\/wordpress\/wp-content\/uploads\/Reisen\/Philippinen2005\/Bericht\/Anreise\/20050204%20-%2008%2032%2046-300x225.jpg 300w, https:\/\/www.guhalg.com\/wordpress\/wp-content\/uploads\/Reisen\/Philippinen2005\/Bericht\/Anreise\/20050204%20-%2008%2032%2046-768x576.jpg 768w\" sizes=\"auto, (max-width: 800px) 100vw, 800px\" \/><\/a><figcaption>Hotel in Manila<\/figcaption><\/figure><\/div>\n\n\n\n<div class=\"wp-block-columns is-layout-flex wp-container-core-columns-is-layout-9d6595d7 wp-block-columns-is-layout-flex\">\n<div class=\"wp-block-column is-layout-flow wp-block-column-is-layout-flow\">\n<div class=\"wp-block-buttons is-layout-flex wp-block-buttons-is-layout-flex\">\n<div class=\"wp-block-button\"><a class=\"wp-block-button__link\" href=\"https:\/\/www.guhalg.com\/wordpress\/?page_id=2702\">Die Anreise auf die Philippinen<\/a><\/div>\n<\/div>\n<\/div>\n\n\n\n<div class=\"wp-block-column is-layout-flow wp-block-column-is-layout-flow\">\n<div class=\"wp-block-buttons is-horizontal is-content-justification-right is-layout-flex wp-container-core-buttons-is-layout-ae2fe186 wp-block-buttons-is-layout-flex\">\n<div class=\"wp-block-button\"><a class=\"wp-block-button__link\" href=\"https:\/\/www.guhalg.com\/wordpress\/?page_id=2731\">Zwischenstopp in Manila<\/a><\/div>\n<\/div>\n<\/div>\n<\/div>\n","protected":false},"excerpt":{"rendered":"<p>Die Reise begann f\u00fcr die Teilnehmer in einer selbst organisierten Anreise zum Flughafen nach M\u00fcnchen, von wo aus es gemeinsam mit der Fluggesellschaft Emirates bis zu unserer 1. Zwischenstation nach Dubai weiterging. Der Flughafen dort ist schon beeindruckend, insbesondere der&hellip; <\/p>\n","protected":false},"author":1,"featured_media":0,"parent":2550,"menu_order":2,"comment_status":"closed","ping_status":"closed","template":"","meta":{"footnotes":""},"class_list":["post-2721","page","type-page","status-publish","hentry"],"_links":{"self":[{"href":"https:\/\/www.guhalg.com\/wordpress\/index.php?rest_route=\/wp\/v2\/pages\/2721","targetHints":{"allow":["GET"]}}],"collection":[{"href":"https:\/\/www.guhalg.com\/wordpress\/index.php?rest_route=\/wp\/v2\/pages"}],"about":[{"href":"https:\/\/www.guhalg.com\/wordpress\/index.php?rest_route=\/wp\/v2\/types\/page"}],"author":[{"embeddable":true,"href":"https:\/\/www.guhalg.com\/wordpress\/index.php?rest_route=\/wp\/v2\/users\/1"}],"replies":[{"embeddable":true,"href":"https:\/\/www.guhalg.com\/wordpress\/index.php?rest_route=%2Fwp%2Fv2%2Fcomments&post=2721"}],"version-history":[{"count":8,"href":"https:\/\/www.guhalg.com\/wordpress\/index.php?rest_route=\/wp\/v2\/pages\/2721\/revisions"}],"predecessor-version":[{"id":7664,"href":"https:\/\/www.guhalg.com\/wordpress\/index.php?rest_route=\/wp\/v2\/pages\/2721\/revisions\/7664"}],"up":[{"embeddable":true,"href":"https:\/\/www.guhalg.com\/wordpress\/index.php?rest_route=\/wp\/v2\/pages\/2550"}],"wp:attachment":[{"href":"https:\/\/www.guhalg.com\/wordpress\/index.php?rest_route=%2Fwp%2Fv2%2Fmedia&parent=2721"}],"curies":[{"name":"wp","href":"https:\/\/api.w.org\/{rel}","templated":true}]}}