{"id":2737,"date":"2021-11-22T18:37:13","date_gmt":"2021-11-22T17:37:13","guid":{"rendered":"https:\/\/www.guhalg.com\/wordpress\/?page_id=2737"},"modified":"2022-02-06T21:23:51","modified_gmt":"2022-02-06T20:23:51","slug":"weiterreise-nach-coron","status":"publish","type":"page","link":"https:\/\/www.guhalg.com\/wordpress\/?page_id=2737","title":{"rendered":"Weiterreise nach Coron"},"content":{"rendered":"\n<p>Nach einer doch recht kurzen Nacht und einem KLEINEN Fr\u00fchst\u00fcck, hatten wir noch etwas Zeit in Manila. Also ab zum Fris\u00f6r, zur Manik\u00fcre, zur Massage oder einfach der nahegelegen Shopping Mall einen Besuch abstatten. <\/p>\n\n\n\n<div class=\"wp-block-image\"><figure class=\"aligncenter size-full\"><a href=\"https:\/\/www.guhalg.com\/wordpress\/wp-content\/uploads\/Reisen\/Philippinen2005\/Bericht\/Anreise\/20050204 - 06 16 54.JPG\"><img loading=\"lazy\" decoding=\"async\" width=\"800\" height=\"600\" src=\"https:\/\/www.guhalg.com\/wordpress\/wp-content\/uploads\/Reisen\/Philippinen2005\/Bericht\/Anreise\/20050204 - 06 16 54.JPG\" alt=\"Shopping Mall in Manila\" class=\"wp-image-2692\" srcset=\"https:\/\/www.guhalg.com\/wordpress\/wp-content\/uploads\/Reisen\/Philippinen2005\/Bericht\/Anreise\/20050204%20-%2006%2016%2054.JPG 800w, https:\/\/www.guhalg.com\/wordpress\/wp-content\/uploads\/Reisen\/Philippinen2005\/Bericht\/Anreise\/20050204%20-%2006%2016%2054-300x225.jpg 300w, https:\/\/www.guhalg.com\/wordpress\/wp-content\/uploads\/Reisen\/Philippinen2005\/Bericht\/Anreise\/20050204%20-%2006%2016%2054-768x576.jpg 768w\" sizes=\"auto, (max-width: 800px) 100vw, 800px\" \/><\/a><figcaption>Shopping Mall in Manila<\/figcaption><\/figure><\/div>\n\n\n\n<p>Im vorbei Gehen merkt man dann die Touristenatmosph\u00e4re. \u00dcberall Stra\u00dfenverk\u00e4ufer mit allen m\u00f6glichen und unm\u00f6glichen Dingen. Am besten gar nicht beachten und einfach weitergehen und sich \u00fcber die medizinische Versorgung wundern!?! <\/p>\n\n\n\n<div class=\"wp-block-image\"><figure class=\"aligncenter size-full\"><a href=\"https:\/\/www.guhalg.com\/wordpress\/wp-content\/uploads\/Reisen\/Philippinen2005\/Bericht\/Anreise\/20050203 - 19 43 48.JPG\"><img loading=\"lazy\" decoding=\"async\" width=\"800\" height=\"600\" src=\"https:\/\/www.guhalg.com\/wordpress\/wp-content\/uploads\/Reisen\/Philippinen2005\/Bericht\/Anreise\/20050203 - 19 43 48.JPG\" alt=\"Medizinische Versorgung\" class=\"wp-image-2691\" srcset=\"https:\/\/www.guhalg.com\/wordpress\/wp-content\/uploads\/Reisen\/Philippinen2005\/Bericht\/Anreise\/20050203%20-%2019%2043%2048.JPG 800w, https:\/\/www.guhalg.com\/wordpress\/wp-content\/uploads\/Reisen\/Philippinen2005\/Bericht\/Anreise\/20050203%20-%2019%2043%2048-300x225.jpg 300w, https:\/\/www.guhalg.com\/wordpress\/wp-content\/uploads\/Reisen\/Philippinen2005\/Bericht\/Anreise\/20050203%20-%2019%2043%2048-768x576.jpg 768w\" sizes=\"auto, (max-width: 800px) 100vw, 800px\" \/><\/a><figcaption>Medizinische Versorgung<\/figcaption><\/figure><\/div>\n\n\n\n<p>Aber so langsam freut man sich doch auf die Weiterreise nach Coron. Also ab zur F\u00e4hre (fr\u00fch hin, man braucht hier immer etwas Zeit in Reserve), anstellen und warten, das Gep\u00e4ck durchleuchten und von Drogenhunden beschnuppern lassen und dann endlich aufs Schiff&#8230; <\/p>\n\n\n\n<div class=\"wp-block-columns is-layout-flex wp-container-core-columns-is-layout-9d6595d7 wp-block-columns-is-layout-flex\">\n<div class=\"wp-block-column is-layout-flow wp-block-column-is-layout-flow\">\n<div class=\"wp-block-image\"><figure class=\"aligncenter size-full\"><a href=\"https:\/\/www.guhalg.com\/wordpress\/wp-content\/uploads\/Reisen\/Philippinen2005\/Bericht\/Anreise\/20050204 - 09 53 54.JPG\"><img loading=\"lazy\" decoding=\"async\" width=\"800\" height=\"600\" src=\"https:\/\/www.guhalg.com\/wordpress\/wp-content\/uploads\/Reisen\/Philippinen2005\/Bericht\/Anreise\/20050204 - 09 53 54.JPG\" alt=\"Die Drogenhunde\" class=\"wp-image-2694\" srcset=\"https:\/\/www.guhalg.com\/wordpress\/wp-content\/uploads\/Reisen\/Philippinen2005\/Bericht\/Anreise\/20050204%20-%2009%2053%2054.JPG 800w, https:\/\/www.guhalg.com\/wordpress\/wp-content\/uploads\/Reisen\/Philippinen2005\/Bericht\/Anreise\/20050204%20-%2009%2053%2054-300x225.jpg 300w, https:\/\/www.guhalg.com\/wordpress\/wp-content\/uploads\/Reisen\/Philippinen2005\/Bericht\/Anreise\/20050204%20-%2009%2053%2054-768x576.jpg 768w\" sizes=\"auto, (max-width: 800px) 100vw, 800px\" \/><\/a><figcaption>Die Drogenhunde<\/figcaption><\/figure><\/div>\n<\/div>\n\n\n\n<div class=\"wp-block-column is-layout-flow wp-block-column-is-layout-flow\">\n<div class=\"wp-block-image\"><figure class=\"aligncenter size-full\"><a href=\"https:\/\/www.guhalg.com\/wordpress\/wp-content\/uploads\/Reisen\/Philippinen2005\/Bericht\/Anreise\/20050204 - 10 14 02.JPG\"><img loading=\"lazy\" decoding=\"async\" width=\"800\" height=\"600\" src=\"https:\/\/www.guhalg.com\/wordpress\/wp-content\/uploads\/Reisen\/Philippinen2005\/Bericht\/Anreise\/20050204 - 10 14 02.JPG\" alt=\"Die Kabine - eiskalt\" class=\"wp-image-2695\" srcset=\"https:\/\/www.guhalg.com\/wordpress\/wp-content\/uploads\/Reisen\/Philippinen2005\/Bericht\/Anreise\/20050204%20-%2010%2014%2002.JPG 800w, https:\/\/www.guhalg.com\/wordpress\/wp-content\/uploads\/Reisen\/Philippinen2005\/Bericht\/Anreise\/20050204%20-%2010%2014%2002-300x225.jpg 300w, https:\/\/www.guhalg.com\/wordpress\/wp-content\/uploads\/Reisen\/Philippinen2005\/Bericht\/Anreise\/20050204%20-%2010%2014%2002-768x576.jpg 768w\" sizes=\"auto, (max-width: 800px) 100vw, 800px\" \/><\/a><figcaption>Die Kabine &#8211; eiskalt<\/figcaption><\/figure><\/div>\n<\/div>\n<\/div>\n\n\n\n<p>&#8230; um sich in der EISKALTEN 6-er Innenkabine einzurichten. W\u00e4hrend dann einige von uns schon den gem\u00fctlichen Teil des Abends in Angriff genommen haben, mussten einige Taucher noch auf die Schulbank, um die Theorie f\u00fcr den AOWD zu pauken. <\/p>\n\n\n\n<div class=\"wp-block-image\"><figure class=\"aligncenter size-full\"><a href=\"https:\/\/www.guhalg.com\/wordpress\/wp-content\/uploads\/Reisen\/Philippinen2005\/Bericht\/Anreise\/20050204 - 12 12 16.JPG\"><img loading=\"lazy\" decoding=\"async\" width=\"800\" height=\"600\" src=\"https:\/\/www.guhalg.com\/wordpress\/wp-content\/uploads\/Reisen\/Philippinen2005\/Bericht\/Anreise\/20050204 - 12 12 16.JPG\" alt=\"Pauken f\u00fcr den AOWD\" class=\"wp-image-2696\" srcset=\"https:\/\/www.guhalg.com\/wordpress\/wp-content\/uploads\/Reisen\/Philippinen2005\/Bericht\/Anreise\/20050204%20-%2012%2012%2016.JPG 800w, https:\/\/www.guhalg.com\/wordpress\/wp-content\/uploads\/Reisen\/Philippinen2005\/Bericht\/Anreise\/20050204%20-%2012%2012%2016-300x225.jpg 300w, https:\/\/www.guhalg.com\/wordpress\/wp-content\/uploads\/Reisen\/Philippinen2005\/Bericht\/Anreise\/20050204%20-%2012%2012%2016-768x576.jpg 768w\" sizes=\"auto, (max-width: 800px) 100vw, 800px\" \/><\/a><figcaption>Pauken f\u00fcr den AOWD<\/figcaption><\/figure><\/div>\n\n\n\n<div class=\"wp-block-columns is-layout-flex wp-container-core-columns-is-layout-9d6595d7 wp-block-columns-is-layout-flex\">\n<div class=\"wp-block-column is-layout-flow wp-block-column-is-layout-flow\">\n<div class=\"wp-block-buttons is-layout-flex wp-block-buttons-is-layout-flex\">\n<div class=\"wp-block-button\"><a class=\"wp-block-button__link\" href=\"https:\/\/www.guhalg.com\/wordpress\/?page_id=2731\">Zwischenstopp in Manila<\/a><\/div>\n<\/div>\n<\/div>\n\n\n\n<div class=\"wp-block-column is-layout-flow wp-block-column-is-layout-flow\">\n<div class=\"wp-block-buttons is-horizontal is-content-justification-right is-layout-flex wp-container-core-buttons-is-layout-ae2fe186 wp-block-buttons-is-layout-flex\">\n<div class=\"wp-block-button\"><a class=\"wp-block-button__link\" href=\"https:\/\/www.guhalg.com\/wordpress\/?page_id=2746\">Ankunft in Coron<\/a><\/div>\n<\/div>\n<\/div>\n<\/div>\n","protected":false},"excerpt":{"rendered":"<p>Nach einer doch recht kurzen Nacht und einem KLEINEN Fr\u00fchst\u00fcck, hatten wir noch etwas Zeit in Manila. Also ab zum Fris\u00f6r, zur Manik\u00fcre, zur Massage oder einfach der nahegelegen Shopping Mall einen Besuch abstatten. Im vorbei Gehen merkt man dann&hellip; <\/p>\n","protected":false},"author":1,"featured_media":0,"parent":2550,"menu_order":4,"comment_status":"closed","ping_status":"closed","template":"","meta":{"footnotes":""},"class_list":["post-2737","page","type-page","status-publish","hentry"],"_links":{"self":[{"href":"https:\/\/www.guhalg.com\/wordpress\/index.php?rest_route=\/wp\/v2\/pages\/2737","targetHints":{"allow":["GET"]}}],"collection":[{"href":"https:\/\/www.guhalg.com\/wordpress\/index.php?rest_route=\/wp\/v2\/pages"}],"about":[{"href":"https:\/\/www.guhalg.com\/wordpress\/index.php?rest_route=\/wp\/v2\/types\/page"}],"author":[{"embeddable":true,"href":"https:\/\/www.guhalg.com\/wordpress\/index.php?rest_route=\/wp\/v2\/users\/1"}],"replies":[{"embeddable":true,"href":"https:\/\/www.guhalg.com\/wordpress\/index.php?rest_route=%2Fwp%2Fv2%2Fcomments&post=2737"}],"version-history":[{"count":6,"href":"https:\/\/www.guhalg.com\/wordpress\/index.php?rest_route=\/wp\/v2\/pages\/2737\/revisions"}],"predecessor-version":[{"id":7669,"href":"https:\/\/www.guhalg.com\/wordpress\/index.php?rest_route=\/wp\/v2\/pages\/2737\/revisions\/7669"}],"up":[{"embeddable":true,"href":"https:\/\/www.guhalg.com\/wordpress\/index.php?rest_route=\/wp\/v2\/pages\/2550"}],"wp:attachment":[{"href":"https:\/\/www.guhalg.com\/wordpress\/index.php?rest_route=%2Fwp%2Fv2%2Fmedia&parent=2737"}],"curies":[{"name":"wp","href":"https:\/\/api.w.org\/{rel}","templated":true}]}}