{"id":2746,"date":"2021-11-22T20:21:43","date_gmt":"2021-11-22T19:21:43","guid":{"rendered":"https:\/\/www.guhalg.com\/wordpress\/?page_id=2746"},"modified":"2022-02-06T21:25:31","modified_gmt":"2022-02-06T20:25:31","slug":"ankunft-in-coron","status":"publish","type":"page","link":"https:\/\/www.guhalg.com\/wordpress\/?page_id=2746","title":{"rendered":"Ankunft in Coron"},"content":{"rendered":"\n<p>Auch diese Nacht war mal wieder zu kurz (und vor allem zu kalt). Daher waren wir gar nicht so traurig, als der Wecker uns mitten in der Nacht (in 2005 war das so gegen 5.00 Uhr) aus den Tr\u00e4umen riss. Also Schlafsachen wegr\u00e4umen, Sachen zusammensuchen und zusammenpacken. Erstmal noch einen sch\u00f6nen hei\u00dfen Kaffee, bevor man dem Anlegeman\u00f6ver zuschaut. <\/p>\n\n\n\n<div class=\"wp-block-image\"><figure class=\"aligncenter size-full\"><a href=\"https:\/\/www.guhalg.com\/wordpress\/wp-content\/uploads\/Reisen\/Philippinen2005\/Bericht\/Anreise\/20060217 - 23 04 43.jpg\"><img loading=\"lazy\" decoding=\"async\" width=\"800\" height=\"600\" src=\"https:\/\/www.guhalg.com\/wordpress\/wp-content\/uploads\/Reisen\/Philippinen2005\/Bericht\/Anreise\/20060217 - 23 04 43.jpg\" alt=\"Kaffee am Morgen\" class=\"wp-image-2697\" srcset=\"https:\/\/www.guhalg.com\/wordpress\/wp-content\/uploads\/Reisen\/Philippinen2005\/Bericht\/Anreise\/20060217%20-%2023%2004%2043.jpg 800w, https:\/\/www.guhalg.com\/wordpress\/wp-content\/uploads\/Reisen\/Philippinen2005\/Bericht\/Anreise\/20060217%20-%2023%2004%2043-300x225.jpg 300w, https:\/\/www.guhalg.com\/wordpress\/wp-content\/uploads\/Reisen\/Philippinen2005\/Bericht\/Anreise\/20060217%20-%2023%2004%2043-768x576.jpg 768w\" sizes=\"auto, (max-width: 800px) 100vw, 800px\" \/><\/a><figcaption>Kaffee am Morgen<\/figcaption><\/figure><\/div>\n\n\n\n<p>Na ja, der Steg in Coron sieht jetzt nicht unbedingt nach einer Gro\u00dfstadt aus. Aber sehr angenehm ist die Ruhe, mit der hier die Ankunft des Schiffes begleitet wird. Allerdings\u00a0\u00e4ndert sich das rapide, als die Passagiere dann auch aussteigen. \u00dcberall Gewusel und Betriebsamkeit. <\/p>\n\n\n\n<div class=\"wp-block-image\"><figure class=\"aligncenter size-full\"><a href=\"https:\/\/www.guhalg.com\/wordpress\/wp-content\/uploads\/Reisen\/Philippinen2005\/Bericht\/Anreise\/20060217 - 23 31 41.jpg\"><img loading=\"lazy\" decoding=\"async\" width=\"800\" height=\"600\" src=\"https:\/\/www.guhalg.com\/wordpress\/wp-content\/uploads\/Reisen\/Philippinen2005\/Bericht\/Anreise\/20060217 - 23 31 41.jpg\" alt=\"Der Steg in Coron\" class=\"wp-image-2698\" srcset=\"https:\/\/www.guhalg.com\/wordpress\/wp-content\/uploads\/Reisen\/Philippinen2005\/Bericht\/Anreise\/20060217%20-%2023%2031%2041.jpg 800w, https:\/\/www.guhalg.com\/wordpress\/wp-content\/uploads\/Reisen\/Philippinen2005\/Bericht\/Anreise\/20060217%20-%2023%2031%2041-300x225.jpg 300w, https:\/\/www.guhalg.com\/wordpress\/wp-content\/uploads\/Reisen\/Philippinen2005\/Bericht\/Anreise\/20060217%20-%2023%2031%2041-768x576.jpg 768w\" sizes=\"auto, (max-width: 800px) 100vw, 800px\" \/><\/a><figcaption>Der Steg in Coron<\/figcaption><\/figure><\/div>\n\n\n\n<p>Wir sind da dann mitten drin, finden unser Empfangskomitee von der Tauchbasis und werden zu einem Boot geleitet, das uns in unsere Unterkunft f\u00fcr die n\u00e4chsten Wochen&nbsp;bringen soll. Also jetzt nochmal ein letzter Blick zur\u00fcck auf das Boot<\/p>\n\n\n\n<div class=\"wp-block-image\"><figure class=\"aligncenter size-large\"><a href=\"https:\/\/www.guhalg.com\/wordpress\/wp-content\/uploads\/Reisen\/Philippinen2005\/Bericht\/Anreise\/IMG_1659-scaled.jpg\"><img loading=\"lazy\" decoding=\"async\" width=\"1024\" height=\"768\" src=\"https:\/\/www.guhalg.com\/wordpress\/wp-content\/uploads\/Reisen\/Philippinen2005\/Bericht\/Anreise\/IMG_1659-1024x768.jpg\" alt=\"Unser Boot\" class=\"wp-image-2699\" srcset=\"https:\/\/www.guhalg.com\/wordpress\/wp-content\/uploads\/Reisen\/Philippinen2005\/Bericht\/Anreise\/IMG_1659-1024x768.jpg 1024w, https:\/\/www.guhalg.com\/wordpress\/wp-content\/uploads\/Reisen\/Philippinen2005\/Bericht\/Anreise\/IMG_1659-300x225.jpg 300w, https:\/\/www.guhalg.com\/wordpress\/wp-content\/uploads\/Reisen\/Philippinen2005\/Bericht\/Anreise\/IMG_1659-768x576.jpg 768w, https:\/\/www.guhalg.com\/wordpress\/wp-content\/uploads\/Reisen\/Philippinen2005\/Bericht\/Anreise\/IMG_1659-1536x1152.jpg 1536w, https:\/\/www.guhalg.com\/wordpress\/wp-content\/uploads\/Reisen\/Philippinen2005\/Bericht\/Anreise\/IMG_1659-2048x1536.jpg 2048w\" sizes=\"auto, (max-width: 1024px) 100vw, 1024px\" \/><\/a><figcaption>Unsre F\u00e4hre<\/figcaption><\/figure><\/div>\n\n\n\n<p>\u00a0und JUHU&#8230; <\/p>\n\n\n\n<p>Wir sind in Coron.<\/p>\n\n\n\n<div class=\"wp-block-columns is-layout-flex wp-container-core-columns-is-layout-9d6595d7 wp-block-columns-is-layout-flex\">\n<div class=\"wp-block-column is-layout-flow wp-block-column-is-layout-flow\">\n<div class=\"wp-block-buttons is-layout-flex wp-block-buttons-is-layout-flex\">\n<div class=\"wp-block-button\"><a class=\"wp-block-button__link\" href=\"https:\/\/www.guhalg.com\/wordpress\/?page_id=2737\">Weiterreise nach Coron<\/a><\/div>\n<\/div>\n<\/div>\n\n\n\n<div class=\"wp-block-column is-layout-flow wp-block-column-is-layout-flow\">\n<div class=\"wp-block-buttons is-horizontal is-content-justification-right is-layout-flex wp-container-core-buttons-is-layout-ae2fe186 wp-block-buttons-is-layout-flex\">\n<div class=\"wp-block-button\"><a class=\"wp-block-button__link\" href=\"https:\/\/www.guhalg.com\/wordpress\/?page_id=2762\">Abreise Coron<\/a><\/div>\n<\/div>\n<\/div>\n<\/div>\n\n\n\n<div class=\"wp-block-columns is-layout-flex wp-container-core-columns-is-layout-9d6595d7 wp-block-columns-is-layout-flex\"><\/div>\n","protected":false},"excerpt":{"rendered":"<p>Auch diese Nacht war mal wieder zu kurz (und vor allem zu kalt). Daher waren wir gar nicht so traurig, als der Wecker uns mitten in der Nacht (in 2005 war das so gegen 5.00 Uhr) aus den Tr\u00e4umen riss.&hellip; <\/p>\n","protected":false},"author":1,"featured_media":0,"parent":2550,"menu_order":5,"comment_status":"closed","ping_status":"closed","template":"","meta":{"footnotes":""},"class_list":["post-2746","page","type-page","status-publish","hentry"],"_links":{"self":[{"href":"https:\/\/www.guhalg.com\/wordpress\/index.php?rest_route=\/wp\/v2\/pages\/2746","targetHints":{"allow":["GET"]}}],"collection":[{"href":"https:\/\/www.guhalg.com\/wordpress\/index.php?rest_route=\/wp\/v2\/pages"}],"about":[{"href":"https:\/\/www.guhalg.com\/wordpress\/index.php?rest_route=\/wp\/v2\/types\/page"}],"author":[{"embeddable":true,"href":"https:\/\/www.guhalg.com\/wordpress\/index.php?rest_route=\/wp\/v2\/users\/1"}],"replies":[{"embeddable":true,"href":"https:\/\/www.guhalg.com\/wordpress\/index.php?rest_route=%2Fwp%2Fv2%2Fcomments&post=2746"}],"version-history":[{"count":9,"href":"https:\/\/www.guhalg.com\/wordpress\/index.php?rest_route=\/wp\/v2\/pages\/2746\/revisions"}],"predecessor-version":[{"id":7670,"href":"https:\/\/www.guhalg.com\/wordpress\/index.php?rest_route=\/wp\/v2\/pages\/2746\/revisions\/7670"}],"up":[{"embeddable":true,"href":"https:\/\/www.guhalg.com\/wordpress\/index.php?rest_route=\/wp\/v2\/pages\/2550"}],"wp:attachment":[{"href":"https:\/\/www.guhalg.com\/wordpress\/index.php?rest_route=%2Fwp%2Fv2%2Fmedia&parent=2746"}],"curies":[{"name":"wp","href":"https:\/\/api.w.org\/{rel}","templated":true}]}}